{"id":8457,"date":"2024-09-30T17:26:38","date_gmt":"2024-09-30T09:26:38","guid":{"rendered":"https:\/\/qqpets.com\/?post_type=product&#038;p=8457"},"modified":"2024-09-30T17:26:38","modified_gmt":"2024-09-30T09:26:38","slug":"cat-collar-with-bell","status":"publish","type":"product","link":"https:\/\/qqpets.com\/ro\/produs\/cat-collar-with-bell\/","title":{"rendered":"Colier pentru pisici cu clopot"},"content":{"rendered":"<p>Introduce\u021bi combina\u021bia perfect\u0103 de func\u021bionalitate \u0219i mod\u0103 cu Colierul nostru pentru pisici cu clopo\u021bel. Acest accesoriu \u00eenc\u00e2nt\u0103tor este conceput pentru a v\u0103 men\u021bine pisica iubit\u0103 \u00een siguran\u021b\u0103 \u0219i s\u0103n\u0103toas\u0103, ad\u0103ug\u00e2nd \u00een acela\u0219i timp un strop de elegan\u021b\u0103 aspectului s\u0103u zilnic.<\/p>\n<p><strong>Caracteristici principale:<\/strong><\/p>\n<ul>\n<li><strong>Purtare confortabil\u0103:<\/strong> Fabricat\u0103 din materiale u\u0219oare, de \u00eenalt\u0103 calitate, zgarda noastr\u0103 pentru pisici este conceput\u0103 pentru a asigura confortul pisicii dvs. pe tot parcursul zilei, f\u0103r\u0103 a provoca irita\u021bii.<\/li>\n<li><strong>Clopot de siguran\u021b\u0103:<\/strong> Echipat\u0103 cu un clopo\u021bel fermec\u0103tor, aceast\u0103 zgard\u0103 v\u0103 ajut\u0103 s\u0103 monitoriza\u021bi locul \u00een care se afl\u0103 pisica dvs. prin emiterea unui clinchet u\u0219or. Aceast\u0103 caracteristic\u0103 este benefic\u0103 \u00een special pentru pisicile c\u0103rora le place s\u0103 se furi\u0219eze \u0219i s\u0103 exploreze, oferind lini\u0219te proprietarilor.<\/li>\n<li><strong>Design reglabil:<\/strong> U\u0219or de reglat pentru a se potrivi unei game de dimensiuni ale g\u00e2tului, aceast\u0103 zgard\u0103 poate cre\u0219te odat\u0103 cu animalul dvs. de la pisoi la adult. Mecanismul de \u00eenchidere sigur asigur\u0103 c\u0103 zgarda r\u0103m\u00e2ne la locul ei, dar este suficient de u\u0219or de \u00eendep\u0103rtat sau ajustat, dup\u0103 cum este necesar.<\/li>\n<li><strong>Durabil \u0219i lavabil:<\/strong> Fabricat\u0103 pentru a rezista rigorilor vie\u021bii de pisic\u0103, aceast\u0103 zgard\u0103 este at\u00e2t durabil\u0103, c\u00e2t \u0219i u\u0219or de cur\u0103\u021bat, p\u0103str\u00e2ndu-\u0219i aspectul vibrant prin nenum\u0103rate aventuri.<\/li>\n<li><strong>Selec\u021bii elegante:<\/strong> Disponibil \u00een diferite culori \u0219i modele, pute\u021bi alege stilul perfect pentru a se potrivi cu personalitatea pisicii dvs., f\u0103c\u00e2nd-o cea mai elegant\u0103 pisic\u0103 din cartier.<\/li>\n<\/ul>\n<p>Colierul nostru pentru pisici cu clopo\u021bel nu este doar un accesoriu; este un mic detaliu care poate spori semnificativ siguran\u021ba pisicii dvs. \u00een aer liber. Aceasta combin\u0103 caracterul practic cu stilul, fiind un produs esen\u021bial pentru fiecare proprietar de pisic\u0103 care pre\u021buie\u0219te siguran\u021ba \u0219i confortul animalului s\u0103u.<\/p>\n<h5><strong>Colierele cu clopo\u021bei sunt bune pentru pisici?<\/strong><\/h5>\n<p>Colierele cu clopo\u021bei pot fi bune pentru pisici, \u00een special pentru pisicile care tr\u0103iesc \u00een aer liber, deoarece clopo\u021belul ajut\u0103 la alertarea p\u0103s\u0103rilor \u0219i a altor animale s\u0103lbatice cu privire la prezen\u021ba pisicii, reduc\u00e2nd poten\u021bial succesul v\u00e2n\u0103torii.<\/p>\n<h5><strong>Ce \u00eenseamn\u0103 un clopo\u021bel pe zgarda unei pisici?<\/strong><\/h5>\n<p>Clopo\u021belul de pe zgarda pisicii indic\u0103 de obicei c\u0103 pisica este un animal de companie de exterior. Clopo\u021belul ajut\u0103 la urm\u0103rirea mi\u0219c\u0103rilor pisicii \u0219i poate avertiza prada, cum ar fi p\u0103s\u0103rile \u0219i mamiferele mici, de apropierea pisicii.<\/p>\n<h5><strong>Un clopo\u021bel \u00eemi va opri pisica de la v\u00e2n\u0103toare?<\/strong><\/h5>\n<p>Un clopo\u021bel poate s\u0103 nu \u00eempiedice complet o pisic\u0103 s\u0103 v\u00e2neze, dar \u00eei poate reduce \u0219ansele de a prinde prada prin alertarea poten\u021bialelor \u021binte cu sunetul pe m\u0103sur\u0103 ce pisica se mi\u0219c\u0103.<\/p>\n<h5><strong>Ar trebui pisicile s\u0103 poarte coliere tot timpul?<\/strong><\/h5>\n<p>Pisicile care ies \u00een aer liber ar trebui s\u0103 poarte coliere tot timpul din motive de identificare \u0219i siguran\u021b\u0103. Cu toate acestea, asigura\u021bi-v\u0103 c\u0103 zgarda este de tip deta\u0219abil, care se poate desprinde cu u\u0219urin\u021b\u0103 dac\u0103 se prinde de ceva, pentru a preveni r\u0103nile. Este posibil ca pisicile de interior s\u0103 nu fie nevoite s\u0103 poarte zgarda \u00een permanen\u021b\u0103, \u00een func\u021bie de preferin\u021bele proprietarului \u0219i de toleran\u021ba pisicii.<\/p>","protected":false},"excerpt":{"rendered":"<p>Spori\u021bi siguran\u021ba \u0219i stilul pisicii dvs. cu zgarda noastr\u0103 pentru pisici cu clopo\u021bel. Aceast\u0103 zgard\u0103 reglabil\u0103 are o \u00eenchidere sigur\u0103 \u0219i un clopo\u021bel vibrant pentru a v\u0103 ajuta s\u0103 urm\u0103ri\u021bi mi\u0219c\u0103rile animalului dvs. de companie. Fabricat\u0103 din materiale moi \u0219i durabile, asigur\u0103 confort \u0219i longevitate. Clopo\u021belul adaug\u0103 o not\u0103 de fantezie, servind \u00een acela\u0219i timp scopului practic de a alerta p\u0103s\u0103rile \u0219i alte animale s\u0103lbatice, f\u0103c\u00e2ndu-l o alegere perfect\u0103 pentru aventurierii \u00een aer liber sau exploratorii de interior.<\/p>","protected":false},"featured_media":8459,"template":"","meta":[],"product_brand":[],"product_cat":[26],"product_tag":[],"class_list":{"0":"post-8457","1":"product","2":"type-product","3":"status-publish","4":"has-post-thumbnail","6":"product_cat-dog-collar","7":"pa_brand-qqpets","9":"first","10":"instock","11":"shipping-taxable","12":"product-type-simple"},"yoast_head":"<!-- This site is optimized with the Yoast SEO plugin v26.6 - https:\/\/yoast.com\/wordpress\/plugins\/seo\/ -->\n<title>Cat Collar With Bell | QQPETS<\/title>\n<meta name=\"description\" content=\"Charming Cat Collar with Bell, designed for safety and style, perfect for your feline friend.\" \/>\n<meta name=\"robots\" content=\"index, follow, max-snippet:-1, max-image-preview:large, max-video-preview:-1\" \/>\n<link rel=\"canonical\" href=\"https:\/\/qqpets.com\/ro\/produs\/cat-collar-with-bell\/\" \/>\n<meta property=\"og:locale\" content=\"ro_RO\" \/>\n<meta property=\"og:type\" content=\"article\" \/>\n<meta property=\"og:title\" content=\"Cat Collar With Bell | QQPETS\" \/>\n<meta property=\"og:description\" content=\"Charming Cat Collar with Bell, designed for safety and style, perfect for your feline friend.\" \/>\n<meta property=\"og:url\" content=\"https:\/\/qqpets.com\/ro\/produs\/cat-collar-with-bell\/\" \/>\n<meta property=\"og:site_name\" content=\"QQPETS\" \/>\n<meta property=\"article:publisher\" content=\"https:\/\/www.facebook.com\/QQpetsdogcollars\" \/>\n<meta property=\"og:image\" content=\"https:\/\/qqpets.com\/wp-content\/uploads\/2024\/09\/cat-collar-with-bell1.webp\" \/>\n\t<meta property=\"og:image:width\" content=\"800\" \/>\n\t<meta property=\"og:image:height\" content=\"800\" \/>\n\t<meta property=\"og:image:type\" content=\"image\/webp\" \/>\n<meta name=\"twitter:card\" content=\"summary_large_image\" \/>\n<meta name=\"twitter:label1\" content=\"Timp estimat pentru citire\" \/>\n\t<meta name=\"twitter:data1\" content=\"3 minute\" \/>\n<script type=\"application\/ld+json\" class=\"yoast-schema-graph\">{\"@context\":\"https:\/\/schema.org\",\"@graph\":[{\"@type\":\"WebPage\",\"@id\":\"https:\/\/qqpets.com\/product\/cat-collar-with-bell\/\",\"url\":\"https:\/\/qqpets.com\/product\/cat-collar-with-bell\/\",\"name\":\"Cat Collar With Bell | QQPETS\",\"isPartOf\":{\"@id\":\"https:\/\/qqpets.com\/#website\"},\"primaryImageOfPage\":{\"@id\":\"https:\/\/qqpets.com\/product\/cat-collar-with-bell\/#primaryimage\"},\"image\":{\"@id\":\"https:\/\/qqpets.com\/product\/cat-collar-with-bell\/#primaryimage\"},\"thumbnailUrl\":\"https:\/\/qqpets.com\/wp-content\/uploads\/2024\/09\/cat-collar-with-bell1.webp\",\"datePublished\":\"2024-09-30T09:26:38+00:00\",\"description\":\"Charming Cat Collar with Bell, designed for safety and style, perfect for your feline friend.\",\"breadcrumb\":{\"@id\":\"https:\/\/qqpets.com\/product\/cat-collar-with-bell\/#breadcrumb\"},\"inLanguage\":\"ro-RO\",\"potentialAction\":[{\"@type\":\"ReadAction\",\"target\":[\"https:\/\/qqpets.com\/product\/cat-collar-with-bell\/\"]}]},{\"@type\":\"ImageObject\",\"inLanguage\":\"ro-RO\",\"@id\":\"https:\/\/qqpets.com\/product\/cat-collar-with-bell\/#primaryimage\",\"url\":\"https:\/\/qqpets.com\/wp-content\/uploads\/2024\/09\/cat-collar-with-bell1.webp\",\"contentUrl\":\"https:\/\/qqpets.com\/wp-content\/uploads\/2024\/09\/cat-collar-with-bell1.webp\",\"width\":800,\"height\":800},{\"@type\":\"BreadcrumbList\",\"@id\":\"https:\/\/qqpets.com\/product\/cat-collar-with-bell\/#breadcrumb\",\"itemListElement\":[{\"@type\":\"ListItem\",\"position\":1,\"name\":\"Home\",\"item\":\"https:\/\/qqpets.com\/\"},{\"@type\":\"ListItem\",\"position\":2,\"name\":\"Products\",\"item\":\"https:\/\/qqpets.com\/pet-products-manufacturer\/\"},{\"@type\":\"ListItem\",\"position\":3,\"name\":\"Cat Collar With Bell\"}]},{\"@type\":\"WebSite\",\"@id\":\"https:\/\/qqpets.com\/#website\",\"url\":\"https:\/\/qqpets.com\/\",\"name\":\"QQPETS\",\"description\":\"QQPETS is a pet products factory for dog harnesses, dog collars, dog leashes and dog accessories with professional customized service since 2005.\",\"publisher\":{\"@id\":\"https:\/\/qqpets.com\/#organization\"},\"potentialAction\":[{\"@type\":\"SearchAction\",\"target\":{\"@type\":\"EntryPoint\",\"urlTemplate\":\"https:\/\/qqpets.com\/?s={search_term_string}\"},\"query-input\":{\"@type\":\"PropertyValueSpecification\",\"valueRequired\":true,\"valueName\":\"search_term_string\"}}],\"inLanguage\":\"ro-RO\"},{\"@type\":\"Organization\",\"@id\":\"https:\/\/qqpets.com\/#organization\",\"name\":\"QQPETS\",\"url\":\"https:\/\/qqpets.com\/\",\"logo\":{\"@type\":\"ImageObject\",\"inLanguage\":\"ro-RO\",\"@id\":\"https:\/\/qqpets.com\/#\/schema\/logo\/image\/\",\"url\":\"https:\/\/qqpets.com\/wp-content\/uploads\/2023\/09\/cropped-cropped-qqpets-tiktok.jpg\",\"contentUrl\":\"https:\/\/qqpets.com\/wp-content\/uploads\/2023\/09\/cropped-cropped-qqpets-tiktok.jpg\",\"width\":511,\"height\":511,\"caption\":\"QQPETS\"},\"image\":{\"@id\":\"https:\/\/qqpets.com\/#\/schema\/logo\/image\/\"},\"sameAs\":[\"https:\/\/www.facebook.com\/QQpetsdogcollars\",\"https:\/\/www.instagram.com\/qqpetscollar\/\",\"https:\/\/www.pinterest.com\/qqpetsdogcollarsfactory\/\"]}]}<\/script>\n<!-- \/ Yoast SEO plugin. -->","yoast_head_json":{"title":"Colier pentru pisici cu clopot | QQPETS","description":"Colier fermec\u0103tor pentru pisici cu clopo\u021bel, proiectat pentru siguran\u021b\u0103 \u0219i stil, perfect pentru prietenul t\u0103u felin.","robots":{"index":"index","follow":"follow","max-snippet":"max-snippet:-1","max-image-preview":"max-image-preview:large","max-video-preview":"max-video-preview:-1"},"canonical":"https:\/\/qqpets.com\/ro\/produs\/cat-collar-with-bell\/","og_locale":"ro_RO","og_type":"article","og_title":"Cat Collar With Bell | QQPETS","og_description":"Charming Cat Collar with Bell, designed for safety and style, perfect for your feline friend.","og_url":"https:\/\/qqpets.com\/ro\/produs\/cat-collar-with-bell\/","og_site_name":"QQPETS","article_publisher":"https:\/\/www.facebook.com\/QQpetsdogcollars","og_image":[{"width":800,"height":800,"url":"https:\/\/qqpets.com\/wp-content\/uploads\/2024\/09\/cat-collar-with-bell1.webp","type":"image\/webp"}],"twitter_card":"summary_large_image","twitter_misc":{"Timp estimat pentru citire":"3 minute"},"schema":{"@context":"https:\/\/schema.org","@graph":[{"@type":"WebPage","@id":"https:\/\/qqpets.com\/product\/cat-collar-with-bell\/","url":"https:\/\/qqpets.com\/product\/cat-collar-with-bell\/","name":"Colier pentru pisici cu clopot | QQPETS","isPartOf":{"@id":"https:\/\/qqpets.com\/#website"},"primaryImageOfPage":{"@id":"https:\/\/qqpets.com\/product\/cat-collar-with-bell\/#primaryimage"},"image":{"@id":"https:\/\/qqpets.com\/product\/cat-collar-with-bell\/#primaryimage"},"thumbnailUrl":"https:\/\/qqpets.com\/wp-content\/uploads\/2024\/09\/cat-collar-with-bell1.webp","datePublished":"2024-09-30T09:26:38+00:00","description":"Colier fermec\u0103tor pentru pisici cu clopo\u021bel, proiectat pentru siguran\u021b\u0103 \u0219i stil, perfect pentru prietenul t\u0103u felin.","breadcrumb":{"@id":"https:\/\/qqpets.com\/product\/cat-collar-with-bell\/#breadcrumb"},"inLanguage":"ro-RO","potentialAction":[{"@type":"ReadAction","target":["https:\/\/qqpets.com\/product\/cat-collar-with-bell\/"]}]},{"@type":"ImageObject","inLanguage":"ro-RO","@id":"https:\/\/qqpets.com\/product\/cat-collar-with-bell\/#primaryimage","url":"https:\/\/qqpets.com\/wp-content\/uploads\/2024\/09\/cat-collar-with-bell1.webp","contentUrl":"https:\/\/qqpets.com\/wp-content\/uploads\/2024\/09\/cat-collar-with-bell1.webp","width":800,"height":800},{"@type":"BreadcrumbList","@id":"https:\/\/qqpets.com\/product\/cat-collar-with-bell\/#breadcrumb","itemListElement":[{"@type":"ListItem","position":1,"name":"Home","item":"https:\/\/qqpets.com\/"},{"@type":"ListItem","position":2,"name":"Products","item":"https:\/\/qqpets.com\/pet-products-manufacturer\/"},{"@type":"ListItem","position":3,"name":"Cat Collar With Bell"}]},{"@type":"WebSite","@id":"https:\/\/qqpets.com\/#website","url":"https:\/\/qqpets.com\/","name":"QQPETS","description":"QQPETS este o fabric\u0103 de produse pentru animale de companie pentru hamuri pentru c\u00e2ini, gulere pentru c\u00e2ini, lese pentru c\u00e2ini \u0219i accesorii pentru c\u00e2ini cu servicii profesionale personalizate din 2005.","publisher":{"@id":"https:\/\/qqpets.com\/#organization"},"potentialAction":[{"@type":"SearchAction","target":{"@type":"EntryPoint","urlTemplate":"https:\/\/qqpets.com\/?s={search_term_string}"},"query-input":{"@type":"PropertyValueSpecification","valueRequired":true,"valueName":"search_term_string"}}],"inLanguage":"ro-RO"},{"@type":"Organization","@id":"https:\/\/qqpets.com\/#organization","name":"QQPETS","url":"https:\/\/qqpets.com\/","logo":{"@type":"ImageObject","inLanguage":"ro-RO","@id":"https:\/\/qqpets.com\/#\/schema\/logo\/image\/","url":"https:\/\/qqpets.com\/wp-content\/uploads\/2023\/09\/cropped-cropped-qqpets-tiktok.jpg","contentUrl":"https:\/\/qqpets.com\/wp-content\/uploads\/2023\/09\/cropped-cropped-qqpets-tiktok.jpg","width":511,"height":511,"caption":"QQPETS"},"image":{"@id":"https:\/\/qqpets.com\/#\/schema\/logo\/image\/"},"sameAs":["https:\/\/www.facebook.com\/QQpetsdogcollars","https:\/\/www.instagram.com\/qqpetscollar\/","https:\/\/www.pinterest.com\/qqpetsdogcollarsfactory\/"]}]}},"_links":{"self":[{"href":"https:\/\/qqpets.com\/ro\/wp-json\/wp\/v2\/product\/8457","targetHints":{"allow":["GET"]}}],"collection":[{"href":"https:\/\/qqpets.com\/ro\/wp-json\/wp\/v2\/product"}],"about":[{"href":"https:\/\/qqpets.com\/ro\/wp-json\/wp\/v2\/types\/product"}],"wp:featuredmedia":[{"embeddable":true,"href":"https:\/\/qqpets.com\/ro\/wp-json\/wp\/v2\/media\/8459"}],"wp:attachment":[{"href":"https:\/\/qqpets.com\/ro\/wp-json\/wp\/v2\/media?parent=8457"}],"wp:term":[{"taxonomy":"product_brand","embeddable":true,"href":"https:\/\/qqpets.com\/ro\/wp-json\/wp\/v2\/product_brand?post=8457"},{"taxonomy":"product_cat","embeddable":true,"href":"https:\/\/qqpets.com\/ro\/wp-json\/wp\/v2\/product_cat?post=8457"},{"taxonomy":"product_tag","embeddable":true,"href":"https:\/\/qqpets.com\/ro\/wp-json\/wp\/v2\/product_tag?post=8457"}],"curies":[{"name":"wp","href":"https:\/\/api.w.org\/{rel}","templated":true}]}}