{"id":8636,"date":"2024-10-17T10:34:30","date_gmt":"2024-10-17T02:34:30","guid":{"rendered":"https:\/\/qqpets.com\/?post_type=product&#038;p=8636"},"modified":"2024-11-14T11:46:25","modified_gmt":"2024-11-14T03:46:25","slug":"dog-tennis-ball","status":"publish","type":"product","link":"https:\/\/qqpets.com\/ro\/produs\/dog-tennis-ball\/","title":{"rendered":"Minge de tenis pentru c\u00e2ini"},"content":{"rendered":"<p>V\u0103 prezent\u0103m cea mai bun\u0103 selec\u021bie pentru companiile care doresc s\u0103 \u00ee\u0219i sporeasc\u0103 prezen\u021ba m\u0103rcii \u00een industria animalelor de companie: mingile noastre de tenis personalizabile pentru c\u00e2ini. Fiecare minge este construit\u0103 cu un miez din cauciuc rezistent \u0219i un exterior din p\u00e2sl\u0103 moale, asigur\u00e2nd longevitatea \u0219i o atingere delicat\u0103 a din\u021bilor \u0219i gingiilor animalului dvs. de companie. Amestecul nostru unic de materiale nu numai c\u0103 le face rezistente \u0219i impermeabile, dar permite \u0219i imprimarea personalizat\u0103 vibrant\u0103 \u0219i durabil\u0103 a logo-ului sau designului dvs.<\/p>\n<p><strong>Caracteristici principale:<\/strong><\/p>\n<ul>\n<li><strong>Durabilitate<\/strong>: Construite cu o vezic\u0103 groas\u0103 de cauciuc \u0219i acoperite cu p\u00e2sl\u0103 de \u00eenalt\u0103 calitate, aceste mingi sunt proiectate s\u0103 reziste la fiecare c\u0103utare, aruncare \u0219i joc.<\/li>\n<li><strong>Personalizare<\/strong>: Oferi\u021bi un instrument de marketing unic prin personalizarea acestor mingi de tenis cu logo-ul companiei dvs., sloganuri sau orice model dori\u021bi. Excelente pentru evenimente corporative, cadouri sau marf\u0103 pentru magazinele de animale.<\/li>\n<li><strong>Siguran\u021ba \u00eenainte de toate<\/strong>: Fabricat din materiale non-abrazive care sunt bl\u00e2nde cu din\u021bii \u0219i gingiile, asigur\u00e2nd o joac\u0103 sigur\u0103.<\/li>\n<li><strong>Vizibilitate<\/strong>: Disponibile \u00eentr-o gam\u0103 de culori luminoase pentru a v\u0103 asigura c\u0103 sunt u\u0219or de g\u0103sit, indiferent dac\u0103 v\u0103 juca\u021bi \u00een parc sau \u00een curtea din spate.<\/li>\n<li><strong>Utilizare versatil\u0103<\/strong>: Perfect pentru dresaj, jocuri fetch sau pur \u0219i simplu pentru a oferi clien\u021bilor dvs. cu patru picioare un motiv s\u0103 r\u0103m\u00e2n\u0103 activi \u0219i ferici\u021bi.<\/li>\n<\/ul>\n<p><strong>Ideal pentru utilizarea \u00een afaceri:<\/strong> Personalizate pentru promo\u021bii de marc\u0103, mingile noastre de tenis pentru c\u00e2ini pot servi ca un excelent cadou promo\u021bional care v\u0103 men\u021bine marca la vedere. Impresiona\u021bi clien\u021bii cu un produs grijuliu, distractiv \u0219i practic, care aduce bucurie clien\u021bilor lor de\u021bin\u0103tori de animale de companie.<\/p>\n<p>Comanda\u021bi acum \u0219i oferi\u021bi eforturilor dvs. promo\u021bionale un impuls juc\u0103u\u0219 \u0219i captivant cu mingile noastre de tenis pentru c\u00e2ini personalizabile. Echipa\u021bi-v\u0103 afacerea cu un produs care reflect\u0103 calitatea, distrac\u021bia \u0219i pasiunea pentru animalele de companie.<\/p>\n<h5>\u00centreb\u0103ri frecvente despre Dog Tennis Ball<\/h5>\n<ul>\n<li data-immersive-translate-walked=\"9ff19424-33db-446d-ad13-30d4deb7ee4f\">\n<p data-immersive-translate-walked=\"9ff19424-33db-446d-ad13-30d4deb7ee4f\" data-immersive-translate-paragraph=\"1\"><strong data-immersive-translate-walked=\"9ff19424-33db-446d-ad13-30d4deb7ee4f\" data-immersive-translate-paragraph=\"1\">Este \u00een regul\u0103 ca c\u00e2inii s\u0103 aib\u0103 mingi de tenis?<\/strong><br data-immersive-translate-walked=\"9ff19424-33db-446d-ad13-30d4deb7ee4f\" \/>Da, dar mingile de tenis obi\u0219nuite pot uza din\u021bii unui c\u00e2ine \u00een timp, a\u0219a c\u0103 este mai bine s\u0103 folosi\u021bi mingi de tenis specifice c\u00e2inilor, fabricate din materiale mai sigure.<\/p>\n<\/li>\n<li data-immersive-translate-walked=\"9ff19424-33db-446d-ad13-30d4deb7ee4f\">\n<p data-immersive-translate-walked=\"9ff19424-33db-446d-ad13-30d4deb7ee4f\" data-immersive-translate-paragraph=\"1\"><strong data-immersive-translate-walked=\"9ff19424-33db-446d-ad13-30d4deb7ee4f\" data-immersive-translate-paragraph=\"1\">Exist\u0103 o diferen\u021b\u0103 \u00eentre mingile de tenis pentru c\u00e2ini \u0219i mingile de tenis obi\u0219nuite?<\/strong><br data-immersive-translate-walked=\"9ff19424-33db-446d-ad13-30d4deb7ee4f\" \/>Da, mingile de tenis pentru c\u00e2ini sunt fabricate din materiale neabrazive, \u00een timp ce mingile de tenis obi\u0219nuite pot fi dure pentru din\u021bii unui c\u00e2ine \u0219i pot con\u021bine substan\u021be chimice d\u0103un\u0103toare.<\/p>\n<\/li>\n<li data-immersive-translate-walked=\"9ff19424-33db-446d-ad13-30d4deb7ee4f\">\n<p data-immersive-translate-walked=\"9ff19424-33db-446d-ad13-30d4deb7ee4f\" data-immersive-translate-paragraph=\"1\"><strong data-immersive-translate-walked=\"9ff19424-33db-446d-ad13-30d4deb7ee4f\" data-immersive-translate-paragraph=\"1\">De ce le plac c\u00e2inilor mingile de tenis at\u00e2t de mult?<\/strong><br data-immersive-translate-walked=\"9ff19424-33db-446d-ad13-30d4deb7ee4f\" \/>C\u00e2inii ador\u0103 mingile de tenis pentru c\u0103 sunt s\u0103lt\u0103re\u021be, u\u0219or de urm\u0103rit \u0219i le declan\u0219eaz\u0103 apetitul pentru prad\u0103, f\u0103c\u00e2ndu-le distractive pentru a le prinde \u0219i mesteca.<\/p>\n<\/li>\n<li data-immersive-translate-walked=\"9ff19424-33db-446d-ad13-30d4deb7ee4f\">\n<p data-immersive-translate-walked=\"9ff19424-33db-446d-ad13-30d4deb7ee4f\" data-immersive-translate-paragraph=\"1\"><strong data-immersive-translate-walked=\"9ff19424-33db-446d-ad13-30d4deb7ee4f\" data-immersive-translate-paragraph=\"1\">Care este o alternativ\u0103 la o minge de tenis pentru c\u00e2ini?<\/strong><br data-immersive-translate-walked=\"9ff19424-33db-446d-ad13-30d4deb7ee4f\" \/>Alternativele includ mingi de cauciuc, juc\u0103rii care sc\u00e2r\u021b\u00e2ie sau juc\u0103rii din fr\u00e2nghie, care sunt durabile \u0219i sigure pentru c\u00e2inii cu care se pot juca.<\/p>\n<\/li>\n<\/ul>","protected":false},"excerpt":{"rendered":"<p>Energiza\u021bi timpul de joac\u0103 al animalului dvs. de companie cu mingile noastre de tenis pentru c\u00e2ini, concepute pentru durabilitate \u0219i siguran\u021b\u0103. Disponibile \u00een culori vibrante, aceste mingi asigur\u0103 o vizibilitate ridicat\u0103 \u0219i sunt fabricate din materiale non-toxice pentru siguran\u021ba maxim\u0103 a animalelor dvs. de companie. Personaliza\u021bi aceste mingi cu logo-ul m\u0103rcii dvs. sau cu modele unice, f\u0103c\u00e2nd din fiecare aruncare o reprezentare a afacerii dvs. Ideale pentru jocul interactiv, antrenament sau ca articole promo\u021bionale, aceste mingi de tenis sunt fabricate pentru a rezista at\u00e2t rigorilor jocului entuziast, c\u00e2t \u0219i elementelor exterioare.<\/p>","protected":false},"featured_media":8628,"template":"","meta":[],"product_brand":[],"product_cat":[58],"product_tag":[],"class_list":{"0":"post-8636","1":"product","2":"type-product","3":"status-publish","4":"has-post-thumbnail","6":"product_cat-accessories","8":"first","9":"instock","10":"shipping-taxable","11":"product-type-simple"},"yoast_head":"<!-- This site is optimized with the Yoast SEO plugin v26.6 - https:\/\/yoast.com\/wordpress\/plugins\/seo\/ -->\n<title>Dog Tennis Ball | QQPETS<\/title>\n<meta name=\"description\" content=\"Customizable Dog Tennis Balls for active play \u2014 perfect for training and fun!\" \/>\n<meta name=\"robots\" content=\"index, follow, max-snippet:-1, max-image-preview:large, max-video-preview:-1\" \/>\n<link rel=\"canonical\" href=\"https:\/\/qqpets.com\/ro\/produs\/dog-tennis-ball\/\" \/>\n<meta property=\"og:locale\" content=\"ro_RO\" \/>\n<meta property=\"og:type\" content=\"article\" \/>\n<meta property=\"og:title\" content=\"Dog Tennis Ball | QQPETS\" \/>\n<meta property=\"og:description\" content=\"Customizable Dog Tennis Balls for active play \u2014 perfect for training and fun!\" \/>\n<meta property=\"og:url\" content=\"https:\/\/qqpets.com\/ro\/produs\/dog-tennis-ball\/\" \/>\n<meta property=\"og:site_name\" content=\"QQPETS\" \/>\n<meta property=\"article:publisher\" content=\"https:\/\/www.facebook.com\/QQpetsdogcollars\" \/>\n<meta property=\"article:modified_time\" content=\"2024-11-14T03:46:25+00:00\" \/>\n<meta property=\"og:image\" content=\"https:\/\/qqpets.com\/wp-content\/uploads\/2024\/10\/dog-tennis-ball1.webp\" \/>\n\t<meta property=\"og:image:width\" content=\"1000\" \/>\n\t<meta property=\"og:image:height\" content=\"1000\" \/>\n\t<meta property=\"og:image:type\" content=\"image\/webp\" \/>\n<meta name=\"twitter:card\" content=\"summary_large_image\" \/>\n<meta name=\"twitter:label1\" content=\"Timp estimat pentru citire\" \/>\n\t<meta name=\"twitter:data1\" content=\"2 minute\" \/>\n<script type=\"application\/ld+json\" class=\"yoast-schema-graph\">{\"@context\":\"https:\/\/schema.org\",\"@graph\":[{\"@type\":\"WebPage\",\"@id\":\"https:\/\/qqpets.com\/product\/dog-tennis-ball\/\",\"url\":\"https:\/\/qqpets.com\/product\/dog-tennis-ball\/\",\"name\":\"Dog Tennis Ball | QQPETS\",\"isPartOf\":{\"@id\":\"https:\/\/qqpets.com\/#website\"},\"primaryImageOfPage\":{\"@id\":\"https:\/\/qqpets.com\/product\/dog-tennis-ball\/#primaryimage\"},\"image\":{\"@id\":\"https:\/\/qqpets.com\/product\/dog-tennis-ball\/#primaryimage\"},\"thumbnailUrl\":\"https:\/\/qqpets.com\/wp-content\/uploads\/2024\/10\/dog-tennis-ball1.webp\",\"datePublished\":\"2024-10-17T02:34:30+00:00\",\"dateModified\":\"2024-11-14T03:46:25+00:00\",\"description\":\"Customizable Dog Tennis Balls for active play \u2014 perfect for training and fun!\",\"breadcrumb\":{\"@id\":\"https:\/\/qqpets.com\/product\/dog-tennis-ball\/#breadcrumb\"},\"inLanguage\":\"ro-RO\",\"potentialAction\":[{\"@type\":\"ReadAction\",\"target\":[\"https:\/\/qqpets.com\/product\/dog-tennis-ball\/\"]}]},{\"@type\":\"ImageObject\",\"inLanguage\":\"ro-RO\",\"@id\":\"https:\/\/qqpets.com\/product\/dog-tennis-ball\/#primaryimage\",\"url\":\"https:\/\/qqpets.com\/wp-content\/uploads\/2024\/10\/dog-tennis-ball1.webp\",\"contentUrl\":\"https:\/\/qqpets.com\/wp-content\/uploads\/2024\/10\/dog-tennis-ball1.webp\",\"width\":1000,\"height\":1000},{\"@type\":\"BreadcrumbList\",\"@id\":\"https:\/\/qqpets.com\/product\/dog-tennis-ball\/#breadcrumb\",\"itemListElement\":[{\"@type\":\"ListItem\",\"position\":1,\"name\":\"Home\",\"item\":\"https:\/\/qqpets.com\/\"},{\"@type\":\"ListItem\",\"position\":2,\"name\":\"Products\",\"item\":\"https:\/\/qqpets.com\/pet-products-manufacturer\/\"},{\"@type\":\"ListItem\",\"position\":3,\"name\":\"Dog Tennis Ball\"}]},{\"@type\":\"WebSite\",\"@id\":\"https:\/\/qqpets.com\/#website\",\"url\":\"https:\/\/qqpets.com\/\",\"name\":\"QQPETS\",\"description\":\"QQPETS is a pet products factory for dog harnesses, dog collars, dog leashes and dog accessories with professional customized service since 2005.\",\"publisher\":{\"@id\":\"https:\/\/qqpets.com\/#organization\"},\"potentialAction\":[{\"@type\":\"SearchAction\",\"target\":{\"@type\":\"EntryPoint\",\"urlTemplate\":\"https:\/\/qqpets.com\/?s={search_term_string}\"},\"query-input\":{\"@type\":\"PropertyValueSpecification\",\"valueRequired\":true,\"valueName\":\"search_term_string\"}}],\"inLanguage\":\"ro-RO\"},{\"@type\":\"Organization\",\"@id\":\"https:\/\/qqpets.com\/#organization\",\"name\":\"QQPETS\",\"url\":\"https:\/\/qqpets.com\/\",\"logo\":{\"@type\":\"ImageObject\",\"inLanguage\":\"ro-RO\",\"@id\":\"https:\/\/qqpets.com\/#\/schema\/logo\/image\/\",\"url\":\"https:\/\/qqpets.com\/wp-content\/uploads\/2023\/09\/cropped-cropped-qqpets-tiktok.jpg\",\"contentUrl\":\"https:\/\/qqpets.com\/wp-content\/uploads\/2023\/09\/cropped-cropped-qqpets-tiktok.jpg\",\"width\":511,\"height\":511,\"caption\":\"QQPETS\"},\"image\":{\"@id\":\"https:\/\/qqpets.com\/#\/schema\/logo\/image\/\"},\"sameAs\":[\"https:\/\/www.facebook.com\/QQpetsdogcollars\",\"https:\/\/www.instagram.com\/qqpetscollar\/\",\"https:\/\/www.pinterest.com\/qqpetsdogcollarsfactory\/\"]}]}<\/script>\n<!-- \/ Yoast SEO plugin. -->","yoast_head_json":{"title":"Minge de tenis pentru c\u00e2ini | QQPETS","description":"Mingi de tenis pentru c\u00e2ini personalizabile pentru joac\u0103 activ\u0103 - perfecte pentru antrenament \u0219i distrac\u021bie!","robots":{"index":"index","follow":"follow","max-snippet":"max-snippet:-1","max-image-preview":"max-image-preview:large","max-video-preview":"max-video-preview:-1"},"canonical":"https:\/\/qqpets.com\/ro\/produs\/dog-tennis-ball\/","og_locale":"ro_RO","og_type":"article","og_title":"Dog Tennis Ball | QQPETS","og_description":"Customizable Dog Tennis Balls for active play \u2014 perfect for training and fun!","og_url":"https:\/\/qqpets.com\/ro\/produs\/dog-tennis-ball\/","og_site_name":"QQPETS","article_publisher":"https:\/\/www.facebook.com\/QQpetsdogcollars","article_modified_time":"2024-11-14T03:46:25+00:00","og_image":[{"width":1000,"height":1000,"url":"https:\/\/qqpets.com\/wp-content\/uploads\/2024\/10\/dog-tennis-ball1.webp","type":"image\/webp"}],"twitter_card":"summary_large_image","twitter_misc":{"Timp estimat pentru citire":"2 minute"},"schema":{"@context":"https:\/\/schema.org","@graph":[{"@type":"WebPage","@id":"https:\/\/qqpets.com\/product\/dog-tennis-ball\/","url":"https:\/\/qqpets.com\/product\/dog-tennis-ball\/","name":"Minge de tenis pentru c\u00e2ini | QQPETS","isPartOf":{"@id":"https:\/\/qqpets.com\/#website"},"primaryImageOfPage":{"@id":"https:\/\/qqpets.com\/product\/dog-tennis-ball\/#primaryimage"},"image":{"@id":"https:\/\/qqpets.com\/product\/dog-tennis-ball\/#primaryimage"},"thumbnailUrl":"https:\/\/qqpets.com\/wp-content\/uploads\/2024\/10\/dog-tennis-ball1.webp","datePublished":"2024-10-17T02:34:30+00:00","dateModified":"2024-11-14T03:46:25+00:00","description":"Mingi de tenis pentru c\u00e2ini personalizabile pentru joac\u0103 activ\u0103 - perfecte pentru antrenament \u0219i distrac\u021bie!","breadcrumb":{"@id":"https:\/\/qqpets.com\/product\/dog-tennis-ball\/#breadcrumb"},"inLanguage":"ro-RO","potentialAction":[{"@type":"ReadAction","target":["https:\/\/qqpets.com\/product\/dog-tennis-ball\/"]}]},{"@type":"ImageObject","inLanguage":"ro-RO","@id":"https:\/\/qqpets.com\/product\/dog-tennis-ball\/#primaryimage","url":"https:\/\/qqpets.com\/wp-content\/uploads\/2024\/10\/dog-tennis-ball1.webp","contentUrl":"https:\/\/qqpets.com\/wp-content\/uploads\/2024\/10\/dog-tennis-ball1.webp","width":1000,"height":1000},{"@type":"BreadcrumbList","@id":"https:\/\/qqpets.com\/product\/dog-tennis-ball\/#breadcrumb","itemListElement":[{"@type":"ListItem","position":1,"name":"Home","item":"https:\/\/qqpets.com\/"},{"@type":"ListItem","position":2,"name":"Products","item":"https:\/\/qqpets.com\/pet-products-manufacturer\/"},{"@type":"ListItem","position":3,"name":"Dog Tennis Ball"}]},{"@type":"WebSite","@id":"https:\/\/qqpets.com\/#website","url":"https:\/\/qqpets.com\/","name":"QQPETS","description":"QQPETS este o fabric\u0103 de produse pentru animale de companie pentru hamuri pentru c\u00e2ini, gulere pentru c\u00e2ini, lese pentru c\u00e2ini \u0219i accesorii pentru c\u00e2ini cu servicii profesionale personalizate din 2005.","publisher":{"@id":"https:\/\/qqpets.com\/#organization"},"potentialAction":[{"@type":"SearchAction","target":{"@type":"EntryPoint","urlTemplate":"https:\/\/qqpets.com\/?s={search_term_string}"},"query-input":{"@type":"PropertyValueSpecification","valueRequired":true,"valueName":"search_term_string"}}],"inLanguage":"ro-RO"},{"@type":"Organization","@id":"https:\/\/qqpets.com\/#organization","name":"QQPETS","url":"https:\/\/qqpets.com\/","logo":{"@type":"ImageObject","inLanguage":"ro-RO","@id":"https:\/\/qqpets.com\/#\/schema\/logo\/image\/","url":"https:\/\/qqpets.com\/wp-content\/uploads\/2023\/09\/cropped-cropped-qqpets-tiktok.jpg","contentUrl":"https:\/\/qqpets.com\/wp-content\/uploads\/2023\/09\/cropped-cropped-qqpets-tiktok.jpg","width":511,"height":511,"caption":"QQPETS"},"image":{"@id":"https:\/\/qqpets.com\/#\/schema\/logo\/image\/"},"sameAs":["https:\/\/www.facebook.com\/QQpetsdogcollars","https:\/\/www.instagram.com\/qqpetscollar\/","https:\/\/www.pinterest.com\/qqpetsdogcollarsfactory\/"]}]}},"_links":{"self":[{"href":"https:\/\/qqpets.com\/ro\/wp-json\/wp\/v2\/product\/8636","targetHints":{"allow":["GET"]}}],"collection":[{"href":"https:\/\/qqpets.com\/ro\/wp-json\/wp\/v2\/product"}],"about":[{"href":"https:\/\/qqpets.com\/ro\/wp-json\/wp\/v2\/types\/product"}],"wp:featuredmedia":[{"embeddable":true,"href":"https:\/\/qqpets.com\/ro\/wp-json\/wp\/v2\/media\/8628"}],"wp:attachment":[{"href":"https:\/\/qqpets.com\/ro\/wp-json\/wp\/v2\/media?parent=8636"}],"wp:term":[{"taxonomy":"product_brand","embeddable":true,"href":"https:\/\/qqpets.com\/ro\/wp-json\/wp\/v2\/product_brand?post=8636"},{"taxonomy":"product_cat","embeddable":true,"href":"https:\/\/qqpets.com\/ro\/wp-json\/wp\/v2\/product_cat?post=8636"},{"taxonomy":"product_tag","embeddable":true,"href":"https:\/\/qqpets.com\/ro\/wp-json\/wp\/v2\/product_tag?post=8636"}],"curies":[{"name":"wp","href":"https:\/\/api.w.org\/{rel}","templated":true}]}}