{"id":9254,"date":"2024-11-13T15:32:42","date_gmt":"2024-11-13T07:32:42","guid":{"rendered":"https:\/\/qqpets.com\/?post_type=product&#038;p=9254"},"modified":"2024-11-14T11:45:39","modified_gmt":"2024-11-14T03:45:39","slug":"escape-proof-h-shape-cat-harness","status":"publish","type":"product","link":"https:\/\/qqpets.com\/ro\/produs\/escape-proof-h-shape-cat-harness\/","title":{"rendered":"Escape Proof H forma Cat Harness"},"content":{"rendered":"<p>Harna\u0219amentul ajustabil este cea mai bun\u0103 alegere pentru brandurile care doresc s\u0103 ofere un accesoriu premium, personalizabil pentru animalele de companie. Cu designul s\u0103u versatil, acest ham ofer\u0103 o potrivire sigur\u0103 \u0219i confortabil\u0103, adaptat\u0103 la diferite dimensiuni \u0219i forme de c\u00e2ini. Dispun\u00e2nd de patru puncte de ajustare, se asigur\u0103 c\u0103 c\u00e2inii nu experimenteaz\u0103 disconfort sau restric\u021bii \u00een timpul activit\u0103\u021bilor. Fabricat din materiale respirabile, ecologice, care respect\u0103 standardele de calitate ale UE, acest ham este at\u00e2t sigur, c\u00e2t \u0219i durabil.<\/p>\n<p>Proiectat cu personalizare \u00een minte, acest ham poate fi personalizat cu logo-uri \u0219i modele pentru a se alinia cu identitatea m\u0103rcii dvs. \u00cen\u021belegem importan\u021ba de a ie\u0219i \u00een eviden\u021b\u0103 pe pia\u021ba competitiv\u0103 a animalelor de companie, iar hamul nostru ajustabil ofer\u0103 flexibilitatea de a crea produse unice, de marc\u0103, pe care clien\u021bii dvs. le vor iubi. Ideal pentru magazinele de animale de companie, comercian\u021bii cu am\u0103nuntul online \u0219i angrosi\u0219tii, este un produs care \u00eembin\u0103 caracterul practic cu stilul, asigur\u00e2nd o experien\u021b\u0103 memorabil\u0103 pentru clien\u021bi \u0219i un public fidel pentru marca dvs.<\/p>","protected":false},"excerpt":{"rendered":"<p>Harna\u0219amentul nostru ajustabil combin\u0103 confortul, durabilitatea \u0219i stilul, f\u0103c\u00e2ndu-l ideal pentru brandurile care doresc s\u0103 ofere produse premium pentru animalele de companie. Acest ham este complet reglabil pentru o potrivire perfect\u0103 pe orice c\u00e2ine, asigur\u00e2nd confort \u0219i control optim \u00een timpul plimb\u0103rilor. Fabricat din materiale de \u00eenalt\u0103 calitate, ecologice, este delicat cu animalele de companie, r\u0103m\u00e2n\u00e2nd \u00een acela\u0219i timp robust. Personalizabil cu logo-ul m\u0103rcii dvs. \u0219i cu modele unice, acest ham este perfect pentru angrosi\u0219ti \u0219i \u00eentreprinderi care doresc s\u0103 ias\u0103 \u00een eviden\u021b\u0103 pe pia\u021ba animalelor de companie. Proiectat \u021bin\u00e2nd cont de nevoile proprietarilor moderni de animale de companie, hamul nostru este combina\u021bia perfect\u0103 de form\u0103 \u0219i func\u021bie.<\/p>","protected":false},"featured_media":9295,"template":"","meta":[],"product_brand":[],"product_cat":[23],"product_tag":[],"class_list":{"0":"post-9254","1":"product","2":"type-product","3":"status-publish","4":"has-post-thumbnail","6":"product_cat-dog-harness","8":"first","9":"instock","10":"shipping-taxable","11":"product-type-simple"},"yoast_head":"<!-- This site is optimized with the Yoast SEO plugin v26.6 - https:\/\/yoast.com\/wordpress\/plugins\/seo\/ -->\n<title>Escape Proof H shape Cat Harness | QQPETS<\/title>\n<meta name=\"description\" content=\"Discover our customizable Adjustable Harness, designed for maximum comfort and control. Perfect for B2B clients seeking high-quality, custom logo and pattern options.\" \/>\n<meta name=\"robots\" content=\"index, follow, max-snippet:-1, max-image-preview:large, max-video-preview:-1\" \/>\n<link rel=\"canonical\" href=\"https:\/\/qqpets.com\/ro\/produs\/escape-proof-h-shape-cat-harness\/\" \/>\n<meta property=\"og:locale\" content=\"ro_RO\" \/>\n<meta property=\"og:type\" content=\"article\" \/>\n<meta property=\"og:title\" content=\"Escape Proof H shape Cat Harness | QQPETS\" \/>\n<meta property=\"og:description\" content=\"Discover our customizable Adjustable Harness, designed for maximum comfort and control. Perfect for B2B clients seeking high-quality, custom logo and pattern options.\" \/>\n<meta property=\"og:url\" content=\"https:\/\/qqpets.com\/ro\/produs\/escape-proof-h-shape-cat-harness\/\" \/>\n<meta property=\"og:site_name\" content=\"QQPETS\" \/>\n<meta property=\"article:publisher\" content=\"https:\/\/www.facebook.com\/QQpetsdogcollars\" \/>\n<meta property=\"article:modified_time\" content=\"2024-11-14T03:45:39+00:00\" \/>\n<meta property=\"og:image\" content=\"https:\/\/qqpets.com\/wp-content\/uploads\/2024\/11\/cat-harness2.webp\" \/>\n\t<meta property=\"og:image:width\" content=\"800\" \/>\n\t<meta property=\"og:image:height\" content=\"800\" \/>\n\t<meta property=\"og:image:type\" content=\"image\/webp\" \/>\n<meta name=\"twitter:card\" content=\"summary_large_image\" \/>\n<meta name=\"twitter:label1\" content=\"Timp estimat pentru citire\" \/>\n\t<meta name=\"twitter:data1\" content=\"1 minut\" \/>\n<script type=\"application\/ld+json\" class=\"yoast-schema-graph\">{\"@context\":\"https:\/\/schema.org\",\"@graph\":[{\"@type\":\"WebPage\",\"@id\":\"https:\/\/qqpets.com\/product\/escape-proof-h-shape-cat-harness\/\",\"url\":\"https:\/\/qqpets.com\/product\/escape-proof-h-shape-cat-harness\/\",\"name\":\"Escape Proof H shape Cat Harness | QQPETS\",\"isPartOf\":{\"@id\":\"https:\/\/qqpets.com\/#website\"},\"primaryImageOfPage\":{\"@id\":\"https:\/\/qqpets.com\/product\/escape-proof-h-shape-cat-harness\/#primaryimage\"},\"image\":{\"@id\":\"https:\/\/qqpets.com\/product\/escape-proof-h-shape-cat-harness\/#primaryimage\"},\"thumbnailUrl\":\"https:\/\/qqpets.com\/wp-content\/uploads\/2024\/11\/cat-harness2.webp\",\"datePublished\":\"2024-11-13T07:32:42+00:00\",\"dateModified\":\"2024-11-14T03:45:39+00:00\",\"description\":\"Discover our customizable Adjustable Harness, designed for maximum comfort and control. Perfect for B2B clients seeking high-quality, custom logo and pattern options.\",\"breadcrumb\":{\"@id\":\"https:\/\/qqpets.com\/product\/escape-proof-h-shape-cat-harness\/#breadcrumb\"},\"inLanguage\":\"ro-RO\",\"potentialAction\":[{\"@type\":\"ReadAction\",\"target\":[\"https:\/\/qqpets.com\/product\/escape-proof-h-shape-cat-harness\/\"]}]},{\"@type\":\"ImageObject\",\"inLanguage\":\"ro-RO\",\"@id\":\"https:\/\/qqpets.com\/product\/escape-proof-h-shape-cat-harness\/#primaryimage\",\"url\":\"https:\/\/qqpets.com\/wp-content\/uploads\/2024\/11\/cat-harness2.webp\",\"contentUrl\":\"https:\/\/qqpets.com\/wp-content\/uploads\/2024\/11\/cat-harness2.webp\",\"width\":800,\"height\":800},{\"@type\":\"BreadcrumbList\",\"@id\":\"https:\/\/qqpets.com\/product\/escape-proof-h-shape-cat-harness\/#breadcrumb\",\"itemListElement\":[{\"@type\":\"ListItem\",\"position\":1,\"name\":\"Home\",\"item\":\"https:\/\/qqpets.com\/\"},{\"@type\":\"ListItem\",\"position\":2,\"name\":\"Products\",\"item\":\"https:\/\/qqpets.com\/pet-products-manufacturer\/\"},{\"@type\":\"ListItem\",\"position\":3,\"name\":\"Escape Proof H shape Cat Harness\"}]},{\"@type\":\"WebSite\",\"@id\":\"https:\/\/qqpets.com\/#website\",\"url\":\"https:\/\/qqpets.com\/\",\"name\":\"QQPETS\",\"description\":\"QQPETS is a pet products factory for dog harnesses, dog collars, dog leashes and dog accessories with professional customized service since 2005.\",\"publisher\":{\"@id\":\"https:\/\/qqpets.com\/#organization\"},\"potentialAction\":[{\"@type\":\"SearchAction\",\"target\":{\"@type\":\"EntryPoint\",\"urlTemplate\":\"https:\/\/qqpets.com\/?s={search_term_string}\"},\"query-input\":{\"@type\":\"PropertyValueSpecification\",\"valueRequired\":true,\"valueName\":\"search_term_string\"}}],\"inLanguage\":\"ro-RO\"},{\"@type\":\"Organization\",\"@id\":\"https:\/\/qqpets.com\/#organization\",\"name\":\"QQPETS\",\"url\":\"https:\/\/qqpets.com\/\",\"logo\":{\"@type\":\"ImageObject\",\"inLanguage\":\"ro-RO\",\"@id\":\"https:\/\/qqpets.com\/#\/schema\/logo\/image\/\",\"url\":\"https:\/\/qqpets.com\/wp-content\/uploads\/2023\/09\/cropped-cropped-qqpets-tiktok.jpg\",\"contentUrl\":\"https:\/\/qqpets.com\/wp-content\/uploads\/2023\/09\/cropped-cropped-qqpets-tiktok.jpg\",\"width\":511,\"height\":511,\"caption\":\"QQPETS\"},\"image\":{\"@id\":\"https:\/\/qqpets.com\/#\/schema\/logo\/image\/\"},\"sameAs\":[\"https:\/\/www.facebook.com\/QQpetsdogcollars\",\"https:\/\/www.instagram.com\/qqpetscollar\/\",\"https:\/\/www.pinterest.com\/qqpetsdogcollarsfactory\/\"]}]}<\/script>\n<!-- \/ Yoast SEO plugin. -->","yoast_head_json":{"title":"Escape Proof H forma Cat Harness | QQPETS","description":"Descoperi\u021bi hamul nostru ajustabil personalizabil, conceput pentru confort \u0219i control maxim. Perfect pentru clien\u021bii B2B care caut\u0103 op\u021biuni de \u00eenalt\u0103 calitate, logo \u0219i model personalizate.","robots":{"index":"index","follow":"follow","max-snippet":"max-snippet:-1","max-image-preview":"max-image-preview:large","max-video-preview":"max-video-preview:-1"},"canonical":"https:\/\/qqpets.com\/ro\/produs\/escape-proof-h-shape-cat-harness\/","og_locale":"ro_RO","og_type":"article","og_title":"Escape Proof H shape Cat Harness | QQPETS","og_description":"Discover our customizable Adjustable Harness, designed for maximum comfort and control. Perfect for B2B clients seeking high-quality, custom logo and pattern options.","og_url":"https:\/\/qqpets.com\/ro\/produs\/escape-proof-h-shape-cat-harness\/","og_site_name":"QQPETS","article_publisher":"https:\/\/www.facebook.com\/QQpetsdogcollars","article_modified_time":"2024-11-14T03:45:39+00:00","og_image":[{"width":800,"height":800,"url":"https:\/\/qqpets.com\/wp-content\/uploads\/2024\/11\/cat-harness2.webp","type":"image\/webp"}],"twitter_card":"summary_large_image","twitter_misc":{"Timp estimat pentru citire":"1 minut"},"schema":{"@context":"https:\/\/schema.org","@graph":[{"@type":"WebPage","@id":"https:\/\/qqpets.com\/product\/escape-proof-h-shape-cat-harness\/","url":"https:\/\/qqpets.com\/product\/escape-proof-h-shape-cat-harness\/","name":"Escape Proof H forma Cat Harness | QQPETS","isPartOf":{"@id":"https:\/\/qqpets.com\/#website"},"primaryImageOfPage":{"@id":"https:\/\/qqpets.com\/product\/escape-proof-h-shape-cat-harness\/#primaryimage"},"image":{"@id":"https:\/\/qqpets.com\/product\/escape-proof-h-shape-cat-harness\/#primaryimage"},"thumbnailUrl":"https:\/\/qqpets.com\/wp-content\/uploads\/2024\/11\/cat-harness2.webp","datePublished":"2024-11-13T07:32:42+00:00","dateModified":"2024-11-14T03:45:39+00:00","description":"Descoperi\u021bi hamul nostru ajustabil personalizabil, conceput pentru confort \u0219i control maxim. Perfect pentru clien\u021bii B2B care caut\u0103 op\u021biuni de \u00eenalt\u0103 calitate, logo \u0219i model personalizate.","breadcrumb":{"@id":"https:\/\/qqpets.com\/product\/escape-proof-h-shape-cat-harness\/#breadcrumb"},"inLanguage":"ro-RO","potentialAction":[{"@type":"ReadAction","target":["https:\/\/qqpets.com\/product\/escape-proof-h-shape-cat-harness\/"]}]},{"@type":"ImageObject","inLanguage":"ro-RO","@id":"https:\/\/qqpets.com\/product\/escape-proof-h-shape-cat-harness\/#primaryimage","url":"https:\/\/qqpets.com\/wp-content\/uploads\/2024\/11\/cat-harness2.webp","contentUrl":"https:\/\/qqpets.com\/wp-content\/uploads\/2024\/11\/cat-harness2.webp","width":800,"height":800},{"@type":"BreadcrumbList","@id":"https:\/\/qqpets.com\/product\/escape-proof-h-shape-cat-harness\/#breadcrumb","itemListElement":[{"@type":"ListItem","position":1,"name":"Home","item":"https:\/\/qqpets.com\/"},{"@type":"ListItem","position":2,"name":"Products","item":"https:\/\/qqpets.com\/pet-products-manufacturer\/"},{"@type":"ListItem","position":3,"name":"Escape Proof H shape Cat Harness"}]},{"@type":"WebSite","@id":"https:\/\/qqpets.com\/#website","url":"https:\/\/qqpets.com\/","name":"QQPETS","description":"QQPETS este o fabric\u0103 de produse pentru animale de companie pentru hamuri pentru c\u00e2ini, gulere pentru c\u00e2ini, lese pentru c\u00e2ini \u0219i accesorii pentru c\u00e2ini cu servicii profesionale personalizate din 2005.","publisher":{"@id":"https:\/\/qqpets.com\/#organization"},"potentialAction":[{"@type":"SearchAction","target":{"@type":"EntryPoint","urlTemplate":"https:\/\/qqpets.com\/?s={search_term_string}"},"query-input":{"@type":"PropertyValueSpecification","valueRequired":true,"valueName":"search_term_string"}}],"inLanguage":"ro-RO"},{"@type":"Organization","@id":"https:\/\/qqpets.com\/#organization","name":"QQPETS","url":"https:\/\/qqpets.com\/","logo":{"@type":"ImageObject","inLanguage":"ro-RO","@id":"https:\/\/qqpets.com\/#\/schema\/logo\/image\/","url":"https:\/\/qqpets.com\/wp-content\/uploads\/2023\/09\/cropped-cropped-qqpets-tiktok.jpg","contentUrl":"https:\/\/qqpets.com\/wp-content\/uploads\/2023\/09\/cropped-cropped-qqpets-tiktok.jpg","width":511,"height":511,"caption":"QQPETS"},"image":{"@id":"https:\/\/qqpets.com\/#\/schema\/logo\/image\/"},"sameAs":["https:\/\/www.facebook.com\/QQpetsdogcollars","https:\/\/www.instagram.com\/qqpetscollar\/","https:\/\/www.pinterest.com\/qqpetsdogcollarsfactory\/"]}]}},"_links":{"self":[{"href":"https:\/\/qqpets.com\/ro\/wp-json\/wp\/v2\/product\/9254","targetHints":{"allow":["GET"]}}],"collection":[{"href":"https:\/\/qqpets.com\/ro\/wp-json\/wp\/v2\/product"}],"about":[{"href":"https:\/\/qqpets.com\/ro\/wp-json\/wp\/v2\/types\/product"}],"wp:featuredmedia":[{"embeddable":true,"href":"https:\/\/qqpets.com\/ro\/wp-json\/wp\/v2\/media\/9295"}],"wp:attachment":[{"href":"https:\/\/qqpets.com\/ro\/wp-json\/wp\/v2\/media?parent=9254"}],"wp:term":[{"taxonomy":"product_brand","embeddable":true,"href":"https:\/\/qqpets.com\/ro\/wp-json\/wp\/v2\/product_brand?post=9254"},{"taxonomy":"product_cat","embeddable":true,"href":"https:\/\/qqpets.com\/ro\/wp-json\/wp\/v2\/product_cat?post=9254"},{"taxonomy":"product_tag","embeddable":true,"href":"https:\/\/qqpets.com\/ro\/wp-json\/wp\/v2\/product_tag?post=9254"}],"curies":[{"name":"wp","href":"https:\/\/api.w.org\/{rel}","templated":true}]}}