{"id":9267,"date":"2024-11-13T16:17:04","date_gmt":"2024-11-13T08:17:04","guid":{"rendered":"https:\/\/qqpets.com\/?post_type=product&#038;p=9267"},"modified":"2024-11-13T16:17:04","modified_gmt":"2024-11-13T08:17:04","slug":"qr-tag-buckle","status":"publish","type":"product","link":"https:\/\/qqpets.com\/ro\/produs\/qr-tag-buckle\/","title":{"rendered":"Cataram\u0103 QR Tag"},"content":{"rendered":"<p>Catarama cu etichet\u0103 QR este un accesoriu inovator pentru colierele \u0219i hamurile pentru animale de companie, conceput pentru a men\u021bine animalele de companie \u00een siguran\u021b\u0103, oferind \u00een acela\u0219i timp brandurilor un nou nivel de personalizare. Aceast\u0103 cataram\u0103 integreaz\u0103 un cod QR scanabil care stocheaz\u0103 informa\u021bii cheie, cum ar fi numele animalului de companie, datele de contact ale proprietarului \u0219i orice instruc\u021biuni speciale pentru g\u0103sitori \u00een cazul \u00een care animalul se pierde. Pur \u0219i simplu scana\u021bi codul, iar datele importante sunt instantaneu accesibile, f\u0103c\u00e2ndu-l un instrument nepre\u021buit pentru proprietarii de animale care acord\u0103 prioritate siguran\u021bei \u0219i securit\u0103\u021bii.<\/p>\n<p>Aceast\u0103 cataram\u0103 QR Tag este fabricat\u0103 din materiale durabile, de \u00eenalt\u0103 calitate, asigur\u00e2nd rezisten\u021ba la uzura zilnic\u0103, men\u021bin\u00e2nd \u00een acela\u0219i timp lizibilitatea clar\u0103 a codului QR. Catarama este u\u0219oar\u0103 \u0219i se ata\u0219eaz\u0103 cu u\u0219urin\u021b\u0103 la gulere sau hamuri, ad\u0103ug\u00e2nd un volum minim \u00een timp ce ofer\u0103 func\u021bionalitate maxim\u0103. De asemenea, este impermeabil\u0103 \u0219i rezistent\u0103 la zg\u00e2rieturi, garant\u00e2nd longevitatea \u0219i fiabilitatea.<\/p>\n<p>Pentru clien\u021bii B2B, catarama noastr\u0103 QR Tag Buckle ofer\u0103 o oportunitate unic\u0103 de branding. Personaliza\u021bi catarama cu logo-ul dvs. sau cu modele specifice, sporind vizibilitatea m\u0103rcii de fiecare dat\u0103 c\u00e2nd un animal de companie iese la plimbare. Aceast\u0103 caracteristic\u0103 o face perfect\u0103 pentru magazinele de animale de companie, angrosi\u0219tii \u0219i comercian\u021bii cu am\u0103nuntul online care doresc s\u0103 ofere clien\u021bilor un accesoriu practic, axat pe siguran\u021b\u0103, care promoveaz\u0103 \u0219i loialitatea fa\u021b\u0103 de marc\u0103.<\/p>","protected":false},"excerpt":{"rendered":"<p>Catarama noastr\u0103 QR Tag este o solu\u021bie modern\u0103 pentru siguran\u021ba animalelor de companie, combin\u00e2nd o cataram\u0103 durabil\u0103 cu un cod QR scanabil care stocheaz\u0103 informa\u021bii esen\u021biale despre animalele de companie. Ideal\u0103 pentru m\u0103rci \u0219i afaceri, aceast\u0103 cataram\u0103 poate fi personalizat\u0103 cu logo-uri \u0219i modele unice, ceea ce o face un accesoriu valoros pentru comercian\u021bii cu am\u0103nuntul \u0219i angrosi\u0219tii de animale de companie. Fabricat\u0103 din materiale de \u00eenalt\u0103 calitate, aceast\u0103 cataram\u0103 cu etichet\u0103 QR este proiectat\u0103 pentru o scanare u\u0219oar\u0103, oferind proprietarilor de animale lini\u0219te sufleteasc\u0103 \u00een cazul animalelor de companie pierdute. Ata\u0219a\u021bi-o la orice zgard\u0103 sau ham, \u0219i este gata s\u0103 v\u0103 ridica\u021bi linia de produse cu func\u021bionalitate \u0219i stil.<\/p>","protected":false},"featured_media":9268,"template":"","meta":[],"product_brand":[],"product_cat":[58],"product_tag":[],"class_list":{"0":"post-9267","1":"product","2":"type-product","3":"status-publish","4":"has-post-thumbnail","6":"product_cat-accessories","8":"first","9":"instock","10":"shipping-taxable","11":"product-type-simple"},"yoast_head":"<!-- This site is optimized with the Yoast SEO plugin v26.6 - https:\/\/yoast.com\/wordpress\/plugins\/seo\/ -->\n<title>QR Tag Buckle | QQPETS<\/title>\n<meta name=\"description\" content=\"Durable and customizable QR Tag Buckle for pet collars and harnesses. Easily scanned for pet info, perfect for B2B buyers needing custom logos and patterns.\" \/>\n<meta name=\"robots\" content=\"index, follow, max-snippet:-1, max-image-preview:large, max-video-preview:-1\" \/>\n<link rel=\"canonical\" href=\"https:\/\/qqpets.com\/ro\/produs\/qr-tag-buckle\/\" \/>\n<meta property=\"og:locale\" content=\"ro_RO\" \/>\n<meta property=\"og:type\" content=\"article\" \/>\n<meta property=\"og:title\" content=\"QR Tag Buckle | QQPETS\" \/>\n<meta property=\"og:description\" content=\"Durable and customizable QR Tag Buckle for pet collars and harnesses. Easily scanned for pet info, perfect for B2B buyers needing custom logos and patterns.\" \/>\n<meta property=\"og:url\" content=\"https:\/\/qqpets.com\/ro\/produs\/qr-tag-buckle\/\" \/>\n<meta property=\"og:site_name\" content=\"QQPETS\" \/>\n<meta property=\"article:publisher\" content=\"https:\/\/www.facebook.com\/QQpetsdogcollars\" \/>\n<meta property=\"og:image\" content=\"https:\/\/qqpets.com\/wp-content\/uploads\/2024\/11\/QR-buckle.webp\" \/>\n\t<meta property=\"og:image:width\" content=\"800\" \/>\n\t<meta property=\"og:image:height\" content=\"800\" \/>\n\t<meta property=\"og:image:type\" content=\"image\/webp\" \/>\n<meta name=\"twitter:card\" content=\"summary_large_image\" \/>\n<meta name=\"twitter:label1\" content=\"Timp estimat pentru citire\" \/>\n\t<meta name=\"twitter:data1\" content=\"2 minute\" \/>\n<script type=\"application\/ld+json\" class=\"yoast-schema-graph\">{\"@context\":\"https:\/\/schema.org\",\"@graph\":[{\"@type\":\"WebPage\",\"@id\":\"https:\/\/qqpets.com\/product\/qr-tag-buckle\/\",\"url\":\"https:\/\/qqpets.com\/product\/qr-tag-buckle\/\",\"name\":\"QR Tag Buckle | QQPETS\",\"isPartOf\":{\"@id\":\"https:\/\/qqpets.com\/#website\"},\"primaryImageOfPage\":{\"@id\":\"https:\/\/qqpets.com\/product\/qr-tag-buckle\/#primaryimage\"},\"image\":{\"@id\":\"https:\/\/qqpets.com\/product\/qr-tag-buckle\/#primaryimage\"},\"thumbnailUrl\":\"https:\/\/qqpets.com\/wp-content\/uploads\/2024\/11\/QR-buckle.webp\",\"datePublished\":\"2024-11-13T08:17:04+00:00\",\"description\":\"Durable and customizable QR Tag Buckle for pet collars and harnesses. Easily scanned for pet info, perfect for B2B buyers needing custom logos and patterns.\",\"breadcrumb\":{\"@id\":\"https:\/\/qqpets.com\/product\/qr-tag-buckle\/#breadcrumb\"},\"inLanguage\":\"ro-RO\",\"potentialAction\":[{\"@type\":\"ReadAction\",\"target\":[\"https:\/\/qqpets.com\/product\/qr-tag-buckle\/\"]}]},{\"@type\":\"ImageObject\",\"inLanguage\":\"ro-RO\",\"@id\":\"https:\/\/qqpets.com\/product\/qr-tag-buckle\/#primaryimage\",\"url\":\"https:\/\/qqpets.com\/wp-content\/uploads\/2024\/11\/QR-buckle.webp\",\"contentUrl\":\"https:\/\/qqpets.com\/wp-content\/uploads\/2024\/11\/QR-buckle.webp\",\"width\":800,\"height\":800},{\"@type\":\"BreadcrumbList\",\"@id\":\"https:\/\/qqpets.com\/product\/qr-tag-buckle\/#breadcrumb\",\"itemListElement\":[{\"@type\":\"ListItem\",\"position\":1,\"name\":\"Home\",\"item\":\"https:\/\/qqpets.com\/\"},{\"@type\":\"ListItem\",\"position\":2,\"name\":\"Products\",\"item\":\"https:\/\/qqpets.com\/pet-products-manufacturer\/\"},{\"@type\":\"ListItem\",\"position\":3,\"name\":\"QR Tag Buckle\"}]},{\"@type\":\"WebSite\",\"@id\":\"https:\/\/qqpets.com\/#website\",\"url\":\"https:\/\/qqpets.com\/\",\"name\":\"QQPETS\",\"description\":\"QQPETS is a pet products factory for dog harnesses, dog collars, dog leashes and dog accessories with professional customized service since 2005.\",\"publisher\":{\"@id\":\"https:\/\/qqpets.com\/#organization\"},\"potentialAction\":[{\"@type\":\"SearchAction\",\"target\":{\"@type\":\"EntryPoint\",\"urlTemplate\":\"https:\/\/qqpets.com\/?s={search_term_string}\"},\"query-input\":{\"@type\":\"PropertyValueSpecification\",\"valueRequired\":true,\"valueName\":\"search_term_string\"}}],\"inLanguage\":\"ro-RO\"},{\"@type\":\"Organization\",\"@id\":\"https:\/\/qqpets.com\/#organization\",\"name\":\"QQPETS\",\"url\":\"https:\/\/qqpets.com\/\",\"logo\":{\"@type\":\"ImageObject\",\"inLanguage\":\"ro-RO\",\"@id\":\"https:\/\/qqpets.com\/#\/schema\/logo\/image\/\",\"url\":\"https:\/\/qqpets.com\/wp-content\/uploads\/2023\/09\/cropped-cropped-qqpets-tiktok.jpg\",\"contentUrl\":\"https:\/\/qqpets.com\/wp-content\/uploads\/2023\/09\/cropped-cropped-qqpets-tiktok.jpg\",\"width\":511,\"height\":511,\"caption\":\"QQPETS\"},\"image\":{\"@id\":\"https:\/\/qqpets.com\/#\/schema\/logo\/image\/\"},\"sameAs\":[\"https:\/\/www.facebook.com\/QQpetsdogcollars\",\"https:\/\/www.instagram.com\/qqpetscollar\/\",\"https:\/\/www.pinterest.com\/qqpetsdogcollarsfactory\/\"]}]}<\/script>\n<!-- \/ Yoast SEO plugin. -->","yoast_head_json":{"title":"QR Tag Buckle | QQPETS","description":"Cataram\u0103 cu etichet\u0103 QR durabil\u0103 \u0219i personalizabil\u0103 pentru coliere \u0219i hamuri pentru animale de companie. U\u0219or de scanat pentru informa\u021bii despre animalele de companie, perfect\u0103 pentru cump\u0103r\u0103torii B2B care au nevoie de logo-uri \u0219i modele personalizate.","robots":{"index":"index","follow":"follow","max-snippet":"max-snippet:-1","max-image-preview":"max-image-preview:large","max-video-preview":"max-video-preview:-1"},"canonical":"https:\/\/qqpets.com\/ro\/produs\/qr-tag-buckle\/","og_locale":"ro_RO","og_type":"article","og_title":"QR Tag Buckle | QQPETS","og_description":"Durable and customizable QR Tag Buckle for pet collars and harnesses. Easily scanned for pet info, perfect for B2B buyers needing custom logos and patterns.","og_url":"https:\/\/qqpets.com\/ro\/produs\/qr-tag-buckle\/","og_site_name":"QQPETS","article_publisher":"https:\/\/www.facebook.com\/QQpetsdogcollars","og_image":[{"width":800,"height":800,"url":"https:\/\/qqpets.com\/wp-content\/uploads\/2024\/11\/QR-buckle.webp","type":"image\/webp"}],"twitter_card":"summary_large_image","twitter_misc":{"Timp estimat pentru citire":"2 minute"},"schema":{"@context":"https:\/\/schema.org","@graph":[{"@type":"WebPage","@id":"https:\/\/qqpets.com\/product\/qr-tag-buckle\/","url":"https:\/\/qqpets.com\/product\/qr-tag-buckle\/","name":"QR Tag Buckle | QQPETS","isPartOf":{"@id":"https:\/\/qqpets.com\/#website"},"primaryImageOfPage":{"@id":"https:\/\/qqpets.com\/product\/qr-tag-buckle\/#primaryimage"},"image":{"@id":"https:\/\/qqpets.com\/product\/qr-tag-buckle\/#primaryimage"},"thumbnailUrl":"https:\/\/qqpets.com\/wp-content\/uploads\/2024\/11\/QR-buckle.webp","datePublished":"2024-11-13T08:17:04+00:00","description":"Cataram\u0103 cu etichet\u0103 QR durabil\u0103 \u0219i personalizabil\u0103 pentru coliere \u0219i hamuri pentru animale de companie. U\u0219or de scanat pentru informa\u021bii despre animalele de companie, perfect\u0103 pentru cump\u0103r\u0103torii B2B care au nevoie de logo-uri \u0219i modele personalizate.","breadcrumb":{"@id":"https:\/\/qqpets.com\/product\/qr-tag-buckle\/#breadcrumb"},"inLanguage":"ro-RO","potentialAction":[{"@type":"ReadAction","target":["https:\/\/qqpets.com\/product\/qr-tag-buckle\/"]}]},{"@type":"ImageObject","inLanguage":"ro-RO","@id":"https:\/\/qqpets.com\/product\/qr-tag-buckle\/#primaryimage","url":"https:\/\/qqpets.com\/wp-content\/uploads\/2024\/11\/QR-buckle.webp","contentUrl":"https:\/\/qqpets.com\/wp-content\/uploads\/2024\/11\/QR-buckle.webp","width":800,"height":800},{"@type":"BreadcrumbList","@id":"https:\/\/qqpets.com\/product\/qr-tag-buckle\/#breadcrumb","itemListElement":[{"@type":"ListItem","position":1,"name":"Home","item":"https:\/\/qqpets.com\/"},{"@type":"ListItem","position":2,"name":"Products","item":"https:\/\/qqpets.com\/pet-products-manufacturer\/"},{"@type":"ListItem","position":3,"name":"QR Tag Buckle"}]},{"@type":"WebSite","@id":"https:\/\/qqpets.com\/#website","url":"https:\/\/qqpets.com\/","name":"QQPETS","description":"QQPETS este o fabric\u0103 de produse pentru animale de companie pentru hamuri pentru c\u00e2ini, gulere pentru c\u00e2ini, lese pentru c\u00e2ini \u0219i accesorii pentru c\u00e2ini cu servicii profesionale personalizate din 2005.","publisher":{"@id":"https:\/\/qqpets.com\/#organization"},"potentialAction":[{"@type":"SearchAction","target":{"@type":"EntryPoint","urlTemplate":"https:\/\/qqpets.com\/?s={search_term_string}"},"query-input":{"@type":"PropertyValueSpecification","valueRequired":true,"valueName":"search_term_string"}}],"inLanguage":"ro-RO"},{"@type":"Organization","@id":"https:\/\/qqpets.com\/#organization","name":"QQPETS","url":"https:\/\/qqpets.com\/","logo":{"@type":"ImageObject","inLanguage":"ro-RO","@id":"https:\/\/qqpets.com\/#\/schema\/logo\/image\/","url":"https:\/\/qqpets.com\/wp-content\/uploads\/2023\/09\/cropped-cropped-qqpets-tiktok.jpg","contentUrl":"https:\/\/qqpets.com\/wp-content\/uploads\/2023\/09\/cropped-cropped-qqpets-tiktok.jpg","width":511,"height":511,"caption":"QQPETS"},"image":{"@id":"https:\/\/qqpets.com\/#\/schema\/logo\/image\/"},"sameAs":["https:\/\/www.facebook.com\/QQpetsdogcollars","https:\/\/www.instagram.com\/qqpetscollar\/","https:\/\/www.pinterest.com\/qqpetsdogcollarsfactory\/"]}]}},"_links":{"self":[{"href":"https:\/\/qqpets.com\/ro\/wp-json\/wp\/v2\/product\/9267","targetHints":{"allow":["GET"]}}],"collection":[{"href":"https:\/\/qqpets.com\/ro\/wp-json\/wp\/v2\/product"}],"about":[{"href":"https:\/\/qqpets.com\/ro\/wp-json\/wp\/v2\/types\/product"}],"wp:featuredmedia":[{"embeddable":true,"href":"https:\/\/qqpets.com\/ro\/wp-json\/wp\/v2\/media\/9268"}],"wp:attachment":[{"href":"https:\/\/qqpets.com\/ro\/wp-json\/wp\/v2\/media?parent=9267"}],"wp:term":[{"taxonomy":"product_brand","embeddable":true,"href":"https:\/\/qqpets.com\/ro\/wp-json\/wp\/v2\/product_brand?post=9267"},{"taxonomy":"product_cat","embeddable":true,"href":"https:\/\/qqpets.com\/ro\/wp-json\/wp\/v2\/product_cat?post=9267"},{"taxonomy":"product_tag","embeddable":true,"href":"https:\/\/qqpets.com\/ro\/wp-json\/wp\/v2\/product_tag?post=9267"}],"curies":[{"name":"wp","href":"https:\/\/api.w.org\/{rel}","templated":true}]}}