{"id":9274,"date":"2024-11-13T16:34:37","date_gmt":"2024-11-13T08:34:37","guid":{"rendered":"https:\/\/qqpets.com\/?post_type=product&#038;p=9274"},"modified":"2024-11-13T16:34:37","modified_gmt":"2024-11-13T08:34:37","slug":"airtag-case","status":"publish","type":"product","link":"https:\/\/qqpets.com\/ro\/produs\/airtag-case\/","title":{"rendered":"Cazul Airtag"},"content":{"rendered":"<div class=\"flex max-w-full flex-col flex-grow\">\n<div class=\"min-h-8 text-message flex w-full flex-col items-end gap-2 whitespace-normal break-words [.text-message+&amp;]:mt-5\" dir=\"auto\" data-message-author-role=\"assistant\" data-message-id=\"5a8d3cc2-3aba-4188-9db9-4e1649d566c0\" data-message-model-slug=\"gpt-4o\">\n<div class=\"flex w-full flex-col gap-1 empty:hidden first:pt-[3px]\">\n<div class=\"markdown prose w-full break-words dark:prose-invert light\">\n<p>Carcasa Airtag este un must-have pentru proprietarii de animale de companie care doresc s\u0103 asigure siguran\u021ba animalelor lor de companie cu capacit\u0103\u021bi de urm\u0103rire \u00een timp real. Realizat\u0103 pentru a g\u0103zdui \u00een siguran\u021b\u0103 Apple Airtags, aceast\u0103 carcas\u0103 se ata\u0219eaz\u0103 cu u\u0219urin\u021b\u0103 la majoritatea colierelor, oferind lini\u0219te sufleteasc\u0103 proprietarilor care doresc s\u0103 \u0219tie cu siguran\u021b\u0103 unde se afl\u0103 animalul lor de companie \u00een orice moment. Designul compact \u0219i elegant al carcasei minimizeaz\u0103 volumul, asigur\u00e2ndu-se c\u0103 animalele de companie stau confortabil \u00een timp ce o poart\u0103.<\/p>\n<p>Fabricat\u0103 din materiale de \u00eenalt\u0103 calitate, rezistente la ap\u0103, aceast\u0103 hus\u0103 Airtag rezist\u0103 rigorilor aventurilor zilnice ale animalelor de companie. Durabilitatea sa o face potrivit\u0103 chiar \u0219i pentru cele mai active animale de companie, protej\u00e2nd Airtag-ul de ap\u0103, murd\u0103rie \u0219i impacturi. De asemenea, aceast\u0103 hus\u0103 ofer\u0103 acces u\u0219or la Airtag, permi\u021b\u00e2nd configurarea \u0219i \u00eenlocuirea f\u0103r\u0103 probleme.<\/p>\n<p>Pentru clien\u021bii B2B, servieta Airtag reprezint\u0103 o oportunitate valoroas\u0103 de branding. Fie c\u0103 sunte\u021bi comerciant cu am\u0103nuntul, distribuitor sau v\u00e2nz\u0103tor online, ad\u0103ugarea de logo-uri personalizate sau modele unice v\u0103 ajut\u0103 marca s\u0103 ias\u0103 \u00een eviden\u021b\u0103 pe pia\u021b\u0103. Conceput\u0103 \u021bin\u00e2nd cont de vizibilitatea brandului dvs., aceast\u0103 hus\u0103 Airtag personalizabil\u0103 nu numai c\u0103 r\u0103spunde nevoilor practice ale proprietarilor de animale de companie, dar ofer\u0103 \u0219i o not\u0103 elegant\u0103, de brand, care se aliniaz\u0103 cu estetica \u0219i viziunea brandului dvs.<\/p>\n<\/div>\n<\/div>\n<\/div>\n<\/div>\n<div class=\"mb-2 flex gap-3 empty:hidden -ml-2\">\n<div class=\"items-center justify-start rounded-xl p-1 flex\">\n<div class=\"flex items-center\"><button class=\"rounded-lg text-token-text-secondary hover:bg-token-main-surface-secondary\" aria-label=\"Citi\u021bi cu voce tare\" data-testid=\"voice-play-turn-action-button\"><\/button><button class=\"rounded-lg text-token-text-secondary hover:bg-token-main-surface-secondary\" aria-label=\"Copia\u021bi\" data-testid=\"copy-turn-action-button\"><\/button><\/p>\n<div class=\"flex\"><\/div>\n<div class=\"flex items-center pb-0\"><span class=\"overflow-hidden text-clip whitespace-nowrap text-sm\">4o<\/span><\/div>\n<\/div>\n<\/div>\n<\/div>","protected":false},"excerpt":{"rendered":"<p>Carcasa noastr\u0103 Airtag este o solu\u021bie practic\u0103 pentru proprietarii de animale de companie care doresc s\u0103 \u021bin\u0103 eviden\u021ba animalelor lor de companie \u00een stil. Conceput\u0103 pentru a fi ata\u0219at\u0103 \u00een siguran\u021b\u0103 la orice zgard\u0103, aceast\u0103 carcas\u0103 se potrive\u0219te cu Airtag-urile Apple standard \u0219i ofer\u0103 protec\u021bie f\u0103r\u0103 a ad\u0103uga volum. Ideal\u0103 pentru clien\u021bii B2B, aceast\u0103 hus\u0103 poate fi personalizat\u0103 cu logo-uri sau modele, sporind vizibilitatea m\u0103rcii \u0219i oferind \u00een acela\u0219i timp un accesoriu func\u021bional pentru animalele de companie. Fabricat\u0103 din materiale durabile, rezistente la ap\u0103, aceast\u0103 carcas\u0103 Airtag este perfect\u0103 pentru animalele de companie active \u0219i \u00eei asigur\u0103 pe proprietari c\u0103 animalele lor de companie sunt \u00eentotdeauna trasabile.<\/p>","protected":false},"featured_media":9275,"template":"","meta":[],"product_brand":[],"product_cat":[58],"product_tag":[],"class_list":{"0":"post-9274","1":"product","2":"type-product","3":"status-publish","4":"has-post-thumbnail","6":"product_cat-accessories","8":"first","9":"instock","10":"shipping-taxable","11":"product-type-simple"},"yoast_head":"<!-- This site is optimized with the Yoast SEO plugin v26.6 - https:\/\/yoast.com\/wordpress\/plugins\/seo\/ -->\n<title>Airtag Case | QQPETS<\/title>\n<meta name=\"description\" content=\"Customizable Airtag Case for pet collars, keeping pets traceable and safe. Ideal for B2B clients wanting custom logos or patterns to enhance brand identity.\" \/>\n<meta name=\"robots\" content=\"index, follow, max-snippet:-1, max-image-preview:large, max-video-preview:-1\" \/>\n<link rel=\"canonical\" href=\"https:\/\/qqpets.com\/ro\/produs\/airtag-case\/\" \/>\n<meta property=\"og:locale\" content=\"ro_RO\" \/>\n<meta property=\"og:type\" content=\"article\" \/>\n<meta property=\"og:title\" content=\"Airtag Case | QQPETS\" \/>\n<meta property=\"og:description\" content=\"Customizable Airtag Case for pet collars, keeping pets traceable and safe. Ideal for B2B clients wanting custom logos or patterns to enhance brand identity.\" \/>\n<meta property=\"og:url\" content=\"https:\/\/qqpets.com\/ro\/produs\/airtag-case\/\" \/>\n<meta property=\"og:site_name\" content=\"QQPETS\" \/>\n<meta property=\"article:publisher\" content=\"https:\/\/www.facebook.com\/QQpetsdogcollars\" \/>\n<meta property=\"og:image\" content=\"https:\/\/qqpets.com\/wp-content\/uploads\/2024\/11\/airtag-case1.webp\" \/>\n\t<meta property=\"og:image:width\" content=\"800\" \/>\n\t<meta property=\"og:image:height\" content=\"800\" \/>\n\t<meta property=\"og:image:type\" content=\"image\/webp\" \/>\n<meta name=\"twitter:card\" content=\"summary_large_image\" \/>\n<meta name=\"twitter:label1\" content=\"Timp estimat pentru citire\" \/>\n\t<meta name=\"twitter:data1\" content=\"2 minute\" \/>\n<script type=\"application\/ld+json\" class=\"yoast-schema-graph\">{\"@context\":\"https:\/\/schema.org\",\"@graph\":[{\"@type\":\"WebPage\",\"@id\":\"https:\/\/qqpets.com\/product\/airtag-case\/\",\"url\":\"https:\/\/qqpets.com\/product\/airtag-case\/\",\"name\":\"Airtag Case | QQPETS\",\"isPartOf\":{\"@id\":\"https:\/\/qqpets.com\/#website\"},\"primaryImageOfPage\":{\"@id\":\"https:\/\/qqpets.com\/product\/airtag-case\/#primaryimage\"},\"image\":{\"@id\":\"https:\/\/qqpets.com\/product\/airtag-case\/#primaryimage\"},\"thumbnailUrl\":\"https:\/\/qqpets.com\/wp-content\/uploads\/2024\/11\/airtag-case1.webp\",\"datePublished\":\"2024-11-13T08:34:37+00:00\",\"description\":\"Customizable Airtag Case for pet collars, keeping pets traceable and safe. Ideal for B2B clients wanting custom logos or patterns to enhance brand identity.\",\"breadcrumb\":{\"@id\":\"https:\/\/qqpets.com\/product\/airtag-case\/#breadcrumb\"},\"inLanguage\":\"ro-RO\",\"potentialAction\":[{\"@type\":\"ReadAction\",\"target\":[\"https:\/\/qqpets.com\/product\/airtag-case\/\"]}]},{\"@type\":\"ImageObject\",\"inLanguage\":\"ro-RO\",\"@id\":\"https:\/\/qqpets.com\/product\/airtag-case\/#primaryimage\",\"url\":\"https:\/\/qqpets.com\/wp-content\/uploads\/2024\/11\/airtag-case1.webp\",\"contentUrl\":\"https:\/\/qqpets.com\/wp-content\/uploads\/2024\/11\/airtag-case1.webp\",\"width\":800,\"height\":800},{\"@type\":\"BreadcrumbList\",\"@id\":\"https:\/\/qqpets.com\/product\/airtag-case\/#breadcrumb\",\"itemListElement\":[{\"@type\":\"ListItem\",\"position\":1,\"name\":\"Home\",\"item\":\"https:\/\/qqpets.com\/\"},{\"@type\":\"ListItem\",\"position\":2,\"name\":\"Products\",\"item\":\"https:\/\/qqpets.com\/pet-products-manufacturer\/\"},{\"@type\":\"ListItem\",\"position\":3,\"name\":\"Airtag Case\"}]},{\"@type\":\"WebSite\",\"@id\":\"https:\/\/qqpets.com\/#website\",\"url\":\"https:\/\/qqpets.com\/\",\"name\":\"QQPETS\",\"description\":\"QQPETS is a pet products factory for dog harnesses, dog collars, dog leashes and dog accessories with professional customized service since 2005.\",\"publisher\":{\"@id\":\"https:\/\/qqpets.com\/#organization\"},\"potentialAction\":[{\"@type\":\"SearchAction\",\"target\":{\"@type\":\"EntryPoint\",\"urlTemplate\":\"https:\/\/qqpets.com\/?s={search_term_string}\"},\"query-input\":{\"@type\":\"PropertyValueSpecification\",\"valueRequired\":true,\"valueName\":\"search_term_string\"}}],\"inLanguage\":\"ro-RO\"},{\"@type\":\"Organization\",\"@id\":\"https:\/\/qqpets.com\/#organization\",\"name\":\"QQPETS\",\"url\":\"https:\/\/qqpets.com\/\",\"logo\":{\"@type\":\"ImageObject\",\"inLanguage\":\"ro-RO\",\"@id\":\"https:\/\/qqpets.com\/#\/schema\/logo\/image\/\",\"url\":\"https:\/\/qqpets.com\/wp-content\/uploads\/2023\/09\/cropped-cropped-qqpets-tiktok.jpg\",\"contentUrl\":\"https:\/\/qqpets.com\/wp-content\/uploads\/2023\/09\/cropped-cropped-qqpets-tiktok.jpg\",\"width\":511,\"height\":511,\"caption\":\"QQPETS\"},\"image\":{\"@id\":\"https:\/\/qqpets.com\/#\/schema\/logo\/image\/\"},\"sameAs\":[\"https:\/\/www.facebook.com\/QQpetsdogcollars\",\"https:\/\/www.instagram.com\/qqpetscollar\/\",\"https:\/\/www.pinterest.com\/qqpetsdogcollarsfactory\/\"]}]}<\/script>\n<!-- \/ Yoast SEO plugin. -->","yoast_head_json":{"title":"Cazul Airtag | QQPETS","description":"Carcas\u0103 Airtag personalizabil\u0103 pentru zgarda de animale de companie, care le men\u021bine trasabile \u0219i \u00een siguran\u021b\u0103. Ideal pentru clien\u021bii B2B care doresc logo-uri sau modele personalizate pentru a spori identitatea m\u0103rcii.","robots":{"index":"index","follow":"follow","max-snippet":"max-snippet:-1","max-image-preview":"max-image-preview:large","max-video-preview":"max-video-preview:-1"},"canonical":"https:\/\/qqpets.com\/ro\/produs\/airtag-case\/","og_locale":"ro_RO","og_type":"article","og_title":"Airtag Case | QQPETS","og_description":"Customizable Airtag Case for pet collars, keeping pets traceable and safe. Ideal for B2B clients wanting custom logos or patterns to enhance brand identity.","og_url":"https:\/\/qqpets.com\/ro\/produs\/airtag-case\/","og_site_name":"QQPETS","article_publisher":"https:\/\/www.facebook.com\/QQpetsdogcollars","og_image":[{"width":800,"height":800,"url":"https:\/\/qqpets.com\/wp-content\/uploads\/2024\/11\/airtag-case1.webp","type":"image\/webp"}],"twitter_card":"summary_large_image","twitter_misc":{"Timp estimat pentru citire":"2 minute"},"schema":{"@context":"https:\/\/schema.org","@graph":[{"@type":"WebPage","@id":"https:\/\/qqpets.com\/product\/airtag-case\/","url":"https:\/\/qqpets.com\/product\/airtag-case\/","name":"Cazul Airtag | QQPETS","isPartOf":{"@id":"https:\/\/qqpets.com\/#website"},"primaryImageOfPage":{"@id":"https:\/\/qqpets.com\/product\/airtag-case\/#primaryimage"},"image":{"@id":"https:\/\/qqpets.com\/product\/airtag-case\/#primaryimage"},"thumbnailUrl":"https:\/\/qqpets.com\/wp-content\/uploads\/2024\/11\/airtag-case1.webp","datePublished":"2024-11-13T08:34:37+00:00","description":"Carcas\u0103 Airtag personalizabil\u0103 pentru zgarda de animale de companie, care le men\u021bine trasabile \u0219i \u00een siguran\u021b\u0103. Ideal pentru clien\u021bii B2B care doresc logo-uri sau modele personalizate pentru a spori identitatea m\u0103rcii.","breadcrumb":{"@id":"https:\/\/qqpets.com\/product\/airtag-case\/#breadcrumb"},"inLanguage":"ro-RO","potentialAction":[{"@type":"ReadAction","target":["https:\/\/qqpets.com\/product\/airtag-case\/"]}]},{"@type":"ImageObject","inLanguage":"ro-RO","@id":"https:\/\/qqpets.com\/product\/airtag-case\/#primaryimage","url":"https:\/\/qqpets.com\/wp-content\/uploads\/2024\/11\/airtag-case1.webp","contentUrl":"https:\/\/qqpets.com\/wp-content\/uploads\/2024\/11\/airtag-case1.webp","width":800,"height":800},{"@type":"BreadcrumbList","@id":"https:\/\/qqpets.com\/product\/airtag-case\/#breadcrumb","itemListElement":[{"@type":"ListItem","position":1,"name":"Home","item":"https:\/\/qqpets.com\/"},{"@type":"ListItem","position":2,"name":"Products","item":"https:\/\/qqpets.com\/pet-products-manufacturer\/"},{"@type":"ListItem","position":3,"name":"Airtag Case"}]},{"@type":"WebSite","@id":"https:\/\/qqpets.com\/#website","url":"https:\/\/qqpets.com\/","name":"QQPETS","description":"QQPETS este o fabric\u0103 de produse pentru animale de companie pentru hamuri pentru c\u00e2ini, gulere pentru c\u00e2ini, lese pentru c\u00e2ini \u0219i accesorii pentru c\u00e2ini cu servicii profesionale personalizate din 2005.","publisher":{"@id":"https:\/\/qqpets.com\/#organization"},"potentialAction":[{"@type":"SearchAction","target":{"@type":"EntryPoint","urlTemplate":"https:\/\/qqpets.com\/?s={search_term_string}"},"query-input":{"@type":"PropertyValueSpecification","valueRequired":true,"valueName":"search_term_string"}}],"inLanguage":"ro-RO"},{"@type":"Organization","@id":"https:\/\/qqpets.com\/#organization","name":"QQPETS","url":"https:\/\/qqpets.com\/","logo":{"@type":"ImageObject","inLanguage":"ro-RO","@id":"https:\/\/qqpets.com\/#\/schema\/logo\/image\/","url":"https:\/\/qqpets.com\/wp-content\/uploads\/2023\/09\/cropped-cropped-qqpets-tiktok.jpg","contentUrl":"https:\/\/qqpets.com\/wp-content\/uploads\/2023\/09\/cropped-cropped-qqpets-tiktok.jpg","width":511,"height":511,"caption":"QQPETS"},"image":{"@id":"https:\/\/qqpets.com\/#\/schema\/logo\/image\/"},"sameAs":["https:\/\/www.facebook.com\/QQpetsdogcollars","https:\/\/www.instagram.com\/qqpetscollar\/","https:\/\/www.pinterest.com\/qqpetsdogcollarsfactory\/"]}]}},"_links":{"self":[{"href":"https:\/\/qqpets.com\/ro\/wp-json\/wp\/v2\/product\/9274","targetHints":{"allow":["GET"]}}],"collection":[{"href":"https:\/\/qqpets.com\/ro\/wp-json\/wp\/v2\/product"}],"about":[{"href":"https:\/\/qqpets.com\/ro\/wp-json\/wp\/v2\/types\/product"}],"wp:featuredmedia":[{"embeddable":true,"href":"https:\/\/qqpets.com\/ro\/wp-json\/wp\/v2\/media\/9275"}],"wp:attachment":[{"href":"https:\/\/qqpets.com\/ro\/wp-json\/wp\/v2\/media?parent=9274"}],"wp:term":[{"taxonomy":"product_brand","embeddable":true,"href":"https:\/\/qqpets.com\/ro\/wp-json\/wp\/v2\/product_brand?post=9274"},{"taxonomy":"product_cat","embeddable":true,"href":"https:\/\/qqpets.com\/ro\/wp-json\/wp\/v2\/product_cat?post=9274"},{"taxonomy":"product_tag","embeddable":true,"href":"https:\/\/qqpets.com\/ro\/wp-json\/wp\/v2\/product_tag?post=9274"}],"curies":[{"name":"wp","href":"https:\/\/api.w.org\/{rel}","templated":true}]}}