{"id":9280,"date":"2024-11-13T17:02:00","date_gmt":"2024-11-13T09:02:00","guid":{"rendered":"https:\/\/qqpets.com\/?post_type=product&#038;p=9280"},"modified":"2024-11-13T17:02:00","modified_gmt":"2024-11-13T09:02:00","slug":"bow-tie-bandana","status":"publish","type":"product","link":"https:\/\/qqpets.com\/ro\/produs\/bow-tie-bandana\/","title":{"rendered":"Bow Tie Bandana"},"content":{"rendered":"<p>Bandana Bow Tie este conceput\u0103 pentru a aduce at\u00e2t stil, c\u00e2t \u0219i versatilitate accesoriilor pentru animalele de companie. Fabricat\u0103 din \u021bes\u0103tur\u0103 premium, moale, aceast\u0103 bandan\u0103 este delicat\u0103 cu pielea animalelor de companie \u0219i u\u0219or de purtat, asigur\u00e2nd confort chiar \u0219i \u00een timpul utiliz\u0103rii \u00eendelungate. Elementul fermec\u0103tor al papionului adaug\u0103 o not\u0103 juc\u0103u\u0219\u0103 \u0219i elegant\u0103, f\u0103c\u00e2ndu-l un accesoriu excelent pentru animalele de companie \u00een vacan\u021be, ocazii speciale sau ie\u0219iri zilnice.<\/p>\n<p>Perfect adaptat\u0103 pentru clien\u021bii B2B, aceast\u0103 bandan\u0103 Bow Tie Bandana poate fi personalizat\u0103 cu logo-uri, modele sau scheme de culori pentru a se potrivi cu estetica m\u0103rcii dvs. Fie c\u0103 sunte\u021bi proprietarul unui magazin de animale de companie, un retailer online sau un brand care dore\u0219te s\u0103 \u00ee\u0219i extind\u0103 oferta de produse pentru animale de companie, aceast\u0103 bandan\u0103 ofer\u0103 un mod unic \u0219i memorabil de a v\u0103 afi\u0219a brandul. Tehnologia noastr\u0103 de imprimare personalizat\u0103 asigur\u0103 culori vibrante, de \u00eenalt\u0103 calitate, care r\u0103m\u00e2n str\u0103lucitoare \u00een timp, chiar \u0219i \u00een cazul sp\u0103l\u0103rii frecvente.<\/p>\n<p>Durabil\u0103, u\u0219oar\u0103 \u0219i conceput\u0103 pentru a r\u0103m\u00e2ne bine fixat\u0103, aceast\u0103 bandan\u0103 Bow Tie este ideal\u0103 pentru orice animal de companie. Personalizarea sa \u00eenseamn\u0103 c\u0103 le pute\u021bi oferi clien\u021bilor un aspect distinctiv, de marc\u0103, care adaug\u0103 valoare \u0219i stil. Oferi\u021bi liniei dvs. de produse un avantaj cu acest accesoriu la mod\u0103 care este la fel de fermec\u0103tor pe c\u00e2t este de func\u021bional.<\/p>","protected":false},"excerpt":{"rendered":"<p>Bandana noastr\u0103 cu papion este cel mai bun accesoriu de mod\u0103 pentru animalele de companie, combin\u00e2nd stilul cu confortul. Fabricat\u0103 din \u021bes\u0103tur\u0103 moale \u0219i durabil\u0103, aceast\u0103 bandan\u0103 include un papion dr\u0103gu\u021b care este perfect pentru animalele de companie \u00een orice ocazie. Conceput\u0103 cu clien\u021bii B2B \u00een minte, bandana este complet personalizabil\u0103, permi\u021b\u00e2nd logo-uri de marc\u0103 sau modele unice care se aliniaz\u0103 cu identitatea m\u0103rcii dvs. Ideal\u0103 pentru magazinele de animale de companie, groomeri sau comercian\u021bi cu am\u0103nuntul, aceast\u0103 bandan\u0103 cu papion este o completare fantastic\u0103 pentru orice linie de produse. Oferi\u021bi clien\u021bilor dvs. un accesoriu elegant, de \u00eenalt\u0103 calitate, care ridic\u0103 moda animalelor de companie, prezent\u00e2nd \u00een acela\u0219i timp brandul dvs.<\/p>","protected":false},"featured_media":9281,"template":"","meta":[],"product_brand":[],"product_cat":[58],"product_tag":[],"class_list":{"0":"post-9280","1":"product","2":"type-product","3":"status-publish","4":"has-post-thumbnail","6":"product_cat-accessories","8":"first","9":"instock","10":"shipping-taxable","11":"product-type-simple"},"yoast_head":"<!-- This site is optimized with the Yoast SEO plugin v26.6 - https:\/\/yoast.com\/wordpress\/plugins\/seo\/ -->\n<title>Bow Tie Bandana | QQPETS<\/title>\n<meta name=\"description\" content=\"Stylish, customizable Bow Tie Bandana for pets, ideal for branding with custom logos or patterns. Perfect for B2B clients looking to enhance their product lineup.\" \/>\n<meta name=\"robots\" content=\"index, follow, max-snippet:-1, max-image-preview:large, max-video-preview:-1\" \/>\n<link rel=\"canonical\" href=\"https:\/\/qqpets.com\/ro\/produs\/bow-tie-bandana\/\" \/>\n<meta property=\"og:locale\" content=\"ro_RO\" \/>\n<meta property=\"og:type\" content=\"article\" \/>\n<meta property=\"og:title\" content=\"Bow Tie Bandana | QQPETS\" \/>\n<meta property=\"og:description\" content=\"Stylish, customizable Bow Tie Bandana for pets, ideal for branding with custom logos or patterns. Perfect for B2B clients looking to enhance their product lineup.\" \/>\n<meta property=\"og:url\" content=\"https:\/\/qqpets.com\/ro\/produs\/bow-tie-bandana\/\" \/>\n<meta property=\"og:site_name\" content=\"QQPETS\" \/>\n<meta property=\"article:publisher\" content=\"https:\/\/www.facebook.com\/QQpetsdogcollars\" \/>\n<meta property=\"og:image\" content=\"https:\/\/qqpets.com\/wp-content\/uploads\/2024\/11\/Bow-Tie-Bandana1.webp\" \/>\n\t<meta property=\"og:image:width\" content=\"1000\" \/>\n\t<meta property=\"og:image:height\" content=\"1000\" \/>\n\t<meta property=\"og:image:type\" content=\"image\/webp\" \/>\n<meta name=\"twitter:card\" content=\"summary_large_image\" \/>\n<meta name=\"twitter:label1\" content=\"Timp estimat pentru citire\" \/>\n\t<meta name=\"twitter:data1\" content=\"2 minute\" \/>\n<script type=\"application\/ld+json\" class=\"yoast-schema-graph\">{\"@context\":\"https:\/\/schema.org\",\"@graph\":[{\"@type\":\"WebPage\",\"@id\":\"https:\/\/qqpets.com\/product\/bow-tie-bandana\/\",\"url\":\"https:\/\/qqpets.com\/product\/bow-tie-bandana\/\",\"name\":\"Bow Tie Bandana | QQPETS\",\"isPartOf\":{\"@id\":\"https:\/\/qqpets.com\/#website\"},\"primaryImageOfPage\":{\"@id\":\"https:\/\/qqpets.com\/product\/bow-tie-bandana\/#primaryimage\"},\"image\":{\"@id\":\"https:\/\/qqpets.com\/product\/bow-tie-bandana\/#primaryimage\"},\"thumbnailUrl\":\"https:\/\/qqpets.com\/wp-content\/uploads\/2024\/11\/Bow-Tie-Bandana1.webp\",\"datePublished\":\"2024-11-13T09:02:00+00:00\",\"description\":\"Stylish, customizable Bow Tie Bandana for pets, ideal for branding with custom logos or patterns. Perfect for B2B clients looking to enhance their product lineup.\",\"breadcrumb\":{\"@id\":\"https:\/\/qqpets.com\/product\/bow-tie-bandana\/#breadcrumb\"},\"inLanguage\":\"ro-RO\",\"potentialAction\":[{\"@type\":\"ReadAction\",\"target\":[\"https:\/\/qqpets.com\/product\/bow-tie-bandana\/\"]}]},{\"@type\":\"ImageObject\",\"inLanguage\":\"ro-RO\",\"@id\":\"https:\/\/qqpets.com\/product\/bow-tie-bandana\/#primaryimage\",\"url\":\"https:\/\/qqpets.com\/wp-content\/uploads\/2024\/11\/Bow-Tie-Bandana1.webp\",\"contentUrl\":\"https:\/\/qqpets.com\/wp-content\/uploads\/2024\/11\/Bow-Tie-Bandana1.webp\",\"width\":1000,\"height\":1000},{\"@type\":\"BreadcrumbList\",\"@id\":\"https:\/\/qqpets.com\/product\/bow-tie-bandana\/#breadcrumb\",\"itemListElement\":[{\"@type\":\"ListItem\",\"position\":1,\"name\":\"Home\",\"item\":\"https:\/\/qqpets.com\/\"},{\"@type\":\"ListItem\",\"position\":2,\"name\":\"Products\",\"item\":\"https:\/\/qqpets.com\/pet-products-manufacturer\/\"},{\"@type\":\"ListItem\",\"position\":3,\"name\":\"Bow Tie Bandana\"}]},{\"@type\":\"WebSite\",\"@id\":\"https:\/\/qqpets.com\/#website\",\"url\":\"https:\/\/qqpets.com\/\",\"name\":\"QQPETS\",\"description\":\"QQPETS is a pet products factory for dog harnesses, dog collars, dog leashes and dog accessories with professional customized service since 2005.\",\"publisher\":{\"@id\":\"https:\/\/qqpets.com\/#organization\"},\"potentialAction\":[{\"@type\":\"SearchAction\",\"target\":{\"@type\":\"EntryPoint\",\"urlTemplate\":\"https:\/\/qqpets.com\/?s={search_term_string}\"},\"query-input\":{\"@type\":\"PropertyValueSpecification\",\"valueRequired\":true,\"valueName\":\"search_term_string\"}}],\"inLanguage\":\"ro-RO\"},{\"@type\":\"Organization\",\"@id\":\"https:\/\/qqpets.com\/#organization\",\"name\":\"QQPETS\",\"url\":\"https:\/\/qqpets.com\/\",\"logo\":{\"@type\":\"ImageObject\",\"inLanguage\":\"ro-RO\",\"@id\":\"https:\/\/qqpets.com\/#\/schema\/logo\/image\/\",\"url\":\"https:\/\/qqpets.com\/wp-content\/uploads\/2023\/09\/cropped-cropped-qqpets-tiktok.jpg\",\"contentUrl\":\"https:\/\/qqpets.com\/wp-content\/uploads\/2023\/09\/cropped-cropped-qqpets-tiktok.jpg\",\"width\":511,\"height\":511,\"caption\":\"QQPETS\"},\"image\":{\"@id\":\"https:\/\/qqpets.com\/#\/schema\/logo\/image\/\"},\"sameAs\":[\"https:\/\/www.facebook.com\/QQpetsdogcollars\",\"https:\/\/www.instagram.com\/qqpetscollar\/\",\"https:\/\/www.pinterest.com\/qqpetsdogcollarsfactory\/\"]}]}<\/script>\n<!-- \/ Yoast SEO plugin. -->","yoast_head_json":{"title":"Bow Tie Bandana | QQPETS","description":"Bandan\u0103 cu papion elegant\u0103 \u0219i personalizabil\u0103 pentru animale de companie, ideal\u0103 pentru branding cu logo-uri sau modele personalizate. Perfect\u0103 pentru clien\u021bii B2B care doresc s\u0103 \u00ee\u0219i \u00eembun\u0103t\u0103\u021beasc\u0103 gama de produse.","robots":{"index":"index","follow":"follow","max-snippet":"max-snippet:-1","max-image-preview":"max-image-preview:large","max-video-preview":"max-video-preview:-1"},"canonical":"https:\/\/qqpets.com\/ro\/produs\/bow-tie-bandana\/","og_locale":"ro_RO","og_type":"article","og_title":"Bow Tie Bandana | QQPETS","og_description":"Stylish, customizable Bow Tie Bandana for pets, ideal for branding with custom logos or patterns. Perfect for B2B clients looking to enhance their product lineup.","og_url":"https:\/\/qqpets.com\/ro\/produs\/bow-tie-bandana\/","og_site_name":"QQPETS","article_publisher":"https:\/\/www.facebook.com\/QQpetsdogcollars","og_image":[{"width":1000,"height":1000,"url":"https:\/\/qqpets.com\/wp-content\/uploads\/2024\/11\/Bow-Tie-Bandana1.webp","type":"image\/webp"}],"twitter_card":"summary_large_image","twitter_misc":{"Timp estimat pentru citire":"2 minute"},"schema":{"@context":"https:\/\/schema.org","@graph":[{"@type":"WebPage","@id":"https:\/\/qqpets.com\/product\/bow-tie-bandana\/","url":"https:\/\/qqpets.com\/product\/bow-tie-bandana\/","name":"Bow Tie Bandana | QQPETS","isPartOf":{"@id":"https:\/\/qqpets.com\/#website"},"primaryImageOfPage":{"@id":"https:\/\/qqpets.com\/product\/bow-tie-bandana\/#primaryimage"},"image":{"@id":"https:\/\/qqpets.com\/product\/bow-tie-bandana\/#primaryimage"},"thumbnailUrl":"https:\/\/qqpets.com\/wp-content\/uploads\/2024\/11\/Bow-Tie-Bandana1.webp","datePublished":"2024-11-13T09:02:00+00:00","description":"Bandan\u0103 cu papion elegant\u0103 \u0219i personalizabil\u0103 pentru animale de companie, ideal\u0103 pentru branding cu logo-uri sau modele personalizate. Perfect\u0103 pentru clien\u021bii B2B care doresc s\u0103 \u00ee\u0219i \u00eembun\u0103t\u0103\u021beasc\u0103 gama de produse.","breadcrumb":{"@id":"https:\/\/qqpets.com\/product\/bow-tie-bandana\/#breadcrumb"},"inLanguage":"ro-RO","potentialAction":[{"@type":"ReadAction","target":["https:\/\/qqpets.com\/product\/bow-tie-bandana\/"]}]},{"@type":"ImageObject","inLanguage":"ro-RO","@id":"https:\/\/qqpets.com\/product\/bow-tie-bandana\/#primaryimage","url":"https:\/\/qqpets.com\/wp-content\/uploads\/2024\/11\/Bow-Tie-Bandana1.webp","contentUrl":"https:\/\/qqpets.com\/wp-content\/uploads\/2024\/11\/Bow-Tie-Bandana1.webp","width":1000,"height":1000},{"@type":"BreadcrumbList","@id":"https:\/\/qqpets.com\/product\/bow-tie-bandana\/#breadcrumb","itemListElement":[{"@type":"ListItem","position":1,"name":"Home","item":"https:\/\/qqpets.com\/"},{"@type":"ListItem","position":2,"name":"Products","item":"https:\/\/qqpets.com\/pet-products-manufacturer\/"},{"@type":"ListItem","position":3,"name":"Bow Tie Bandana"}]},{"@type":"WebSite","@id":"https:\/\/qqpets.com\/#website","url":"https:\/\/qqpets.com\/","name":"QQPETS","description":"QQPETS este o fabric\u0103 de produse pentru animale de companie pentru hamuri pentru c\u00e2ini, gulere pentru c\u00e2ini, lese pentru c\u00e2ini \u0219i accesorii pentru c\u00e2ini cu servicii profesionale personalizate din 2005.","publisher":{"@id":"https:\/\/qqpets.com\/#organization"},"potentialAction":[{"@type":"SearchAction","target":{"@type":"EntryPoint","urlTemplate":"https:\/\/qqpets.com\/?s={search_term_string}"},"query-input":{"@type":"PropertyValueSpecification","valueRequired":true,"valueName":"search_term_string"}}],"inLanguage":"ro-RO"},{"@type":"Organization","@id":"https:\/\/qqpets.com\/#organization","name":"QQPETS","url":"https:\/\/qqpets.com\/","logo":{"@type":"ImageObject","inLanguage":"ro-RO","@id":"https:\/\/qqpets.com\/#\/schema\/logo\/image\/","url":"https:\/\/qqpets.com\/wp-content\/uploads\/2023\/09\/cropped-cropped-qqpets-tiktok.jpg","contentUrl":"https:\/\/qqpets.com\/wp-content\/uploads\/2023\/09\/cropped-cropped-qqpets-tiktok.jpg","width":511,"height":511,"caption":"QQPETS"},"image":{"@id":"https:\/\/qqpets.com\/#\/schema\/logo\/image\/"},"sameAs":["https:\/\/www.facebook.com\/QQpetsdogcollars","https:\/\/www.instagram.com\/qqpetscollar\/","https:\/\/www.pinterest.com\/qqpetsdogcollarsfactory\/"]}]}},"_links":{"self":[{"href":"https:\/\/qqpets.com\/ro\/wp-json\/wp\/v2\/product\/9280","targetHints":{"allow":["GET"]}}],"collection":[{"href":"https:\/\/qqpets.com\/ro\/wp-json\/wp\/v2\/product"}],"about":[{"href":"https:\/\/qqpets.com\/ro\/wp-json\/wp\/v2\/types\/product"}],"wp:featuredmedia":[{"embeddable":true,"href":"https:\/\/qqpets.com\/ro\/wp-json\/wp\/v2\/media\/9281"}],"wp:attachment":[{"href":"https:\/\/qqpets.com\/ro\/wp-json\/wp\/v2\/media?parent=9280"}],"wp:term":[{"taxonomy":"product_brand","embeddable":true,"href":"https:\/\/qqpets.com\/ro\/wp-json\/wp\/v2\/product_brand?post=9280"},{"taxonomy":"product_cat","embeddable":true,"href":"https:\/\/qqpets.com\/ro\/wp-json\/wp\/v2\/product_cat?post=9280"},{"taxonomy":"product_tag","embeddable":true,"href":"https:\/\/qqpets.com\/ro\/wp-json\/wp\/v2\/product_tag?post=9280"}],"curies":[{"name":"wp","href":"https:\/\/api.w.org\/{rel}","templated":true}]}}