{"id":9285,"date":"2024-11-14T11:39:39","date_gmt":"2024-11-14T03:39:39","guid":{"rendered":"https:\/\/qqpets.com\/?post_type=product&#038;p=9285"},"modified":"2024-11-14T11:39:39","modified_gmt":"2024-11-14T03:39:39","slug":"scrunchie","status":"publish","type":"product","link":"https:\/\/qqpets.com\/ro\/produs\/scrunchie\/","title":{"rendered":"E\u0219arf\u0103 Scrunchie"},"content":{"rendered":"<p>Acest scrunchie personalizabil este creat pentru a aduce un amestec de stil, confort \u0219i identitate de brand pentru orice gam\u0103 de accesorii pentru animale de companie. Fabricat din \u021bes\u0103tur\u0103 durabil\u0103, de \u00eenalt\u0103 calitate, scrunchies-ul nostru asigur\u0103 o purtare de lung\u0103 durat\u0103 \u0219i culori vibrante care rezist\u0103 la utilizarea \u0219i sp\u0103larea frecvent\u0103. Conceput pentru a fi delicat at\u00e2t cu animalele de companie, c\u00e2t \u0219i cu st\u0103p\u00e2nii, scrunchie-ul ofer\u0103 o op\u021biune versatil\u0103 \u0219i elegant\u0103 care se aliniaz\u0103 perfect cu viziunea brandului dvs.<\/p>\n<p>Pentru clien\u021bii B2B, scrunchie-ul este complet personalizabil - fie c\u0103 dori\u021bi s\u0103 ad\u0103uga\u021bi logo-ul dvs., culori specifice sau modele unice, este u\u0219or s\u0103 v\u0103 \u00eensu\u0219i\u021bi acest produs. Este perfect pentru companiile de \u00eengrijire a animalelor de companie, buticurile online sau orice magazin cu am\u0103nuntul care dore\u0219te s\u0103 \u00ee\u0219i extind\u0103 colec\u021bia de accesorii cu un articol \u0219ic, \u00een tendin\u021be, care se adreseaz\u0103 at\u00e2t animalelor de companie, c\u00e2t \u0219i p\u0103rin\u021bilor acestora.<\/p>\n<p>Fie c\u0103 este folosit pentru asortarea \u021binutelor proprietarilor de animale de companie, ca accesoriu pentru p\u0103r sau ca br\u0103\u021bar\u0103, acest elastic ofer\u0103 o not\u0103 juc\u0103u\u0219\u0103, la mod\u0103, care va atrage aten\u021bia. Ridica\u021bi-v\u0103 brandul cu acest elastic elegant, oferind clien\u021bilor o modalitate unic\u0103 de a-\u0219i ar\u0103ta at\u00e2t flerul personal, c\u00e2t \u0219i loialitatea fa\u021b\u0103 de brandul dvs.<\/p>","protected":false},"excerpt":{"rendered":"<p>Scrunchie-ul nostru personalizabil este un accesoriu versatil \u0219i elegant, ideal pentru potrivirea \u00eentre animalul de companie \u0219i st\u0103p\u00e2n. Fabricat din \u021bes\u0103tur\u0103 premium, durabil\u0103, este perfect pentru clien\u021bii B2B care doresc s\u0103 \u00ee\u0219i prezinte brandul cu logo-uri sau modele personalizate. Fie c\u0103 este un accesoriu fermec\u0103tor pentru animalele de companie sau un articol de mod\u0103 la mod\u0103, acest scrunchie combin\u0103 confortul \u0219i stilul. Este proiectat pentru rezilien\u021b\u0103 \u0219i p\u0103strarea culorilor vibrante, chiar \u0219i dup\u0103 purtare repetat\u0103. Ad\u0103uga\u021bi acest produs juc\u0103u\u0219 \u0219i la mod\u0103 la colec\u021bia m\u0103rcii dvs. \u0219i oferi\u021bi clien\u021bilor o modalitate unic\u0103 de a-\u0219i exprima stilul personal, eviden\u021biind \u00een acela\u0219i timp identitatea m\u0103rcii dvs.<\/p>","protected":false},"featured_media":9288,"template":"","meta":[],"product_brand":[],"product_cat":[58],"product_tag":[],"class_list":{"0":"post-9285","1":"product","2":"type-product","3":"status-publish","4":"has-post-thumbnail","6":"product_cat-accessories","8":"first","9":"instock","10":"shipping-taxable","11":"product-type-simple"},"yoast_head":"<!-- This site is optimized with the Yoast SEO plugin v26.6 - https:\/\/yoast.com\/wordpress\/plugins\/seo\/ -->\n<title>Headscarf Scrunchie | QQPETS<\/title>\n<meta name=\"description\" content=\"Customizable scrunchie for pets and owners! High-quality, durable fabric. Perfect for B2B clients wanting branded designs with custom logos or patterns.\" \/>\n<meta name=\"robots\" content=\"index, follow, max-snippet:-1, max-image-preview:large, max-video-preview:-1\" \/>\n<link rel=\"canonical\" href=\"https:\/\/qqpets.com\/ro\/produs\/scrunchie\/\" \/>\n<meta property=\"og:locale\" content=\"ro_RO\" \/>\n<meta property=\"og:type\" content=\"article\" \/>\n<meta property=\"og:title\" content=\"Headscarf Scrunchie | QQPETS\" \/>\n<meta property=\"og:description\" content=\"Customizable scrunchie for pets and owners! High-quality, durable fabric. Perfect for B2B clients wanting branded designs with custom logos or patterns.\" \/>\n<meta property=\"og:url\" content=\"https:\/\/qqpets.com\/ro\/produs\/scrunchie\/\" \/>\n<meta property=\"og:site_name\" content=\"QQPETS\" \/>\n<meta property=\"article:publisher\" content=\"https:\/\/www.facebook.com\/QQpetsdogcollars\" \/>\n<meta property=\"og:image\" content=\"https:\/\/qqpets.com\/wp-content\/uploads\/2024\/11\/Headscarf-Scrunchie1.webp\" \/>\n\t<meta property=\"og:image:width\" content=\"800\" \/>\n\t<meta property=\"og:image:height\" content=\"800\" \/>\n\t<meta property=\"og:image:type\" content=\"image\/webp\" \/>\n<meta name=\"twitter:card\" content=\"summary_large_image\" \/>\n<meta name=\"twitter:label1\" content=\"Timp estimat pentru citire\" \/>\n\t<meta name=\"twitter:data1\" content=\"1 minut\" \/>\n<script type=\"application\/ld+json\" class=\"yoast-schema-graph\">{\"@context\":\"https:\/\/schema.org\",\"@graph\":[{\"@type\":\"WebPage\",\"@id\":\"https:\/\/qqpets.com\/product\/scrunchie\/\",\"url\":\"https:\/\/qqpets.com\/product\/scrunchie\/\",\"name\":\"Headscarf Scrunchie | QQPETS\",\"isPartOf\":{\"@id\":\"https:\/\/qqpets.com\/#website\"},\"primaryImageOfPage\":{\"@id\":\"https:\/\/qqpets.com\/product\/scrunchie\/#primaryimage\"},\"image\":{\"@id\":\"https:\/\/qqpets.com\/product\/scrunchie\/#primaryimage\"},\"thumbnailUrl\":\"https:\/\/qqpets.com\/wp-content\/uploads\/2024\/11\/Headscarf-Scrunchie1.webp\",\"datePublished\":\"2024-11-14T03:39:39+00:00\",\"description\":\"Customizable scrunchie for pets and owners! High-quality, durable fabric. Perfect for B2B clients wanting branded designs with custom logos or patterns.\",\"breadcrumb\":{\"@id\":\"https:\/\/qqpets.com\/product\/scrunchie\/#breadcrumb\"},\"inLanguage\":\"ro-RO\",\"potentialAction\":[{\"@type\":\"ReadAction\",\"target\":[\"https:\/\/qqpets.com\/product\/scrunchie\/\"]}]},{\"@type\":\"ImageObject\",\"inLanguage\":\"ro-RO\",\"@id\":\"https:\/\/qqpets.com\/product\/scrunchie\/#primaryimage\",\"url\":\"https:\/\/qqpets.com\/wp-content\/uploads\/2024\/11\/Headscarf-Scrunchie1.webp\",\"contentUrl\":\"https:\/\/qqpets.com\/wp-content\/uploads\/2024\/11\/Headscarf-Scrunchie1.webp\",\"width\":800,\"height\":800},{\"@type\":\"BreadcrumbList\",\"@id\":\"https:\/\/qqpets.com\/product\/scrunchie\/#breadcrumb\",\"itemListElement\":[{\"@type\":\"ListItem\",\"position\":1,\"name\":\"Home\",\"item\":\"https:\/\/qqpets.com\/\"},{\"@type\":\"ListItem\",\"position\":2,\"name\":\"Products\",\"item\":\"https:\/\/qqpets.com\/pet-products-manufacturer\/\"},{\"@type\":\"ListItem\",\"position\":3,\"name\":\"Headscarf Scrunchie\"}]},{\"@type\":\"WebSite\",\"@id\":\"https:\/\/qqpets.com\/#website\",\"url\":\"https:\/\/qqpets.com\/\",\"name\":\"QQPETS\",\"description\":\"QQPETS is a pet products factory for dog harnesses, dog collars, dog leashes and dog accessories with professional customized service since 2005.\",\"publisher\":{\"@id\":\"https:\/\/qqpets.com\/#organization\"},\"potentialAction\":[{\"@type\":\"SearchAction\",\"target\":{\"@type\":\"EntryPoint\",\"urlTemplate\":\"https:\/\/qqpets.com\/?s={search_term_string}\"},\"query-input\":{\"@type\":\"PropertyValueSpecification\",\"valueRequired\":true,\"valueName\":\"search_term_string\"}}],\"inLanguage\":\"ro-RO\"},{\"@type\":\"Organization\",\"@id\":\"https:\/\/qqpets.com\/#organization\",\"name\":\"QQPETS\",\"url\":\"https:\/\/qqpets.com\/\",\"logo\":{\"@type\":\"ImageObject\",\"inLanguage\":\"ro-RO\",\"@id\":\"https:\/\/qqpets.com\/#\/schema\/logo\/image\/\",\"url\":\"https:\/\/qqpets.com\/wp-content\/uploads\/2023\/09\/cropped-cropped-qqpets-tiktok.jpg\",\"contentUrl\":\"https:\/\/qqpets.com\/wp-content\/uploads\/2023\/09\/cropped-cropped-qqpets-tiktok.jpg\",\"width\":511,\"height\":511,\"caption\":\"QQPETS\"},\"image\":{\"@id\":\"https:\/\/qqpets.com\/#\/schema\/logo\/image\/\"},\"sameAs\":[\"https:\/\/www.facebook.com\/QQpetsdogcollars\",\"https:\/\/www.instagram.com\/qqpetscollar\/\",\"https:\/\/www.pinterest.com\/qqpetsdogcollarsfactory\/\"]}]}<\/script>\n<!-- \/ Yoast SEO plugin. -->","yoast_head_json":{"title":"E\u0219arf\u0103 de cap Scrunchie | QQPETS","description":"Scrunchie personalizabil pentru animale de companie \u0219i proprietari! \u021aes\u0103tur\u0103 de \u00eenalt\u0103 calitate, durabil\u0103. Perfect pentru clien\u021bii B2B care doresc modele de marc\u0103 cu logo-uri sau modele personalizate.","robots":{"index":"index","follow":"follow","max-snippet":"max-snippet:-1","max-image-preview":"max-image-preview:large","max-video-preview":"max-video-preview:-1"},"canonical":"https:\/\/qqpets.com\/ro\/produs\/scrunchie\/","og_locale":"ro_RO","og_type":"article","og_title":"Headscarf Scrunchie | QQPETS","og_description":"Customizable scrunchie for pets and owners! High-quality, durable fabric. Perfect for B2B clients wanting branded designs with custom logos or patterns.","og_url":"https:\/\/qqpets.com\/ro\/produs\/scrunchie\/","og_site_name":"QQPETS","article_publisher":"https:\/\/www.facebook.com\/QQpetsdogcollars","og_image":[{"width":800,"height":800,"url":"https:\/\/qqpets.com\/wp-content\/uploads\/2024\/11\/Headscarf-Scrunchie1.webp","type":"image\/webp"}],"twitter_card":"summary_large_image","twitter_misc":{"Timp estimat pentru citire":"1 minut"},"schema":{"@context":"https:\/\/schema.org","@graph":[{"@type":"WebPage","@id":"https:\/\/qqpets.com\/product\/scrunchie\/","url":"https:\/\/qqpets.com\/product\/scrunchie\/","name":"E\u0219arf\u0103 de cap Scrunchie | QQPETS","isPartOf":{"@id":"https:\/\/qqpets.com\/#website"},"primaryImageOfPage":{"@id":"https:\/\/qqpets.com\/product\/scrunchie\/#primaryimage"},"image":{"@id":"https:\/\/qqpets.com\/product\/scrunchie\/#primaryimage"},"thumbnailUrl":"https:\/\/qqpets.com\/wp-content\/uploads\/2024\/11\/Headscarf-Scrunchie1.webp","datePublished":"2024-11-14T03:39:39+00:00","description":"Scrunchie personalizabil pentru animale de companie \u0219i proprietari! \u021aes\u0103tur\u0103 de \u00eenalt\u0103 calitate, durabil\u0103. Perfect pentru clien\u021bii B2B care doresc modele de marc\u0103 cu logo-uri sau modele personalizate.","breadcrumb":{"@id":"https:\/\/qqpets.com\/product\/scrunchie\/#breadcrumb"},"inLanguage":"ro-RO","potentialAction":[{"@type":"ReadAction","target":["https:\/\/qqpets.com\/product\/scrunchie\/"]}]},{"@type":"ImageObject","inLanguage":"ro-RO","@id":"https:\/\/qqpets.com\/product\/scrunchie\/#primaryimage","url":"https:\/\/qqpets.com\/wp-content\/uploads\/2024\/11\/Headscarf-Scrunchie1.webp","contentUrl":"https:\/\/qqpets.com\/wp-content\/uploads\/2024\/11\/Headscarf-Scrunchie1.webp","width":800,"height":800},{"@type":"BreadcrumbList","@id":"https:\/\/qqpets.com\/product\/scrunchie\/#breadcrumb","itemListElement":[{"@type":"ListItem","position":1,"name":"Home","item":"https:\/\/qqpets.com\/"},{"@type":"ListItem","position":2,"name":"Products","item":"https:\/\/qqpets.com\/pet-products-manufacturer\/"},{"@type":"ListItem","position":3,"name":"Headscarf Scrunchie"}]},{"@type":"WebSite","@id":"https:\/\/qqpets.com\/#website","url":"https:\/\/qqpets.com\/","name":"QQPETS","description":"QQPETS este o fabric\u0103 de produse pentru animale de companie pentru hamuri pentru c\u00e2ini, gulere pentru c\u00e2ini, lese pentru c\u00e2ini \u0219i accesorii pentru c\u00e2ini cu servicii profesionale personalizate din 2005.","publisher":{"@id":"https:\/\/qqpets.com\/#organization"},"potentialAction":[{"@type":"SearchAction","target":{"@type":"EntryPoint","urlTemplate":"https:\/\/qqpets.com\/?s={search_term_string}"},"query-input":{"@type":"PropertyValueSpecification","valueRequired":true,"valueName":"search_term_string"}}],"inLanguage":"ro-RO"},{"@type":"Organization","@id":"https:\/\/qqpets.com\/#organization","name":"QQPETS","url":"https:\/\/qqpets.com\/","logo":{"@type":"ImageObject","inLanguage":"ro-RO","@id":"https:\/\/qqpets.com\/#\/schema\/logo\/image\/","url":"https:\/\/qqpets.com\/wp-content\/uploads\/2023\/09\/cropped-cropped-qqpets-tiktok.jpg","contentUrl":"https:\/\/qqpets.com\/wp-content\/uploads\/2023\/09\/cropped-cropped-qqpets-tiktok.jpg","width":511,"height":511,"caption":"QQPETS"},"image":{"@id":"https:\/\/qqpets.com\/#\/schema\/logo\/image\/"},"sameAs":["https:\/\/www.facebook.com\/QQpetsdogcollars","https:\/\/www.instagram.com\/qqpetscollar\/","https:\/\/www.pinterest.com\/qqpetsdogcollarsfactory\/"]}]}},"_links":{"self":[{"href":"https:\/\/qqpets.com\/ro\/wp-json\/wp\/v2\/product\/9285","targetHints":{"allow":["GET"]}}],"collection":[{"href":"https:\/\/qqpets.com\/ro\/wp-json\/wp\/v2\/product"}],"about":[{"href":"https:\/\/qqpets.com\/ro\/wp-json\/wp\/v2\/types\/product"}],"wp:featuredmedia":[{"embeddable":true,"href":"https:\/\/qqpets.com\/ro\/wp-json\/wp\/v2\/media\/9288"}],"wp:attachment":[{"href":"https:\/\/qqpets.com\/ro\/wp-json\/wp\/v2\/media?parent=9285"}],"wp:term":[{"taxonomy":"product_brand","embeddable":true,"href":"https:\/\/qqpets.com\/ro\/wp-json\/wp\/v2\/product_brand?post=9285"},{"taxonomy":"product_cat","embeddable":true,"href":"https:\/\/qqpets.com\/ro\/wp-json\/wp\/v2\/product_cat?post=9285"},{"taxonomy":"product_tag","embeddable":true,"href":"https:\/\/qqpets.com\/ro\/wp-json\/wp\/v2\/product_tag?post=9285"}],"curies":[{"name":"wp","href":"https:\/\/api.w.org\/{rel}","templated":true}]}}