{"id":9302,"date":"2024-11-14T11:56:30","date_gmt":"2024-11-14T03:56:30","guid":{"rendered":"https:\/\/qqpets.com\/?post_type=product&#038;p=9302"},"modified":"2024-11-14T11:56:30","modified_gmt":"2024-11-14T03:56:30","slug":"dog-bow-tie","status":"publish","type":"product","link":"https:\/\/qqpets.com\/ro\/produs\/dog-bow-tie\/","title":{"rendered":"Papion c\u00e2ine"},"content":{"rendered":"<p>Acest papion personalizabil ofer\u0103 o modalitate elegant\u0103 \u0219i practic\u0103 pentru m\u0103rcile de animale de companie de a ad\u0103uga o not\u0103 de elegan\u021b\u0103 gamei lor de produse. Fabricat din \u021bes\u0103tur\u0103 de calitate superioar\u0103, papionul combin\u0103 durabilitatea cu op\u021biuni de design vibrante \u0219i personalizabile care prezint\u0103 identitatea unic\u0103 a m\u0103rcii dvs. Fie c\u0103 este folosit ca element de mod\u0103 sezonier sau ca accesoriu de zi cu zi, acest papion este f\u0103cut s\u0103 dureze, cu cus\u0103turi de calitate \u0219i un design u\u0219or de ata\u0219at care se potrive\u0219te \u00een siguran\u021b\u0103 pe orice zgard\u0103 standard pentru animale de companie.<\/p>\n<p>Conceput pentru confort \u0219i stil, acest papion este perfect pentru companiile de \u00eengrijire a animalelor de companie, pentru magazinele online de accesorii pentru animale de companie sau pentru orice comerciant cu am\u0103nuntul care dore\u0219te s\u0103 ias\u0103 \u00een eviden\u021b\u0103 cu oferte unice, de marc\u0103. Pentru clien\u021bii B2B, este o oportunitate ideal\u0103 de a spori atractivitatea produselor prin logo-uri, culori sau modele personalizate care se aliniaz\u0103 cu estetica m\u0103rcii dvs.<\/p>\n<p>Ad\u0103ugarea acestui papion la colec\u021bia dvs. ofer\u0103 clien\u021bilor o op\u021biune unic\u0103 \u0219i la mod\u0103 pentru animalele lor de companie. Cu amestecul s\u0103u de elegan\u021b\u0103 \u0219i calitate, acest accesoriu nu numai c\u0103 completeaz\u0103 \u021binuta unui animal de companie, dar serve\u0219te \u0219i ca un instrument de branding \u0219ic pentru afacerea dvs.<\/p>","protected":false},"excerpt":{"rendered":"<p>Papionul nostru personalizabil este accesoriul perfect pentru animalele de companie, ad\u0103ug\u00e2nd o not\u0103 de rafinament \u0219i stil. Fabricat din \u021bes\u0103tur\u0103 premium, durabil\u0103, acest papion este ideal pentru clien\u021bii B2B care doresc s\u0103 prezinte logo-uri personalizate sau modele unice, fiind o solu\u021bie elegant\u0103 de branding. Confortabil \u0219i u\u0219or de ata\u0219at, este proiectat s\u0103 se potriveasc\u0103 bine pe gulere, permi\u021b\u00e2nd animalelor de companie s\u0103 r\u0103m\u00e2n\u0103 at\u00e2t elegante, c\u00e2t \u0219i confortabile. Acest papion este o completare excelent\u0103 pentru brandurile care doresc s\u0103 ofere proprietarilor de animale accesorii la mod\u0103 \u0219i personalizate, care exprim\u0103 at\u00e2t stilul, c\u00e2t \u0219i identitatea de brand.<\/p>\n<p>&nbsp;<\/p>","protected":false},"featured_media":9303,"template":"","meta":[],"product_brand":[],"product_cat":[58],"product_tag":[],"class_list":{"0":"post-9302","1":"product","2":"type-product","3":"status-publish","4":"has-post-thumbnail","6":"product_cat-accessories","8":"first","9":"instock","10":"shipping-taxable","11":"product-type-simple"},"yoast_head":"<!-- This site is optimized with the Yoast SEO plugin v26.6 - https:\/\/yoast.com\/wordpress\/plugins\/seo\/ -->\n<title>Dog Bow Tie | QQPETS<\/title>\n<meta name=\"description\" content=\"Customizable bow tie for pets! Made from premium fabric, perfect for B2B clients needing custom logos or patterns. Elevate any pet brand with style and charm.\" \/>\n<meta name=\"robots\" content=\"index, follow, max-snippet:-1, max-image-preview:large, max-video-preview:-1\" \/>\n<link rel=\"canonical\" href=\"https:\/\/qqpets.com\/ro\/produs\/dog-bow-tie\/\" \/>\n<meta property=\"og:locale\" content=\"ro_RO\" \/>\n<meta property=\"og:type\" content=\"article\" \/>\n<meta property=\"og:title\" content=\"Dog Bow Tie | QQPETS\" \/>\n<meta property=\"og:description\" content=\"Customizable bow tie for pets! Made from premium fabric, perfect for B2B clients needing custom logos or patterns. Elevate any pet brand with style and charm.\" \/>\n<meta property=\"og:url\" content=\"https:\/\/qqpets.com\/ro\/produs\/dog-bow-tie\/\" \/>\n<meta property=\"og:site_name\" content=\"QQPETS\" \/>\n<meta property=\"article:publisher\" content=\"https:\/\/www.facebook.com\/QQpetsdogcollars\" \/>\n<meta property=\"og:image\" content=\"https:\/\/qqpets.com\/wp-content\/uploads\/2024\/11\/bow-tie1.webp\" \/>\n\t<meta property=\"og:image:width\" content=\"800\" \/>\n\t<meta property=\"og:image:height\" content=\"800\" \/>\n\t<meta property=\"og:image:type\" content=\"image\/webp\" \/>\n<meta name=\"twitter:card\" content=\"summary_large_image\" \/>\n<meta name=\"twitter:label1\" content=\"Timp estimat pentru citire\" \/>\n\t<meta name=\"twitter:data1\" content=\"1 minut\" \/>\n<script type=\"application\/ld+json\" class=\"yoast-schema-graph\">{\"@context\":\"https:\/\/schema.org\",\"@graph\":[{\"@type\":\"WebPage\",\"@id\":\"https:\/\/qqpets.com\/product\/dog-bow-tie\/\",\"url\":\"https:\/\/qqpets.com\/product\/dog-bow-tie\/\",\"name\":\"Dog Bow Tie | QQPETS\",\"isPartOf\":{\"@id\":\"https:\/\/qqpets.com\/#website\"},\"primaryImageOfPage\":{\"@id\":\"https:\/\/qqpets.com\/product\/dog-bow-tie\/#primaryimage\"},\"image\":{\"@id\":\"https:\/\/qqpets.com\/product\/dog-bow-tie\/#primaryimage\"},\"thumbnailUrl\":\"https:\/\/qqpets.com\/wp-content\/uploads\/2024\/11\/bow-tie1.webp\",\"datePublished\":\"2024-11-14T03:56:30+00:00\",\"description\":\"Customizable bow tie for pets! Made from premium fabric, perfect for B2B clients needing custom logos or patterns. Elevate any pet brand with style and charm.\",\"breadcrumb\":{\"@id\":\"https:\/\/qqpets.com\/product\/dog-bow-tie\/#breadcrumb\"},\"inLanguage\":\"ro-RO\",\"potentialAction\":[{\"@type\":\"ReadAction\",\"target\":[\"https:\/\/qqpets.com\/product\/dog-bow-tie\/\"]}]},{\"@type\":\"ImageObject\",\"inLanguage\":\"ro-RO\",\"@id\":\"https:\/\/qqpets.com\/product\/dog-bow-tie\/#primaryimage\",\"url\":\"https:\/\/qqpets.com\/wp-content\/uploads\/2024\/11\/bow-tie1.webp\",\"contentUrl\":\"https:\/\/qqpets.com\/wp-content\/uploads\/2024\/11\/bow-tie1.webp\",\"width\":800,\"height\":800},{\"@type\":\"BreadcrumbList\",\"@id\":\"https:\/\/qqpets.com\/product\/dog-bow-tie\/#breadcrumb\",\"itemListElement\":[{\"@type\":\"ListItem\",\"position\":1,\"name\":\"Home\",\"item\":\"https:\/\/qqpets.com\/\"},{\"@type\":\"ListItem\",\"position\":2,\"name\":\"Products\",\"item\":\"https:\/\/qqpets.com\/pet-products-manufacturer\/\"},{\"@type\":\"ListItem\",\"position\":3,\"name\":\"Dog Bow Tie\"}]},{\"@type\":\"WebSite\",\"@id\":\"https:\/\/qqpets.com\/#website\",\"url\":\"https:\/\/qqpets.com\/\",\"name\":\"QQPETS\",\"description\":\"QQPETS is a pet products factory for dog harnesses, dog collars, dog leashes and dog accessories with professional customized service since 2005.\",\"publisher\":{\"@id\":\"https:\/\/qqpets.com\/#organization\"},\"potentialAction\":[{\"@type\":\"SearchAction\",\"target\":{\"@type\":\"EntryPoint\",\"urlTemplate\":\"https:\/\/qqpets.com\/?s={search_term_string}\"},\"query-input\":{\"@type\":\"PropertyValueSpecification\",\"valueRequired\":true,\"valueName\":\"search_term_string\"}}],\"inLanguage\":\"ro-RO\"},{\"@type\":\"Organization\",\"@id\":\"https:\/\/qqpets.com\/#organization\",\"name\":\"QQPETS\",\"url\":\"https:\/\/qqpets.com\/\",\"logo\":{\"@type\":\"ImageObject\",\"inLanguage\":\"ro-RO\",\"@id\":\"https:\/\/qqpets.com\/#\/schema\/logo\/image\/\",\"url\":\"https:\/\/qqpets.com\/wp-content\/uploads\/2023\/09\/cropped-cropped-qqpets-tiktok.jpg\",\"contentUrl\":\"https:\/\/qqpets.com\/wp-content\/uploads\/2023\/09\/cropped-cropped-qqpets-tiktok.jpg\",\"width\":511,\"height\":511,\"caption\":\"QQPETS\"},\"image\":{\"@id\":\"https:\/\/qqpets.com\/#\/schema\/logo\/image\/\"},\"sameAs\":[\"https:\/\/www.facebook.com\/QQpetsdogcollars\",\"https:\/\/www.instagram.com\/qqpetscollar\/\",\"https:\/\/www.pinterest.com\/qqpetsdogcollarsfactory\/\"]}]}<\/script>\n<!-- \/ Yoast SEO plugin. -->","yoast_head_json":{"title":"C\u00e2ine Bow Tie | QQPETS","description":"Papion personalizabil pentru animale de companie! Fabricat din \u021bes\u0103tur\u0103 premium, perfect pentru clien\u021bii B2B care au nevoie de logo-uri sau modele personalizate. Ridica\u021bi orice brand de animale de companie cu stil \u0219i farmec.","robots":{"index":"index","follow":"follow","max-snippet":"max-snippet:-1","max-image-preview":"max-image-preview:large","max-video-preview":"max-video-preview:-1"},"canonical":"https:\/\/qqpets.com\/ro\/produs\/dog-bow-tie\/","og_locale":"ro_RO","og_type":"article","og_title":"Dog Bow Tie | QQPETS","og_description":"Customizable bow tie for pets! Made from premium fabric, perfect for B2B clients needing custom logos or patterns. Elevate any pet brand with style and charm.","og_url":"https:\/\/qqpets.com\/ro\/produs\/dog-bow-tie\/","og_site_name":"QQPETS","article_publisher":"https:\/\/www.facebook.com\/QQpetsdogcollars","og_image":[{"width":800,"height":800,"url":"https:\/\/qqpets.com\/wp-content\/uploads\/2024\/11\/bow-tie1.webp","type":"image\/webp"}],"twitter_card":"summary_large_image","twitter_misc":{"Timp estimat pentru citire":"1 minut"},"schema":{"@context":"https:\/\/schema.org","@graph":[{"@type":"WebPage","@id":"https:\/\/qqpets.com\/product\/dog-bow-tie\/","url":"https:\/\/qqpets.com\/product\/dog-bow-tie\/","name":"C\u00e2ine Bow Tie | QQPETS","isPartOf":{"@id":"https:\/\/qqpets.com\/#website"},"primaryImageOfPage":{"@id":"https:\/\/qqpets.com\/product\/dog-bow-tie\/#primaryimage"},"image":{"@id":"https:\/\/qqpets.com\/product\/dog-bow-tie\/#primaryimage"},"thumbnailUrl":"https:\/\/qqpets.com\/wp-content\/uploads\/2024\/11\/bow-tie1.webp","datePublished":"2024-11-14T03:56:30+00:00","description":"Papion personalizabil pentru animale de companie! Fabricat din \u021bes\u0103tur\u0103 premium, perfect pentru clien\u021bii B2B care au nevoie de logo-uri sau modele personalizate. Ridica\u021bi orice brand de animale de companie cu stil \u0219i farmec.","breadcrumb":{"@id":"https:\/\/qqpets.com\/product\/dog-bow-tie\/#breadcrumb"},"inLanguage":"ro-RO","potentialAction":[{"@type":"ReadAction","target":["https:\/\/qqpets.com\/product\/dog-bow-tie\/"]}]},{"@type":"ImageObject","inLanguage":"ro-RO","@id":"https:\/\/qqpets.com\/product\/dog-bow-tie\/#primaryimage","url":"https:\/\/qqpets.com\/wp-content\/uploads\/2024\/11\/bow-tie1.webp","contentUrl":"https:\/\/qqpets.com\/wp-content\/uploads\/2024\/11\/bow-tie1.webp","width":800,"height":800},{"@type":"BreadcrumbList","@id":"https:\/\/qqpets.com\/product\/dog-bow-tie\/#breadcrumb","itemListElement":[{"@type":"ListItem","position":1,"name":"Home","item":"https:\/\/qqpets.com\/"},{"@type":"ListItem","position":2,"name":"Products","item":"https:\/\/qqpets.com\/pet-products-manufacturer\/"},{"@type":"ListItem","position":3,"name":"Dog Bow Tie"}]},{"@type":"WebSite","@id":"https:\/\/qqpets.com\/#website","url":"https:\/\/qqpets.com\/","name":"QQPETS","description":"QQPETS este o fabric\u0103 de produse pentru animale de companie pentru hamuri pentru c\u00e2ini, gulere pentru c\u00e2ini, lese pentru c\u00e2ini \u0219i accesorii pentru c\u00e2ini cu servicii profesionale personalizate din 2005.","publisher":{"@id":"https:\/\/qqpets.com\/#organization"},"potentialAction":[{"@type":"SearchAction","target":{"@type":"EntryPoint","urlTemplate":"https:\/\/qqpets.com\/?s={search_term_string}"},"query-input":{"@type":"PropertyValueSpecification","valueRequired":true,"valueName":"search_term_string"}}],"inLanguage":"ro-RO"},{"@type":"Organization","@id":"https:\/\/qqpets.com\/#organization","name":"QQPETS","url":"https:\/\/qqpets.com\/","logo":{"@type":"ImageObject","inLanguage":"ro-RO","@id":"https:\/\/qqpets.com\/#\/schema\/logo\/image\/","url":"https:\/\/qqpets.com\/wp-content\/uploads\/2023\/09\/cropped-cropped-qqpets-tiktok.jpg","contentUrl":"https:\/\/qqpets.com\/wp-content\/uploads\/2023\/09\/cropped-cropped-qqpets-tiktok.jpg","width":511,"height":511,"caption":"QQPETS"},"image":{"@id":"https:\/\/qqpets.com\/#\/schema\/logo\/image\/"},"sameAs":["https:\/\/www.facebook.com\/QQpetsdogcollars","https:\/\/www.instagram.com\/qqpetscollar\/","https:\/\/www.pinterest.com\/qqpetsdogcollarsfactory\/"]}]}},"_links":{"self":[{"href":"https:\/\/qqpets.com\/ro\/wp-json\/wp\/v2\/product\/9302","targetHints":{"allow":["GET"]}}],"collection":[{"href":"https:\/\/qqpets.com\/ro\/wp-json\/wp\/v2\/product"}],"about":[{"href":"https:\/\/qqpets.com\/ro\/wp-json\/wp\/v2\/types\/product"}],"wp:featuredmedia":[{"embeddable":true,"href":"https:\/\/qqpets.com\/ro\/wp-json\/wp\/v2\/media\/9303"}],"wp:attachment":[{"href":"https:\/\/qqpets.com\/ro\/wp-json\/wp\/v2\/media?parent=9302"}],"wp:term":[{"taxonomy":"product_brand","embeddable":true,"href":"https:\/\/qqpets.com\/ro\/wp-json\/wp\/v2\/product_brand?post=9302"},{"taxonomy":"product_cat","embeddable":true,"href":"https:\/\/qqpets.com\/ro\/wp-json\/wp\/v2\/product_cat?post=9302"},{"taxonomy":"product_tag","embeddable":true,"href":"https:\/\/qqpets.com\/ro\/wp-json\/wp\/v2\/product_tag?post=9302"}],"curies":[{"name":"wp","href":"https:\/\/api.w.org\/{rel}","templated":true}]}}