{"id":9309,"date":"2024-11-14T13:47:12","date_gmt":"2024-11-14T05:47:12","guid":{"rendered":"https:\/\/qqpets.com\/?post_type=product&#038;p=9309"},"modified":"2024-11-14T13:47:12","modified_gmt":"2024-11-14T05:47:12","slug":"poop-bag","status":"publish","type":"product","link":"https:\/\/qqpets.com\/ro\/produs\/poop-bag\/","title":{"rendered":"Pung\u0103 de caca"},"content":{"rendered":"<p>Aceste pungi personalizate, de \u00eenalt\u0103 calitate, aduc o solu\u021bie durabil\u0103 \u0219i de \u00eembun\u0103t\u0103\u021bire a m\u0103rcii \u00een domeniul adesea neglijat al elimin\u0103rii de\u0219eurilor de la animalele de companie. Fabricate din materiale durabile \u0219i ecologice, aceste pungi ofer\u0103 m\u0103rcilor de animale de companie oportunitatea de a-\u0219i eviden\u021bia angajamentul fa\u021b\u0103 de mediu, oferind \u00een acela\u0219i timp un produs practic, de zi cu zi, pe care proprietarii de animale de companie se bazeaz\u0103. Materialul puternic rezist\u0103 la rupere \u0219i este u\u0219or de separat, f\u0103c\u00e2nd cur\u0103\u021barea simpl\u0103 \u0219i f\u0103r\u0103 mizerie.<\/p>\n<p>Pentru clien\u021bii B2B, aceste pungi sunt complet personalizabile cu op\u021biuni de logo \u0219i model, permi\u021b\u00e2nd m\u0103rcilor s\u0103 ias\u0103 \u00een eviden\u021b\u0103 la fiecare utilizare. Sunt ideale pentru comercian\u021bii cu am\u0103nuntul de produse pentru animale de companie, saloanele de \u00eengrijire \u0219i magazinele online care doresc s\u0103 \u00ee\u0219i extind\u0103 gama de produse ecologice. \u00cen plus, aceste pungi de rahat personalizabile reprezint\u0103 o alegere excelent\u0103 pentru cadourile promo\u021bionale, consolid\u00e2nd loialitatea fa\u021b\u0103 de marc\u0103 printr-un produs practic, de mare folosin\u021b\u0103. Cu combina\u021bia lor de calitate \u0219i durabilitate, aceste pungi de rahat ajut\u0103 brandul dvs. s\u0103 fac\u0103 o declara\u021bie responsabil\u0103, una care se adreseaz\u0103 proprietarilor de animale de companie preocupa\u021bi de mediu, care caut\u0103 op\u021biuni fiabile \u0219i elegante de eliminare a de\u0219eurilor.<\/p>","protected":false},"excerpt":{"rendered":"<p>Sacii no\u0219tri de rahat personalizabili \u0219i ecologici sunt ideali pentru brandurile care doresc s\u0103 ofere proprietarilor de animale de companie o solu\u021bie fiabil\u0103 pentru de\u0219euri. Fabricate din materiale durabile \u0219i biodegradabile, aceste pungi dispun de op\u021biuni de personalizare pentru logo-uri sau modele, permi\u021b\u00e2nd clien\u021bilor B2B s\u0103 sporeasc\u0103 vizibilitatea m\u0103rcii \u00een timp ce sprijin\u0103 sustenabilitatea. Rezistente \u0219i u\u0219or de utilizat, aceste pungi sunt concepute pentru a manipula de\u0219eurile \u00een siguran\u021b\u0103, ceea ce le face perfecte pentru v\u00e2nzarea cu am\u0103nuntul sau ca obiect promo\u021bional de marc\u0103. Cu aceast\u0103 abordare practic\u0103, dar elegant\u0103 a elimin\u0103rii de\u0219eurilor de animale de companie, marca dvs. poate oferi clien\u021bilor at\u00e2t confort, c\u00e2t \u0219i responsabilitate fa\u021b\u0103 de mediu.<\/p>","protected":false},"featured_media":9310,"template":"","meta":[],"product_brand":[],"product_cat":[58],"product_tag":[],"class_list":{"0":"post-9309","1":"product","2":"type-product","3":"status-publish","4":"has-post-thumbnail","6":"product_cat-accessories","8":"first","9":"instock","10":"shipping-taxable","11":"product-type-simple"},"yoast_head":"<!-- This site is optimized with the Yoast SEO plugin v26.6 - https:\/\/yoast.com\/wordpress\/plugins\/seo\/ -->\n<title>Poop Bag | QQPETS<\/title>\n<meta name=\"description\" content=\"Eco-friendly, customizable poop bags designed for brands. Perfect for B2B clients needing custom logos or patterns. Convenient, durable, and sustainable waste solution.\" \/>\n<meta name=\"robots\" content=\"index, follow, max-snippet:-1, max-image-preview:large, max-video-preview:-1\" \/>\n<link rel=\"canonical\" href=\"https:\/\/qqpets.com\/ro\/produs\/poop-bag\/\" \/>\n<meta property=\"og:locale\" content=\"ro_RO\" \/>\n<meta property=\"og:type\" content=\"article\" \/>\n<meta property=\"og:title\" content=\"Poop Bag | QQPETS\" \/>\n<meta property=\"og:description\" content=\"Eco-friendly, customizable poop bags designed for brands. Perfect for B2B clients needing custom logos or patterns. Convenient, durable, and sustainable waste solution.\" \/>\n<meta property=\"og:url\" content=\"https:\/\/qqpets.com\/ro\/produs\/poop-bag\/\" \/>\n<meta property=\"og:site_name\" content=\"QQPETS\" \/>\n<meta property=\"article:publisher\" content=\"https:\/\/www.facebook.com\/QQpetsdogcollars\" \/>\n<meta property=\"og:image\" content=\"https:\/\/qqpets.com\/wp-content\/uploads\/2024\/11\/poop-bag1.webp\" \/>\n\t<meta property=\"og:image:width\" content=\"800\" \/>\n\t<meta property=\"og:image:height\" content=\"800\" \/>\n\t<meta property=\"og:image:type\" content=\"image\/webp\" \/>\n<meta name=\"twitter:card\" content=\"summary_large_image\" \/>\n<meta name=\"twitter:label1\" content=\"Timp estimat pentru citire\" \/>\n\t<meta name=\"twitter:data1\" content=\"1 minut\" \/>\n<script type=\"application\/ld+json\" class=\"yoast-schema-graph\">{\"@context\":\"https:\/\/schema.org\",\"@graph\":[{\"@type\":\"WebPage\",\"@id\":\"https:\/\/qqpets.com\/product\/poop-bag\/\",\"url\":\"https:\/\/qqpets.com\/product\/poop-bag\/\",\"name\":\"Poop Bag | QQPETS\",\"isPartOf\":{\"@id\":\"https:\/\/qqpets.com\/#website\"},\"primaryImageOfPage\":{\"@id\":\"https:\/\/qqpets.com\/product\/poop-bag\/#primaryimage\"},\"image\":{\"@id\":\"https:\/\/qqpets.com\/product\/poop-bag\/#primaryimage\"},\"thumbnailUrl\":\"https:\/\/qqpets.com\/wp-content\/uploads\/2024\/11\/poop-bag1.webp\",\"datePublished\":\"2024-11-14T05:47:12+00:00\",\"description\":\"Eco-friendly, customizable poop bags designed for brands. Perfect for B2B clients needing custom logos or patterns. Convenient, durable, and sustainable waste solution.\",\"breadcrumb\":{\"@id\":\"https:\/\/qqpets.com\/product\/poop-bag\/#breadcrumb\"},\"inLanguage\":\"ro-RO\",\"potentialAction\":[{\"@type\":\"ReadAction\",\"target\":[\"https:\/\/qqpets.com\/product\/poop-bag\/\"]}]},{\"@type\":\"ImageObject\",\"inLanguage\":\"ro-RO\",\"@id\":\"https:\/\/qqpets.com\/product\/poop-bag\/#primaryimage\",\"url\":\"https:\/\/qqpets.com\/wp-content\/uploads\/2024\/11\/poop-bag1.webp\",\"contentUrl\":\"https:\/\/qqpets.com\/wp-content\/uploads\/2024\/11\/poop-bag1.webp\",\"width\":800,\"height\":800},{\"@type\":\"BreadcrumbList\",\"@id\":\"https:\/\/qqpets.com\/product\/poop-bag\/#breadcrumb\",\"itemListElement\":[{\"@type\":\"ListItem\",\"position\":1,\"name\":\"Home\",\"item\":\"https:\/\/qqpets.com\/\"},{\"@type\":\"ListItem\",\"position\":2,\"name\":\"Products\",\"item\":\"https:\/\/qqpets.com\/pet-products-manufacturer\/\"},{\"@type\":\"ListItem\",\"position\":3,\"name\":\"Poop Bag\"}]},{\"@type\":\"WebSite\",\"@id\":\"https:\/\/qqpets.com\/#website\",\"url\":\"https:\/\/qqpets.com\/\",\"name\":\"QQPETS\",\"description\":\"QQPETS is a pet products factory for dog harnesses, dog collars, dog leashes and dog accessories with professional customized service since 2005.\",\"publisher\":{\"@id\":\"https:\/\/qqpets.com\/#organization\"},\"potentialAction\":[{\"@type\":\"SearchAction\",\"target\":{\"@type\":\"EntryPoint\",\"urlTemplate\":\"https:\/\/qqpets.com\/?s={search_term_string}\"},\"query-input\":{\"@type\":\"PropertyValueSpecification\",\"valueRequired\":true,\"valueName\":\"search_term_string\"}}],\"inLanguage\":\"ro-RO\"},{\"@type\":\"Organization\",\"@id\":\"https:\/\/qqpets.com\/#organization\",\"name\":\"QQPETS\",\"url\":\"https:\/\/qqpets.com\/\",\"logo\":{\"@type\":\"ImageObject\",\"inLanguage\":\"ro-RO\",\"@id\":\"https:\/\/qqpets.com\/#\/schema\/logo\/image\/\",\"url\":\"https:\/\/qqpets.com\/wp-content\/uploads\/2023\/09\/cropped-cropped-qqpets-tiktok.jpg\",\"contentUrl\":\"https:\/\/qqpets.com\/wp-content\/uploads\/2023\/09\/cropped-cropped-qqpets-tiktok.jpg\",\"width\":511,\"height\":511,\"caption\":\"QQPETS\"},\"image\":{\"@id\":\"https:\/\/qqpets.com\/#\/schema\/logo\/image\/\"},\"sameAs\":[\"https:\/\/www.facebook.com\/QQpetsdogcollars\",\"https:\/\/www.instagram.com\/qqpetscollar\/\",\"https:\/\/www.pinterest.com\/qqpetsdogcollarsfactory\/\"]}]}<\/script>\n<!-- \/ Yoast SEO plugin. -->","yoast_head_json":{"title":"Pung\u0103 de rahat | QQPETS","description":"Saci de rahat ecologici, personalizabili, concepu\u021bi pentru m\u0103rci. Perfect pentru clien\u021bii B2B care au nevoie de logo-uri sau modele personalizate. Solu\u021bie convenabil\u0103, durabil\u0103 \u0219i sustenabil\u0103 pentru de\u0219euri.","robots":{"index":"index","follow":"follow","max-snippet":"max-snippet:-1","max-image-preview":"max-image-preview:large","max-video-preview":"max-video-preview:-1"},"canonical":"https:\/\/qqpets.com\/ro\/produs\/poop-bag\/","og_locale":"ro_RO","og_type":"article","og_title":"Poop Bag | QQPETS","og_description":"Eco-friendly, customizable poop bags designed for brands. Perfect for B2B clients needing custom logos or patterns. Convenient, durable, and sustainable waste solution.","og_url":"https:\/\/qqpets.com\/ro\/produs\/poop-bag\/","og_site_name":"QQPETS","article_publisher":"https:\/\/www.facebook.com\/QQpetsdogcollars","og_image":[{"width":800,"height":800,"url":"https:\/\/qqpets.com\/wp-content\/uploads\/2024\/11\/poop-bag1.webp","type":"image\/webp"}],"twitter_card":"summary_large_image","twitter_misc":{"Timp estimat pentru citire":"1 minut"},"schema":{"@context":"https:\/\/schema.org","@graph":[{"@type":"WebPage","@id":"https:\/\/qqpets.com\/product\/poop-bag\/","url":"https:\/\/qqpets.com\/product\/poop-bag\/","name":"Pung\u0103 de rahat | QQPETS","isPartOf":{"@id":"https:\/\/qqpets.com\/#website"},"primaryImageOfPage":{"@id":"https:\/\/qqpets.com\/product\/poop-bag\/#primaryimage"},"image":{"@id":"https:\/\/qqpets.com\/product\/poop-bag\/#primaryimage"},"thumbnailUrl":"https:\/\/qqpets.com\/wp-content\/uploads\/2024\/11\/poop-bag1.webp","datePublished":"2024-11-14T05:47:12+00:00","description":"Saci de rahat ecologici, personalizabili, concepu\u021bi pentru m\u0103rci. Perfect pentru clien\u021bii B2B care au nevoie de logo-uri sau modele personalizate. Solu\u021bie convenabil\u0103, durabil\u0103 \u0219i sustenabil\u0103 pentru de\u0219euri.","breadcrumb":{"@id":"https:\/\/qqpets.com\/product\/poop-bag\/#breadcrumb"},"inLanguage":"ro-RO","potentialAction":[{"@type":"ReadAction","target":["https:\/\/qqpets.com\/product\/poop-bag\/"]}]},{"@type":"ImageObject","inLanguage":"ro-RO","@id":"https:\/\/qqpets.com\/product\/poop-bag\/#primaryimage","url":"https:\/\/qqpets.com\/wp-content\/uploads\/2024\/11\/poop-bag1.webp","contentUrl":"https:\/\/qqpets.com\/wp-content\/uploads\/2024\/11\/poop-bag1.webp","width":800,"height":800},{"@type":"BreadcrumbList","@id":"https:\/\/qqpets.com\/product\/poop-bag\/#breadcrumb","itemListElement":[{"@type":"ListItem","position":1,"name":"Home","item":"https:\/\/qqpets.com\/"},{"@type":"ListItem","position":2,"name":"Products","item":"https:\/\/qqpets.com\/pet-products-manufacturer\/"},{"@type":"ListItem","position":3,"name":"Poop Bag"}]},{"@type":"WebSite","@id":"https:\/\/qqpets.com\/#website","url":"https:\/\/qqpets.com\/","name":"QQPETS","description":"QQPETS este o fabric\u0103 de produse pentru animale de companie pentru hamuri pentru c\u00e2ini, gulere pentru c\u00e2ini, lese pentru c\u00e2ini \u0219i accesorii pentru c\u00e2ini cu servicii profesionale personalizate din 2005.","publisher":{"@id":"https:\/\/qqpets.com\/#organization"},"potentialAction":[{"@type":"SearchAction","target":{"@type":"EntryPoint","urlTemplate":"https:\/\/qqpets.com\/?s={search_term_string}"},"query-input":{"@type":"PropertyValueSpecification","valueRequired":true,"valueName":"search_term_string"}}],"inLanguage":"ro-RO"},{"@type":"Organization","@id":"https:\/\/qqpets.com\/#organization","name":"QQPETS","url":"https:\/\/qqpets.com\/","logo":{"@type":"ImageObject","inLanguage":"ro-RO","@id":"https:\/\/qqpets.com\/#\/schema\/logo\/image\/","url":"https:\/\/qqpets.com\/wp-content\/uploads\/2023\/09\/cropped-cropped-qqpets-tiktok.jpg","contentUrl":"https:\/\/qqpets.com\/wp-content\/uploads\/2023\/09\/cropped-cropped-qqpets-tiktok.jpg","width":511,"height":511,"caption":"QQPETS"},"image":{"@id":"https:\/\/qqpets.com\/#\/schema\/logo\/image\/"},"sameAs":["https:\/\/www.facebook.com\/QQpetsdogcollars","https:\/\/www.instagram.com\/qqpetscollar\/","https:\/\/www.pinterest.com\/qqpetsdogcollarsfactory\/"]}]}},"_links":{"self":[{"href":"https:\/\/qqpets.com\/ro\/wp-json\/wp\/v2\/product\/9309","targetHints":{"allow":["GET"]}}],"collection":[{"href":"https:\/\/qqpets.com\/ro\/wp-json\/wp\/v2\/product"}],"about":[{"href":"https:\/\/qqpets.com\/ro\/wp-json\/wp\/v2\/types\/product"}],"wp:featuredmedia":[{"embeddable":true,"href":"https:\/\/qqpets.com\/ro\/wp-json\/wp\/v2\/media\/9310"}],"wp:attachment":[{"href":"https:\/\/qqpets.com\/ro\/wp-json\/wp\/v2\/media?parent=9309"}],"wp:term":[{"taxonomy":"product_brand","embeddable":true,"href":"https:\/\/qqpets.com\/ro\/wp-json\/wp\/v2\/product_brand?post=9309"},{"taxonomy":"product_cat","embeddable":true,"href":"https:\/\/qqpets.com\/ro\/wp-json\/wp\/v2\/product_cat?post=9309"},{"taxonomy":"product_tag","embeddable":true,"href":"https:\/\/qqpets.com\/ro\/wp-json\/wp\/v2\/product_tag?post=9309"}],"curies":[{"name":"wp","href":"https:\/\/api.w.org\/{rel}","templated":true}]}}