{"id":9325,"date":"2024-11-14T14:25:03","date_gmt":"2024-11-14T06:25:03","guid":{"rendered":"https:\/\/qqpets.com\/?post_type=product&#038;p=9325"},"modified":"2024-11-14T14:25:03","modified_gmt":"2024-11-14T06:25:03","slug":"dog-bandana","status":"publish","type":"product","link":"https:\/\/qqpets.com\/ro\/produs\/dog-bandana\/","title":{"rendered":"Bandan\u0103 pentru c\u00e2ini"},"content":{"rendered":"<div class=\"flex max-w-full flex-col flex-grow\">\n<div class=\"min-h-8 text-message flex w-full flex-col items-end gap-2 whitespace-normal break-words [.text-message+&amp;]:mt-5\" dir=\"auto\" data-message-author-role=\"assistant\" data-message-id=\"5cf613db-4054-4cf6-ab7d-7b94d3a1313d\" data-message-model-slug=\"gpt-4o\">\n<div class=\"flex w-full flex-col gap-1 empty:hidden first:pt-[3px]\">\n<div class=\"markdown prose w-full break-words dark:prose-invert light\">\n<p>Bandana pentru c\u00e2ini este un accesoriu elegant \u0219i practic care ofer\u0103 oric\u0103rui animal de companie un aspect proasp\u0103t \u0219i distractiv. Confec\u021bionate din \u021bes\u0103tur\u0103 de \u00eenalt\u0103 calitate, respirabil\u0103, aceste bandane ofer\u0103 at\u00e2t confort, c\u00e2t \u0219i durabilitate, asigur\u00e2ndu-se c\u0103 animalele de companie arat\u0103 \u0219i se simt minunat. Adaptat\u0103 pentru a se potrivi tuturor m\u0103rimilor de c\u00e2ini, fiecare bandan\u0103 se leag\u0103 u\u0219or \u00een jurul g\u00e2tului \u0219i adaug\u0103 un farmec instantaneu oric\u0103rei \u021binute, fie pentru o plimbare \u00een parc sau un eveniment dedicat animalelor de companie.<\/p>\n<p>Pentru clien\u021bii B2B, bandanele noastre pentru c\u00e2ini sunt complet personalizabile, oferind o platform\u0103 ideal\u0103 pentru branding cu logo-ul companiei dvs., modele de semn\u0103tur\u0103 sau modele unice. Aceast\u0103 caracteristic\u0103 este perfect\u0103 pentru magazinele de animale de companie, saloanele de \u00eengrijire \u0219i \u00eentreprinderile care caut\u0103 articole promo\u021bionale personalizate care s\u0103 rezoneze cu proprietarii de animale de companie.<\/p>\n<p>Bandanele noastre sunt realizate cu aten\u021bie la detalii, asigur\u00e2nd un produs care este at\u00e2t atr\u0103g\u0103tor din punct de vedere vizual, c\u00e2t \u0219i suficient de rezistent pentru utilizarea regulat\u0103. Cu atractivitatea lor larg\u0103, bandanele personalizate pentru c\u00e2ini ajut\u0103 la construirea unei prezen\u021be memorabile a brandului, oferind \u00een acela\u0219i timp clien\u021bilor un accesoriu elegant \u0219i practic pentru animalele lor de companie. Profita\u021bi de pia\u021ba \u00een cre\u0219tere a animalelor de companie cu bandanele noastre personalizate pentru c\u00e2ini care echilibreaz\u0103 moda, func\u021bia \u0219i poten\u021bialul de branding.<\/p>\n<\/div>\n<\/div>\n<\/div>\n<\/div>\n<div class=\"mb-2 flex gap-3 empty:hidden -ml-2\">\n<div class=\"items-center justify-start rounded-xl p-1 flex\">\n<div class=\"flex items-center\"><button class=\"rounded-lg text-token-text-secondary hover:bg-token-main-surface-secondary\" aria-label=\"Citi\u021bi cu voce tare\" data-testid=\"voice-play-turn-action-button\"><\/button><button class=\"rounded-lg text-token-text-secondary hover:bg-token-main-surface-secondary\" aria-label=\"Copia\u021bi\" data-testid=\"copy-turn-action-button\"><\/button><\/p>\n<div class=\"flex\"><\/div>\n<div class=\"flex items-center pb-0\"><span class=\"overflow-hidden text-clip whitespace-nowrap text-sm\">4o<\/span><\/div>\n<\/div>\n<\/div>\n<\/div>","protected":false},"excerpt":{"rendered":"<p>Bandanele noastre personalizabile pentru c\u00e2ini sunt concepute pentru a aduce stil \u0219i personalitate animalelor de companie, promov\u00e2nd \u00een acela\u0219i timp brandul dvs. Confec\u021bionate din \u021bes\u0103tur\u0103 moale \u0219i durabil\u0103, aceste bandane pot avea logo-uri sau modele personalizate, ceea ce le face o alegere ideal\u0103 pentru companiile care doresc accesorii unice, de marc\u0103, pentru animalele de companie. U\u0219or de purtat \u0219i potrivite pentru toate dimensiunile c\u00e2inilor, aceste bandane adaug\u0103 o not\u0103 fermec\u0103toare pentru uzura zilnic\u0103 sau pentru evenimente. Ideale pentru magazinele de animale de companie, afaceri de \u00eengrijire sau cadouri promo\u021bionale, bandanele noastre pentru c\u00e2ini combin\u0103 stilul \u0219i func\u021bionalitatea pentru a v\u0103 ajuta marca s\u0103 ias\u0103 \u00een eviden\u021b\u0103 pe pia\u021ba accesoriilor pentru animale de companie.<\/p>","protected":false},"featured_media":9326,"template":"","meta":[],"product_brand":[],"product_cat":[58],"product_tag":[],"class_list":{"0":"post-9325","1":"product","2":"type-product","3":"status-publish","4":"has-post-thumbnail","6":"product_cat-accessories","8":"first","9":"instock","10":"shipping-taxable","11":"product-type-simple"},"yoast_head":"<!-- This site is optimized with the Yoast SEO plugin v26.6 - https:\/\/yoast.com\/wordpress\/plugins\/seo\/ -->\n<title>Dog Bandana | QQPETS<\/title>\n<meta name=\"description\" content=\"Customizable dog bandanas for branding. Perfect for B2B clients seeking pet accessories with personalized logos or patterns. Stylish, comfortable, and versatile.\" \/>\n<meta name=\"robots\" content=\"index, follow, max-snippet:-1, max-image-preview:large, max-video-preview:-1\" \/>\n<link rel=\"canonical\" href=\"https:\/\/qqpets.com\/ro\/produs\/dog-bandana\/\" \/>\n<meta property=\"og:locale\" content=\"ro_RO\" \/>\n<meta property=\"og:type\" content=\"article\" \/>\n<meta property=\"og:title\" content=\"Dog Bandana | QQPETS\" \/>\n<meta property=\"og:description\" content=\"Customizable dog bandanas for branding. Perfect for B2B clients seeking pet accessories with personalized logos or patterns. Stylish, comfortable, and versatile.\" \/>\n<meta property=\"og:url\" content=\"https:\/\/qqpets.com\/ro\/produs\/dog-bandana\/\" \/>\n<meta property=\"og:site_name\" content=\"QQPETS\" \/>\n<meta property=\"article:publisher\" content=\"https:\/\/www.facebook.com\/QQpetsdogcollars\" \/>\n<meta property=\"og:image\" content=\"https:\/\/qqpets.com\/wp-content\/uploads\/2024\/11\/dog-bandana1.webp\" \/>\n\t<meta property=\"og:image:width\" content=\"800\" \/>\n\t<meta property=\"og:image:height\" content=\"800\" \/>\n\t<meta property=\"og:image:type\" content=\"image\/webp\" \/>\n<meta name=\"twitter:card\" content=\"summary_large_image\" \/>\n<meta name=\"twitter:label1\" content=\"Timp estimat pentru citire\" \/>\n\t<meta name=\"twitter:data1\" content=\"1 minut\" \/>\n<script type=\"application\/ld+json\" class=\"yoast-schema-graph\">{\"@context\":\"https:\/\/schema.org\",\"@graph\":[{\"@type\":\"WebPage\",\"@id\":\"https:\/\/qqpets.com\/product\/dog-bandana\/\",\"url\":\"https:\/\/qqpets.com\/product\/dog-bandana\/\",\"name\":\"Dog Bandana | QQPETS\",\"isPartOf\":{\"@id\":\"https:\/\/qqpets.com\/#website\"},\"primaryImageOfPage\":{\"@id\":\"https:\/\/qqpets.com\/product\/dog-bandana\/#primaryimage\"},\"image\":{\"@id\":\"https:\/\/qqpets.com\/product\/dog-bandana\/#primaryimage\"},\"thumbnailUrl\":\"https:\/\/qqpets.com\/wp-content\/uploads\/2024\/11\/dog-bandana1.webp\",\"datePublished\":\"2024-11-14T06:25:03+00:00\",\"description\":\"Customizable dog bandanas for branding. Perfect for B2B clients seeking pet accessories with personalized logos or patterns. Stylish, comfortable, and versatile.\",\"breadcrumb\":{\"@id\":\"https:\/\/qqpets.com\/product\/dog-bandana\/#breadcrumb\"},\"inLanguage\":\"ro-RO\",\"potentialAction\":[{\"@type\":\"ReadAction\",\"target\":[\"https:\/\/qqpets.com\/product\/dog-bandana\/\"]}]},{\"@type\":\"ImageObject\",\"inLanguage\":\"ro-RO\",\"@id\":\"https:\/\/qqpets.com\/product\/dog-bandana\/#primaryimage\",\"url\":\"https:\/\/qqpets.com\/wp-content\/uploads\/2024\/11\/dog-bandana1.webp\",\"contentUrl\":\"https:\/\/qqpets.com\/wp-content\/uploads\/2024\/11\/dog-bandana1.webp\",\"width\":800,\"height\":800},{\"@type\":\"BreadcrumbList\",\"@id\":\"https:\/\/qqpets.com\/product\/dog-bandana\/#breadcrumb\",\"itemListElement\":[{\"@type\":\"ListItem\",\"position\":1,\"name\":\"Home\",\"item\":\"https:\/\/qqpets.com\/\"},{\"@type\":\"ListItem\",\"position\":2,\"name\":\"Products\",\"item\":\"https:\/\/qqpets.com\/pet-products-manufacturer\/\"},{\"@type\":\"ListItem\",\"position\":3,\"name\":\"Dog Bandana\"}]},{\"@type\":\"WebSite\",\"@id\":\"https:\/\/qqpets.com\/#website\",\"url\":\"https:\/\/qqpets.com\/\",\"name\":\"QQPETS\",\"description\":\"QQPETS is a pet products factory for dog harnesses, dog collars, dog leashes and dog accessories with professional customized service since 2005.\",\"publisher\":{\"@id\":\"https:\/\/qqpets.com\/#organization\"},\"potentialAction\":[{\"@type\":\"SearchAction\",\"target\":{\"@type\":\"EntryPoint\",\"urlTemplate\":\"https:\/\/qqpets.com\/?s={search_term_string}\"},\"query-input\":{\"@type\":\"PropertyValueSpecification\",\"valueRequired\":true,\"valueName\":\"search_term_string\"}}],\"inLanguage\":\"ro-RO\"},{\"@type\":\"Organization\",\"@id\":\"https:\/\/qqpets.com\/#organization\",\"name\":\"QQPETS\",\"url\":\"https:\/\/qqpets.com\/\",\"logo\":{\"@type\":\"ImageObject\",\"inLanguage\":\"ro-RO\",\"@id\":\"https:\/\/qqpets.com\/#\/schema\/logo\/image\/\",\"url\":\"https:\/\/qqpets.com\/wp-content\/uploads\/2023\/09\/cropped-cropped-qqpets-tiktok.jpg\",\"contentUrl\":\"https:\/\/qqpets.com\/wp-content\/uploads\/2023\/09\/cropped-cropped-qqpets-tiktok.jpg\",\"width\":511,\"height\":511,\"caption\":\"QQPETS\"},\"image\":{\"@id\":\"https:\/\/qqpets.com\/#\/schema\/logo\/image\/\"},\"sameAs\":[\"https:\/\/www.facebook.com\/QQpetsdogcollars\",\"https:\/\/www.instagram.com\/qqpetscollar\/\",\"https:\/\/www.pinterest.com\/qqpetsdogcollarsfactory\/\"]}]}<\/script>\n<!-- \/ Yoast SEO plugin. -->","yoast_head_json":{"title":"Bandan\u0103 pentru c\u00e2ini | QQPETS","description":"Bandane de c\u00e2ine personalizabile pentru branding. Perfect pentru clien\u021bii B2B care caut\u0103 accesorii pentru animale de companie cu logo-uri sau modele personalizate. Elegant, confortabil \u0219i versatil.","robots":{"index":"index","follow":"follow","max-snippet":"max-snippet:-1","max-image-preview":"max-image-preview:large","max-video-preview":"max-video-preview:-1"},"canonical":"https:\/\/qqpets.com\/ro\/produs\/dog-bandana\/","og_locale":"ro_RO","og_type":"article","og_title":"Dog Bandana | QQPETS","og_description":"Customizable dog bandanas for branding. Perfect for B2B clients seeking pet accessories with personalized logos or patterns. Stylish, comfortable, and versatile.","og_url":"https:\/\/qqpets.com\/ro\/produs\/dog-bandana\/","og_site_name":"QQPETS","article_publisher":"https:\/\/www.facebook.com\/QQpetsdogcollars","og_image":[{"width":800,"height":800,"url":"https:\/\/qqpets.com\/wp-content\/uploads\/2024\/11\/dog-bandana1.webp","type":"image\/webp"}],"twitter_card":"summary_large_image","twitter_misc":{"Timp estimat pentru citire":"1 minut"},"schema":{"@context":"https:\/\/schema.org","@graph":[{"@type":"WebPage","@id":"https:\/\/qqpets.com\/product\/dog-bandana\/","url":"https:\/\/qqpets.com\/product\/dog-bandana\/","name":"Bandan\u0103 pentru c\u00e2ini | QQPETS","isPartOf":{"@id":"https:\/\/qqpets.com\/#website"},"primaryImageOfPage":{"@id":"https:\/\/qqpets.com\/product\/dog-bandana\/#primaryimage"},"image":{"@id":"https:\/\/qqpets.com\/product\/dog-bandana\/#primaryimage"},"thumbnailUrl":"https:\/\/qqpets.com\/wp-content\/uploads\/2024\/11\/dog-bandana1.webp","datePublished":"2024-11-14T06:25:03+00:00","description":"Bandane de c\u00e2ine personalizabile pentru branding. Perfect pentru clien\u021bii B2B care caut\u0103 accesorii pentru animale de companie cu logo-uri sau modele personalizate. Elegant, confortabil \u0219i versatil.","breadcrumb":{"@id":"https:\/\/qqpets.com\/product\/dog-bandana\/#breadcrumb"},"inLanguage":"ro-RO","potentialAction":[{"@type":"ReadAction","target":["https:\/\/qqpets.com\/product\/dog-bandana\/"]}]},{"@type":"ImageObject","inLanguage":"ro-RO","@id":"https:\/\/qqpets.com\/product\/dog-bandana\/#primaryimage","url":"https:\/\/qqpets.com\/wp-content\/uploads\/2024\/11\/dog-bandana1.webp","contentUrl":"https:\/\/qqpets.com\/wp-content\/uploads\/2024\/11\/dog-bandana1.webp","width":800,"height":800},{"@type":"BreadcrumbList","@id":"https:\/\/qqpets.com\/product\/dog-bandana\/#breadcrumb","itemListElement":[{"@type":"ListItem","position":1,"name":"Home","item":"https:\/\/qqpets.com\/"},{"@type":"ListItem","position":2,"name":"Products","item":"https:\/\/qqpets.com\/pet-products-manufacturer\/"},{"@type":"ListItem","position":3,"name":"Dog Bandana"}]},{"@type":"WebSite","@id":"https:\/\/qqpets.com\/#website","url":"https:\/\/qqpets.com\/","name":"QQPETS","description":"QQPETS este o fabric\u0103 de produse pentru animale de companie pentru hamuri pentru c\u00e2ini, gulere pentru c\u00e2ini, lese pentru c\u00e2ini \u0219i accesorii pentru c\u00e2ini cu servicii profesionale personalizate din 2005.","publisher":{"@id":"https:\/\/qqpets.com\/#organization"},"potentialAction":[{"@type":"SearchAction","target":{"@type":"EntryPoint","urlTemplate":"https:\/\/qqpets.com\/?s={search_term_string}"},"query-input":{"@type":"PropertyValueSpecification","valueRequired":true,"valueName":"search_term_string"}}],"inLanguage":"ro-RO"},{"@type":"Organization","@id":"https:\/\/qqpets.com\/#organization","name":"QQPETS","url":"https:\/\/qqpets.com\/","logo":{"@type":"ImageObject","inLanguage":"ro-RO","@id":"https:\/\/qqpets.com\/#\/schema\/logo\/image\/","url":"https:\/\/qqpets.com\/wp-content\/uploads\/2023\/09\/cropped-cropped-qqpets-tiktok.jpg","contentUrl":"https:\/\/qqpets.com\/wp-content\/uploads\/2023\/09\/cropped-cropped-qqpets-tiktok.jpg","width":511,"height":511,"caption":"QQPETS"},"image":{"@id":"https:\/\/qqpets.com\/#\/schema\/logo\/image\/"},"sameAs":["https:\/\/www.facebook.com\/QQpetsdogcollars","https:\/\/www.instagram.com\/qqpetscollar\/","https:\/\/www.pinterest.com\/qqpetsdogcollarsfactory\/"]}]}},"_links":{"self":[{"href":"https:\/\/qqpets.com\/ro\/wp-json\/wp\/v2\/product\/9325","targetHints":{"allow":["GET"]}}],"collection":[{"href":"https:\/\/qqpets.com\/ro\/wp-json\/wp\/v2\/product"}],"about":[{"href":"https:\/\/qqpets.com\/ro\/wp-json\/wp\/v2\/types\/product"}],"wp:featuredmedia":[{"embeddable":true,"href":"https:\/\/qqpets.com\/ro\/wp-json\/wp\/v2\/media\/9326"}],"wp:attachment":[{"href":"https:\/\/qqpets.com\/ro\/wp-json\/wp\/v2\/media?parent=9325"}],"wp:term":[{"taxonomy":"product_brand","embeddable":true,"href":"https:\/\/qqpets.com\/ro\/wp-json\/wp\/v2\/product_brand?post=9325"},{"taxonomy":"product_cat","embeddable":true,"href":"https:\/\/qqpets.com\/ro\/wp-json\/wp\/v2\/product_cat?post=9325"},{"taxonomy":"product_tag","embeddable":true,"href":"https:\/\/qqpets.com\/ro\/wp-json\/wp\/v2\/product_tag?post=9325"}],"curies":[{"name":"wp","href":"https:\/\/api.w.org\/{rel}","templated":true}]}}