{"id":9332,"date":"2024-11-14T15:31:01","date_gmt":"2024-11-14T07:31:01","guid":{"rendered":"https:\/\/qqpets.com\/?post_type=product&#038;p=9332"},"modified":"2024-11-14T15:31:01","modified_gmt":"2024-11-14T07:31:01","slug":"pvc-dog-collar","status":"publish","type":"product","link":"https:\/\/qqpets.com\/ro\/produs\/pvc-dog-collar\/","title":{"rendered":"PVC Dog Collar"},"content":{"rendered":"<p>Gulerul PVC pentru c\u00e2ini este o alegere excelent\u0103 pentru companiile care doresc s\u0103 ofere gulere pentru animale de companie care combin\u0103 stilul, durabilitatea \u0219i oportunit\u0103\u021bile de branding. Construit\u0103 din PVC rezistent la ap\u0103 \u0219i la uzur\u0103, aceast\u0103 zgard\u0103 este perfect\u0103 pentru c\u00e2inii de toate rasele, oferind rezisten\u021b\u0103 la intemperii \u0219i la uzura zilnic\u0103. PVC-ul este un material ideal pentru produsele destinate animalelor de companie - este u\u0219or de cur\u0103\u021bat, extrem de durabil \u0219i asigur\u0103 confortul animalelor de companie chiar \u0219i \u00een cazul purt\u0103rii prelungite.<\/p>\n<p>Pentru clien\u021bii B2B, gulerele noastre de c\u00e2ine din PVC pot fi personalizate cu logo-ul, culorile sau modelele unice ale m\u0103rcii dvs., cre\u00e2nd un instrument promo\u021bional ideal sau un produs de v\u00e2nzare cu am\u0103nuntul. Op\u021biunile de personalizare a m\u0103rcii permit cre\u0219terea vizibilit\u0103\u021bii \u0219i recunoa\u0219terea m\u0103rcii \u00een r\u00e2ndul proprietarilor de animale de companie, ajut\u00e2ndu-v\u0103 afacerea s\u0103 fac\u0103 o impresie de durat\u0103 pe pia\u021ba animalelor de companie.<\/p>\n<p>Colierele noastre de c\u00e2ine din PVC se adreseaz\u0103 companiilor care caut\u0103 produse fiabile, de \u00eenalt\u0103 calitate, care r\u0103spund nevoilor practice ale proprietarilor de animale de companie, \u00eembun\u0103t\u0103\u021bind \u00een acela\u0219i timp prezen\u021ba m\u0103rcii. Aceste gulere nu numai c\u0103 rezist\u0103 la jocul dur \u0219i la aventurile \u00een aer liber, dar servesc, de asemenea, ca o p\u00e2nz\u0103 pentru branding unic, f\u0103c\u00e2ndu-le o alegere esen\u021bial\u0103 pentru magazinele de animale de companie, cadouri corporative sau orice companie care caut\u0103 calitate \u00een accesoriile personalizate pentru animale de companie.<\/p>","protected":false},"excerpt":{"rendered":"<p>Colierele noastre pentru c\u00e2ini din PVC sunt concepute pentru durabilitate, confort \u0219i \u00eentre\u021binere u\u0219oar\u0103. Fabricate din PVC de \u00eenalt\u0103 calitate, rezistent la ap\u0103, aceste coliere sunt ideale pentru animalele de companie active \u0219i pentru toate condi\u021biile meteorologice. Cu op\u021biuni de personalizare pentru logo-uri sau modele unice, aceste gulere ofer\u0103 o solu\u021bie eficient\u0103 de branding pentru companiile de animale de companie \u0219i cadouri corporative. Sunt rezistente la uzur\u0103 \u0219i u\u0219or de cur\u0103\u021bat, asigur\u00e2nd o calitate durabil\u0103 \u0219i vizibilitatea m\u0103rcii. Perfecte pentru clien\u021bii B2B care caut\u0103 accesorii de \u00eenalt\u0103 calitate \u0219i de marc\u0103 pentru animale de companie, gulerele noastre din PVC combin\u0103 func\u021bionalitatea \u0219i personalizarea pentru o alegere fiabil\u0103 \u0219i elegant\u0103 \u00een materie de gulere pentru animale de companie.<\/p>","protected":false},"featured_media":9340,"template":"","meta":[],"product_brand":[],"product_cat":[26],"product_tag":[],"class_list":{"0":"post-9332","1":"product","2":"type-product","3":"status-publish","4":"has-post-thumbnail","6":"product_cat-dog-collar","8":"first","9":"instock","10":"shipping-taxable","11":"product-type-simple"},"yoast_head":"<!-- This site is optimized with the Yoast SEO plugin v26.6 - https:\/\/yoast.com\/wordpress\/plugins\/seo\/ -->\n<title>PVC Dog Collar | QQPETS<\/title>\n<meta name=\"description\" content=\"Durable PVC dog collars, fully customizable for B2B branding. Waterproof, easy-to-clean, and ideal for custom logos or patterns. Perfect for brand visibility.\" \/>\n<meta name=\"robots\" content=\"index, follow, max-snippet:-1, max-image-preview:large, max-video-preview:-1\" \/>\n<link rel=\"canonical\" href=\"https:\/\/qqpets.com\/ro\/produs\/pvc-dog-collar\/\" \/>\n<meta property=\"og:locale\" content=\"ro_RO\" \/>\n<meta property=\"og:type\" content=\"article\" \/>\n<meta property=\"og:title\" content=\"PVC Dog Collar | QQPETS\" \/>\n<meta property=\"og:description\" content=\"Durable PVC dog collars, fully customizable for B2B branding. Waterproof, easy-to-clean, and ideal for custom logos or patterns. Perfect for brand visibility.\" \/>\n<meta property=\"og:url\" content=\"https:\/\/qqpets.com\/ro\/produs\/pvc-dog-collar\/\" \/>\n<meta property=\"og:site_name\" content=\"QQPETS\" \/>\n<meta property=\"article:publisher\" content=\"https:\/\/www.facebook.com\/QQpetsdogcollars\" \/>\n<meta property=\"og:image\" content=\"https:\/\/qqpets.com\/wp-content\/uploads\/2024\/11\/pvc-dog-collar8.webp\" \/>\n\t<meta property=\"og:image:width\" content=\"960\" \/>\n\t<meta property=\"og:image:height\" content=\"960\" \/>\n\t<meta property=\"og:image:type\" content=\"image\/webp\" \/>\n<meta name=\"twitter:card\" content=\"summary_large_image\" \/>\n<meta name=\"twitter:label1\" content=\"Timp estimat pentru citire\" \/>\n\t<meta name=\"twitter:data1\" content=\"1 minut\" \/>\n<script type=\"application\/ld+json\" class=\"yoast-schema-graph\">{\"@context\":\"https:\/\/schema.org\",\"@graph\":[{\"@type\":\"WebPage\",\"@id\":\"https:\/\/qqpets.com\/product\/pvc-dog-collar\/\",\"url\":\"https:\/\/qqpets.com\/product\/pvc-dog-collar\/\",\"name\":\"PVC Dog Collar | QQPETS\",\"isPartOf\":{\"@id\":\"https:\/\/qqpets.com\/#website\"},\"primaryImageOfPage\":{\"@id\":\"https:\/\/qqpets.com\/product\/pvc-dog-collar\/#primaryimage\"},\"image\":{\"@id\":\"https:\/\/qqpets.com\/product\/pvc-dog-collar\/#primaryimage\"},\"thumbnailUrl\":\"https:\/\/qqpets.com\/wp-content\/uploads\/2024\/11\/pvc-dog-collar8.webp\",\"datePublished\":\"2024-11-14T07:31:01+00:00\",\"description\":\"Durable PVC dog collars, fully customizable for B2B branding. Waterproof, easy-to-clean, and ideal for custom logos or patterns. Perfect for brand visibility.\",\"breadcrumb\":{\"@id\":\"https:\/\/qqpets.com\/product\/pvc-dog-collar\/#breadcrumb\"},\"inLanguage\":\"ro-RO\",\"potentialAction\":[{\"@type\":\"ReadAction\",\"target\":[\"https:\/\/qqpets.com\/product\/pvc-dog-collar\/\"]}]},{\"@type\":\"ImageObject\",\"inLanguage\":\"ro-RO\",\"@id\":\"https:\/\/qqpets.com\/product\/pvc-dog-collar\/#primaryimage\",\"url\":\"https:\/\/qqpets.com\/wp-content\/uploads\/2024\/11\/pvc-dog-collar8.webp\",\"contentUrl\":\"https:\/\/qqpets.com\/wp-content\/uploads\/2024\/11\/pvc-dog-collar8.webp\",\"width\":960,\"height\":960},{\"@type\":\"BreadcrumbList\",\"@id\":\"https:\/\/qqpets.com\/product\/pvc-dog-collar\/#breadcrumb\",\"itemListElement\":[{\"@type\":\"ListItem\",\"position\":1,\"name\":\"Home\",\"item\":\"https:\/\/qqpets.com\/\"},{\"@type\":\"ListItem\",\"position\":2,\"name\":\"Products\",\"item\":\"https:\/\/qqpets.com\/pet-products-manufacturer\/\"},{\"@type\":\"ListItem\",\"position\":3,\"name\":\"PVC Dog Collar\"}]},{\"@type\":\"WebSite\",\"@id\":\"https:\/\/qqpets.com\/#website\",\"url\":\"https:\/\/qqpets.com\/\",\"name\":\"QQPETS\",\"description\":\"QQPETS is a pet products factory for dog harnesses, dog collars, dog leashes and dog accessories with professional customized service since 2005.\",\"publisher\":{\"@id\":\"https:\/\/qqpets.com\/#organization\"},\"potentialAction\":[{\"@type\":\"SearchAction\",\"target\":{\"@type\":\"EntryPoint\",\"urlTemplate\":\"https:\/\/qqpets.com\/?s={search_term_string}\"},\"query-input\":{\"@type\":\"PropertyValueSpecification\",\"valueRequired\":true,\"valueName\":\"search_term_string\"}}],\"inLanguage\":\"ro-RO\"},{\"@type\":\"Organization\",\"@id\":\"https:\/\/qqpets.com\/#organization\",\"name\":\"QQPETS\",\"url\":\"https:\/\/qqpets.com\/\",\"logo\":{\"@type\":\"ImageObject\",\"inLanguage\":\"ro-RO\",\"@id\":\"https:\/\/qqpets.com\/#\/schema\/logo\/image\/\",\"url\":\"https:\/\/qqpets.com\/wp-content\/uploads\/2023\/09\/cropped-cropped-qqpets-tiktok.jpg\",\"contentUrl\":\"https:\/\/qqpets.com\/wp-content\/uploads\/2023\/09\/cropped-cropped-qqpets-tiktok.jpg\",\"width\":511,\"height\":511,\"caption\":\"QQPETS\"},\"image\":{\"@id\":\"https:\/\/qqpets.com\/#\/schema\/logo\/image\/\"},\"sameAs\":[\"https:\/\/www.facebook.com\/QQpetsdogcollars\",\"https:\/\/www.instagram.com\/qqpetscollar\/\",\"https:\/\/www.pinterest.com\/qqpetsdogcollarsfactory\/\"]}]}<\/script>\n<!-- \/ Yoast SEO plugin. -->","yoast_head_json":{"title":"PVC Dog Collar | QQPETS","description":"Coliere pentru c\u00e2ini din PVC durabil, complet personalizabile pentru branding B2B. Impermeabile, u\u0219or de cur\u0103\u021bat \u0219i ideale pentru logo-uri sau modele personalizate. Perfect pentru vizibilitatea m\u0103rcii.","robots":{"index":"index","follow":"follow","max-snippet":"max-snippet:-1","max-image-preview":"max-image-preview:large","max-video-preview":"max-video-preview:-1"},"canonical":"https:\/\/qqpets.com\/ro\/produs\/pvc-dog-collar\/","og_locale":"ro_RO","og_type":"article","og_title":"PVC Dog Collar | QQPETS","og_description":"Durable PVC dog collars, fully customizable for B2B branding. Waterproof, easy-to-clean, and ideal for custom logos or patterns. Perfect for brand visibility.","og_url":"https:\/\/qqpets.com\/ro\/produs\/pvc-dog-collar\/","og_site_name":"QQPETS","article_publisher":"https:\/\/www.facebook.com\/QQpetsdogcollars","og_image":[{"width":960,"height":960,"url":"https:\/\/qqpets.com\/wp-content\/uploads\/2024\/11\/pvc-dog-collar8.webp","type":"image\/webp"}],"twitter_card":"summary_large_image","twitter_misc":{"Timp estimat pentru citire":"1 minut"},"schema":{"@context":"https:\/\/schema.org","@graph":[{"@type":"WebPage","@id":"https:\/\/qqpets.com\/product\/pvc-dog-collar\/","url":"https:\/\/qqpets.com\/product\/pvc-dog-collar\/","name":"PVC Dog Collar | QQPETS","isPartOf":{"@id":"https:\/\/qqpets.com\/#website"},"primaryImageOfPage":{"@id":"https:\/\/qqpets.com\/product\/pvc-dog-collar\/#primaryimage"},"image":{"@id":"https:\/\/qqpets.com\/product\/pvc-dog-collar\/#primaryimage"},"thumbnailUrl":"https:\/\/qqpets.com\/wp-content\/uploads\/2024\/11\/pvc-dog-collar8.webp","datePublished":"2024-11-14T07:31:01+00:00","description":"Coliere pentru c\u00e2ini din PVC durabil, complet personalizabile pentru branding B2B. Impermeabile, u\u0219or de cur\u0103\u021bat \u0219i ideale pentru logo-uri sau modele personalizate. Perfect pentru vizibilitatea m\u0103rcii.","breadcrumb":{"@id":"https:\/\/qqpets.com\/product\/pvc-dog-collar\/#breadcrumb"},"inLanguage":"ro-RO","potentialAction":[{"@type":"ReadAction","target":["https:\/\/qqpets.com\/product\/pvc-dog-collar\/"]}]},{"@type":"ImageObject","inLanguage":"ro-RO","@id":"https:\/\/qqpets.com\/product\/pvc-dog-collar\/#primaryimage","url":"https:\/\/qqpets.com\/wp-content\/uploads\/2024\/11\/pvc-dog-collar8.webp","contentUrl":"https:\/\/qqpets.com\/wp-content\/uploads\/2024\/11\/pvc-dog-collar8.webp","width":960,"height":960},{"@type":"BreadcrumbList","@id":"https:\/\/qqpets.com\/product\/pvc-dog-collar\/#breadcrumb","itemListElement":[{"@type":"ListItem","position":1,"name":"Home","item":"https:\/\/qqpets.com\/"},{"@type":"ListItem","position":2,"name":"Products","item":"https:\/\/qqpets.com\/pet-products-manufacturer\/"},{"@type":"ListItem","position":3,"name":"PVC Dog Collar"}]},{"@type":"WebSite","@id":"https:\/\/qqpets.com\/#website","url":"https:\/\/qqpets.com\/","name":"QQPETS","description":"QQPETS este o fabric\u0103 de produse pentru animale de companie pentru hamuri pentru c\u00e2ini, gulere pentru c\u00e2ini, lese pentru c\u00e2ini \u0219i accesorii pentru c\u00e2ini cu servicii profesionale personalizate din 2005.","publisher":{"@id":"https:\/\/qqpets.com\/#organization"},"potentialAction":[{"@type":"SearchAction","target":{"@type":"EntryPoint","urlTemplate":"https:\/\/qqpets.com\/?s={search_term_string}"},"query-input":{"@type":"PropertyValueSpecification","valueRequired":true,"valueName":"search_term_string"}}],"inLanguage":"ro-RO"},{"@type":"Organization","@id":"https:\/\/qqpets.com\/#organization","name":"QQPETS","url":"https:\/\/qqpets.com\/","logo":{"@type":"ImageObject","inLanguage":"ro-RO","@id":"https:\/\/qqpets.com\/#\/schema\/logo\/image\/","url":"https:\/\/qqpets.com\/wp-content\/uploads\/2023\/09\/cropped-cropped-qqpets-tiktok.jpg","contentUrl":"https:\/\/qqpets.com\/wp-content\/uploads\/2023\/09\/cropped-cropped-qqpets-tiktok.jpg","width":511,"height":511,"caption":"QQPETS"},"image":{"@id":"https:\/\/qqpets.com\/#\/schema\/logo\/image\/"},"sameAs":["https:\/\/www.facebook.com\/QQpetsdogcollars","https:\/\/www.instagram.com\/qqpetscollar\/","https:\/\/www.pinterest.com\/qqpetsdogcollarsfactory\/"]}]}},"_links":{"self":[{"href":"https:\/\/qqpets.com\/ro\/wp-json\/wp\/v2\/product\/9332","targetHints":{"allow":["GET"]}}],"collection":[{"href":"https:\/\/qqpets.com\/ro\/wp-json\/wp\/v2\/product"}],"about":[{"href":"https:\/\/qqpets.com\/ro\/wp-json\/wp\/v2\/types\/product"}],"wp:featuredmedia":[{"embeddable":true,"href":"https:\/\/qqpets.com\/ro\/wp-json\/wp\/v2\/media\/9340"}],"wp:attachment":[{"href":"https:\/\/qqpets.com\/ro\/wp-json\/wp\/v2\/media?parent=9332"}],"wp:term":[{"taxonomy":"product_brand","embeddable":true,"href":"https:\/\/qqpets.com\/ro\/wp-json\/wp\/v2\/product_brand?post=9332"},{"taxonomy":"product_cat","embeddable":true,"href":"https:\/\/qqpets.com\/ro\/wp-json\/wp\/v2\/product_cat?post=9332"},{"taxonomy":"product_tag","embeddable":true,"href":"https:\/\/qqpets.com\/ro\/wp-json\/wp\/v2\/product_tag?post=9332"}],"curies":[{"name":"wp","href":"https:\/\/api.w.org\/{rel}","templated":true}]}}