{"id":9344,"date":"2024-11-14T15:38:31","date_gmt":"2024-11-14T07:38:31","guid":{"rendered":"https:\/\/qqpets.com\/?post_type=product&#038;p=9344"},"modified":"2024-11-14T15:38:31","modified_gmt":"2024-11-14T07:38:31","slug":"3-8cm-double-pin-buckle-collar","status":"publish","type":"product","link":"https:\/\/qqpets.com\/ro\/produs\/3-8cm-double-pin-buckle-collar\/","title":{"rendered":"Guler cu cataram\u0103 dubl\u0103 de 3,8 cm"},"content":{"rendered":"<p>Gulerul Double Pin Buckle de 3,8 cm combin\u0103 durabilitatea, confortul \u0219i spa\u021biul amplu de branding, fiind o alegere excelent\u0103 pentru brandurile de animale de companie, comercian\u021bii cu am\u0103nuntul \u0219i campaniile promo\u021bionale. Cu o l\u0103\u021bime de 3,8 cm, aceast\u0103 zgard\u0103 ofer\u0103 o suprafa\u021b\u0103 substan\u021bial\u0103 pentru logo-uri sau modele personalizate, permi\u021b\u00e2nd clien\u021bilor B2B s\u0103 sporeasc\u0103 vizibilitatea \u0219i atractivitatea m\u0103rcii pe pia\u021ba accesoriilor pentru animale de companie.<\/p>\n<p>Fabricat\u0103 din materiale robuste, de \u00eenalt\u0103 calitate, aceast\u0103 zgard\u0103 rezist\u0103 rigorilor purt\u0103rii zilnice, fiind destinat\u0103 c\u00e2inilor activi \u0219i mediilor solicitante. Designul cu cataram\u0103 dubl\u0103 spore\u0219te rezisten\u021ba \u0219i securitatea, asigur\u00e2nd lini\u0219tea proprietarilor de animale \u0219i longevitatea m\u0103rcii dumneavoastr\u0103. L\u0103\u021bimea mai mare a zgarda nu numai c\u0103 \u00eembun\u0103t\u0103\u021be\u0219te durabilitatea, dar spore\u0219te \u0219i impactul vizual, f\u0103c\u00e2nd din aceasta un accesoriu elegant pentru rasele mari.<\/p>\n<p>Ideal pentru clien\u021bii B2B care au nevoie de un produs fiabil \u0219i personalizabil, acest guler poate fi personalizat pentru a prezenta modelele unice ale m\u0103rcii dvs. Este versatil\u0103 pentru utilizarea cu am\u0103nuntul sau corporativ\u0103, aliniind func\u021bionalitatea cu nevoile promo\u021bionale. \u00cembun\u0103t\u0103\u021bi\u021bi ofertele dvs. de produse cu o zgard\u0103 care combin\u0103 durabilitatea, op\u021biunile de branding personalizat \u0219i un stil atractiv \u0219i robust.<\/p>","protected":false},"excerpt":{"rendered":"<p>Gulerul nostru Double Pin Buckle de 3,8 cm este o alegere robust\u0103 \u0219i elegant\u0103 pentru m\u0103rcile de animale de companie care doresc s\u0103 personalizeze cu logo-uri sau modele. Fabricat\u0103 din materiale foarte rezistente \u0219i echipat\u0103 cu o cataram\u0103 cu dou\u0103 \u0219tifturi pentru mai mult\u0103 siguran\u021b\u0103, aceast\u0103 zgard\u0103 este conceput\u0103 pentru durabilitate \u0219i confort. L\u0103\u021bimea mare de 3,8 cm ofer\u0103 o p\u00e2nz\u0103 substan\u021bial\u0103 pentru branding personalizat, fiind ideal\u0103 pentru vizibilitate \u0219i atractivitate. Perfect\u0103 pentru clien\u021bii B2B, aceast\u0103 zgard\u0103 r\u0103spunde nevoilor animalelor de companie active, stimul\u00e2nd \u00een acela\u0219i timp expunerea m\u0103rcii pe pia\u021ba animalelor de companie. Este o alegere fiabil\u0103 pentru cei care caut\u0103 o zgard\u0103 robust\u0103, personalizabil\u0103.<\/p>","protected":false},"featured_media":9345,"template":"","meta":[],"product_brand":[],"product_cat":[26],"product_tag":[],"class_list":{"0":"post-9344","1":"product","2":"type-product","3":"status-publish","4":"has-post-thumbnail","6":"product_cat-dog-collar","8":"first","9":"instock","10":"shipping-taxable","11":"product-type-simple"},"yoast_head":"<!-- This site is optimized with the Yoast SEO plugin v26.6 - https:\/\/yoast.com\/wordpress\/plugins\/seo\/ -->\n<title>3.8cm Double Pin Buckle Collar | QQPETS<\/title>\n<meta name=\"description\" content=\"Heavy-duty 3.8cm double pin buckle collar, fully customizable with your logo or pattern. Built for durability and style, ideal for B2B branding in pet accessories.\" \/>\n<meta name=\"robots\" content=\"index, follow, max-snippet:-1, max-image-preview:large, max-video-preview:-1\" \/>\n<link rel=\"canonical\" href=\"https:\/\/qqpets.com\/ro\/produs\/3-8cm-double-pin-buckle-collar\/\" \/>\n<meta property=\"og:locale\" content=\"ro_RO\" \/>\n<meta property=\"og:type\" content=\"article\" \/>\n<meta property=\"og:title\" content=\"3.8cm Double Pin Buckle Collar | QQPETS\" \/>\n<meta property=\"og:description\" content=\"Heavy-duty 3.8cm double pin buckle collar, fully customizable with your logo or pattern. Built for durability and style, ideal for B2B branding in pet accessories.\" \/>\n<meta property=\"og:url\" content=\"https:\/\/qqpets.com\/ro\/produs\/3-8cm-double-pin-buckle-collar\/\" \/>\n<meta property=\"og:site_name\" content=\"QQPETS\" \/>\n<meta property=\"article:publisher\" content=\"https:\/\/www.facebook.com\/QQpetsdogcollars\" \/>\n<meta property=\"og:image\" content=\"https:\/\/qqpets.com\/wp-content\/uploads\/2024\/11\/3.8cm-Double-Pin-Buckle-Collar1.webp\" \/>\n\t<meta property=\"og:image:width\" content=\"800\" \/>\n\t<meta property=\"og:image:height\" content=\"800\" \/>\n\t<meta property=\"og:image:type\" content=\"image\/webp\" \/>\n<meta name=\"twitter:card\" content=\"summary_large_image\" \/>\n<meta name=\"twitter:label1\" content=\"Timp estimat pentru citire\" \/>\n\t<meta name=\"twitter:data1\" content=\"1 minut\" \/>\n<script type=\"application\/ld+json\" class=\"yoast-schema-graph\">{\"@context\":\"https:\/\/schema.org\",\"@graph\":[{\"@type\":\"WebPage\",\"@id\":\"https:\/\/qqpets.com\/product\/3-8cm-double-pin-buckle-collar\/\",\"url\":\"https:\/\/qqpets.com\/product\/3-8cm-double-pin-buckle-collar\/\",\"name\":\"3.8cm Double Pin Buckle Collar | QQPETS\",\"isPartOf\":{\"@id\":\"https:\/\/qqpets.com\/#website\"},\"primaryImageOfPage\":{\"@id\":\"https:\/\/qqpets.com\/product\/3-8cm-double-pin-buckle-collar\/#primaryimage\"},\"image\":{\"@id\":\"https:\/\/qqpets.com\/product\/3-8cm-double-pin-buckle-collar\/#primaryimage\"},\"thumbnailUrl\":\"https:\/\/qqpets.com\/wp-content\/uploads\/2024\/11\/3.8cm-Double-Pin-Buckle-Collar1.webp\",\"datePublished\":\"2024-11-14T07:38:31+00:00\",\"description\":\"Heavy-duty 3.8cm double pin buckle collar, fully customizable with your logo or pattern. Built for durability and style, ideal for B2B branding in pet accessories.\",\"breadcrumb\":{\"@id\":\"https:\/\/qqpets.com\/product\/3-8cm-double-pin-buckle-collar\/#breadcrumb\"},\"inLanguage\":\"ro-RO\",\"potentialAction\":[{\"@type\":\"ReadAction\",\"target\":[\"https:\/\/qqpets.com\/product\/3-8cm-double-pin-buckle-collar\/\"]}]},{\"@type\":\"ImageObject\",\"inLanguage\":\"ro-RO\",\"@id\":\"https:\/\/qqpets.com\/product\/3-8cm-double-pin-buckle-collar\/#primaryimage\",\"url\":\"https:\/\/qqpets.com\/wp-content\/uploads\/2024\/11\/3.8cm-Double-Pin-Buckle-Collar1.webp\",\"contentUrl\":\"https:\/\/qqpets.com\/wp-content\/uploads\/2024\/11\/3.8cm-Double-Pin-Buckle-Collar1.webp\",\"width\":800,\"height\":800},{\"@type\":\"BreadcrumbList\",\"@id\":\"https:\/\/qqpets.com\/product\/3-8cm-double-pin-buckle-collar\/#breadcrumb\",\"itemListElement\":[{\"@type\":\"ListItem\",\"position\":1,\"name\":\"Home\",\"item\":\"https:\/\/qqpets.com\/\"},{\"@type\":\"ListItem\",\"position\":2,\"name\":\"Products\",\"item\":\"https:\/\/qqpets.com\/pet-products-manufacturer\/\"},{\"@type\":\"ListItem\",\"position\":3,\"name\":\"3.8cm Double Pin Buckle Collar\"}]},{\"@type\":\"WebSite\",\"@id\":\"https:\/\/qqpets.com\/#website\",\"url\":\"https:\/\/qqpets.com\/\",\"name\":\"QQPETS\",\"description\":\"QQPETS is a pet products factory for dog harnesses, dog collars, dog leashes and dog accessories with professional customized service since 2005.\",\"publisher\":{\"@id\":\"https:\/\/qqpets.com\/#organization\"},\"potentialAction\":[{\"@type\":\"SearchAction\",\"target\":{\"@type\":\"EntryPoint\",\"urlTemplate\":\"https:\/\/qqpets.com\/?s={search_term_string}\"},\"query-input\":{\"@type\":\"PropertyValueSpecification\",\"valueRequired\":true,\"valueName\":\"search_term_string\"}}],\"inLanguage\":\"ro-RO\"},{\"@type\":\"Organization\",\"@id\":\"https:\/\/qqpets.com\/#organization\",\"name\":\"QQPETS\",\"url\":\"https:\/\/qqpets.com\/\",\"logo\":{\"@type\":\"ImageObject\",\"inLanguage\":\"ro-RO\",\"@id\":\"https:\/\/qqpets.com\/#\/schema\/logo\/image\/\",\"url\":\"https:\/\/qqpets.com\/wp-content\/uploads\/2023\/09\/cropped-cropped-qqpets-tiktok.jpg\",\"contentUrl\":\"https:\/\/qqpets.com\/wp-content\/uploads\/2023\/09\/cropped-cropped-qqpets-tiktok.jpg\",\"width\":511,\"height\":511,\"caption\":\"QQPETS\"},\"image\":{\"@id\":\"https:\/\/qqpets.com\/#\/schema\/logo\/image\/\"},\"sameAs\":[\"https:\/\/www.facebook.com\/QQpetsdogcollars\",\"https:\/\/www.instagram.com\/qqpetscollar\/\",\"https:\/\/www.pinterest.com\/qqpetsdogcollarsfactory\/\"]}]}<\/script>\n<!-- \/ Yoast SEO plugin. -->","yoast_head_json":{"title":"3.8cm Guler cu cataram\u0103 dubl\u0103 | QQPETS","description":"Zgard\u0103 rezistent\u0103 de 3,8 cm cu cataram\u0103 dubl\u0103, complet personalizabil\u0103 cu logo-ul sau modelul dvs. Construit\u0103 pentru durabilitate \u0219i stil, ideal\u0103 pentru branding B2B \u00een accesoriile pentru animale de companie.","robots":{"index":"index","follow":"follow","max-snippet":"max-snippet:-1","max-image-preview":"max-image-preview:large","max-video-preview":"max-video-preview:-1"},"canonical":"https:\/\/qqpets.com\/ro\/produs\/3-8cm-double-pin-buckle-collar\/","og_locale":"ro_RO","og_type":"article","og_title":"3.8cm Double Pin Buckle Collar | QQPETS","og_description":"Heavy-duty 3.8cm double pin buckle collar, fully customizable with your logo or pattern. Built for durability and style, ideal for B2B branding in pet accessories.","og_url":"https:\/\/qqpets.com\/ro\/produs\/3-8cm-double-pin-buckle-collar\/","og_site_name":"QQPETS","article_publisher":"https:\/\/www.facebook.com\/QQpetsdogcollars","og_image":[{"width":800,"height":800,"url":"https:\/\/qqpets.com\/wp-content\/uploads\/2024\/11\/3.8cm-Double-Pin-Buckle-Collar1.webp","type":"image\/webp"}],"twitter_card":"summary_large_image","twitter_misc":{"Timp estimat pentru citire":"1 minut"},"schema":{"@context":"https:\/\/schema.org","@graph":[{"@type":"WebPage","@id":"https:\/\/qqpets.com\/product\/3-8cm-double-pin-buckle-collar\/","url":"https:\/\/qqpets.com\/product\/3-8cm-double-pin-buckle-collar\/","name":"3.8cm Guler cu cataram\u0103 dubl\u0103 | QQPETS","isPartOf":{"@id":"https:\/\/qqpets.com\/#website"},"primaryImageOfPage":{"@id":"https:\/\/qqpets.com\/product\/3-8cm-double-pin-buckle-collar\/#primaryimage"},"image":{"@id":"https:\/\/qqpets.com\/product\/3-8cm-double-pin-buckle-collar\/#primaryimage"},"thumbnailUrl":"https:\/\/qqpets.com\/wp-content\/uploads\/2024\/11\/3.8cm-Double-Pin-Buckle-Collar1.webp","datePublished":"2024-11-14T07:38:31+00:00","description":"Zgard\u0103 rezistent\u0103 de 3,8 cm cu cataram\u0103 dubl\u0103, complet personalizabil\u0103 cu logo-ul sau modelul dvs. Construit\u0103 pentru durabilitate \u0219i stil, ideal\u0103 pentru branding B2B \u00een accesoriile pentru animale de companie.","breadcrumb":{"@id":"https:\/\/qqpets.com\/product\/3-8cm-double-pin-buckle-collar\/#breadcrumb"},"inLanguage":"ro-RO","potentialAction":[{"@type":"ReadAction","target":["https:\/\/qqpets.com\/product\/3-8cm-double-pin-buckle-collar\/"]}]},{"@type":"ImageObject","inLanguage":"ro-RO","@id":"https:\/\/qqpets.com\/product\/3-8cm-double-pin-buckle-collar\/#primaryimage","url":"https:\/\/qqpets.com\/wp-content\/uploads\/2024\/11\/3.8cm-Double-Pin-Buckle-Collar1.webp","contentUrl":"https:\/\/qqpets.com\/wp-content\/uploads\/2024\/11\/3.8cm-Double-Pin-Buckle-Collar1.webp","width":800,"height":800},{"@type":"BreadcrumbList","@id":"https:\/\/qqpets.com\/product\/3-8cm-double-pin-buckle-collar\/#breadcrumb","itemListElement":[{"@type":"ListItem","position":1,"name":"Home","item":"https:\/\/qqpets.com\/"},{"@type":"ListItem","position":2,"name":"Products","item":"https:\/\/qqpets.com\/pet-products-manufacturer\/"},{"@type":"ListItem","position":3,"name":"3.8cm Double Pin Buckle Collar"}]},{"@type":"WebSite","@id":"https:\/\/qqpets.com\/#website","url":"https:\/\/qqpets.com\/","name":"QQPETS","description":"QQPETS este o fabric\u0103 de produse pentru animale de companie pentru hamuri pentru c\u00e2ini, gulere pentru c\u00e2ini, lese pentru c\u00e2ini \u0219i accesorii pentru c\u00e2ini cu servicii profesionale personalizate din 2005.","publisher":{"@id":"https:\/\/qqpets.com\/#organization"},"potentialAction":[{"@type":"SearchAction","target":{"@type":"EntryPoint","urlTemplate":"https:\/\/qqpets.com\/?s={search_term_string}"},"query-input":{"@type":"PropertyValueSpecification","valueRequired":true,"valueName":"search_term_string"}}],"inLanguage":"ro-RO"},{"@type":"Organization","@id":"https:\/\/qqpets.com\/#organization","name":"QQPETS","url":"https:\/\/qqpets.com\/","logo":{"@type":"ImageObject","inLanguage":"ro-RO","@id":"https:\/\/qqpets.com\/#\/schema\/logo\/image\/","url":"https:\/\/qqpets.com\/wp-content\/uploads\/2023\/09\/cropped-cropped-qqpets-tiktok.jpg","contentUrl":"https:\/\/qqpets.com\/wp-content\/uploads\/2023\/09\/cropped-cropped-qqpets-tiktok.jpg","width":511,"height":511,"caption":"QQPETS"},"image":{"@id":"https:\/\/qqpets.com\/#\/schema\/logo\/image\/"},"sameAs":["https:\/\/www.facebook.com\/QQpetsdogcollars","https:\/\/www.instagram.com\/qqpetscollar\/","https:\/\/www.pinterest.com\/qqpetsdogcollarsfactory\/"]}]}},"_links":{"self":[{"href":"https:\/\/qqpets.com\/ro\/wp-json\/wp\/v2\/product\/9344","targetHints":{"allow":["GET"]}}],"collection":[{"href":"https:\/\/qqpets.com\/ro\/wp-json\/wp\/v2\/product"}],"about":[{"href":"https:\/\/qqpets.com\/ro\/wp-json\/wp\/v2\/types\/product"}],"wp:featuredmedia":[{"embeddable":true,"href":"https:\/\/qqpets.com\/ro\/wp-json\/wp\/v2\/media\/9345"}],"wp:attachment":[{"href":"https:\/\/qqpets.com\/ro\/wp-json\/wp\/v2\/media?parent=9344"}],"wp:term":[{"taxonomy":"product_brand","embeddable":true,"href":"https:\/\/qqpets.com\/ro\/wp-json\/wp\/v2\/product_brand?post=9344"},{"taxonomy":"product_cat","embeddable":true,"href":"https:\/\/qqpets.com\/ro\/wp-json\/wp\/v2\/product_cat?post=9344"},{"taxonomy":"product_tag","embeddable":true,"href":"https:\/\/qqpets.com\/ro\/wp-json\/wp\/v2\/product_tag?post=9344"}],"curies":[{"name":"wp","href":"https:\/\/api.w.org\/{rel}","templated":true}]}}