{"id":9351,"date":"2024-11-14T15:50:14","date_gmt":"2024-11-14T07:50:14","guid":{"rendered":"https:\/\/qqpets.com\/?post_type=product&#038;p=9351"},"modified":"2024-11-14T15:50:14","modified_gmt":"2024-11-14T07:50:14","slug":"martingale-chain-collar","status":"publish","type":"product","link":"https:\/\/qqpets.com\/ro\/produs\/martingale-chain-collar\/","title":{"rendered":"Colier cu lan\u021b Martingale"},"content":{"rendered":"<p>Zgarda cu lan\u021b Martingale este o op\u021biune versatil\u0103 \u0219i sigur\u0103, conceput\u0103 pentru m\u0103rcile de animale de companie \u0219i comercian\u021bii cu am\u0103nuntul care doresc o zgard\u0103 de dresaj fiabil\u0103, cu o atingere personalizat\u0103. Cunoscut\u0103 pentru designul s\u0103u sigur \u0219i eficient, zgarda Martingale se str\u00e2nge u\u0219or atunci c\u00e2nd un c\u00e2ine trage, oferind un control delicat f\u0103r\u0103 riscul de sufocare, ceea ce o face ideal\u0103 pentru dresaj \u0219i c\u00e2ini activi.<\/p>\n<p>Construit\u0103 din materiale durabile de \u00eenalt\u0103 calitate, aceast\u0103 zgard\u0103 este construit\u0103 pentru a rezista uzurii zilnice, oferind \u00een acela\u0219i timp o potrivire controlat\u0103 \u0219i confortabil\u0103. Componenta lan\u021b \u00eembun\u0103t\u0103\u021be\u0219te controlul \u0219i siguran\u021ba, permi\u021b\u00e2nd un antrenament receptiv care nu compromite confortul. Pentru m\u0103rcile care doresc s\u0103 fac\u0103 impresie, designul gulerului poate fi complet personalizat cu logo-uri sau modele, f\u0103c\u00e2ndu-l un accesoriu remarcabil pentru clien\u021bii B2B care doresc o prezen\u021b\u0103 distinct\u0103 a m\u0103rcii.<\/p>\n<p>Perfect\u0103 pentru o varietate de rase, aceast\u0103 zgard\u0103 cu lan\u021b Martingale este adaptat\u0103 pentru a satisface cerin\u021bele at\u00e2t ale proprietarilor de animale de companie, c\u00e2t \u0219i ale \u00eentreprinderilor. Este o alegere func\u021bional\u0103 pentru dresajul c\u00e2inilor, utilizarea zilnic\u0103 elegant\u0103 \u0219i recunoa\u0219terea m\u0103rcii, oferind clien\u021bilor B2B un produs eficient \u0219i personalizabil pentru a cre\u0219te vizibilitatea pe pia\u021ba competitiv\u0103 a accesoriilor pentru animale de companie.<\/p>","protected":false},"excerpt":{"rendered":"<p>Gulerul nostru cu lan\u021b Martingale combin\u0103 siguran\u021ba cu stilul, f\u0103c\u00e2ndu-l perfect pentru dresaj \u0219i purtare zilnic\u0103. Conceput\u0103 pentru a controla u\u0219or c\u00e2inii f\u0103r\u0103 a-i sufoca, aceasta asigur\u0103 confort \u00een timp ce ofer\u0103 o manipulare eficient\u0103. Fabricat\u0103 din materiale durabile, aceast\u0103 zgard\u0103 este complet personalizabil\u0103 cu logo-ul sau modelul dumneavoastr\u0103, oferind o oportunitate unic\u0103 de branding pentru clien\u021bii B2B de pe pia\u021ba animalelor de companie. Ideal\u0103 pentru brandurile care caut\u0103 calitate, func\u021bionalitate \u0219i vizibilitate, aceast\u0103 zgard\u0103 Martingale se potrive\u0219te animalelor de companie active \u0219i nevoilor de dresaj, promov\u00e2nd \u00een acela\u0219i timp expunerea brandului.<\/p>","protected":false},"featured_media":9352,"template":"","meta":[],"product_brand":[],"product_cat":[26],"product_tag":[],"class_list":{"0":"post-9351","1":"product","2":"type-product","3":"status-publish","4":"has-post-thumbnail","6":"product_cat-dog-collar","8":"first","9":"instock","10":"shipping-taxable","11":"product-type-simple"},"yoast_head":"<!-- This site is optimized with the Yoast SEO plugin v26.6 - https:\/\/yoast.com\/wordpress\/plugins\/seo\/ -->\n<title>Martingale Chain Collar | QQPETS<\/title>\n<meta name=\"description\" content=\"Secure and stylish Martingale chain collar, ideal for training. Fully customizable with logos or patterns, perfect for B2B clients seeking branded pet accessories.\" \/>\n<meta name=\"robots\" content=\"index, follow, max-snippet:-1, max-image-preview:large, max-video-preview:-1\" \/>\n<link rel=\"canonical\" href=\"https:\/\/qqpets.com\/ro\/produs\/martingale-chain-collar\/\" \/>\n<meta property=\"og:locale\" content=\"ro_RO\" \/>\n<meta property=\"og:type\" content=\"article\" \/>\n<meta property=\"og:title\" content=\"Martingale Chain Collar | QQPETS\" \/>\n<meta property=\"og:description\" content=\"Secure and stylish Martingale chain collar, ideal for training. Fully customizable with logos or patterns, perfect for B2B clients seeking branded pet accessories.\" \/>\n<meta property=\"og:url\" content=\"https:\/\/qqpets.com\/ro\/produs\/martingale-chain-collar\/\" \/>\n<meta property=\"og:site_name\" content=\"QQPETS\" \/>\n<meta property=\"article:publisher\" content=\"https:\/\/www.facebook.com\/QQpetsdogcollars\" \/>\n<meta property=\"og:image\" content=\"https:\/\/qqpets.com\/wp-content\/uploads\/2024\/11\/Martingale-Chain-Collar1.webp\" \/>\n\t<meta property=\"og:image:width\" content=\"800\" \/>\n\t<meta property=\"og:image:height\" content=\"800\" \/>\n\t<meta property=\"og:image:type\" content=\"image\/webp\" \/>\n<meta name=\"twitter:card\" content=\"summary_large_image\" \/>\n<meta name=\"twitter:label1\" content=\"Timp estimat pentru citire\" \/>\n\t<meta name=\"twitter:data1\" content=\"1 minut\" \/>\n<script type=\"application\/ld+json\" class=\"yoast-schema-graph\">{\"@context\":\"https:\/\/schema.org\",\"@graph\":[{\"@type\":\"WebPage\",\"@id\":\"https:\/\/qqpets.com\/product\/martingale-chain-collar\/\",\"url\":\"https:\/\/qqpets.com\/product\/martingale-chain-collar\/\",\"name\":\"Martingale Chain Collar | QQPETS\",\"isPartOf\":{\"@id\":\"https:\/\/qqpets.com\/#website\"},\"primaryImageOfPage\":{\"@id\":\"https:\/\/qqpets.com\/product\/martingale-chain-collar\/#primaryimage\"},\"image\":{\"@id\":\"https:\/\/qqpets.com\/product\/martingale-chain-collar\/#primaryimage\"},\"thumbnailUrl\":\"https:\/\/qqpets.com\/wp-content\/uploads\/2024\/11\/Martingale-Chain-Collar1.webp\",\"datePublished\":\"2024-11-14T07:50:14+00:00\",\"description\":\"Secure and stylish Martingale chain collar, ideal for training. Fully customizable with logos or patterns, perfect for B2B clients seeking branded pet accessories.\",\"breadcrumb\":{\"@id\":\"https:\/\/qqpets.com\/product\/martingale-chain-collar\/#breadcrumb\"},\"inLanguage\":\"ro-RO\",\"potentialAction\":[{\"@type\":\"ReadAction\",\"target\":[\"https:\/\/qqpets.com\/product\/martingale-chain-collar\/\"]}]},{\"@type\":\"ImageObject\",\"inLanguage\":\"ro-RO\",\"@id\":\"https:\/\/qqpets.com\/product\/martingale-chain-collar\/#primaryimage\",\"url\":\"https:\/\/qqpets.com\/wp-content\/uploads\/2024\/11\/Martingale-Chain-Collar1.webp\",\"contentUrl\":\"https:\/\/qqpets.com\/wp-content\/uploads\/2024\/11\/Martingale-Chain-Collar1.webp\",\"width\":800,\"height\":800},{\"@type\":\"BreadcrumbList\",\"@id\":\"https:\/\/qqpets.com\/product\/martingale-chain-collar\/#breadcrumb\",\"itemListElement\":[{\"@type\":\"ListItem\",\"position\":1,\"name\":\"Home\",\"item\":\"https:\/\/qqpets.com\/\"},{\"@type\":\"ListItem\",\"position\":2,\"name\":\"Products\",\"item\":\"https:\/\/qqpets.com\/pet-products-manufacturer\/\"},{\"@type\":\"ListItem\",\"position\":3,\"name\":\"Martingale Chain Collar\"}]},{\"@type\":\"WebSite\",\"@id\":\"https:\/\/qqpets.com\/#website\",\"url\":\"https:\/\/qqpets.com\/\",\"name\":\"QQPETS\",\"description\":\"QQPETS is a pet products factory for dog harnesses, dog collars, dog leashes and dog accessories with professional customized service since 2005.\",\"publisher\":{\"@id\":\"https:\/\/qqpets.com\/#organization\"},\"potentialAction\":[{\"@type\":\"SearchAction\",\"target\":{\"@type\":\"EntryPoint\",\"urlTemplate\":\"https:\/\/qqpets.com\/?s={search_term_string}\"},\"query-input\":{\"@type\":\"PropertyValueSpecification\",\"valueRequired\":true,\"valueName\":\"search_term_string\"}}],\"inLanguage\":\"ro-RO\"},{\"@type\":\"Organization\",\"@id\":\"https:\/\/qqpets.com\/#organization\",\"name\":\"QQPETS\",\"url\":\"https:\/\/qqpets.com\/\",\"logo\":{\"@type\":\"ImageObject\",\"inLanguage\":\"ro-RO\",\"@id\":\"https:\/\/qqpets.com\/#\/schema\/logo\/image\/\",\"url\":\"https:\/\/qqpets.com\/wp-content\/uploads\/2023\/09\/cropped-cropped-qqpets-tiktok.jpg\",\"contentUrl\":\"https:\/\/qqpets.com\/wp-content\/uploads\/2023\/09\/cropped-cropped-qqpets-tiktok.jpg\",\"width\":511,\"height\":511,\"caption\":\"QQPETS\"},\"image\":{\"@id\":\"https:\/\/qqpets.com\/#\/schema\/logo\/image\/\"},\"sameAs\":[\"https:\/\/www.facebook.com\/QQpetsdogcollars\",\"https:\/\/www.instagram.com\/qqpetscollar\/\",\"https:\/\/www.pinterest.com\/qqpetsdogcollarsfactory\/\"]}]}<\/script>\n<!-- \/ Yoast SEO plugin. -->","yoast_head_json":{"title":"Colier cu lan\u021b Martingale | QQPETS","description":"Zgard\u0103 cu lan\u021b Martingale sigur\u0103 \u0219i elegant\u0103, ideal\u0103 pentru dresaj. Complet personalizabil\u0103 cu logo-uri sau modele, perfect\u0103 pentru clien\u021bii B2B care doresc accesorii de marc\u0103 pentru animalele de companie.","robots":{"index":"index","follow":"follow","max-snippet":"max-snippet:-1","max-image-preview":"max-image-preview:large","max-video-preview":"max-video-preview:-1"},"canonical":"https:\/\/qqpets.com\/ro\/produs\/martingale-chain-collar\/","og_locale":"ro_RO","og_type":"article","og_title":"Martingale Chain Collar | QQPETS","og_description":"Secure and stylish Martingale chain collar, ideal for training. Fully customizable with logos or patterns, perfect for B2B clients seeking branded pet accessories.","og_url":"https:\/\/qqpets.com\/ro\/produs\/martingale-chain-collar\/","og_site_name":"QQPETS","article_publisher":"https:\/\/www.facebook.com\/QQpetsdogcollars","og_image":[{"width":800,"height":800,"url":"https:\/\/qqpets.com\/wp-content\/uploads\/2024\/11\/Martingale-Chain-Collar1.webp","type":"image\/webp"}],"twitter_card":"summary_large_image","twitter_misc":{"Timp estimat pentru citire":"1 minut"},"schema":{"@context":"https:\/\/schema.org","@graph":[{"@type":"WebPage","@id":"https:\/\/qqpets.com\/product\/martingale-chain-collar\/","url":"https:\/\/qqpets.com\/product\/martingale-chain-collar\/","name":"Colier cu lan\u021b Martingale | QQPETS","isPartOf":{"@id":"https:\/\/qqpets.com\/#website"},"primaryImageOfPage":{"@id":"https:\/\/qqpets.com\/product\/martingale-chain-collar\/#primaryimage"},"image":{"@id":"https:\/\/qqpets.com\/product\/martingale-chain-collar\/#primaryimage"},"thumbnailUrl":"https:\/\/qqpets.com\/wp-content\/uploads\/2024\/11\/Martingale-Chain-Collar1.webp","datePublished":"2024-11-14T07:50:14+00:00","description":"Zgard\u0103 cu lan\u021b Martingale sigur\u0103 \u0219i elegant\u0103, ideal\u0103 pentru dresaj. Complet personalizabil\u0103 cu logo-uri sau modele, perfect\u0103 pentru clien\u021bii B2B care doresc accesorii de marc\u0103 pentru animalele de companie.","breadcrumb":{"@id":"https:\/\/qqpets.com\/product\/martingale-chain-collar\/#breadcrumb"},"inLanguage":"ro-RO","potentialAction":[{"@type":"ReadAction","target":["https:\/\/qqpets.com\/product\/martingale-chain-collar\/"]}]},{"@type":"ImageObject","inLanguage":"ro-RO","@id":"https:\/\/qqpets.com\/product\/martingale-chain-collar\/#primaryimage","url":"https:\/\/qqpets.com\/wp-content\/uploads\/2024\/11\/Martingale-Chain-Collar1.webp","contentUrl":"https:\/\/qqpets.com\/wp-content\/uploads\/2024\/11\/Martingale-Chain-Collar1.webp","width":800,"height":800},{"@type":"BreadcrumbList","@id":"https:\/\/qqpets.com\/product\/martingale-chain-collar\/#breadcrumb","itemListElement":[{"@type":"ListItem","position":1,"name":"Home","item":"https:\/\/qqpets.com\/"},{"@type":"ListItem","position":2,"name":"Products","item":"https:\/\/qqpets.com\/pet-products-manufacturer\/"},{"@type":"ListItem","position":3,"name":"Martingale Chain Collar"}]},{"@type":"WebSite","@id":"https:\/\/qqpets.com\/#website","url":"https:\/\/qqpets.com\/","name":"QQPETS","description":"QQPETS este o fabric\u0103 de produse pentru animale de companie pentru hamuri pentru c\u00e2ini, gulere pentru c\u00e2ini, lese pentru c\u00e2ini \u0219i accesorii pentru c\u00e2ini cu servicii profesionale personalizate din 2005.","publisher":{"@id":"https:\/\/qqpets.com\/#organization"},"potentialAction":[{"@type":"SearchAction","target":{"@type":"EntryPoint","urlTemplate":"https:\/\/qqpets.com\/?s={search_term_string}"},"query-input":{"@type":"PropertyValueSpecification","valueRequired":true,"valueName":"search_term_string"}}],"inLanguage":"ro-RO"},{"@type":"Organization","@id":"https:\/\/qqpets.com\/#organization","name":"QQPETS","url":"https:\/\/qqpets.com\/","logo":{"@type":"ImageObject","inLanguage":"ro-RO","@id":"https:\/\/qqpets.com\/#\/schema\/logo\/image\/","url":"https:\/\/qqpets.com\/wp-content\/uploads\/2023\/09\/cropped-cropped-qqpets-tiktok.jpg","contentUrl":"https:\/\/qqpets.com\/wp-content\/uploads\/2023\/09\/cropped-cropped-qqpets-tiktok.jpg","width":511,"height":511,"caption":"QQPETS"},"image":{"@id":"https:\/\/qqpets.com\/#\/schema\/logo\/image\/"},"sameAs":["https:\/\/www.facebook.com\/QQpetsdogcollars","https:\/\/www.instagram.com\/qqpetscollar\/","https:\/\/www.pinterest.com\/qqpetsdogcollarsfactory\/"]}]}},"_links":{"self":[{"href":"https:\/\/qqpets.com\/ro\/wp-json\/wp\/v2\/product\/9351","targetHints":{"allow":["GET"]}}],"collection":[{"href":"https:\/\/qqpets.com\/ro\/wp-json\/wp\/v2\/product"}],"about":[{"href":"https:\/\/qqpets.com\/ro\/wp-json\/wp\/v2\/types\/product"}],"wp:featuredmedia":[{"embeddable":true,"href":"https:\/\/qqpets.com\/ro\/wp-json\/wp\/v2\/media\/9352"}],"wp:attachment":[{"href":"https:\/\/qqpets.com\/ro\/wp-json\/wp\/v2\/media?parent=9351"}],"wp:term":[{"taxonomy":"product_brand","embeddable":true,"href":"https:\/\/qqpets.com\/ro\/wp-json\/wp\/v2\/product_brand?post=9351"},{"taxonomy":"product_cat","embeddable":true,"href":"https:\/\/qqpets.com\/ro\/wp-json\/wp\/v2\/product_cat?post=9351"},{"taxonomy":"product_tag","embeddable":true,"href":"https:\/\/qqpets.com\/ro\/wp-json\/wp\/v2\/product_tag?post=9351"}],"curies":[{"name":"wp","href":"https:\/\/api.w.org\/{rel}","templated":true}]}}