{"id":9371,"date":"2024-11-14T16:30:26","date_gmt":"2024-11-14T08:30:26","guid":{"rendered":"https:\/\/qqpets.com\/?post_type=product&#038;p=9371"},"modified":"2024-11-14T16:30:26","modified_gmt":"2024-11-14T08:30:26","slug":"qr-tag-cat-collar","status":"publish","type":"product","link":"https:\/\/qqpets.com\/ro\/produs\/qr-tag-cat-collar\/","title":{"rendered":"QR Tag Cat Collar"},"content":{"rendered":"<p>Colierul pentru pisici cu etichet\u0103 QR este combina\u021bia suprem\u0103 de stil, siguran\u021b\u0103 \u0219i inova\u021bie, conceput\u0103 pentru a satisface cerin\u021bele proprietarilor moderni de animale de companie. Dispun\u00e2nd de o etichet\u0103 QR \u00eencorporat\u0103, aceast\u0103 zgard\u0103 permite accesul rapid \u0219i u\u0219or la ID-ul, informa\u021biile de contact sau detaliile medicale ale unui animal de companie atunci c\u00e2nd sunt scanate, oferind un nivel sporit de securitate pe care st\u0103p\u00e2nii de pisici \u00eel apreciaz\u0103.<\/p>\n<p>Pentru clien\u021bii B2B, QR Tag Cat Collar este o op\u021biune personalizabil\u0103 care poate fi adaptat\u0103 pentru a se alinia la identitatea oric\u0103rui brand. De la logo-uri la modele distinctive, companiile pot crea o zgard\u0103 care nu numai c\u0103 spore\u0219te siguran\u021ba animalelor de companie, dar promoveaz\u0103 \u0219i vizibilitatea m\u0103rcii. Construit\u0103 din materiale moi, dar durabile, aceast\u0103 zgard\u0103 asigur\u0103 confortul pisicilor de toate rasele \u0219i dimensiunile, men\u021bin\u00e2nd \u00een acela\u0219i timp rezisten\u021ba necesar\u0103 pentru uzura zilnic\u0103.<\/p>\n<p>Dincolo de func\u021bionalitate, QR Tag Cat Collar reprezint\u0103 o oportunitate valoroas\u0103 de branding, transform\u00e2nd un accesoriu practic \u00eentr-un produs atr\u0103g\u0103tor din punct de vedere vizual, care vorbe\u0219te despre priorit\u0103\u021bile proprietarilor de animale de companie. Este alegerea ideal\u0103 pentru m\u0103rcile de animale de companie care doresc s\u0103 combine securitatea, confortul \u0219i stilul, oferind o zgard\u0103 fiabil\u0103 \u0219i inovatoare care ajut\u0103 la construirea \u00eencrederii \u0219i loialit\u0103\u021bii \u00een r\u00e2ndul clien\u021bilor.<\/p>","protected":false},"excerpt":{"rendered":"<p>Gulerul nostru pentru pisici cu etichet\u0103 QR ofer\u0103 o \u00eentors\u0103tur\u0103 modern\u0103 \u00een ceea ce prive\u0219te siguran\u021ba \u0219i identificarea animalelor de companie. Cu o etichet\u0103 QR integrat\u0103, aceast\u0103 zgard\u0103 permite accesul rapid la detaliile animalului de companie atunci c\u00e2nd este scanat, oferind lini\u0219te pentru proprietarii de pisici. Ideal\u0103 pentru clien\u021bii B2B, zgarda este complet personalizabil\u0103 cu logo-uri sau modele, aliniindu-se cu standardele estetice \u0219i de siguran\u021b\u0103 ale oric\u0103rui brand. Conceput\u0103 pentru confort \u0219i realizat\u0103 din materiale durabile, este perfect\u0103 at\u00e2t pentru pisicile active, c\u00e2t \u0219i pentru brandurile de animale de companie preocupate de stil, sporind at\u00e2t securitatea, c\u00e2t \u0219i vizibilitatea brandului \u00eentr-un singur accesoriu elegant.<\/p>\n<p>&nbsp;<\/p>","protected":false},"featured_media":9372,"template":"","meta":[],"product_brand":[],"product_cat":[26],"product_tag":[],"class_list":{"0":"post-9371","1":"product","2":"type-product","3":"status-publish","4":"has-post-thumbnail","6":"product_cat-dog-collar","8":"first","9":"instock","10":"shipping-taxable","11":"product-type-simple"},"yoast_head":"<!-- This site is optimized with the Yoast SEO plugin v26.6 - https:\/\/yoast.com\/wordpress\/plugins\/seo\/ -->\n<title>QR Tag Cat Collar | QQPETS<\/title>\n<meta name=\"description\" content=\"QR Tag Cat Collar combines safety with customization. Easily scannable for pet info and fully customizable with logos or patterns\u2014perfect for B2B branding needs.\" \/>\n<meta name=\"robots\" content=\"index, follow, max-snippet:-1, max-image-preview:large, max-video-preview:-1\" \/>\n<link rel=\"canonical\" href=\"https:\/\/qqpets.com\/ro\/produs\/qr-tag-cat-collar\/\" \/>\n<meta property=\"og:locale\" content=\"ro_RO\" \/>\n<meta property=\"og:type\" content=\"article\" \/>\n<meta property=\"og:title\" content=\"QR Tag Cat Collar | QQPETS\" \/>\n<meta property=\"og:description\" content=\"QR Tag Cat Collar combines safety with customization. Easily scannable for pet info and fully customizable with logos or patterns\u2014perfect for B2B branding needs.\" \/>\n<meta property=\"og:url\" content=\"https:\/\/qqpets.com\/ro\/produs\/qr-tag-cat-collar\/\" \/>\n<meta property=\"og:site_name\" content=\"QQPETS\" \/>\n<meta property=\"article:publisher\" content=\"https:\/\/www.facebook.com\/QQpetsdogcollars\" \/>\n<meta property=\"og:image\" content=\"https:\/\/qqpets.com\/wp-content\/uploads\/2024\/11\/QR-Tag-Cat-Collar1.webp\" \/>\n\t<meta property=\"og:image:width\" content=\"1000\" \/>\n\t<meta property=\"og:image:height\" content=\"1000\" \/>\n\t<meta property=\"og:image:type\" content=\"image\/webp\" \/>\n<meta name=\"twitter:card\" content=\"summary_large_image\" \/>\n<meta name=\"twitter:label1\" content=\"Timp estimat pentru citire\" \/>\n\t<meta name=\"twitter:data1\" content=\"1 minut\" \/>\n<script type=\"application\/ld+json\" class=\"yoast-schema-graph\">{\"@context\":\"https:\/\/schema.org\",\"@graph\":[{\"@type\":\"WebPage\",\"@id\":\"https:\/\/qqpets.com\/product\/qr-tag-cat-collar\/\",\"url\":\"https:\/\/qqpets.com\/product\/qr-tag-cat-collar\/\",\"name\":\"QR Tag Cat Collar | QQPETS\",\"isPartOf\":{\"@id\":\"https:\/\/qqpets.com\/#website\"},\"primaryImageOfPage\":{\"@id\":\"https:\/\/qqpets.com\/product\/qr-tag-cat-collar\/#primaryimage\"},\"image\":{\"@id\":\"https:\/\/qqpets.com\/product\/qr-tag-cat-collar\/#primaryimage\"},\"thumbnailUrl\":\"https:\/\/qqpets.com\/wp-content\/uploads\/2024\/11\/QR-Tag-Cat-Collar1.webp\",\"datePublished\":\"2024-11-14T08:30:26+00:00\",\"description\":\"QR Tag Cat Collar combines safety with customization. Easily scannable for pet info and fully customizable with logos or patterns\u2014perfect for B2B branding needs.\",\"breadcrumb\":{\"@id\":\"https:\/\/qqpets.com\/product\/qr-tag-cat-collar\/#breadcrumb\"},\"inLanguage\":\"ro-RO\",\"potentialAction\":[{\"@type\":\"ReadAction\",\"target\":[\"https:\/\/qqpets.com\/product\/qr-tag-cat-collar\/\"]}]},{\"@type\":\"ImageObject\",\"inLanguage\":\"ro-RO\",\"@id\":\"https:\/\/qqpets.com\/product\/qr-tag-cat-collar\/#primaryimage\",\"url\":\"https:\/\/qqpets.com\/wp-content\/uploads\/2024\/11\/QR-Tag-Cat-Collar1.webp\",\"contentUrl\":\"https:\/\/qqpets.com\/wp-content\/uploads\/2024\/11\/QR-Tag-Cat-Collar1.webp\",\"width\":1000,\"height\":1000},{\"@type\":\"BreadcrumbList\",\"@id\":\"https:\/\/qqpets.com\/product\/qr-tag-cat-collar\/#breadcrumb\",\"itemListElement\":[{\"@type\":\"ListItem\",\"position\":1,\"name\":\"Home\",\"item\":\"https:\/\/qqpets.com\/\"},{\"@type\":\"ListItem\",\"position\":2,\"name\":\"Products\",\"item\":\"https:\/\/qqpets.com\/pet-products-manufacturer\/\"},{\"@type\":\"ListItem\",\"position\":3,\"name\":\"QR Tag Cat Collar\"}]},{\"@type\":\"WebSite\",\"@id\":\"https:\/\/qqpets.com\/#website\",\"url\":\"https:\/\/qqpets.com\/\",\"name\":\"QQPETS\",\"description\":\"QQPETS is a pet products factory for dog harnesses, dog collars, dog leashes and dog accessories with professional customized service since 2005.\",\"publisher\":{\"@id\":\"https:\/\/qqpets.com\/#organization\"},\"potentialAction\":[{\"@type\":\"SearchAction\",\"target\":{\"@type\":\"EntryPoint\",\"urlTemplate\":\"https:\/\/qqpets.com\/?s={search_term_string}\"},\"query-input\":{\"@type\":\"PropertyValueSpecification\",\"valueRequired\":true,\"valueName\":\"search_term_string\"}}],\"inLanguage\":\"ro-RO\"},{\"@type\":\"Organization\",\"@id\":\"https:\/\/qqpets.com\/#organization\",\"name\":\"QQPETS\",\"url\":\"https:\/\/qqpets.com\/\",\"logo\":{\"@type\":\"ImageObject\",\"inLanguage\":\"ro-RO\",\"@id\":\"https:\/\/qqpets.com\/#\/schema\/logo\/image\/\",\"url\":\"https:\/\/qqpets.com\/wp-content\/uploads\/2023\/09\/cropped-cropped-qqpets-tiktok.jpg\",\"contentUrl\":\"https:\/\/qqpets.com\/wp-content\/uploads\/2023\/09\/cropped-cropped-qqpets-tiktok.jpg\",\"width\":511,\"height\":511,\"caption\":\"QQPETS\"},\"image\":{\"@id\":\"https:\/\/qqpets.com\/#\/schema\/logo\/image\/\"},\"sameAs\":[\"https:\/\/www.facebook.com\/QQpetsdogcollars\",\"https:\/\/www.instagram.com\/qqpetscollar\/\",\"https:\/\/www.pinterest.com\/qqpetsdogcollarsfactory\/\"]}]}<\/script>\n<!-- \/ Yoast SEO plugin. -->","yoast_head_json":{"title":"QR Tag Cat Collar | QQPETS","description":"QR Tag Cat Collar combin\u0103 siguran\u021ba cu personalizarea. U\u0219or de scanat pentru informa\u021bii despre animalul de companie \u0219i complet personalizabil cu logo-uri sau modele - perfect pentru nevoile de branding B2B.","robots":{"index":"index","follow":"follow","max-snippet":"max-snippet:-1","max-image-preview":"max-image-preview:large","max-video-preview":"max-video-preview:-1"},"canonical":"https:\/\/qqpets.com\/ro\/produs\/qr-tag-cat-collar\/","og_locale":"ro_RO","og_type":"article","og_title":"QR Tag Cat Collar | QQPETS","og_description":"QR Tag Cat Collar combines safety with customization. Easily scannable for pet info and fully customizable with logos or patterns\u2014perfect for B2B branding needs.","og_url":"https:\/\/qqpets.com\/ro\/produs\/qr-tag-cat-collar\/","og_site_name":"QQPETS","article_publisher":"https:\/\/www.facebook.com\/QQpetsdogcollars","og_image":[{"width":1000,"height":1000,"url":"https:\/\/qqpets.com\/wp-content\/uploads\/2024\/11\/QR-Tag-Cat-Collar1.webp","type":"image\/webp"}],"twitter_card":"summary_large_image","twitter_misc":{"Timp estimat pentru citire":"1 minut"},"schema":{"@context":"https:\/\/schema.org","@graph":[{"@type":"WebPage","@id":"https:\/\/qqpets.com\/product\/qr-tag-cat-collar\/","url":"https:\/\/qqpets.com\/product\/qr-tag-cat-collar\/","name":"QR Tag Cat Collar | QQPETS","isPartOf":{"@id":"https:\/\/qqpets.com\/#website"},"primaryImageOfPage":{"@id":"https:\/\/qqpets.com\/product\/qr-tag-cat-collar\/#primaryimage"},"image":{"@id":"https:\/\/qqpets.com\/product\/qr-tag-cat-collar\/#primaryimage"},"thumbnailUrl":"https:\/\/qqpets.com\/wp-content\/uploads\/2024\/11\/QR-Tag-Cat-Collar1.webp","datePublished":"2024-11-14T08:30:26+00:00","description":"QR Tag Cat Collar combin\u0103 siguran\u021ba cu personalizarea. U\u0219or de scanat pentru informa\u021bii despre animalul de companie \u0219i complet personalizabil cu logo-uri sau modele - perfect pentru nevoile de branding B2B.","breadcrumb":{"@id":"https:\/\/qqpets.com\/product\/qr-tag-cat-collar\/#breadcrumb"},"inLanguage":"ro-RO","potentialAction":[{"@type":"ReadAction","target":["https:\/\/qqpets.com\/product\/qr-tag-cat-collar\/"]}]},{"@type":"ImageObject","inLanguage":"ro-RO","@id":"https:\/\/qqpets.com\/product\/qr-tag-cat-collar\/#primaryimage","url":"https:\/\/qqpets.com\/wp-content\/uploads\/2024\/11\/QR-Tag-Cat-Collar1.webp","contentUrl":"https:\/\/qqpets.com\/wp-content\/uploads\/2024\/11\/QR-Tag-Cat-Collar1.webp","width":1000,"height":1000},{"@type":"BreadcrumbList","@id":"https:\/\/qqpets.com\/product\/qr-tag-cat-collar\/#breadcrumb","itemListElement":[{"@type":"ListItem","position":1,"name":"Home","item":"https:\/\/qqpets.com\/"},{"@type":"ListItem","position":2,"name":"Products","item":"https:\/\/qqpets.com\/pet-products-manufacturer\/"},{"@type":"ListItem","position":3,"name":"QR Tag Cat Collar"}]},{"@type":"WebSite","@id":"https:\/\/qqpets.com\/#website","url":"https:\/\/qqpets.com\/","name":"QQPETS","description":"QQPETS este o fabric\u0103 de produse pentru animale de companie pentru hamuri pentru c\u00e2ini, gulere pentru c\u00e2ini, lese pentru c\u00e2ini \u0219i accesorii pentru c\u00e2ini cu servicii profesionale personalizate din 2005.","publisher":{"@id":"https:\/\/qqpets.com\/#organization"},"potentialAction":[{"@type":"SearchAction","target":{"@type":"EntryPoint","urlTemplate":"https:\/\/qqpets.com\/?s={search_term_string}"},"query-input":{"@type":"PropertyValueSpecification","valueRequired":true,"valueName":"search_term_string"}}],"inLanguage":"ro-RO"},{"@type":"Organization","@id":"https:\/\/qqpets.com\/#organization","name":"QQPETS","url":"https:\/\/qqpets.com\/","logo":{"@type":"ImageObject","inLanguage":"ro-RO","@id":"https:\/\/qqpets.com\/#\/schema\/logo\/image\/","url":"https:\/\/qqpets.com\/wp-content\/uploads\/2023\/09\/cropped-cropped-qqpets-tiktok.jpg","contentUrl":"https:\/\/qqpets.com\/wp-content\/uploads\/2023\/09\/cropped-cropped-qqpets-tiktok.jpg","width":511,"height":511,"caption":"QQPETS"},"image":{"@id":"https:\/\/qqpets.com\/#\/schema\/logo\/image\/"},"sameAs":["https:\/\/www.facebook.com\/QQpetsdogcollars","https:\/\/www.instagram.com\/qqpetscollar\/","https:\/\/www.pinterest.com\/qqpetsdogcollarsfactory\/"]}]}},"_links":{"self":[{"href":"https:\/\/qqpets.com\/ro\/wp-json\/wp\/v2\/product\/9371","targetHints":{"allow":["GET"]}}],"collection":[{"href":"https:\/\/qqpets.com\/ro\/wp-json\/wp\/v2\/product"}],"about":[{"href":"https:\/\/qqpets.com\/ro\/wp-json\/wp\/v2\/types\/product"}],"wp:featuredmedia":[{"embeddable":true,"href":"https:\/\/qqpets.com\/ro\/wp-json\/wp\/v2\/media\/9372"}],"wp:attachment":[{"href":"https:\/\/qqpets.com\/ro\/wp-json\/wp\/v2\/media?parent=9371"}],"wp:term":[{"taxonomy":"product_brand","embeddable":true,"href":"https:\/\/qqpets.com\/ro\/wp-json\/wp\/v2\/product_brand?post=9371"},{"taxonomy":"product_cat","embeddable":true,"href":"https:\/\/qqpets.com\/ro\/wp-json\/wp\/v2\/product_cat?post=9371"},{"taxonomy":"product_tag","embeddable":true,"href":"https:\/\/qqpets.com\/ro\/wp-json\/wp\/v2\/product_tag?post=9371"}],"curies":[{"name":"wp","href":"https:\/\/api.w.org\/{rel}","templated":true}]}}