{"id":9453,"date":"2024-11-25T17:13:19","date_gmt":"2024-11-25T09:13:19","guid":{"rendered":"https:\/\/qqpets.com\/?post_type=product&#038;p=9453"},"modified":"2024-11-25T17:13:19","modified_gmt":"2024-11-25T09:13:19","slug":"luxe-rope-dog-leash","status":"publish","type":"product","link":"https:\/\/qqpets.com\/ro\/produs\/luxe-rope-dog-leash\/","title":{"rendered":"Les\u0103 pentru c\u00e2ini Luxe Rope"},"content":{"rendered":"<p>Lesa Rope Dog este accesoriul suprem pentru m\u0103rcile de animale de companie care caut\u0103 o combina\u021bie de rezisten\u021b\u0103, stil \u0219i personalizare. Fabricat\u0103 din materiale durabile de \u00eenalt\u0103 calitate, aceast\u0103 les\u0103 este conceput\u0103 pentru a rezista rigorilor utiliz\u0103rii zilnice, fie pentru plimb\u0103ri ocazionale, fie pentru activit\u0103\u021bi \u00een aer liber cu un nivel ridicat de energie. Construc\u021bia sa din fr\u00e2nghie asigur\u0103 o rezisten\u021b\u0103 superioar\u0103, f\u0103c\u00e2nd-o potrivit\u0103 pentru c\u00e2ini de toate dimensiunile.<\/p>\n<p>Aceast\u0103 les\u0103 are un m\u00e2ner moale \u0219i ergonomic pentru o prindere sigur\u0103 \u0219i confortabil\u0103, chiar \u0219i \u00een timpul plimb\u0103rilor lungi. Designul s\u0103u u\u0219or, dar robust asigur\u0103 u\u0219urin\u021ba de utilizare pentru proprietarii de animale de companie, men\u021bin\u00e2nd \u00een acela\u0219i timp durabilitatea necesar\u0103 pentru animalele de companie active. Cus\u0103turile reflectorizante pot fi, de asemenea, \u00eencorporate, oferind un plus de siguran\u021b\u0103 pentru plimb\u0103rile pe timp de noapte.<\/p>\n<p>Pentru clien\u021bii B2B, lesa pentru c\u00e2ini Rope ofer\u0103 op\u021biuni complete de personalizare. Ad\u0103uga\u021bi logo-ul m\u0103rcii dvs., modele unice sau culori specifice pentru a crea un produs remarcabil care s\u0103 rezoneze cu clien\u021bii dvs. Aceast\u0103 les\u0103 este perfect\u0103 pentru magazinele de animale, platformele de comer\u021b electronic \u0219i ini\u021biativele corporative de branding, oferind o solu\u021bie practic\u0103, dar elegant\u0103, care spore\u0219te vizibilitatea m\u0103rcii.<\/p>\n<p>Ideal\u0103 pentru a combina func\u021bionalitatea \u0219i aspectul estetic, lesa Rope Dog este un produs versatil care va ridica orice colec\u021bie de accesorii pentru animale de companie, \u00eendeplinind \u00een acela\u0219i timp cerin\u021bele proprietarilor moderni de animale de companie.<\/p>","protected":false},"excerpt":{"rendered":"<p>Lesa noastr\u0103 Rope Dog este construit\u0103 pentru durabilitate, stil \u0219i confort, fiind alegerea perfect\u0103 pentru animalele de companie active. Fabricat\u0103 din materiale premium, rezistente la uzur\u0103, aceast\u0103 les\u0103 asigur\u0103 rezisten\u021b\u0103 \u0219i longevitate pentru plimb\u0103rile zilnice sau aventurile \u00een aer liber. Conceput\u0103 pentru clien\u021bii B2B, aceasta ofer\u0103 op\u021biuni complete de personalizare, permi\u021b\u00e2ndu-v\u0103 s\u0103 ad\u0103uga\u021bi logo-uri sau modele pentru a v\u0103 alinia brandului. M\u00e2nerul moale \u0219i ergonomic asigur\u0103 o prindere confortabil\u0103, \u00een timp ce designul elegant adaug\u0103 farmec liniei dvs. de produse. Perfect\u0103 pentru magazinele de animale de companie, retailerii online sau cadourile promo\u021bionale, aceast\u0103 les\u0103 este combina\u021bia ideal\u0103 de func\u021bionalitate \u0219i branding.<\/p>","protected":false},"featured_media":9455,"template":"","meta":[],"product_brand":[],"product_cat":[27],"product_tag":[],"class_list":{"0":"post-9453","1":"product","2":"type-product","3":"status-publish","4":"has-post-thumbnail","6":"product_cat-dog-leash","8":"first","9":"instock","10":"shipping-taxable","11":"product-type-simple"},"yoast_head":"<!-- This site is optimized with the Yoast SEO plugin v26.6 - https:\/\/yoast.com\/wordpress\/plugins\/seo\/ -->\n<title>Luxe Rope Dog Leash | QQPETS<\/title>\n<meta name=\"description\" content=\"Durable and customizable rope dog leash for active pets. Perfect for B2B clients seeking branded designs with logos or patterns. Comfortable, stylish, and strong.\" \/>\n<meta name=\"robots\" content=\"index, follow, max-snippet:-1, max-image-preview:large, max-video-preview:-1\" \/>\n<link rel=\"canonical\" href=\"https:\/\/qqpets.com\/ro\/produs\/luxe-rope-dog-leash\/\" \/>\n<meta property=\"og:locale\" content=\"ro_RO\" \/>\n<meta property=\"og:type\" content=\"article\" \/>\n<meta property=\"og:title\" content=\"Luxe Rope Dog Leash | QQPETS\" \/>\n<meta property=\"og:description\" content=\"Durable and customizable rope dog leash for active pets. Perfect for B2B clients seeking branded designs with logos or patterns. Comfortable, stylish, and strong.\" \/>\n<meta property=\"og:url\" content=\"https:\/\/qqpets.com\/ro\/produs\/luxe-rope-dog-leash\/\" \/>\n<meta property=\"og:site_name\" content=\"QQPETS\" \/>\n<meta property=\"article:publisher\" content=\"https:\/\/www.facebook.com\/QQpetsdogcollars\" \/>\n<meta property=\"og:image\" content=\"https:\/\/qqpets.com\/wp-content\/uploads\/2024\/11\/rope-dog-leash-Khaki1.webp\" \/>\n\t<meta property=\"og:image:width\" content=\"1000\" \/>\n\t<meta property=\"og:image:height\" content=\"1000\" \/>\n\t<meta property=\"og:image:type\" content=\"image\/webp\" \/>\n<meta name=\"twitter:card\" content=\"summary_large_image\" \/>\n<meta name=\"twitter:label1\" content=\"Timp estimat pentru citire\" \/>\n\t<meta name=\"twitter:data1\" content=\"2 minute\" \/>\n<script type=\"application\/ld+json\" class=\"yoast-schema-graph\">{\"@context\":\"https:\/\/schema.org\",\"@graph\":[{\"@type\":\"WebPage\",\"@id\":\"https:\/\/qqpets.com\/product\/luxe-rope-dog-leash\/\",\"url\":\"https:\/\/qqpets.com\/product\/luxe-rope-dog-leash\/\",\"name\":\"Luxe Rope Dog Leash | QQPETS\",\"isPartOf\":{\"@id\":\"https:\/\/qqpets.com\/#website\"},\"primaryImageOfPage\":{\"@id\":\"https:\/\/qqpets.com\/product\/luxe-rope-dog-leash\/#primaryimage\"},\"image\":{\"@id\":\"https:\/\/qqpets.com\/product\/luxe-rope-dog-leash\/#primaryimage\"},\"thumbnailUrl\":\"https:\/\/qqpets.com\/wp-content\/uploads\/2024\/11\/rope-dog-leash-Khaki1.webp\",\"datePublished\":\"2024-11-25T09:13:19+00:00\",\"description\":\"Durable and customizable rope dog leash for active pets. Perfect for B2B clients seeking branded designs with logos or patterns. Comfortable, stylish, and strong.\",\"breadcrumb\":{\"@id\":\"https:\/\/qqpets.com\/product\/luxe-rope-dog-leash\/#breadcrumb\"},\"inLanguage\":\"ro-RO\",\"potentialAction\":[{\"@type\":\"ReadAction\",\"target\":[\"https:\/\/qqpets.com\/product\/luxe-rope-dog-leash\/\"]}]},{\"@type\":\"ImageObject\",\"inLanguage\":\"ro-RO\",\"@id\":\"https:\/\/qqpets.com\/product\/luxe-rope-dog-leash\/#primaryimage\",\"url\":\"https:\/\/qqpets.com\/wp-content\/uploads\/2024\/11\/rope-dog-leash-Khaki1.webp\",\"contentUrl\":\"https:\/\/qqpets.com\/wp-content\/uploads\/2024\/11\/rope-dog-leash-Khaki1.webp\",\"width\":1000,\"height\":1000},{\"@type\":\"BreadcrumbList\",\"@id\":\"https:\/\/qqpets.com\/product\/luxe-rope-dog-leash\/#breadcrumb\",\"itemListElement\":[{\"@type\":\"ListItem\",\"position\":1,\"name\":\"Home\",\"item\":\"https:\/\/qqpets.com\/\"},{\"@type\":\"ListItem\",\"position\":2,\"name\":\"Products\",\"item\":\"https:\/\/qqpets.com\/pet-products-manufacturer\/\"},{\"@type\":\"ListItem\",\"position\":3,\"name\":\"Luxe Rope Dog Leash\"}]},{\"@type\":\"WebSite\",\"@id\":\"https:\/\/qqpets.com\/#website\",\"url\":\"https:\/\/qqpets.com\/\",\"name\":\"QQPETS\",\"description\":\"QQPETS is a pet products factory for dog harnesses, dog collars, dog leashes and dog accessories with professional customized service since 2005.\",\"publisher\":{\"@id\":\"https:\/\/qqpets.com\/#organization\"},\"potentialAction\":[{\"@type\":\"SearchAction\",\"target\":{\"@type\":\"EntryPoint\",\"urlTemplate\":\"https:\/\/qqpets.com\/?s={search_term_string}\"},\"query-input\":{\"@type\":\"PropertyValueSpecification\",\"valueRequired\":true,\"valueName\":\"search_term_string\"}}],\"inLanguage\":\"ro-RO\"},{\"@type\":\"Organization\",\"@id\":\"https:\/\/qqpets.com\/#organization\",\"name\":\"QQPETS\",\"url\":\"https:\/\/qqpets.com\/\",\"logo\":{\"@type\":\"ImageObject\",\"inLanguage\":\"ro-RO\",\"@id\":\"https:\/\/qqpets.com\/#\/schema\/logo\/image\/\",\"url\":\"https:\/\/qqpets.com\/wp-content\/uploads\/2023\/09\/cropped-cropped-qqpets-tiktok.jpg\",\"contentUrl\":\"https:\/\/qqpets.com\/wp-content\/uploads\/2023\/09\/cropped-cropped-qqpets-tiktok.jpg\",\"width\":511,\"height\":511,\"caption\":\"QQPETS\"},\"image\":{\"@id\":\"https:\/\/qqpets.com\/#\/schema\/logo\/image\/\"},\"sameAs\":[\"https:\/\/www.facebook.com\/QQpetsdogcollars\",\"https:\/\/www.instagram.com\/qqpetscollar\/\",\"https:\/\/www.pinterest.com\/qqpetsdogcollarsfactory\/\"]}]}<\/script>\n<!-- \/ Yoast SEO plugin. -->","yoast_head_json":{"title":"Les\u0103 pentru c\u00e2ini Luxe Rope | QQPETS","description":"Les\u0103 de c\u00e2ine din fr\u00e2nghie durabil\u0103 \u0219i personalizabil\u0103 pentru animalele de companie active. Perfect\u0103 pentru clien\u021bii B2B care caut\u0103 modele de marc\u0103 cu logo-uri sau modele. Confortabil\u0103, elegant\u0103 \u0219i rezistent\u0103.","robots":{"index":"index","follow":"follow","max-snippet":"max-snippet:-1","max-image-preview":"max-image-preview:large","max-video-preview":"max-video-preview:-1"},"canonical":"https:\/\/qqpets.com\/ro\/produs\/luxe-rope-dog-leash\/","og_locale":"ro_RO","og_type":"article","og_title":"Luxe Rope Dog Leash | QQPETS","og_description":"Durable and customizable rope dog leash for active pets. Perfect for B2B clients seeking branded designs with logos or patterns. Comfortable, stylish, and strong.","og_url":"https:\/\/qqpets.com\/ro\/produs\/luxe-rope-dog-leash\/","og_site_name":"QQPETS","article_publisher":"https:\/\/www.facebook.com\/QQpetsdogcollars","og_image":[{"width":1000,"height":1000,"url":"https:\/\/qqpets.com\/wp-content\/uploads\/2024\/11\/rope-dog-leash-Khaki1.webp","type":"image\/webp"}],"twitter_card":"summary_large_image","twitter_misc":{"Timp estimat pentru citire":"2 minute"},"schema":{"@context":"https:\/\/schema.org","@graph":[{"@type":"WebPage","@id":"https:\/\/qqpets.com\/product\/luxe-rope-dog-leash\/","url":"https:\/\/qqpets.com\/product\/luxe-rope-dog-leash\/","name":"Les\u0103 pentru c\u00e2ini Luxe Rope | QQPETS","isPartOf":{"@id":"https:\/\/qqpets.com\/#website"},"primaryImageOfPage":{"@id":"https:\/\/qqpets.com\/product\/luxe-rope-dog-leash\/#primaryimage"},"image":{"@id":"https:\/\/qqpets.com\/product\/luxe-rope-dog-leash\/#primaryimage"},"thumbnailUrl":"https:\/\/qqpets.com\/wp-content\/uploads\/2024\/11\/rope-dog-leash-Khaki1.webp","datePublished":"2024-11-25T09:13:19+00:00","description":"Les\u0103 de c\u00e2ine din fr\u00e2nghie durabil\u0103 \u0219i personalizabil\u0103 pentru animalele de companie active. Perfect\u0103 pentru clien\u021bii B2B care caut\u0103 modele de marc\u0103 cu logo-uri sau modele. Confortabil\u0103, elegant\u0103 \u0219i rezistent\u0103.","breadcrumb":{"@id":"https:\/\/qqpets.com\/product\/luxe-rope-dog-leash\/#breadcrumb"},"inLanguage":"ro-RO","potentialAction":[{"@type":"ReadAction","target":["https:\/\/qqpets.com\/product\/luxe-rope-dog-leash\/"]}]},{"@type":"ImageObject","inLanguage":"ro-RO","@id":"https:\/\/qqpets.com\/product\/luxe-rope-dog-leash\/#primaryimage","url":"https:\/\/qqpets.com\/wp-content\/uploads\/2024\/11\/rope-dog-leash-Khaki1.webp","contentUrl":"https:\/\/qqpets.com\/wp-content\/uploads\/2024\/11\/rope-dog-leash-Khaki1.webp","width":1000,"height":1000},{"@type":"BreadcrumbList","@id":"https:\/\/qqpets.com\/product\/luxe-rope-dog-leash\/#breadcrumb","itemListElement":[{"@type":"ListItem","position":1,"name":"Home","item":"https:\/\/qqpets.com\/"},{"@type":"ListItem","position":2,"name":"Products","item":"https:\/\/qqpets.com\/pet-products-manufacturer\/"},{"@type":"ListItem","position":3,"name":"Luxe Rope Dog Leash"}]},{"@type":"WebSite","@id":"https:\/\/qqpets.com\/#website","url":"https:\/\/qqpets.com\/","name":"QQPETS","description":"QQPETS este o fabric\u0103 de produse pentru animale de companie pentru hamuri pentru c\u00e2ini, gulere pentru c\u00e2ini, lese pentru c\u00e2ini \u0219i accesorii pentru c\u00e2ini cu servicii profesionale personalizate din 2005.","publisher":{"@id":"https:\/\/qqpets.com\/#organization"},"potentialAction":[{"@type":"SearchAction","target":{"@type":"EntryPoint","urlTemplate":"https:\/\/qqpets.com\/?s={search_term_string}"},"query-input":{"@type":"PropertyValueSpecification","valueRequired":true,"valueName":"search_term_string"}}],"inLanguage":"ro-RO"},{"@type":"Organization","@id":"https:\/\/qqpets.com\/#organization","name":"QQPETS","url":"https:\/\/qqpets.com\/","logo":{"@type":"ImageObject","inLanguage":"ro-RO","@id":"https:\/\/qqpets.com\/#\/schema\/logo\/image\/","url":"https:\/\/qqpets.com\/wp-content\/uploads\/2023\/09\/cropped-cropped-qqpets-tiktok.jpg","contentUrl":"https:\/\/qqpets.com\/wp-content\/uploads\/2023\/09\/cropped-cropped-qqpets-tiktok.jpg","width":511,"height":511,"caption":"QQPETS"},"image":{"@id":"https:\/\/qqpets.com\/#\/schema\/logo\/image\/"},"sameAs":["https:\/\/www.facebook.com\/QQpetsdogcollars","https:\/\/www.instagram.com\/qqpetscollar\/","https:\/\/www.pinterest.com\/qqpetsdogcollarsfactory\/"]}]}},"_links":{"self":[{"href":"https:\/\/qqpets.com\/ro\/wp-json\/wp\/v2\/product\/9453","targetHints":{"allow":["GET"]}}],"collection":[{"href":"https:\/\/qqpets.com\/ro\/wp-json\/wp\/v2\/product"}],"about":[{"href":"https:\/\/qqpets.com\/ro\/wp-json\/wp\/v2\/types\/product"}],"wp:featuredmedia":[{"embeddable":true,"href":"https:\/\/qqpets.com\/ro\/wp-json\/wp\/v2\/media\/9455"}],"wp:attachment":[{"href":"https:\/\/qqpets.com\/ro\/wp-json\/wp\/v2\/media?parent=9453"}],"wp:term":[{"taxonomy":"product_brand","embeddable":true,"href":"https:\/\/qqpets.com\/ro\/wp-json\/wp\/v2\/product_brand?post=9453"},{"taxonomy":"product_cat","embeddable":true,"href":"https:\/\/qqpets.com\/ro\/wp-json\/wp\/v2\/product_cat?post=9453"},{"taxonomy":"product_tag","embeddable":true,"href":"https:\/\/qqpets.com\/ro\/wp-json\/wp\/v2\/product_tag?post=9453"}],"curies":[{"name":"wp","href":"https:\/\/api.w.org\/{rel}","templated":true}]}}