{"id":19,"date":"2023-09-22T14:37:46","date_gmt":"2023-09-22T06:37:46","guid":{"rendered":"https:\/\/qqpets.com\/?page_id=19"},"modified":"2024-06-24T16:47:08","modified_gmt":"2024-06-24T08:47:08","slug":"pet-products-manufacturer","status":"publish","type":"page","link":"https:\/\/qqpets.com\/sl\/pet-products-manufacturer\/","title":{"rendered":"Izdelki"},"content":{"rendered":"","protected":false},"excerpt":{"rendered":"","protected":false},"author":1,"featured_media":0,"parent":0,"menu_order":0,"comment_status":"closed","ping_status":"closed","template":"","meta":{"footnotes":""},"class_list":["post-19","page","type-page","status-publish","hentry"],"yoast_head":"<!-- This site is optimized with the Yoast SEO plugin v26.6 - https:\/\/yoast.com\/wordpress\/plugins\/seo\/ -->\n<title>Products | QQPETS<\/title>\n<meta name=\"description\" content=\"QQPETS is a custom dog collars, leashes and dog harnesses supplier in China. We produce all kinds of dog accessories such as dog harnesses, dog collars, dog leashes and other dog accessories for walking, training and restraining dogs. Feel free to contact us!\" \/>\n<meta name=\"robots\" content=\"index, follow, max-snippet:-1, max-image-preview:large, max-video-preview:-1\" \/>\n<link rel=\"canonical\" href=\"https:\/\/qqpets.com\/sl\/pet-products-manufacturer\/\" \/>\n<meta property=\"og:locale\" content=\"sl_SI\" \/>\n<meta property=\"og:type\" content=\"article\" \/>\n<meta property=\"og:title\" content=\"Products | QQPETS\" \/>\n<meta property=\"og:description\" content=\"QQPETS is a custom dog collars, leashes and dog harnesses supplier in China. We produce all kinds of dog accessories such as dog harnesses, dog collars, dog leashes and other dog accessories for walking, training and restraining dogs. Feel free to contact us!\" \/>\n<meta property=\"og:url\" content=\"https:\/\/qqpets.com\/sl\/pet-products-manufacturer\/\" \/>\n<meta property=\"og:site_name\" content=\"QQPETS\" \/>\n<meta property=\"article:publisher\" content=\"https:\/\/www.facebook.com\/QQpetsdogcollars\" \/>\n<meta property=\"article:modified_time\" content=\"2024-06-24T08:47:08+00:00\" \/>\n<meta property=\"og:image\" content=\"https:\/\/qqpets.com\/wp-content\/uploads\/2023\/09\/qqpets-tiktok.jpg\" \/>\n\t<meta property=\"og:image:width\" content=\"800\" \/>\n\t<meta property=\"og:image:height\" content=\"800\" \/>\n\t<meta property=\"og:image:type\" content=\"image\/jpeg\" \/>\n<meta name=\"twitter:card\" content=\"summary_large_image\" \/>\n<script type=\"application\/ld+json\" class=\"yoast-schema-graph\">{\"@context\":\"https:\/\/schema.org\",\"@graph\":[{\"@type\":\"WebPage\",\"@id\":\"https:\/\/qqpets.com\/pet-products-manufacturer\/\",\"url\":\"https:\/\/qqpets.com\/pet-products-manufacturer\/\",\"name\":\"Products | QQPETS\",\"isPartOf\":{\"@id\":\"https:\/\/qqpets.com\/#website\"},\"datePublished\":\"2023-09-22T06:37:46+00:00\",\"dateModified\":\"2024-06-24T08:47:08+00:00\",\"description\":\"QQPETS is a custom dog collars, leashes and dog harnesses supplier in China. We produce all kinds of dog accessories such as dog harnesses, dog collars, dog leashes and other dog accessories for walking, training and restraining dogs. Feel free to contact us!\",\"breadcrumb\":{\"@id\":\"https:\/\/qqpets.com\/pet-products-manufacturer\/#breadcrumb\"},\"inLanguage\":\"sl-SI\",\"potentialAction\":[{\"@type\":\"ReadAction\",\"target\":[\"https:\/\/qqpets.com\/pet-products-manufacturer\/\"]}]},{\"@type\":\"BreadcrumbList\",\"@id\":\"https:\/\/qqpets.com\/pet-products-manufacturer\/#breadcrumb\",\"itemListElement\":[{\"@type\":\"ListItem\",\"position\":1,\"name\":\"Home\",\"item\":\"https:\/\/qqpets.com\/\"},{\"@type\":\"ListItem\",\"position\":2,\"name\":\"Products\"}]},{\"@type\":\"WebSite\",\"@id\":\"https:\/\/qqpets.com\/#website\",\"url\":\"https:\/\/qqpets.com\/\",\"name\":\"QQPETS\",\"description\":\"QQPETS is a pet products factory for dog harnesses, dog collars, dog leashes and dog accessories with professional customized service since 2005.\",\"publisher\":{\"@id\":\"https:\/\/qqpets.com\/#organization\"},\"potentialAction\":[{\"@type\":\"SearchAction\",\"target\":{\"@type\":\"EntryPoint\",\"urlTemplate\":\"https:\/\/qqpets.com\/?s={search_term_string}\"},\"query-input\":{\"@type\":\"PropertyValueSpecification\",\"valueRequired\":true,\"valueName\":\"search_term_string\"}}],\"inLanguage\":\"sl-SI\"},{\"@type\":\"Organization\",\"@id\":\"https:\/\/qqpets.com\/#organization\",\"name\":\"QQPETS\",\"url\":\"https:\/\/qqpets.com\/\",\"logo\":{\"@type\":\"ImageObject\",\"inLanguage\":\"sl-SI\",\"@id\":\"https:\/\/qqpets.com\/#\/schema\/logo\/image\/\",\"url\":\"https:\/\/qqpets.com\/wp-content\/uploads\/2023\/09\/cropped-cropped-qqpets-tiktok.jpg\",\"contentUrl\":\"https:\/\/qqpets.com\/wp-content\/uploads\/2023\/09\/cropped-cropped-qqpets-tiktok.jpg\",\"width\":511,\"height\":511,\"caption\":\"QQPETS\"},\"image\":{\"@id\":\"https:\/\/qqpets.com\/#\/schema\/logo\/image\/\"},\"sameAs\":[\"https:\/\/www.facebook.com\/QQpetsdogcollars\",\"https:\/\/www.instagram.com\/qqpetscollar\/\",\"https:\/\/www.pinterest.com\/qqpetsdogcollarsfactory\/\"]}]}<\/script>\n<!-- \/ Yoast SEO plugin. -->","yoast_head_json":{"title":"Izdelki | QQPETS","description":"QQPETS je dobavitelj pasjih ovratnic, povodcev in pasjih pasjih pasov po meri na Kitajskem. Izdelujemo vse vrste pripomo\u010dkov za pse, kot so pasji pasji postroji, ovratnice, povodci in drugi pripomo\u010dki za sprehajanje, \u0161olanje in zadr\u017eevanje psov. Obrnite se na nas!","robots":{"index":"index","follow":"follow","max-snippet":"max-snippet:-1","max-image-preview":"max-image-preview:large","max-video-preview":"max-video-preview:-1"},"canonical":"https:\/\/qqpets.com\/sl\/pet-products-manufacturer\/","og_locale":"sl_SI","og_type":"article","og_title":"Products | QQPETS","og_description":"QQPETS is a custom dog collars, leashes and dog harnesses supplier in China. We produce all kinds of dog accessories such as dog harnesses, dog collars, dog leashes and other dog accessories for walking, training and restraining dogs. Feel free to contact us!","og_url":"https:\/\/qqpets.com\/sl\/pet-products-manufacturer\/","og_site_name":"QQPETS","article_publisher":"https:\/\/www.facebook.com\/QQpetsdogcollars","article_modified_time":"2024-06-24T08:47:08+00:00","og_image":[{"width":800,"height":800,"url":"https:\/\/qqpets.com\/wp-content\/uploads\/2023\/09\/qqpets-tiktok.jpg","type":"image\/jpeg"}],"twitter_card":"summary_large_image","schema":{"@context":"https:\/\/schema.org","@graph":[{"@type":"WebPage","@id":"https:\/\/qqpets.com\/pet-products-manufacturer\/","url":"https:\/\/qqpets.com\/pet-products-manufacturer\/","name":"Izdelki | QQPETS","isPartOf":{"@id":"https:\/\/qqpets.com\/#website"},"datePublished":"2023-09-22T06:37:46+00:00","dateModified":"2024-06-24T08:47:08+00:00","description":"QQPETS je dobavitelj pasjih ovratnic, povodcev in pasjih pasjih pasov po meri na Kitajskem. Izdelujemo vse vrste pripomo\u010dkov za pse, kot so pasji pasji postroji, ovratnice, povodci in drugi pripomo\u010dki za sprehajanje, \u0161olanje in zadr\u017eevanje psov. Obrnite se na nas!","breadcrumb":{"@id":"https:\/\/qqpets.com\/pet-products-manufacturer\/#breadcrumb"},"inLanguage":"sl-SI","potentialAction":[{"@type":"ReadAction","target":["https:\/\/qqpets.com\/pet-products-manufacturer\/"]}]},{"@type":"BreadcrumbList","@id":"https:\/\/qqpets.com\/pet-products-manufacturer\/#breadcrumb","itemListElement":[{"@type":"ListItem","position":1,"name":"Home","item":"https:\/\/qqpets.com\/"},{"@type":"ListItem","position":2,"name":"Products"}]},{"@type":"WebSite","@id":"https:\/\/qqpets.com\/#website","url":"https:\/\/qqpets.com\/","name":"QQPETS","description":"QQPETS je tovarna izdelkov za hi\u0161ne ljubljen\u010dke za pasje postroje, pasje ovratnice, pasje povodce in pasje dodatke s strokovno prilagojeno storitvijo od leta 2005.","publisher":{"@id":"https:\/\/qqpets.com\/#organization"},"potentialAction":[{"@type":"SearchAction","target":{"@type":"EntryPoint","urlTemplate":"https:\/\/qqpets.com\/?s={search_term_string}"},"query-input":{"@type":"PropertyValueSpecification","valueRequired":true,"valueName":"search_term_string"}}],"inLanguage":"sl-SI"},{"@type":"Organization","@id":"https:\/\/qqpets.com\/#organization","name":"QQPETS","url":"https:\/\/qqpets.com\/","logo":{"@type":"ImageObject","inLanguage":"sl-SI","@id":"https:\/\/qqpets.com\/#\/schema\/logo\/image\/","url":"https:\/\/qqpets.com\/wp-content\/uploads\/2023\/09\/cropped-cropped-qqpets-tiktok.jpg","contentUrl":"https:\/\/qqpets.com\/wp-content\/uploads\/2023\/09\/cropped-cropped-qqpets-tiktok.jpg","width":511,"height":511,"caption":"QQPETS"},"image":{"@id":"https:\/\/qqpets.com\/#\/schema\/logo\/image\/"},"sameAs":["https:\/\/www.facebook.com\/QQpetsdogcollars","https:\/\/www.instagram.com\/qqpetscollar\/","https:\/\/www.pinterest.com\/qqpetsdogcollarsfactory\/"]}]}},"_links":{"self":[{"href":"https:\/\/qqpets.com\/sl\/wp-json\/wp\/v2\/pages\/19","targetHints":{"allow":["GET"]}}],"collection":[{"href":"https:\/\/qqpets.com\/sl\/wp-json\/wp\/v2\/pages"}],"about":[{"href":"https:\/\/qqpets.com\/sl\/wp-json\/wp\/v2\/types\/page"}],"author":[{"embeddable":true,"href":"https:\/\/qqpets.com\/sl\/wp-json\/wp\/v2\/users\/1"}],"replies":[{"embeddable":true,"href":"https:\/\/qqpets.com\/sl\/wp-json\/wp\/v2\/comments?post=19"}],"version-history":[{"count":4,"href":"https:\/\/qqpets.com\/sl\/wp-json\/wp\/v2\/pages\/19\/revisions"}],"predecessor-version":[{"id":1295,"href":"https:\/\/qqpets.com\/sl\/wp-json\/wp\/v2\/pages\/19\/revisions\/1295"}],"wp:attachment":[{"href":"https:\/\/qqpets.com\/sl\/wp-json\/wp\/v2\/media?parent=19"}],"curies":[{"name":"wp","href":"https:\/\/api.w.org\/{rel}","templated":true}]}}