{"id":144,"date":"2023-10-04T15:13:45","date_gmt":"2023-10-04T07:13:45","guid":{"rendered":"https:\/\/qqpets.com\/?post_type=product&#038;p=144"},"modified":"2024-12-12T17:22:40","modified_gmt":"2024-12-12T09:22:40","slug":"qqpets-retractable-dog-leash-with-light-up-2-0","status":"publish","type":"product","link":"https:\/\/qqpets.com\/sl\/izdelek\/qqpets-retractable-dog-leash-with-light-up-2-0\/","title":{"rendered":"QQPETS izvle\u010dni pasji povodec z osvetlitvijo 2.0"},"content":{"rendered":"<p>Predstavljamo vam inovativni izvle\u010dni povodec za pse z lu\u010dko, ki ga morajo imeti lastniki hi\u0161nih ljubljen\u010dkov, ki svoje pse sprehajajo v slab\u0161ih svetlobnih pogojih. Ta povodec izstopa z edinstvenimi stranskimi ambientalnimi lu\u010dkami, ki poleg funkcionalnosti zagotavljajo tudi pridih sloga. Izbirate lahko med tremi na\u010dini - hitrim utripanjem, po\u010dasnim utripanjem in enakomernim utripanjem - ki ustrezajo va\u0161im potrebam po vidljivosti in osebnemu okusu.<\/p>\n<p>Z izvle\u010dnim mehanizmom lahko va\u0161 pes raziskuje, saj je dol\u017eina povodca do 16 metrov, ki jo lahko prilagodite po potrebi. Ergonomski ro\u010daj je zasnovan za udobje med dolgimi sprehodi in zagotavlja enostavno uporabo ne glede na trajanje va\u0161ega sprehoda.<\/p>\n<p>Povodec je izdelan z mislijo na vzdr\u017eljivost, saj je opremljen z robustnim mehanizmom in mo\u010dnim materialom vrvice, ki je kos vleki in vznemirjenju skoraj vseh pasem. Vgrajeni svetlobni sistem poganja akumulatorska baterija, ki zagotavlja dolgotrajno osvetlitev in udobje ter se zlahka polni prek vmesnika USB.<\/p>\n<p>Ta povodec ni le prakti\u010den, temve\u010d je izbira \u017eivljenjskega sloga za tiste, ki dajejo prednost varnosti in slogu. Ne glede na to, ali ste na ve\u010dernem sprehodu ali zgodnjem jutranjem teku, na\u0161 izvle\u010dni povodec za pse z lu\u010djo zagotavlja, da je va\u0161 pes viden in varen, ambientalne lu\u010di pa ustvarjajo prijetno vzdu\u0161je, zaradi \u010desar je vsak sprehod prijetna izku\u0161nja.<\/p>\n<p><img fetchpriority=\"high\" decoding=\"async\" class=\"aligncenter wp-image-7656\" src=\"https:\/\/qqpets.com\/wp-content\/uploads\/2023\/10\/Retractable-Dog-Leash-With-Light-2.0-1-300x186.webp\" alt=\"\" width=\"970\" height=\"600\" srcset=\"https:\/\/qqpets.com\/wp-content\/uploads\/2023\/10\/Retractable-Dog-Leash-With-Light-2.0-1-300x186.webp 300w, https:\/\/qqpets.com\/wp-content\/uploads\/2023\/10\/Retractable-Dog-Leash-With-Light-2.0-1-800x495.webp 800w, https:\/\/qqpets.com\/wp-content\/uploads\/2023\/10\/Retractable-Dog-Leash-With-Light-2.0-1-768x475.webp 768w, https:\/\/qqpets.com\/wp-content\/uploads\/2023\/10\/Retractable-Dog-Leash-With-Light-2.0-1.webp 970w\" sizes=\"(max-width: 970px) 100vw, 970px\" \/><\/p>\n<p><img decoding=\"async\" class=\"aligncenter wp-image-7657\" src=\"https:\/\/qqpets.com\/wp-content\/uploads\/2023\/10\/Retractable-Dog-Leash-With-Light-2.0-2-300x186.webp\" alt=\"\" width=\"970\" height=\"600\" srcset=\"https:\/\/qqpets.com\/wp-content\/uploads\/2023\/10\/Retractable-Dog-Leash-With-Light-2.0-2-300x186.webp 300w, https:\/\/qqpets.com\/wp-content\/uploads\/2023\/10\/Retractable-Dog-Leash-With-Light-2.0-2-800x495.webp 800w, https:\/\/qqpets.com\/wp-content\/uploads\/2023\/10\/Retractable-Dog-Leash-With-Light-2.0-2-768x475.webp 768w, https:\/\/qqpets.com\/wp-content\/uploads\/2023\/10\/Retractable-Dog-Leash-With-Light-2.0-2.webp 970w\" sizes=\"(max-width: 970px) 100vw, 970px\" \/><\/p>\n<p><img decoding=\"async\" class=\"aligncenter wp-image-7658\" src=\"https:\/\/qqpets.com\/wp-content\/uploads\/2023\/10\/Retractable-Dog-Leash-With-Light-2.0-3-300x186.webp\" alt=\"\" width=\"970\" height=\"600\" srcset=\"https:\/\/qqpets.com\/wp-content\/uploads\/2023\/10\/Retractable-Dog-Leash-With-Light-2.0-3-300x186.webp 300w, https:\/\/qqpets.com\/wp-content\/uploads\/2023\/10\/Retractable-Dog-Leash-With-Light-2.0-3-800x495.webp 800w, https:\/\/qqpets.com\/wp-content\/uploads\/2023\/10\/Retractable-Dog-Leash-With-Light-2.0-3-768x475.webp 768w, https:\/\/qqpets.com\/wp-content\/uploads\/2023\/10\/Retractable-Dog-Leash-With-Light-2.0-3.webp 970w\" sizes=\"(max-width: 970px) 100vw, 970px\" \/><\/p>\n<p><img loading=\"lazy\" decoding=\"async\" class=\"aligncenter wp-image-7659\" src=\"https:\/\/qqpets.com\/wp-content\/uploads\/2023\/10\/Retractable-Dog-Leash-With-Light-2.0-4-300x186.webp\" alt=\"\" width=\"970\" height=\"600\" srcset=\"https:\/\/qqpets.com\/wp-content\/uploads\/2023\/10\/Retractable-Dog-Leash-With-Light-2.0-4-300x186.webp 300w, https:\/\/qqpets.com\/wp-content\/uploads\/2023\/10\/Retractable-Dog-Leash-With-Light-2.0-4-800x495.webp 800w, https:\/\/qqpets.com\/wp-content\/uploads\/2023\/10\/Retractable-Dog-Leash-With-Light-2.0-4-768x475.webp 768w, https:\/\/qqpets.com\/wp-content\/uploads\/2023\/10\/Retractable-Dog-Leash-With-Light-2.0-4.webp 970w\" sizes=\"(max-width: 970px) 100vw, 970px\" \/><\/p>\n<p><img loading=\"lazy\" decoding=\"async\" class=\"aligncenter wp-image-7660\" src=\"https:\/\/qqpets.com\/wp-content\/uploads\/2023\/10\/Retractable-Dog-Leash-With-Light-2.0-5-300x186.webp\" alt=\"\" width=\"970\" height=\"600\" srcset=\"https:\/\/qqpets.com\/wp-content\/uploads\/2023\/10\/Retractable-Dog-Leash-With-Light-2.0-5-300x186.webp 300w, https:\/\/qqpets.com\/wp-content\/uploads\/2023\/10\/Retractable-Dog-Leash-With-Light-2.0-5-800x495.webp 800w, https:\/\/qqpets.com\/wp-content\/uploads\/2023\/10\/Retractable-Dog-Leash-With-Light-2.0-5-768x475.webp 768w, https:\/\/qqpets.com\/wp-content\/uploads\/2023\/10\/Retractable-Dog-Leash-With-Light-2.0-5.webp 970w\" sizes=\"(max-width: 970px) 100vw, 970px\" \/><\/p>\n<p><img loading=\"lazy\" decoding=\"async\" class=\"aligncenter wp-image-7662\" src=\"https:\/\/qqpets.com\/wp-content\/uploads\/2023\/10\/Retractable-Dog-Leash-With-Light-2.0-7-300x186.webp\" alt=\"\" width=\"970\" height=\"600\" srcset=\"https:\/\/qqpets.com\/wp-content\/uploads\/2023\/10\/Retractable-Dog-Leash-With-Light-2.0-7-300x186.webp 300w, https:\/\/qqpets.com\/wp-content\/uploads\/2023\/10\/Retractable-Dog-Leash-With-Light-2.0-7-800x495.webp 800w, https:\/\/qqpets.com\/wp-content\/uploads\/2023\/10\/Retractable-Dog-Leash-With-Light-2.0-7-768x475.webp 768w, https:\/\/qqpets.com\/wp-content\/uploads\/2023\/10\/Retractable-Dog-Leash-With-Light-2.0-7.webp 970w\" sizes=\"(max-width: 970px) 100vw, 970px\" \/><\/p>","protected":false},"excerpt":{"rendered":"<p>Ve\u010derne sprehode lahko popestrite z na\u0161im zlo\u017eljivim povodcem za pse z lu\u010djo, ki ima edinstvene stranske ambientalne lu\u010di. Ta povodec omogo\u010da tri barve in na\u010dine svetlobe - hiter utrip, po\u010dasen utrip in enakomeren utrip - za zagotavljanje vidnosti in varnosti. Njegova zlo\u017eljiva zasnova zagotavlja svobodo za va\u0161ega psa, hkrati pa ohranja nadzor nad njim. Odli\u010den je za no\u010dno uporabo in zdru\u017euje funkcionalnost z elegantnim, sodobnim videzom, kar zagotavlja, da so va\u0161i sprehodi varni in prijetni.<\/p>\n<p>1. 360-stopinjsko vrtenje za prepre\u010devanje zapletanja vrvi<br \/>\n2. Sprednja visoko svetilna LED lu\u010d, varnej\u0161a za sprehajanje psa pono\u010di<br \/>\n3. Dvojne stranske hladne lu\u010di RGB, bolj privla\u010dne za dru\u017eabne dejavnosti<br \/>\n4. Pritisnite za ustavitev, potisnite naprej za zaklepanje, da la\u017eje sprehajate psa<br \/>\n5. Podpira funkcijo polnjenja, enostaven za prena\u0161anje<\/p>","protected":false},"featured_media":7560,"template":"","meta":[],"product_brand":[],"product_cat":[27,21],"product_tag":[22],"class_list":{"0":"post-144","1":"product","2":"type-product","3":"status-publish","4":"has-post-thumbnail","6":"product_cat-dog-leash","7":"product_cat-led-product","8":"product_tag-led-leash","10":"first","11":"instock","12":"shipping-taxable","13":"product-type-simple"},"yoast_head":"<!-- This site is optimized with the Yoast SEO plugin v26.6 - https:\/\/yoast.com\/wordpress\/plugins\/seo\/ -->\n<title>QQPETS Retractable Dog Leash With Light Up 2.0 | QQPETS<\/title>\n<meta name=\"description\" content=\"Explore our unique Retractable Dog Leash with ambient side lights. Multiple colors &amp; modes for safety. Shop now!\" \/>\n<meta name=\"robots\" content=\"index, follow, max-snippet:-1, max-image-preview:large, max-video-preview:-1\" \/>\n<link rel=\"canonical\" href=\"https:\/\/qqpets.com\/sl\/izdelek\/qqpets-retractable-dog-leash-with-light-up-2-0\/\" \/>\n<meta property=\"og:locale\" content=\"sl_SI\" \/>\n<meta property=\"og:type\" content=\"article\" \/>\n<meta property=\"og:title\" content=\"QQPETS Retractable Dog Leash With Light Up 2.0 | QQPETS\" \/>\n<meta property=\"og:description\" content=\"Explore our unique Retractable Dog Leash with ambient side lights. Multiple colors &amp; modes for safety. Shop now!\" \/>\n<meta property=\"og:url\" content=\"https:\/\/qqpets.com\/sl\/izdelek\/qqpets-retractable-dog-leash-with-light-up-2-0\/\" \/>\n<meta property=\"og:site_name\" content=\"QQPETS\" \/>\n<meta property=\"article:publisher\" content=\"https:\/\/www.facebook.com\/QQpetsdogcollars\" \/>\n<meta property=\"article:modified_time\" content=\"2024-12-12T09:22:40+00:00\" \/>\n<meta property=\"og:image\" content=\"https:\/\/qqpets.com\/wp-content\/uploads\/2023\/10\/1.retractable-dog-leash.webp\" \/>\n\t<meta property=\"og:image:width\" content=\"1600\" \/>\n\t<meta property=\"og:image:height\" content=\"1600\" \/>\n\t<meta property=\"og:image:type\" content=\"image\/webp\" \/>\n<meta name=\"twitter:card\" content=\"summary_large_image\" \/>\n<meta name=\"twitter:label1\" content=\"Est. reading time\" \/>\n\t<meta name=\"twitter:data1\" content=\"3 minute\" \/>\n<script type=\"application\/ld+json\" class=\"yoast-schema-graph\">{\"@context\":\"https:\/\/schema.org\",\"@graph\":[{\"@type\":\"WebPage\",\"@id\":\"https:\/\/qqpets.com\/product\/qqpets-retractable-dog-leash-with-light-up-2-0\/\",\"url\":\"https:\/\/qqpets.com\/product\/qqpets-retractable-dog-leash-with-light-up-2-0\/\",\"name\":\"QQPETS Retractable Dog Leash With Light Up 2.0 | QQPETS\",\"isPartOf\":{\"@id\":\"https:\/\/qqpets.com\/#website\"},\"primaryImageOfPage\":{\"@id\":\"https:\/\/qqpets.com\/product\/qqpets-retractable-dog-leash-with-light-up-2-0\/#primaryimage\"},\"image\":{\"@id\":\"https:\/\/qqpets.com\/product\/qqpets-retractable-dog-leash-with-light-up-2-0\/#primaryimage\"},\"thumbnailUrl\":\"https:\/\/qqpets.com\/wp-content\/uploads\/2023\/10\/1.retractable-dog-leash.webp\",\"datePublished\":\"2023-10-04T07:13:45+00:00\",\"dateModified\":\"2024-12-12T09:22:40+00:00\",\"description\":\"Explore our unique Retractable Dog Leash with ambient side lights. Multiple colors & modes for safety. Shop now!\",\"breadcrumb\":{\"@id\":\"https:\/\/qqpets.com\/product\/qqpets-retractable-dog-leash-with-light-up-2-0\/#breadcrumb\"},\"inLanguage\":\"sl-SI\",\"potentialAction\":[{\"@type\":\"ReadAction\",\"target\":[\"https:\/\/qqpets.com\/product\/qqpets-retractable-dog-leash-with-light-up-2-0\/\"]}]},{\"@type\":\"ImageObject\",\"inLanguage\":\"sl-SI\",\"@id\":\"https:\/\/qqpets.com\/product\/qqpets-retractable-dog-leash-with-light-up-2-0\/#primaryimage\",\"url\":\"https:\/\/qqpets.com\/wp-content\/uploads\/2023\/10\/1.retractable-dog-leash.webp\",\"contentUrl\":\"https:\/\/qqpets.com\/wp-content\/uploads\/2023\/10\/1.retractable-dog-leash.webp\",\"width\":1600,\"height\":1600},{\"@type\":\"BreadcrumbList\",\"@id\":\"https:\/\/qqpets.com\/product\/qqpets-retractable-dog-leash-with-light-up-2-0\/#breadcrumb\",\"itemListElement\":[{\"@type\":\"ListItem\",\"position\":1,\"name\":\"Home\",\"item\":\"https:\/\/qqpets.com\/\"},{\"@type\":\"ListItem\",\"position\":2,\"name\":\"Products\",\"item\":\"https:\/\/qqpets.com\/pet-products-manufacturer\/\"},{\"@type\":\"ListItem\",\"position\":3,\"name\":\"QQPETS Retractable Dog Leash With Light Up 2.0\"}]},{\"@type\":\"WebSite\",\"@id\":\"https:\/\/qqpets.com\/#website\",\"url\":\"https:\/\/qqpets.com\/\",\"name\":\"QQPETS\",\"description\":\"QQPETS is a pet products factory for dog harnesses, dog collars, dog leashes and dog accessories with professional customized service since 2005.\",\"publisher\":{\"@id\":\"https:\/\/qqpets.com\/#organization\"},\"potentialAction\":[{\"@type\":\"SearchAction\",\"target\":{\"@type\":\"EntryPoint\",\"urlTemplate\":\"https:\/\/qqpets.com\/?s={search_term_string}\"},\"query-input\":{\"@type\":\"PropertyValueSpecification\",\"valueRequired\":true,\"valueName\":\"search_term_string\"}}],\"inLanguage\":\"sl-SI\"},{\"@type\":\"Organization\",\"@id\":\"https:\/\/qqpets.com\/#organization\",\"name\":\"QQPETS\",\"url\":\"https:\/\/qqpets.com\/\",\"logo\":{\"@type\":\"ImageObject\",\"inLanguage\":\"sl-SI\",\"@id\":\"https:\/\/qqpets.com\/#\/schema\/logo\/image\/\",\"url\":\"https:\/\/qqpets.com\/wp-content\/uploads\/2023\/09\/cropped-cropped-qqpets-tiktok.jpg\",\"contentUrl\":\"https:\/\/qqpets.com\/wp-content\/uploads\/2023\/09\/cropped-cropped-qqpets-tiktok.jpg\",\"width\":511,\"height\":511,\"caption\":\"QQPETS\"},\"image\":{\"@id\":\"https:\/\/qqpets.com\/#\/schema\/logo\/image\/\"},\"sameAs\":[\"https:\/\/www.facebook.com\/QQpetsdogcollars\",\"https:\/\/www.instagram.com\/qqpetscollar\/\",\"https:\/\/www.pinterest.com\/qqpetsdogcollarsfactory\/\"]}]}<\/script>\n<!-- \/ Yoast SEO plugin. -->","yoast_head_json":{"title":"QQPETS Vle\u010dni povodec za pse z osvetlitvijo 2.0 | QQPETS","description":"Razi\u0161\u010dite na\u0161 edinstveni izvle\u010dni pasji povodec z ambientalnimi stranskimi lu\u010dmi. Ve\u010d barv in na\u010dinov za varnost. Kupujte zdaj!","robots":{"index":"index","follow":"follow","max-snippet":"max-snippet:-1","max-image-preview":"max-image-preview:large","max-video-preview":"max-video-preview:-1"},"canonical":"https:\/\/qqpets.com\/sl\/izdelek\/qqpets-retractable-dog-leash-with-light-up-2-0\/","og_locale":"sl_SI","og_type":"article","og_title":"QQPETS Retractable Dog Leash With Light Up 2.0 | QQPETS","og_description":"Explore our unique Retractable Dog Leash with ambient side lights. Multiple colors & modes for safety. Shop now!","og_url":"https:\/\/qqpets.com\/sl\/izdelek\/qqpets-retractable-dog-leash-with-light-up-2-0\/","og_site_name":"QQPETS","article_publisher":"https:\/\/www.facebook.com\/QQpetsdogcollars","article_modified_time":"2024-12-12T09:22:40+00:00","og_image":[{"width":1600,"height":1600,"url":"https:\/\/qqpets.com\/wp-content\/uploads\/2023\/10\/1.retractable-dog-leash.webp","type":"image\/webp"}],"twitter_card":"summary_large_image","twitter_misc":{"Est. reading time":"3 minute"},"schema":{"@context":"https:\/\/schema.org","@graph":[{"@type":"WebPage","@id":"https:\/\/qqpets.com\/product\/qqpets-retractable-dog-leash-with-light-up-2-0\/","url":"https:\/\/qqpets.com\/product\/qqpets-retractable-dog-leash-with-light-up-2-0\/","name":"QQPETS Vle\u010dni povodec za pse z osvetlitvijo 2.0 | QQPETS","isPartOf":{"@id":"https:\/\/qqpets.com\/#website"},"primaryImageOfPage":{"@id":"https:\/\/qqpets.com\/product\/qqpets-retractable-dog-leash-with-light-up-2-0\/#primaryimage"},"image":{"@id":"https:\/\/qqpets.com\/product\/qqpets-retractable-dog-leash-with-light-up-2-0\/#primaryimage"},"thumbnailUrl":"https:\/\/qqpets.com\/wp-content\/uploads\/2023\/10\/1.retractable-dog-leash.webp","datePublished":"2023-10-04T07:13:45+00:00","dateModified":"2024-12-12T09:22:40+00:00","description":"Razi\u0161\u010dite na\u0161 edinstveni izvle\u010dni pasji povodec z ambientalnimi stranskimi lu\u010dmi. Ve\u010d barv in na\u010dinov za varnost. Kupujte zdaj!","breadcrumb":{"@id":"https:\/\/qqpets.com\/product\/qqpets-retractable-dog-leash-with-light-up-2-0\/#breadcrumb"},"inLanguage":"sl-SI","potentialAction":[{"@type":"ReadAction","target":["https:\/\/qqpets.com\/product\/qqpets-retractable-dog-leash-with-light-up-2-0\/"]}]},{"@type":"ImageObject","inLanguage":"sl-SI","@id":"https:\/\/qqpets.com\/product\/qqpets-retractable-dog-leash-with-light-up-2-0\/#primaryimage","url":"https:\/\/qqpets.com\/wp-content\/uploads\/2023\/10\/1.retractable-dog-leash.webp","contentUrl":"https:\/\/qqpets.com\/wp-content\/uploads\/2023\/10\/1.retractable-dog-leash.webp","width":1600,"height":1600},{"@type":"BreadcrumbList","@id":"https:\/\/qqpets.com\/product\/qqpets-retractable-dog-leash-with-light-up-2-0\/#breadcrumb","itemListElement":[{"@type":"ListItem","position":1,"name":"Home","item":"https:\/\/qqpets.com\/"},{"@type":"ListItem","position":2,"name":"Products","item":"https:\/\/qqpets.com\/pet-products-manufacturer\/"},{"@type":"ListItem","position":3,"name":"QQPETS Retractable Dog Leash With Light Up 2.0"}]},{"@type":"WebSite","@id":"https:\/\/qqpets.com\/#website","url":"https:\/\/qqpets.com\/","name":"QQPETS","description":"QQPETS je tovarna izdelkov za hi\u0161ne ljubljen\u010dke za pasje postroje, pasje ovratnice, pasje povodce in pasje dodatke s strokovno prilagojeno storitvijo od leta 2005.","publisher":{"@id":"https:\/\/qqpets.com\/#organization"},"potentialAction":[{"@type":"SearchAction","target":{"@type":"EntryPoint","urlTemplate":"https:\/\/qqpets.com\/?s={search_term_string}"},"query-input":{"@type":"PropertyValueSpecification","valueRequired":true,"valueName":"search_term_string"}}],"inLanguage":"sl-SI"},{"@type":"Organization","@id":"https:\/\/qqpets.com\/#organization","name":"QQPETS","url":"https:\/\/qqpets.com\/","logo":{"@type":"ImageObject","inLanguage":"sl-SI","@id":"https:\/\/qqpets.com\/#\/schema\/logo\/image\/","url":"https:\/\/qqpets.com\/wp-content\/uploads\/2023\/09\/cropped-cropped-qqpets-tiktok.jpg","contentUrl":"https:\/\/qqpets.com\/wp-content\/uploads\/2023\/09\/cropped-cropped-qqpets-tiktok.jpg","width":511,"height":511,"caption":"QQPETS"},"image":{"@id":"https:\/\/qqpets.com\/#\/schema\/logo\/image\/"},"sameAs":["https:\/\/www.facebook.com\/QQpetsdogcollars","https:\/\/www.instagram.com\/qqpetscollar\/","https:\/\/www.pinterest.com\/qqpetsdogcollarsfactory\/"]}]}},"_links":{"self":[{"href":"https:\/\/qqpets.com\/sl\/wp-json\/wp\/v2\/product\/144","targetHints":{"allow":["GET"]}}],"collection":[{"href":"https:\/\/qqpets.com\/sl\/wp-json\/wp\/v2\/product"}],"about":[{"href":"https:\/\/qqpets.com\/sl\/wp-json\/wp\/v2\/types\/product"}],"wp:featuredmedia":[{"embeddable":true,"href":"https:\/\/qqpets.com\/sl\/wp-json\/wp\/v2\/media\/7560"}],"wp:attachment":[{"href":"https:\/\/qqpets.com\/sl\/wp-json\/wp\/v2\/media?parent=144"}],"wp:term":[{"taxonomy":"product_brand","embeddable":true,"href":"https:\/\/qqpets.com\/sl\/wp-json\/wp\/v2\/product_brand?post=144"},{"taxonomy":"product_cat","embeddable":true,"href":"https:\/\/qqpets.com\/sl\/wp-json\/wp\/v2\/product_cat?post=144"},{"taxonomy":"product_tag","embeddable":true,"href":"https:\/\/qqpets.com\/sl\/wp-json\/wp\/v2\/product_tag?post=144"}],"curies":[{"name":"wp","href":"https:\/\/api.w.org\/{rel}","templated":true}]}}