{"id":4950,"date":"2024-03-14T10:00:15","date_gmt":"2024-03-14T02:00:15","guid":{"rendered":"https:\/\/qqpets.com\/?post_type=product&#038;p=4950"},"modified":"2024-11-11T15:15:16","modified_gmt":"2024-11-11T07:15:16","slug":"hands-free-no-pull-dog-leash","status":"publish","type":"product","link":"https:\/\/qqpets.com\/sl\/izdelek\/hands-free-no-pull-dog-leash\/","title":{"rendered":"Brez rok brez vle\u010denja povodca za pse"},"content":{"rendered":"<p>Pove\u010dajte varnost svojega ljubljen\u010dka in svoje udobje z na\u0161im inovativnim povodcem za pse za sprehajanje in tek brez rok, ki ima vgrajen varnostni avtomobilski varnostni pas in vrvico, ki absorbira udarce. Ta ve\u010dnamenski povodec vam omogo\u010da, da ohranite aktiven \u017eivljenjski slog, hkrati pa zagotavlja varnost in udobje va\u0161ega ljubljen\u010dka med katero koli dejavnostjo - ne glede na to, ali te\u010dete v parku ali se peljete na naslednjo pustolov\u0161\u010dino.<\/p>\n<p>Klju\u010dna lastnost tega povodca je njegova elasti\u010dnost, ki jo zagotavlja bungee, ki absorbira udarce in prepre\u010duje trganje in vle\u010denje, kar zmanj\u0161uje obremenitev va\u0161ega ljubljen\u010dka in vas. Brez te\u017eav prehaja iz pripomo\u010dka za sprehajanje in tek v varnostni pas v avtomobilu, saj med vo\u017enjo varno pritrdi va\u0161ega ljubljen\u010dka in zmanj\u0161a motnje za varnej\u0161o vo\u017enjo.<\/p>\n<p>Na\u0161 povodec je zasnovan prakti\u010dno in ima pasni pas, ki se prilagaja razli\u010dnim velikostim, zato lahko te\u010dete, hodite ali se prosto gibljete, ne da bi vam bilo treba dr\u017eati povodec. Odsevni \u0161ivi na povodcu zagotavljajo dobro vidnost v slab\u0161ih svetlobnih pogojih, kar pove\u010duje varnost med zgodnjimi jutranjimi ali ve\u010dernimi sprehodi.<\/p>\n<p>Povodec je izdelan iz robustnih materialov, odpornih na vremenske vplive, zato je odporen tako na uporabo na prostem kot na vsakodnevne vo\u017enje. Zaradi univerzalne zdru\u017eljivosti z ve\u010dino sistemov varnostnih pasov v vozilih je namestitev hitra in enostavna, tako da ste v hipu pripravljeni na vo\u017enjo.<\/p>\n<p>Ne glede na to, ali ste navdu\u0161eni teka\u010d, vsakodnevni potnik ali ljubitelj dolgih pohodov s svojim psom, je na\u0161 povodec za pse brez rok z varnostnim pasom za avto in vrvico za bla\u017eenje udarcev popolna izbira za lastnike \u017eivali, ki se zavedajo varnosti in no\u010dejo sklepati kompromisov glede funkcionalnosti in sloga.<\/p>\n<h6><strong>Ali so bungee povodci primerni za pse?<\/strong><\/h6>\n<p>Bungee povodci so lahko dobri za pse, saj zmanj\u0161ajo \u0161ok zaradi nenadnih gibov in vle\u010denja, zaradi \u010desar so sprehodi udobnej\u0161i tako za psa kot za lastnika. Vendar pa morda niso primerni za zelo mo\u010dne ali reaktivne pse, saj lahko elasti\u010dnost spodbuja vle\u010denje.<\/p>\n<h6><strong>Kako uporabljate pasji povodec bungee?<\/strong><\/h6>\n<p>Pritrdite sponko povodca bungee na pasji pas ali ovratnico va\u0161ega psa. Dr\u017eite ro\u010daj trdno, tako da bo del bungee med sprehodom absorbiral udarce in potege. To je \u0161e posebej uporabno pri teku ali pohodni\u0161tvu, kjer lahko naletite na nenadne sunke.<\/p>\n<h6><strong>Kak\u0161no dol\u017eino povodca za tek s psom?<\/strong><\/h6>\n<p>Za tek je obi\u010dajno priporo\u010dljiv povodec, dolg pribli\u017eno 4 do 6 \u010devljev, saj nudi dovolj prostora za udoben korak, hkrati pa je dovolj kratek, da ohranite nadzor nad psom.<\/p>\n<h6><strong>Ali bungee povodci prenehajo vle\u010di?<\/strong><\/h6>\n<p>Ne, povodci bungee ne prenehajo vle\u010di. Zaradi svoje elasti\u010dne narave lahko zmanj\u0161ajo u\u010dinek vle\u010denja, vendar ne odvra\u010dajo od samega vedenja.<\/p>\n<h6><strong>Kateri povodec je najbolj\u0161i za psa, ki vle\u010de?<\/strong><\/h6>\n<p>Za psa, ki vle\u010de, je najbolj\u0161i pasji pas, ki ne vle\u010de, v kombinaciji z mo\u010dnim, neelasti\u010dnim povodcem. Postroj bo prepre\u010dil vle\u010denje, saj bo psa preusmeril nazaj proti vam, medtem ko bo stabilen povodec zagotavljal nadzor brez spodbujanja vle\u010denja z raztegovanjem.<\/p>","protected":false},"excerpt":{"rendered":"<p>Spremenite svoje sprehode z na\u0161im povodcem za pse Hands Free, ki je opremljen z varnostnim avtomobilskim varnostnim pasom in gumijastim trakom, ki absorbira udarce. Idealen je za sprehode, tek ali vo\u017enjo, saj zagotavlja varnost va\u0161ega ljubljen\u010dka, hkrati pa mu omogo\u010da svobodno gibanje. Nastavljiv odsevni povodec pove\u010duje vidnost in prilagodljivost, zato je idealen za dnevno ali no\u010dno uporabo. Izdelan je iz trpe\u017enih, visokokakovostnih materialov in je namenjen aktivnim lastnikom hi\u0161nih ljubljen\u010dkov, ki i\u0161\u010dejo udobje, ne da bi pri tem ogrozili varnost. Ta povodec je enostaven za uporabo in univerzalno zdru\u017eljiv z ve\u010dino vozil, zato bo vsako potovanje z va\u0161im hi\u0161nim ljubljen\u010dkom preprosto.<\/p>","protected":false},"featured_media":4951,"template":"","meta":[],"product_brand":[],"product_cat":[27],"product_tag":[],"class_list":{"0":"post-4950","1":"product","2":"type-product","3":"status-publish","4":"has-post-thumbnail","6":"product_cat-dog-leash","7":"pa_brand-qqpets","9":"first","10":"instock","11":"shipping-taxable","12":"product-type-simple"},"yoast_head":"<!-- This site is optimized with the Yoast SEO plugin v26.6 - https:\/\/yoast.com\/wordpress\/plugins\/seo\/ -->\n<title>Hands Free No Pull Dog Leash | QQPETS<\/title>\n<meta name=\"description\" content=\"Shop our Hands Free Dog Leash with Car Seat Belt for safe, shock-absorbing walks and runs. Perfect for active pet owners!\" \/>\n<meta name=\"robots\" content=\"index, follow, max-snippet:-1, max-image-preview:large, max-video-preview:-1\" \/>\n<link rel=\"canonical\" href=\"https:\/\/qqpets.com\/sl\/izdelek\/hands-free-no-pull-dog-leash\/\" \/>\n<meta property=\"og:locale\" content=\"sl_SI\" \/>\n<meta property=\"og:type\" content=\"article\" \/>\n<meta property=\"og:title\" content=\"Hands Free No Pull Dog Leash | QQPETS\" \/>\n<meta property=\"og:description\" content=\"Shop our Hands Free Dog Leash with Car Seat Belt for safe, shock-absorbing walks and runs. Perfect for active pet owners!\" \/>\n<meta property=\"og:url\" content=\"https:\/\/qqpets.com\/sl\/izdelek\/hands-free-no-pull-dog-leash\/\" \/>\n<meta property=\"og:site_name\" content=\"QQPETS\" \/>\n<meta property=\"article:publisher\" content=\"https:\/\/www.facebook.com\/QQpetsdogcollars\" \/>\n<meta property=\"article:modified_time\" content=\"2024-11-11T07:15:16+00:00\" \/>\n<meta property=\"og:image\" content=\"https:\/\/qqpets.com\/wp-content\/uploads\/2024\/03\/1.webp\" \/>\n\t<meta property=\"og:image:width\" content=\"1000\" \/>\n\t<meta property=\"og:image:height\" content=\"1000\" \/>\n\t<meta property=\"og:image:type\" content=\"image\/webp\" \/>\n<meta name=\"twitter:card\" content=\"summary_large_image\" \/>\n<meta name=\"twitter:label1\" content=\"Est. reading time\" \/>\n\t<meta name=\"twitter:data1\" content=\"3 minute\" \/>\n<script type=\"application\/ld+json\" class=\"yoast-schema-graph\">{\"@context\":\"https:\/\/schema.org\",\"@graph\":[{\"@type\":\"WebPage\",\"@id\":\"https:\/\/qqpets.com\/product\/hands-free-no-pull-dog-leash\/\",\"url\":\"https:\/\/qqpets.com\/product\/hands-free-no-pull-dog-leash\/\",\"name\":\"Hands Free No Pull Dog Leash | QQPETS\",\"isPartOf\":{\"@id\":\"https:\/\/qqpets.com\/#website\"},\"primaryImageOfPage\":{\"@id\":\"https:\/\/qqpets.com\/product\/hands-free-no-pull-dog-leash\/#primaryimage\"},\"image\":{\"@id\":\"https:\/\/qqpets.com\/product\/hands-free-no-pull-dog-leash\/#primaryimage\"},\"thumbnailUrl\":\"https:\/\/qqpets.com\/wp-content\/uploads\/2024\/03\/1.webp\",\"datePublished\":\"2024-03-14T02:00:15+00:00\",\"dateModified\":\"2024-11-11T07:15:16+00:00\",\"description\":\"Shop our Hands Free Dog Leash with Car Seat Belt for safe, shock-absorbing walks and runs. Perfect for active pet owners!\",\"breadcrumb\":{\"@id\":\"https:\/\/qqpets.com\/product\/hands-free-no-pull-dog-leash\/#breadcrumb\"},\"inLanguage\":\"sl-SI\",\"potentialAction\":[{\"@type\":\"ReadAction\",\"target\":[\"https:\/\/qqpets.com\/product\/hands-free-no-pull-dog-leash\/\"]}]},{\"@type\":\"ImageObject\",\"inLanguage\":\"sl-SI\",\"@id\":\"https:\/\/qqpets.com\/product\/hands-free-no-pull-dog-leash\/#primaryimage\",\"url\":\"https:\/\/qqpets.com\/wp-content\/uploads\/2024\/03\/1.webp\",\"contentUrl\":\"https:\/\/qqpets.com\/wp-content\/uploads\/2024\/03\/1.webp\",\"width\":1000,\"height\":1000,\"caption\":\"car sear belt bungee dog leash\"},{\"@type\":\"BreadcrumbList\",\"@id\":\"https:\/\/qqpets.com\/product\/hands-free-no-pull-dog-leash\/#breadcrumb\",\"itemListElement\":[{\"@type\":\"ListItem\",\"position\":1,\"name\":\"Home\",\"item\":\"https:\/\/qqpets.com\/\"},{\"@type\":\"ListItem\",\"position\":2,\"name\":\"Products\",\"item\":\"https:\/\/qqpets.com\/pet-products-manufacturer\/\"},{\"@type\":\"ListItem\",\"position\":3,\"name\":\"Hands Free No Pull Dog Leash\"}]},{\"@type\":\"WebSite\",\"@id\":\"https:\/\/qqpets.com\/#website\",\"url\":\"https:\/\/qqpets.com\/\",\"name\":\"QQPETS\",\"description\":\"QQPETS is a pet products factory for dog harnesses, dog collars, dog leashes and dog accessories with professional customized service since 2005.\",\"publisher\":{\"@id\":\"https:\/\/qqpets.com\/#organization\"},\"potentialAction\":[{\"@type\":\"SearchAction\",\"target\":{\"@type\":\"EntryPoint\",\"urlTemplate\":\"https:\/\/qqpets.com\/?s={search_term_string}\"},\"query-input\":{\"@type\":\"PropertyValueSpecification\",\"valueRequired\":true,\"valueName\":\"search_term_string\"}}],\"inLanguage\":\"sl-SI\"},{\"@type\":\"Organization\",\"@id\":\"https:\/\/qqpets.com\/#organization\",\"name\":\"QQPETS\",\"url\":\"https:\/\/qqpets.com\/\",\"logo\":{\"@type\":\"ImageObject\",\"inLanguage\":\"sl-SI\",\"@id\":\"https:\/\/qqpets.com\/#\/schema\/logo\/image\/\",\"url\":\"https:\/\/qqpets.com\/wp-content\/uploads\/2023\/09\/cropped-cropped-qqpets-tiktok.jpg\",\"contentUrl\":\"https:\/\/qqpets.com\/wp-content\/uploads\/2023\/09\/cropped-cropped-qqpets-tiktok.jpg\",\"width\":511,\"height\":511,\"caption\":\"QQPETS\"},\"image\":{\"@id\":\"https:\/\/qqpets.com\/#\/schema\/logo\/image\/\"},\"sameAs\":[\"https:\/\/www.facebook.com\/QQpetsdogcollars\",\"https:\/\/www.instagram.com\/qqpetscollar\/\",\"https:\/\/www.pinterest.com\/qqpetsdogcollarsfactory\/\"]}]}<\/script>\n<!-- \/ Yoast SEO plugin. -->","yoast_head_json":{"title":"Vodilo za pse brez vle\u010denja | QQPETS","description":"Za varne sprehode in teke, ki absorbirajo udarce, kupite na\u0161 povodec za pse brez rok s pasom za avtomobilski sede\u017e. Popoln za aktivne lastnike hi\u0161nih ljubljen\u010dkov!","robots":{"index":"index","follow":"follow","max-snippet":"max-snippet:-1","max-image-preview":"max-image-preview:large","max-video-preview":"max-video-preview:-1"},"canonical":"https:\/\/qqpets.com\/sl\/izdelek\/hands-free-no-pull-dog-leash\/","og_locale":"sl_SI","og_type":"article","og_title":"Hands Free No Pull Dog Leash | QQPETS","og_description":"Shop our Hands Free Dog Leash with Car Seat Belt for safe, shock-absorbing walks and runs. Perfect for active pet owners!","og_url":"https:\/\/qqpets.com\/sl\/izdelek\/hands-free-no-pull-dog-leash\/","og_site_name":"QQPETS","article_publisher":"https:\/\/www.facebook.com\/QQpetsdogcollars","article_modified_time":"2024-11-11T07:15:16+00:00","og_image":[{"width":1000,"height":1000,"url":"https:\/\/qqpets.com\/wp-content\/uploads\/2024\/03\/1.webp","type":"image\/webp"}],"twitter_card":"summary_large_image","twitter_misc":{"Est. reading time":"3 minute"},"schema":{"@context":"https:\/\/schema.org","@graph":[{"@type":"WebPage","@id":"https:\/\/qqpets.com\/product\/hands-free-no-pull-dog-leash\/","url":"https:\/\/qqpets.com\/product\/hands-free-no-pull-dog-leash\/","name":"Vodilo za pse brez vle\u010denja | QQPETS","isPartOf":{"@id":"https:\/\/qqpets.com\/#website"},"primaryImageOfPage":{"@id":"https:\/\/qqpets.com\/product\/hands-free-no-pull-dog-leash\/#primaryimage"},"image":{"@id":"https:\/\/qqpets.com\/product\/hands-free-no-pull-dog-leash\/#primaryimage"},"thumbnailUrl":"https:\/\/qqpets.com\/wp-content\/uploads\/2024\/03\/1.webp","datePublished":"2024-03-14T02:00:15+00:00","dateModified":"2024-11-11T07:15:16+00:00","description":"Za varne sprehode in teke, ki absorbirajo udarce, kupite na\u0161 povodec za pse brez rok s pasom za avtomobilski sede\u017e. Popoln za aktivne lastnike hi\u0161nih ljubljen\u010dkov!","breadcrumb":{"@id":"https:\/\/qqpets.com\/product\/hands-free-no-pull-dog-leash\/#breadcrumb"},"inLanguage":"sl-SI","potentialAction":[{"@type":"ReadAction","target":["https:\/\/qqpets.com\/product\/hands-free-no-pull-dog-leash\/"]}]},{"@type":"ImageObject","inLanguage":"sl-SI","@id":"https:\/\/qqpets.com\/product\/hands-free-no-pull-dog-leash\/#primaryimage","url":"https:\/\/qqpets.com\/wp-content\/uploads\/2024\/03\/1.webp","contentUrl":"https:\/\/qqpets.com\/wp-content\/uploads\/2024\/03\/1.webp","width":1000,"height":1000,"caption":"car sear belt bungee dog leash"},{"@type":"BreadcrumbList","@id":"https:\/\/qqpets.com\/product\/hands-free-no-pull-dog-leash\/#breadcrumb","itemListElement":[{"@type":"ListItem","position":1,"name":"Home","item":"https:\/\/qqpets.com\/"},{"@type":"ListItem","position":2,"name":"Products","item":"https:\/\/qqpets.com\/pet-products-manufacturer\/"},{"@type":"ListItem","position":3,"name":"Hands Free No Pull Dog Leash"}]},{"@type":"WebSite","@id":"https:\/\/qqpets.com\/#website","url":"https:\/\/qqpets.com\/","name":"QQPETS","description":"QQPETS je tovarna izdelkov za hi\u0161ne ljubljen\u010dke za pasje postroje, pasje ovratnice, pasje povodce in pasje dodatke s strokovno prilagojeno storitvijo od leta 2005.","publisher":{"@id":"https:\/\/qqpets.com\/#organization"},"potentialAction":[{"@type":"SearchAction","target":{"@type":"EntryPoint","urlTemplate":"https:\/\/qqpets.com\/?s={search_term_string}"},"query-input":{"@type":"PropertyValueSpecification","valueRequired":true,"valueName":"search_term_string"}}],"inLanguage":"sl-SI"},{"@type":"Organization","@id":"https:\/\/qqpets.com\/#organization","name":"QQPETS","url":"https:\/\/qqpets.com\/","logo":{"@type":"ImageObject","inLanguage":"sl-SI","@id":"https:\/\/qqpets.com\/#\/schema\/logo\/image\/","url":"https:\/\/qqpets.com\/wp-content\/uploads\/2023\/09\/cropped-cropped-qqpets-tiktok.jpg","contentUrl":"https:\/\/qqpets.com\/wp-content\/uploads\/2023\/09\/cropped-cropped-qqpets-tiktok.jpg","width":511,"height":511,"caption":"QQPETS"},"image":{"@id":"https:\/\/qqpets.com\/#\/schema\/logo\/image\/"},"sameAs":["https:\/\/www.facebook.com\/QQpetsdogcollars","https:\/\/www.instagram.com\/qqpetscollar\/","https:\/\/www.pinterest.com\/qqpetsdogcollarsfactory\/"]}]}},"_links":{"self":[{"href":"https:\/\/qqpets.com\/sl\/wp-json\/wp\/v2\/product\/4950","targetHints":{"allow":["GET"]}}],"collection":[{"href":"https:\/\/qqpets.com\/sl\/wp-json\/wp\/v2\/product"}],"about":[{"href":"https:\/\/qqpets.com\/sl\/wp-json\/wp\/v2\/types\/product"}],"wp:featuredmedia":[{"embeddable":true,"href":"https:\/\/qqpets.com\/sl\/wp-json\/wp\/v2\/media\/4951"}],"wp:attachment":[{"href":"https:\/\/qqpets.com\/sl\/wp-json\/wp\/v2\/media?parent=4950"}],"wp:term":[{"taxonomy":"product_brand","embeddable":true,"href":"https:\/\/qqpets.com\/sl\/wp-json\/wp\/v2\/product_brand?post=4950"},{"taxonomy":"product_cat","embeddable":true,"href":"https:\/\/qqpets.com\/sl\/wp-json\/wp\/v2\/product_cat?post=4950"},{"taxonomy":"product_tag","embeddable":true,"href":"https:\/\/qqpets.com\/sl\/wp-json\/wp\/v2\/product_tag?post=4950"}],"curies":[{"name":"wp","href":"https:\/\/api.w.org\/{rel}","templated":true}]}}