{"id":7587,"date":"2024-08-30T13:58:07","date_gmt":"2024-08-30T05:58:07","guid":{"rendered":"https:\/\/qqpets.com\/?post_type=product&#038;p=7587"},"modified":"2024-12-12T16:27:14","modified_gmt":"2024-12-12T08:27:14","slug":"h-shaped-dog-harness","status":"publish","type":"product","link":"https:\/\/qqpets.com\/sl\/izdelek\/h-shaped-dog-harness\/","title":{"rendered":"Pasji pasji pas v obliki \u010drke H"},"content":{"rendered":"<p>Predstavljamo skrbno izdelan pasji pasji pas v obliki \u010drke H, ki je zasnovan tako za udobje hi\u0161nih ljubljen\u010dkov kot za udobje lastnikov. Ta inovativni pasji pas ima edinstveno strukturo v obliki \u010drke H, ki enakomerno porazdeli pritisk po prsnem ko\u0161u in ramenih ter tako prepre\u010duje obremenitev vratu va\u0161ega psa. S popolnoma nastavljivimi vratnimi in prsnimi trakovi zagotavlja tesno in varno prileganje pasmam vseh velikosti.<\/p>\n<p>Postroj je izdelan iz visokokakovostnih, okolju prijaznih materialov, ki so mehki na otip in izjemno trpe\u017eni. Tkanina, ki diha, zagotavlja, da va\u0161 pes ostane hladen in udoben tudi med dalj\u0161o uporabo ali v toplej\u0161em podnebju. Odsevni \u0161ivi izbolj\u0161ujejo vidljivost med no\u010dnimi sprehodi in zagotavljajo dodatno varnost.<\/p>\n<p>Na\u0161 pas v obliki \u010drke H je idealen za usposabljanje, vsakodnevne sprehode in pustolov\u0161\u010dine na prostem, saj zagotavlja bolj\u0161i nadzor, ne da bi pri tem ogro\u017eal udobje va\u0161ega ljubljen\u010dka. Zaradi enostavnega name\u0161\u010danja in snemanja je prijazen do uporabnika, kar znatno zmanj\u0161a te\u017eave pri opremljanju va\u0161ega psa za izlete. Vsak postroj je opremljen z robustnim D-obro\u010dem za pritrditev povodca, ki zagotavlja zanesljivo povezavo v vsakem trenutku.<\/p>\n<p>Na\u0161i pasovi so na voljo v razli\u010dnih \u017eivahnih barvah in vzorcih, zato v ospredje postavljajo ne le udobje in varnost va\u0161ega psa, temve\u010d tudi stilsko popestrijo njegov vsakdan. Ne glede na to, ali se samo sprehajate okoli bloka ali se odpravljate na pustolov\u0161\u010dino ob koncu tedna, je na\u0161 pasji postroj v obliki \u010drke H popolna izbira za vestne lastnike \u017eivali, ki cenijo kakovost in slog.<\/p>\n<p><strong>Ali je pasji pas H primeren za pse?<\/strong><\/p>\n<p>Da, H-postroj je lahko dober za pse, saj enakomerneje porazdeli pritisk po prsnem ko\u0161u in hrbtu ter tako zmanj\u0161a obremenitev vratu. Primeren je za ne\u017ene sprehajalce in je lahko zelo udoben.<\/p>\n<p><strong>Kako psu namestite pas H?<\/strong><\/p>\n<ul>\n<li>\u010ce \u017eelite psu natakniti pasjo zanko H, naj pes stopi v zanke pasje zanke, v vsako zanko naj vstavi po eno tazadnjo, pasjo zanko dvigne okoli prsnega ko\u0161a in hrbta, nato pa pasjo zanko zapne na vrhu pasjega hrbta. Prilagodite pasove, da se dobro prilegajo.<\/li>\n<\/ul>\n<p><strong>Ali je bolj\u0161i postroj H ali Y?<\/strong><\/p>\n<ul>\n<li>Ali je bolj\u0161i H ali Y pasji pas, je odvisno od velikosti, pasme in vedenja psa. Y postroj lahko zagotavlja bolj\u0161i nadzor in je pogosto priporo\u010dljiv za aktivne pse ali pse, ki vle\u010dejo, saj zagotavlja ve\u010djo oporo okoli ramen in manj omejuje gibanje.<\/li>\n<\/ul>\n<p><strong>Ali veterinarji priporo\u010dajo pasove?<\/strong><\/p>\n<ul>\n<li>Da, mnogi veterinarji priporo\u010dajo pasove, zlasti za pse, nagnjene k te\u017eavam z dihanjem, ali pse, ki so nagnjeni k vle\u010denju, saj pasovi zmanj\u0161ajo obremenitev vratu ter izbolj\u0161ajo splo\u0161no varnost in udobje.<\/li>\n<\/ul>\n<p><strong>Je pasji pasji pas bolj\u0161i od povodca?<\/strong><\/p>\n<ul>\n<li>Pasji postroj v kombinaciji s povodcem zagotavlja bolj\u0161i nadzor in varnost kot povodec na ovratnici. Postroji enakomerneje porazdelijo pritisk in zmanj\u0161ajo tveganje po\u0161kodb, zato so bolj\u0161a izbira za ve\u010dino psov, zlasti za tiste, ki vle\u010dejo ali imajo zdravstvene te\u017eave, kot je na primer propad sapnika.<\/li>\n<\/ul>","protected":false},"excerpt":{"rendered":"<p>Nadgradite na\u0161 pasji pasji pas v obliki \u010drke H za neprekosljivo udobje in nadzor. Nastavljiv, vzdr\u017eljiv in zasnovan za vsakodnevno uporabo zagotavlja popolno prileganje in varne dogodiv\u0161\u010dine za va\u0161ega ljubljen\u010dka. Na voljo v razli\u010dnih velikostih in barvah.<\/p>","protected":false},"featured_media":9677,"template":"","meta":[],"product_brand":[],"product_cat":[23],"product_tag":[],"class_list":{"0":"post-7587","1":"product","2":"type-product","3":"status-publish","4":"has-post-thumbnail","6":"product_cat-dog-harness","7":"pa_brand-qqpets","9":"first","10":"instock","11":"shipping-taxable","12":"product-type-simple"},"yoast_head":"<!-- This site is optimized with the Yoast SEO plugin v26.6 - https:\/\/yoast.com\/wordpress\/plugins\/seo\/ -->\n<title>H Shaped Dog Harness | QQPETS<\/title>\n<meta name=\"description\" content=\"Discover the comfort and control of our H-shaped dog harnesses. Perfect fit for any breed. Shop now for premium quality\" \/>\n<meta name=\"robots\" content=\"index, follow, max-snippet:-1, max-image-preview:large, max-video-preview:-1\" \/>\n<link rel=\"canonical\" href=\"https:\/\/qqpets.com\/sl\/izdelek\/h-shaped-dog-harness\/\" \/>\n<meta property=\"og:locale\" content=\"sl_SI\" \/>\n<meta property=\"og:type\" content=\"article\" \/>\n<meta property=\"og:title\" content=\"H Shaped Dog Harness | QQPETS\" \/>\n<meta property=\"og:description\" content=\"Discover the comfort and control of our H-shaped dog harnesses. Perfect fit for any breed. Shop now for premium quality\" \/>\n<meta property=\"og:url\" content=\"https:\/\/qqpets.com\/sl\/izdelek\/h-shaped-dog-harness\/\" \/>\n<meta property=\"og:site_name\" content=\"QQPETS\" \/>\n<meta property=\"article:publisher\" content=\"https:\/\/www.facebook.com\/QQpetsdogcollars\" \/>\n<meta property=\"article:modified_time\" content=\"2024-12-12T08:27:14+00:00\" \/>\n<meta property=\"og:image\" content=\"https:\/\/qqpets.com\/wp-content\/uploads\/2024\/08\/H-shape-dog-harness.jpg\" \/>\n\t<meta property=\"og:image:width\" content=\"800\" \/>\n\t<meta property=\"og:image:height\" content=\"800\" \/>\n\t<meta property=\"og:image:type\" content=\"image\/jpeg\" \/>\n<meta name=\"twitter:card\" content=\"summary_large_image\" \/>\n<meta name=\"twitter:label1\" content=\"Est. reading time\" \/>\n\t<meta name=\"twitter:data1\" content=\"3 minute\" \/>\n<script type=\"application\/ld+json\" class=\"yoast-schema-graph\">{\"@context\":\"https:\/\/schema.org\",\"@graph\":[{\"@type\":\"WebPage\",\"@id\":\"https:\/\/qqpets.com\/product\/h-shaped-dog-harness\/\",\"url\":\"https:\/\/qqpets.com\/product\/h-shaped-dog-harness\/\",\"name\":\"H Shaped Dog Harness | QQPETS\",\"isPartOf\":{\"@id\":\"https:\/\/qqpets.com\/#website\"},\"primaryImageOfPage\":{\"@id\":\"https:\/\/qqpets.com\/product\/h-shaped-dog-harness\/#primaryimage\"},\"image\":{\"@id\":\"https:\/\/qqpets.com\/product\/h-shaped-dog-harness\/#primaryimage\"},\"thumbnailUrl\":\"https:\/\/qqpets.com\/wp-content\/uploads\/2024\/08\/H-shape-dog-harness.jpg\",\"datePublished\":\"2024-08-30T05:58:07+00:00\",\"dateModified\":\"2024-12-12T08:27:14+00:00\",\"description\":\"Discover the comfort and control of our H-shaped dog harnesses. Perfect fit for any breed. Shop now for premium quality\",\"breadcrumb\":{\"@id\":\"https:\/\/qqpets.com\/product\/h-shaped-dog-harness\/#breadcrumb\"},\"inLanguage\":\"sl-SI\",\"potentialAction\":[{\"@type\":\"ReadAction\",\"target\":[\"https:\/\/qqpets.com\/product\/h-shaped-dog-harness\/\"]}]},{\"@type\":\"ImageObject\",\"inLanguage\":\"sl-SI\",\"@id\":\"https:\/\/qqpets.com\/product\/h-shaped-dog-harness\/#primaryimage\",\"url\":\"https:\/\/qqpets.com\/wp-content\/uploads\/2024\/08\/H-shape-dog-harness.jpg\",\"contentUrl\":\"https:\/\/qqpets.com\/wp-content\/uploads\/2024\/08\/H-shape-dog-harness.jpg\",\"width\":1000,\"height\":1000},{\"@type\":\"BreadcrumbList\",\"@id\":\"https:\/\/qqpets.com\/product\/h-shaped-dog-harness\/#breadcrumb\",\"itemListElement\":[{\"@type\":\"ListItem\",\"position\":1,\"name\":\"Home\",\"item\":\"https:\/\/qqpets.com\/\"},{\"@type\":\"ListItem\",\"position\":2,\"name\":\"Products\",\"item\":\"https:\/\/qqpets.com\/pet-products-manufacturer\/\"},{\"@type\":\"ListItem\",\"position\":3,\"name\":\"H Shaped Dog Harness\"}]},{\"@type\":\"WebSite\",\"@id\":\"https:\/\/qqpets.com\/#website\",\"url\":\"https:\/\/qqpets.com\/\",\"name\":\"QQPETS\",\"description\":\"QQPETS is a pet products factory for dog harnesses, dog collars, dog leashes and dog accessories with professional customized service since 2005.\",\"publisher\":{\"@id\":\"https:\/\/qqpets.com\/#organization\"},\"potentialAction\":[{\"@type\":\"SearchAction\",\"target\":{\"@type\":\"EntryPoint\",\"urlTemplate\":\"https:\/\/qqpets.com\/?s={search_term_string}\"},\"query-input\":{\"@type\":\"PropertyValueSpecification\",\"valueRequired\":true,\"valueName\":\"search_term_string\"}}],\"inLanguage\":\"sl-SI\"},{\"@type\":\"Organization\",\"@id\":\"https:\/\/qqpets.com\/#organization\",\"name\":\"QQPETS\",\"url\":\"https:\/\/qqpets.com\/\",\"logo\":{\"@type\":\"ImageObject\",\"inLanguage\":\"sl-SI\",\"@id\":\"https:\/\/qqpets.com\/#\/schema\/logo\/image\/\",\"url\":\"https:\/\/qqpets.com\/wp-content\/uploads\/2023\/09\/cropped-cropped-qqpets-tiktok.jpg\",\"contentUrl\":\"https:\/\/qqpets.com\/wp-content\/uploads\/2023\/09\/cropped-cropped-qqpets-tiktok.jpg\",\"width\":511,\"height\":511,\"caption\":\"QQPETS\"},\"image\":{\"@id\":\"https:\/\/qqpets.com\/#\/schema\/logo\/image\/\"},\"sameAs\":[\"https:\/\/www.facebook.com\/QQpetsdogcollars\",\"https:\/\/www.instagram.com\/qqpetscollar\/\",\"https:\/\/www.pinterest.com\/qqpetsdogcollarsfactory\/\"]}]}<\/script>\n<!-- \/ Yoast SEO plugin. -->","yoast_head_json":{"title":"Pasji postroj v obliki \u010drke H | QQPETS","description":"Odkrijte udobje in nadzor na\u0161ih pasjih pasov v obliki \u010drke H. Odli\u010dno se prilegajo vsem pasmam. Kupujte zdaj za vrhunsko kakovost","robots":{"index":"index","follow":"follow","max-snippet":"max-snippet:-1","max-image-preview":"max-image-preview:large","max-video-preview":"max-video-preview:-1"},"canonical":"https:\/\/qqpets.com\/sl\/izdelek\/h-shaped-dog-harness\/","og_locale":"sl_SI","og_type":"article","og_title":"H Shaped Dog Harness | QQPETS","og_description":"Discover the comfort and control of our H-shaped dog harnesses. Perfect fit for any breed. Shop now for premium quality","og_url":"https:\/\/qqpets.com\/sl\/izdelek\/h-shaped-dog-harness\/","og_site_name":"QQPETS","article_publisher":"https:\/\/www.facebook.com\/QQpetsdogcollars","article_modified_time":"2024-12-12T08:27:14+00:00","og_image":[{"url":"https:\/\/qqpets.com\/wp-content\/uploads\/2024\/08\/H-shape-dog-harness.jpg","width":800,"height":800,"type":"image\/jpeg"}],"twitter_card":"summary_large_image","twitter_misc":{"Est. reading time":"3 minute"},"schema":{"@context":"https:\/\/schema.org","@graph":[{"@type":"WebPage","@id":"https:\/\/qqpets.com\/product\/h-shaped-dog-harness\/","url":"https:\/\/qqpets.com\/product\/h-shaped-dog-harness\/","name":"Pasji postroj v obliki \u010drke H | QQPETS","isPartOf":{"@id":"https:\/\/qqpets.com\/#website"},"primaryImageOfPage":{"@id":"https:\/\/qqpets.com\/product\/h-shaped-dog-harness\/#primaryimage"},"image":{"@id":"https:\/\/qqpets.com\/product\/h-shaped-dog-harness\/#primaryimage"},"thumbnailUrl":"https:\/\/qqpets.com\/wp-content\/uploads\/2024\/08\/H-shape-dog-harness.jpg","datePublished":"2024-08-30T05:58:07+00:00","dateModified":"2024-12-12T08:27:14+00:00","description":"Odkrijte udobje in nadzor na\u0161ih pasjih pasov v obliki \u010drke H. Odli\u010dno se prilegajo vsem pasmam. Kupujte zdaj za vrhunsko kakovost","breadcrumb":{"@id":"https:\/\/qqpets.com\/product\/h-shaped-dog-harness\/#breadcrumb"},"inLanguage":"sl-SI","potentialAction":[{"@type":"ReadAction","target":["https:\/\/qqpets.com\/product\/h-shaped-dog-harness\/"]}]},{"@type":"ImageObject","inLanguage":"sl-SI","@id":"https:\/\/qqpets.com\/product\/h-shaped-dog-harness\/#primaryimage","url":"https:\/\/qqpets.com\/wp-content\/uploads\/2024\/08\/H-shape-dog-harness.jpg","contentUrl":"https:\/\/qqpets.com\/wp-content\/uploads\/2024\/08\/H-shape-dog-harness.jpg","width":1000,"height":1000},{"@type":"BreadcrumbList","@id":"https:\/\/qqpets.com\/product\/h-shaped-dog-harness\/#breadcrumb","itemListElement":[{"@type":"ListItem","position":1,"name":"Home","item":"https:\/\/qqpets.com\/"},{"@type":"ListItem","position":2,"name":"Products","item":"https:\/\/qqpets.com\/pet-products-manufacturer\/"},{"@type":"ListItem","position":3,"name":"H Shaped Dog Harness"}]},{"@type":"WebSite","@id":"https:\/\/qqpets.com\/#website","url":"https:\/\/qqpets.com\/","name":"QQPETS","description":"QQPETS je tovarna izdelkov za hi\u0161ne ljubljen\u010dke za pasje postroje, pasje ovratnice, pasje povodce in pasje dodatke s strokovno prilagojeno storitvijo od leta 2005.","publisher":{"@id":"https:\/\/qqpets.com\/#organization"},"potentialAction":[{"@type":"SearchAction","target":{"@type":"EntryPoint","urlTemplate":"https:\/\/qqpets.com\/?s={search_term_string}"},"query-input":{"@type":"PropertyValueSpecification","valueRequired":true,"valueName":"search_term_string"}}],"inLanguage":"sl-SI"},{"@type":"Organization","@id":"https:\/\/qqpets.com\/#organization","name":"QQPETS","url":"https:\/\/qqpets.com\/","logo":{"@type":"ImageObject","inLanguage":"sl-SI","@id":"https:\/\/qqpets.com\/#\/schema\/logo\/image\/","url":"https:\/\/qqpets.com\/wp-content\/uploads\/2023\/09\/cropped-cropped-qqpets-tiktok.jpg","contentUrl":"https:\/\/qqpets.com\/wp-content\/uploads\/2023\/09\/cropped-cropped-qqpets-tiktok.jpg","width":511,"height":511,"caption":"QQPETS"},"image":{"@id":"https:\/\/qqpets.com\/#\/schema\/logo\/image\/"},"sameAs":["https:\/\/www.facebook.com\/QQpetsdogcollars","https:\/\/www.instagram.com\/qqpetscollar\/","https:\/\/www.pinterest.com\/qqpetsdogcollarsfactory\/"]}]}},"_links":{"self":[{"href":"https:\/\/qqpets.com\/sl\/wp-json\/wp\/v2\/product\/7587","targetHints":{"allow":["GET"]}}],"collection":[{"href":"https:\/\/qqpets.com\/sl\/wp-json\/wp\/v2\/product"}],"about":[{"href":"https:\/\/qqpets.com\/sl\/wp-json\/wp\/v2\/types\/product"}],"wp:featuredmedia":[{"embeddable":true,"href":"https:\/\/qqpets.com\/sl\/wp-json\/wp\/v2\/media\/9677"}],"wp:attachment":[{"href":"https:\/\/qqpets.com\/sl\/wp-json\/wp\/v2\/media?parent=7587"}],"wp:term":[{"taxonomy":"product_brand","embeddable":true,"href":"https:\/\/qqpets.com\/sl\/wp-json\/wp\/v2\/product_brand?post=7587"},{"taxonomy":"product_cat","embeddable":true,"href":"https:\/\/qqpets.com\/sl\/wp-json\/wp\/v2\/product_cat?post=7587"},{"taxonomy":"product_tag","embeddable":true,"href":"https:\/\/qqpets.com\/sl\/wp-json\/wp\/v2\/product_tag?post=7587"}],"curies":[{"name":"wp","href":"https:\/\/api.w.org\/{rel}","templated":true}]}}