{"id":7631,"date":"2024-08-30T17:38:13","date_gmt":"2024-08-30T09:38:13","guid":{"rendered":"https:\/\/qqpets.com\/?post_type=product&#038;p=7631"},"modified":"2024-08-30T17:38:13","modified_gmt":"2024-08-30T09:38:13","slug":"retractable-dog-leash-with-light-1-0-qqpets","status":"publish","type":"product","link":"https:\/\/qqpets.com\/sl\/izdelek\/retractable-dog-leash-with-light-1-0-qqpets\/","title":{"rendered":"Izvle\u010dni povodec za pse z lu\u010djo 1.0 - QQPETS"},"content":{"rendered":"<p>Predstavljamo vrhunski pripomo\u010dek za sprehode za lastnike hi\u0161nih ljubljen\u010dkov, ki u\u017eivajo v ve\u010dernih ali zgodnjih jutranjih sprehodih: na\u0161 izvle\u010dni pasji povodec z lu\u010dko. Ta inovativni povodec je zasnovan tako, da vam in va\u0161emu ljubljen\u010dku zagotavlja bolj\u0161o vidljivost in varnost v slabih svetlobnih pogojih. Vgrajena lu\u010d LED osvetljuje va\u0161o pot in zagotavlja, da sta vi in va\u0161 pes vidna voznikom in drugim pe\u0161cem.<\/p>\n<p>Povodec je izdelan iz visokokakovostnih materialov in se pona\u0161a z mo\u010dnim in vzdr\u017eljivim mehanizmom, ki je kos vleki ve\u010dine psov. Vrvica, ki jo je mogo\u010de izvle\u010di, se raztegne do 16 metrov, tako da ima va\u0161 pes dovolj svobode pri raziskovanju, medtem ko vi ohranjate popoln nadzor nad njim. Ro\u010daj je ergonomsko oblikovan tako, da se udobno prilega va\u0161i roki, kar zmanj\u0161uje obremenitev zapestja in olaj\u0161a dr\u017eanje med dolgimi sprehodi.<\/p>\n<p>Posebna zna\u010dilnost je lu\u010d LED, ki je dovolj svetla, da osvetli bli\u017enjo okolico. Odli\u010dna je za tiste, ki imajo raje varnej\u0161e sprehode ob mraku ali zori. Povodec ima tudi gumb za hitro ustavitev, s katerim lahko preprosto uravnavate dol\u017eino povodca in tako poskrbite, da bo va\u0161 pes ostal blizu, ko bo to potrebno.<\/p>\n<p>Ta povodec ni le prakti\u010den, temve\u010d tudi eleganten pripomo\u010dek, ki s svojo funkcionalnostjo in preprostostjo uporabe izbolj\u0161a izku\u0161njo sprehajanja. Ne glede na to, ali se gibljete po prometnih mestnih ulicah ali mirnih parkovnih poteh, na\u0161 izvle\u010dni povodec za pse z lu\u010dko zagotavlja, da bodo va\u0161e no\u010dne pustolov\u0161\u010dine s hi\u0161nim ljubljen\u010dkom varne in prijetne.<\/p>","protected":false},"excerpt":{"rendered":"<p>Pove\u010dajte varnost pono\u010di z na\u0161im zlo\u017eljivim povodcem za pse z lu\u010dko. Ta povodec ima vgrajeno LED-svetlobo za dobro vidljivost, ki zagotavlja varne sprehode v slab\u0161ih svetlobnih pogojih. Zaradi zlo\u017eljive zasnove lahko va\u0161 pes svobodno raziskuje, vi pa ohranjate nadzor nad njim. Izdelan je iz trpe\u017enih materialov in ima ergonomski ro\u010daj za udobje in enostavno uporabo. Ta povodec je idealen za ve\u010derne ali zgodnje jutranje sprehode, saj zdru\u017euje udobje in varnost.<\/p>","protected":false},"featured_media":7325,"template":"","meta":[],"product_brand":[],"product_cat":[27,21],"product_tag":[],"class_list":{"0":"post-7631","1":"product","2":"type-product","3":"status-publish","4":"has-post-thumbnail","6":"product_cat-dog-leash","7":"product_cat-led-product","8":"pa_brand-qqpets","10":"first","11":"instock","12":"shipping-taxable","13":"product-type-simple"},"yoast_head":"<!-- This site is optimized with the Yoast SEO plugin v26.6 - https:\/\/yoast.com\/wordpress\/plugins\/seo\/ -->\n<title>Retractable Dog Leash With Light 1.0 - QQPETS | QQPETS<\/title>\n<meta name=\"description\" content=\"Explore our Retractable Dog Leash With Light for safe night walks. Durable, convenient, and bright. Buy now!\" \/>\n<meta name=\"robots\" content=\"index, follow, max-snippet:-1, max-image-preview:large, max-video-preview:-1\" \/>\n<link rel=\"canonical\" href=\"https:\/\/qqpets.com\/sl\/izdelek\/retractable-dog-leash-with-light-1-0-qqpets\/\" \/>\n<meta property=\"og:locale\" content=\"sl_SI\" \/>\n<meta property=\"og:type\" content=\"article\" \/>\n<meta property=\"og:title\" content=\"Retractable Dog Leash With Light 1.0 - QQPETS | QQPETS\" \/>\n<meta property=\"og:description\" content=\"Explore our Retractable Dog Leash With Light for safe night walks. Durable, convenient, and bright. Buy now!\" \/>\n<meta property=\"og:url\" content=\"https:\/\/qqpets.com\/sl\/izdelek\/retractable-dog-leash-with-light-1-0-qqpets\/\" \/>\n<meta property=\"og:site_name\" content=\"QQPETS\" \/>\n<meta property=\"article:publisher\" content=\"https:\/\/www.facebook.com\/QQpetsdogcollars\" \/>\n<meta property=\"og:image\" content=\"https:\/\/qqpets.com\/wp-content\/uploads\/2023\/09\/retractable-dog-leahs-with-led.webp\" \/>\n\t<meta property=\"og:image:width\" content=\"1500\" \/>\n\t<meta property=\"og:image:height\" content=\"1500\" \/>\n\t<meta property=\"og:image:type\" content=\"image\/webp\" \/>\n<meta name=\"twitter:card\" content=\"summary_large_image\" \/>\n<meta name=\"twitter:label1\" content=\"Est. reading time\" \/>\n\t<meta name=\"twitter:data1\" content=\"2 minuti\" \/>\n<script type=\"application\/ld+json\" class=\"yoast-schema-graph\">{\"@context\":\"https:\/\/schema.org\",\"@graph\":[{\"@type\":\"WebPage\",\"@id\":\"https:\/\/qqpets.com\/product\/retractable-dog-leash-with-light-1-0-qqpets\/\",\"url\":\"https:\/\/qqpets.com\/product\/retractable-dog-leash-with-light-1-0-qqpets\/\",\"name\":\"Retractable Dog Leash With Light 1.0 - QQPETS | QQPETS\",\"isPartOf\":{\"@id\":\"https:\/\/qqpets.com\/#website\"},\"primaryImageOfPage\":{\"@id\":\"https:\/\/qqpets.com\/product\/retractable-dog-leash-with-light-1-0-qqpets\/#primaryimage\"},\"image\":{\"@id\":\"https:\/\/qqpets.com\/product\/retractable-dog-leash-with-light-1-0-qqpets\/#primaryimage\"},\"thumbnailUrl\":\"https:\/\/qqpets.com\/wp-content\/uploads\/2023\/09\/retractable-dog-leahs-with-led.webp\",\"datePublished\":\"2024-08-30T09:38:13+00:00\",\"description\":\"Explore our Retractable Dog Leash With Light for safe night walks. Durable, convenient, and bright. Buy now!\",\"breadcrumb\":{\"@id\":\"https:\/\/qqpets.com\/product\/retractable-dog-leash-with-light-1-0-qqpets\/#breadcrumb\"},\"inLanguage\":\"sl-SI\",\"potentialAction\":[{\"@type\":\"ReadAction\",\"target\":[\"https:\/\/qqpets.com\/product\/retractable-dog-leash-with-light-1-0-qqpets\/\"]}]},{\"@type\":\"ImageObject\",\"inLanguage\":\"sl-SI\",\"@id\":\"https:\/\/qqpets.com\/product\/retractable-dog-leash-with-light-1-0-qqpets\/#primaryimage\",\"url\":\"https:\/\/qqpets.com\/wp-content\/uploads\/2023\/09\/retractable-dog-leahs-with-led.webp\",\"contentUrl\":\"https:\/\/qqpets.com\/wp-content\/uploads\/2023\/09\/retractable-dog-leahs-with-led.webp\",\"width\":1500,\"height\":1500,\"caption\":\"retractable dog leahs with led\"},{\"@type\":\"BreadcrumbList\",\"@id\":\"https:\/\/qqpets.com\/product\/retractable-dog-leash-with-light-1-0-qqpets\/#breadcrumb\",\"itemListElement\":[{\"@type\":\"ListItem\",\"position\":1,\"name\":\"Home\",\"item\":\"https:\/\/qqpets.com\/\"},{\"@type\":\"ListItem\",\"position\":2,\"name\":\"Products\",\"item\":\"https:\/\/qqpets.com\/pet-products-manufacturer\/\"},{\"@type\":\"ListItem\",\"position\":3,\"name\":\"Retractable Dog Leash With Light 1.0 &#8211; QQPETS\"}]},{\"@type\":\"WebSite\",\"@id\":\"https:\/\/qqpets.com\/#website\",\"url\":\"https:\/\/qqpets.com\/\",\"name\":\"QQPETS\",\"description\":\"QQPETS is a pet products factory for dog harnesses, dog collars, dog leashes and dog accessories with professional customized service since 2005.\",\"publisher\":{\"@id\":\"https:\/\/qqpets.com\/#organization\"},\"potentialAction\":[{\"@type\":\"SearchAction\",\"target\":{\"@type\":\"EntryPoint\",\"urlTemplate\":\"https:\/\/qqpets.com\/?s={search_term_string}\"},\"query-input\":{\"@type\":\"PropertyValueSpecification\",\"valueRequired\":true,\"valueName\":\"search_term_string\"}}],\"inLanguage\":\"sl-SI\"},{\"@type\":\"Organization\",\"@id\":\"https:\/\/qqpets.com\/#organization\",\"name\":\"QQPETS\",\"url\":\"https:\/\/qqpets.com\/\",\"logo\":{\"@type\":\"ImageObject\",\"inLanguage\":\"sl-SI\",\"@id\":\"https:\/\/qqpets.com\/#\/schema\/logo\/image\/\",\"url\":\"https:\/\/qqpets.com\/wp-content\/uploads\/2023\/09\/cropped-cropped-qqpets-tiktok.jpg\",\"contentUrl\":\"https:\/\/qqpets.com\/wp-content\/uploads\/2023\/09\/cropped-cropped-qqpets-tiktok.jpg\",\"width\":511,\"height\":511,\"caption\":\"QQPETS\"},\"image\":{\"@id\":\"https:\/\/qqpets.com\/#\/schema\/logo\/image\/\"},\"sameAs\":[\"https:\/\/www.facebook.com\/QQpetsdogcollars\",\"https:\/\/www.instagram.com\/qqpetscollar\/\",\"https:\/\/www.pinterest.com\/qqpetsdogcollarsfactory\/\"]}]}<\/script>\n<!-- \/ Yoast SEO plugin. -->","yoast_head_json":{"title":"Izvle\u010dni povodec za pse z lu\u010djo 1.0 - QQPETS | QQPETS","description":"Razi\u0161\u010dite na\u0161 izvle\u010dni povodec za pse z lu\u010dko za varne no\u010dne sprehode. Vzdr\u017eljiv, priro\u010den in svetel. Kupi zdaj!","robots":{"index":"index","follow":"follow","max-snippet":"max-snippet:-1","max-image-preview":"max-image-preview:large","max-video-preview":"max-video-preview:-1"},"canonical":"https:\/\/qqpets.com\/sl\/izdelek\/retractable-dog-leash-with-light-1-0-qqpets\/","og_locale":"sl_SI","og_type":"article","og_title":"Retractable Dog Leash With Light 1.0 - QQPETS | QQPETS","og_description":"Explore our Retractable Dog Leash With Light for safe night walks. Durable, convenient, and bright. Buy now!","og_url":"https:\/\/qqpets.com\/sl\/izdelek\/retractable-dog-leash-with-light-1-0-qqpets\/","og_site_name":"QQPETS","article_publisher":"https:\/\/www.facebook.com\/QQpetsdogcollars","og_image":[{"width":1500,"height":1500,"url":"https:\/\/qqpets.com\/wp-content\/uploads\/2023\/09\/retractable-dog-leahs-with-led.webp","type":"image\/webp"}],"twitter_card":"summary_large_image","twitter_misc":{"Est. reading time":"2 minuti"},"schema":{"@context":"https:\/\/schema.org","@graph":[{"@type":"WebPage","@id":"https:\/\/qqpets.com\/product\/retractable-dog-leash-with-light-1-0-qqpets\/","url":"https:\/\/qqpets.com\/product\/retractable-dog-leash-with-light-1-0-qqpets\/","name":"Izvle\u010dni povodec za pse z lu\u010djo 1.0 - QQPETS | QQPETS","isPartOf":{"@id":"https:\/\/qqpets.com\/#website"},"primaryImageOfPage":{"@id":"https:\/\/qqpets.com\/product\/retractable-dog-leash-with-light-1-0-qqpets\/#primaryimage"},"image":{"@id":"https:\/\/qqpets.com\/product\/retractable-dog-leash-with-light-1-0-qqpets\/#primaryimage"},"thumbnailUrl":"https:\/\/qqpets.com\/wp-content\/uploads\/2023\/09\/retractable-dog-leahs-with-led.webp","datePublished":"2024-08-30T09:38:13+00:00","description":"Razi\u0161\u010dite na\u0161 izvle\u010dni povodec za pse z lu\u010dko za varne no\u010dne sprehode. Vzdr\u017eljiv, priro\u010den in svetel. Kupi zdaj!","breadcrumb":{"@id":"https:\/\/qqpets.com\/product\/retractable-dog-leash-with-light-1-0-qqpets\/#breadcrumb"},"inLanguage":"sl-SI","potentialAction":[{"@type":"ReadAction","target":["https:\/\/qqpets.com\/product\/retractable-dog-leash-with-light-1-0-qqpets\/"]}]},{"@type":"ImageObject","inLanguage":"sl-SI","@id":"https:\/\/qqpets.com\/product\/retractable-dog-leash-with-light-1-0-qqpets\/#primaryimage","url":"https:\/\/qqpets.com\/wp-content\/uploads\/2023\/09\/retractable-dog-leahs-with-led.webp","contentUrl":"https:\/\/qqpets.com\/wp-content\/uploads\/2023\/09\/retractable-dog-leahs-with-led.webp","width":1500,"height":1500,"caption":"retractable dog leahs with led"},{"@type":"BreadcrumbList","@id":"https:\/\/qqpets.com\/product\/retractable-dog-leash-with-light-1-0-qqpets\/#breadcrumb","itemListElement":[{"@type":"ListItem","position":1,"name":"Home","item":"https:\/\/qqpets.com\/"},{"@type":"ListItem","position":2,"name":"Products","item":"https:\/\/qqpets.com\/pet-products-manufacturer\/"},{"@type":"ListItem","position":3,"name":"Retractable Dog Leash With Light 1.0 &#8211; QQPETS"}]},{"@type":"WebSite","@id":"https:\/\/qqpets.com\/#website","url":"https:\/\/qqpets.com\/","name":"QQPETS","description":"QQPETS je tovarna izdelkov za hi\u0161ne ljubljen\u010dke za pasje postroje, pasje ovratnice, pasje povodce in pasje dodatke s strokovno prilagojeno storitvijo od leta 2005.","publisher":{"@id":"https:\/\/qqpets.com\/#organization"},"potentialAction":[{"@type":"SearchAction","target":{"@type":"EntryPoint","urlTemplate":"https:\/\/qqpets.com\/?s={search_term_string}"},"query-input":{"@type":"PropertyValueSpecification","valueRequired":true,"valueName":"search_term_string"}}],"inLanguage":"sl-SI"},{"@type":"Organization","@id":"https:\/\/qqpets.com\/#organization","name":"QQPETS","url":"https:\/\/qqpets.com\/","logo":{"@type":"ImageObject","inLanguage":"sl-SI","@id":"https:\/\/qqpets.com\/#\/schema\/logo\/image\/","url":"https:\/\/qqpets.com\/wp-content\/uploads\/2023\/09\/cropped-cropped-qqpets-tiktok.jpg","contentUrl":"https:\/\/qqpets.com\/wp-content\/uploads\/2023\/09\/cropped-cropped-qqpets-tiktok.jpg","width":511,"height":511,"caption":"QQPETS"},"image":{"@id":"https:\/\/qqpets.com\/#\/schema\/logo\/image\/"},"sameAs":["https:\/\/www.facebook.com\/QQpetsdogcollars","https:\/\/www.instagram.com\/qqpetscollar\/","https:\/\/www.pinterest.com\/qqpetsdogcollarsfactory\/"]}]}},"_links":{"self":[{"href":"https:\/\/qqpets.com\/sl\/wp-json\/wp\/v2\/product\/7631","targetHints":{"allow":["GET"]}}],"collection":[{"href":"https:\/\/qqpets.com\/sl\/wp-json\/wp\/v2\/product"}],"about":[{"href":"https:\/\/qqpets.com\/sl\/wp-json\/wp\/v2\/types\/product"}],"wp:featuredmedia":[{"embeddable":true,"href":"https:\/\/qqpets.com\/sl\/wp-json\/wp\/v2\/media\/7325"}],"wp:attachment":[{"href":"https:\/\/qqpets.com\/sl\/wp-json\/wp\/v2\/media?parent=7631"}],"wp:term":[{"taxonomy":"product_brand","embeddable":true,"href":"https:\/\/qqpets.com\/sl\/wp-json\/wp\/v2\/product_brand?post=7631"},{"taxonomy":"product_cat","embeddable":true,"href":"https:\/\/qqpets.com\/sl\/wp-json\/wp\/v2\/product_cat?post=7631"},{"taxonomy":"product_tag","embeddable":true,"href":"https:\/\/qqpets.com\/sl\/wp-json\/wp\/v2\/product_tag?post=7631"}],"curies":[{"name":"wp","href":"https:\/\/api.w.org\/{rel}","templated":true}]}}