{"id":7639,"date":"2024-08-30T17:55:25","date_gmt":"2024-08-30T09:55:25","guid":{"rendered":"https:\/\/qqpets.com\/?post_type=product&#038;p=7639"},"modified":"2024-11-11T15:18:38","modified_gmt":"2024-11-11T07:18:38","slug":"no-pull-led-dog-harness","status":"publish","type":"product","link":"https:\/\/qqpets.com\/sl\/izdelek\/no-pull-led-dog-harness\/","title":{"rendered":"Pasji pasji postroj LED No Pull"},"content":{"rendered":"<p>V ta pasni pas je vgrajena mo\u010dna lu\u010d LED in odsevni trakovi z visoko vidljivostjo, ki zagotavljajo, da va\u0161 ljubljen\u010dek ostane viden v slabih svetlobnih pogojih, kar pove\u010duje varnost na sprehodih ali na prometnih obmo\u010djih.<\/p>\n<p>Postroj je izdelan tako, da prepre\u010duje vle\u010denje, saj ima obliko brez vle\u010denja, ki ne\u017eno odvra\u010da psa od vle\u010denja, saj razporedi pritisk na prsni ko\u0161 in ne na vrat. To ne pomaga le pri uravnavanju gibanja va\u0161ega ljubljen\u010dka, temve\u010d tudi zagotavlja, da se med sprehodi po\u010duti udobno, kar zmanj\u0161uje stres tako za ljubljen\u010dka kot za lastnika.<\/p>\n<p>Nastavljivi trakovi omogo\u010dajo prileganje po meri, prilagojeno velikosti in obliki va\u0161ega psa, kar zagotavlja, da postroj ostane prilegajo\u010d in na mestu, ne da bi omejeval gibanje. Ergonomska oblika dodatno pomaga pri enakomerni porazdelitvi pritiska in prepre\u010duje po\u0161kodbe, zato je primeren za vsakodnevno uporabo.<\/p>\n<p>Na\u0161 pasji pasji postroj No Pull Light Up je izdelan iz trpe\u017enih materialov, ki bodo zdr\u017eali ne\u0161teto sprehodov in pustolov\u0161\u010din. Je enostaven za uporabo s preprostim mehanizmom za vklop in izklop lu\u010di, napaja pa ga majhna, zlahka zamenljiva baterija.<\/p>\n<p>Ta pas je idealen za lastnike hi\u0161nih ljubljen\u010dkov, ki varnost jemljejo resno, saj zdru\u017euje prakti\u010dno funkcionalnost z naprednimi varnostnimi funkcijami in zagotavlja, da bodo va\u0161i no\u010dni sprehodi prijetni in varni. Opremite svojega psa z na\u0161im pasjim pasjim pasom z osvetlitvijo No Pull in u\u017eivajte v miru, saj boste vedeli, da je varen in viden ne glede na dnevno ali no\u010dno uro.<\/p>\n<p><strong>Ali so ovratnice LED varne za pse?<\/strong><\/p>\n<p>Da, ovratnice LED so varne za pse. Zasnovane so tako, da pove\u010dajo vidljivost in varnost med no\u010dnimi sprehodi, ne da bi psu povzro\u010dale nelagodje ali \u0161kodo.<\/p>\n<p><strong>Kako deluje ovratnica LED za pse?<\/strong><\/p>\n<p>Ovratnica za pse s svetle\u010dimi diodami LED deluje tako, da so diode, ki oddajajo svetlobo, vgrajene v tkanino ovratnice ali kot prilo\u017een trak, ki se napaja z majhnimi baterijami, zaradi \u010desar ovratnica v temi sveti.<\/p>\n<p><strong>Ali lu\u010di LED pomagajo psom?<\/strong><\/p>\n<p>Lu\u010di LED pomagajo izbolj\u0161ati vidljivost psa za voznike, kolesarje in druge v slabih svetlobnih pogojih, kar pove\u010duje varnost, vendar ne zagotavljajo neposrednih koristi, kot je izbolj\u0161anje vida psa.<\/p>\n<p><strong>Kako oprati ovratnico LED za pse?<\/strong><\/p>\n<p>\u010ce \u017eelite oprati ovratnico LED, odstranite vse elektronske komponente, \u010de je to mogo\u010de, in jo ne\u017eno operite z blagim milom. Vseh elektri\u010dnih delov, ki niso vodoodporni, ne potapljajte v vodo.<\/p>\n<p><strong>Kako napolniti ovratnico LED za pse?<\/strong><\/p>\n<p>Ve\u010dina ovratnic LED se polni prek kabla USB. Kabel preprosto priklju\u010dite na polnilno vti\u010dnico ovratnice, drugi konec pa priklju\u010dite na polnilnik USB ali ra\u010dunalnik.<\/p>\n<p><strong>Ali pasje ovratnice privla\u010dijo strele?<\/strong><\/p>\n<p>Ne, pasje ovratnice ne privla\u010dijo strele. Tveganje, da bi strela zadela pasjo ovratnico, je izredno majhno in ne predstavlja ve\u010djega problema.<\/p>\n<p><strong>Katere ovratnice priporo\u010dajo veterinarji?<\/strong><\/p>\n<p>Veterinarji obi\u010dajno priporo\u010dajo ovratnice, ki so varne, udobne ter primerne za velikost in pasmo psa. Za vsakodnevno uporabo se pogosto priporo\u010dajo odklopne ovratnice ali nastavljive plo\u0161\u010date ovratnice.<\/p>\n<p><strong>Katera barva LED je najbolj\u0161a za pse?<\/strong><\/p>\n<p>Svetle barve, kot sta bela ali modra, so najbolj\u0161e za vidnost ovratnic LED za pse, saj so pono\u010di bolje vidne v primerjavi s toplej\u0161imi barvami, ki se lahko zlijejo s svetlobnim onesna\u017eenjem v mestih.<\/p>","protected":false},"excerpt":{"rendered":"<p>Pove\u010dajte varnost svojega psa z na\u0161im pasjim pasjim pasom No Pull Light Up, ki je opremljen z odsevnimi trakovi in vgrajenimi lu\u010dmi za bolj\u0161o vidljivost. Ta pasji pas ponuja zasnovo brez vle\u010denja, ki nadzoruje vle\u010denje in zagotavlja udobne sprehode brez stresa. Nastavljiv za popolno prileganje je idealen za no\u010dno varnost, saj poskrbi, da je va\u0161 ljubljen\u010dek viden in varen. Ergonomska oblika enakomerno porazdeli pritisk ter med sprehodi \u0161\u010diti vrat in hrbet va\u0161ega psa.<\/p>","protected":false},"featured_media":7642,"template":"","meta":[],"product_brand":[],"product_cat":[23,21],"product_tag":[],"class_list":{"0":"post-7639","1":"product","2":"type-product","3":"status-publish","4":"has-post-thumbnail","6":"product_cat-dog-harness","7":"product_cat-led-product","8":"pa_brand-qqpets","10":"first","11":"instock","12":"shipping-taxable","13":"product-type-simple"},"yoast_head":"<!-- This site is optimized with the Yoast SEO plugin v26.6 - https:\/\/yoast.com\/wordpress\/plugins\/seo\/ -->\n<title>No Pull LED Dog Harness | QQPETS<\/title>\n<meta name=\"description\" content=\"Ensure safety with our No Pull Light Up Dog Harness. Reflective, comfortable, and secure. Perfect for night walks!\" \/>\n<meta name=\"robots\" content=\"index, follow, max-snippet:-1, max-image-preview:large, max-video-preview:-1\" \/>\n<link rel=\"canonical\" href=\"https:\/\/qqpets.com\/sl\/izdelek\/no-pull-led-dog-harness\/\" \/>\n<meta property=\"og:locale\" content=\"sl_SI\" \/>\n<meta property=\"og:type\" content=\"article\" \/>\n<meta property=\"og:title\" content=\"No Pull LED Dog Harness | QQPETS\" \/>\n<meta property=\"og:description\" content=\"Ensure safety with our No Pull Light Up Dog Harness. Reflective, comfortable, and secure. Perfect for night walks!\" \/>\n<meta property=\"og:url\" content=\"https:\/\/qqpets.com\/sl\/izdelek\/no-pull-led-dog-harness\/\" \/>\n<meta property=\"og:site_name\" content=\"QQPETS\" \/>\n<meta property=\"article:publisher\" content=\"https:\/\/www.facebook.com\/QQpetsdogcollars\" \/>\n<meta property=\"article:modified_time\" content=\"2024-11-11T07:18:38+00:00\" \/>\n<meta property=\"og:image\" content=\"https:\/\/qqpets.com\/wp-content\/uploads\/2024\/08\/No-Pull-Light-Up-Dog-Harness-With-Reflective-Straps.webp\" \/>\n\t<meta property=\"og:image:width\" content=\"1600\" \/>\n\t<meta property=\"og:image:height\" content=\"1600\" \/>\n\t<meta property=\"og:image:type\" content=\"image\/webp\" \/>\n<meta name=\"twitter:card\" content=\"summary_large_image\" \/>\n<meta name=\"twitter:label1\" content=\"Est. reading time\" \/>\n\t<meta name=\"twitter:data1\" content=\"3 minute\" \/>\n<script type=\"application\/ld+json\" class=\"yoast-schema-graph\">{\"@context\":\"https:\/\/schema.org\",\"@graph\":[{\"@type\":\"WebPage\",\"@id\":\"https:\/\/qqpets.com\/product\/no-pull-led-dog-harness\/\",\"url\":\"https:\/\/qqpets.com\/product\/no-pull-led-dog-harness\/\",\"name\":\"No Pull LED Dog Harness | QQPETS\",\"isPartOf\":{\"@id\":\"https:\/\/qqpets.com\/#website\"},\"primaryImageOfPage\":{\"@id\":\"https:\/\/qqpets.com\/product\/no-pull-led-dog-harness\/#primaryimage\"},\"image\":{\"@id\":\"https:\/\/qqpets.com\/product\/no-pull-led-dog-harness\/#primaryimage\"},\"thumbnailUrl\":\"https:\/\/qqpets.com\/wp-content\/uploads\/2024\/08\/No-Pull-Light-Up-Dog-Harness-With-Reflective-Straps.webp\",\"datePublished\":\"2024-08-30T09:55:25+00:00\",\"dateModified\":\"2024-11-11T07:18:38+00:00\",\"description\":\"Ensure safety with our No Pull Light Up Dog Harness. Reflective, comfortable, and secure. Perfect for night walks!\",\"breadcrumb\":{\"@id\":\"https:\/\/qqpets.com\/product\/no-pull-led-dog-harness\/#breadcrumb\"},\"inLanguage\":\"sl-SI\",\"potentialAction\":[{\"@type\":\"ReadAction\",\"target\":[\"https:\/\/qqpets.com\/product\/no-pull-led-dog-harness\/\"]}]},{\"@type\":\"ImageObject\",\"inLanguage\":\"sl-SI\",\"@id\":\"https:\/\/qqpets.com\/product\/no-pull-led-dog-harness\/#primaryimage\",\"url\":\"https:\/\/qqpets.com\/wp-content\/uploads\/2024\/08\/No-Pull-Light-Up-Dog-Harness-With-Reflective-Straps.webp\",\"contentUrl\":\"https:\/\/qqpets.com\/wp-content\/uploads\/2024\/08\/No-Pull-Light-Up-Dog-Harness-With-Reflective-Straps.webp\",\"width\":1600,\"height\":1600},{\"@type\":\"BreadcrumbList\",\"@id\":\"https:\/\/qqpets.com\/product\/no-pull-led-dog-harness\/#breadcrumb\",\"itemListElement\":[{\"@type\":\"ListItem\",\"position\":1,\"name\":\"Home\",\"item\":\"https:\/\/qqpets.com\/\"},{\"@type\":\"ListItem\",\"position\":2,\"name\":\"Products\",\"item\":\"https:\/\/qqpets.com\/pet-products-manufacturer\/\"},{\"@type\":\"ListItem\",\"position\":3,\"name\":\"No Pull LED Dog Harness\"}]},{\"@type\":\"WebSite\",\"@id\":\"https:\/\/qqpets.com\/#website\",\"url\":\"https:\/\/qqpets.com\/\",\"name\":\"QQPETS\",\"description\":\"QQPETS is a pet products factory for dog harnesses, dog collars, dog leashes and dog accessories with professional customized service since 2005.\",\"publisher\":{\"@id\":\"https:\/\/qqpets.com\/#organization\"},\"potentialAction\":[{\"@type\":\"SearchAction\",\"target\":{\"@type\":\"EntryPoint\",\"urlTemplate\":\"https:\/\/qqpets.com\/?s={search_term_string}\"},\"query-input\":{\"@type\":\"PropertyValueSpecification\",\"valueRequired\":true,\"valueName\":\"search_term_string\"}}],\"inLanguage\":\"sl-SI\"},{\"@type\":\"Organization\",\"@id\":\"https:\/\/qqpets.com\/#organization\",\"name\":\"QQPETS\",\"url\":\"https:\/\/qqpets.com\/\",\"logo\":{\"@type\":\"ImageObject\",\"inLanguage\":\"sl-SI\",\"@id\":\"https:\/\/qqpets.com\/#\/schema\/logo\/image\/\",\"url\":\"https:\/\/qqpets.com\/wp-content\/uploads\/2023\/09\/cropped-cropped-qqpets-tiktok.jpg\",\"contentUrl\":\"https:\/\/qqpets.com\/wp-content\/uploads\/2023\/09\/cropped-cropped-qqpets-tiktok.jpg\",\"width\":511,\"height\":511,\"caption\":\"QQPETS\"},\"image\":{\"@id\":\"https:\/\/qqpets.com\/#\/schema\/logo\/image\/\"},\"sameAs\":[\"https:\/\/www.facebook.com\/QQpetsdogcollars\",\"https:\/\/www.instagram.com\/qqpetscollar\/\",\"https:\/\/www.pinterest.com\/qqpetsdogcollarsfactory\/\"]}]}<\/script>\n<!-- \/ Yoast SEO plugin. -->","yoast_head_json":{"title":"Brez vle\u010denja LED pasji postroj | QQPETS","description":"Zagotovite si varnost z na\u0161im pasjim pasjim pasom No Pull Light Up. Odsevni, udobni in varni. Odli\u010dno za no\u010dne sprehode!","robots":{"index":"index","follow":"follow","max-snippet":"max-snippet:-1","max-image-preview":"max-image-preview:large","max-video-preview":"max-video-preview:-1"},"canonical":"https:\/\/qqpets.com\/sl\/izdelek\/no-pull-led-dog-harness\/","og_locale":"sl_SI","og_type":"article","og_title":"No Pull LED Dog Harness | QQPETS","og_description":"Ensure safety with our No Pull Light Up Dog Harness. Reflective, comfortable, and secure. Perfect for night walks!","og_url":"https:\/\/qqpets.com\/sl\/izdelek\/no-pull-led-dog-harness\/","og_site_name":"QQPETS","article_publisher":"https:\/\/www.facebook.com\/QQpetsdogcollars","article_modified_time":"2024-11-11T07:18:38+00:00","og_image":[{"width":1600,"height":1600,"url":"https:\/\/qqpets.com\/wp-content\/uploads\/2024\/08\/No-Pull-Light-Up-Dog-Harness-With-Reflective-Straps.webp","type":"image\/webp"}],"twitter_card":"summary_large_image","twitter_misc":{"Est. reading time":"3 minute"},"schema":{"@context":"https:\/\/schema.org","@graph":[{"@type":"WebPage","@id":"https:\/\/qqpets.com\/product\/no-pull-led-dog-harness\/","url":"https:\/\/qqpets.com\/product\/no-pull-led-dog-harness\/","name":"Brez vle\u010denja LED pasji postroj | QQPETS","isPartOf":{"@id":"https:\/\/qqpets.com\/#website"},"primaryImageOfPage":{"@id":"https:\/\/qqpets.com\/product\/no-pull-led-dog-harness\/#primaryimage"},"image":{"@id":"https:\/\/qqpets.com\/product\/no-pull-led-dog-harness\/#primaryimage"},"thumbnailUrl":"https:\/\/qqpets.com\/wp-content\/uploads\/2024\/08\/No-Pull-Light-Up-Dog-Harness-With-Reflective-Straps.webp","datePublished":"2024-08-30T09:55:25+00:00","dateModified":"2024-11-11T07:18:38+00:00","description":"Zagotovite si varnost z na\u0161im pasjim pasjim pasom No Pull Light Up. Odsevni, udobni in varni. Odli\u010dno za no\u010dne sprehode!","breadcrumb":{"@id":"https:\/\/qqpets.com\/product\/no-pull-led-dog-harness\/#breadcrumb"},"inLanguage":"sl-SI","potentialAction":[{"@type":"ReadAction","target":["https:\/\/qqpets.com\/product\/no-pull-led-dog-harness\/"]}]},{"@type":"ImageObject","inLanguage":"sl-SI","@id":"https:\/\/qqpets.com\/product\/no-pull-led-dog-harness\/#primaryimage","url":"https:\/\/qqpets.com\/wp-content\/uploads\/2024\/08\/No-Pull-Light-Up-Dog-Harness-With-Reflective-Straps.webp","contentUrl":"https:\/\/qqpets.com\/wp-content\/uploads\/2024\/08\/No-Pull-Light-Up-Dog-Harness-With-Reflective-Straps.webp","width":1600,"height":1600},{"@type":"BreadcrumbList","@id":"https:\/\/qqpets.com\/product\/no-pull-led-dog-harness\/#breadcrumb","itemListElement":[{"@type":"ListItem","position":1,"name":"Home","item":"https:\/\/qqpets.com\/"},{"@type":"ListItem","position":2,"name":"Products","item":"https:\/\/qqpets.com\/pet-products-manufacturer\/"},{"@type":"ListItem","position":3,"name":"No Pull LED Dog Harness"}]},{"@type":"WebSite","@id":"https:\/\/qqpets.com\/#website","url":"https:\/\/qqpets.com\/","name":"QQPETS","description":"QQPETS je tovarna izdelkov za hi\u0161ne ljubljen\u010dke za pasje postroje, pasje ovratnice, pasje povodce in pasje dodatke s strokovno prilagojeno storitvijo od leta 2005.","publisher":{"@id":"https:\/\/qqpets.com\/#organization"},"potentialAction":[{"@type":"SearchAction","target":{"@type":"EntryPoint","urlTemplate":"https:\/\/qqpets.com\/?s={search_term_string}"},"query-input":{"@type":"PropertyValueSpecification","valueRequired":true,"valueName":"search_term_string"}}],"inLanguage":"sl-SI"},{"@type":"Organization","@id":"https:\/\/qqpets.com\/#organization","name":"QQPETS","url":"https:\/\/qqpets.com\/","logo":{"@type":"ImageObject","inLanguage":"sl-SI","@id":"https:\/\/qqpets.com\/#\/schema\/logo\/image\/","url":"https:\/\/qqpets.com\/wp-content\/uploads\/2023\/09\/cropped-cropped-qqpets-tiktok.jpg","contentUrl":"https:\/\/qqpets.com\/wp-content\/uploads\/2023\/09\/cropped-cropped-qqpets-tiktok.jpg","width":511,"height":511,"caption":"QQPETS"},"image":{"@id":"https:\/\/qqpets.com\/#\/schema\/logo\/image\/"},"sameAs":["https:\/\/www.facebook.com\/QQpetsdogcollars","https:\/\/www.instagram.com\/qqpetscollar\/","https:\/\/www.pinterest.com\/qqpetsdogcollarsfactory\/"]}]}},"_links":{"self":[{"href":"https:\/\/qqpets.com\/sl\/wp-json\/wp\/v2\/product\/7639","targetHints":{"allow":["GET"]}}],"collection":[{"href":"https:\/\/qqpets.com\/sl\/wp-json\/wp\/v2\/product"}],"about":[{"href":"https:\/\/qqpets.com\/sl\/wp-json\/wp\/v2\/types\/product"}],"wp:featuredmedia":[{"embeddable":true,"href":"https:\/\/qqpets.com\/sl\/wp-json\/wp\/v2\/media\/7642"}],"wp:attachment":[{"href":"https:\/\/qqpets.com\/sl\/wp-json\/wp\/v2\/media?parent=7639"}],"wp:term":[{"taxonomy":"product_brand","embeddable":true,"href":"https:\/\/qqpets.com\/sl\/wp-json\/wp\/v2\/product_brand?post=7639"},{"taxonomy":"product_cat","embeddable":true,"href":"https:\/\/qqpets.com\/sl\/wp-json\/wp\/v2\/product_cat?post=7639"},{"taxonomy":"product_tag","embeddable":true,"href":"https:\/\/qqpets.com\/sl\/wp-json\/wp\/v2\/product_tag?post=7639"}],"curies":[{"name":"wp","href":"https:\/\/api.w.org\/{rel}","templated":true}]}}