{"id":7663,"date":"2024-08-31T14:26:13","date_gmt":"2024-08-31T06:26:13","guid":{"rendered":"https:\/\/qqpets.com\/?post_type=product&#038;p=7663"},"modified":"2024-08-31T14:26:13","modified_gmt":"2024-08-31T06:26:13","slug":"basic-step-in-dog-harness","status":"publish","type":"product","link":"https:\/\/qqpets.com\/sl\/izdelek\/basic-step-in-dog-harness\/","title":{"rendered":"Osnovni korak v pasji postroj"},"content":{"rendered":"<p>Z na\u0161im pasjim pasjim pasom Basic Step In uvedite preprostost in udobje na vsakodnevnih sprehodih. Ta pas je zasnovan za lastnike hi\u0161nih ljubljen\u010dkov, ki i\u0161\u010dejo preprosto in nezahtevno re\u0161itev za pasje pustolov\u0161\u010dine na prostem. Zasnova \"step-in\" omogo\u010da, da se va\u0161 ljubljen\u010dek z lahkoto vsede v pas za hitro in varno prileganje, kar odpravlja te\u017eave, povezane s pasjimi pasovi, ki se namestijo \u010dez glavo.<\/p>\n<p>Pas je izdelan iz trpe\u017enih in lahkih materialov, ki zagotavljajo udobno prileganje, ne da bi obremenjevali va\u0161ega ljubljen\u010dka. Nastavljive trakove okoli pasu in ramen lahko prilagodite edinstveni velikosti in obliki va\u0161ega psa ter zagotovite tesno prileganje, ki prepre\u010duje drsenje in odrgnine.<\/p>\n<p>Pasji postroj Basic Step In je idealen za vsakodnevno uporabo in ima mo\u010dan, sredinsko name\u0161\u010den D-obro\u010d, ki omogo\u010da enakomerno porazdelitev pritiska in nadzora, ko je pritrjen na povodec. Ta zasnova prepre\u010duje vle\u010denje, saj preusmerja pozornost va\u0161ega psa na vas, zaradi \u010desar ga je na sprehodu la\u017eje upravljati in voditi.<\/p>\n<p>Na\u0161i pasovi niso le prakti\u010dni, temve\u010d tudi elegantni, saj so na voljo v razli\u010dnih barvah, ki ustrezajo osebnosti va\u0161ega ljubljen\u010dka. Ne glede na to, ali se odpravljate v park, k veterinarju ali samo okoli bloka, ta postroj zdru\u017euje funkcionalnost in enostavnost, zato je odli\u010dna izbira tako za izku\u0161ene kot tudi za prve lastnike hi\u0161nih ljubljen\u010dkov.<\/p>\n<p>Opremite svojega psa z na\u0161im pasjim pasjim pasom Basic Step In in u\u017eivajte v bolj spro\u0161\u010denih in prijetnih sprehodih, saj veste, da je va\u0161 ljubljen\u010dek ves \u010das udoben, varen in za\u0161\u010diten.<\/p>\n<p><strong>Kaj je pasji pasji postroj step-in?<\/strong><\/p>\n<p>Vstopni postroj je vrsta postroja, ki le\u017ei ravno na tleh, tako da lahko pes preprosto stopi vanj s sprednjimi nogami. Postroj se nato zapne na hrbtni ali stranski strani.<\/p>\n<p><strong>Kako korak za korakom namestiti pasji postroj?<\/strong><\/p>\n<ul>\n<li style=\"list-style-type: none;\">\n<ul>\n<li>Postroj polo\u017eite na tla in poskrbite, da se va\u0161 pes vanj oble\u010de.<\/li>\n<li>Povlecite jermen okoli bokov pasjega telesa.<\/li>\n<li>Zapnite zaponko na hrbtni strani.<\/li>\n<li>Prilagodite trakove, da se dobro prilegajo in da lahko pod vsak trak potisnete dva prsta.<\/li>\n<\/ul>\n<\/li>\n<\/ul>\n<p><strong>Ali je pasji varnostni pas s stopni\u010dastim vpenjanjem za pse najvarnej\u0161i?<\/strong><\/p>\n<p>Postroji s stopni\u010dastim vpetjem so lahko zelo varni, zlasti za manj\u0161e pasme ali pse z ob\u010dutljivim vratom, saj enakomerneje porazdelijo pritisk okoli prsnega ko\u0161a in ramen. Vendar je najvarnej\u0161i pasji pas odvisen od velikosti, pasme in vedenja posameznega psa.<\/p>\n<p><strong>Kak\u0161na je razlika med vstopnim in zgornjim varnostnim pasom?<\/strong><\/p>\n<p>Postroj za vstopanje je name\u0161\u010den na tleh, v katerega se pes lahko vsede, medtem ko se zgornji postroj natakne psu na glavo in nato pritrdi okoli prsi. Postroji s stopnicami so pogosto la\u017eji za vijugaste pse ali pse, ki ne marajo, da se jim stvari dvigajo \u010dez glavo.<\/p>\n<p><strong>Ali lahko pes ves \u010das nosi povodec?<\/strong><\/p>\n<p>Ni priporo\u010dljivo, da pes ves \u010das nosi pasjo opravo. Stalno no\u0161enje lahko povzro\u010di dra\u017eenje ko\u017ee, ma\u0161enje ko\u017euha in nelagodje. Najbolje je, da postroj odstranite, ko je pes v zaprtih prostorih ali ni na povodcu, da mu bo udobno in varno.<\/p>","protected":false},"excerpt":{"rendered":"<p>Odkrijte enostavnost na\u0161ega pasjega pasjega pasu Basic Step In, ki je zasnovan za hitro name\u0161\u010danje in brezskrbne sprehode. Postroj je idealen za vse pse in ima preprosto obliko step-in, ki omogo\u010da hitro in enostavno namestitev. Nastavljivi trakovi zagotavljajo udobno prileganje, lahek material pa poskrbi, da je va\u0161 ljubljen\u010dek med sprehodi prijeten. Idealen je za vsakodnevno uporabo, saj zagotavlja varnost in udobje ter izbolj\u0161a va\u0161o izku\u0161njo sprehajanja brez zapletenosti tradicionalnih pasov.<\/p>","protected":false},"featured_media":7670,"template":"","meta":[],"product_brand":[],"product_cat":[23],"product_tag":[],"class_list":{"0":"post-7663","1":"product","2":"type-product","3":"status-publish","4":"has-post-thumbnail","6":"product_cat-dog-harness","7":"pa_brand-qqpets","9":"first","10":"instock","11":"shipping-taxable","12":"product-type-simple"},"yoast_head":"<!-- This site is optimized with the Yoast SEO plugin v26.6 - https:\/\/yoast.com\/wordpress\/plugins\/seo\/ -->\n<title>Basic Step In Dog Harness | QQPETS<\/title>\n<meta name=\"description\" content=\"Secure and simplify your walks with our Basic Step In Dog Harness. Easy to use, comfortable fit. Shop now!\" \/>\n<meta name=\"robots\" content=\"index, follow, max-snippet:-1, max-image-preview:large, max-video-preview:-1\" \/>\n<link rel=\"canonical\" href=\"https:\/\/qqpets.com\/sl\/izdelek\/basic-step-in-dog-harness\/\" \/>\n<meta property=\"og:locale\" content=\"sl_SI\" \/>\n<meta property=\"og:type\" content=\"article\" \/>\n<meta property=\"og:title\" content=\"Basic Step In Dog Harness | QQPETS\" \/>\n<meta property=\"og:description\" content=\"Secure and simplify your walks with our Basic Step In Dog Harness. Easy to use, comfortable fit. Shop now!\" \/>\n<meta property=\"og:url\" content=\"https:\/\/qqpets.com\/sl\/izdelek\/basic-step-in-dog-harness\/\" \/>\n<meta property=\"og:site_name\" content=\"QQPETS\" \/>\n<meta property=\"article:publisher\" content=\"https:\/\/www.facebook.com\/QQpetsdogcollars\" \/>\n<meta property=\"og:image\" content=\"https:\/\/qqpets.com\/wp-content\/uploads\/2024\/08\/Basic-Step-In-Dog-Harness.webp\" \/>\n\t<meta property=\"og:image:width\" content=\"1600\" \/>\n\t<meta property=\"og:image:height\" content=\"1600\" \/>\n\t<meta property=\"og:image:type\" content=\"image\/webp\" \/>\n<meta name=\"twitter:card\" content=\"summary_large_image\" \/>\n<meta name=\"twitter:label1\" content=\"Est. reading time\" \/>\n\t<meta name=\"twitter:data1\" content=\"3 minute\" \/>\n<script type=\"application\/ld+json\" class=\"yoast-schema-graph\">{\"@context\":\"https:\/\/schema.org\",\"@graph\":[{\"@type\":\"WebPage\",\"@id\":\"https:\/\/qqpets.com\/product\/basic-step-in-dog-harness\/\",\"url\":\"https:\/\/qqpets.com\/product\/basic-step-in-dog-harness\/\",\"name\":\"Basic Step In Dog Harness | QQPETS\",\"isPartOf\":{\"@id\":\"https:\/\/qqpets.com\/#website\"},\"primaryImageOfPage\":{\"@id\":\"https:\/\/qqpets.com\/product\/basic-step-in-dog-harness\/#primaryimage\"},\"image\":{\"@id\":\"https:\/\/qqpets.com\/product\/basic-step-in-dog-harness\/#primaryimage\"},\"thumbnailUrl\":\"https:\/\/qqpets.com\/wp-content\/uploads\/2024\/08\/Basic-Step-In-Dog-Harness.webp\",\"datePublished\":\"2024-08-31T06:26:13+00:00\",\"description\":\"Secure and simplify your walks with our Basic Step In Dog Harness. Easy to use, comfortable fit. Shop now!\",\"breadcrumb\":{\"@id\":\"https:\/\/qqpets.com\/product\/basic-step-in-dog-harness\/#breadcrumb\"},\"inLanguage\":\"sl-SI\",\"potentialAction\":[{\"@type\":\"ReadAction\",\"target\":[\"https:\/\/qqpets.com\/product\/basic-step-in-dog-harness\/\"]}]},{\"@type\":\"ImageObject\",\"inLanguage\":\"sl-SI\",\"@id\":\"https:\/\/qqpets.com\/product\/basic-step-in-dog-harness\/#primaryimage\",\"url\":\"https:\/\/qqpets.com\/wp-content\/uploads\/2024\/08\/Basic-Step-In-Dog-Harness.webp\",\"contentUrl\":\"https:\/\/qqpets.com\/wp-content\/uploads\/2024\/08\/Basic-Step-In-Dog-Harness.webp\",\"width\":1600,\"height\":1600},{\"@type\":\"BreadcrumbList\",\"@id\":\"https:\/\/qqpets.com\/product\/basic-step-in-dog-harness\/#breadcrumb\",\"itemListElement\":[{\"@type\":\"ListItem\",\"position\":1,\"name\":\"Home\",\"item\":\"https:\/\/qqpets.com\/\"},{\"@type\":\"ListItem\",\"position\":2,\"name\":\"Products\",\"item\":\"https:\/\/qqpets.com\/pet-products-manufacturer\/\"},{\"@type\":\"ListItem\",\"position\":3,\"name\":\"Basic Step In Dog Harness\"}]},{\"@type\":\"WebSite\",\"@id\":\"https:\/\/qqpets.com\/#website\",\"url\":\"https:\/\/qqpets.com\/\",\"name\":\"QQPETS\",\"description\":\"QQPETS is a pet products factory for dog harnesses, dog collars, dog leashes and dog accessories with professional customized service since 2005.\",\"publisher\":{\"@id\":\"https:\/\/qqpets.com\/#organization\"},\"potentialAction\":[{\"@type\":\"SearchAction\",\"target\":{\"@type\":\"EntryPoint\",\"urlTemplate\":\"https:\/\/qqpets.com\/?s={search_term_string}\"},\"query-input\":{\"@type\":\"PropertyValueSpecification\",\"valueRequired\":true,\"valueName\":\"search_term_string\"}}],\"inLanguage\":\"sl-SI\"},{\"@type\":\"Organization\",\"@id\":\"https:\/\/qqpets.com\/#organization\",\"name\":\"QQPETS\",\"url\":\"https:\/\/qqpets.com\/\",\"logo\":{\"@type\":\"ImageObject\",\"inLanguage\":\"sl-SI\",\"@id\":\"https:\/\/qqpets.com\/#\/schema\/logo\/image\/\",\"url\":\"https:\/\/qqpets.com\/wp-content\/uploads\/2023\/09\/cropped-cropped-qqpets-tiktok.jpg\",\"contentUrl\":\"https:\/\/qqpets.com\/wp-content\/uploads\/2023\/09\/cropped-cropped-qqpets-tiktok.jpg\",\"width\":511,\"height\":511,\"caption\":\"QQPETS\"},\"image\":{\"@id\":\"https:\/\/qqpets.com\/#\/schema\/logo\/image\/\"},\"sameAs\":[\"https:\/\/www.facebook.com\/QQpetsdogcollars\",\"https:\/\/www.instagram.com\/qqpetscollar\/\",\"https:\/\/www.pinterest.com\/qqpetsdogcollarsfactory\/\"]}]}<\/script>\n<!-- \/ Yoast SEO plugin. -->","yoast_head_json":{"title":"Osnovni korak v pasji postroj | QQPETS","description":"Z na\u0161im pasjim pasjim pasom Basic Step In si zagotovite varnost in poenostavite sprehode. Enostaven za uporabo, udoben za no\u0161enje. Kupujte zdaj!","robots":{"index":"index","follow":"follow","max-snippet":"max-snippet:-1","max-image-preview":"max-image-preview:large","max-video-preview":"max-video-preview:-1"},"canonical":"https:\/\/qqpets.com\/sl\/izdelek\/basic-step-in-dog-harness\/","og_locale":"sl_SI","og_type":"article","og_title":"Basic Step In Dog Harness | QQPETS","og_description":"Secure and simplify your walks with our Basic Step In Dog Harness. Easy to use, comfortable fit. Shop now!","og_url":"https:\/\/qqpets.com\/sl\/izdelek\/basic-step-in-dog-harness\/","og_site_name":"QQPETS","article_publisher":"https:\/\/www.facebook.com\/QQpetsdogcollars","og_image":[{"width":1600,"height":1600,"url":"https:\/\/qqpets.com\/wp-content\/uploads\/2024\/08\/Basic-Step-In-Dog-Harness.webp","type":"image\/webp"}],"twitter_card":"summary_large_image","twitter_misc":{"Est. reading time":"3 minute"},"schema":{"@context":"https:\/\/schema.org","@graph":[{"@type":"WebPage","@id":"https:\/\/qqpets.com\/product\/basic-step-in-dog-harness\/","url":"https:\/\/qqpets.com\/product\/basic-step-in-dog-harness\/","name":"Osnovni korak v pasji postroj | QQPETS","isPartOf":{"@id":"https:\/\/qqpets.com\/#website"},"primaryImageOfPage":{"@id":"https:\/\/qqpets.com\/product\/basic-step-in-dog-harness\/#primaryimage"},"image":{"@id":"https:\/\/qqpets.com\/product\/basic-step-in-dog-harness\/#primaryimage"},"thumbnailUrl":"https:\/\/qqpets.com\/wp-content\/uploads\/2024\/08\/Basic-Step-In-Dog-Harness.webp","datePublished":"2024-08-31T06:26:13+00:00","description":"Z na\u0161im pasjim pasjim pasom Basic Step In si zagotovite varnost in poenostavite sprehode. Enostaven za uporabo, udoben za no\u0161enje. Kupujte zdaj!","breadcrumb":{"@id":"https:\/\/qqpets.com\/product\/basic-step-in-dog-harness\/#breadcrumb"},"inLanguage":"sl-SI","potentialAction":[{"@type":"ReadAction","target":["https:\/\/qqpets.com\/product\/basic-step-in-dog-harness\/"]}]},{"@type":"ImageObject","inLanguage":"sl-SI","@id":"https:\/\/qqpets.com\/product\/basic-step-in-dog-harness\/#primaryimage","url":"https:\/\/qqpets.com\/wp-content\/uploads\/2024\/08\/Basic-Step-In-Dog-Harness.webp","contentUrl":"https:\/\/qqpets.com\/wp-content\/uploads\/2024\/08\/Basic-Step-In-Dog-Harness.webp","width":1600,"height":1600},{"@type":"BreadcrumbList","@id":"https:\/\/qqpets.com\/product\/basic-step-in-dog-harness\/#breadcrumb","itemListElement":[{"@type":"ListItem","position":1,"name":"Home","item":"https:\/\/qqpets.com\/"},{"@type":"ListItem","position":2,"name":"Products","item":"https:\/\/qqpets.com\/pet-products-manufacturer\/"},{"@type":"ListItem","position":3,"name":"Basic Step In Dog Harness"}]},{"@type":"WebSite","@id":"https:\/\/qqpets.com\/#website","url":"https:\/\/qqpets.com\/","name":"QQPETS","description":"QQPETS je tovarna izdelkov za hi\u0161ne ljubljen\u010dke za pasje postroje, pasje ovratnice, pasje povodce in pasje dodatke s strokovno prilagojeno storitvijo od leta 2005.","publisher":{"@id":"https:\/\/qqpets.com\/#organization"},"potentialAction":[{"@type":"SearchAction","target":{"@type":"EntryPoint","urlTemplate":"https:\/\/qqpets.com\/?s={search_term_string}"},"query-input":{"@type":"PropertyValueSpecification","valueRequired":true,"valueName":"search_term_string"}}],"inLanguage":"sl-SI"},{"@type":"Organization","@id":"https:\/\/qqpets.com\/#organization","name":"QQPETS","url":"https:\/\/qqpets.com\/","logo":{"@type":"ImageObject","inLanguage":"sl-SI","@id":"https:\/\/qqpets.com\/#\/schema\/logo\/image\/","url":"https:\/\/qqpets.com\/wp-content\/uploads\/2023\/09\/cropped-cropped-qqpets-tiktok.jpg","contentUrl":"https:\/\/qqpets.com\/wp-content\/uploads\/2023\/09\/cropped-cropped-qqpets-tiktok.jpg","width":511,"height":511,"caption":"QQPETS"},"image":{"@id":"https:\/\/qqpets.com\/#\/schema\/logo\/image\/"},"sameAs":["https:\/\/www.facebook.com\/QQpetsdogcollars","https:\/\/www.instagram.com\/qqpetscollar\/","https:\/\/www.pinterest.com\/qqpetsdogcollarsfactory\/"]}]}},"_links":{"self":[{"href":"https:\/\/qqpets.com\/sl\/wp-json\/wp\/v2\/product\/7663","targetHints":{"allow":["GET"]}}],"collection":[{"href":"https:\/\/qqpets.com\/sl\/wp-json\/wp\/v2\/product"}],"about":[{"href":"https:\/\/qqpets.com\/sl\/wp-json\/wp\/v2\/types\/product"}],"wp:featuredmedia":[{"embeddable":true,"href":"https:\/\/qqpets.com\/sl\/wp-json\/wp\/v2\/media\/7670"}],"wp:attachment":[{"href":"https:\/\/qqpets.com\/sl\/wp-json\/wp\/v2\/media?parent=7663"}],"wp:term":[{"taxonomy":"product_brand","embeddable":true,"href":"https:\/\/qqpets.com\/sl\/wp-json\/wp\/v2\/product_brand?post=7663"},{"taxonomy":"product_cat","embeddable":true,"href":"https:\/\/qqpets.com\/sl\/wp-json\/wp\/v2\/product_cat?post=7663"},{"taxonomy":"product_tag","embeddable":true,"href":"https:\/\/qqpets.com\/sl\/wp-json\/wp\/v2\/product_tag?post=7663"}],"curies":[{"name":"wp","href":"https:\/\/api.w.org\/{rel}","templated":true}]}}