{"id":7682,"date":"2024-08-31T16:29:37","date_gmt":"2024-08-31T08:29:37","guid":{"rendered":"https:\/\/qqpets.com\/?post_type=product&#038;p=7682"},"modified":"2024-11-13T14:00:30","modified_gmt":"2024-11-13T06:00:30","slug":"adjustable-dog-harness-and-leash-set","status":"publish","type":"product","link":"https:\/\/qqpets.com\/sl\/izdelek\/adjustable-dog-harness-and-leash-set\/","title":{"rendered":"Neoprene Padding Nastavljiv pasji pas in povodec Set"},"content":{"rendered":"<p>Predstavljamo popolno me\u0161anico sloga, udobja in vzdr\u017eljivosti - na\u0161 neoprenski nastavljivi komplet pasjega postroja in povodca. Ta komplet je posebej zasnovan za lastnike hi\u0161nih ljubljen\u010dkov, ki cenijo estetiko in funkcionalnost. Oprsnica je izdelana iz visokokakovostnega neoprena, ki je znan po svoji odpornosti na vremenske vplive in bla\u017eenju udarcev ter zagotavlja mehko blazino, ki udobno objame telo va\u0161ega psa.<\/p>\n<p>Z nastavljivimi trakovi lahko prilagodite namestitev edinstveni obliki va\u0161ega psa in mu zagotovite varnost brez neprijetnosti. Neoprenski material ni le trpe\u017een, temve\u010d tudi enostaven za \u010di\u0161\u010denje, zato je vzdr\u017eevanje enostavno.<\/p>\n<p>Na\u0161 ujemajo\u010di se povodec lepo dopolnjuje postroj in ustvarja enoten videz, ki bo va\u0161emu psu zavidal v parku. Povodec ima udobno zanko za roko in trpe\u017eno sponko za enostavno pritrditev na postroj. Komplet skupaj zagotavlja zanesljivo in elegantno re\u0161itev za vse va\u0161e pustolov\u0161\u010dine na prostem.<\/p>\n<p>Neoprenski nastavljivi pasji pasji postroj in povodec, ki je idealen za vsakodnevno uporabo na sprehodu v parku, izletu po mestu ali teku po pla\u017ei, zagotavlja vrhunsko udobje in slog za va\u0161ega ljubljen\u010dka. Vlo\u017eite v ta komplet in si zagotovite brezskrbno in prijetno sprehajanje, saj bo va\u0161emu psu omogo\u010dil svobodno raziskovanje, hkrati pa ga bo varno nadzoroval.<\/p>\n<h6><strong>Ali je neopren dober material za pasji postroj?<\/strong><\/h6>\n<p>Da, neopren je dober material za pasjo opremo, saj je mehak, oblazinjen in vodoodporen, zato ga pes lahko nosi v razli\u010dnih vremenskih razmerah.<\/p>\n<h6><strong>Kateri je najmo\u010dnej\u0161i material za pasji povodec?<\/strong><\/h6>\n<p>Najlon in usnje sta najmo\u010dnej\u0161a materiala za pasji povodec, ki zagotavljata vzdr\u017eljivost in zanesljivo trdnost pri ravnanju s psi vseh velikosti.<\/p>\n<h6><strong>Kateri postroj priporo\u010dajo veterinarji?<\/strong><\/h6>\n<p>Veterinarji obi\u010dajno priporo\u010dajo oblazinjene, nastavljive pasove, ki enakomerno porazdelijo pritisk in ne omejujejo dihanja ali gibanja, zlasti pri psih, ki so nagnjeni k te\u017eavam z dihanjem ali propadu sapnika.<\/p>\n<h6><strong>Katera vrsta postroja je najbolj\u0161a za psa, ki vle\u010de?<\/strong><\/h6>\n<p>Za pse, ki vle\u010dejo, je najbolj\u0161i postroj brez vle\u010denja s sprednjim nastavkom za povodec, saj zagotavlja nadzor, tako da psa ob poskusu vle\u010denja preusmeri nazaj proti lastniku.<\/p>\n<h6><strong>Ali mora moj pes ves \u010das nositi pas?<\/strong><\/h6>\n<p>Ne, ni priporo\u010dljivo, da bi pes ves \u010das nosil pas, saj lahko povzro\u010di dra\u017eenje ko\u017ee ali nelagodje. Kadar ga ne uporabljate, ga je treba odstraniti, zlasti v zaprtih prostorih.<\/p>\n<h6><strong>Kateri je najbolj\u0161i udobni pasji pasji pas?<\/strong><\/h6>\n<p>Oprsni pas Ruffwear Front Range velja za enega najbolj\u0161ih udobnih pasjih pasov. Pona\u0161a se z izdatnim oblazinjenjem, nastavljivimi trakovi in ergonomsko zasnovo, ki psu zagotavlja udobje in enostavno gibanje.<\/p>\n<h6><strong>Kaj je nastavljiv varnostni pas?<\/strong><\/h6>\n<p>To zagotavlja tesno prileganje, hkrati pa ohranja udobje, ki je klju\u010dno za prepre\u010devanje pobega in enakomerno porazdelitev pritiska.<\/p>\n<h6><strong>Kak\u0161na je razlika med pasjim pasjim pasom in pasjim pasom brez vle\u010denja?<\/strong><\/h6>\n<p>Standardni pasji postroj ima obi\u010dajno na hrbtni strani nastavek za povodec in se uporablja za udobnej\u0161e zavarovanje psa kot ovratnica. Pasji postroj brez vle\u010denja ima obi\u010dajno sprednji nastavek za povodec ali dva nastavka (spredaj in zadaj) in je posebej zasnovan tako, da prepre\u010duje vle\u010denje, saj preusmerja gibanje psa proti vam, ko posku\u0161a vle\u010di naprej.<\/p>\n<h6><strong>Ali pasji postroji prepre\u010dujejo vleko psov?<\/strong><\/h6>\n<p>Navadni pasji pasji pasovi ne prepre\u010dujejo nujno vle\u010denja psov, saj lahko \u0161e vedno uporabijo vso svojo mo\u010d za vle\u010denje naprej, zlasti \u010de je povodec pritrjen zadaj. Pasovi brez vle\u010denja s sprednjimi nastavki so u\u010dinkovitej\u0161i pri zmanj\u0161evanju vle\u010denja, saj preusmerijo silo vle\u010denja in ga naredijo manj nagrajujo\u010dega za psa.<\/p>\n<h6><strong>Kak\u0161ne so slabosti postroja brez vleka?<\/strong><\/h6>\n<ul>\n<li style=\"list-style-type: none;\">\n<ul>\n<li><strong>Nelagodje ali odrgnine<\/strong>: Neustrezno prileganje, zlasti na prednjem delu prsnega ko\u0161a, lahko povzro\u010di nelagodje ali odrgnine.<\/li>\n<li><strong>Zahtevnost pri uporabi<\/strong>: Nekatere pasove brez vle\u010denja je lahko te\u017eje pravilno namestiti, zlasti tiste z ve\u010d nastavitvenimi to\u010dkami in trakovi.<\/li>\n<li><strong>Potencialna vedenjska odpornost<\/strong>: Nekateri psi se lahko upirajo ali negativno odzivajo na ob\u010dutek vodenja ali pritisk, ki ga izvajajo, ko vle\u010dejo. To je mogo\u010de ubla\u017eiti z ustreznim usposabljanjem in postopno aklimatizacijo na postroj.<\/li>\n<li><strong>Odvisnost<\/strong>: \u010ce se zana\u0161ate samo na postroj, ki ne vle\u010de, brez ustreznega usposabljanja, lahko to privede do odvisnosti od opreme, ki nadzoruje vle\u010denje, namesto da bi psa nau\u010dili, da ne vle\u010de, z usposabljanjem in krepitvijo.<\/li>\n<\/ul>\n<\/li>\n<\/ul>","protected":false},"excerpt":{"rendered":"<p>Nadgradite opremo svojega psa s kompletom neoprenskih nastavljivih pasjih pasjih pasov in povodcev. Ta komplet je zasnovan za udobje in slog ter ima mehko neoprensko oblazinjenje za maksimalno udobje in nastavljive trakove za popolno prileganje. Ujemajo\u010d se povodec zagotavlja skladen videz, trpe\u017ena strojna oprema pa zagotavlja dolgotrajno uporabo. Ta komplet je idealen za vsakodnevne sprehode in zdru\u017euje funkcionalnost z elegantnim dizajnom, kar zagotavlja, da bo va\u0161 ljubljen\u010dek hodil udobno in v slogu.<\/p>","protected":false},"featured_media":7683,"template":"","meta":[],"product_brand":[],"product_cat":[23],"product_tag":[],"class_list":{"0":"post-7682","1":"product","2":"type-product","3":"status-publish","4":"has-post-thumbnail","6":"product_cat-dog-harness","7":"pa_brand-qqpets","9":"first","10":"instock","11":"shipping-taxable","12":"product-type-simple"},"yoast_head":"<!-- This site is optimized with the Yoast SEO plugin v26.6 - https:\/\/yoast.com\/wordpress\/plugins\/seo\/ -->\n<title>Neoprene Padding Adjustable Dog Harness And Leash Set | QQPETS<\/title>\n<meta name=\"description\" content=\"Comfort meets style with our Neoprene Adjustable Dog Harness. Perfect fit for any dog. Durable &amp; stylish. Shop now!\" \/>\n<meta name=\"robots\" content=\"index, follow, max-snippet:-1, max-image-preview:large, max-video-preview:-1\" \/>\n<link rel=\"canonical\" href=\"https:\/\/qqpets.com\/sl\/izdelek\/adjustable-dog-harness-and-leash-set\/\" \/>\n<meta property=\"og:locale\" content=\"sl_SI\" \/>\n<meta property=\"og:type\" content=\"article\" \/>\n<meta property=\"og:title\" content=\"Neoprene Padding Adjustable Dog Harness And Leash Set | QQPETS\" \/>\n<meta property=\"og:description\" content=\"Comfort meets style with our Neoprene Adjustable Dog Harness. Perfect fit for any dog. Durable &amp; stylish. Shop now!\" \/>\n<meta property=\"og:url\" content=\"https:\/\/qqpets.com\/sl\/izdelek\/adjustable-dog-harness-and-leash-set\/\" \/>\n<meta property=\"og:site_name\" content=\"QQPETS\" \/>\n<meta property=\"article:publisher\" content=\"https:\/\/www.facebook.com\/QQpetsdogcollars\" \/>\n<meta property=\"article:modified_time\" content=\"2024-11-13T06:00:30+00:00\" \/>\n<meta property=\"og:image\" content=\"https:\/\/qqpets.com\/wp-content\/uploads\/2024\/08\/padding-dog-harness.webp\" \/>\n\t<meta property=\"og:image:width\" content=\"1600\" \/>\n\t<meta property=\"og:image:height\" content=\"1600\" \/>\n\t<meta property=\"og:image:type\" content=\"image\/webp\" \/>\n<meta name=\"twitter:card\" content=\"summary_large_image\" \/>\n<meta name=\"twitter:label1\" content=\"Est. reading time\" \/>\n\t<meta name=\"twitter:data1\" content=\"4 minute\" \/>\n<script type=\"application\/ld+json\" class=\"yoast-schema-graph\">{\"@context\":\"https:\/\/schema.org\",\"@graph\":[{\"@type\":\"WebPage\",\"@id\":\"https:\/\/qqpets.com\/product\/adjustable-dog-harness-and-leash-set\/\",\"url\":\"https:\/\/qqpets.com\/product\/adjustable-dog-harness-and-leash-set\/\",\"name\":\"Neoprene Padding Adjustable Dog Harness And Leash Set | QQPETS\",\"isPartOf\":{\"@id\":\"https:\/\/qqpets.com\/#website\"},\"primaryImageOfPage\":{\"@id\":\"https:\/\/qqpets.com\/product\/adjustable-dog-harness-and-leash-set\/#primaryimage\"},\"image\":{\"@id\":\"https:\/\/qqpets.com\/product\/adjustable-dog-harness-and-leash-set\/#primaryimage\"},\"thumbnailUrl\":\"https:\/\/qqpets.com\/wp-content\/uploads\/2024\/08\/padding-dog-harness.webp\",\"datePublished\":\"2024-08-31T08:29:37+00:00\",\"dateModified\":\"2024-11-13T06:00:30+00:00\",\"description\":\"Comfort meets style with our Neoprene Adjustable Dog Harness. Perfect fit for any dog. Durable & stylish. Shop now!\",\"breadcrumb\":{\"@id\":\"https:\/\/qqpets.com\/product\/adjustable-dog-harness-and-leash-set\/#breadcrumb\"},\"inLanguage\":\"sl-SI\",\"potentialAction\":[{\"@type\":\"ReadAction\",\"target\":[\"https:\/\/qqpets.com\/product\/adjustable-dog-harness-and-leash-set\/\"]}]},{\"@type\":\"ImageObject\",\"inLanguage\":\"sl-SI\",\"@id\":\"https:\/\/qqpets.com\/product\/adjustable-dog-harness-and-leash-set\/#primaryimage\",\"url\":\"https:\/\/qqpets.com\/wp-content\/uploads\/2024\/08\/padding-dog-harness.webp\",\"contentUrl\":\"https:\/\/qqpets.com\/wp-content\/uploads\/2024\/08\/padding-dog-harness.webp\",\"width\":1600,\"height\":1600},{\"@type\":\"BreadcrumbList\",\"@id\":\"https:\/\/qqpets.com\/product\/adjustable-dog-harness-and-leash-set\/#breadcrumb\",\"itemListElement\":[{\"@type\":\"ListItem\",\"position\":1,\"name\":\"Home\",\"item\":\"https:\/\/qqpets.com\/\"},{\"@type\":\"ListItem\",\"position\":2,\"name\":\"Products\",\"item\":\"https:\/\/qqpets.com\/pet-products-manufacturer\/\"},{\"@type\":\"ListItem\",\"position\":3,\"name\":\"Neoprene Padding Adjustable Dog Harness And Leash Set\"}]},{\"@type\":\"WebSite\",\"@id\":\"https:\/\/qqpets.com\/#website\",\"url\":\"https:\/\/qqpets.com\/\",\"name\":\"QQPETS\",\"description\":\"QQPETS is a pet products factory for dog harnesses, dog collars, dog leashes and dog accessories with professional customized service since 2005.\",\"publisher\":{\"@id\":\"https:\/\/qqpets.com\/#organization\"},\"potentialAction\":[{\"@type\":\"SearchAction\",\"target\":{\"@type\":\"EntryPoint\",\"urlTemplate\":\"https:\/\/qqpets.com\/?s={search_term_string}\"},\"query-input\":{\"@type\":\"PropertyValueSpecification\",\"valueRequired\":true,\"valueName\":\"search_term_string\"}}],\"inLanguage\":\"sl-SI\"},{\"@type\":\"Organization\",\"@id\":\"https:\/\/qqpets.com\/#organization\",\"name\":\"QQPETS\",\"url\":\"https:\/\/qqpets.com\/\",\"logo\":{\"@type\":\"ImageObject\",\"inLanguage\":\"sl-SI\",\"@id\":\"https:\/\/qqpets.com\/#\/schema\/logo\/image\/\",\"url\":\"https:\/\/qqpets.com\/wp-content\/uploads\/2023\/09\/cropped-cropped-qqpets-tiktok.jpg\",\"contentUrl\":\"https:\/\/qqpets.com\/wp-content\/uploads\/2023\/09\/cropped-cropped-qqpets-tiktok.jpg\",\"width\":511,\"height\":511,\"caption\":\"QQPETS\"},\"image\":{\"@id\":\"https:\/\/qqpets.com\/#\/schema\/logo\/image\/\"},\"sameAs\":[\"https:\/\/www.facebook.com\/QQpetsdogcollars\",\"https:\/\/www.instagram.com\/qqpetscollar\/\",\"https:\/\/www.pinterest.com\/qqpetsdogcollarsfactory\/\"]}]}<\/script>\n<!-- \/ Yoast SEO plugin. -->","yoast_head_json":{"title":"Neoprensko oblazinjenje Nastavljiv pasji postroj in povodec Set | QQPETS","description":"Udobje in slog sta zdru\u017eena v na\u0161em neoprenskem nastavljivem pasjem pasu. Popolnoma se prilega vsakemu psu. Vzdr\u017eljiv in eleganten. Kupujte zdaj!","robots":{"index":"index","follow":"follow","max-snippet":"max-snippet:-1","max-image-preview":"max-image-preview:large","max-video-preview":"max-video-preview:-1"},"canonical":"https:\/\/qqpets.com\/sl\/izdelek\/adjustable-dog-harness-and-leash-set\/","og_locale":"sl_SI","og_type":"article","og_title":"Neoprene Padding Adjustable Dog Harness And Leash Set | QQPETS","og_description":"Comfort meets style with our Neoprene Adjustable Dog Harness. Perfect fit for any dog. Durable & stylish. Shop now!","og_url":"https:\/\/qqpets.com\/sl\/izdelek\/adjustable-dog-harness-and-leash-set\/","og_site_name":"QQPETS","article_publisher":"https:\/\/www.facebook.com\/QQpetsdogcollars","article_modified_time":"2024-11-13T06:00:30+00:00","og_image":[{"width":1600,"height":1600,"url":"https:\/\/qqpets.com\/wp-content\/uploads\/2024\/08\/padding-dog-harness.webp","type":"image\/webp"}],"twitter_card":"summary_large_image","twitter_misc":{"Est. reading time":"4 minute"},"schema":{"@context":"https:\/\/schema.org","@graph":[{"@type":"WebPage","@id":"https:\/\/qqpets.com\/product\/adjustable-dog-harness-and-leash-set\/","url":"https:\/\/qqpets.com\/product\/adjustable-dog-harness-and-leash-set\/","name":"Neoprensko oblazinjenje Nastavljiv pasji postroj in povodec Set | QQPETS","isPartOf":{"@id":"https:\/\/qqpets.com\/#website"},"primaryImageOfPage":{"@id":"https:\/\/qqpets.com\/product\/adjustable-dog-harness-and-leash-set\/#primaryimage"},"image":{"@id":"https:\/\/qqpets.com\/product\/adjustable-dog-harness-and-leash-set\/#primaryimage"},"thumbnailUrl":"https:\/\/qqpets.com\/wp-content\/uploads\/2024\/08\/padding-dog-harness.webp","datePublished":"2024-08-31T08:29:37+00:00","dateModified":"2024-11-13T06:00:30+00:00","description":"Udobje in slog sta zdru\u017eena v na\u0161em neoprenskem nastavljivem pasjem pasu. Popolnoma se prilega vsakemu psu. Vzdr\u017eljiv in eleganten. Kupujte zdaj!","breadcrumb":{"@id":"https:\/\/qqpets.com\/product\/adjustable-dog-harness-and-leash-set\/#breadcrumb"},"inLanguage":"sl-SI","potentialAction":[{"@type":"ReadAction","target":["https:\/\/qqpets.com\/product\/adjustable-dog-harness-and-leash-set\/"]}]},{"@type":"ImageObject","inLanguage":"sl-SI","@id":"https:\/\/qqpets.com\/product\/adjustable-dog-harness-and-leash-set\/#primaryimage","url":"https:\/\/qqpets.com\/wp-content\/uploads\/2024\/08\/padding-dog-harness.webp","contentUrl":"https:\/\/qqpets.com\/wp-content\/uploads\/2024\/08\/padding-dog-harness.webp","width":1600,"height":1600},{"@type":"BreadcrumbList","@id":"https:\/\/qqpets.com\/product\/adjustable-dog-harness-and-leash-set\/#breadcrumb","itemListElement":[{"@type":"ListItem","position":1,"name":"Home","item":"https:\/\/qqpets.com\/"},{"@type":"ListItem","position":2,"name":"Products","item":"https:\/\/qqpets.com\/pet-products-manufacturer\/"},{"@type":"ListItem","position":3,"name":"Neoprene Padding Adjustable Dog Harness And Leash Set"}]},{"@type":"WebSite","@id":"https:\/\/qqpets.com\/#website","url":"https:\/\/qqpets.com\/","name":"QQPETS","description":"QQPETS je tovarna izdelkov za hi\u0161ne ljubljen\u010dke za pasje postroje, pasje ovratnice, pasje povodce in pasje dodatke s strokovno prilagojeno storitvijo od leta 2005.","publisher":{"@id":"https:\/\/qqpets.com\/#organization"},"potentialAction":[{"@type":"SearchAction","target":{"@type":"EntryPoint","urlTemplate":"https:\/\/qqpets.com\/?s={search_term_string}"},"query-input":{"@type":"PropertyValueSpecification","valueRequired":true,"valueName":"search_term_string"}}],"inLanguage":"sl-SI"},{"@type":"Organization","@id":"https:\/\/qqpets.com\/#organization","name":"QQPETS","url":"https:\/\/qqpets.com\/","logo":{"@type":"ImageObject","inLanguage":"sl-SI","@id":"https:\/\/qqpets.com\/#\/schema\/logo\/image\/","url":"https:\/\/qqpets.com\/wp-content\/uploads\/2023\/09\/cropped-cropped-qqpets-tiktok.jpg","contentUrl":"https:\/\/qqpets.com\/wp-content\/uploads\/2023\/09\/cropped-cropped-qqpets-tiktok.jpg","width":511,"height":511,"caption":"QQPETS"},"image":{"@id":"https:\/\/qqpets.com\/#\/schema\/logo\/image\/"},"sameAs":["https:\/\/www.facebook.com\/QQpetsdogcollars","https:\/\/www.instagram.com\/qqpetscollar\/","https:\/\/www.pinterest.com\/qqpetsdogcollarsfactory\/"]}]}},"_links":{"self":[{"href":"https:\/\/qqpets.com\/sl\/wp-json\/wp\/v2\/product\/7682","targetHints":{"allow":["GET"]}}],"collection":[{"href":"https:\/\/qqpets.com\/sl\/wp-json\/wp\/v2\/product"}],"about":[{"href":"https:\/\/qqpets.com\/sl\/wp-json\/wp\/v2\/types\/product"}],"wp:featuredmedia":[{"embeddable":true,"href":"https:\/\/qqpets.com\/sl\/wp-json\/wp\/v2\/media\/7683"}],"wp:attachment":[{"href":"https:\/\/qqpets.com\/sl\/wp-json\/wp\/v2\/media?parent=7682"}],"wp:term":[{"taxonomy":"product_brand","embeddable":true,"href":"https:\/\/qqpets.com\/sl\/wp-json\/wp\/v2\/product_brand?post=7682"},{"taxonomy":"product_cat","embeddable":true,"href":"https:\/\/qqpets.com\/sl\/wp-json\/wp\/v2\/product_cat?post=7682"},{"taxonomy":"product_tag","embeddable":true,"href":"https:\/\/qqpets.com\/sl\/wp-json\/wp\/v2\/product_tag?post=7682"}],"curies":[{"name":"wp","href":"https:\/\/api.w.org\/{rel}","templated":true}]}}