{"id":7740,"date":"2024-09-02T15:02:10","date_gmt":"2024-09-02T07:02:10","guid":{"rendered":"https:\/\/qqpets.com\/?post_type=product&#038;p=7740"},"modified":"2024-11-13T14:56:51","modified_gmt":"2024-11-13T06:56:51","slug":"tactical-dog-collar","status":"publish","type":"product","link":"https:\/\/qqpets.com\/sl\/izdelek\/tactical-dog-collar\/","title":{"rendered":"Takti\u010dna pasja ovratnica Heavy Duty Metal Buckle z ro\u010dajem za usposabljanje psov"},"content":{"rendered":"<p>Z na\u0161o takti\u010dno ovratnico za pse v opremo svojega psa vnesite voja\u0161ko trpe\u017enost in funkcionalnost. Ta ovratnica je zasnovana posebej za delovne pse in zdru\u017euje robustno konstrukcijo s prakti\u010dno zasnovo, da zdr\u017ei tudi v najte\u017ejih okoljih.<\/p>\n<p>Ovratnica je izdelana iz visoko trdne najlonske tkanine, ima trpe\u017eno kovinsko zaponko in D-obro\u010d, ki zagotavlja zanesljivo pritrditev povodca. Tako je ovratnica varno pritrjena ne glede na stopnjo aktivnosti.<\/p>\n<p>Ovratnica je zasnovana s \u0161irokim trakom, ki enakomerno porazdeli pritisk, kar pomaga prepre\u010diti du\u0161enje in nelagodje med intenzivnimi dejavnostmi. Prilagodljivo prileganje omogo\u010da prilagoditev tesnosti glede na velikost vratu va\u0161ega psa in zagotavlja njegovo udobje med dolgotrajnim no\u0161enjem.<\/p>\n<p>Za vodnike, ki od svoje opreme zahtevajo ve\u010d, ima ta ovratnica dodatne funkcije, kot je plo\u0161\u010da s kavljem in zanko za pritrditev identifikacijskih na\u0161itkov ali druge takti\u010dne opreme. Ne glede na to, ali ste na usposabljanju, patrulji ali preprosto u\u017eivate v pustolov\u0161\u010dini na prostem, je ta ovratnica izdelana za vrhunski nadzor in dolgo \u017eivljenjsko dobo.<\/p>\n<p>Na\u0161a takti\u010dna ovratnica je idealna za pse \u010duvaje, saj zdru\u017euje mo\u010d, udobje in zanesljivost. Je nepogre\u0161ljiv pripomo\u010dek za vse trenerje psov z najzahtevnej\u0161o opremo, ki morajo poskrbeti, da njihovi psi delujejo kar najbolje.<\/p>\n<h4><strong>Ali so takti\u010dni pasovi primerni za pse?<\/strong><\/h4>\n<p>Takti\u010dni pasovi so lahko koristni za dolo\u010dene namene. So trpe\u017eni, omogo\u010dajo dober nadzor in prena\u0161anje opreme, zato so primerni za delovne ali slu\u017ebene pse, ki sodelujejo pri dejavnostih, kot so iskanje in re\u0161evanje, policijsko delo ali voja\u0161ke naloge.<\/p>\n<h4><strong>Zakaj bi pes potreboval takti\u010dni jopi\u010d?<\/strong><\/h4>\n<p>Pes lahko potrebuje takti\u010dni jopi\u010d, \u010de sodeluje pri kazenskem pregonu, voja\u0161kih operacijah ali dejavnostih iskanja in re\u0161evanja. V jopi\u010du lahko hranite opremo, izbolj\u0161ate vidljivost, za\u0161\u010ditite telo in ga opremite z ro\u010daji za nadzor vodnika.<\/p>\n<h4><strong>Ali so takti\u010dne ovratnice za pse varne?<\/strong><\/h4>\n<p>Takti\u010dne ovratnice za pse so ob primerni uporabi na splo\u0161no varne. Zasnovane so tako, da so vzdr\u017eljive in zagotavljajo dodaten nadzor. Vendar se morajo kot vsaka ovratnica pravilno prilegati, da ne povzro\u010dajo nelagodja ali po\u0161kodb.<\/p>\n<h4><strong>Za kaj se uporablja takti\u010dna ovratnica za pse?<\/strong><\/h4>\n<p>Takti\u010dna ovratnica za pse se uporablja za bolj\u0161i nadzor in vzdr\u017eljivost med strogimi dejavnostmi. Pogosto so izdelane iz trpe\u017enih materialov in imajo lahko ro\u010daje ali pritrdilne to\u010dke za povodce in opremo, kar je uporabno pri usposabljanju in delu.<\/p>\n<h4><strong>Zakaj trenerji psov ne uporabljajo pasjih pasov?<\/strong><\/h4>\n<p>Nekateri trenerji psov raje ne uporabljajo povodcev, ker lahko spodbujajo vleko, saj lahko psi u\u010dinkoviteje uporabljajo svojo telesno mo\u010d. Trenerji, katerih cilj je nau\u010diti psa ravnanja na povodcu, se lahko odlo\u010dijo za ovratnice, ki omogo\u010dajo bolj\u0161i nadzor nad glavo in smerjo telesa psa.<\/p>\n<h4><strong>Ali veterinarji priporo\u010dajo pasove?<\/strong><\/h4>\n<p>\u0160tevilni veterinarji priporo\u010dajo pasove, zlasti za pse z dihalnimi te\u017eavami, po\u0161kodbami vratu ali te\u017eavami s sapnikom, saj pasovi enakomerneje porazdelijo pritisk okoli telesa in tako zmanj\u0161ajo obremenitev vratu.<\/p>","protected":false},"excerpt":{"rendered":"<p>Okrepite opremo svojega psa z na\u0161o takti\u010dno ovratnico za pse, ki je zasnovana za vzdr\u017eljivost in zmogljivost. Ta ovratnica, ki jo odlikujejo trpe\u017eni materiali, robustna zaponka in D-obro\u010d za varno pritrditev povodca, je idealna za usposabljanje in aktivno slu\u017ebo. Nastavljiva zasnova zagotavlja udobno in varno prileganje, oja\u010dani \u0161ivi pa zagotavljajo dodatno trdnost. Odli\u010dna za delovne pse in pse, ki se ukvarjajo z dejavnostmi na prostem.<\/p>","protected":false},"featured_media":7234,"template":"","meta":[],"product_brand":[],"product_cat":[26],"product_tag":[],"class_list":{"0":"post-7740","1":"product","2":"type-product","3":"status-publish","4":"has-post-thumbnail","6":"product_cat-dog-collar","7":"pa_brand-qqpets","9":"first","10":"instock","11":"shipping-taxable","12":"product-type-simple"},"yoast_head":"<!-- This site is optimized with the Yoast SEO plugin v26.6 - https:\/\/yoast.com\/wordpress\/plugins\/seo\/ -->\n<title>Tactical Dog Collar Heavy Duty Metal Buckle with Handle for Dog Training | QQPETS<\/title>\n<meta name=\"description\" content=\"Durable Tactical Dog Collar for enhanced control and reliability. Built for training and field use. Shop now!\" \/>\n<meta name=\"robots\" content=\"index, follow, max-snippet:-1, max-image-preview:large, max-video-preview:-1\" \/>\n<link rel=\"canonical\" href=\"https:\/\/qqpets.com\/sl\/izdelek\/tactical-dog-collar\/\" \/>\n<meta property=\"og:locale\" content=\"sl_SI\" \/>\n<meta property=\"og:type\" content=\"article\" \/>\n<meta property=\"og:title\" content=\"Tactical Dog Collar Heavy Duty Metal Buckle with Handle for Dog Training | QQPETS\" \/>\n<meta property=\"og:description\" content=\"Durable Tactical Dog Collar for enhanced control and reliability. Built for training and field use. Shop now!\" \/>\n<meta property=\"og:url\" content=\"https:\/\/qqpets.com\/sl\/izdelek\/tactical-dog-collar\/\" \/>\n<meta property=\"og:site_name\" content=\"QQPETS\" \/>\n<meta property=\"article:publisher\" content=\"https:\/\/www.facebook.com\/QQpetsdogcollars\" \/>\n<meta property=\"article:modified_time\" content=\"2024-11-13T06:56:51+00:00\" \/>\n<meta property=\"og:image\" content=\"https:\/\/qqpets.com\/wp-content\/uploads\/2023\/09\/large-dog-collar.webp\" \/>\n\t<meta property=\"og:image:width\" content=\"1000\" \/>\n\t<meta property=\"og:image:height\" content=\"929\" \/>\n\t<meta property=\"og:image:type\" content=\"image\/webp\" \/>\n<meta name=\"twitter:card\" content=\"summary_large_image\" \/>\n<meta name=\"twitter:label1\" content=\"Est. reading time\" \/>\n\t<meta name=\"twitter:data1\" content=\"3 minute\" \/>\n<script type=\"application\/ld+json\" class=\"yoast-schema-graph\">{\"@context\":\"https:\/\/schema.org\",\"@graph\":[{\"@type\":\"WebPage\",\"@id\":\"https:\/\/qqpets.com\/product\/tactical-dog-collar\/\",\"url\":\"https:\/\/qqpets.com\/product\/tactical-dog-collar\/\",\"name\":\"Tactical Dog Collar Heavy Duty Metal Buckle with Handle for Dog Training | QQPETS\",\"isPartOf\":{\"@id\":\"https:\/\/qqpets.com\/#website\"},\"primaryImageOfPage\":{\"@id\":\"https:\/\/qqpets.com\/product\/tactical-dog-collar\/#primaryimage\"},\"image\":{\"@id\":\"https:\/\/qqpets.com\/product\/tactical-dog-collar\/#primaryimage\"},\"thumbnailUrl\":\"https:\/\/qqpets.com\/wp-content\/uploads\/2023\/09\/large-dog-collar.webp\",\"datePublished\":\"2024-09-02T07:02:10+00:00\",\"dateModified\":\"2024-11-13T06:56:51+00:00\",\"description\":\"Durable Tactical Dog Collar for enhanced control and reliability. Built for training and field use. Shop now!\",\"breadcrumb\":{\"@id\":\"https:\/\/qqpets.com\/product\/tactical-dog-collar\/#breadcrumb\"},\"inLanguage\":\"sl-SI\",\"potentialAction\":[{\"@type\":\"ReadAction\",\"target\":[\"https:\/\/qqpets.com\/product\/tactical-dog-collar\/\"]}]},{\"@type\":\"ImageObject\",\"inLanguage\":\"sl-SI\",\"@id\":\"https:\/\/qqpets.com\/product\/tactical-dog-collar\/#primaryimage\",\"url\":\"https:\/\/qqpets.com\/wp-content\/uploads\/2023\/09\/large-dog-collar.webp\",\"contentUrl\":\"https:\/\/qqpets.com\/wp-content\/uploads\/2023\/09\/large-dog-collar.webp\",\"width\":1000,\"height\":929,\"caption\":\"tactical dog collar\"},{\"@type\":\"BreadcrumbList\",\"@id\":\"https:\/\/qqpets.com\/product\/tactical-dog-collar\/#breadcrumb\",\"itemListElement\":[{\"@type\":\"ListItem\",\"position\":1,\"name\":\"Home\",\"item\":\"https:\/\/qqpets.com\/\"},{\"@type\":\"ListItem\",\"position\":2,\"name\":\"Products\",\"item\":\"https:\/\/qqpets.com\/pet-products-manufacturer\/\"},{\"@type\":\"ListItem\",\"position\":3,\"name\":\"Tactical Dog Collar Heavy Duty Metal Buckle with Handle for Dog Training\"}]},{\"@type\":\"WebSite\",\"@id\":\"https:\/\/qqpets.com\/#website\",\"url\":\"https:\/\/qqpets.com\/\",\"name\":\"QQPETS\",\"description\":\"QQPETS is a pet products factory for dog harnesses, dog collars, dog leashes and dog accessories with professional customized service since 2005.\",\"publisher\":{\"@id\":\"https:\/\/qqpets.com\/#organization\"},\"potentialAction\":[{\"@type\":\"SearchAction\",\"target\":{\"@type\":\"EntryPoint\",\"urlTemplate\":\"https:\/\/qqpets.com\/?s={search_term_string}\"},\"query-input\":{\"@type\":\"PropertyValueSpecification\",\"valueRequired\":true,\"valueName\":\"search_term_string\"}}],\"inLanguage\":\"sl-SI\"},{\"@type\":\"Organization\",\"@id\":\"https:\/\/qqpets.com\/#organization\",\"name\":\"QQPETS\",\"url\":\"https:\/\/qqpets.com\/\",\"logo\":{\"@type\":\"ImageObject\",\"inLanguage\":\"sl-SI\",\"@id\":\"https:\/\/qqpets.com\/#\/schema\/logo\/image\/\",\"url\":\"https:\/\/qqpets.com\/wp-content\/uploads\/2023\/09\/cropped-cropped-qqpets-tiktok.jpg\",\"contentUrl\":\"https:\/\/qqpets.com\/wp-content\/uploads\/2023\/09\/cropped-cropped-qqpets-tiktok.jpg\",\"width\":511,\"height\":511,\"caption\":\"QQPETS\"},\"image\":{\"@id\":\"https:\/\/qqpets.com\/#\/schema\/logo\/image\/\"},\"sameAs\":[\"https:\/\/www.facebook.com\/QQpetsdogcollars\",\"https:\/\/www.instagram.com\/qqpetscollar\/\",\"https:\/\/www.pinterest.com\/qqpetsdogcollarsfactory\/\"]}]}<\/script>\n<!-- \/ Yoast SEO plugin. -->","yoast_head_json":{"title":"Takti\u010dna pasja ovratnica Heavy Duty kovinska zaponka z ro\u010dajem za \u0161olanje psov | QQPETS","description":"Vzdr\u017eljiva takti\u010dna ovratnica za pse za bolj\u0161i nadzor in zanesljivost. Izdelana za usposabljanje in uporabo na terenu. Kupujte zdaj!","robots":{"index":"index","follow":"follow","max-snippet":"max-snippet:-1","max-image-preview":"max-image-preview:large","max-video-preview":"max-video-preview:-1"},"canonical":"https:\/\/qqpets.com\/sl\/izdelek\/tactical-dog-collar\/","og_locale":"sl_SI","og_type":"article","og_title":"Tactical Dog Collar Heavy Duty Metal Buckle with Handle for Dog Training | QQPETS","og_description":"Durable Tactical Dog Collar for enhanced control and reliability. Built for training and field use. Shop now!","og_url":"https:\/\/qqpets.com\/sl\/izdelek\/tactical-dog-collar\/","og_site_name":"QQPETS","article_publisher":"https:\/\/www.facebook.com\/QQpetsdogcollars","article_modified_time":"2024-11-13T06:56:51+00:00","og_image":[{"width":1000,"height":929,"url":"https:\/\/qqpets.com\/wp-content\/uploads\/2023\/09\/large-dog-collar.webp","type":"image\/webp"}],"twitter_card":"summary_large_image","twitter_misc":{"Est. reading time":"3 minute"},"schema":{"@context":"https:\/\/schema.org","@graph":[{"@type":"WebPage","@id":"https:\/\/qqpets.com\/product\/tactical-dog-collar\/","url":"https:\/\/qqpets.com\/product\/tactical-dog-collar\/","name":"Takti\u010dna pasja ovratnica Heavy Duty kovinska zaponka z ro\u010dajem za \u0161olanje psov | QQPETS","isPartOf":{"@id":"https:\/\/qqpets.com\/#website"},"primaryImageOfPage":{"@id":"https:\/\/qqpets.com\/product\/tactical-dog-collar\/#primaryimage"},"image":{"@id":"https:\/\/qqpets.com\/product\/tactical-dog-collar\/#primaryimage"},"thumbnailUrl":"https:\/\/qqpets.com\/wp-content\/uploads\/2023\/09\/large-dog-collar.webp","datePublished":"2024-09-02T07:02:10+00:00","dateModified":"2024-11-13T06:56:51+00:00","description":"Vzdr\u017eljiva takti\u010dna ovratnica za pse za bolj\u0161i nadzor in zanesljivost. Izdelana za usposabljanje in uporabo na terenu. Kupujte zdaj!","breadcrumb":{"@id":"https:\/\/qqpets.com\/product\/tactical-dog-collar\/#breadcrumb"},"inLanguage":"sl-SI","potentialAction":[{"@type":"ReadAction","target":["https:\/\/qqpets.com\/product\/tactical-dog-collar\/"]}]},{"@type":"ImageObject","inLanguage":"sl-SI","@id":"https:\/\/qqpets.com\/product\/tactical-dog-collar\/#primaryimage","url":"https:\/\/qqpets.com\/wp-content\/uploads\/2023\/09\/large-dog-collar.webp","contentUrl":"https:\/\/qqpets.com\/wp-content\/uploads\/2023\/09\/large-dog-collar.webp","width":1000,"height":929,"caption":"tactical dog collar"},{"@type":"BreadcrumbList","@id":"https:\/\/qqpets.com\/product\/tactical-dog-collar\/#breadcrumb","itemListElement":[{"@type":"ListItem","position":1,"name":"Home","item":"https:\/\/qqpets.com\/"},{"@type":"ListItem","position":2,"name":"Products","item":"https:\/\/qqpets.com\/pet-products-manufacturer\/"},{"@type":"ListItem","position":3,"name":"Tactical Dog Collar Heavy Duty Metal Buckle with Handle for Dog Training"}]},{"@type":"WebSite","@id":"https:\/\/qqpets.com\/#website","url":"https:\/\/qqpets.com\/","name":"QQPETS","description":"QQPETS je tovarna izdelkov za hi\u0161ne ljubljen\u010dke za pasje postroje, pasje ovratnice, pasje povodce in pasje dodatke s strokovno prilagojeno storitvijo od leta 2005.","publisher":{"@id":"https:\/\/qqpets.com\/#organization"},"potentialAction":[{"@type":"SearchAction","target":{"@type":"EntryPoint","urlTemplate":"https:\/\/qqpets.com\/?s={search_term_string}"},"query-input":{"@type":"PropertyValueSpecification","valueRequired":true,"valueName":"search_term_string"}}],"inLanguage":"sl-SI"},{"@type":"Organization","@id":"https:\/\/qqpets.com\/#organization","name":"QQPETS","url":"https:\/\/qqpets.com\/","logo":{"@type":"ImageObject","inLanguage":"sl-SI","@id":"https:\/\/qqpets.com\/#\/schema\/logo\/image\/","url":"https:\/\/qqpets.com\/wp-content\/uploads\/2023\/09\/cropped-cropped-qqpets-tiktok.jpg","contentUrl":"https:\/\/qqpets.com\/wp-content\/uploads\/2023\/09\/cropped-cropped-qqpets-tiktok.jpg","width":511,"height":511,"caption":"QQPETS"},"image":{"@id":"https:\/\/qqpets.com\/#\/schema\/logo\/image\/"},"sameAs":["https:\/\/www.facebook.com\/QQpetsdogcollars","https:\/\/www.instagram.com\/qqpetscollar\/","https:\/\/www.pinterest.com\/qqpetsdogcollarsfactory\/"]}]}},"_links":{"self":[{"href":"https:\/\/qqpets.com\/sl\/wp-json\/wp\/v2\/product\/7740","targetHints":{"allow":["GET"]}}],"collection":[{"href":"https:\/\/qqpets.com\/sl\/wp-json\/wp\/v2\/product"}],"about":[{"href":"https:\/\/qqpets.com\/sl\/wp-json\/wp\/v2\/types\/product"}],"wp:featuredmedia":[{"embeddable":true,"href":"https:\/\/qqpets.com\/sl\/wp-json\/wp\/v2\/media\/7234"}],"wp:attachment":[{"href":"https:\/\/qqpets.com\/sl\/wp-json\/wp\/v2\/media?parent=7740"}],"wp:term":[{"taxonomy":"product_brand","embeddable":true,"href":"https:\/\/qqpets.com\/sl\/wp-json\/wp\/v2\/product_brand?post=7740"},{"taxonomy":"product_cat","embeddable":true,"href":"https:\/\/qqpets.com\/sl\/wp-json\/wp\/v2\/product_cat?post=7740"},{"taxonomy":"product_tag","embeddable":true,"href":"https:\/\/qqpets.com\/sl\/wp-json\/wp\/v2\/product_tag?post=7740"}],"curies":[{"name":"wp","href":"https:\/\/api.w.org\/{rel}","templated":true}]}}