{"id":7748,"date":"2024-09-02T15:40:07","date_gmt":"2024-09-02T07:40:07","guid":{"rendered":"https:\/\/qqpets.com\/?post_type=product&#038;p=7748"},"modified":"2024-09-03T16:47:29","modified_gmt":"2024-09-03T08:47:29","slug":"reflective-dog-collar","status":"publish","type":"product","link":"https:\/\/qqpets.com\/sl\/izdelek\/reflective-dog-collar\/","title":{"rendered":"Odsevna pasja ovratnica"},"content":{"rendered":"<p>Predstavljamo odsevno ovratnico za pse, ki je nepogre\u0161ljiv varnostni pripomo\u010dek za vse hi\u0161ne ljubljen\u010dke, ki so aktivni zve\u010der ali zgodaj zjutraj. Ta ovratnica je zasnovana za \u010dim ve\u010djo vidnost va\u0161ega psa v slab\u0161ih svetlobnih pogojih, saj je izdelana iz visokokakovostnega odsevnega materiala, ki lovi svetlobo uli\u010dnih svetilk in \u017earometov ter zagotavlja, da je pes viden \u017ee od dale\u010d.<\/p>\n<p>Ovratnik je izdelan iz trpe\u017enih materialov visoke trdnosti, zato je odporen na vsakodnevno uporabo, hkrati pa ohranja udobje. Nastavljiva zasnova omogo\u010da prilagajanje po meri in zagotavlja, da je ovratnica tesna, vendar udobna za va\u0161ega psa, saj prepre\u010duje drsenje in odrgnine.<\/p>\n<p>Poleg odsevnih lastnosti je ta ovratnica opremljena z mo\u010dno zaponko za varno zapenjanje in robustnim D-obro\u010dem za zanesljivo pritrditev povodca. Ta ovratnica zagotavlja, da bo va\u0161 ljubljen\u010dek vedno viden in varen, ne glede na to, ali ste se odpravili na prilo\u017enostni ve\u010derni sprehod ali zgodnji jutranji tek.<\/p>\n<p>Na\u0161a odsevna ovratnica za pse ni le funkcionalna, temve\u010d tudi elegantna. Na voljo je v razli\u010dnih barvah, zato lahko izberete popolno ujemanje z osebnostjo in slogom va\u0161ega ljubljen\u010dka, zaradi \u010desar je odli\u010den dodatek k njegovi garderobi. Je idealna izbira za vse, ki \u017eelijo pove\u010dati varnost svojega psa med vsakodnevnimi dejavnostmi, saj zagotavlja me\u0161anico varnosti, sloga in miru.<\/p>\n<h5><strong>Ali so odsevne ovratnice dobre za pse?<\/strong><\/h5>\n<p>Da, odsevne ovratnice so dobre za pse, saj izbolj\u0161ajo vidljivost v slabih svetlobnih pogojih, kot so ve\u010derni sprehodi ali megleno vreme, in tako izbolj\u0161ajo varnost, saj je pes bolj viden za voznike in druge.<\/p>\n<h5><strong>Ali lahko naredite odsevno ovratnico za psa?<\/strong><\/h5>\n<p>Da, pasjo ovratnico lahko naredite odsevno, tako da ji dodate odsevni trak ali kupite pripenjalne lu\u010di ali odsevne obeske, ki se pritrdijo na ovratnico.<\/p>\n<h5><strong>Ali so svetle\u010de ovratnice za pse varne?<\/strong><\/h5>\n<p>Da, svetle\u010de ovratnice za pse so na splo\u0161no varne. Pomagajo ohranjati psa vidnega v temnih razmerah. Vendar poskrbite, da je ovratnica pravilno name\u0161\u010dena, da so svetlobni elementi varno pritrjeni ter da je ohi\u0161je baterije vodotesno in za\u0161\u010diteno pred vdorom, da va\u0161 pes ne bo mogel priti do baterij.<\/p>\n<h5><strong>Ali so ovratnice za sledenje psov vredne?<\/strong><\/h5>\n<p>Ovratnice za sledenje psov se lahko izpla\u010dajo, zlasti lastnikom \u017eivali, ki \u017eivijo na pode\u017eelju ali katerih psi so nagnjeni k tavanju ali pobegom. Te ovratnice uporabljajo GPS ali drugo tehnologijo, ki pomaga najti psa, \u010de se izgubi.<\/p>\n<h5><strong>Ali lahko psi ves \u010das nosijo ovratnice?<\/strong><\/h5>\n<p>Na splo\u0161no je varno, da psi ves \u010das nosijo ovratnice, \u010de so dobro prilegajo\u010de, udobne in izdelane iz nedra\u017ee\u010dih materialov. Vendar je pomembno, da ob\u010dasno preverite znake obrabe ali dra\u017eenja ovratnice in jo v varnem, zaprtem okolju odstranite, \u010de obstaja nevarnost zataknitve.<\/p>\n<h5><strong>Katera je najbolj\u0161a ovratnica za psa?<\/strong><\/h5>\n<p>Najbolj\u0161a ovratnica za psa je odvisna od posebnih potreb in dejavnosti psa. Za splo\u0161no uporabo se pogosto priporo\u010da ravna, nastavljiva najlonska ali usnjena ovratnica, saj je vzdr\u017eljiva, udobna in preprosta za uporabo. Imeti mora varno zaponko in obro\u010dek za pritrditev identifikacijske oznake in povodca.<\/p>","protected":false},"excerpt":{"rendered":"<p>Pove\u010dajte varnost svojega psa pono\u010di z na\u0161o odsevno ovratnico za pse. Ta ovratnica je zasnovana za dobro vidnost in ima svetel odsevni material, ki zagotavlja, da je va\u0161 ljubljen\u010dek viden v slabih svetlobnih pogojih. Nastavljiva je za popolno prileganje, izdelana pa je iz trpe\u017enih materialov za dolgotrajno uporabo. Idealna je za ve\u010derne sprehode, saj zdru\u017euje varnost in udobje ter zagotavlja mir na vsakem sprehodu.<\/p>","protected":false},"featured_media":7673,"template":"","meta":[],"product_brand":[],"product_cat":[26],"product_tag":[],"class_list":{"0":"post-7748","1":"product","2":"type-product","3":"status-publish","4":"has-post-thumbnail","6":"product_cat-dog-collar","7":"pa_brand-qqpets","9":"first","10":"instock","11":"shipping-taxable","12":"product-type-simple"},"yoast_head":"<!-- This site is optimized with the Yoast SEO plugin v26.6 - https:\/\/yoast.com\/wordpress\/plugins\/seo\/ -->\n<title>Reflective Dog Collar | QQPETS<\/title>\n<meta name=\"description\" content=\"Boost nighttime safety with our Reflective Dog Collar. High visibility for evening walks. Secure and stylish!\" \/>\n<meta name=\"robots\" content=\"index, follow, max-snippet:-1, max-image-preview:large, max-video-preview:-1\" \/>\n<link rel=\"canonical\" href=\"https:\/\/qqpets.com\/sl\/izdelek\/reflective-dog-collar\/\" \/>\n<meta property=\"og:locale\" content=\"sl_SI\" \/>\n<meta property=\"og:type\" content=\"article\" \/>\n<meta property=\"og:title\" content=\"Reflective Dog Collar | QQPETS\" \/>\n<meta property=\"og:description\" content=\"Boost nighttime safety with our Reflective Dog Collar. High visibility for evening walks. Secure and stylish!\" \/>\n<meta property=\"og:url\" content=\"https:\/\/qqpets.com\/sl\/izdelek\/reflective-dog-collar\/\" \/>\n<meta property=\"og:site_name\" content=\"QQPETS\" \/>\n<meta property=\"article:publisher\" content=\"https:\/\/www.facebook.com\/QQpetsdogcollars\" \/>\n<meta property=\"article:modified_time\" content=\"2024-09-03T08:47:29+00:00\" \/>\n<meta property=\"og:image\" content=\"https:\/\/qqpets.com\/wp-content\/uploads\/2024\/08\/Adjustable-Print-Basic-Dog-Collar-1.webp\" \/>\n\t<meta property=\"og:image:width\" content=\"1600\" \/>\n\t<meta property=\"og:image:height\" content=\"1600\" \/>\n\t<meta property=\"og:image:type\" content=\"image\/webp\" \/>\n<meta name=\"twitter:card\" content=\"summary_large_image\" \/>\n<meta name=\"twitter:label1\" content=\"Est. reading time\" \/>\n\t<meta name=\"twitter:data1\" content=\"3 minute\" \/>\n<script type=\"application\/ld+json\" class=\"yoast-schema-graph\">{\"@context\":\"https:\/\/schema.org\",\"@graph\":[{\"@type\":\"WebPage\",\"@id\":\"https:\/\/qqpets.com\/product\/reflective-dog-collar\/\",\"url\":\"https:\/\/qqpets.com\/product\/reflective-dog-collar\/\",\"name\":\"Reflective Dog Collar | QQPETS\",\"isPartOf\":{\"@id\":\"https:\/\/qqpets.com\/#website\"},\"primaryImageOfPage\":{\"@id\":\"https:\/\/qqpets.com\/product\/reflective-dog-collar\/#primaryimage\"},\"image\":{\"@id\":\"https:\/\/qqpets.com\/product\/reflective-dog-collar\/#primaryimage\"},\"thumbnailUrl\":\"https:\/\/qqpets.com\/wp-content\/uploads\/2024\/08\/Adjustable-Print-Basic-Dog-Collar-1.webp\",\"datePublished\":\"2024-09-02T07:40:07+00:00\",\"dateModified\":\"2024-09-03T08:47:29+00:00\",\"description\":\"Boost nighttime safety with our Reflective Dog Collar. High visibility for evening walks. Secure and stylish!\",\"breadcrumb\":{\"@id\":\"https:\/\/qqpets.com\/product\/reflective-dog-collar\/#breadcrumb\"},\"inLanguage\":\"sl-SI\",\"potentialAction\":[{\"@type\":\"ReadAction\",\"target\":[\"https:\/\/qqpets.com\/product\/reflective-dog-collar\/\"]}]},{\"@type\":\"ImageObject\",\"inLanguage\":\"sl-SI\",\"@id\":\"https:\/\/qqpets.com\/product\/reflective-dog-collar\/#primaryimage\",\"url\":\"https:\/\/qqpets.com\/wp-content\/uploads\/2024\/08\/Adjustable-Print-Basic-Dog-Collar-1.webp\",\"contentUrl\":\"https:\/\/qqpets.com\/wp-content\/uploads\/2024\/08\/Adjustable-Print-Basic-Dog-Collar-1.webp\",\"width\":1600,\"height\":1600},{\"@type\":\"BreadcrumbList\",\"@id\":\"https:\/\/qqpets.com\/product\/reflective-dog-collar\/#breadcrumb\",\"itemListElement\":[{\"@type\":\"ListItem\",\"position\":1,\"name\":\"Home\",\"item\":\"https:\/\/qqpets.com\/\"},{\"@type\":\"ListItem\",\"position\":2,\"name\":\"Products\",\"item\":\"https:\/\/qqpets.com\/pet-products-manufacturer\/\"},{\"@type\":\"ListItem\",\"position\":3,\"name\":\"Reflective Dog Collar\"}]},{\"@type\":\"WebSite\",\"@id\":\"https:\/\/qqpets.com\/#website\",\"url\":\"https:\/\/qqpets.com\/\",\"name\":\"QQPETS\",\"description\":\"QQPETS is a pet products factory for dog harnesses, dog collars, dog leashes and dog accessories with professional customized service since 2005.\",\"publisher\":{\"@id\":\"https:\/\/qqpets.com\/#organization\"},\"potentialAction\":[{\"@type\":\"SearchAction\",\"target\":{\"@type\":\"EntryPoint\",\"urlTemplate\":\"https:\/\/qqpets.com\/?s={search_term_string}\"},\"query-input\":{\"@type\":\"PropertyValueSpecification\",\"valueRequired\":true,\"valueName\":\"search_term_string\"}}],\"inLanguage\":\"sl-SI\"},{\"@type\":\"Organization\",\"@id\":\"https:\/\/qqpets.com\/#organization\",\"name\":\"QQPETS\",\"url\":\"https:\/\/qqpets.com\/\",\"logo\":{\"@type\":\"ImageObject\",\"inLanguage\":\"sl-SI\",\"@id\":\"https:\/\/qqpets.com\/#\/schema\/logo\/image\/\",\"url\":\"https:\/\/qqpets.com\/wp-content\/uploads\/2023\/09\/cropped-cropped-qqpets-tiktok.jpg\",\"contentUrl\":\"https:\/\/qqpets.com\/wp-content\/uploads\/2023\/09\/cropped-cropped-qqpets-tiktok.jpg\",\"width\":511,\"height\":511,\"caption\":\"QQPETS\"},\"image\":{\"@id\":\"https:\/\/qqpets.com\/#\/schema\/logo\/image\/\"},\"sameAs\":[\"https:\/\/www.facebook.com\/QQpetsdogcollars\",\"https:\/\/www.instagram.com\/qqpetscollar\/\",\"https:\/\/www.pinterest.com\/qqpetsdogcollarsfactory\/\"]}]}<\/script>\n<!-- \/ Yoast SEO plugin. -->","yoast_head_json":{"title":"Odsevna pasja ovratnica | QQPETS","description":"Pove\u010dajte varnost pono\u010di z na\u0161o odsevno ovratnico za pse. Visoka vidljivost za ve\u010derne sprehode. Varna in elegantna!","robots":{"index":"index","follow":"follow","max-snippet":"max-snippet:-1","max-image-preview":"max-image-preview:large","max-video-preview":"max-video-preview:-1"},"canonical":"https:\/\/qqpets.com\/sl\/izdelek\/reflective-dog-collar\/","og_locale":"sl_SI","og_type":"article","og_title":"Reflective Dog Collar | QQPETS","og_description":"Boost nighttime safety with our Reflective Dog Collar. High visibility for evening walks. Secure and stylish!","og_url":"https:\/\/qqpets.com\/sl\/izdelek\/reflective-dog-collar\/","og_site_name":"QQPETS","article_publisher":"https:\/\/www.facebook.com\/QQpetsdogcollars","article_modified_time":"2024-09-03T08:47:29+00:00","og_image":[{"width":1600,"height":1600,"url":"https:\/\/qqpets.com\/wp-content\/uploads\/2024\/08\/Adjustable-Print-Basic-Dog-Collar-1.webp","type":"image\/webp"}],"twitter_card":"summary_large_image","twitter_misc":{"Est. reading time":"3 minute"},"schema":{"@context":"https:\/\/schema.org","@graph":[{"@type":"WebPage","@id":"https:\/\/qqpets.com\/product\/reflective-dog-collar\/","url":"https:\/\/qqpets.com\/product\/reflective-dog-collar\/","name":"Odsevna pasja ovratnica | QQPETS","isPartOf":{"@id":"https:\/\/qqpets.com\/#website"},"primaryImageOfPage":{"@id":"https:\/\/qqpets.com\/product\/reflective-dog-collar\/#primaryimage"},"image":{"@id":"https:\/\/qqpets.com\/product\/reflective-dog-collar\/#primaryimage"},"thumbnailUrl":"https:\/\/qqpets.com\/wp-content\/uploads\/2024\/08\/Adjustable-Print-Basic-Dog-Collar-1.webp","datePublished":"2024-09-02T07:40:07+00:00","dateModified":"2024-09-03T08:47:29+00:00","description":"Pove\u010dajte varnost pono\u010di z na\u0161o odsevno ovratnico za pse. Visoka vidljivost za ve\u010derne sprehode. Varna in elegantna!","breadcrumb":{"@id":"https:\/\/qqpets.com\/product\/reflective-dog-collar\/#breadcrumb"},"inLanguage":"sl-SI","potentialAction":[{"@type":"ReadAction","target":["https:\/\/qqpets.com\/product\/reflective-dog-collar\/"]}]},{"@type":"ImageObject","inLanguage":"sl-SI","@id":"https:\/\/qqpets.com\/product\/reflective-dog-collar\/#primaryimage","url":"https:\/\/qqpets.com\/wp-content\/uploads\/2024\/08\/Adjustable-Print-Basic-Dog-Collar-1.webp","contentUrl":"https:\/\/qqpets.com\/wp-content\/uploads\/2024\/08\/Adjustable-Print-Basic-Dog-Collar-1.webp","width":1600,"height":1600},{"@type":"BreadcrumbList","@id":"https:\/\/qqpets.com\/product\/reflective-dog-collar\/#breadcrumb","itemListElement":[{"@type":"ListItem","position":1,"name":"Home","item":"https:\/\/qqpets.com\/"},{"@type":"ListItem","position":2,"name":"Products","item":"https:\/\/qqpets.com\/pet-products-manufacturer\/"},{"@type":"ListItem","position":3,"name":"Reflective Dog Collar"}]},{"@type":"WebSite","@id":"https:\/\/qqpets.com\/#website","url":"https:\/\/qqpets.com\/","name":"QQPETS","description":"QQPETS je tovarna izdelkov za hi\u0161ne ljubljen\u010dke za pasje postroje, pasje ovratnice, pasje povodce in pasje dodatke s strokovno prilagojeno storitvijo od leta 2005.","publisher":{"@id":"https:\/\/qqpets.com\/#organization"},"potentialAction":[{"@type":"SearchAction","target":{"@type":"EntryPoint","urlTemplate":"https:\/\/qqpets.com\/?s={search_term_string}"},"query-input":{"@type":"PropertyValueSpecification","valueRequired":true,"valueName":"search_term_string"}}],"inLanguage":"sl-SI"},{"@type":"Organization","@id":"https:\/\/qqpets.com\/#organization","name":"QQPETS","url":"https:\/\/qqpets.com\/","logo":{"@type":"ImageObject","inLanguage":"sl-SI","@id":"https:\/\/qqpets.com\/#\/schema\/logo\/image\/","url":"https:\/\/qqpets.com\/wp-content\/uploads\/2023\/09\/cropped-cropped-qqpets-tiktok.jpg","contentUrl":"https:\/\/qqpets.com\/wp-content\/uploads\/2023\/09\/cropped-cropped-qqpets-tiktok.jpg","width":511,"height":511,"caption":"QQPETS"},"image":{"@id":"https:\/\/qqpets.com\/#\/schema\/logo\/image\/"},"sameAs":["https:\/\/www.facebook.com\/QQpetsdogcollars","https:\/\/www.instagram.com\/qqpetscollar\/","https:\/\/www.pinterest.com\/qqpetsdogcollarsfactory\/"]}]}},"_links":{"self":[{"href":"https:\/\/qqpets.com\/sl\/wp-json\/wp\/v2\/product\/7748","targetHints":{"allow":["GET"]}}],"collection":[{"href":"https:\/\/qqpets.com\/sl\/wp-json\/wp\/v2\/product"}],"about":[{"href":"https:\/\/qqpets.com\/sl\/wp-json\/wp\/v2\/types\/product"}],"wp:featuredmedia":[{"embeddable":true,"href":"https:\/\/qqpets.com\/sl\/wp-json\/wp\/v2\/media\/7673"}],"wp:attachment":[{"href":"https:\/\/qqpets.com\/sl\/wp-json\/wp\/v2\/media?parent=7748"}],"wp:term":[{"taxonomy":"product_brand","embeddable":true,"href":"https:\/\/qqpets.com\/sl\/wp-json\/wp\/v2\/product_brand?post=7748"},{"taxonomy":"product_cat","embeddable":true,"href":"https:\/\/qqpets.com\/sl\/wp-json\/wp\/v2\/product_cat?post=7748"},{"taxonomy":"product_tag","embeddable":true,"href":"https:\/\/qqpets.com\/sl\/wp-json\/wp\/v2\/product_tag?post=7748"}],"curies":[{"name":"wp","href":"https:\/\/api.w.org\/{rel}","templated":true}]}}