{"id":7790,"date":"2024-09-03T17:20:44","date_gmt":"2024-09-03T09:20:44","guid":{"rendered":"https:\/\/qqpets.com\/?post_type=product&#038;p=7790"},"modified":"2024-09-03T17:20:44","modified_gmt":"2024-09-03T09:20:44","slug":"reflective-rope-dog-leash","status":"publish","type":"product","link":"https:\/\/qqpets.com\/sl\/izdelek\/reflective-rope-dog-leash\/","title":{"rendered":"Odsevni povodec za pse"},"content":{"rendered":"<p>Z na\u0161im vrhunskim vrvnim povodcem za pse uvedite novo raven sloga in mo\u010di na vsakodnevnih sprehodih. Ta povodec je skrbno izdelan iz visokokakovostne pletene vrvi, ki je zasnovana tako, da zdr\u017ei tudi najhuj\u0161e vleke in potege najbolj navdu\u0161enih psov. Robustna konstrukcija zagotavlja dolgotrajno vzdr\u017eljivost, zato je popolna izbira za vse pasme, velikosti in starosti.<\/p>\n<p>Ergonomsko oblikovan ro\u010daj je oblazinjen za udobje, kar zmanj\u0161uje utrujenost rok in zagotavlja prijetno hojo tudi med dalj\u0161imi izleti. Ta lastnost je \u0161e posebej koristna za lastnike \u017eivali ve\u010djih pasem ali tiste, ki u\u017eivajo v aktivnih dogodiv\u0161\u010dinah, pri katerih je potreben zanesljiv oprijem.<\/p>\n<p>Na\u0161 vrvni povodec za pse je opremljen s trpe\u017eno zaponko, ki zagotavlja varno povezavo z ovratnico ali pasjo opravo va\u0161ega psa in zagotavlja, da je va\u0161 spremljevalec vedno varno privezan. Elegantna, pletena zasnova ne dodaja le pridiha elegance, temve\u010d tudi zagotavlja, da je povodec enostaven za \u010di\u0161\u010denje in vzdr\u017eevanje, saj je odporen na vse vremenske razmere, ne da bi se zdrgnil ali zbledela.<\/p>\n<p>Na\u0161 vrvni povodec za pse je na voljo v razli\u010dnih barvah in omogo\u010da izra\u017eanje osebnega sloga va\u0161ega ljubljen\u010dka, hkrati pa zagotavlja, da varnost in funkcionalnost nista nikoli ogro\u017eeni. Ta povodec je popoln spremljevalec za vse va\u0161e pustolov\u0161\u010dine na prostem, ne glede na to, ali se gibljete po prometnih mestnih ulicah ali raziskujete razgibane poti, saj zdru\u017euje neprimerljivo mo\u010d in modni videz.<\/p>\n<p>Izberite na\u0161 vrvni povodec za pse, ki je zanesljiva, elegantna in prakti\u010dna re\u0161itev za sprehajanje va\u0161ega ljubljen\u010dka, s katero bo vsak sprehod prijeten in varen.<\/p>\n<h5><strong>Ali so vrvni povodci bolj\u0161i za pse?<\/strong><\/h5>\n<p>Vrvni povodci so zaradi svoje trpe\u017enosti in trdnosti primernej\u0161i za pse, zlasti tiste, ki vle\u010dejo. Poleg tega zagotavljajo dober oprijem za lastnike, kar je koristno pri usposabljanju ali v situacijah, ko je nadzor klju\u010dnega pomena.<\/p>\n<h5><strong>Katera vrv je primerna za pasji povodec?<\/strong><\/h5>\n<p>Najlonska vrv za plezanje se pogosto uporablja za pasje povodce, saj je mo\u010dna, vzdr\u017eljiva in ima udoben oprijem. Odporna je tudi na vremenske vplive in zdr\u017ei silo, ki jo povzro\u010da vleka psov.<\/p>\n<h5><strong>Ali so vrvne ovratnice za pse varne?<\/strong><\/h5>\n<p>Vrvne ovratnice za pse so lahko varne, \u010de so ustrezno dimenzionirane in izdelane iz mehkega in trpe\u017enega materiala. Vendar jih ne smete uporabljati kot primarno ovratnico za pritrditev identifikacijskih oznak ali za pse, ki mo\u010dno vle\u010dejo, saj lahko vrv s\u010dasoma obrablja ko\u017euh in povzro\u010di dra\u017eenje.<\/p>\n<h5><strong>Kako se imenuje pasja vrv?<\/strong><\/h5>\n<p>Za pasjo vrv se obi\u010dajno uporablja izraz \"povodec\" ali v\u010dasih \"vodilo\", ki se nana\u0161a na vrv za vodenje ali nadzor psa med sprehodi ali usposabljanjem.<\/p>","protected":false},"excerpt":{"rendered":"<p>Izkusite popolno kombinacijo vzdr\u017eljivosti in sloga z na\u0161im vrvnim povodcem za pse. Ta povodec je izdelan iz visokokakovostne pletene vrvi in zagotavlja izjemno trdnost za vse velikosti psov. Udoben ro\u010daj za oprijem zagotavlja enostavno uporabo med dolgimi sprehodi, mo\u010dna zaponka pa zagotavlja varno pritrditev na ovratnico va\u0161ega psa. Idealen je za vsakodnevno uporabo, saj zdru\u017euje funkcionalnost z elegantnim, sodobnim dizajnom, kar zagotavlja varnost in slog na va\u0161ih pustolov\u0161\u010dinah.<\/p>","protected":false},"featured_media":7791,"template":"","meta":[],"product_brand":[],"product_cat":[27],"product_tag":[],"class_list":{"0":"post-7790","1":"product","2":"type-product","3":"status-publish","4":"has-post-thumbnail","6":"product_cat-dog-leash","7":"pa_brand-qqpets","9":"first","10":"instock","11":"shipping-taxable","12":"product-type-simple"},"yoast_head":"<!-- This site is optimized with the Yoast SEO plugin v26.6 - https:\/\/yoast.com\/wordpress\/plugins\/seo\/ -->\n<title>Reflective Rope Dog Leash | QQPETS<\/title>\n<meta name=\"description\" content=\"Discover the durability of our Rope Dog Leash. Strong, stylish, and secure. Ideal for daily walks. Shop now!\" \/>\n<meta name=\"robots\" content=\"index, follow, max-snippet:-1, max-image-preview:large, max-video-preview:-1\" \/>\n<link rel=\"canonical\" href=\"https:\/\/qqpets.com\/sl\/izdelek\/reflective-rope-dog-leash\/\" \/>\n<meta property=\"og:locale\" content=\"sl_SI\" \/>\n<meta property=\"og:type\" content=\"article\" \/>\n<meta property=\"og:title\" content=\"Reflective Rope Dog Leash | QQPETS\" \/>\n<meta property=\"og:description\" content=\"Discover the durability of our Rope Dog Leash. Strong, stylish, and secure. Ideal for daily walks. Shop now!\" \/>\n<meta property=\"og:url\" content=\"https:\/\/qqpets.com\/sl\/izdelek\/reflective-rope-dog-leash\/\" \/>\n<meta property=\"og:site_name\" content=\"QQPETS\" \/>\n<meta property=\"article:publisher\" content=\"https:\/\/www.facebook.com\/QQpetsdogcollars\" \/>\n<meta property=\"og:image\" content=\"https:\/\/qqpets.com\/wp-content\/uploads\/2024\/09\/rope-dog-leash1.webp\" \/>\n\t<meta property=\"og:image:width\" content=\"892\" \/>\n\t<meta property=\"og:image:height\" content=\"968\" \/>\n\t<meta property=\"og:image:type\" content=\"image\/webp\" \/>\n<meta name=\"twitter:card\" content=\"summary_large_image\" \/>\n<meta name=\"twitter:label1\" content=\"Est. reading time\" \/>\n\t<meta name=\"twitter:data1\" content=\"3 minute\" \/>\n<script type=\"application\/ld+json\" class=\"yoast-schema-graph\">{\"@context\":\"https:\/\/schema.org\",\"@graph\":[{\"@type\":\"WebPage\",\"@id\":\"https:\/\/qqpets.com\/product\/reflective-rope-dog-leash\/\",\"url\":\"https:\/\/qqpets.com\/product\/reflective-rope-dog-leash\/\",\"name\":\"Reflective Rope Dog Leash | QQPETS\",\"isPartOf\":{\"@id\":\"https:\/\/qqpets.com\/#website\"},\"primaryImageOfPage\":{\"@id\":\"https:\/\/qqpets.com\/product\/reflective-rope-dog-leash\/#primaryimage\"},\"image\":{\"@id\":\"https:\/\/qqpets.com\/product\/reflective-rope-dog-leash\/#primaryimage\"},\"thumbnailUrl\":\"https:\/\/qqpets.com\/wp-content\/uploads\/2024\/09\/rope-dog-leash1.webp\",\"datePublished\":\"2024-09-03T09:20:44+00:00\",\"description\":\"Discover the durability of our Rope Dog Leash. Strong, stylish, and secure. Ideal for daily walks. Shop now!\",\"breadcrumb\":{\"@id\":\"https:\/\/qqpets.com\/product\/reflective-rope-dog-leash\/#breadcrumb\"},\"inLanguage\":\"sl-SI\",\"potentialAction\":[{\"@type\":\"ReadAction\",\"target\":[\"https:\/\/qqpets.com\/product\/reflective-rope-dog-leash\/\"]}]},{\"@type\":\"ImageObject\",\"inLanguage\":\"sl-SI\",\"@id\":\"https:\/\/qqpets.com\/product\/reflective-rope-dog-leash\/#primaryimage\",\"url\":\"https:\/\/qqpets.com\/wp-content\/uploads\/2024\/09\/rope-dog-leash1.webp\",\"contentUrl\":\"https:\/\/qqpets.com\/wp-content\/uploads\/2024\/09\/rope-dog-leash1.webp\",\"width\":892,\"height\":968},{\"@type\":\"BreadcrumbList\",\"@id\":\"https:\/\/qqpets.com\/product\/reflective-rope-dog-leash\/#breadcrumb\",\"itemListElement\":[{\"@type\":\"ListItem\",\"position\":1,\"name\":\"Home\",\"item\":\"https:\/\/qqpets.com\/\"},{\"@type\":\"ListItem\",\"position\":2,\"name\":\"Products\",\"item\":\"https:\/\/qqpets.com\/pet-products-manufacturer\/\"},{\"@type\":\"ListItem\",\"position\":3,\"name\":\"Reflective Rope Dog Leash\"}]},{\"@type\":\"WebSite\",\"@id\":\"https:\/\/qqpets.com\/#website\",\"url\":\"https:\/\/qqpets.com\/\",\"name\":\"QQPETS\",\"description\":\"QQPETS is a pet products factory for dog harnesses, dog collars, dog leashes and dog accessories with professional customized service since 2005.\",\"publisher\":{\"@id\":\"https:\/\/qqpets.com\/#organization\"},\"potentialAction\":[{\"@type\":\"SearchAction\",\"target\":{\"@type\":\"EntryPoint\",\"urlTemplate\":\"https:\/\/qqpets.com\/?s={search_term_string}\"},\"query-input\":{\"@type\":\"PropertyValueSpecification\",\"valueRequired\":true,\"valueName\":\"search_term_string\"}}],\"inLanguage\":\"sl-SI\"},{\"@type\":\"Organization\",\"@id\":\"https:\/\/qqpets.com\/#organization\",\"name\":\"QQPETS\",\"url\":\"https:\/\/qqpets.com\/\",\"logo\":{\"@type\":\"ImageObject\",\"inLanguage\":\"sl-SI\",\"@id\":\"https:\/\/qqpets.com\/#\/schema\/logo\/image\/\",\"url\":\"https:\/\/qqpets.com\/wp-content\/uploads\/2023\/09\/cropped-cropped-qqpets-tiktok.jpg\",\"contentUrl\":\"https:\/\/qqpets.com\/wp-content\/uploads\/2023\/09\/cropped-cropped-qqpets-tiktok.jpg\",\"width\":511,\"height\":511,\"caption\":\"QQPETS\"},\"image\":{\"@id\":\"https:\/\/qqpets.com\/#\/schema\/logo\/image\/\"},\"sameAs\":[\"https:\/\/www.facebook.com\/QQpetsdogcollars\",\"https:\/\/www.instagram.com\/qqpetscollar\/\",\"https:\/\/www.pinterest.com\/qqpetsdogcollarsfactory\/\"]}]}<\/script>\n<!-- \/ Yoast SEO plugin. -->","yoast_head_json":{"title":"Odsevni povodec za pse | QQPETS","description":"Odkrijte vzdr\u017eljivost na\u0161ega vrvnega povodca za pse. Mo\u010dan, eleganten in varen. Idealen za vsakodnevne sprehode. Kupujte zdaj!","robots":{"index":"index","follow":"follow","max-snippet":"max-snippet:-1","max-image-preview":"max-image-preview:large","max-video-preview":"max-video-preview:-1"},"canonical":"https:\/\/qqpets.com\/sl\/izdelek\/reflective-rope-dog-leash\/","og_locale":"sl_SI","og_type":"article","og_title":"Reflective Rope Dog Leash | QQPETS","og_description":"Discover the durability of our Rope Dog Leash. Strong, stylish, and secure. Ideal for daily walks. Shop now!","og_url":"https:\/\/qqpets.com\/sl\/izdelek\/reflective-rope-dog-leash\/","og_site_name":"QQPETS","article_publisher":"https:\/\/www.facebook.com\/QQpetsdogcollars","og_image":[{"width":892,"height":968,"url":"https:\/\/qqpets.com\/wp-content\/uploads\/2024\/09\/rope-dog-leash1.webp","type":"image\/webp"}],"twitter_card":"summary_large_image","twitter_misc":{"Est. reading time":"3 minute"},"schema":{"@context":"https:\/\/schema.org","@graph":[{"@type":"WebPage","@id":"https:\/\/qqpets.com\/product\/reflective-rope-dog-leash\/","url":"https:\/\/qqpets.com\/product\/reflective-rope-dog-leash\/","name":"Odsevni povodec za pse | QQPETS","isPartOf":{"@id":"https:\/\/qqpets.com\/#website"},"primaryImageOfPage":{"@id":"https:\/\/qqpets.com\/product\/reflective-rope-dog-leash\/#primaryimage"},"image":{"@id":"https:\/\/qqpets.com\/product\/reflective-rope-dog-leash\/#primaryimage"},"thumbnailUrl":"https:\/\/qqpets.com\/wp-content\/uploads\/2024\/09\/rope-dog-leash1.webp","datePublished":"2024-09-03T09:20:44+00:00","description":"Odkrijte vzdr\u017eljivost na\u0161ega vrvnega povodca za pse. Mo\u010dan, eleganten in varen. Idealen za vsakodnevne sprehode. Kupujte zdaj!","breadcrumb":{"@id":"https:\/\/qqpets.com\/product\/reflective-rope-dog-leash\/#breadcrumb"},"inLanguage":"sl-SI","potentialAction":[{"@type":"ReadAction","target":["https:\/\/qqpets.com\/product\/reflective-rope-dog-leash\/"]}]},{"@type":"ImageObject","inLanguage":"sl-SI","@id":"https:\/\/qqpets.com\/product\/reflective-rope-dog-leash\/#primaryimage","url":"https:\/\/qqpets.com\/wp-content\/uploads\/2024\/09\/rope-dog-leash1.webp","contentUrl":"https:\/\/qqpets.com\/wp-content\/uploads\/2024\/09\/rope-dog-leash1.webp","width":892,"height":968},{"@type":"BreadcrumbList","@id":"https:\/\/qqpets.com\/product\/reflective-rope-dog-leash\/#breadcrumb","itemListElement":[{"@type":"ListItem","position":1,"name":"Home","item":"https:\/\/qqpets.com\/"},{"@type":"ListItem","position":2,"name":"Products","item":"https:\/\/qqpets.com\/pet-products-manufacturer\/"},{"@type":"ListItem","position":3,"name":"Reflective Rope Dog Leash"}]},{"@type":"WebSite","@id":"https:\/\/qqpets.com\/#website","url":"https:\/\/qqpets.com\/","name":"QQPETS","description":"QQPETS je tovarna izdelkov za hi\u0161ne ljubljen\u010dke za pasje postroje, pasje ovratnice, pasje povodce in pasje dodatke s strokovno prilagojeno storitvijo od leta 2005.","publisher":{"@id":"https:\/\/qqpets.com\/#organization"},"potentialAction":[{"@type":"SearchAction","target":{"@type":"EntryPoint","urlTemplate":"https:\/\/qqpets.com\/?s={search_term_string}"},"query-input":{"@type":"PropertyValueSpecification","valueRequired":true,"valueName":"search_term_string"}}],"inLanguage":"sl-SI"},{"@type":"Organization","@id":"https:\/\/qqpets.com\/#organization","name":"QQPETS","url":"https:\/\/qqpets.com\/","logo":{"@type":"ImageObject","inLanguage":"sl-SI","@id":"https:\/\/qqpets.com\/#\/schema\/logo\/image\/","url":"https:\/\/qqpets.com\/wp-content\/uploads\/2023\/09\/cropped-cropped-qqpets-tiktok.jpg","contentUrl":"https:\/\/qqpets.com\/wp-content\/uploads\/2023\/09\/cropped-cropped-qqpets-tiktok.jpg","width":511,"height":511,"caption":"QQPETS"},"image":{"@id":"https:\/\/qqpets.com\/#\/schema\/logo\/image\/"},"sameAs":["https:\/\/www.facebook.com\/QQpetsdogcollars","https:\/\/www.instagram.com\/qqpetscollar\/","https:\/\/www.pinterest.com\/qqpetsdogcollarsfactory\/"]}]}},"_links":{"self":[{"href":"https:\/\/qqpets.com\/sl\/wp-json\/wp\/v2\/product\/7790","targetHints":{"allow":["GET"]}}],"collection":[{"href":"https:\/\/qqpets.com\/sl\/wp-json\/wp\/v2\/product"}],"about":[{"href":"https:\/\/qqpets.com\/sl\/wp-json\/wp\/v2\/types\/product"}],"wp:featuredmedia":[{"embeddable":true,"href":"https:\/\/qqpets.com\/sl\/wp-json\/wp\/v2\/media\/7791"}],"wp:attachment":[{"href":"https:\/\/qqpets.com\/sl\/wp-json\/wp\/v2\/media?parent=7790"}],"wp:term":[{"taxonomy":"product_brand","embeddable":true,"href":"https:\/\/qqpets.com\/sl\/wp-json\/wp\/v2\/product_brand?post=7790"},{"taxonomy":"product_cat","embeddable":true,"href":"https:\/\/qqpets.com\/sl\/wp-json\/wp\/v2\/product_cat?post=7790"},{"taxonomy":"product_tag","embeddable":true,"href":"https:\/\/qqpets.com\/sl\/wp-json\/wp\/v2\/product_tag?post=7790"}],"curies":[{"name":"wp","href":"https:\/\/api.w.org\/{rel}","templated":true}]}}