{"id":7797,"date":"2024-09-03T16:36:52","date_gmt":"2024-09-03T08:36:52","guid":{"rendered":"https:\/\/qqpets.com\/?post_type=product&#038;p=7797"},"modified":"2024-09-03T16:36:52","modified_gmt":"2024-09-03T08:36:52","slug":"martingale-dog-collar","status":"publish","type":"product","link":"https:\/\/qqpets.com\/sl\/izdelek\/martingale-dog-collar\/","title":{"rendered":"Ovratnica za pse Martingale"},"content":{"rendered":"<p>Predstavljamo ovratnico Martingale za pse, ki je klju\u010dno orodje za u\u010dinkovito in varno \u0161olanje. Ta ovratnica je posebej zasnovana za bolj\u0161i nadzor nad psi, ki so nagnjeni k vle\u010denju, brez krutosti tradicionalnih du\u0161ilnih ovratnic. Odlikuje jo zasnova z dvojno zanko, ki omogo\u010da, da se ovratnica sorazmerno zategne kot odziv na vle\u010denje, kar zagotavlja ne\u017eno korekcijo.<\/p>\n<p>Na\u0161a ovratnica Martingale je izdelana iz vrhunskih materialov, ki zagotavljajo trpe\u017enost in vzdr\u017eijo vsakodnevno uporabo. Edinstvena struktura vklju\u010duje omejeno zapiranje, kar pomeni, da se ovratnica zategne do to\u010dke, vendar ne du\u0161i, zato je varna in u\u010dinkovita za usposabljanje. Ta funkcija je \u0161e posebej koristna za pasme, ki so nagnjene k zdrsu iz obi\u010dajnih ovratnic, saj zagotavlja varno prileganje, hkrati pa zagotavlja udobje va\u0161ega psa.<\/p>\n<p>Nastavljivost je klju\u010dna sestavina na\u0161e ovratnice, saj omogo\u010da tesno prileganje, ki ga lahko prilagodite specifi\u010dni velikosti vratu va\u0161ega psa. Zaradi te prilagodljivosti je ovratnica primerna za skoraj vse pasme, saj zagotavlja pravo mero korekcije brez neprijetnosti.<\/p>\n<p>Ovratnica Martingale je idealna za uporabo pri usposabljanju, rednih sprehodih in v gne\u010di, kjer potrebujete dodaten nadzor, saj pomaga voditi psa z enakomernim pritiskom okoli vratu in ne na enem mestu. To metodo priznavajo trenerji zaradi njene u\u010dinkovitosti in humanega pristopa k u\u010denju dobrega vedenja na povodcu.<\/p>\n<p>Opremite svojega psa z na\u0161o ovratnico Martingale in si zagotovite varnej\u0161e in prijetnej\u0161e sprehode in treninge. Je zanesljiva, humana in elegantna izbira za lastnike hi\u0161nih ljubljen\u010dkov, ki si prizadevajo za najbolj\u0161o nego in usposabljanje svojih ljubljen\u010dkov.<\/p>\n<h5><strong>Ali so ovratnice martingale dobre za pse?<\/strong><\/h5>\n<p>Da, ovratnice martingale so dobre za pse, zlasti za tiste, ki so nagnjeni k temu, da zdrsnejo iz obi\u010dajnih ovratnic. Zagotavljajo varnej\u0161o alternativo, saj se rahlo zategnejo pod napetostjo, kar zagotavlja varno prileganje brez tveganj, povezanih z du\u0161ilnimi ovratnicami.<\/p>\n<h5><strong>Kaj martin\u010dkanje naredi za psa?<\/strong><\/h5>\n<p>Ovratnica martingale je zasnovana tako, da se ne\u017eno zategne, ko pes vle\u010de za povodec, kar zagotavlja nadzor in prepre\u010duje, da bi pes zdrsnil iz ovratnice. Zategne se ravno toliko, da je u\u010dinkovita, vendar ne toliko, da bi psa zadu\u0161ila ali po\u0161kodovala, zato je idealna za \u0161olanje in sprehode.<\/p>\n<h5><strong>Ali ovratnice martingale ustavijo vle\u010denje?<\/strong><\/h5>\n<p>Ovratnice Martingale ne prepre\u010dujejo, da bi pes sam po sebi potegnil. Njihov namen je zagotoviti varnej\u0161i nadzor nad psi, ki bi se lahko posku\u0161ali umakniti iz ovratnice. Vendar jih je mogo\u010de u\u010dinkovito uporabiti kot del strategije usposabljanja za u\u010denje bolj\u0161ega vedenja na povodcu z ne\u017eno povratno informacijo, ko pes vle\u010de.<\/p>\n<h5><strong>Ali lahko pes ves \u010das nosi martingale?<\/strong><\/h5>\n<p>Ni priporo\u010dljivo, da pes ves \u010das nosi ovratnico martingale. Ovratnica je zasnovana tako, da se zateguje pod napetostjo, kar ni idealno za neprekinjeno no\u0161enje, zlasti brez nadzora. Uporabljati jo je treba predvsem med sprehodi ali treningi in jo nato sneti, da se prepre\u010di tveganje nenamernega zategovanja ali po\u0161kodb.<\/p>","protected":false},"excerpt":{"rendered":"<p>Optimizirajte usposabljanje z na\u0161o ovratnico Martingale, ki je zasnovana za ne\u017eno korekcijo brez du\u0161enja. Ta ovratnica se zategne pod napetostjo, vendar ima omejeno zapiranje, da je varna in humana. Izdelana je iz visokokakovostnih materialov, zato zagotavlja trpe\u017enost in udobje ter je idealna za vsakodnevne sprehode in treninge. Enostavno nastavljiva zasnova zagotavlja popolno prileganje za vse pasme, kar pove\u010duje nadzor in hkrati \u0161\u010diti vrat va\u0161ega psa.<\/p>","protected":false},"featured_media":7323,"template":"","meta":[],"product_brand":[],"product_cat":[26],"product_tag":[],"class_list":{"0":"post-7797","1":"product","2":"type-product","3":"status-publish","4":"has-post-thumbnail","6":"product_cat-dog-collar","7":"pa_brand-qqpets","9":"first","10":"instock","11":"shipping-taxable","12":"product-type-simple"},"yoast_head":"<!-- This site is optimized with the Yoast SEO plugin v26.6 - https:\/\/yoast.com\/wordpress\/plugins\/seo\/ -->\n<title>Martingale Dog Collar | QQPETS<\/title>\n<meta name=\"description\" content=\"Ensure safety with our Martingale Dog Collar. Perfect for training with gentle control. Durable and reliable!\" \/>\n<meta name=\"robots\" content=\"index, follow, max-snippet:-1, max-image-preview:large, max-video-preview:-1\" \/>\n<link rel=\"canonical\" href=\"https:\/\/qqpets.com\/sl\/izdelek\/martingale-dog-collar\/\" \/>\n<meta property=\"og:locale\" content=\"sl_SI\" \/>\n<meta property=\"og:type\" content=\"article\" \/>\n<meta property=\"og:title\" content=\"Martingale Dog Collar | QQPETS\" \/>\n<meta property=\"og:description\" content=\"Ensure safety with our Martingale Dog Collar. Perfect for training with gentle control. Durable and reliable!\" \/>\n<meta property=\"og:url\" content=\"https:\/\/qqpets.com\/sl\/izdelek\/martingale-dog-collar\/\" \/>\n<meta property=\"og:site_name\" content=\"QQPETS\" \/>\n<meta property=\"article:publisher\" content=\"https:\/\/www.facebook.com\/QQpetsdogcollars\" \/>\n<meta property=\"og:image\" content=\"https:\/\/qqpets.com\/wp-content\/uploads\/2023\/09\/martingale-dog-collar.webp\" \/>\n\t<meta property=\"og:image:width\" content=\"1000\" \/>\n\t<meta property=\"og:image:height\" content=\"1000\" \/>\n\t<meta property=\"og:image:type\" content=\"image\/webp\" \/>\n<meta name=\"twitter:card\" content=\"summary_large_image\" \/>\n<meta name=\"twitter:label1\" content=\"Est. reading time\" \/>\n\t<meta name=\"twitter:data1\" content=\"3 minute\" \/>\n<script type=\"application\/ld+json\" class=\"yoast-schema-graph\">{\"@context\":\"https:\/\/schema.org\",\"@graph\":[{\"@type\":\"WebPage\",\"@id\":\"https:\/\/qqpets.com\/product\/martingale-dog-collar\/\",\"url\":\"https:\/\/qqpets.com\/product\/martingale-dog-collar\/\",\"name\":\"Martingale Dog Collar | QQPETS\",\"isPartOf\":{\"@id\":\"https:\/\/qqpets.com\/#website\"},\"primaryImageOfPage\":{\"@id\":\"https:\/\/qqpets.com\/product\/martingale-dog-collar\/#primaryimage\"},\"image\":{\"@id\":\"https:\/\/qqpets.com\/product\/martingale-dog-collar\/#primaryimage\"},\"thumbnailUrl\":\"https:\/\/qqpets.com\/wp-content\/uploads\/2023\/09\/martingale-dog-collar.webp\",\"datePublished\":\"2024-09-03T08:36:52+00:00\",\"description\":\"Ensure safety with our Martingale Dog Collar. Perfect for training with gentle control. Durable and reliable!\",\"breadcrumb\":{\"@id\":\"https:\/\/qqpets.com\/product\/martingale-dog-collar\/#breadcrumb\"},\"inLanguage\":\"sl-SI\",\"potentialAction\":[{\"@type\":\"ReadAction\",\"target\":[\"https:\/\/qqpets.com\/product\/martingale-dog-collar\/\"]}]},{\"@type\":\"ImageObject\",\"inLanguage\":\"sl-SI\",\"@id\":\"https:\/\/qqpets.com\/product\/martingale-dog-collar\/#primaryimage\",\"url\":\"https:\/\/qqpets.com\/wp-content\/uploads\/2023\/09\/martingale-dog-collar.webp\",\"contentUrl\":\"https:\/\/qqpets.com\/wp-content\/uploads\/2023\/09\/martingale-dog-collar.webp\",\"width\":1000,\"height\":1000,\"caption\":\"martingale dog collar\"},{\"@type\":\"BreadcrumbList\",\"@id\":\"https:\/\/qqpets.com\/product\/martingale-dog-collar\/#breadcrumb\",\"itemListElement\":[{\"@type\":\"ListItem\",\"position\":1,\"name\":\"Home\",\"item\":\"https:\/\/qqpets.com\/\"},{\"@type\":\"ListItem\",\"position\":2,\"name\":\"Products\",\"item\":\"https:\/\/qqpets.com\/pet-products-manufacturer\/\"},{\"@type\":\"ListItem\",\"position\":3,\"name\":\"Martingale Dog Collar\"}]},{\"@type\":\"WebSite\",\"@id\":\"https:\/\/qqpets.com\/#website\",\"url\":\"https:\/\/qqpets.com\/\",\"name\":\"QQPETS\",\"description\":\"QQPETS is a pet products factory for dog harnesses, dog collars, dog leashes and dog accessories with professional customized service since 2005.\",\"publisher\":{\"@id\":\"https:\/\/qqpets.com\/#organization\"},\"potentialAction\":[{\"@type\":\"SearchAction\",\"target\":{\"@type\":\"EntryPoint\",\"urlTemplate\":\"https:\/\/qqpets.com\/?s={search_term_string}\"},\"query-input\":{\"@type\":\"PropertyValueSpecification\",\"valueRequired\":true,\"valueName\":\"search_term_string\"}}],\"inLanguage\":\"sl-SI\"},{\"@type\":\"Organization\",\"@id\":\"https:\/\/qqpets.com\/#organization\",\"name\":\"QQPETS\",\"url\":\"https:\/\/qqpets.com\/\",\"logo\":{\"@type\":\"ImageObject\",\"inLanguage\":\"sl-SI\",\"@id\":\"https:\/\/qqpets.com\/#\/schema\/logo\/image\/\",\"url\":\"https:\/\/qqpets.com\/wp-content\/uploads\/2023\/09\/cropped-cropped-qqpets-tiktok.jpg\",\"contentUrl\":\"https:\/\/qqpets.com\/wp-content\/uploads\/2023\/09\/cropped-cropped-qqpets-tiktok.jpg\",\"width\":511,\"height\":511,\"caption\":\"QQPETS\"},\"image\":{\"@id\":\"https:\/\/qqpets.com\/#\/schema\/logo\/image\/\"},\"sameAs\":[\"https:\/\/www.facebook.com\/QQpetsdogcollars\",\"https:\/\/www.instagram.com\/qqpetscollar\/\",\"https:\/\/www.pinterest.com\/qqpetsdogcollarsfactory\/\"]}]}<\/script>\n<!-- \/ Yoast SEO plugin. -->","yoast_head_json":{"title":"Pasja ovratnica Martingale | QQPETS","description":"Zagotovite varnost z na\u0161o ovratnico Martingale. Odli\u010dna za usposabljanje z ne\u017enim nadzorom. Trajna in zanesljiva!","robots":{"index":"index","follow":"follow","max-snippet":"max-snippet:-1","max-image-preview":"max-image-preview:large","max-video-preview":"max-video-preview:-1"},"canonical":"https:\/\/qqpets.com\/sl\/izdelek\/martingale-dog-collar\/","og_locale":"sl_SI","og_type":"article","og_title":"Martingale Dog Collar | QQPETS","og_description":"Ensure safety with our Martingale Dog Collar. Perfect for training with gentle control. Durable and reliable!","og_url":"https:\/\/qqpets.com\/sl\/izdelek\/martingale-dog-collar\/","og_site_name":"QQPETS","article_publisher":"https:\/\/www.facebook.com\/QQpetsdogcollars","og_image":[{"width":1000,"height":1000,"url":"https:\/\/qqpets.com\/wp-content\/uploads\/2023\/09\/martingale-dog-collar.webp","type":"image\/webp"}],"twitter_card":"summary_large_image","twitter_misc":{"Est. reading time":"3 minute"},"schema":{"@context":"https:\/\/schema.org","@graph":[{"@type":"WebPage","@id":"https:\/\/qqpets.com\/product\/martingale-dog-collar\/","url":"https:\/\/qqpets.com\/product\/martingale-dog-collar\/","name":"Pasja ovratnica Martingale | QQPETS","isPartOf":{"@id":"https:\/\/qqpets.com\/#website"},"primaryImageOfPage":{"@id":"https:\/\/qqpets.com\/product\/martingale-dog-collar\/#primaryimage"},"image":{"@id":"https:\/\/qqpets.com\/product\/martingale-dog-collar\/#primaryimage"},"thumbnailUrl":"https:\/\/qqpets.com\/wp-content\/uploads\/2023\/09\/martingale-dog-collar.webp","datePublished":"2024-09-03T08:36:52+00:00","description":"Zagotovite varnost z na\u0161o ovratnico Martingale. Odli\u010dna za usposabljanje z ne\u017enim nadzorom. Trajna in zanesljiva!","breadcrumb":{"@id":"https:\/\/qqpets.com\/product\/martingale-dog-collar\/#breadcrumb"},"inLanguage":"sl-SI","potentialAction":[{"@type":"ReadAction","target":["https:\/\/qqpets.com\/product\/martingale-dog-collar\/"]}]},{"@type":"ImageObject","inLanguage":"sl-SI","@id":"https:\/\/qqpets.com\/product\/martingale-dog-collar\/#primaryimage","url":"https:\/\/qqpets.com\/wp-content\/uploads\/2023\/09\/martingale-dog-collar.webp","contentUrl":"https:\/\/qqpets.com\/wp-content\/uploads\/2023\/09\/martingale-dog-collar.webp","width":1000,"height":1000,"caption":"martingale dog collar"},{"@type":"BreadcrumbList","@id":"https:\/\/qqpets.com\/product\/martingale-dog-collar\/#breadcrumb","itemListElement":[{"@type":"ListItem","position":1,"name":"Home","item":"https:\/\/qqpets.com\/"},{"@type":"ListItem","position":2,"name":"Products","item":"https:\/\/qqpets.com\/pet-products-manufacturer\/"},{"@type":"ListItem","position":3,"name":"Martingale Dog Collar"}]},{"@type":"WebSite","@id":"https:\/\/qqpets.com\/#website","url":"https:\/\/qqpets.com\/","name":"QQPETS","description":"QQPETS je tovarna izdelkov za hi\u0161ne ljubljen\u010dke za pasje postroje, pasje ovratnice, pasje povodce in pasje dodatke s strokovno prilagojeno storitvijo od leta 2005.","publisher":{"@id":"https:\/\/qqpets.com\/#organization"},"potentialAction":[{"@type":"SearchAction","target":{"@type":"EntryPoint","urlTemplate":"https:\/\/qqpets.com\/?s={search_term_string}"},"query-input":{"@type":"PropertyValueSpecification","valueRequired":true,"valueName":"search_term_string"}}],"inLanguage":"sl-SI"},{"@type":"Organization","@id":"https:\/\/qqpets.com\/#organization","name":"QQPETS","url":"https:\/\/qqpets.com\/","logo":{"@type":"ImageObject","inLanguage":"sl-SI","@id":"https:\/\/qqpets.com\/#\/schema\/logo\/image\/","url":"https:\/\/qqpets.com\/wp-content\/uploads\/2023\/09\/cropped-cropped-qqpets-tiktok.jpg","contentUrl":"https:\/\/qqpets.com\/wp-content\/uploads\/2023\/09\/cropped-cropped-qqpets-tiktok.jpg","width":511,"height":511,"caption":"QQPETS"},"image":{"@id":"https:\/\/qqpets.com\/#\/schema\/logo\/image\/"},"sameAs":["https:\/\/www.facebook.com\/QQpetsdogcollars","https:\/\/www.instagram.com\/qqpetscollar\/","https:\/\/www.pinterest.com\/qqpetsdogcollarsfactory\/"]}]}},"_links":{"self":[{"href":"https:\/\/qqpets.com\/sl\/wp-json\/wp\/v2\/product\/7797","targetHints":{"allow":["GET"]}}],"collection":[{"href":"https:\/\/qqpets.com\/sl\/wp-json\/wp\/v2\/product"}],"about":[{"href":"https:\/\/qqpets.com\/sl\/wp-json\/wp\/v2\/types\/product"}],"wp:featuredmedia":[{"embeddable":true,"href":"https:\/\/qqpets.com\/sl\/wp-json\/wp\/v2\/media\/7323"}],"wp:attachment":[{"href":"https:\/\/qqpets.com\/sl\/wp-json\/wp\/v2\/media?parent=7797"}],"wp:term":[{"taxonomy":"product_brand","embeddable":true,"href":"https:\/\/qqpets.com\/sl\/wp-json\/wp\/v2\/product_brand?post=7797"},{"taxonomy":"product_cat","embeddable":true,"href":"https:\/\/qqpets.com\/sl\/wp-json\/wp\/v2\/product_cat?post=7797"},{"taxonomy":"product_tag","embeddable":true,"href":"https:\/\/qqpets.com\/sl\/wp-json\/wp\/v2\/product_tag?post=7797"}],"curies":[{"name":"wp","href":"https:\/\/api.w.org\/{rel}","templated":true}]}}