{"id":7803,"date":"2024-09-03T16:46:00","date_gmt":"2024-09-03T08:46:00","guid":{"rendered":"https:\/\/qqpets.com\/?post_type=product&#038;p=7803"},"modified":"2024-09-24T17:32:49","modified_gmt":"2024-09-24T09:32:49","slug":"no-pull-training-slip-dog-leash","status":"publish","type":"product","link":"https:\/\/qqpets.com\/sl\/izdelek\/no-pull-training-slip-dog-leash\/","title":{"rendered":"Brez vle\u010denja usposabljanja Slip Pasji povodec"},"content":{"rendered":"<p>V svoj re\u017eim usposabljanja vnesite natan\u010dnost in enostavnost z na\u0161im povodcem za pse Slip, ki je vsestransko orodje, namenjeno uveljavljanju dobrega vedenja in izbolj\u0161anju spretnosti na povodcu. Ta povodec deluje kot ovratnica in povodec ter zagotavlja priro\u010dno re\u0161itev za hitre sprehode in u\u010dinkovite treninge.<\/p>\n<p>Na\u0161 povodec za pse Slip je izdelan iz visokokakovostnih in trpe\u017enih materialov, da bo vzdr\u017eal vsakodnevno uporabo. Edinstvena drsna zasnova omogo\u010da, da se povodec zategne kot odziv na vle\u010denje, kar pomaga naravno in ne\u017eno popraviti ne\u017eeleno vedenje. Ko pes preneha vle\u010di, povodec takoj popusti, nudi udobje in razbremenitev ter krepi pozitivno vedenje brez grobosti.<\/p>\n<p>Zaradi preprostosti je povodec idealen za hitre izlete na prosto, bodisi na strani\u0161\u010de bodisi na kratek sprehod, saj ne potrebujete lo\u010dene ovratnice in povodca. Ta lastnost je \u0161e posebej koristna v okoljih za usposabljanje, kjer sta nadzor in hitra korekcija najpomembnej\u0161a.<\/p>\n<p>Na\u0161 povodec za pse Slip ni le prakti\u010den, ampak tudi eleganten, saj je na voljo v razli\u010dnih barvah, ki ustrezajo va\u0161emu slogu in slogu va\u0161ega psa. Njegova uporaba je neverjetno preprosta - preprosto ga nataknite psu na glavo in \u017ee ste pripravljeni na delo. Povodec ima na koncu tudi ro\u010daj z zanko, ki zagotavlja udoben oprijem, ki prepre\u010duje opekline in utrujenost med dolgimi sprehodi ali aktivnimi treningi.<\/p>\n<p>Na\u0161 povodec Slip je idealen za trenerje, zaveti\u0161\u010da in lastnike hi\u0161nih ljubljen\u010dkov, ki i\u0161\u010dejo u\u010dinkovit in human na\u010din za u\u010denje vodenja na povodcu, saj ponuja preprost in u\u010dinkovit pristop k nadzoru in usposabljanju psov. Opremite se s tem bistvenim orodjem in si zagotovite varnej\u0161e, prijetnej\u0161e in bolj nadzorovane sprehode ali treninge.<\/p>\n<h5><strong>Ali so povodci z drsnimi vrvicami primerni za pse?<\/strong><\/h5>\n<p>Drsni povodci so lahko ob pravilni uporabi dobri za pse, zlasti za usposabljanje ali hitre sprehode. Vendar jih je treba uporabljati previdno, da se prepre\u010di nelagodje ali zadu\u0161itev, zlasti pri psih, ki so nagnjeni k vle\u010denju, ali tistih, ki \u0161e niso nau\u010deni na povodec.<\/p>\n<h5><strong>Ali je dovoljeno sprehajati psa na drsnem povodcu?<\/strong><\/h5>\n<p>Sprehod s psom na drsnem povodcu je sprejemljiv, zlasti \u010de je pes usposobljen za hojo brez vle\u010denja. Vodilo z drsno vrvico omogo\u010da hiter nadzor in ga je enostavno natakniti in sneti. Za pse, ki vle\u010dejo ali imajo te\u017eave z dihanjem, pa je postroj varnej\u0161a in udobnej\u0161a mo\u017enost.<\/p>\n<h5><strong>Ali vodila za zdrs prenehajo vle\u010di?<\/strong><\/h5>\n<p>Drsni vodniki ne zaustavljajo vle\u010denja. Pravzaprav lahko pri nekaterih psih spodbujajo vle\u010denje, saj lahko ob\u010dutek zategovanja spro\u017ei pasji refleks nasprotovanja, zaradi \u010desar pes vle\u010de \u0161e mo\u010dneje. Da bi psa nau\u010dili, da ne vle\u010de, ko uporablja drsni povodec, je potrebno ustrezno usposabljanje.<\/p>\n<h5><strong>Ali je drsni povodec bolj\u0161i od postroja?<\/strong><\/h5>\n<p>Ali je drsni povodec bolj\u0161i od pasme, je odvisno od posameznega psa in situacije. Za pse, ki vle\u010dejo, se usposabljajo ali imajo dolo\u010dena zdravstvena stanja, kot je na primer propadanje sapnika, je navadno bolj\u0161i pasji povodec, saj porazdeli pritisk z vratu na telo. Prijemalni povodec omogo\u010da bolj neposreden nadzor in je pogosto primernej\u0161i za dobro izurjene pse ali posebne scenarije usposabljanja, kjer vodnik potrebuje hitre in ne\u017ene popravke.<\/p>","protected":false},"excerpt":{"rendered":"<p>Izbolj\u0161ajte svoje treninge z na\u0161im povodcem za pse Slip, ki je zasnovan za enostaven nadzor in hitre popravke. Ta vsestranski sistem povodca in ovratnice se zategne, ko pes vle\u010de, in omogo\u010da ne\u017eno korekcijo, ter se sprosti, ko se pes ukloni. Izdelan je iz visokokakovostnih in trpe\u017enih materialov, zato je idealen za uporabo na poti in u\u010dinkovit pri u\u010denju bolj\u0161ega vedenja na povodcu. Je lahek in preprost za uporabo, zato je nepogre\u0161ljiv pripomo\u010dek tako za nove lastnike hi\u0161nih ljubljen\u010dkov kot za izku\u0161ene trenerje.<\/p>","protected":false},"featured_media":8229,"template":"","meta":[],"product_brand":[],"product_cat":[27],"product_tag":[],"class_list":{"0":"post-7803","1":"product","2":"type-product","3":"status-publish","4":"has-post-thumbnail","6":"product_cat-dog-leash","7":"pa_brand-qqpets","9":"first","10":"instock","11":"shipping-taxable","12":"product-type-simple"},"yoast_head":"<!-- This site is optimized with the Yoast SEO plugin v26.6 - https:\/\/yoast.com\/wordpress\/plugins\/seo\/ -->\n<title>No Pull Training Slip Dog Leash | QQPETS<\/title>\n<meta name=\"description\" content=\"Master control with our Slip Dog Leash. Ideal for training and quick walks. Durable, easy to use. Shop now!\" \/>\n<meta name=\"robots\" content=\"index, follow, max-snippet:-1, max-image-preview:large, max-video-preview:-1\" \/>\n<link rel=\"canonical\" href=\"https:\/\/qqpets.com\/sl\/izdelek\/no-pull-training-slip-dog-leash\/\" \/>\n<meta property=\"og:locale\" content=\"sl_SI\" \/>\n<meta property=\"og:type\" content=\"article\" \/>\n<meta property=\"og:title\" content=\"No Pull Training Slip Dog Leash | QQPETS\" \/>\n<meta property=\"og:description\" content=\"Master control with our Slip Dog Leash. Ideal for training and quick walks. Durable, easy to use. Shop now!\" \/>\n<meta property=\"og:url\" content=\"https:\/\/qqpets.com\/sl\/izdelek\/no-pull-training-slip-dog-leash\/\" \/>\n<meta property=\"og:site_name\" content=\"QQPETS\" \/>\n<meta property=\"article:publisher\" content=\"https:\/\/www.facebook.com\/QQpetsdogcollars\" \/>\n<meta property=\"article:modified_time\" content=\"2024-09-24T09:32:49+00:00\" \/>\n<meta property=\"og:image\" content=\"https:\/\/qqpets.com\/wp-content\/uploads\/2024\/09\/slip-dog-leash8.webp\" \/>\n\t<meta property=\"og:image:width\" content=\"1000\" \/>\n\t<meta property=\"og:image:height\" content=\"1000\" \/>\n\t<meta property=\"og:image:type\" content=\"image\/webp\" \/>\n<meta name=\"twitter:card\" content=\"summary_large_image\" \/>\n<meta name=\"twitter:label1\" content=\"Est. reading time\" \/>\n\t<meta name=\"twitter:data1\" content=\"3 minute\" \/>\n<script type=\"application\/ld+json\" class=\"yoast-schema-graph\">{\"@context\":\"https:\/\/schema.org\",\"@graph\":[{\"@type\":\"WebPage\",\"@id\":\"https:\/\/qqpets.com\/product\/no-pull-training-slip-dog-leash\/\",\"url\":\"https:\/\/qqpets.com\/product\/no-pull-training-slip-dog-leash\/\",\"name\":\"No Pull Training Slip Dog Leash | QQPETS\",\"isPartOf\":{\"@id\":\"https:\/\/qqpets.com\/#website\"},\"primaryImageOfPage\":{\"@id\":\"https:\/\/qqpets.com\/product\/no-pull-training-slip-dog-leash\/#primaryimage\"},\"image\":{\"@id\":\"https:\/\/qqpets.com\/product\/no-pull-training-slip-dog-leash\/#primaryimage\"},\"thumbnailUrl\":\"https:\/\/qqpets.com\/wp-content\/uploads\/2024\/09\/slip-dog-leash8.webp\",\"datePublished\":\"2024-09-03T08:46:00+00:00\",\"dateModified\":\"2024-09-24T09:32:49+00:00\",\"description\":\"Master control with our Slip Dog Leash. Ideal for training and quick walks. Durable, easy to use. Shop now!\",\"breadcrumb\":{\"@id\":\"https:\/\/qqpets.com\/product\/no-pull-training-slip-dog-leash\/#breadcrumb\"},\"inLanguage\":\"sl-SI\",\"potentialAction\":[{\"@type\":\"ReadAction\",\"target\":[\"https:\/\/qqpets.com\/product\/no-pull-training-slip-dog-leash\/\"]}]},{\"@type\":\"ImageObject\",\"inLanguage\":\"sl-SI\",\"@id\":\"https:\/\/qqpets.com\/product\/no-pull-training-slip-dog-leash\/#primaryimage\",\"url\":\"https:\/\/qqpets.com\/wp-content\/uploads\/2024\/09\/slip-dog-leash8.webp\",\"contentUrl\":\"https:\/\/qqpets.com\/wp-content\/uploads\/2024\/09\/slip-dog-leash8.webp\",\"width\":1000,\"height\":1000},{\"@type\":\"BreadcrumbList\",\"@id\":\"https:\/\/qqpets.com\/product\/no-pull-training-slip-dog-leash\/#breadcrumb\",\"itemListElement\":[{\"@type\":\"ListItem\",\"position\":1,\"name\":\"Home\",\"item\":\"https:\/\/qqpets.com\/\"},{\"@type\":\"ListItem\",\"position\":2,\"name\":\"Products\",\"item\":\"https:\/\/qqpets.com\/pet-products-manufacturer\/\"},{\"@type\":\"ListItem\",\"position\":3,\"name\":\"No Pull Training Slip Dog Leash\"}]},{\"@type\":\"WebSite\",\"@id\":\"https:\/\/qqpets.com\/#website\",\"url\":\"https:\/\/qqpets.com\/\",\"name\":\"QQPETS\",\"description\":\"QQPETS is a pet products factory for dog harnesses, dog collars, dog leashes and dog accessories with professional customized service since 2005.\",\"publisher\":{\"@id\":\"https:\/\/qqpets.com\/#organization\"},\"potentialAction\":[{\"@type\":\"SearchAction\",\"target\":{\"@type\":\"EntryPoint\",\"urlTemplate\":\"https:\/\/qqpets.com\/?s={search_term_string}\"},\"query-input\":{\"@type\":\"PropertyValueSpecification\",\"valueRequired\":true,\"valueName\":\"search_term_string\"}}],\"inLanguage\":\"sl-SI\"},{\"@type\":\"Organization\",\"@id\":\"https:\/\/qqpets.com\/#organization\",\"name\":\"QQPETS\",\"url\":\"https:\/\/qqpets.com\/\",\"logo\":{\"@type\":\"ImageObject\",\"inLanguage\":\"sl-SI\",\"@id\":\"https:\/\/qqpets.com\/#\/schema\/logo\/image\/\",\"url\":\"https:\/\/qqpets.com\/wp-content\/uploads\/2023\/09\/cropped-cropped-qqpets-tiktok.jpg\",\"contentUrl\":\"https:\/\/qqpets.com\/wp-content\/uploads\/2023\/09\/cropped-cropped-qqpets-tiktok.jpg\",\"width\":511,\"height\":511,\"caption\":\"QQPETS\"},\"image\":{\"@id\":\"https:\/\/qqpets.com\/#\/schema\/logo\/image\/\"},\"sameAs\":[\"https:\/\/www.facebook.com\/QQpetsdogcollars\",\"https:\/\/www.instagram.com\/qqpetscollar\/\",\"https:\/\/www.pinterest.com\/qqpetsdogcollarsfactory\/\"]}]}<\/script>\n<!-- \/ Yoast SEO plugin. -->","yoast_head_json":{"title":"Brez vle\u010denja usposabljanja Slip Pasji povodec | QQPETS","description":"Z na\u0161im povodcem za pse Slip obvladajte nadzor. Idealen za trening in hitre sprehode. Vzdr\u017eljiv, enostaven za uporabo. Kupujte zdaj!","robots":{"index":"index","follow":"follow","max-snippet":"max-snippet:-1","max-image-preview":"max-image-preview:large","max-video-preview":"max-video-preview:-1"},"canonical":"https:\/\/qqpets.com\/sl\/izdelek\/no-pull-training-slip-dog-leash\/","og_locale":"sl_SI","og_type":"article","og_title":"No Pull Training Slip Dog Leash | QQPETS","og_description":"Master control with our Slip Dog Leash. Ideal for training and quick walks. Durable, easy to use. Shop now!","og_url":"https:\/\/qqpets.com\/sl\/izdelek\/no-pull-training-slip-dog-leash\/","og_site_name":"QQPETS","article_publisher":"https:\/\/www.facebook.com\/QQpetsdogcollars","article_modified_time":"2024-09-24T09:32:49+00:00","og_image":[{"width":1000,"height":1000,"url":"https:\/\/qqpets.com\/wp-content\/uploads\/2024\/09\/slip-dog-leash8.webp","type":"image\/webp"}],"twitter_card":"summary_large_image","twitter_misc":{"Est. reading time":"3 minute"},"schema":{"@context":"https:\/\/schema.org","@graph":[{"@type":"WebPage","@id":"https:\/\/qqpets.com\/product\/no-pull-training-slip-dog-leash\/","url":"https:\/\/qqpets.com\/product\/no-pull-training-slip-dog-leash\/","name":"Brez vle\u010denja usposabljanja Slip Pasji povodec | QQPETS","isPartOf":{"@id":"https:\/\/qqpets.com\/#website"},"primaryImageOfPage":{"@id":"https:\/\/qqpets.com\/product\/no-pull-training-slip-dog-leash\/#primaryimage"},"image":{"@id":"https:\/\/qqpets.com\/product\/no-pull-training-slip-dog-leash\/#primaryimage"},"thumbnailUrl":"https:\/\/qqpets.com\/wp-content\/uploads\/2024\/09\/slip-dog-leash8.webp","datePublished":"2024-09-03T08:46:00+00:00","dateModified":"2024-09-24T09:32:49+00:00","description":"Z na\u0161im povodcem za pse Slip obvladajte nadzor. Idealen za trening in hitre sprehode. Vzdr\u017eljiv, enostaven za uporabo. Kupujte zdaj!","breadcrumb":{"@id":"https:\/\/qqpets.com\/product\/no-pull-training-slip-dog-leash\/#breadcrumb"},"inLanguage":"sl-SI","potentialAction":[{"@type":"ReadAction","target":["https:\/\/qqpets.com\/product\/no-pull-training-slip-dog-leash\/"]}]},{"@type":"ImageObject","inLanguage":"sl-SI","@id":"https:\/\/qqpets.com\/product\/no-pull-training-slip-dog-leash\/#primaryimage","url":"https:\/\/qqpets.com\/wp-content\/uploads\/2024\/09\/slip-dog-leash8.webp","contentUrl":"https:\/\/qqpets.com\/wp-content\/uploads\/2024\/09\/slip-dog-leash8.webp","width":1000,"height":1000},{"@type":"BreadcrumbList","@id":"https:\/\/qqpets.com\/product\/no-pull-training-slip-dog-leash\/#breadcrumb","itemListElement":[{"@type":"ListItem","position":1,"name":"Home","item":"https:\/\/qqpets.com\/"},{"@type":"ListItem","position":2,"name":"Products","item":"https:\/\/qqpets.com\/pet-products-manufacturer\/"},{"@type":"ListItem","position":3,"name":"No Pull Training Slip Dog Leash"}]},{"@type":"WebSite","@id":"https:\/\/qqpets.com\/#website","url":"https:\/\/qqpets.com\/","name":"QQPETS","description":"QQPETS je tovarna izdelkov za hi\u0161ne ljubljen\u010dke za pasje postroje, pasje ovratnice, pasje povodce in pasje dodatke s strokovno prilagojeno storitvijo od leta 2005.","publisher":{"@id":"https:\/\/qqpets.com\/#organization"},"potentialAction":[{"@type":"SearchAction","target":{"@type":"EntryPoint","urlTemplate":"https:\/\/qqpets.com\/?s={search_term_string}"},"query-input":{"@type":"PropertyValueSpecification","valueRequired":true,"valueName":"search_term_string"}}],"inLanguage":"sl-SI"},{"@type":"Organization","@id":"https:\/\/qqpets.com\/#organization","name":"QQPETS","url":"https:\/\/qqpets.com\/","logo":{"@type":"ImageObject","inLanguage":"sl-SI","@id":"https:\/\/qqpets.com\/#\/schema\/logo\/image\/","url":"https:\/\/qqpets.com\/wp-content\/uploads\/2023\/09\/cropped-cropped-qqpets-tiktok.jpg","contentUrl":"https:\/\/qqpets.com\/wp-content\/uploads\/2023\/09\/cropped-cropped-qqpets-tiktok.jpg","width":511,"height":511,"caption":"QQPETS"},"image":{"@id":"https:\/\/qqpets.com\/#\/schema\/logo\/image\/"},"sameAs":["https:\/\/www.facebook.com\/QQpetsdogcollars","https:\/\/www.instagram.com\/qqpetscollar\/","https:\/\/www.pinterest.com\/qqpetsdogcollarsfactory\/"]}]}},"_links":{"self":[{"href":"https:\/\/qqpets.com\/sl\/wp-json\/wp\/v2\/product\/7803","targetHints":{"allow":["GET"]}}],"collection":[{"href":"https:\/\/qqpets.com\/sl\/wp-json\/wp\/v2\/product"}],"about":[{"href":"https:\/\/qqpets.com\/sl\/wp-json\/wp\/v2\/types\/product"}],"wp:featuredmedia":[{"embeddable":true,"href":"https:\/\/qqpets.com\/sl\/wp-json\/wp\/v2\/media\/8229"}],"wp:attachment":[{"href":"https:\/\/qqpets.com\/sl\/wp-json\/wp\/v2\/media?parent=7803"}],"wp:term":[{"taxonomy":"product_brand","embeddable":true,"href":"https:\/\/qqpets.com\/sl\/wp-json\/wp\/v2\/product_brand?post=7803"},{"taxonomy":"product_cat","embeddable":true,"href":"https:\/\/qqpets.com\/sl\/wp-json\/wp\/v2\/product_cat?post=7803"},{"taxonomy":"product_tag","embeddable":true,"href":"https:\/\/qqpets.com\/sl\/wp-json\/wp\/v2\/product_tag?post=7803"}],"curies":[{"name":"wp","href":"https:\/\/api.w.org\/{rel}","templated":true}]}}