{"id":7895,"date":"2024-09-07T15:13:22","date_gmt":"2024-09-07T07:13:22","guid":{"rendered":"https:\/\/qqpets.com\/?post_type=product&#038;p=7895"},"modified":"2024-11-14T16:43:27","modified_gmt":"2024-11-14T08:43:27","slug":"led-no-pull-leash","status":"publish","type":"product","link":"https:\/\/qqpets.com\/sl\/izdelek\/led-no-pull-leash\/","title":{"rendered":"Svetloba do rok brez avtomobilskega sede\u017ea sponke Bungee pasji povodec"},"content":{"rendered":"<p>Predstavljamo vam inovativni svetle\u010di povodec za pse s sponko Bungee za avtomobilski sede\u017e, ki je odli\u010dna re\u0161itev za lastnike hi\u0161nih ljubljen\u010dkov, ki so vedno v gibanju. Ta ve\u010dnamenski povodec je zasnovan tako, da bo va\u0161 ljubljen\u010dek varen na sprehodih in v avtomobilu.<\/p>\n<p><strong>Klju\u010dne lastnosti:<\/strong><\/p>\n<ul>\n<li><strong>Osvetlitev LED:<\/strong> Ta povodec je opremljen s svetlimi lu\u010dmi LED, ki pove\u010dujejo vidnost va\u0161ega psa na ve\u010dernih ali zgodnjih jutranjih sprehodih in zagotavljajo varnost v slabih svetlobnih pogojih.<\/li>\n<li><strong>Oblikovanje Bungee:<\/strong> Vgrajena vrvica bungee pomaga ubla\u017eiti udarce pri nenadnih premikih, zato so sprehodi udobnej\u0161i tako za vas kot za va\u0161ega ljubljen\u010dka, saj zmanj\u0161uje napetost pri vle\u010denju.<\/li>\n<li><strong>Zaponka avtomobilskega sede\u017ea za prostoro\u010dno upravljanje:<\/strong> Za varno vo\u017enjo lahko povodec enostavno pritrdite na sistem zaponk sede\u017ea v avtomobilu. Ta funkcija zagotavlja, da va\u0161 hi\u0161ni ljubljen\u010dek med vo\u017enjo ostane varno privezan, kar zmanj\u0161uje motnje in pove\u010duje varnost.<\/li>\n<li><strong>Trajni materiali:<\/strong> Ta povodec je izdelan iz visokokakovostnih materialov in je odporen na vsakodnevne sprehode in potovanja.<\/li>\n<\/ul>\n<p>Ne glede na to, ali se odpravljate na izlet ali samo na tek, lahko z na\u0161im svetle\u010dim povodcem za pse s prostimi rokami in zaponko Bungee ohranite nadzor in varnost, ne da bi pri tem ogrozili udobje svojega ljubljen\u010dka. Dol\u017eina povodca je popolna, da va\u0161emu psu omogo\u010di dovolj svobode za raziskovanje, hkrati pa ga \u0161e vedno nadzorujete.<\/p>\n<p>Ta povodec je idealen za no\u010dne pustolovce in ljubitelje potovanj, saj zdru\u017euje varnost, udobje in priro\u010dnost ter zagotavlja, da bo vsako potovanje z va\u0161im ljubljen\u010dkom prijetno in brez stresa. Nadgradite z na\u0161im naprednim povodcem in spremenite na\u010din potovanja in sprehajanja s svojim hi\u0161nim ljubljen\u010dkom.<\/p>\n<h5 data-immersive-translate-walked=\"e4de329b-2f8f-4525-aa5e-eeca8caeb592\" data-immersive-translate-paragraph=\"1\"><strong data-immersive-translate-walked=\"e4de329b-2f8f-4525-aa5e-eeca8caeb592\">Ali so bungee povodci primerni za pse?<\/strong><\/h5>\n<p data-immersive-translate-walked=\"e4de329b-2f8f-4525-aa5e-eeca8caeb592\" data-immersive-translate-paragraph=\"1\">Bungee povodci so lahko koristni za pse, saj pomagajo ubla\u017eiti udarce ob nenadnih gibih, kar zagotavlja udobnej\u0161i sprehod tako za psa kot za vodnika. Vendar pa morda niso idealni za zelo mo\u010dne vle\u010dne pse, saj lahko elasti\u010dnost spodbuja vle\u010denje.<\/p>\n<h5 data-immersive-translate-walked=\"e4de329b-2f8f-4525-aa5e-eeca8caeb592\" data-immersive-translate-paragraph=\"1\"><strong data-immersive-translate-walked=\"e4de329b-2f8f-4525-aa5e-eeca8caeb592\">Ali so povodci brez rok primerni za pse, ki vle\u010dejo?<\/strong><\/h5>\n<p data-immersive-translate-walked=\"e4de329b-2f8f-4525-aa5e-eeca8caeb592\" data-immersive-translate-paragraph=\"1\">Povodci brez ro\u010dice na splo\u0161no niso priporo\u010dljivi za pse, ki vle\u010dejo, saj zagotavljajo manj neposrednega nadzora nad psom, kar lahko ote\u017ei upravljanje psa, ki je nagnjen k mo\u010dnemu vle\u010denju.<\/p>\n<h5 data-immersive-translate-walked=\"e4de329b-2f8f-4525-aa5e-eeca8caeb592\" data-immersive-translate-paragraph=\"1\"><strong data-immersive-translate-walked=\"e4de329b-2f8f-4525-aa5e-eeca8caeb592\">Kaj je povodec za prostoro\u010dno uporabo?<\/strong><\/h5>\n<p data-immersive-translate-walked=\"e4de329b-2f8f-4525-aa5e-eeca8caeb592\" data-immersive-translate-paragraph=\"1\">Brezro\u010dni povodec je vrsta pasjega povodca, ki se obi\u010dajno pritrdi na pas vodnika ali \u010dez telo in omogo\u010da hojo ali tek brez rok. Zasnovan je tako, da psa dr\u017ei v bli\u017eini, medtem ko ima vodnik proste roke.<\/p>\n<h5><strong>Ali so povodci za pse brez uporabe rok varni?<\/strong><\/h5>\n<p>Vodila za pse brez uporabe rok so lahko varna, \u010de se uporabljajo pravilno in v pravih okoli\u0161\u010dinah. Odli\u010dni so za dejavnosti, kot sta tek ali pohodni\u0161tvo, pri katerih potrebujete proste roke, vendar morda ne zagotavljajo tolik\u0161nega nadzora kot obi\u010dajni povodec, zlasti pri psih, ki so nagnjeni k vle\u010denju ali nenadnim vzgibom. Varnost je odvisna tudi od varnega mehanizma za pritrditev pri pasu in zanesljive funkcije hitrega odpenjanja.<\/p>\n<h5><strong>Kateri povodec prepre\u010duje psom, da bi potegnili?<\/strong><\/h5>\n<p>Sam povodec ne more popolnoma prepre\u010diti vle\u010denja psa, vendar lahko z dolo\u010denimi vrstami povodcev in postrojev pomagate obvladati in zmanj\u0161ati vle\u010denje. Naju\u010dinkovitej\u0161i so obi\u010dajno postroji brez vle\u010denja, ki imajo sprednjo pritrdilno to\u010dko za povodec. Ko pes vle\u010de, ga postroj preusmeri proti vodniku, zaradi \u010desar je vle\u010denje manj nagrajeno in ga je la\u017eje nadzorovati. Tak\u0161na nastavitev lahko v kombinaciji z doslednim usposabljanjem znatno zmanj\u0161a vle\u010denje.<\/p>\n<h5><strong>Ali so bungee povodci primerni za pse?<\/strong><\/h5>\n<p>Bungee povodci so lahko koristni tako za pse kot tudi za njihove lastnike, saj pomagajo ubla\u017eiti udarce ob nenadnih premikih ali potegih in tako zmanj\u0161ajo obremenitev telesa psa in vodnika. Posebej uporabni so pri dejavnostih, kot je tek, kjer bi sicer zaradi nepredvidljivih gibov psa lahko pri\u0161lo do trganja povodca.<\/p>\n<h5><strong>Ali bungee vrvice prenehajo vle\u010di?<\/strong><\/h5>\n<p>Bungee povodci ne prepre\u010dujejo vle\u010denja psov. Medtem ko lahko z absorbiranjem dela sile zmanj\u0161ajo sunke vle\u010denja, lahko pri nekaterih psih v\u010dasih spodbujajo vle\u010denje, saj nudijo upor, ki se jim zdi koristen za vle\u010denje.<\/p>\n<h5><strong>Kak\u0161en je najbolj\u0161i povodec za \u0161olanje psa, da ne vle\u010de?<\/strong><\/h5>\n<p>Najbolj\u0161i povodec za \u0161olanje psa, da ne vle\u010de, je obi\u010dajno standardni neraztegljivi povodec, ki se uporablja v povezavi s postrojem brez vle\u010denja, ki ima sprednjo pritrdilno to\u010dko. Ta nastavitev pomaga preusmeriti psa proti vam, ko posku\u0161a vle\u010di, kar olaj\u0161a obvladovanje in popravljanje tega vedenja.<\/p>\n<p>&nbsp;<\/p>","protected":false},"excerpt":{"rendered":"<p>Izkusite najve\u010dje udobje z na\u0161im svetle\u010dim povodcem za pse z zaponko Bungee za avtomobilske sede\u017ee, ki omogo\u010da prostoro\u010dno uporabo. Ta povodec je zasnovan za varnost in vsestranskost ter ima svetlo lu\u010dko LED za no\u010dno vidljivost, vrv bungee za bla\u017eenje udarcev in prostoro\u010dno zaponko za avtomobilski sede\u017e za varno potovanje. Odli\u010den je za aktivne lastnike hi\u0161nih ljubljen\u010dkov, saj zagotavlja svobodo gibanja, hkrati pa zagotavlja varnost va\u0161ega ljubljen\u010dka med sprehodi in vo\u017enjo.<\/p>","protected":false},"featured_media":7900,"template":"","meta":[],"product_brand":[],"product_cat":[27,21],"product_tag":[],"class_list":{"0":"post-7895","1":"product","2":"type-product","3":"status-publish","4":"has-post-thumbnail","6":"product_cat-dog-leash","7":"product_cat-led-product","8":"pa_brand-qqpets","10":"first","11":"instock","12":"shipping-taxable","13":"product-type-simple"},"yoast_head":"<!-- This site is optimized with the Yoast SEO plugin v26.6 - https:\/\/yoast.com\/wordpress\/plugins\/seo\/ -->\n<title>Light Up Hands Free Car Seat Buckle Bungee Dog Leash | QQPETS<\/title>\n<meta name=\"description\" content=\"Enhance safety with our Light Up Hands Free Dog Leash. Buckle up for car rides and enjoy bungee flexibility!\" \/>\n<meta name=\"robots\" content=\"index, follow, max-snippet:-1, max-image-preview:large, max-video-preview:-1\" \/>\n<link rel=\"canonical\" href=\"https:\/\/qqpets.com\/sl\/izdelek\/led-no-pull-leash\/\" \/>\n<meta property=\"og:locale\" content=\"sl_SI\" \/>\n<meta property=\"og:type\" content=\"article\" \/>\n<meta property=\"og:title\" content=\"Light Up Hands Free Car Seat Buckle Bungee Dog Leash | QQPETS\" \/>\n<meta property=\"og:description\" content=\"Enhance safety with our Light Up Hands Free Dog Leash. Buckle up for car rides and enjoy bungee flexibility!\" \/>\n<meta property=\"og:url\" content=\"https:\/\/qqpets.com\/sl\/izdelek\/led-no-pull-leash\/\" \/>\n<meta property=\"og:site_name\" content=\"QQPETS\" \/>\n<meta property=\"article:publisher\" content=\"https:\/\/www.facebook.com\/QQpetsdogcollars\" \/>\n<meta property=\"article:modified_time\" content=\"2024-11-14T08:43:27+00:00\" \/>\n<meta property=\"og:image\" content=\"https:\/\/qqpets.com\/wp-content\/uploads\/2024\/09\/3.webp\" \/>\n\t<meta property=\"og:image:width\" content=\"800\" \/>\n\t<meta property=\"og:image:height\" content=\"800\" \/>\n\t<meta property=\"og:image:type\" content=\"image\/webp\" \/>\n<meta name=\"twitter:card\" content=\"summary_large_image\" \/>\n<meta name=\"twitter:label1\" content=\"Est. reading time\" \/>\n\t<meta name=\"twitter:data1\" content=\"4 minute\" \/>\n<script type=\"application\/ld+json\" class=\"yoast-schema-graph\">{\"@context\":\"https:\/\/schema.org\",\"@graph\":[{\"@type\":\"WebPage\",\"@id\":\"https:\/\/qqpets.com\/product\/led-no-pull-leash\/\",\"url\":\"https:\/\/qqpets.com\/product\/led-no-pull-leash\/\",\"name\":\"Light Up Hands Free Car Seat Buckle Bungee Dog Leash | QQPETS\",\"isPartOf\":{\"@id\":\"https:\/\/qqpets.com\/#website\"},\"primaryImageOfPage\":{\"@id\":\"https:\/\/qqpets.com\/product\/led-no-pull-leash\/#primaryimage\"},\"image\":{\"@id\":\"https:\/\/qqpets.com\/product\/led-no-pull-leash\/#primaryimage\"},\"thumbnailUrl\":\"https:\/\/qqpets.com\/wp-content\/uploads\/2024\/09\/3.webp\",\"datePublished\":\"2024-09-07T07:13:22+00:00\",\"dateModified\":\"2024-11-14T08:43:27+00:00\",\"description\":\"Enhance safety with our Light Up Hands Free Dog Leash. Buckle up for car rides and enjoy bungee flexibility!\",\"breadcrumb\":{\"@id\":\"https:\/\/qqpets.com\/product\/led-no-pull-leash\/#breadcrumb\"},\"inLanguage\":\"sl-SI\",\"potentialAction\":[{\"@type\":\"ReadAction\",\"target\":[\"https:\/\/qqpets.com\/product\/led-no-pull-leash\/\"]}]},{\"@type\":\"ImageObject\",\"inLanguage\":\"sl-SI\",\"@id\":\"https:\/\/qqpets.com\/product\/led-no-pull-leash\/#primaryimage\",\"url\":\"https:\/\/qqpets.com\/wp-content\/uploads\/2024\/09\/3.webp\",\"contentUrl\":\"https:\/\/qqpets.com\/wp-content\/uploads\/2024\/09\/3.webp\",\"width\":800,\"height\":800},{\"@type\":\"BreadcrumbList\",\"@id\":\"https:\/\/qqpets.com\/product\/led-no-pull-leash\/#breadcrumb\",\"itemListElement\":[{\"@type\":\"ListItem\",\"position\":1,\"name\":\"Home\",\"item\":\"https:\/\/qqpets.com\/\"},{\"@type\":\"ListItem\",\"position\":2,\"name\":\"Products\",\"item\":\"https:\/\/qqpets.com\/pet-products-manufacturer\/\"},{\"@type\":\"ListItem\",\"position\":3,\"name\":\"Light Up Hands Free Car Seat Buckle Bungee Dog Leash\"}]},{\"@type\":\"WebSite\",\"@id\":\"https:\/\/qqpets.com\/#website\",\"url\":\"https:\/\/qqpets.com\/\",\"name\":\"QQPETS\",\"description\":\"QQPETS is a pet products factory for dog harnesses, dog collars, dog leashes and dog accessories with professional customized service since 2005.\",\"publisher\":{\"@id\":\"https:\/\/qqpets.com\/#organization\"},\"potentialAction\":[{\"@type\":\"SearchAction\",\"target\":{\"@type\":\"EntryPoint\",\"urlTemplate\":\"https:\/\/qqpets.com\/?s={search_term_string}\"},\"query-input\":{\"@type\":\"PropertyValueSpecification\",\"valueRequired\":true,\"valueName\":\"search_term_string\"}}],\"inLanguage\":\"sl-SI\"},{\"@type\":\"Organization\",\"@id\":\"https:\/\/qqpets.com\/#organization\",\"name\":\"QQPETS\",\"url\":\"https:\/\/qqpets.com\/\",\"logo\":{\"@type\":\"ImageObject\",\"inLanguage\":\"sl-SI\",\"@id\":\"https:\/\/qqpets.com\/#\/schema\/logo\/image\/\",\"url\":\"https:\/\/qqpets.com\/wp-content\/uploads\/2023\/09\/cropped-cropped-qqpets-tiktok.jpg\",\"contentUrl\":\"https:\/\/qqpets.com\/wp-content\/uploads\/2023\/09\/cropped-cropped-qqpets-tiktok.jpg\",\"width\":511,\"height\":511,\"caption\":\"QQPETS\"},\"image\":{\"@id\":\"https:\/\/qqpets.com\/#\/schema\/logo\/image\/\"},\"sameAs\":[\"https:\/\/www.facebook.com\/QQpetsdogcollars\",\"https:\/\/www.instagram.com\/qqpetscollar\/\",\"https:\/\/www.pinterest.com\/qqpetsdogcollarsfactory\/\"]}]}<\/script>\n<!-- \/ Yoast SEO plugin. -->","yoast_head_json":{"title":"Svetloba prostoro\u010dno zapenjanje avtomobilskega sede\u017ea Bungee pasji povodec | QQPETS","description":"Pove\u010dajte varnost z na\u0161im osvetljenim povodcem za pse s prostimi rokami. Pripnite se za vo\u017enjo z avtomobilom in u\u017eivajte v fleksibilnosti bungee!","robots":{"index":"index","follow":"follow","max-snippet":"max-snippet:-1","max-image-preview":"max-image-preview:large","max-video-preview":"max-video-preview:-1"},"canonical":"https:\/\/qqpets.com\/sl\/izdelek\/led-no-pull-leash\/","og_locale":"sl_SI","og_type":"article","og_title":"Light Up Hands Free Car Seat Buckle Bungee Dog Leash | QQPETS","og_description":"Enhance safety with our Light Up Hands Free Dog Leash. Buckle up for car rides and enjoy bungee flexibility!","og_url":"https:\/\/qqpets.com\/sl\/izdelek\/led-no-pull-leash\/","og_site_name":"QQPETS","article_publisher":"https:\/\/www.facebook.com\/QQpetsdogcollars","article_modified_time":"2024-11-14T08:43:27+00:00","og_image":[{"width":800,"height":800,"url":"https:\/\/qqpets.com\/wp-content\/uploads\/2024\/09\/3.webp","type":"image\/webp"}],"twitter_card":"summary_large_image","twitter_misc":{"Est. reading time":"4 minute"},"schema":{"@context":"https:\/\/schema.org","@graph":[{"@type":"WebPage","@id":"https:\/\/qqpets.com\/product\/led-no-pull-leash\/","url":"https:\/\/qqpets.com\/product\/led-no-pull-leash\/","name":"Svetloba prostoro\u010dno zapenjanje avtomobilskega sede\u017ea Bungee pasji povodec | QQPETS","isPartOf":{"@id":"https:\/\/qqpets.com\/#website"},"primaryImageOfPage":{"@id":"https:\/\/qqpets.com\/product\/led-no-pull-leash\/#primaryimage"},"image":{"@id":"https:\/\/qqpets.com\/product\/led-no-pull-leash\/#primaryimage"},"thumbnailUrl":"https:\/\/qqpets.com\/wp-content\/uploads\/2024\/09\/3.webp","datePublished":"2024-09-07T07:13:22+00:00","dateModified":"2024-11-14T08:43:27+00:00","description":"Pove\u010dajte varnost z na\u0161im osvetljenim povodcem za pse s prostimi rokami. Pripnite se za vo\u017enjo z avtomobilom in u\u017eivajte v fleksibilnosti bungee!","breadcrumb":{"@id":"https:\/\/qqpets.com\/product\/led-no-pull-leash\/#breadcrumb"},"inLanguage":"sl-SI","potentialAction":[{"@type":"ReadAction","target":["https:\/\/qqpets.com\/product\/led-no-pull-leash\/"]}]},{"@type":"ImageObject","inLanguage":"sl-SI","@id":"https:\/\/qqpets.com\/product\/led-no-pull-leash\/#primaryimage","url":"https:\/\/qqpets.com\/wp-content\/uploads\/2024\/09\/3.webp","contentUrl":"https:\/\/qqpets.com\/wp-content\/uploads\/2024\/09\/3.webp","width":800,"height":800},{"@type":"BreadcrumbList","@id":"https:\/\/qqpets.com\/product\/led-no-pull-leash\/#breadcrumb","itemListElement":[{"@type":"ListItem","position":1,"name":"Home","item":"https:\/\/qqpets.com\/"},{"@type":"ListItem","position":2,"name":"Products","item":"https:\/\/qqpets.com\/pet-products-manufacturer\/"},{"@type":"ListItem","position":3,"name":"Light Up Hands Free Car Seat Buckle Bungee Dog Leash"}]},{"@type":"WebSite","@id":"https:\/\/qqpets.com\/#website","url":"https:\/\/qqpets.com\/","name":"QQPETS","description":"QQPETS je tovarna izdelkov za hi\u0161ne ljubljen\u010dke za pasje postroje, pasje ovratnice, pasje povodce in pasje dodatke s strokovno prilagojeno storitvijo od leta 2005.","publisher":{"@id":"https:\/\/qqpets.com\/#organization"},"potentialAction":[{"@type":"SearchAction","target":{"@type":"EntryPoint","urlTemplate":"https:\/\/qqpets.com\/?s={search_term_string}"},"query-input":{"@type":"PropertyValueSpecification","valueRequired":true,"valueName":"search_term_string"}}],"inLanguage":"sl-SI"},{"@type":"Organization","@id":"https:\/\/qqpets.com\/#organization","name":"QQPETS","url":"https:\/\/qqpets.com\/","logo":{"@type":"ImageObject","inLanguage":"sl-SI","@id":"https:\/\/qqpets.com\/#\/schema\/logo\/image\/","url":"https:\/\/qqpets.com\/wp-content\/uploads\/2023\/09\/cropped-cropped-qqpets-tiktok.jpg","contentUrl":"https:\/\/qqpets.com\/wp-content\/uploads\/2023\/09\/cropped-cropped-qqpets-tiktok.jpg","width":511,"height":511,"caption":"QQPETS"},"image":{"@id":"https:\/\/qqpets.com\/#\/schema\/logo\/image\/"},"sameAs":["https:\/\/www.facebook.com\/QQpetsdogcollars","https:\/\/www.instagram.com\/qqpetscollar\/","https:\/\/www.pinterest.com\/qqpetsdogcollarsfactory\/"]}]}},"_links":{"self":[{"href":"https:\/\/qqpets.com\/sl\/wp-json\/wp\/v2\/product\/7895","targetHints":{"allow":["GET"]}}],"collection":[{"href":"https:\/\/qqpets.com\/sl\/wp-json\/wp\/v2\/product"}],"about":[{"href":"https:\/\/qqpets.com\/sl\/wp-json\/wp\/v2\/types\/product"}],"wp:featuredmedia":[{"embeddable":true,"href":"https:\/\/qqpets.com\/sl\/wp-json\/wp\/v2\/media\/7900"}],"wp:attachment":[{"href":"https:\/\/qqpets.com\/sl\/wp-json\/wp\/v2\/media?parent=7895"}],"wp:term":[{"taxonomy":"product_brand","embeddable":true,"href":"https:\/\/qqpets.com\/sl\/wp-json\/wp\/v2\/product_brand?post=7895"},{"taxonomy":"product_cat","embeddable":true,"href":"https:\/\/qqpets.com\/sl\/wp-json\/wp\/v2\/product_cat?post=7895"},{"taxonomy":"product_tag","embeddable":true,"href":"https:\/\/qqpets.com\/sl\/wp-json\/wp\/v2\/product_tag?post=7895"}],"curies":[{"name":"wp","href":"https:\/\/api.w.org\/{rel}","templated":true}]}}