{"id":7910,"date":"2024-09-07T15:54:26","date_gmt":"2024-09-07T07:54:26","guid":{"rendered":"https:\/\/qqpets.com\/?post_type=product&#038;p=7910"},"modified":"2024-11-13T11:58:39","modified_gmt":"2024-11-13T03:58:39","slug":"smart-qr-code-pet-collar-id-tag","status":"publish","type":"product","link":"https:\/\/qqpets.com\/sl\/izdelek\/smart-qr-code-pet-collar-id-tag\/","title":{"rendered":"Smart QR Code Pet ovratnik ID Tag"},"content":{"rendered":"<p>Predstavljamo vam revolucionarno prilagojeno pametno identifikacijsko oznako z oznako QR Code Pet Collar ID Tag, ki je zasnovana kot sodobna re\u0161itev za varnost in identifikacijo hi\u0161nih ljubljen\u010dkov. S to oznako ima va\u0161 hi\u0161ni ljubljen\u010dek s seboj klju\u010dne informacije, kamor koli gre, do katerih lahko zlahka pride s hitrim skeniranjem.<\/p>\n<p><strong>Klju\u010dne lastnosti:<\/strong><\/p>\n<ul>\n<li><strong>Tehnologija pametnih kod QR:<\/strong> Vsaka oznaka je opremljena z edinstveno kodo QR, ki se po skeniranju pove\u017ee s profilom, ki ga je mogo\u010de prilagoditi. Ta profil lahko vklju\u010duje va\u0161e kontaktne podatke, zdravstveno dokumentacijo hi\u0161nega ljubljen\u010dka, prehranske potrebe in drugo, kar zagotavlja, da lahko vsak, ki najde va\u0161ega hi\u0161nega ljubljen\u010dka, dostopa do vseh potrebnih informacij, ki mu bodo pomagale.<\/li>\n<li><strong>Mo\u017enosti prilagajanja:<\/strong> Prilagodite oznako z imenom svojega ljubljen\u010dka, telefonsko \u0161tevilko in izbirate med razli\u010dnimi vzorci, ki ustrezajo osebnosti va\u0161ega ljubljen\u010dka.<\/li>\n<li><strong>Visoka vzdr\u017eljivost:<\/strong> Oznaka je izdelana iz trpe\u017enih materialov in je zasnovana tako, da je odporna na vse vremenske razmere in aktivno igro ter zagotavlja, da ostane \u010ditljiva in nedotaknjena.<\/li>\n<li><strong>Enostavno posodabljanje:<\/strong> Spletni profil, povezan s kodo QR, lahko posodobite kadar koli in kjer koli, tako da so podatki o va\u0161em hi\u0161nem ljubljen\u010dku posodobljeni, ne da bi bilo treba zamenjati oznako.<\/li>\n<\/ul>\n<p>Ta identifikacijska oznaka je idealna za vse lastnike hi\u0161nih ljubljen\u010dkov, ki \u017eelijo zdru\u017eiti varnost s priro\u010dnostjo. Ne glede na to, ali va\u0161 hi\u0161ni ljubljen\u010dek rad pobegne ali pa \u017eelite biti preprosto mirni, ko ste zunaj, ta identifikacijska oznaka zagotavlja zanesljiv na\u010din za zagotavljanje varnosti va\u0161ega ljubljenega spremljevalca.<\/p>\n<p>Z izbiro na\u0161e prilagojene pametne ovratnice z oznako QR Code Pet ID Tag ne boste dobili le oznake, temve\u010d zagotovilo, da bo va\u0161 hi\u0161ni ljubljen\u010dek zlahka prepoznan in varno vrnjen domov, \u010de se izgubi. To je majhna nalo\u017eba, ki lahko mo\u010dno izbolj\u0161a varnost va\u0161ega hi\u0161nega ljubljen\u010dka.<\/p>\n<h5><strong>Ali so pasje zna\u010dke s kodo QR zakonite?<\/strong><\/h5>\n<p>Da, pasje zna\u010dke s kodo QR so zakonite. So inovativna alternativa tradicionalnim graviranim oznakam in lahko shranijo podrobnej\u0161e informacije o hi\u0161nem ljubljen\u010dku, kar je lahko koristno, \u010de se pes izgubi.<\/p>\n<h5><strong>Ali pasje zna\u010dke QR delujejo?<\/strong><\/h5>\n<p>Da, pasje zna\u010dke QR delujejo u\u010dinkovito. Ko nekdo najde psa z oznako s kodo QR, lahko s pametnim telefonom skenira kodo, ki ga obi\u010dajno usmeri na spletno stran z informacijami o psu, vklju\u010dno s kontaktnimi podatki lastnika.<\/p>\n<h5>Kateri podatki so zakonsko obvezni na pasji znamki?<\/h5>\n<p>Zakonsko zahtevani podatki na pasji zna\u010dki se lahko razlikujejo glede na lokalne predpise v kraju, kjer \u017eivite. Vendar so v mnogih krajih obi\u010dajno predpisani naslednji podatki:<\/p>\n<ol>\n<li><strong>Ime lastnika<\/strong>: Ime in priimek lastnika psa, da se zagotovi ustrezna identifikacija in odgovornost.<\/li>\n<li><strong>Kontaktni podatki<\/strong>: Vsaj ena telefonska \u0161tevilka, na kateri je lastnik dosegljiv. Nekatera obmo\u010dja lahko zahtevajo dodatne \u0161tevilke ali celo naslov.<\/li>\n<\/ol>\n<p>\u010ce ima va\u0161 pes posebne zdravstvene te\u017eave, ki zahtevajo takoj\u0161njo pozornost, je priporo\u010dljivo vklju\u010diti tudi vse pomembne zdravstvene podatke, \u010de se izgubi. \u010ceprav to ni vedno zakonsko zahtevano, je lahko klju\u010dnega pomena za varnost va\u0161ega ljubljen\u010dka. Vedno preverite lokalne predpise, da zagotovite skladnost s posebnimi lokalnimi zahtevami za identifikacijo hi\u0161nih \u017eivali.<\/p>","protected":false},"excerpt":{"rendered":"<p>Pove\u010dajte varnost svojega hi\u0161nega ljubljen\u010dka z na\u0161o prilagojeno pametno ovratnico z oznako QR Code Pet Collar ID Tag. Ta inovativna zna\u010dka ima kodo QR, ki je povezana z osebnim profilom z bistvenimi kontaktnimi in zdravstvenimi informacijami. Enostavno jo je mogo\u010de posodobiti in je dostopna, zato bo va\u0161 hi\u0161ni ljubljen\u010dek vedno na\u0161el pot nazaj k vam. Prilagodljiva je z izbranimi vzorci, zato ni le prakti\u010dna, temve\u010d tudi elegantna.<\/p>","protected":false},"featured_media":7912,"template":"","meta":[],"product_brand":[],"product_cat":[26],"product_tag":[],"class_list":{"0":"post-7910","1":"product","2":"type-product","3":"status-publish","4":"has-post-thumbnail","6":"product_cat-dog-collar","7":"pa_brand-qqpets","9":"first","10":"instock","11":"shipping-taxable","12":"product-type-simple"},"yoast_head":"<!-- This site is optimized with the Yoast SEO plugin v26.6 - https:\/\/yoast.com\/wordpress\/plugins\/seo\/ -->\n<title>Smart QR Code Pet Collar ID Tag | QQPETS<\/title>\n<meta name=\"description\" content=\"Secure your pet with our Smart QR Code ID Tag. Custom, trackable, and stylish. Perfect for peace of mind!\" \/>\n<meta name=\"robots\" content=\"index, follow, max-snippet:-1, max-image-preview:large, max-video-preview:-1\" \/>\n<link rel=\"canonical\" href=\"https:\/\/qqpets.com\/sl\/izdelek\/smart-qr-code-pet-collar-id-tag\/\" \/>\n<meta property=\"og:locale\" content=\"sl_SI\" \/>\n<meta property=\"og:type\" content=\"article\" \/>\n<meta property=\"og:title\" content=\"Smart QR Code Pet Collar ID Tag | QQPETS\" \/>\n<meta property=\"og:description\" content=\"Secure your pet with our Smart QR Code ID Tag. Custom, trackable, and stylish. Perfect for peace of mind!\" \/>\n<meta property=\"og:url\" content=\"https:\/\/qqpets.com\/sl\/izdelek\/smart-qr-code-pet-collar-id-tag\/\" \/>\n<meta property=\"og:site_name\" content=\"QQPETS\" \/>\n<meta property=\"article:publisher\" content=\"https:\/\/www.facebook.com\/QQpetsdogcollars\" \/>\n<meta property=\"article:modified_time\" content=\"2024-11-13T03:58:39+00:00\" \/>\n<meta property=\"og:image\" content=\"https:\/\/qqpets.com\/wp-content\/uploads\/2024\/09\/QR-CODE-PET-COLLAR2.webp\" \/>\n\t<meta property=\"og:image:width\" content=\"1000\" \/>\n\t<meta property=\"og:image:height\" content=\"1000\" \/>\n\t<meta property=\"og:image:type\" content=\"image\/webp\" \/>\n<meta name=\"twitter:card\" content=\"summary_large_image\" \/>\n<meta name=\"twitter:label1\" content=\"Est. reading time\" \/>\n\t<meta name=\"twitter:data1\" content=\"3 minute\" \/>\n<script type=\"application\/ld+json\" class=\"yoast-schema-graph\">{\"@context\":\"https:\/\/schema.org\",\"@graph\":[{\"@type\":\"WebPage\",\"@id\":\"https:\/\/qqpets.com\/product\/smart-qr-code-pet-collar-id-tag\/\",\"url\":\"https:\/\/qqpets.com\/product\/smart-qr-code-pet-collar-id-tag\/\",\"name\":\"Smart QR Code Pet Collar ID Tag | QQPETS\",\"isPartOf\":{\"@id\":\"https:\/\/qqpets.com\/#website\"},\"primaryImageOfPage\":{\"@id\":\"https:\/\/qqpets.com\/product\/smart-qr-code-pet-collar-id-tag\/#primaryimage\"},\"image\":{\"@id\":\"https:\/\/qqpets.com\/product\/smart-qr-code-pet-collar-id-tag\/#primaryimage\"},\"thumbnailUrl\":\"https:\/\/qqpets.com\/wp-content\/uploads\/2024\/09\/QR-CODE-PET-COLLAR2.webp\",\"datePublished\":\"2024-09-07T07:54:26+00:00\",\"dateModified\":\"2024-11-13T03:58:39+00:00\",\"description\":\"Secure your pet with our Smart QR Code ID Tag. Custom, trackable, and stylish. Perfect for peace of mind!\",\"breadcrumb\":{\"@id\":\"https:\/\/qqpets.com\/product\/smart-qr-code-pet-collar-id-tag\/#breadcrumb\"},\"inLanguage\":\"sl-SI\",\"potentialAction\":[{\"@type\":\"ReadAction\",\"target\":[\"https:\/\/qqpets.com\/product\/smart-qr-code-pet-collar-id-tag\/\"]}]},{\"@type\":\"ImageObject\",\"inLanguage\":\"sl-SI\",\"@id\":\"https:\/\/qqpets.com\/product\/smart-qr-code-pet-collar-id-tag\/#primaryimage\",\"url\":\"https:\/\/qqpets.com\/wp-content\/uploads\/2024\/09\/QR-CODE-PET-COLLAR2.webp\",\"contentUrl\":\"https:\/\/qqpets.com\/wp-content\/uploads\/2024\/09\/QR-CODE-PET-COLLAR2.webp\",\"width\":1000,\"height\":1000},{\"@type\":\"BreadcrumbList\",\"@id\":\"https:\/\/qqpets.com\/product\/smart-qr-code-pet-collar-id-tag\/#breadcrumb\",\"itemListElement\":[{\"@type\":\"ListItem\",\"position\":1,\"name\":\"Home\",\"item\":\"https:\/\/qqpets.com\/\"},{\"@type\":\"ListItem\",\"position\":2,\"name\":\"Products\",\"item\":\"https:\/\/qqpets.com\/pet-products-manufacturer\/\"},{\"@type\":\"ListItem\",\"position\":3,\"name\":\"Smart QR Code Pet Collar ID Tag\"}]},{\"@type\":\"WebSite\",\"@id\":\"https:\/\/qqpets.com\/#website\",\"url\":\"https:\/\/qqpets.com\/\",\"name\":\"QQPETS\",\"description\":\"QQPETS is a pet products factory for dog harnesses, dog collars, dog leashes and dog accessories with professional customized service since 2005.\",\"publisher\":{\"@id\":\"https:\/\/qqpets.com\/#organization\"},\"potentialAction\":[{\"@type\":\"SearchAction\",\"target\":{\"@type\":\"EntryPoint\",\"urlTemplate\":\"https:\/\/qqpets.com\/?s={search_term_string}\"},\"query-input\":{\"@type\":\"PropertyValueSpecification\",\"valueRequired\":true,\"valueName\":\"search_term_string\"}}],\"inLanguage\":\"sl-SI\"},{\"@type\":\"Organization\",\"@id\":\"https:\/\/qqpets.com\/#organization\",\"name\":\"QQPETS\",\"url\":\"https:\/\/qqpets.com\/\",\"logo\":{\"@type\":\"ImageObject\",\"inLanguage\":\"sl-SI\",\"@id\":\"https:\/\/qqpets.com\/#\/schema\/logo\/image\/\",\"url\":\"https:\/\/qqpets.com\/wp-content\/uploads\/2023\/09\/cropped-cropped-qqpets-tiktok.jpg\",\"contentUrl\":\"https:\/\/qqpets.com\/wp-content\/uploads\/2023\/09\/cropped-cropped-qqpets-tiktok.jpg\",\"width\":511,\"height\":511,\"caption\":\"QQPETS\"},\"image\":{\"@id\":\"https:\/\/qqpets.com\/#\/schema\/logo\/image\/\"},\"sameAs\":[\"https:\/\/www.facebook.com\/QQpetsdogcollars\",\"https:\/\/www.instagram.com\/qqpetscollar\/\",\"https:\/\/www.pinterest.com\/qqpetsdogcollarsfactory\/\"]}]}<\/script>\n<!-- \/ Yoast SEO plugin. -->","yoast_head_json":{"title":"Smart QR Code Pet ovratnica ID Tag | QQPETS","description":"Zagotovite varnost svojega ljubljen\u010dka z na\u0161o pametno identifikacijsko oznako s kodo QR. Prilagojena, sledljiva in elegantna. Kot nala\u0161\u010d za miren spanec!","robots":{"index":"index","follow":"follow","max-snippet":"max-snippet:-1","max-image-preview":"max-image-preview:large","max-video-preview":"max-video-preview:-1"},"canonical":"https:\/\/qqpets.com\/sl\/izdelek\/smart-qr-code-pet-collar-id-tag\/","og_locale":"sl_SI","og_type":"article","og_title":"Smart QR Code Pet Collar ID Tag | QQPETS","og_description":"Secure your pet with our Smart QR Code ID Tag. Custom, trackable, and stylish. Perfect for peace of mind!","og_url":"https:\/\/qqpets.com\/sl\/izdelek\/smart-qr-code-pet-collar-id-tag\/","og_site_name":"QQPETS","article_publisher":"https:\/\/www.facebook.com\/QQpetsdogcollars","article_modified_time":"2024-11-13T03:58:39+00:00","og_image":[{"width":1000,"height":1000,"url":"https:\/\/qqpets.com\/wp-content\/uploads\/2024\/09\/QR-CODE-PET-COLLAR2.webp","type":"image\/webp"}],"twitter_card":"summary_large_image","twitter_misc":{"Est. reading time":"3 minute"},"schema":{"@context":"https:\/\/schema.org","@graph":[{"@type":"WebPage","@id":"https:\/\/qqpets.com\/product\/smart-qr-code-pet-collar-id-tag\/","url":"https:\/\/qqpets.com\/product\/smart-qr-code-pet-collar-id-tag\/","name":"Smart QR Code Pet ovratnica ID Tag | QQPETS","isPartOf":{"@id":"https:\/\/qqpets.com\/#website"},"primaryImageOfPage":{"@id":"https:\/\/qqpets.com\/product\/smart-qr-code-pet-collar-id-tag\/#primaryimage"},"image":{"@id":"https:\/\/qqpets.com\/product\/smart-qr-code-pet-collar-id-tag\/#primaryimage"},"thumbnailUrl":"https:\/\/qqpets.com\/wp-content\/uploads\/2024\/09\/QR-CODE-PET-COLLAR2.webp","datePublished":"2024-09-07T07:54:26+00:00","dateModified":"2024-11-13T03:58:39+00:00","description":"Zagotovite varnost svojega ljubljen\u010dka z na\u0161o pametno identifikacijsko oznako s kodo QR. Prilagojena, sledljiva in elegantna. Kot nala\u0161\u010d za miren spanec!","breadcrumb":{"@id":"https:\/\/qqpets.com\/product\/smart-qr-code-pet-collar-id-tag\/#breadcrumb"},"inLanguage":"sl-SI","potentialAction":[{"@type":"ReadAction","target":["https:\/\/qqpets.com\/product\/smart-qr-code-pet-collar-id-tag\/"]}]},{"@type":"ImageObject","inLanguage":"sl-SI","@id":"https:\/\/qqpets.com\/product\/smart-qr-code-pet-collar-id-tag\/#primaryimage","url":"https:\/\/qqpets.com\/wp-content\/uploads\/2024\/09\/QR-CODE-PET-COLLAR2.webp","contentUrl":"https:\/\/qqpets.com\/wp-content\/uploads\/2024\/09\/QR-CODE-PET-COLLAR2.webp","width":1000,"height":1000},{"@type":"BreadcrumbList","@id":"https:\/\/qqpets.com\/product\/smart-qr-code-pet-collar-id-tag\/#breadcrumb","itemListElement":[{"@type":"ListItem","position":1,"name":"Home","item":"https:\/\/qqpets.com\/"},{"@type":"ListItem","position":2,"name":"Products","item":"https:\/\/qqpets.com\/pet-products-manufacturer\/"},{"@type":"ListItem","position":3,"name":"Smart QR Code Pet Collar ID Tag"}]},{"@type":"WebSite","@id":"https:\/\/qqpets.com\/#website","url":"https:\/\/qqpets.com\/","name":"QQPETS","description":"QQPETS je tovarna izdelkov za hi\u0161ne ljubljen\u010dke za pasje postroje, pasje ovratnice, pasje povodce in pasje dodatke s strokovno prilagojeno storitvijo od leta 2005.","publisher":{"@id":"https:\/\/qqpets.com\/#organization"},"potentialAction":[{"@type":"SearchAction","target":{"@type":"EntryPoint","urlTemplate":"https:\/\/qqpets.com\/?s={search_term_string}"},"query-input":{"@type":"PropertyValueSpecification","valueRequired":true,"valueName":"search_term_string"}}],"inLanguage":"sl-SI"},{"@type":"Organization","@id":"https:\/\/qqpets.com\/#organization","name":"QQPETS","url":"https:\/\/qqpets.com\/","logo":{"@type":"ImageObject","inLanguage":"sl-SI","@id":"https:\/\/qqpets.com\/#\/schema\/logo\/image\/","url":"https:\/\/qqpets.com\/wp-content\/uploads\/2023\/09\/cropped-cropped-qqpets-tiktok.jpg","contentUrl":"https:\/\/qqpets.com\/wp-content\/uploads\/2023\/09\/cropped-cropped-qqpets-tiktok.jpg","width":511,"height":511,"caption":"QQPETS"},"image":{"@id":"https:\/\/qqpets.com\/#\/schema\/logo\/image\/"},"sameAs":["https:\/\/www.facebook.com\/QQpetsdogcollars","https:\/\/www.instagram.com\/qqpetscollar\/","https:\/\/www.pinterest.com\/qqpetsdogcollarsfactory\/"]}]}},"_links":{"self":[{"href":"https:\/\/qqpets.com\/sl\/wp-json\/wp\/v2\/product\/7910","targetHints":{"allow":["GET"]}}],"collection":[{"href":"https:\/\/qqpets.com\/sl\/wp-json\/wp\/v2\/product"}],"about":[{"href":"https:\/\/qqpets.com\/sl\/wp-json\/wp\/v2\/types\/product"}],"wp:featuredmedia":[{"embeddable":true,"href":"https:\/\/qqpets.com\/sl\/wp-json\/wp\/v2\/media\/7912"}],"wp:attachment":[{"href":"https:\/\/qqpets.com\/sl\/wp-json\/wp\/v2\/media?parent=7910"}],"wp:term":[{"taxonomy":"product_brand","embeddable":true,"href":"https:\/\/qqpets.com\/sl\/wp-json\/wp\/v2\/product_brand?post=7910"},{"taxonomy":"product_cat","embeddable":true,"href":"https:\/\/qqpets.com\/sl\/wp-json\/wp\/v2\/product_cat?post=7910"},{"taxonomy":"product_tag","embeddable":true,"href":"https:\/\/qqpets.com\/sl\/wp-json\/wp\/v2\/product_tag?post=7910"}],"curies":[{"name":"wp","href":"https:\/\/api.w.org\/{rel}","templated":true}]}}