{"id":8041,"date":"2024-09-20T11:32:59","date_gmt":"2024-09-20T03:32:59","guid":{"rendered":"https:\/\/qqpets.com\/?post_type=product&#038;p=8041"},"modified":"2024-09-24T17:22:01","modified_gmt":"2024-09-24T09:22:01","slug":"reversible-dog-harness","status":"publish","type":"product","link":"https:\/\/qqpets.com\/sl\/izdelek\/reversible-dog-harness\/","title":{"rendered":"Obojestranski pasji postroj"},"content":{"rendered":"<p>Predstavljamo na\u0161 vsestranski obojestranski pasji postroj, ki je popoln pripomo\u010dek za pse, katerih garderoba je tako raznolika kot sprehodi. Ta inovativni pasji pas omogo\u010da preklapljanje med dvema modnima vzorcema s preprostim obra\u010danjem, kar zagotavlja sve\u017e videz za vsak sprehod.<\/p>\n<p><strong>Klju\u010dne lastnosti:<\/strong><\/p>\n<ul>\n<li><strong>Dvojna zasnova:<\/strong> Vsak postroj ima dva edinstvena, privla\u010dna vzorca. Ne glede na to, ali vam je v\u0161e\u010d drzen tisk ali subtilna klasika, lahko postroj preprosto zamenjate in si ustvarite nov videz.<\/li>\n<li><strong>Osredoto\u010denost na udobje:<\/strong> Izdelana je iz mehkih, zra\u010dnih materialov, ki ne dra\u017eijo ko\u017ee va\u0161ega ljubljen\u010dka in zagotavljajo udobje med dolgimi sprehodi.<\/li>\n<li><strong>Prilagodljivo prileganje:<\/strong> Popolnoma nastavljivi trakovi omogo\u010dajo prilagajanje rasti ali spremembam velikosti va\u0161ega psa. Popolno prileganje zagotavlja varnost in udobje va\u0161ega psa ter zmanj\u0161uje nevarnost pobega.<\/li>\n<li><strong>Enostavna uporaba:<\/strong> Zaradi funkcij, kot so zaponke za hitro odpenjanje, si lahko postroj preprosto nadenete in snamete, zato je priprava na sprehod hitra in enostavna.<\/li>\n<li><strong>Trajna konstrukcija:<\/strong> Postroj je izdelan iz visokokakovostnih materialov in je zasnovan tako, da je odporen proti zahtevam aktivne uporabe, kar zagotavlja dolgotrajno no\u0161enje, ne da bi pri tem \u017ertvovali slog.<\/li>\n<\/ul>\n<p>Ne glede na to, ali se odpravljate v pasji park, na sprehod po mestu ali na sre\u010danje, na katerem mora biti va\u0161 ljubljen\u010dek videti najbolje, je na\u0161 obojestranski pasji postroj kos zahtevam vsakodnevne uporabe, hkrati pa ohranja eleganten videz va\u0161ega psa. Je idealna izbira za lastnike hi\u0161nih ljubljen\u010dkov, ki pri pasjih dodatkih cenijo funkcionalnost, slog in vsestranskost.<\/p>\n<p>Izberite na\u0161 obojestranski pasji postroj, ki bo va\u0161im sprehodom dodal slog in raznolikost ter poskrbel, da bo vsak izlet z va\u0161im ljubljen\u010dkom edinstven in prijeten. To je ve\u010d kot le pasji pas; to je modna izjava, ki izpolnjuje prakti\u010dne potrebe.<\/p>\n<h5><strong>Kaj je obojestranski postroj?<\/strong><\/h5>\n<p>Obojestranski pasji postroj je vrsta pasjega postroja, ki ga lahko nosite na obeh straneh. Obi\u010dajno ima dva razli\u010dna vzorca ali barve, po eno na vsaki strani, kar lastniku omogo\u010da, da ju zamenja, ne da bi potreboval dva lo\u010dena postroja.<\/p>\n<h5><strong>Iz katerega postroja se pes ne more umakniti?<\/strong><\/h5>\n<p>Varnostni pasovi z varnim prileganjem in \u0161tevilnimi to\u010dkami za nastavitev, kot so pasovi z zanko martingale na prsih, so zasnovani tako, da prepre\u010dujejo, da bi se psi umaknili. Ti pasovi so obi\u010dajno zelo prilegajo\u010di in se prilagodijo tako, da se rahlo zategnejo, ko pes potegne, kar prepre\u010duje pobeg.<\/p>\n<h5><strong>Ali lahko psi s pasovi te\u017eje vle\u010dejo?<\/strong><\/h5>\n<p>Da, nekateri psi bodo morda te\u017eje potegnili s postrojem z zadnjo sponko, saj jim omogo\u010da, da s celotno te\u017eo telesa potegnejo naprej, ne da bi pri tem ob\u010dutili nelagodje v vratu. Postroji s sprednjo sponko ali brez vle\u010denja so zasnovani tako, da to ubla\u017eijo s preusmerjanjem vle\u010dne sile vstran ali proti lastniku, zaradi \u010desar pes te\u017eje vle\u010de.<\/p>\n<h5><strong>Ali lahko pes ves \u010das nosi pasjo priponko?<\/strong><\/h5>\n<p>Ni priporo\u010dljivo, da pes ves \u010das nosi pasjo opravo. Nenehno no\u0161enje lahko povzro\u010di dra\u017eenje ko\u017ee, zana\u0161anje krzna ali nelagodje, zlasti pod pazduhami. Najbolje je, da postroj odstranite, ko ga ne uporabljate, na primer v zaprtih prostorih ali ko pes po\u010diva.<\/p>","protected":false},"excerpt":{"rendered":"<p>Osve\u017eite svoje sprehode z na\u0161im obojestranskim pasjim pasjim pasom, ki ponuja dva elegantna vzorca v eni priro\u010dni zasnovi. Ta pasji pasji pas je kot nala\u0161\u010d za modno usmerjene hi\u0161ne ljubljen\u010dke in lastnike, saj je izdelan za udobje in vzdr\u017eljivost. Ima nastavljive trakove za popolno prileganje in zaponke za hitro odpenjanje, ki omogo\u010dajo enostavno pripenjanje in odpenjanje. Postroj je lahek, a trpe\u017een in zagotavlja optimalen nadzor in udobje med sprehodi. Idealen je za vsako prilo\u017enost, z na\u0161im obojestranskim pasjim pasom pa lahko brez te\u017eav spreminjate videz.<\/p>","protected":false},"featured_media":8227,"template":"","meta":[],"product_brand":[],"product_cat":[23],"product_tag":[],"class_list":{"0":"post-8041","1":"product","2":"type-product","3":"status-publish","4":"has-post-thumbnail","6":"product_cat-dog-harness","7":"pa_brand-qqpets","9":"first","10":"instock","11":"shipping-taxable","12":"product-type-simple"},"yoast_head":"<!-- This site is optimized with the Yoast SEO plugin v26.6 - https:\/\/yoast.com\/wordpress\/plugins\/seo\/ -->\n<title>Reversible Dog Harness | QQPETS<\/title>\n<meta name=\"description\" content=\"Switch up your style with our Reversible Dog Harness. Two looks in one for every adventure. Shop now for versatility!\" \/>\n<meta name=\"robots\" content=\"index, follow, max-snippet:-1, max-image-preview:large, max-video-preview:-1\" \/>\n<link rel=\"canonical\" href=\"https:\/\/qqpets.com\/sl\/izdelek\/reversible-dog-harness\/\" \/>\n<meta property=\"og:locale\" content=\"sl_SI\" \/>\n<meta property=\"og:type\" content=\"article\" \/>\n<meta property=\"og:title\" content=\"Reversible Dog Harness | QQPETS\" \/>\n<meta property=\"og:description\" content=\"Switch up your style with our Reversible Dog Harness. Two looks in one for every adventure. Shop now for versatility!\" \/>\n<meta property=\"og:url\" content=\"https:\/\/qqpets.com\/sl\/izdelek\/reversible-dog-harness\/\" \/>\n<meta property=\"og:site_name\" content=\"QQPETS\" \/>\n<meta property=\"article:publisher\" content=\"https:\/\/www.facebook.com\/QQpetsdogcollars\" \/>\n<meta property=\"article:modified_time\" content=\"2024-09-24T09:22:01+00:00\" \/>\n<meta property=\"og:image\" content=\"https:\/\/qqpets.com\/wp-content\/uploads\/2024\/09\/Reversible-dog-Harness1-2.webp\" \/>\n\t<meta property=\"og:image:width\" content=\"1000\" \/>\n\t<meta property=\"og:image:height\" content=\"1000\" \/>\n\t<meta property=\"og:image:type\" content=\"image\/webp\" \/>\n<meta name=\"twitter:card\" content=\"summary_large_image\" \/>\n<meta name=\"twitter:label1\" content=\"Est. reading time\" \/>\n\t<meta name=\"twitter:data1\" content=\"3 minute\" \/>\n<script type=\"application\/ld+json\" class=\"yoast-schema-graph\">{\"@context\":\"https:\/\/schema.org\",\"@graph\":[{\"@type\":\"WebPage\",\"@id\":\"https:\/\/qqpets.com\/product\/reversible-dog-harness\/\",\"url\":\"https:\/\/qqpets.com\/product\/reversible-dog-harness\/\",\"name\":\"Reversible Dog Harness | QQPETS\",\"isPartOf\":{\"@id\":\"https:\/\/qqpets.com\/#website\"},\"primaryImageOfPage\":{\"@id\":\"https:\/\/qqpets.com\/product\/reversible-dog-harness\/#primaryimage\"},\"image\":{\"@id\":\"https:\/\/qqpets.com\/product\/reversible-dog-harness\/#primaryimage\"},\"thumbnailUrl\":\"https:\/\/qqpets.com\/wp-content\/uploads\/2024\/09\/Reversible-dog-Harness1-2.webp\",\"datePublished\":\"2024-09-20T03:32:59+00:00\",\"dateModified\":\"2024-09-24T09:22:01+00:00\",\"description\":\"Switch up your style with our Reversible Dog Harness. Two looks in one for every adventure. Shop now for versatility!\",\"breadcrumb\":{\"@id\":\"https:\/\/qqpets.com\/product\/reversible-dog-harness\/#breadcrumb\"},\"inLanguage\":\"sl-SI\",\"potentialAction\":[{\"@type\":\"ReadAction\",\"target\":[\"https:\/\/qqpets.com\/product\/reversible-dog-harness\/\"]}]},{\"@type\":\"ImageObject\",\"inLanguage\":\"sl-SI\",\"@id\":\"https:\/\/qqpets.com\/product\/reversible-dog-harness\/#primaryimage\",\"url\":\"https:\/\/qqpets.com\/wp-content\/uploads\/2024\/09\/Reversible-dog-Harness1-2.webp\",\"contentUrl\":\"https:\/\/qqpets.com\/wp-content\/uploads\/2024\/09\/Reversible-dog-Harness1-2.webp\",\"width\":1000,\"height\":1000,\"caption\":\"Reversible-dog-Harness1 (2)\"},{\"@type\":\"BreadcrumbList\",\"@id\":\"https:\/\/qqpets.com\/product\/reversible-dog-harness\/#breadcrumb\",\"itemListElement\":[{\"@type\":\"ListItem\",\"position\":1,\"name\":\"Home\",\"item\":\"https:\/\/qqpets.com\/\"},{\"@type\":\"ListItem\",\"position\":2,\"name\":\"Products\",\"item\":\"https:\/\/qqpets.com\/pet-products-manufacturer\/\"},{\"@type\":\"ListItem\",\"position\":3,\"name\":\"Reversible Dog Harness\"}]},{\"@type\":\"WebSite\",\"@id\":\"https:\/\/qqpets.com\/#website\",\"url\":\"https:\/\/qqpets.com\/\",\"name\":\"QQPETS\",\"description\":\"QQPETS is a pet products factory for dog harnesses, dog collars, dog leashes and dog accessories with professional customized service since 2005.\",\"publisher\":{\"@id\":\"https:\/\/qqpets.com\/#organization\"},\"potentialAction\":[{\"@type\":\"SearchAction\",\"target\":{\"@type\":\"EntryPoint\",\"urlTemplate\":\"https:\/\/qqpets.com\/?s={search_term_string}\"},\"query-input\":{\"@type\":\"PropertyValueSpecification\",\"valueRequired\":true,\"valueName\":\"search_term_string\"}}],\"inLanguage\":\"sl-SI\"},{\"@type\":\"Organization\",\"@id\":\"https:\/\/qqpets.com\/#organization\",\"name\":\"QQPETS\",\"url\":\"https:\/\/qqpets.com\/\",\"logo\":{\"@type\":\"ImageObject\",\"inLanguage\":\"sl-SI\",\"@id\":\"https:\/\/qqpets.com\/#\/schema\/logo\/image\/\",\"url\":\"https:\/\/qqpets.com\/wp-content\/uploads\/2023\/09\/cropped-cropped-qqpets-tiktok.jpg\",\"contentUrl\":\"https:\/\/qqpets.com\/wp-content\/uploads\/2023\/09\/cropped-cropped-qqpets-tiktok.jpg\",\"width\":511,\"height\":511,\"caption\":\"QQPETS\"},\"image\":{\"@id\":\"https:\/\/qqpets.com\/#\/schema\/logo\/image\/\"},\"sameAs\":[\"https:\/\/www.facebook.com\/QQpetsdogcollars\",\"https:\/\/www.instagram.com\/qqpetscollar\/\",\"https:\/\/www.pinterest.com\/qqpetsdogcollarsfactory\/\"]}]}<\/script>\n<!-- \/ Yoast SEO plugin. -->","yoast_head_json":{"title":"Obojstranski pasji postroj | QQPETS","description":"Spremenite svoj slog z na\u0161im reverzibilnim pasjim pasjim pasom. Dva videza v enem za vsako pustolov\u0161\u010dino. Kupujte zdaj za vsestranskost!","robots":{"index":"index","follow":"follow","max-snippet":"max-snippet:-1","max-image-preview":"max-image-preview:large","max-video-preview":"max-video-preview:-1"},"canonical":"https:\/\/qqpets.com\/sl\/izdelek\/reversible-dog-harness\/","og_locale":"sl_SI","og_type":"article","og_title":"Reversible Dog Harness | QQPETS","og_description":"Switch up your style with our Reversible Dog Harness. Two looks in one for every adventure. Shop now for versatility!","og_url":"https:\/\/qqpets.com\/sl\/izdelek\/reversible-dog-harness\/","og_site_name":"QQPETS","article_publisher":"https:\/\/www.facebook.com\/QQpetsdogcollars","article_modified_time":"2024-09-24T09:22:01+00:00","og_image":[{"width":1000,"height":1000,"url":"https:\/\/qqpets.com\/wp-content\/uploads\/2024\/09\/Reversible-dog-Harness1-2.webp","type":"image\/webp"}],"twitter_card":"summary_large_image","twitter_misc":{"Est. reading time":"3 minute"},"schema":{"@context":"https:\/\/schema.org","@graph":[{"@type":"WebPage","@id":"https:\/\/qqpets.com\/product\/reversible-dog-harness\/","url":"https:\/\/qqpets.com\/product\/reversible-dog-harness\/","name":"Obojstranski pasji postroj | QQPETS","isPartOf":{"@id":"https:\/\/qqpets.com\/#website"},"primaryImageOfPage":{"@id":"https:\/\/qqpets.com\/product\/reversible-dog-harness\/#primaryimage"},"image":{"@id":"https:\/\/qqpets.com\/product\/reversible-dog-harness\/#primaryimage"},"thumbnailUrl":"https:\/\/qqpets.com\/wp-content\/uploads\/2024\/09\/Reversible-dog-Harness1-2.webp","datePublished":"2024-09-20T03:32:59+00:00","dateModified":"2024-09-24T09:22:01+00:00","description":"Spremenite svoj slog z na\u0161im reverzibilnim pasjim pasjim pasom. Dva videza v enem za vsako pustolov\u0161\u010dino. Kupujte zdaj za vsestranskost!","breadcrumb":{"@id":"https:\/\/qqpets.com\/product\/reversible-dog-harness\/#breadcrumb"},"inLanguage":"sl-SI","potentialAction":[{"@type":"ReadAction","target":["https:\/\/qqpets.com\/product\/reversible-dog-harness\/"]}]},{"@type":"ImageObject","inLanguage":"sl-SI","@id":"https:\/\/qqpets.com\/product\/reversible-dog-harness\/#primaryimage","url":"https:\/\/qqpets.com\/wp-content\/uploads\/2024\/09\/Reversible-dog-Harness1-2.webp","contentUrl":"https:\/\/qqpets.com\/wp-content\/uploads\/2024\/09\/Reversible-dog-Harness1-2.webp","width":1000,"height":1000,"caption":"Reversible-dog-Harness1 (2)"},{"@type":"BreadcrumbList","@id":"https:\/\/qqpets.com\/product\/reversible-dog-harness\/#breadcrumb","itemListElement":[{"@type":"ListItem","position":1,"name":"Home","item":"https:\/\/qqpets.com\/"},{"@type":"ListItem","position":2,"name":"Products","item":"https:\/\/qqpets.com\/pet-products-manufacturer\/"},{"@type":"ListItem","position":3,"name":"Reversible Dog Harness"}]},{"@type":"WebSite","@id":"https:\/\/qqpets.com\/#website","url":"https:\/\/qqpets.com\/","name":"QQPETS","description":"QQPETS je tovarna izdelkov za hi\u0161ne ljubljen\u010dke za pasje postroje, pasje ovratnice, pasje povodce in pasje dodatke s strokovno prilagojeno storitvijo od leta 2005.","publisher":{"@id":"https:\/\/qqpets.com\/#organization"},"potentialAction":[{"@type":"SearchAction","target":{"@type":"EntryPoint","urlTemplate":"https:\/\/qqpets.com\/?s={search_term_string}"},"query-input":{"@type":"PropertyValueSpecification","valueRequired":true,"valueName":"search_term_string"}}],"inLanguage":"sl-SI"},{"@type":"Organization","@id":"https:\/\/qqpets.com\/#organization","name":"QQPETS","url":"https:\/\/qqpets.com\/","logo":{"@type":"ImageObject","inLanguage":"sl-SI","@id":"https:\/\/qqpets.com\/#\/schema\/logo\/image\/","url":"https:\/\/qqpets.com\/wp-content\/uploads\/2023\/09\/cropped-cropped-qqpets-tiktok.jpg","contentUrl":"https:\/\/qqpets.com\/wp-content\/uploads\/2023\/09\/cropped-cropped-qqpets-tiktok.jpg","width":511,"height":511,"caption":"QQPETS"},"image":{"@id":"https:\/\/qqpets.com\/#\/schema\/logo\/image\/"},"sameAs":["https:\/\/www.facebook.com\/QQpetsdogcollars","https:\/\/www.instagram.com\/qqpetscollar\/","https:\/\/www.pinterest.com\/qqpetsdogcollarsfactory\/"]}]}},"_links":{"self":[{"href":"https:\/\/qqpets.com\/sl\/wp-json\/wp\/v2\/product\/8041","targetHints":{"allow":["GET"]}}],"collection":[{"href":"https:\/\/qqpets.com\/sl\/wp-json\/wp\/v2\/product"}],"about":[{"href":"https:\/\/qqpets.com\/sl\/wp-json\/wp\/v2\/types\/product"}],"wp:featuredmedia":[{"embeddable":true,"href":"https:\/\/qqpets.com\/sl\/wp-json\/wp\/v2\/media\/8227"}],"wp:attachment":[{"href":"https:\/\/qqpets.com\/sl\/wp-json\/wp\/v2\/media?parent=8041"}],"wp:term":[{"taxonomy":"product_brand","embeddable":true,"href":"https:\/\/qqpets.com\/sl\/wp-json\/wp\/v2\/product_brand?post=8041"},{"taxonomy":"product_cat","embeddable":true,"href":"https:\/\/qqpets.com\/sl\/wp-json\/wp\/v2\/product_cat?post=8041"},{"taxonomy":"product_tag","embeddable":true,"href":"https:\/\/qqpets.com\/sl\/wp-json\/wp\/v2\/product_tag?post=8041"}],"curies":[{"name":"wp","href":"https:\/\/api.w.org\/{rel}","templated":true}]}}