{"id":8191,"date":"2024-09-24T15:42:45","date_gmt":"2024-09-24T07:42:45","guid":{"rendered":"https:\/\/qqpets.com\/?post_type=product&#038;p=8191"},"modified":"2024-09-24T15:42:45","modified_gmt":"2024-09-24T07:42:45","slug":"qr-code-training-dog-harness","status":"publish","type":"product","link":"https:\/\/qqpets.com\/sl\/izdelek\/qr-code-training-dog-harness\/","title":{"rendered":"QR Code Training pasji postroj"},"content":{"rendered":"<p>Z na\u0161im pasjim postrojem s kodo QR v vsakdan va\u0161ega hi\u0161nega ljubljen\u010dka vnesite najsodobnej\u0161o tehnologijo in zanesljivo funkcionalnost. Ta postroj zdru\u017euje voja\u0161ko trpe\u017enost in napredne varnostne funkcije, tako da je va\u0161 ljubljen\u010dek pripravljen na vsako pustolov\u0161\u010dino.<\/p>\n<h5><strong>Klju\u010dne lastnosti:<\/strong><\/h5>\n<ul>\n<li><strong>Vgrajena koda QR:<\/strong> Koda QR, name\u0161\u010dena na vidnem mestu na postroju, shranjuje pomembne informacije, do katerih lahko takoj dostopate s skeniranjem s pametnim telefonom, kar je idealno za hitro identifikacijo in podatke za nujne primere.<\/li>\n<li><strong>Trajni materiali:<\/strong> Ta postroj je izdelan iz trpe\u017enih, visokokakovostnih tkanin z maskirnim vzorcem in je zasnovan tako za slog kot za vzdr\u017eljivost. Mo\u010dni \u0161ivi zagotavljajo, da bo postroj vzdr\u017eal intenzivne dejavnosti.<\/li>\n<li><strong>Udobje in prileganje:<\/strong> Mehko oblazinjenje vzdol\u017e prsnega ko\u0161a in hrbta zagotavlja maksimalno udobje za va\u0161ega psa in zmanj\u0161uje morebitno dra\u017eenje zaradi dalj\u0161ega no\u0161enja. Nastavljivi trakovi omogo\u010dajo prileganje po meri psov razli\u010dnih velikosti.<\/li>\n<li><strong>Odsevni poudarki:<\/strong> Za ve\u010djo varnost med no\u010dnimi ali zgodnjimi jutranjimi izleti so po celotnem postroju vpletene odsevne niti in elementi, ki zagotavljajo bolj\u0161o vidljivost.<\/li>\n<li><strong>Ro\u010daj za usposabljanje:<\/strong> Robusten ro\u010daj na hrbtni strani vam omogo\u010da dodaten nadzor med treningi ali ko morate psa dr\u017eati v bli\u017eini, kar zagotavlja dodatno varnost.<\/li>\n<\/ul>\n<p>Na\u0161 pasji pasji postroj s kodo QR je idealen za aktivne pse in lastnike, ki cenijo varnost in udobje, saj je nepogre\u0161ljiv pripomo\u010dek za izbolj\u0161anje va\u0161ih izku\u0161enj na prostem. To ni le pas, temve\u010d klju\u010dno varnostno orodje, ki poskrbi, da je va\u0161 hi\u0161ni ljubljen\u010dek prepoznan in varen, kamor koli greste.<\/p>","protected":false},"excerpt":{"rendered":"<p>Pove\u010dajte nadzor in varnost z na\u0161im pasjim pasjim pasom s kodo QR, ki ga odlikuje trpe\u017ena in elegantna zasnova z vgrajeno kodo QR za enostavno identifikacijo hi\u0161nega ljubljen\u010dka. Postroj je idealen za usposabljanje in vsakodnevne sprehode, nastavljiv in izdelan iz zra\u010dnega, oblazinjenega materiala za udobje. Njegovi odsevni \u0161ivi pove\u010dujejo vidljivost in zagotavljajo varnost v slab\u0161ih svetlobnih pogojih.<\/p>","protected":false},"featured_media":8202,"template":"","meta":[],"product_brand":[],"product_cat":[23],"product_tag":[],"class_list":{"0":"post-8191","1":"product","2":"type-product","3":"status-publish","4":"has-post-thumbnail","6":"product_cat-dog-harness","7":"pa_brand-qqpets","9":"first","10":"instock","11":"shipping-taxable","12":"product-type-simple"},"yoast_head":"<!-- This site is optimized with the Yoast SEO plugin v26.6 - https:\/\/yoast.com\/wordpress\/plugins\/seo\/ -->\n<title>QR Code Training Dog Harness | QQPETS<\/title>\n<meta name=\"description\" content=\"Ensure safety with our QR Code Training Dog Harness. Perfect for training and instant ID. Secure and smart!\" \/>\n<meta name=\"robots\" content=\"index, follow, max-snippet:-1, max-image-preview:large, max-video-preview:-1\" \/>\n<link rel=\"canonical\" href=\"https:\/\/qqpets.com\/sl\/izdelek\/qr-code-training-dog-harness\/\" \/>\n<meta property=\"og:locale\" content=\"sl_SI\" \/>\n<meta property=\"og:type\" content=\"article\" \/>\n<meta property=\"og:title\" content=\"QR Code Training Dog Harness | QQPETS\" \/>\n<meta property=\"og:description\" content=\"Ensure safety with our QR Code Training Dog Harness. Perfect for training and instant ID. Secure and smart!\" \/>\n<meta property=\"og:url\" content=\"https:\/\/qqpets.com\/sl\/izdelek\/qr-code-training-dog-harness\/\" \/>\n<meta property=\"og:site_name\" content=\"QQPETS\" \/>\n<meta property=\"article:publisher\" content=\"https:\/\/www.facebook.com\/QQpetsdogcollars\" \/>\n<meta property=\"og:image\" content=\"https:\/\/qqpets.com\/wp-content\/uploads\/2024\/09\/QR-Code-Training-Dog-Harness3.webp\" \/>\n\t<meta property=\"og:image:width\" content=\"1000\" \/>\n\t<meta property=\"og:image:height\" content=\"1000\" \/>\n\t<meta property=\"og:image:type\" content=\"image\/webp\" \/>\n<meta name=\"twitter:card\" content=\"summary_large_image\" \/>\n<meta name=\"twitter:label1\" content=\"Est. reading time\" \/>\n\t<meta name=\"twitter:data1\" content=\"2 minuti\" \/>\n<script type=\"application\/ld+json\" class=\"yoast-schema-graph\">{\"@context\":\"https:\/\/schema.org\",\"@graph\":[{\"@type\":\"WebPage\",\"@id\":\"https:\/\/qqpets.com\/product\/qr-code-training-dog-harness\/\",\"url\":\"https:\/\/qqpets.com\/product\/qr-code-training-dog-harness\/\",\"name\":\"QR Code Training Dog Harness | QQPETS\",\"isPartOf\":{\"@id\":\"https:\/\/qqpets.com\/#website\"},\"primaryImageOfPage\":{\"@id\":\"https:\/\/qqpets.com\/product\/qr-code-training-dog-harness\/#primaryimage\"},\"image\":{\"@id\":\"https:\/\/qqpets.com\/product\/qr-code-training-dog-harness\/#primaryimage\"},\"thumbnailUrl\":\"https:\/\/qqpets.com\/wp-content\/uploads\/2024\/09\/QR-Code-Training-Dog-Harness3.webp\",\"datePublished\":\"2024-09-24T07:42:45+00:00\",\"description\":\"Ensure safety with our QR Code Training Dog Harness. Perfect for training and instant ID. Secure and smart!\",\"breadcrumb\":{\"@id\":\"https:\/\/qqpets.com\/product\/qr-code-training-dog-harness\/#breadcrumb\"},\"inLanguage\":\"sl-SI\",\"potentialAction\":[{\"@type\":\"ReadAction\",\"target\":[\"https:\/\/qqpets.com\/product\/qr-code-training-dog-harness\/\"]}]},{\"@type\":\"ImageObject\",\"inLanguage\":\"sl-SI\",\"@id\":\"https:\/\/qqpets.com\/product\/qr-code-training-dog-harness\/#primaryimage\",\"url\":\"https:\/\/qqpets.com\/wp-content\/uploads\/2024\/09\/QR-Code-Training-Dog-Harness3.webp\",\"contentUrl\":\"https:\/\/qqpets.com\/wp-content\/uploads\/2024\/09\/QR-Code-Training-Dog-Harness3.webp\",\"width\":1000,\"height\":1000},{\"@type\":\"BreadcrumbList\",\"@id\":\"https:\/\/qqpets.com\/product\/qr-code-training-dog-harness\/#breadcrumb\",\"itemListElement\":[{\"@type\":\"ListItem\",\"position\":1,\"name\":\"Home\",\"item\":\"https:\/\/qqpets.com\/\"},{\"@type\":\"ListItem\",\"position\":2,\"name\":\"Products\",\"item\":\"https:\/\/qqpets.com\/pet-products-manufacturer\/\"},{\"@type\":\"ListItem\",\"position\":3,\"name\":\"QR Code Training Dog Harness\"}]},{\"@type\":\"WebSite\",\"@id\":\"https:\/\/qqpets.com\/#website\",\"url\":\"https:\/\/qqpets.com\/\",\"name\":\"QQPETS\",\"description\":\"QQPETS is a pet products factory for dog harnesses, dog collars, dog leashes and dog accessories with professional customized service since 2005.\",\"publisher\":{\"@id\":\"https:\/\/qqpets.com\/#organization\"},\"potentialAction\":[{\"@type\":\"SearchAction\",\"target\":{\"@type\":\"EntryPoint\",\"urlTemplate\":\"https:\/\/qqpets.com\/?s={search_term_string}\"},\"query-input\":{\"@type\":\"PropertyValueSpecification\",\"valueRequired\":true,\"valueName\":\"search_term_string\"}}],\"inLanguage\":\"sl-SI\"},{\"@type\":\"Organization\",\"@id\":\"https:\/\/qqpets.com\/#organization\",\"name\":\"QQPETS\",\"url\":\"https:\/\/qqpets.com\/\",\"logo\":{\"@type\":\"ImageObject\",\"inLanguage\":\"sl-SI\",\"@id\":\"https:\/\/qqpets.com\/#\/schema\/logo\/image\/\",\"url\":\"https:\/\/qqpets.com\/wp-content\/uploads\/2023\/09\/cropped-cropped-qqpets-tiktok.jpg\",\"contentUrl\":\"https:\/\/qqpets.com\/wp-content\/uploads\/2023\/09\/cropped-cropped-qqpets-tiktok.jpg\",\"width\":511,\"height\":511,\"caption\":\"QQPETS\"},\"image\":{\"@id\":\"https:\/\/qqpets.com\/#\/schema\/logo\/image\/\"},\"sameAs\":[\"https:\/\/www.facebook.com\/QQpetsdogcollars\",\"https:\/\/www.instagram.com\/qqpetscollar\/\",\"https:\/\/www.pinterest.com\/qqpetsdogcollarsfactory\/\"]}]}<\/script>\n<!-- \/ Yoast SEO plugin. -->","yoast_head_json":{"title":"Pasji postroj za usposabljanje s kodo QR | QQPETS","description":"Zagotovite si varnost z na\u0161im pasjim pasjim pasom za trening s kodo QR. Odli\u010den za usposabljanje in takoj\u0161njo identifikacijo. Varno in pametno!","robots":{"index":"index","follow":"follow","max-snippet":"max-snippet:-1","max-image-preview":"max-image-preview:large","max-video-preview":"max-video-preview:-1"},"canonical":"https:\/\/qqpets.com\/sl\/izdelek\/qr-code-training-dog-harness\/","og_locale":"sl_SI","og_type":"article","og_title":"QR Code Training Dog Harness | QQPETS","og_description":"Ensure safety with our QR Code Training Dog Harness. Perfect for training and instant ID. Secure and smart!","og_url":"https:\/\/qqpets.com\/sl\/izdelek\/qr-code-training-dog-harness\/","og_site_name":"QQPETS","article_publisher":"https:\/\/www.facebook.com\/QQpetsdogcollars","og_image":[{"width":1000,"height":1000,"url":"https:\/\/qqpets.com\/wp-content\/uploads\/2024\/09\/QR-Code-Training-Dog-Harness3.webp","type":"image\/webp"}],"twitter_card":"summary_large_image","twitter_misc":{"Est. reading time":"2 minuti"},"schema":{"@context":"https:\/\/schema.org","@graph":[{"@type":"WebPage","@id":"https:\/\/qqpets.com\/product\/qr-code-training-dog-harness\/","url":"https:\/\/qqpets.com\/product\/qr-code-training-dog-harness\/","name":"Pasji postroj za usposabljanje s kodo QR | QQPETS","isPartOf":{"@id":"https:\/\/qqpets.com\/#website"},"primaryImageOfPage":{"@id":"https:\/\/qqpets.com\/product\/qr-code-training-dog-harness\/#primaryimage"},"image":{"@id":"https:\/\/qqpets.com\/product\/qr-code-training-dog-harness\/#primaryimage"},"thumbnailUrl":"https:\/\/qqpets.com\/wp-content\/uploads\/2024\/09\/QR-Code-Training-Dog-Harness3.webp","datePublished":"2024-09-24T07:42:45+00:00","description":"Zagotovite si varnost z na\u0161im pasjim pasjim pasom za trening s kodo QR. Odli\u010den za usposabljanje in takoj\u0161njo identifikacijo. Varno in pametno!","breadcrumb":{"@id":"https:\/\/qqpets.com\/product\/qr-code-training-dog-harness\/#breadcrumb"},"inLanguage":"sl-SI","potentialAction":[{"@type":"ReadAction","target":["https:\/\/qqpets.com\/product\/qr-code-training-dog-harness\/"]}]},{"@type":"ImageObject","inLanguage":"sl-SI","@id":"https:\/\/qqpets.com\/product\/qr-code-training-dog-harness\/#primaryimage","url":"https:\/\/qqpets.com\/wp-content\/uploads\/2024\/09\/QR-Code-Training-Dog-Harness3.webp","contentUrl":"https:\/\/qqpets.com\/wp-content\/uploads\/2024\/09\/QR-Code-Training-Dog-Harness3.webp","width":1000,"height":1000},{"@type":"BreadcrumbList","@id":"https:\/\/qqpets.com\/product\/qr-code-training-dog-harness\/#breadcrumb","itemListElement":[{"@type":"ListItem","position":1,"name":"Home","item":"https:\/\/qqpets.com\/"},{"@type":"ListItem","position":2,"name":"Products","item":"https:\/\/qqpets.com\/pet-products-manufacturer\/"},{"@type":"ListItem","position":3,"name":"QR Code Training Dog Harness"}]},{"@type":"WebSite","@id":"https:\/\/qqpets.com\/#website","url":"https:\/\/qqpets.com\/","name":"QQPETS","description":"QQPETS je tovarna izdelkov za hi\u0161ne ljubljen\u010dke za pasje postroje, pasje ovratnice, pasje povodce in pasje dodatke s strokovno prilagojeno storitvijo od leta 2005.","publisher":{"@id":"https:\/\/qqpets.com\/#organization"},"potentialAction":[{"@type":"SearchAction","target":{"@type":"EntryPoint","urlTemplate":"https:\/\/qqpets.com\/?s={search_term_string}"},"query-input":{"@type":"PropertyValueSpecification","valueRequired":true,"valueName":"search_term_string"}}],"inLanguage":"sl-SI"},{"@type":"Organization","@id":"https:\/\/qqpets.com\/#organization","name":"QQPETS","url":"https:\/\/qqpets.com\/","logo":{"@type":"ImageObject","inLanguage":"sl-SI","@id":"https:\/\/qqpets.com\/#\/schema\/logo\/image\/","url":"https:\/\/qqpets.com\/wp-content\/uploads\/2023\/09\/cropped-cropped-qqpets-tiktok.jpg","contentUrl":"https:\/\/qqpets.com\/wp-content\/uploads\/2023\/09\/cropped-cropped-qqpets-tiktok.jpg","width":511,"height":511,"caption":"QQPETS"},"image":{"@id":"https:\/\/qqpets.com\/#\/schema\/logo\/image\/"},"sameAs":["https:\/\/www.facebook.com\/QQpetsdogcollars","https:\/\/www.instagram.com\/qqpetscollar\/","https:\/\/www.pinterest.com\/qqpetsdogcollarsfactory\/"]}]}},"_links":{"self":[{"href":"https:\/\/qqpets.com\/sl\/wp-json\/wp\/v2\/product\/8191","targetHints":{"allow":["GET"]}}],"collection":[{"href":"https:\/\/qqpets.com\/sl\/wp-json\/wp\/v2\/product"}],"about":[{"href":"https:\/\/qqpets.com\/sl\/wp-json\/wp\/v2\/types\/product"}],"wp:featuredmedia":[{"embeddable":true,"href":"https:\/\/qqpets.com\/sl\/wp-json\/wp\/v2\/media\/8202"}],"wp:attachment":[{"href":"https:\/\/qqpets.com\/sl\/wp-json\/wp\/v2\/media?parent=8191"}],"wp:term":[{"taxonomy":"product_brand","embeddable":true,"href":"https:\/\/qqpets.com\/sl\/wp-json\/wp\/v2\/product_brand?post=8191"},{"taxonomy":"product_cat","embeddable":true,"href":"https:\/\/qqpets.com\/sl\/wp-json\/wp\/v2\/product_cat?post=8191"},{"taxonomy":"product_tag","embeddable":true,"href":"https:\/\/qqpets.com\/sl\/wp-json\/wp\/v2\/product_tag?post=8191"}],"curies":[{"name":"wp","href":"https:\/\/api.w.org\/{rel}","templated":true}]}}