{"id":8220,"date":"2024-09-24T16:03:59","date_gmt":"2024-09-24T08:03:59","guid":{"rendered":"https:\/\/qqpets.com\/?post_type=product&#038;p=8220"},"modified":"2024-09-24T16:03:59","modified_gmt":"2024-09-24T08:03:59","slug":"qr-code-no-pull-dog-harness","status":"publish","type":"product","link":"https:\/\/qqpets.com\/sl\/izdelek\/qr-code-no-pull-dog-harness\/","title":{"rendered":"QR koda brez vle\u010denja pasjega postroja"},"content":{"rendered":"<p>Predstavljamo pasji pasji postroj s kodo QR, ki je popolna me\u0161anica funkcionalnosti, sloga in tehnologije. Ta pasji pas je zasnovan za lastnike psov, ki i\u0161\u010dejo nadzor med sprehodi in sodoben na\u010din upravljanja varnosti svojih ljubljen\u010dkov, saj ima pametno kodo QR, povezano s profilom po meri z vsemi podatki o va\u0161em ljubljen\u010dku.<\/p>\n<p><strong>Klju\u010dne lastnosti:<\/strong><\/p>\n<ul>\n<li><strong>Pametna integracija kode QR:<\/strong> Vsak postroj vsebuje kodo QR, ki omogo\u010da takoj\u0161en dostop do profila va\u0161ega psa, vklju\u010dno s kontaktnimi podatki, zdravstvenimi kartotekami in drugimi podatki. Ta funkcija izbolj\u0161a varnost in postopek iskanja, \u010de se va\u0161 hi\u0161ni ljubljen\u010dek kdaj izgubi.<\/li>\n<li><strong>Zasnova brez vleka:<\/strong> Varnostni pas je zasnovan tako, da nadzoruje vle\u010denje in enakomerno porazdeli pritisk na prsni ko\u0161 in ne na vrat, kar zagotavlja brezstresno hojo.<\/li>\n<li><strong>Prilagodljivo prileganje:<\/strong> Popolnoma nastavljivi trakovi zagotavljajo tesno in varno prileganje za vse velikosti psov ter zmanj\u0161ujejo tveganje pobega.<\/li>\n<li><strong>Udobno no\u0161enje:<\/strong> Postroj je izdelan iz visokokakovostnih materialov, ki dihajo, in je zasnovan za celodnevno udobje, saj prepre\u010duje pregrevanje in zagotavlja, da bo va\u0161 pes u\u017eival v vsaki pustolov\u0161\u010dini.<\/li>\n<li><strong>Trajno in uporabniku prijazno:<\/strong> Na\u0161i pasovi so izdelani iz trpe\u017enih materialov, ki prenesejo vsakodnevne obremenitve aktivnih hi\u0161nih ljubljen\u010dkov. Postroj je tudi enostaven za \u010di\u0161\u010denje, tako da bo ostal sve\u017e in lep.<\/li>\n<\/ul>\n<p>Pasji pasji postroj s kodo QR Code No Pull je ve\u010d kot le pripomo\u010dek za sprehajanje psa; je celovit sistem, zasnovan za sodobno upravljanje hi\u0161nih ljubljen\u010dkov. Ne glede na to, ali ste v gne\u010di v mestu ali v mirnem parku, vam ta postroj omogo\u010da nadzor in varnost na dosegu roke.<\/p>","protected":false},"excerpt":{"rendered":"<p>Pove\u010dajte varnost svojega psa z na\u0161im pasjim pasjim pasom s kodo QR Code No Pull. Opremljen je z edinstveno kodo QR za hitro identifikacijo hi\u0161nega ljubljen\u010dka in zdru\u017euje tehnologijo z udobjem. Ponuja funkcijo brez vle\u010denja za bolj\u0161i nadzor med sprehodi, nastavljive trakove za popolno prileganje in zra\u010dni material, ki zagotavlja udobje va\u0161ega ljubljen\u010dka. Idealen je za vsakodnevno uporabo in napredno upravljanje hi\u0161nih ljubljen\u010dkov.<\/p>","protected":false},"featured_media":8192,"template":"","meta":[],"product_brand":[],"product_cat":[23],"product_tag":[],"class_list":{"0":"post-8220","1":"product","2":"type-product","3":"status-publish","4":"has-post-thumbnail","6":"product_cat-dog-harness","7":"pa_brand-qqpets","9":"first","10":"instock","11":"shipping-taxable","12":"product-type-simple"},"yoast_head":"<!-- This site is optimized with the Yoast SEO plugin v26.6 - https:\/\/yoast.com\/wordpress\/plugins\/seo\/ -->\n<title>QR Code No Pull Dog Harness | QQPETS<\/title>\n<meta name=\"description\" content=\"Discover the QR Code No Pull Dog Harness for easy control and smart pet tracking\u2014security and comfort in one!\" \/>\n<meta name=\"robots\" content=\"index, follow, max-snippet:-1, max-image-preview:large, max-video-preview:-1\" \/>\n<link rel=\"canonical\" href=\"https:\/\/qqpets.com\/sl\/izdelek\/qr-code-no-pull-dog-harness\/\" \/>\n<meta property=\"og:locale\" content=\"sl_SI\" \/>\n<meta property=\"og:type\" content=\"article\" \/>\n<meta property=\"og:title\" content=\"QR Code No Pull Dog Harness | QQPETS\" \/>\n<meta property=\"og:description\" content=\"Discover the QR Code No Pull Dog Harness for easy control and smart pet tracking\u2014security and comfort in one!\" \/>\n<meta property=\"og:url\" content=\"https:\/\/qqpets.com\/sl\/izdelek\/qr-code-no-pull-dog-harness\/\" \/>\n<meta property=\"og:site_name\" content=\"QQPETS\" \/>\n<meta property=\"article:publisher\" content=\"https:\/\/www.facebook.com\/QQpetsdogcollars\" \/>\n<meta property=\"og:image\" content=\"https:\/\/qqpets.com\/wp-content\/uploads\/2024\/09\/QR-Code-No-Pull-Dog-Harness2.webp\" \/>\n\t<meta property=\"og:image:width\" content=\"1000\" \/>\n\t<meta property=\"og:image:height\" content=\"1000\" \/>\n\t<meta property=\"og:image:type\" content=\"image\/webp\" \/>\n<meta name=\"twitter:card\" content=\"summary_large_image\" \/>\n<meta name=\"twitter:label1\" content=\"Est. reading time\" \/>\n\t<meta name=\"twitter:data1\" content=\"2 minuti\" \/>\n<script type=\"application\/ld+json\" class=\"yoast-schema-graph\">{\"@context\":\"https:\/\/schema.org\",\"@graph\":[{\"@type\":\"WebPage\",\"@id\":\"https:\/\/qqpets.com\/product\/qr-code-no-pull-dog-harness\/\",\"url\":\"https:\/\/qqpets.com\/product\/qr-code-no-pull-dog-harness\/\",\"name\":\"QR Code No Pull Dog Harness | QQPETS\",\"isPartOf\":{\"@id\":\"https:\/\/qqpets.com\/#website\"},\"primaryImageOfPage\":{\"@id\":\"https:\/\/qqpets.com\/product\/qr-code-no-pull-dog-harness\/#primaryimage\"},\"image\":{\"@id\":\"https:\/\/qqpets.com\/product\/qr-code-no-pull-dog-harness\/#primaryimage\"},\"thumbnailUrl\":\"https:\/\/qqpets.com\/wp-content\/uploads\/2024\/09\/QR-Code-No-Pull-Dog-Harness2.webp\",\"datePublished\":\"2024-09-24T08:03:59+00:00\",\"description\":\"Discover the QR Code No Pull Dog Harness for easy control and smart pet tracking\u2014security and comfort in one!\",\"breadcrumb\":{\"@id\":\"https:\/\/qqpets.com\/product\/qr-code-no-pull-dog-harness\/#breadcrumb\"},\"inLanguage\":\"sl-SI\",\"potentialAction\":[{\"@type\":\"ReadAction\",\"target\":[\"https:\/\/qqpets.com\/product\/qr-code-no-pull-dog-harness\/\"]}]},{\"@type\":\"ImageObject\",\"inLanguage\":\"sl-SI\",\"@id\":\"https:\/\/qqpets.com\/product\/qr-code-no-pull-dog-harness\/#primaryimage\",\"url\":\"https:\/\/qqpets.com\/wp-content\/uploads\/2024\/09\/QR-Code-No-Pull-Dog-Harness2.webp\",\"contentUrl\":\"https:\/\/qqpets.com\/wp-content\/uploads\/2024\/09\/QR-Code-No-Pull-Dog-Harness2.webp\",\"width\":1000,\"height\":1000},{\"@type\":\"BreadcrumbList\",\"@id\":\"https:\/\/qqpets.com\/product\/qr-code-no-pull-dog-harness\/#breadcrumb\",\"itemListElement\":[{\"@type\":\"ListItem\",\"position\":1,\"name\":\"Home\",\"item\":\"https:\/\/qqpets.com\/\"},{\"@type\":\"ListItem\",\"position\":2,\"name\":\"Products\",\"item\":\"https:\/\/qqpets.com\/pet-products-manufacturer\/\"},{\"@type\":\"ListItem\",\"position\":3,\"name\":\"QR Code No Pull Dog Harness\"}]},{\"@type\":\"WebSite\",\"@id\":\"https:\/\/qqpets.com\/#website\",\"url\":\"https:\/\/qqpets.com\/\",\"name\":\"QQPETS\",\"description\":\"QQPETS is a pet products factory for dog harnesses, dog collars, dog leashes and dog accessories with professional customized service since 2005.\",\"publisher\":{\"@id\":\"https:\/\/qqpets.com\/#organization\"},\"potentialAction\":[{\"@type\":\"SearchAction\",\"target\":{\"@type\":\"EntryPoint\",\"urlTemplate\":\"https:\/\/qqpets.com\/?s={search_term_string}\"},\"query-input\":{\"@type\":\"PropertyValueSpecification\",\"valueRequired\":true,\"valueName\":\"search_term_string\"}}],\"inLanguage\":\"sl-SI\"},{\"@type\":\"Organization\",\"@id\":\"https:\/\/qqpets.com\/#organization\",\"name\":\"QQPETS\",\"url\":\"https:\/\/qqpets.com\/\",\"logo\":{\"@type\":\"ImageObject\",\"inLanguage\":\"sl-SI\",\"@id\":\"https:\/\/qqpets.com\/#\/schema\/logo\/image\/\",\"url\":\"https:\/\/qqpets.com\/wp-content\/uploads\/2023\/09\/cropped-cropped-qqpets-tiktok.jpg\",\"contentUrl\":\"https:\/\/qqpets.com\/wp-content\/uploads\/2023\/09\/cropped-cropped-qqpets-tiktok.jpg\",\"width\":511,\"height\":511,\"caption\":\"QQPETS\"},\"image\":{\"@id\":\"https:\/\/qqpets.com\/#\/schema\/logo\/image\/\"},\"sameAs\":[\"https:\/\/www.facebook.com\/QQpetsdogcollars\",\"https:\/\/www.instagram.com\/qqpetscollar\/\",\"https:\/\/www.pinterest.com\/qqpetsdogcollarsfactory\/\"]}]}<\/script>\n<!-- \/ Yoast SEO plugin. -->","yoast_head_json":{"title":"Pasji pasji postroj s kodo QR No Pull | QQPETS","description":"Odkrijte pasji pasji pasji postroj s kodo QR za enostaven nadzor in pametno sledenje hi\u0161nim ljubljen\u010dkom - varnost in udobje v enem!","robots":{"index":"index","follow":"follow","max-snippet":"max-snippet:-1","max-image-preview":"max-image-preview:large","max-video-preview":"max-video-preview:-1"},"canonical":"https:\/\/qqpets.com\/sl\/izdelek\/qr-code-no-pull-dog-harness\/","og_locale":"sl_SI","og_type":"article","og_title":"QR Code No Pull Dog Harness | QQPETS","og_description":"Discover the QR Code No Pull Dog Harness for easy control and smart pet tracking\u2014security and comfort in one!","og_url":"https:\/\/qqpets.com\/sl\/izdelek\/qr-code-no-pull-dog-harness\/","og_site_name":"QQPETS","article_publisher":"https:\/\/www.facebook.com\/QQpetsdogcollars","og_image":[{"width":1000,"height":1000,"url":"https:\/\/qqpets.com\/wp-content\/uploads\/2024\/09\/QR-Code-No-Pull-Dog-Harness2.webp","type":"image\/webp"}],"twitter_card":"summary_large_image","twitter_misc":{"Est. reading time":"2 minuti"},"schema":{"@context":"https:\/\/schema.org","@graph":[{"@type":"WebPage","@id":"https:\/\/qqpets.com\/product\/qr-code-no-pull-dog-harness\/","url":"https:\/\/qqpets.com\/product\/qr-code-no-pull-dog-harness\/","name":"Pasji pasji postroj s kodo QR No Pull | QQPETS","isPartOf":{"@id":"https:\/\/qqpets.com\/#website"},"primaryImageOfPage":{"@id":"https:\/\/qqpets.com\/product\/qr-code-no-pull-dog-harness\/#primaryimage"},"image":{"@id":"https:\/\/qqpets.com\/product\/qr-code-no-pull-dog-harness\/#primaryimage"},"thumbnailUrl":"https:\/\/qqpets.com\/wp-content\/uploads\/2024\/09\/QR-Code-No-Pull-Dog-Harness2.webp","datePublished":"2024-09-24T08:03:59+00:00","description":"Odkrijte pasji pasji pasji postroj s kodo QR za enostaven nadzor in pametno sledenje hi\u0161nim ljubljen\u010dkom - varnost in udobje v enem!","breadcrumb":{"@id":"https:\/\/qqpets.com\/product\/qr-code-no-pull-dog-harness\/#breadcrumb"},"inLanguage":"sl-SI","potentialAction":[{"@type":"ReadAction","target":["https:\/\/qqpets.com\/product\/qr-code-no-pull-dog-harness\/"]}]},{"@type":"ImageObject","inLanguage":"sl-SI","@id":"https:\/\/qqpets.com\/product\/qr-code-no-pull-dog-harness\/#primaryimage","url":"https:\/\/qqpets.com\/wp-content\/uploads\/2024\/09\/QR-Code-No-Pull-Dog-Harness2.webp","contentUrl":"https:\/\/qqpets.com\/wp-content\/uploads\/2024\/09\/QR-Code-No-Pull-Dog-Harness2.webp","width":1000,"height":1000},{"@type":"BreadcrumbList","@id":"https:\/\/qqpets.com\/product\/qr-code-no-pull-dog-harness\/#breadcrumb","itemListElement":[{"@type":"ListItem","position":1,"name":"Home","item":"https:\/\/qqpets.com\/"},{"@type":"ListItem","position":2,"name":"Products","item":"https:\/\/qqpets.com\/pet-products-manufacturer\/"},{"@type":"ListItem","position":3,"name":"QR Code No Pull Dog Harness"}]},{"@type":"WebSite","@id":"https:\/\/qqpets.com\/#website","url":"https:\/\/qqpets.com\/","name":"QQPETS","description":"QQPETS je tovarna izdelkov za hi\u0161ne ljubljen\u010dke za pasje postroje, pasje ovratnice, pasje povodce in pasje dodatke s strokovno prilagojeno storitvijo od leta 2005.","publisher":{"@id":"https:\/\/qqpets.com\/#organization"},"potentialAction":[{"@type":"SearchAction","target":{"@type":"EntryPoint","urlTemplate":"https:\/\/qqpets.com\/?s={search_term_string}"},"query-input":{"@type":"PropertyValueSpecification","valueRequired":true,"valueName":"search_term_string"}}],"inLanguage":"sl-SI"},{"@type":"Organization","@id":"https:\/\/qqpets.com\/#organization","name":"QQPETS","url":"https:\/\/qqpets.com\/","logo":{"@type":"ImageObject","inLanguage":"sl-SI","@id":"https:\/\/qqpets.com\/#\/schema\/logo\/image\/","url":"https:\/\/qqpets.com\/wp-content\/uploads\/2023\/09\/cropped-cropped-qqpets-tiktok.jpg","contentUrl":"https:\/\/qqpets.com\/wp-content\/uploads\/2023\/09\/cropped-cropped-qqpets-tiktok.jpg","width":511,"height":511,"caption":"QQPETS"},"image":{"@id":"https:\/\/qqpets.com\/#\/schema\/logo\/image\/"},"sameAs":["https:\/\/www.facebook.com\/QQpetsdogcollars","https:\/\/www.instagram.com\/qqpetscollar\/","https:\/\/www.pinterest.com\/qqpetsdogcollarsfactory\/"]}]}},"_links":{"self":[{"href":"https:\/\/qqpets.com\/sl\/wp-json\/wp\/v2\/product\/8220","targetHints":{"allow":["GET"]}}],"collection":[{"href":"https:\/\/qqpets.com\/sl\/wp-json\/wp\/v2\/product"}],"about":[{"href":"https:\/\/qqpets.com\/sl\/wp-json\/wp\/v2\/types\/product"}],"wp:featuredmedia":[{"embeddable":true,"href":"https:\/\/qqpets.com\/sl\/wp-json\/wp\/v2\/media\/8192"}],"wp:attachment":[{"href":"https:\/\/qqpets.com\/sl\/wp-json\/wp\/v2\/media?parent=8220"}],"wp:term":[{"taxonomy":"product_brand","embeddable":true,"href":"https:\/\/qqpets.com\/sl\/wp-json\/wp\/v2\/product_brand?post=8220"},{"taxonomy":"product_cat","embeddable":true,"href":"https:\/\/qqpets.com\/sl\/wp-json\/wp\/v2\/product_cat?post=8220"},{"taxonomy":"product_tag","embeddable":true,"href":"https:\/\/qqpets.com\/sl\/wp-json\/wp\/v2\/product_tag?post=8220"}],"curies":[{"name":"wp","href":"https:\/\/api.w.org\/{rel}","templated":true}]}}