{"id":8416,"date":"2024-09-30T11:31:44","date_gmt":"2024-09-30T03:31:44","guid":{"rendered":"https:\/\/qqpets.com\/?post_type=product&#038;p=8416"},"modified":"2024-09-30T11:31:44","modified_gmt":"2024-09-30T03:31:44","slug":"dog-leash-car-seat-belt","status":"publish","type":"product","link":"https:\/\/qqpets.com\/sl\/izdelek\/dog-leash-car-seat-belt\/","title":{"rendered":"Pasji povodec avtomobilski varnostni pas"},"content":{"rendered":"<p>Predstavljamo pas za pasje povodce za pse v avtomobilu - najbolj\u0161o re\u0161itev za varnost hi\u0161nih ljubljen\u010dkov med vo\u017enjo. Ta posebej zasnovan avtomobilski varnostni pas za pse zagotavlja, da je va\u0161 kosmati prijatelj med vo\u017enjo varno pripet, kar zmanj\u0161uje tveganje za po\u0161kodbe med nenadnim ustavljanjem ali nesre\u010dami.<\/p>\n<p><strong>Klju\u010dne lastnosti:<\/strong><\/p>\n<ul>\n<li><strong>Univerzalno prileganje:<\/strong> Ta avtomobilski varnostni pas je zdru\u017eljiv s sistemi varnostnih pasov ve\u010dine vozil in ima univerzalno sponko za varnostni pas, ki se zanesljivo prilega zasko\u010dkam varnostnega pasu.<\/li>\n<li><strong>Nastavljiva dol\u017eina:<\/strong> Enostavno prilagodite dol\u017eino varnostnega pasu, da bo va\u0161 ljubljen\u010dek lahko udobno sedel, le\u017eal ali stal v avtomobilskem sede\u017eu.<\/li>\n<li><strong>Visokokakovostni material:<\/strong> Ta povodec je izdelan iz trpe\u017ene najlonske tkanine in je primeren za stres in napetost pri uporabi z aktivnimi hi\u0161nimi ljubljen\u010dki. Odporen je tudi na vremenske vplive, zato je primeren za vse razmere.<\/li>\n<li><strong>Varna pritrditev:<\/strong> Opremljen je z robustno kovinsko zaponko in sponko, ki zagotavlja, da povodec ostane varno pritrjen na pas ali ovratnico va\u0161ega ljubljen\u010dka, kar zagotavlja mo\u010dan in zanesljiv nadzor v vozilu.<\/li>\n<li><strong>Enostaven za uporabo in vsestranski:<\/strong> Hitro se odklopi in priklopi, hkrati pa slu\u017ei kot obi\u010dajen povodec za sprehode, zato je kot nala\u0161\u010d za potovanja.<\/li>\n<\/ul>\n<p>Pas za pse je zasnovan ne le za varnost, temve\u010d tudi za udobje va\u0161ega ljubljen\u010dka. Ne glede na to, ali se odpravljate na kratko vo\u017enjo v park ali na dalj\u0161e potovanje, vam ta varnostni pas omogo\u010da enostavno, varno in udobno potovanje z va\u0161im hi\u0161nim ljubljen\u010dkom. Opremite svoj avtomobil s tem nepogre\u0161ljivim potovalnim pripomo\u010dkom za hi\u0161ne ljubljen\u010dke in u\u017eivajte v mirnih in varnih potovanjih s svojim najbolj\u0161im prijateljem.<\/p>\n<h5><strong>Ali pasji varnostni pasovi res delujejo?<\/strong><\/h5>\n<p>Da, varnostni pasovi za pse lahko u\u010dinkovito zmanj\u0161ajo tveganje za po\u0161kodbe va\u0161ega psa med prometno nesre\u010do ali nenadnim ustavljanjem, saj ga zadr\u017eijo in omejijo njegovo gibanje v vozilu.<\/p>\n<h5><strong>Ali naj bi psi uporabljali varnostne pasove?<\/strong><\/h5>\n<p>\u010ceprav to ni povsod obvezno, je zaradi njihove varnosti in varnosti potnikov zelo priporo\u010dljivo, da se psi med vo\u017enjo v avtomobilu pripnejo z varnostnim pasom. V nekaterih regijah veljajo zakoni, ki zahtevajo, da morajo biti hi\u0161ni ljubljen\u010dki v vozilu privezani.<\/p>\n<h5><strong>Kateri je najbolj\u0161i varnostni pas za pse?<\/strong><\/h5>\n<p>Najbolj\u0161i avtomobilski varnostni pas za pse je tisti, ki je bil testiran v trku in ga je potrdila ugledna organizacija. Poi\u0161\u010dite nastavljive in vzdr\u017eljive varnostne pasove, ki se lahko pritrdijo na pasji pas (ne na ovratnico) in varno pritrdijo na sistem varnostnih pasov v vozilu.<\/p>\n<h5><strong>Kako uporabljati varnostni pas za psa?<\/strong><\/h5>\n<p>Sponko za varnostni pas pritrdite na pasni pas va\u0161ega psa (nikoli na ovratnico zaradi nevarnosti po\u0161kodbe vratu). Nato zapnite varnostni pas v sistem varnostnih pasov v avtomobilu. Prepri\u010dajte se, da je pas dovolj tesen, da prepre\u010duje pretirano gibanje, vendar \u0161e vedno omogo\u010da, da pes udobno sedi ali le\u017ei. Po potrebi ga prilagodite, da se prilega in je udoben.<\/p>","protected":false},"excerpt":{"rendered":"<p>Z na\u0161im pasjim varnostnim pasom za pse varno potujte s svojim hi\u0161nim ljubljen\u010dkom. Ta varnostni pas je zasnovan za vzdr\u017eljivost in varnost ter se varno pritrdi na sponko varnostnega pasu va\u0161ega vozila. Ima nastavljivo dol\u017eino za razli\u010dne velikosti psov in vozil, kar zagotavlja, da va\u0161 ljubljen\u010dek ostane varno na mestu. Mo\u010dna sponka in sistem zapenjanja prepre\u010dujeta, da bi va\u0161 ljubljen\u010dek sko\u010dil ven, zato bo vsako potovanje brez skrbi. Idealen za vse pasme in velikosti psov.<\/p>","protected":false},"featured_media":8417,"template":"","meta":[],"product_brand":[],"product_cat":[27],"product_tag":[],"class_list":{"0":"post-8416","1":"product","2":"type-product","3":"status-publish","4":"has-post-thumbnail","6":"product_cat-dog-leash","7":"pa_brand-qqpets","9":"first","10":"instock","11":"shipping-taxable","12":"product-type-simple"},"yoast_head":"<!-- This site is optimized with the Yoast SEO plugin v26.6 - https:\/\/yoast.com\/wordpress\/plugins\/seo\/ -->\n<title>Dog Leash Car Seat Belt | QQPETS<\/title>\n<meta name=\"description\" content=\"Ensure your pet\u2019s safety on the road with our durable Dog Leash Car Seat Belt. Adjustable and secure!\" \/>\n<meta name=\"robots\" content=\"index, follow, max-snippet:-1, max-image-preview:large, max-video-preview:-1\" \/>\n<link rel=\"canonical\" href=\"https:\/\/qqpets.com\/sl\/izdelek\/dog-leash-car-seat-belt\/\" \/>\n<meta property=\"og:locale\" content=\"sl_SI\" \/>\n<meta property=\"og:type\" content=\"article\" \/>\n<meta property=\"og:title\" content=\"Dog Leash Car Seat Belt | QQPETS\" \/>\n<meta property=\"og:description\" content=\"Ensure your pet\u2019s safety on the road with our durable Dog Leash Car Seat Belt. Adjustable and secure!\" \/>\n<meta property=\"og:url\" content=\"https:\/\/qqpets.com\/sl\/izdelek\/dog-leash-car-seat-belt\/\" \/>\n<meta property=\"og:site_name\" content=\"QQPETS\" \/>\n<meta property=\"article:publisher\" content=\"https:\/\/www.facebook.com\/QQpetsdogcollars\" \/>\n<meta property=\"og:image\" content=\"https:\/\/qqpets.com\/wp-content\/uploads\/2024\/09\/Car-Seat-Belt.webp\" \/>\n\t<meta property=\"og:image:width\" content=\"1486\" \/>\n\t<meta property=\"og:image:height\" content=\"1500\" \/>\n\t<meta property=\"og:image:type\" content=\"image\/webp\" \/>\n<meta name=\"twitter:card\" content=\"summary_large_image\" \/>\n<meta name=\"twitter:label1\" content=\"Est. reading time\" \/>\n\t<meta name=\"twitter:data1\" content=\"3 minute\" \/>\n<script type=\"application\/ld+json\" class=\"yoast-schema-graph\">{\"@context\":\"https:\/\/schema.org\",\"@graph\":[{\"@type\":\"WebPage\",\"@id\":\"https:\/\/qqpets.com\/product\/dog-leash-car-seat-belt\/\",\"url\":\"https:\/\/qqpets.com\/product\/dog-leash-car-seat-belt\/\",\"name\":\"Dog Leash Car Seat Belt | QQPETS\",\"isPartOf\":{\"@id\":\"https:\/\/qqpets.com\/#website\"},\"primaryImageOfPage\":{\"@id\":\"https:\/\/qqpets.com\/product\/dog-leash-car-seat-belt\/#primaryimage\"},\"image\":{\"@id\":\"https:\/\/qqpets.com\/product\/dog-leash-car-seat-belt\/#primaryimage\"},\"thumbnailUrl\":\"https:\/\/qqpets.com\/wp-content\/uploads\/2024\/09\/Car-Seat-Belt.webp\",\"datePublished\":\"2024-09-30T03:31:44+00:00\",\"description\":\"Ensure your pet\u2019s safety on the road with our durable Dog Leash Car Seat Belt. Adjustable and secure!\",\"breadcrumb\":{\"@id\":\"https:\/\/qqpets.com\/product\/dog-leash-car-seat-belt\/#breadcrumb\"},\"inLanguage\":\"sl-SI\",\"potentialAction\":[{\"@type\":\"ReadAction\",\"target\":[\"https:\/\/qqpets.com\/product\/dog-leash-car-seat-belt\/\"]}]},{\"@type\":\"ImageObject\",\"inLanguage\":\"sl-SI\",\"@id\":\"https:\/\/qqpets.com\/product\/dog-leash-car-seat-belt\/#primaryimage\",\"url\":\"https:\/\/qqpets.com\/wp-content\/uploads\/2024\/09\/Car-Seat-Belt.webp\",\"contentUrl\":\"https:\/\/qqpets.com\/wp-content\/uploads\/2024\/09\/Car-Seat-Belt.webp\",\"width\":1486,\"height\":1500},{\"@type\":\"BreadcrumbList\",\"@id\":\"https:\/\/qqpets.com\/product\/dog-leash-car-seat-belt\/#breadcrumb\",\"itemListElement\":[{\"@type\":\"ListItem\",\"position\":1,\"name\":\"Home\",\"item\":\"https:\/\/qqpets.com\/\"},{\"@type\":\"ListItem\",\"position\":2,\"name\":\"Products\",\"item\":\"https:\/\/qqpets.com\/pet-products-manufacturer\/\"},{\"@type\":\"ListItem\",\"position\":3,\"name\":\"Dog Leash Car Seat Belt\"}]},{\"@type\":\"WebSite\",\"@id\":\"https:\/\/qqpets.com\/#website\",\"url\":\"https:\/\/qqpets.com\/\",\"name\":\"QQPETS\",\"description\":\"QQPETS is a pet products factory for dog harnesses, dog collars, dog leashes and dog accessories with professional customized service since 2005.\",\"publisher\":{\"@id\":\"https:\/\/qqpets.com\/#organization\"},\"potentialAction\":[{\"@type\":\"SearchAction\",\"target\":{\"@type\":\"EntryPoint\",\"urlTemplate\":\"https:\/\/qqpets.com\/?s={search_term_string}\"},\"query-input\":{\"@type\":\"PropertyValueSpecification\",\"valueRequired\":true,\"valueName\":\"search_term_string\"}}],\"inLanguage\":\"sl-SI\"},{\"@type\":\"Organization\",\"@id\":\"https:\/\/qqpets.com\/#organization\",\"name\":\"QQPETS\",\"url\":\"https:\/\/qqpets.com\/\",\"logo\":{\"@type\":\"ImageObject\",\"inLanguage\":\"sl-SI\",\"@id\":\"https:\/\/qqpets.com\/#\/schema\/logo\/image\/\",\"url\":\"https:\/\/qqpets.com\/wp-content\/uploads\/2023\/09\/cropped-cropped-qqpets-tiktok.jpg\",\"contentUrl\":\"https:\/\/qqpets.com\/wp-content\/uploads\/2023\/09\/cropped-cropped-qqpets-tiktok.jpg\",\"width\":511,\"height\":511,\"caption\":\"QQPETS\"},\"image\":{\"@id\":\"https:\/\/qqpets.com\/#\/schema\/logo\/image\/\"},\"sameAs\":[\"https:\/\/www.facebook.com\/QQpetsdogcollars\",\"https:\/\/www.instagram.com\/qqpetscollar\/\",\"https:\/\/www.pinterest.com\/qqpetsdogcollarsfactory\/\"]}]}<\/script>\n<!-- \/ Yoast SEO plugin. -->","yoast_head_json":{"title":"Pasji povodec avtomobilski varnostni pas | QQPETS","description":"Zagotovite varnost svojega ljubljen\u010dka na cesti z na\u0161im vzdr\u017eljivim pasom za pasje povodce. Nastavljiv in varen!","robots":{"index":"index","follow":"follow","max-snippet":"max-snippet:-1","max-image-preview":"max-image-preview:large","max-video-preview":"max-video-preview:-1"},"canonical":"https:\/\/qqpets.com\/sl\/izdelek\/dog-leash-car-seat-belt\/","og_locale":"sl_SI","og_type":"article","og_title":"Dog Leash Car Seat Belt | QQPETS","og_description":"Ensure your pet\u2019s safety on the road with our durable Dog Leash Car Seat Belt. Adjustable and secure!","og_url":"https:\/\/qqpets.com\/sl\/izdelek\/dog-leash-car-seat-belt\/","og_site_name":"QQPETS","article_publisher":"https:\/\/www.facebook.com\/QQpetsdogcollars","og_image":[{"width":1486,"height":1500,"url":"https:\/\/qqpets.com\/wp-content\/uploads\/2024\/09\/Car-Seat-Belt.webp","type":"image\/webp"}],"twitter_card":"summary_large_image","twitter_misc":{"Est. reading time":"3 minute"},"schema":{"@context":"https:\/\/schema.org","@graph":[{"@type":"WebPage","@id":"https:\/\/qqpets.com\/product\/dog-leash-car-seat-belt\/","url":"https:\/\/qqpets.com\/product\/dog-leash-car-seat-belt\/","name":"Pasji povodec avtomobilski varnostni pas | QQPETS","isPartOf":{"@id":"https:\/\/qqpets.com\/#website"},"primaryImageOfPage":{"@id":"https:\/\/qqpets.com\/product\/dog-leash-car-seat-belt\/#primaryimage"},"image":{"@id":"https:\/\/qqpets.com\/product\/dog-leash-car-seat-belt\/#primaryimage"},"thumbnailUrl":"https:\/\/qqpets.com\/wp-content\/uploads\/2024\/09\/Car-Seat-Belt.webp","datePublished":"2024-09-30T03:31:44+00:00","description":"Zagotovite varnost svojega ljubljen\u010dka na cesti z na\u0161im vzdr\u017eljivim pasom za pasje povodce. Nastavljiv in varen!","breadcrumb":{"@id":"https:\/\/qqpets.com\/product\/dog-leash-car-seat-belt\/#breadcrumb"},"inLanguage":"sl-SI","potentialAction":[{"@type":"ReadAction","target":["https:\/\/qqpets.com\/product\/dog-leash-car-seat-belt\/"]}]},{"@type":"ImageObject","inLanguage":"sl-SI","@id":"https:\/\/qqpets.com\/product\/dog-leash-car-seat-belt\/#primaryimage","url":"https:\/\/qqpets.com\/wp-content\/uploads\/2024\/09\/Car-Seat-Belt.webp","contentUrl":"https:\/\/qqpets.com\/wp-content\/uploads\/2024\/09\/Car-Seat-Belt.webp","width":1486,"height":1500},{"@type":"BreadcrumbList","@id":"https:\/\/qqpets.com\/product\/dog-leash-car-seat-belt\/#breadcrumb","itemListElement":[{"@type":"ListItem","position":1,"name":"Home","item":"https:\/\/qqpets.com\/"},{"@type":"ListItem","position":2,"name":"Products","item":"https:\/\/qqpets.com\/pet-products-manufacturer\/"},{"@type":"ListItem","position":3,"name":"Dog Leash Car Seat Belt"}]},{"@type":"WebSite","@id":"https:\/\/qqpets.com\/#website","url":"https:\/\/qqpets.com\/","name":"QQPETS","description":"QQPETS je tovarna izdelkov za hi\u0161ne ljubljen\u010dke za pasje postroje, pasje ovratnice, pasje povodce in pasje dodatke s strokovno prilagojeno storitvijo od leta 2005.","publisher":{"@id":"https:\/\/qqpets.com\/#organization"},"potentialAction":[{"@type":"SearchAction","target":{"@type":"EntryPoint","urlTemplate":"https:\/\/qqpets.com\/?s={search_term_string}"},"query-input":{"@type":"PropertyValueSpecification","valueRequired":true,"valueName":"search_term_string"}}],"inLanguage":"sl-SI"},{"@type":"Organization","@id":"https:\/\/qqpets.com\/#organization","name":"QQPETS","url":"https:\/\/qqpets.com\/","logo":{"@type":"ImageObject","inLanguage":"sl-SI","@id":"https:\/\/qqpets.com\/#\/schema\/logo\/image\/","url":"https:\/\/qqpets.com\/wp-content\/uploads\/2023\/09\/cropped-cropped-qqpets-tiktok.jpg","contentUrl":"https:\/\/qqpets.com\/wp-content\/uploads\/2023\/09\/cropped-cropped-qqpets-tiktok.jpg","width":511,"height":511,"caption":"QQPETS"},"image":{"@id":"https:\/\/qqpets.com\/#\/schema\/logo\/image\/"},"sameAs":["https:\/\/www.facebook.com\/QQpetsdogcollars","https:\/\/www.instagram.com\/qqpetscollar\/","https:\/\/www.pinterest.com\/qqpetsdogcollarsfactory\/"]}]}},"_links":{"self":[{"href":"https:\/\/qqpets.com\/sl\/wp-json\/wp\/v2\/product\/8416","targetHints":{"allow":["GET"]}}],"collection":[{"href":"https:\/\/qqpets.com\/sl\/wp-json\/wp\/v2\/product"}],"about":[{"href":"https:\/\/qqpets.com\/sl\/wp-json\/wp\/v2\/types\/product"}],"wp:featuredmedia":[{"embeddable":true,"href":"https:\/\/qqpets.com\/sl\/wp-json\/wp\/v2\/media\/8417"}],"wp:attachment":[{"href":"https:\/\/qqpets.com\/sl\/wp-json\/wp\/v2\/media?parent=8416"}],"wp:term":[{"taxonomy":"product_brand","embeddable":true,"href":"https:\/\/qqpets.com\/sl\/wp-json\/wp\/v2\/product_brand?post=8416"},{"taxonomy":"product_cat","embeddable":true,"href":"https:\/\/qqpets.com\/sl\/wp-json\/wp\/v2\/product_cat?post=8416"},{"taxonomy":"product_tag","embeddable":true,"href":"https:\/\/qqpets.com\/sl\/wp-json\/wp\/v2\/product_tag?post=8416"}],"curies":[{"name":"wp","href":"https:\/\/api.w.org\/{rel}","templated":true}]}}