{"id":8425,"date":"2024-09-30T12:01:12","date_gmt":"2024-09-30T04:01:12","guid":{"rendered":"https:\/\/qqpets.com\/?post_type=product&#038;p=8425"},"modified":"2024-09-30T12:01:12","modified_gmt":"2024-09-30T04:01:12","slug":"nylon-double-two-dog-leash-coupler","status":"publish","type":"product","link":"https:\/\/qqpets.com\/sl\/izdelek\/nylon-double-two-dog-leash-coupler\/","title":{"rendered":"Nylon Dvojno dva povodca za pse Coupler"},"content":{"rendered":"<p>Odkrijte udobje hoje dveh psov hkrati z najlonskim dvojnim povodcem za dva psa. Ta spojka je posebej zasnovana za lastnike hi\u0161nih ljubljen\u010dkov z ve\u010d psi in omogo\u010da nemotene in nadzorovane sprehode brez te\u017eav z \u017eongliranjem z dvema lo\u010denima povodcema.<\/p>\n<p><strong>Klju\u010dne lastnosti:<\/strong><\/p>\n<ul>\n<li><strong>Visokokakovostni najlon:<\/strong> Ta povodec je izdelan iz vrhunskega najlona, je trpe\u017een in lahek ter je zasnovan tako, da zdr\u017ei vse obremenitve pri delu z dvema psoma hkrati.<\/li>\n<li><strong>Nastavljiva dol\u017eina:<\/strong> Vsako stran povodca lahko nastavite neodvisno, tako da lahko razdaljo med hi\u0161nimi ljubljen\u010dki prilagodite glede na njihovo velikost in sprehajalne navade.<\/li>\n<li><strong>Mo\u010dne vrtljive sponke:<\/strong> Ta priklju\u010dek je opremljen z robustnimi vrtljivimi sponkami in se varno pritrdi na ovratnice ali pasove va\u0161ih psov, tako da ostanejo varno povezani.<\/li>\n<li><strong>Oblikovanje brez zapletanja:<\/strong> Edinstvena vrtljiva zasnova prepre\u010duje, da bi se povodca zapletla, tudi ko psi kri\u017eajo poti, kar omogo\u010da sprehajanje brez stresa.<\/li>\n<li><strong>Udobno upravljanje:<\/strong> Odlikuje jo gladka tekstura, ki je prijetna za roke tudi med dalj\u0161imi sprehodi in zagotavlja maksimalno udobje.<\/li>\n<\/ul>\n<p>Ne glede na to, ali se sprehajate po parku ali hodite po prometnih plo\u010dnikih, dvojni najlonski povodec za pse Coupler Double Two poenostavi va\u0161e sprehode, saj vam bo hi\u0161ne ljubljen\u010dke varno in udobno dr\u017eal ob strani. Idealen je za vse pasme in velikosti psov ter je nepogre\u0161ljiv pripomo\u010dek za lastnike \u017eivali, ki \u017eelijo u\u017eivati na prostem s svojimi kosmatimi dru\u017einskimi \u010dlani.<\/p>\n<p><strong>Ali so dvojni povodci za pse dobri?<\/strong><\/p>\n<p>Dvojni povodci so lahko primerni za hojo dveh psov hkrati, saj omogo\u010dajo bolj\u0161i nadzor in udobje kot pri uporabi dveh lo\u010denih povodcev. Vendar se najbolje obnesejo, \u010de sta si psa podobne velikosti in temperamenta.<\/p>\n<p><strong>Zakaj ljudje uporabljajo dva povodca za pse?<\/strong><\/p>\n<p>Ljudje uporabljajo dva povodca za pse, da imajo bolj\u0161i nadzor nad vsakim psom posebej, zlasti \u010de imata psa razli\u010den slog hoje ali \u010de je eden od njiju bolj reaktiven kot drugi. Tak\u0161na nastavitev pomaga u\u010dinkoviteje obvladovati vedenje vsakega psa med sprehodom.<\/p>\n<p><strong>Ali lahko dva psa vodite na povodcu skupaj?<\/strong><\/p>\n<p>Da, dva psa lahko pripeljete skupaj z dvojnim povodcem, ki se iz enega ro\u010daja razveji v dva povodca, tako da lahko z eno roko sprehajate dva psa. Pomembno je, da sta psa zdru\u017eljiva glede velikosti in vedenja pri hoji, saj tako prepre\u010dite zapletanje in vle\u010denje.<\/p>\n<p><strong>Kako uporabljati dvojni pasji povodec?<\/strong><\/p>\n<p>Vsako sponko za povodec pritrdite na pasji pas ali ovratnico vsakega psa. Dr\u017eite enojni ro\u010daj in omogo\u010dite, da se povodec enakomerno razporedi med oba psa. Za\u010dnite s kratkimi sprehodi, da se psa navadita na skupno hojo, hkrati pa zagotovite, da imata dovolj prostora za udobno hojo brez medsebojnega oviranja.<\/p>","protected":false},"excerpt":{"rendered":"<p>Ta najlonski dvojni povodec za pse je idealen za dru\u017eine z ve\u010d hi\u0161nimi ljubljen\u010dki in omogo\u010da u\u010dinkovito sprehajanje dveh psov hkrati. Narejen je iz visoko trdnega najlona, zato je trpe\u017een in prilagodljiv ter zagotavlja udoben sprehod. Z nastavljivimi trakovi lahko prilagodite dol\u017eino za vsakega psa, kar prepre\u010duje zapletanje in zagotavlja individualno udobje. Njegove mo\u010dne vrtljive sponke zagotavljajo varno pritrditev na ovratnice ali pasove va\u0161ih psov, tako da bodo va\u0161i sprehodi brez te\u017eav.<\/p>","protected":false},"featured_media":8426,"template":"","meta":[],"product_brand":[],"product_cat":[27],"product_tag":[],"class_list":{"0":"post-8425","1":"product","2":"type-product","3":"status-publish","4":"has-post-thumbnail","6":"product_cat-dog-leash","7":"pa_brand-qqpets","9":"first","10":"instock","11":"shipping-taxable","12":"product-type-simple"},"yoast_head":"<!-- This site is optimized with the Yoast SEO plugin v26.6 - https:\/\/yoast.com\/wordpress\/plugins\/seo\/ -->\n<title>Nylon Double Two Dog Leash Coupler | QQPETS<\/title>\n<meta name=\"description\" content=\"Walk two dogs simultaneously with ease using our durable Nylon Double Dog Leash Coupler. Ideal for multiple pet owners!\" \/>\n<meta name=\"robots\" content=\"index, follow, max-snippet:-1, max-image-preview:large, max-video-preview:-1\" \/>\n<link rel=\"canonical\" href=\"https:\/\/qqpets.com\/sl\/izdelek\/nylon-double-two-dog-leash-coupler\/\" \/>\n<meta property=\"og:locale\" content=\"sl_SI\" \/>\n<meta property=\"og:type\" content=\"article\" \/>\n<meta property=\"og:title\" content=\"Nylon Double Two Dog Leash Coupler | QQPETS\" \/>\n<meta property=\"og:description\" content=\"Walk two dogs simultaneously with ease using our durable Nylon Double Dog Leash Coupler. Ideal for multiple pet owners!\" \/>\n<meta property=\"og:url\" content=\"https:\/\/qqpets.com\/sl\/izdelek\/nylon-double-two-dog-leash-coupler\/\" \/>\n<meta property=\"og:site_name\" content=\"QQPETS\" \/>\n<meta property=\"article:publisher\" content=\"https:\/\/www.facebook.com\/QQpetsdogcollars\" \/>\n<meta property=\"og:image\" content=\"https:\/\/qqpets.com\/wp-content\/uploads\/2024\/09\/two-dog-leash1.webp\" \/>\n\t<meta property=\"og:image:width\" content=\"500\" \/>\n\t<meta property=\"og:image:height\" content=\"500\" \/>\n\t<meta property=\"og:image:type\" content=\"image\/webp\" \/>\n<meta name=\"twitter:card\" content=\"summary_large_image\" \/>\n<meta name=\"twitter:label1\" content=\"Est. reading time\" \/>\n\t<meta name=\"twitter:data1\" content=\"3 minute\" \/>\n<script type=\"application\/ld+json\" class=\"yoast-schema-graph\">{\"@context\":\"https:\/\/schema.org\",\"@graph\":[{\"@type\":\"WebPage\",\"@id\":\"https:\/\/qqpets.com\/product\/nylon-double-two-dog-leash-coupler\/\",\"url\":\"https:\/\/qqpets.com\/product\/nylon-double-two-dog-leash-coupler\/\",\"name\":\"Nylon Double Two Dog Leash Coupler | QQPETS\",\"isPartOf\":{\"@id\":\"https:\/\/qqpets.com\/#website\"},\"primaryImageOfPage\":{\"@id\":\"https:\/\/qqpets.com\/product\/nylon-double-two-dog-leash-coupler\/#primaryimage\"},\"image\":{\"@id\":\"https:\/\/qqpets.com\/product\/nylon-double-two-dog-leash-coupler\/#primaryimage\"},\"thumbnailUrl\":\"https:\/\/qqpets.com\/wp-content\/uploads\/2024\/09\/two-dog-leash1.webp\",\"datePublished\":\"2024-09-30T04:01:12+00:00\",\"description\":\"Walk two dogs simultaneously with ease using our durable Nylon Double Dog Leash Coupler. Ideal for multiple pet owners!\",\"breadcrumb\":{\"@id\":\"https:\/\/qqpets.com\/product\/nylon-double-two-dog-leash-coupler\/#breadcrumb\"},\"inLanguage\":\"sl-SI\",\"potentialAction\":[{\"@type\":\"ReadAction\",\"target\":[\"https:\/\/qqpets.com\/product\/nylon-double-two-dog-leash-coupler\/\"]}]},{\"@type\":\"ImageObject\",\"inLanguage\":\"sl-SI\",\"@id\":\"https:\/\/qqpets.com\/product\/nylon-double-two-dog-leash-coupler\/#primaryimage\",\"url\":\"https:\/\/qqpets.com\/wp-content\/uploads\/2024\/09\/two-dog-leash1.webp\",\"contentUrl\":\"https:\/\/qqpets.com\/wp-content\/uploads\/2024\/09\/two-dog-leash1.webp\",\"width\":500,\"height\":500},{\"@type\":\"BreadcrumbList\",\"@id\":\"https:\/\/qqpets.com\/product\/nylon-double-two-dog-leash-coupler\/#breadcrumb\",\"itemListElement\":[{\"@type\":\"ListItem\",\"position\":1,\"name\":\"Home\",\"item\":\"https:\/\/qqpets.com\/\"},{\"@type\":\"ListItem\",\"position\":2,\"name\":\"Products\",\"item\":\"https:\/\/qqpets.com\/pet-products-manufacturer\/\"},{\"@type\":\"ListItem\",\"position\":3,\"name\":\"Nylon Double Two Dog Leash Coupler\"}]},{\"@type\":\"WebSite\",\"@id\":\"https:\/\/qqpets.com\/#website\",\"url\":\"https:\/\/qqpets.com\/\",\"name\":\"QQPETS\",\"description\":\"QQPETS is a pet products factory for dog harnesses, dog collars, dog leashes and dog accessories with professional customized service since 2005.\",\"publisher\":{\"@id\":\"https:\/\/qqpets.com\/#organization\"},\"potentialAction\":[{\"@type\":\"SearchAction\",\"target\":{\"@type\":\"EntryPoint\",\"urlTemplate\":\"https:\/\/qqpets.com\/?s={search_term_string}\"},\"query-input\":{\"@type\":\"PropertyValueSpecification\",\"valueRequired\":true,\"valueName\":\"search_term_string\"}}],\"inLanguage\":\"sl-SI\"},{\"@type\":\"Organization\",\"@id\":\"https:\/\/qqpets.com\/#organization\",\"name\":\"QQPETS\",\"url\":\"https:\/\/qqpets.com\/\",\"logo\":{\"@type\":\"ImageObject\",\"inLanguage\":\"sl-SI\",\"@id\":\"https:\/\/qqpets.com\/#\/schema\/logo\/image\/\",\"url\":\"https:\/\/qqpets.com\/wp-content\/uploads\/2023\/09\/cropped-cropped-qqpets-tiktok.jpg\",\"contentUrl\":\"https:\/\/qqpets.com\/wp-content\/uploads\/2023\/09\/cropped-cropped-qqpets-tiktok.jpg\",\"width\":511,\"height\":511,\"caption\":\"QQPETS\"},\"image\":{\"@id\":\"https:\/\/qqpets.com\/#\/schema\/logo\/image\/\"},\"sameAs\":[\"https:\/\/www.facebook.com\/QQpetsdogcollars\",\"https:\/\/www.instagram.com\/qqpetscollar\/\",\"https:\/\/www.pinterest.com\/qqpetsdogcollarsfactory\/\"]}]}<\/script>\n<!-- \/ Yoast SEO plugin. -->","yoast_head_json":{"title":"Najlonski dvojni dve povodci za pse | QQPETS","description":"Z na\u0161im trpe\u017enim najlonskim dvojnim povodcem za pse z lahkoto sprehajate dva psa hkrati. Idealen za lastnike ve\u010d hi\u0161nih ljubljen\u010dkov!","robots":{"index":"index","follow":"follow","max-snippet":"max-snippet:-1","max-image-preview":"max-image-preview:large","max-video-preview":"max-video-preview:-1"},"canonical":"https:\/\/qqpets.com\/sl\/izdelek\/nylon-double-two-dog-leash-coupler\/","og_locale":"sl_SI","og_type":"article","og_title":"Nylon Double Two Dog Leash Coupler | QQPETS","og_description":"Walk two dogs simultaneously with ease using our durable Nylon Double Dog Leash Coupler. Ideal for multiple pet owners!","og_url":"https:\/\/qqpets.com\/sl\/izdelek\/nylon-double-two-dog-leash-coupler\/","og_site_name":"QQPETS","article_publisher":"https:\/\/www.facebook.com\/QQpetsdogcollars","og_image":[{"width":500,"height":500,"url":"https:\/\/qqpets.com\/wp-content\/uploads\/2024\/09\/two-dog-leash1.webp","type":"image\/webp"}],"twitter_card":"summary_large_image","twitter_misc":{"Est. reading time":"3 minute"},"schema":{"@context":"https:\/\/schema.org","@graph":[{"@type":"WebPage","@id":"https:\/\/qqpets.com\/product\/nylon-double-two-dog-leash-coupler\/","url":"https:\/\/qqpets.com\/product\/nylon-double-two-dog-leash-coupler\/","name":"Najlonski dvojni dve povodci za pse | QQPETS","isPartOf":{"@id":"https:\/\/qqpets.com\/#website"},"primaryImageOfPage":{"@id":"https:\/\/qqpets.com\/product\/nylon-double-two-dog-leash-coupler\/#primaryimage"},"image":{"@id":"https:\/\/qqpets.com\/product\/nylon-double-two-dog-leash-coupler\/#primaryimage"},"thumbnailUrl":"https:\/\/qqpets.com\/wp-content\/uploads\/2024\/09\/two-dog-leash1.webp","datePublished":"2024-09-30T04:01:12+00:00","description":"Z na\u0161im trpe\u017enim najlonskim dvojnim povodcem za pse z lahkoto sprehajate dva psa hkrati. Idealen za lastnike ve\u010d hi\u0161nih ljubljen\u010dkov!","breadcrumb":{"@id":"https:\/\/qqpets.com\/product\/nylon-double-two-dog-leash-coupler\/#breadcrumb"},"inLanguage":"sl-SI","potentialAction":[{"@type":"ReadAction","target":["https:\/\/qqpets.com\/product\/nylon-double-two-dog-leash-coupler\/"]}]},{"@type":"ImageObject","inLanguage":"sl-SI","@id":"https:\/\/qqpets.com\/product\/nylon-double-two-dog-leash-coupler\/#primaryimage","url":"https:\/\/qqpets.com\/wp-content\/uploads\/2024\/09\/two-dog-leash1.webp","contentUrl":"https:\/\/qqpets.com\/wp-content\/uploads\/2024\/09\/two-dog-leash1.webp","width":500,"height":500},{"@type":"BreadcrumbList","@id":"https:\/\/qqpets.com\/product\/nylon-double-two-dog-leash-coupler\/#breadcrumb","itemListElement":[{"@type":"ListItem","position":1,"name":"Home","item":"https:\/\/qqpets.com\/"},{"@type":"ListItem","position":2,"name":"Products","item":"https:\/\/qqpets.com\/pet-products-manufacturer\/"},{"@type":"ListItem","position":3,"name":"Nylon Double Two Dog Leash Coupler"}]},{"@type":"WebSite","@id":"https:\/\/qqpets.com\/#website","url":"https:\/\/qqpets.com\/","name":"QQPETS","description":"QQPETS je tovarna izdelkov za hi\u0161ne ljubljen\u010dke za pasje postroje, pasje ovratnice, pasje povodce in pasje dodatke s strokovno prilagojeno storitvijo od leta 2005.","publisher":{"@id":"https:\/\/qqpets.com\/#organization"},"potentialAction":[{"@type":"SearchAction","target":{"@type":"EntryPoint","urlTemplate":"https:\/\/qqpets.com\/?s={search_term_string}"},"query-input":{"@type":"PropertyValueSpecification","valueRequired":true,"valueName":"search_term_string"}}],"inLanguage":"sl-SI"},{"@type":"Organization","@id":"https:\/\/qqpets.com\/#organization","name":"QQPETS","url":"https:\/\/qqpets.com\/","logo":{"@type":"ImageObject","inLanguage":"sl-SI","@id":"https:\/\/qqpets.com\/#\/schema\/logo\/image\/","url":"https:\/\/qqpets.com\/wp-content\/uploads\/2023\/09\/cropped-cropped-qqpets-tiktok.jpg","contentUrl":"https:\/\/qqpets.com\/wp-content\/uploads\/2023\/09\/cropped-cropped-qqpets-tiktok.jpg","width":511,"height":511,"caption":"QQPETS"},"image":{"@id":"https:\/\/qqpets.com\/#\/schema\/logo\/image\/"},"sameAs":["https:\/\/www.facebook.com\/QQpetsdogcollars","https:\/\/www.instagram.com\/qqpetscollar\/","https:\/\/www.pinterest.com\/qqpetsdogcollarsfactory\/"]}]}},"_links":{"self":[{"href":"https:\/\/qqpets.com\/sl\/wp-json\/wp\/v2\/product\/8425","targetHints":{"allow":["GET"]}}],"collection":[{"href":"https:\/\/qqpets.com\/sl\/wp-json\/wp\/v2\/product"}],"about":[{"href":"https:\/\/qqpets.com\/sl\/wp-json\/wp\/v2\/types\/product"}],"wp:featuredmedia":[{"embeddable":true,"href":"https:\/\/qqpets.com\/sl\/wp-json\/wp\/v2\/media\/8426"}],"wp:attachment":[{"href":"https:\/\/qqpets.com\/sl\/wp-json\/wp\/v2\/media?parent=8425"}],"wp:term":[{"taxonomy":"product_brand","embeddable":true,"href":"https:\/\/qqpets.com\/sl\/wp-json\/wp\/v2\/product_brand?post=8425"},{"taxonomy":"product_cat","embeddable":true,"href":"https:\/\/qqpets.com\/sl\/wp-json\/wp\/v2\/product_cat?post=8425"},{"taxonomy":"product_tag","embeddable":true,"href":"https:\/\/qqpets.com\/sl\/wp-json\/wp\/v2\/product_tag?post=8425"}],"curies":[{"name":"wp","href":"https:\/\/api.w.org\/{rel}","templated":true}]}}