{"id":8430,"date":"2024-09-30T15:30:55","date_gmt":"2024-09-30T07:30:55","guid":{"rendered":"https:\/\/qqpets.com\/?post_type=product&#038;p=8430"},"modified":"2024-09-30T16:21:23","modified_gmt":"2024-09-30T08:21:23","slug":"escape-proof-cat-harness-leash-set","status":"publish","type":"product","link":"https:\/\/qqpets.com\/sl\/izdelek\/escape-proof-cat-harness-leash-set\/","title":{"rendered":"Komplet povodcev Escape Proof Cat Harness"},"content":{"rendered":"<p>Poskrbite, da bo va\u0161a ma\u010dka med raziskovanjem na prostem varna in udobna z na\u0161im kompletom povodcev za ma\u010dke Escape Proof. Ta premi\u0161ljeno zasnovan komplet pasov zagotavlja, da lahko va\u0161a pustolovska ma\u010dka u\u017eiva na prostem brez nevarnosti pobega.<\/p>\n<p><strong>Klju\u010dne lastnosti:<\/strong><\/p>\n<ul>\n<li><strong>Prilagajanje po meri:<\/strong> Nastavljivi trakovi zagotavljajo tesno in varno prileganje ter zagotavljajo, da postroj ostane na ma\u010dki tudi med intenzivno aktivnostjo.<\/li>\n<li><strong>Lahkoten material:<\/strong> Izdelana je iz zra\u010dne in lahke tkanine, ki ne obremenjuje va\u0161e ma\u010dke, zato je idealna za dalj\u0161e no\u0161enje.<\/li>\n<li><strong>Trajna konstrukcija:<\/strong> Visokokakovostni material je izdelan za dolgo \u017eivljenjsko dobo in je odporen na obrabo pri vsakodnevni uporabi, saj ohranja svojo obliko in funkcionalnost.<\/li>\n<li><strong>Varnost na prvem mestu:<\/strong> Postroj ima varno zaponko, ki ga zaklene na mestu, in mo\u010dno sponko za povodec, ki poskrbi, da ma\u010dka ostane varno ob vas.<\/li>\n<li><strong>Elegantno oblikovanje:<\/strong> Na voljo je v prijetni vodni barvi, zato ne le varuje va\u0161o ma\u010dko, temve\u010d je tudi videti odli\u010dno, tako da bo va\u0161a ljubljenka najbolj elegantna ma\u010dka v bloku.<\/li>\n<li><strong>Ve\u010dja prepoznavnost:<\/strong> Svetla barva izbolj\u0161a vidljivost va\u0161e ma\u010dke, zato jo boste la\u017eje nadzorovali v mraku in zori.<\/li>\n<\/ul>\n<p>Komplet povodcev za ma\u010dke Escape Proof je nepogre\u0161ljiv pripomo\u010dek za vse lastnike ma\u010dk, ki \u017eelijo varno izbolj\u0161ati do\u017eivljanje svoje \u017eivali na prostem. Odli\u010den je za sprehode, tek ali preprosto u\u017eivanje v son\u010dnem dnevu na vrtu. Opremite svojo ma\u010dko s tem kompletom pasov in povodca ter u\u017eivajte v miru, saj boste vedeli, da je varna in udobna, kamorkoli jo bo vodila pustolov\u0161\u010dina.<\/p>\n<h5><strong>Ali obstaja postroj, iz katerega ma\u010dka ne more pobegniti?<\/strong><\/h5>\n<p>\u010ceprav noben pas ni popolnoma varen pred pobegom, pa pasovi, zasnovani tako, da se tesno prilegajo in varno zapirajo, zmanj\u0161ujejo verjetnost, da bi ma\u010dka pobegnila.<\/p>\n<h5><strong>Kateri je najbolj\u0161i pas za ma\u010dke brez mo\u017enosti pobega?<\/strong><\/h5>\n<p>Najbolj\u0161i pasovi za ma\u010dke, ki ne dopu\u0161\u010dajo pobega, so obi\u010dajno pasovi v obliki \u010drke \"H\" ali telovnika, izdelani iz varnih, nastavljivih materialov, ki se dobro prilegajo, hkrati pa omogo\u010dajo udobno gibanje.<\/p>\n<h5><strong>Kako narediti ma\u010dji postroj varen pred pobegom?<\/strong><\/h5>\n<p>Prepri\u010dajte se, da je pas pravilno name\u0161\u010den na telo va\u0161e ma\u010dke: tesno, vendar ne pretesno, brez mo\u017enosti, da bi se ma\u010dka prosto gibala. Redno preverjajte in prilagajate prileganje, zlasti \u010de va\u0161a ma\u010dka raste ali \u010de se spreminja njena te\u017ea.<\/p>\n<h5><strong>Kaj naredi postroj varen pred pobegom?<\/strong><\/h5>\n<p>Postroj, ki je odporen na pobeg, obi\u010dajno vklju\u010duje nastavljive trakove, ki se tesno prilegajo telesu, varna zapirala, ki prepre\u010dujejo zdrs, in trpe\u017ene materiale, ki so odporni na vle\u010denje in zvijanje.<\/p>","protected":false},"excerpt":{"rendered":"<p>Odkrijte popolno kombinacijo varnosti in udobja z na\u0161im kompletom povodcev Escape Proof Cat, ki je zasnovan posebej za ma\u010dke. Ta komplet vklju\u010duje nastavljiv pas, ki se tesno prilega in prepre\u010duje, da bi se va\u0161a ma\u010dka izmuznila, ter ustrezen povodec za varno raziskovanje. Izdelan je iz trpe\u017enega in lahkega materiala ter zagotavlja udobje va\u0161e ma\u010dke med dolgimi sprehodi. \u017divahna barva izbolj\u0161a vidljivost, zato je prakti\u010dna in elegantna izbira za pustolov\u0161\u010dine va\u0161ega ljubljen\u010dka na prostem.<\/p>","protected":false},"featured_media":8431,"template":"","meta":[],"product_brand":[],"product_cat":[23],"product_tag":[],"class_list":{"0":"post-8430","1":"product","2":"type-product","3":"status-publish","4":"has-post-thumbnail","6":"product_cat-dog-harness","7":"pa_brand-qqpets","9":"first","10":"instock","11":"shipping-taxable","12":"product-type-simple"},"yoast_head":"<!-- This site is optimized with the Yoast SEO plugin v26.6 - https:\/\/yoast.com\/wordpress\/plugins\/seo\/ -->\n<title>Escape Proof Cat Harness Leash Set | QQPETS<\/title>\n<meta name=\"description\" content=\"Lightweight, secure Escape Proof Cat Harness Leash Set for safe and enjoyable outdoor adventures with your feline.\" \/>\n<meta name=\"robots\" content=\"index, follow, max-snippet:-1, max-image-preview:large, max-video-preview:-1\" \/>\n<link rel=\"canonical\" href=\"https:\/\/qqpets.com\/sl\/izdelek\/escape-proof-cat-harness-leash-set\/\" \/>\n<meta property=\"og:locale\" content=\"sl_SI\" \/>\n<meta property=\"og:type\" content=\"article\" \/>\n<meta property=\"og:title\" content=\"Escape Proof Cat Harness Leash Set | QQPETS\" \/>\n<meta property=\"og:description\" content=\"Lightweight, secure Escape Proof Cat Harness Leash Set for safe and enjoyable outdoor adventures with your feline.\" \/>\n<meta property=\"og:url\" content=\"https:\/\/qqpets.com\/sl\/izdelek\/escape-proof-cat-harness-leash-set\/\" \/>\n<meta property=\"og:site_name\" content=\"QQPETS\" \/>\n<meta property=\"article:publisher\" content=\"https:\/\/www.facebook.com\/QQpetsdogcollars\" \/>\n<meta property=\"article:modified_time\" content=\"2024-09-30T08:21:23+00:00\" \/>\n<meta property=\"og:image\" content=\"https:\/\/qqpets.com\/wp-content\/uploads\/2024\/09\/escape-proof-dog-harness-strap.webp\" \/>\n\t<meta property=\"og:image:width\" content=\"1404\" \/>\n\t<meta property=\"og:image:height\" content=\"1500\" \/>\n\t<meta property=\"og:image:type\" content=\"image\/webp\" \/>\n<meta name=\"twitter:card\" content=\"summary_large_image\" \/>\n<meta name=\"twitter:label1\" content=\"Est. reading time\" \/>\n\t<meta name=\"twitter:data1\" content=\"2 minuti\" \/>\n<script type=\"application\/ld+json\" class=\"yoast-schema-graph\">{\"@context\":\"https:\/\/schema.org\",\"@graph\":[{\"@type\":\"WebPage\",\"@id\":\"https:\/\/qqpets.com\/product\/escape-proof-cat-harness-leash-set\/\",\"url\":\"https:\/\/qqpets.com\/product\/escape-proof-cat-harness-leash-set\/\",\"name\":\"Escape Proof Cat Harness Leash Set | QQPETS\",\"isPartOf\":{\"@id\":\"https:\/\/qqpets.com\/#website\"},\"primaryImageOfPage\":{\"@id\":\"https:\/\/qqpets.com\/product\/escape-proof-cat-harness-leash-set\/#primaryimage\"},\"image\":{\"@id\":\"https:\/\/qqpets.com\/product\/escape-proof-cat-harness-leash-set\/#primaryimage\"},\"thumbnailUrl\":\"https:\/\/qqpets.com\/wp-content\/uploads\/2024\/09\/escape-proof-dog-harness-strap.webp\",\"datePublished\":\"2024-09-30T07:30:55+00:00\",\"dateModified\":\"2024-09-30T08:21:23+00:00\",\"description\":\"Lightweight, secure Escape Proof Cat Harness Leash Set for safe and enjoyable outdoor adventures with your feline.\",\"breadcrumb\":{\"@id\":\"https:\/\/qqpets.com\/product\/escape-proof-cat-harness-leash-set\/#breadcrumb\"},\"inLanguage\":\"sl-SI\",\"potentialAction\":[{\"@type\":\"ReadAction\",\"target\":[\"https:\/\/qqpets.com\/product\/escape-proof-cat-harness-leash-set\/\"]}]},{\"@type\":\"ImageObject\",\"inLanguage\":\"sl-SI\",\"@id\":\"https:\/\/qqpets.com\/product\/escape-proof-cat-harness-leash-set\/#primaryimage\",\"url\":\"https:\/\/qqpets.com\/wp-content\/uploads\/2024\/09\/escape-proof-dog-harness-strap.webp\",\"contentUrl\":\"https:\/\/qqpets.com\/wp-content\/uploads\/2024\/09\/escape-proof-dog-harness-strap.webp\",\"width\":1404,\"height\":1500},{\"@type\":\"BreadcrumbList\",\"@id\":\"https:\/\/qqpets.com\/product\/escape-proof-cat-harness-leash-set\/#breadcrumb\",\"itemListElement\":[{\"@type\":\"ListItem\",\"position\":1,\"name\":\"Home\",\"item\":\"https:\/\/qqpets.com\/\"},{\"@type\":\"ListItem\",\"position\":2,\"name\":\"Products\",\"item\":\"https:\/\/qqpets.com\/pet-products-manufacturer\/\"},{\"@type\":\"ListItem\",\"position\":3,\"name\":\"Escape Proof Cat Harness Leash Set\"}]},{\"@type\":\"WebSite\",\"@id\":\"https:\/\/qqpets.com\/#website\",\"url\":\"https:\/\/qqpets.com\/\",\"name\":\"QQPETS\",\"description\":\"QQPETS is a pet products factory for dog harnesses, dog collars, dog leashes and dog accessories with professional customized service since 2005.\",\"publisher\":{\"@id\":\"https:\/\/qqpets.com\/#organization\"},\"potentialAction\":[{\"@type\":\"SearchAction\",\"target\":{\"@type\":\"EntryPoint\",\"urlTemplate\":\"https:\/\/qqpets.com\/?s={search_term_string}\"},\"query-input\":{\"@type\":\"PropertyValueSpecification\",\"valueRequired\":true,\"valueName\":\"search_term_string\"}}],\"inLanguage\":\"sl-SI\"},{\"@type\":\"Organization\",\"@id\":\"https:\/\/qqpets.com\/#organization\",\"name\":\"QQPETS\",\"url\":\"https:\/\/qqpets.com\/\",\"logo\":{\"@type\":\"ImageObject\",\"inLanguage\":\"sl-SI\",\"@id\":\"https:\/\/qqpets.com\/#\/schema\/logo\/image\/\",\"url\":\"https:\/\/qqpets.com\/wp-content\/uploads\/2023\/09\/cropped-cropped-qqpets-tiktok.jpg\",\"contentUrl\":\"https:\/\/qqpets.com\/wp-content\/uploads\/2023\/09\/cropped-cropped-qqpets-tiktok.jpg\",\"width\":511,\"height\":511,\"caption\":\"QQPETS\"},\"image\":{\"@id\":\"https:\/\/qqpets.com\/#\/schema\/logo\/image\/\"},\"sameAs\":[\"https:\/\/www.facebook.com\/QQpetsdogcollars\",\"https:\/\/www.instagram.com\/qqpetscollar\/\",\"https:\/\/www.pinterest.com\/qqpetsdogcollarsfactory\/\"]}]}<\/script>\n<!-- \/ Yoast SEO plugin. -->","yoast_head_json":{"title":"Komplet povodcev za ma\u010dke Escape Proof Harness | QQPETS","description":"Lahek in varen komplet povodcev za ma\u010dke Escape Proof za varne in prijetne dogodiv\u0161\u010dine na prostem z va\u0161o ma\u010djo \u017eivaljo.","robots":{"index":"index","follow":"follow","max-snippet":"max-snippet:-1","max-image-preview":"max-image-preview:large","max-video-preview":"max-video-preview:-1"},"canonical":"https:\/\/qqpets.com\/sl\/izdelek\/escape-proof-cat-harness-leash-set\/","og_locale":"sl_SI","og_type":"article","og_title":"Escape Proof Cat Harness Leash Set | QQPETS","og_description":"Lightweight, secure Escape Proof Cat Harness Leash Set for safe and enjoyable outdoor adventures with your feline.","og_url":"https:\/\/qqpets.com\/sl\/izdelek\/escape-proof-cat-harness-leash-set\/","og_site_name":"QQPETS","article_publisher":"https:\/\/www.facebook.com\/QQpetsdogcollars","article_modified_time":"2024-09-30T08:21:23+00:00","og_image":[{"width":1404,"height":1500,"url":"https:\/\/qqpets.com\/wp-content\/uploads\/2024\/09\/escape-proof-dog-harness-strap.webp","type":"image\/webp"}],"twitter_card":"summary_large_image","twitter_misc":{"Est. reading time":"2 minuti"},"schema":{"@context":"https:\/\/schema.org","@graph":[{"@type":"WebPage","@id":"https:\/\/qqpets.com\/product\/escape-proof-cat-harness-leash-set\/","url":"https:\/\/qqpets.com\/product\/escape-proof-cat-harness-leash-set\/","name":"Komplet povodcev za ma\u010dke Escape Proof Harness | QQPETS","isPartOf":{"@id":"https:\/\/qqpets.com\/#website"},"primaryImageOfPage":{"@id":"https:\/\/qqpets.com\/product\/escape-proof-cat-harness-leash-set\/#primaryimage"},"image":{"@id":"https:\/\/qqpets.com\/product\/escape-proof-cat-harness-leash-set\/#primaryimage"},"thumbnailUrl":"https:\/\/qqpets.com\/wp-content\/uploads\/2024\/09\/escape-proof-dog-harness-strap.webp","datePublished":"2024-09-30T07:30:55+00:00","dateModified":"2024-09-30T08:21:23+00:00","description":"Lahek in varen komplet povodcev za ma\u010dke Escape Proof za varne in prijetne dogodiv\u0161\u010dine na prostem z va\u0161o ma\u010djo \u017eivaljo.","breadcrumb":{"@id":"https:\/\/qqpets.com\/product\/escape-proof-cat-harness-leash-set\/#breadcrumb"},"inLanguage":"sl-SI","potentialAction":[{"@type":"ReadAction","target":["https:\/\/qqpets.com\/product\/escape-proof-cat-harness-leash-set\/"]}]},{"@type":"ImageObject","inLanguage":"sl-SI","@id":"https:\/\/qqpets.com\/product\/escape-proof-cat-harness-leash-set\/#primaryimage","url":"https:\/\/qqpets.com\/wp-content\/uploads\/2024\/09\/escape-proof-dog-harness-strap.webp","contentUrl":"https:\/\/qqpets.com\/wp-content\/uploads\/2024\/09\/escape-proof-dog-harness-strap.webp","width":1404,"height":1500},{"@type":"BreadcrumbList","@id":"https:\/\/qqpets.com\/product\/escape-proof-cat-harness-leash-set\/#breadcrumb","itemListElement":[{"@type":"ListItem","position":1,"name":"Home","item":"https:\/\/qqpets.com\/"},{"@type":"ListItem","position":2,"name":"Products","item":"https:\/\/qqpets.com\/pet-products-manufacturer\/"},{"@type":"ListItem","position":3,"name":"Escape Proof Cat Harness Leash Set"}]},{"@type":"WebSite","@id":"https:\/\/qqpets.com\/#website","url":"https:\/\/qqpets.com\/","name":"QQPETS","description":"QQPETS je tovarna izdelkov za hi\u0161ne ljubljen\u010dke za pasje postroje, pasje ovratnice, pasje povodce in pasje dodatke s strokovno prilagojeno storitvijo od leta 2005.","publisher":{"@id":"https:\/\/qqpets.com\/#organization"},"potentialAction":[{"@type":"SearchAction","target":{"@type":"EntryPoint","urlTemplate":"https:\/\/qqpets.com\/?s={search_term_string}"},"query-input":{"@type":"PropertyValueSpecification","valueRequired":true,"valueName":"search_term_string"}}],"inLanguage":"sl-SI"},{"@type":"Organization","@id":"https:\/\/qqpets.com\/#organization","name":"QQPETS","url":"https:\/\/qqpets.com\/","logo":{"@type":"ImageObject","inLanguage":"sl-SI","@id":"https:\/\/qqpets.com\/#\/schema\/logo\/image\/","url":"https:\/\/qqpets.com\/wp-content\/uploads\/2023\/09\/cropped-cropped-qqpets-tiktok.jpg","contentUrl":"https:\/\/qqpets.com\/wp-content\/uploads\/2023\/09\/cropped-cropped-qqpets-tiktok.jpg","width":511,"height":511,"caption":"QQPETS"},"image":{"@id":"https:\/\/qqpets.com\/#\/schema\/logo\/image\/"},"sameAs":["https:\/\/www.facebook.com\/QQpetsdogcollars","https:\/\/www.instagram.com\/qqpetscollar\/","https:\/\/www.pinterest.com\/qqpetsdogcollarsfactory\/"]}]}},"_links":{"self":[{"href":"https:\/\/qqpets.com\/sl\/wp-json\/wp\/v2\/product\/8430","targetHints":{"allow":["GET"]}}],"collection":[{"href":"https:\/\/qqpets.com\/sl\/wp-json\/wp\/v2\/product"}],"about":[{"href":"https:\/\/qqpets.com\/sl\/wp-json\/wp\/v2\/types\/product"}],"wp:featuredmedia":[{"embeddable":true,"href":"https:\/\/qqpets.com\/sl\/wp-json\/wp\/v2\/media\/8431"}],"wp:attachment":[{"href":"https:\/\/qqpets.com\/sl\/wp-json\/wp\/v2\/media?parent=8430"}],"wp:term":[{"taxonomy":"product_brand","embeddable":true,"href":"https:\/\/qqpets.com\/sl\/wp-json\/wp\/v2\/product_brand?post=8430"},{"taxonomy":"product_cat","embeddable":true,"href":"https:\/\/qqpets.com\/sl\/wp-json\/wp\/v2\/product_cat?post=8430"},{"taxonomy":"product_tag","embeddable":true,"href":"https:\/\/qqpets.com\/sl\/wp-json\/wp\/v2\/product_tag?post=8430"}],"curies":[{"name":"wp","href":"https:\/\/api.w.org\/{rel}","templated":true}]}}