{"id":8437,"date":"2024-09-30T15:58:12","date_gmt":"2024-09-30T07:58:12","guid":{"rendered":"https:\/\/qqpets.com\/?post_type=product&#038;p=8437"},"modified":"2024-09-30T15:58:12","modified_gmt":"2024-09-30T07:58:12","slug":"easy-walk-canvas-dog-harness","status":"publish","type":"product","link":"https:\/\/qqpets.com\/sl\/izdelek\/easy-walk-canvas-dog-harness\/","title":{"rendered":"Pasji postroj Easy Walk Canvas"},"content":{"rendered":"<p>Predstavljamo pasji postroj Easy Walk Canvas - va\u0161o re\u0161itev za elegantne sprehode brez stresa. Ta pasji pasji pas je zasnovan tako za udobje kot za modo in je popoln tako za vsakodnevno uporabo kot za posebne izlete.<\/p>\n<p><strong>Klju\u010dne lastnosti:<\/strong><\/p>\n<ul>\n<li><strong>Kakovost materiala:<\/strong> Postroj je izdelan iz trpe\u017enega platna in je zasnovan tako, da zdr\u017ei obremenitve aktivnih psov in pogoste uporabe ter zagotavlja dolgo \u017eivljenjsko dobo.<\/li>\n<li><strong>Udobje in varnost:<\/strong> Dihajo\u010da mre\u017ena podloga zagotavlja dodatno udobje, saj zmanj\u0161uje nabiranje vlage in toplote, tako da bo va\u0161 pes vedno hladen in udoben. Ergonomska zasnova zagotavlja enakomerno porazdelitev pritiska, kar prepre\u010duje vle\u010denje in du\u0161enje.<\/li>\n<li><strong>Prilagodljivost:<\/strong> Popolnoma nastavljivi trakovi omogo\u010dajo prilagajanje po meri psov vseh velikosti. Zaponka za hitro odpenjanje omogo\u010da enostavno natikanje in snemanje, kar zagotavlja brezskrbno izku\u0161njo tako za hi\u0161nega ljubljen\u010dka kot za lastnika.<\/li>\n<li><strong>Elegantno oblikovanje:<\/strong> Ima vesel in \u017eivahen vzorec, ki izstopa. Sodoben dizajn in privla\u010dna barva ne poskrbita le za odli\u010den videz va\u0161ega psa, temve\u010d tudi za bolj\u0161o vidljivost med ve\u010dernimi ali zgodnjimi jutranjimi sprehodi.<\/li>\n<li><strong>Vsestranskost:<\/strong> Idealno za vsakodnevno hojo, tek, vadbo in rekreacijo na prostem. Primerno za mladi\u010de do odraslih psov.<\/li>\n<\/ul>\n<p>S pasjim pasjim pasom Easy Walk Canvas lahko va\u0161 pes udobno in varno raziskuje. Zaradi vrhunske izdelave in privla\u010dnega dizajna je nepogre\u0161ljiv pripomo\u010dek za vse lastnike psov, ki \u017eelijo zdru\u017eiti slog s funkcionalnostjo.<\/p>","protected":false},"excerpt":{"rendered":"<p>Popestrite vsakodnevne sprehode svojega psa s pasjim pasjim pasom Easy Walk Canvas. Postroj je izdelan iz visokokakovostnega platna in ima udobno in zra\u010dno zasnovo, ki prepre\u010duje vle\u010denje in zagotavlja enostavno gibanje. Njegovi nastavljivi trakovi in varna zaponka zagotavljajo popolno prileganje, medtem ko eleganten vzorec doda \u0161arm garderobi va\u0161ega ljubljen\u010dka. Postroj je idealen za vse pasme in zdru\u017euje funkcionalnost s slogom, zato ga morajo imeti odgovorni in modni lastniki psov.<\/p>","protected":false},"featured_media":8441,"template":"","meta":[],"product_brand":[],"product_cat":[23],"product_tag":[],"class_list":{"0":"post-8437","1":"product","2":"type-product","3":"status-publish","4":"has-post-thumbnail","6":"product_cat-dog-harness","7":"pa_brand-qqpets","9":"first","10":"instock","11":"shipping-taxable","12":"product-type-simple"},"yoast_head":"<!-- This site is optimized with the Yoast SEO plugin v26.6 - https:\/\/yoast.com\/wordpress\/plugins\/seo\/ -->\n<title>Easy Walk Canvas Dog Harness | QQPETS<\/title>\n<meta name=\"description\" content=\"Stylish Easy Walk Canvas Dog Harness, perfect for daily walks with secure and comfortable fit.\" \/>\n<meta name=\"robots\" content=\"index, follow, max-snippet:-1, max-image-preview:large, max-video-preview:-1\" \/>\n<link rel=\"canonical\" href=\"https:\/\/qqpets.com\/sl\/izdelek\/easy-walk-canvas-dog-harness\/\" \/>\n<meta property=\"og:locale\" content=\"sl_SI\" \/>\n<meta property=\"og:type\" content=\"article\" \/>\n<meta property=\"og:title\" content=\"Easy Walk Canvas Dog Harness | QQPETS\" \/>\n<meta property=\"og:description\" content=\"Stylish Easy Walk Canvas Dog Harness, perfect for daily walks with secure and comfortable fit.\" \/>\n<meta property=\"og:url\" content=\"https:\/\/qqpets.com\/sl\/izdelek\/easy-walk-canvas-dog-harness\/\" \/>\n<meta property=\"og:site_name\" content=\"QQPETS\" \/>\n<meta property=\"article:publisher\" content=\"https:\/\/www.facebook.com\/QQpetsdogcollars\" \/>\n<meta property=\"og:image\" content=\"https:\/\/qqpets.com\/wp-content\/uploads\/2024\/09\/Canvas-dog-harness1.webp\" \/>\n\t<meta property=\"og:image:width\" content=\"800\" \/>\n\t<meta property=\"og:image:height\" content=\"800\" \/>\n\t<meta property=\"og:image:type\" content=\"image\/webp\" \/>\n<meta name=\"twitter:card\" content=\"summary_large_image\" \/>\n<meta name=\"twitter:label1\" content=\"Est. reading time\" \/>\n\t<meta name=\"twitter:data1\" content=\"2 minuti\" \/>\n<script type=\"application\/ld+json\" class=\"yoast-schema-graph\">{\"@context\":\"https:\/\/schema.org\",\"@graph\":[{\"@type\":\"WebPage\",\"@id\":\"https:\/\/qqpets.com\/product\/easy-walk-canvas-dog-harness\/\",\"url\":\"https:\/\/qqpets.com\/product\/easy-walk-canvas-dog-harness\/\",\"name\":\"Easy Walk Canvas Dog Harness | QQPETS\",\"isPartOf\":{\"@id\":\"https:\/\/qqpets.com\/#website\"},\"primaryImageOfPage\":{\"@id\":\"https:\/\/qqpets.com\/product\/easy-walk-canvas-dog-harness\/#primaryimage\"},\"image\":{\"@id\":\"https:\/\/qqpets.com\/product\/easy-walk-canvas-dog-harness\/#primaryimage\"},\"thumbnailUrl\":\"https:\/\/qqpets.com\/wp-content\/uploads\/2024\/09\/Canvas-dog-harness1.webp\",\"datePublished\":\"2024-09-30T07:58:12+00:00\",\"description\":\"Stylish Easy Walk Canvas Dog Harness, perfect for daily walks with secure and comfortable fit.\",\"breadcrumb\":{\"@id\":\"https:\/\/qqpets.com\/product\/easy-walk-canvas-dog-harness\/#breadcrumb\"},\"inLanguage\":\"sl-SI\",\"potentialAction\":[{\"@type\":\"ReadAction\",\"target\":[\"https:\/\/qqpets.com\/product\/easy-walk-canvas-dog-harness\/\"]}]},{\"@type\":\"ImageObject\",\"inLanguage\":\"sl-SI\",\"@id\":\"https:\/\/qqpets.com\/product\/easy-walk-canvas-dog-harness\/#primaryimage\",\"url\":\"https:\/\/qqpets.com\/wp-content\/uploads\/2024\/09\/Canvas-dog-harness1.webp\",\"contentUrl\":\"https:\/\/qqpets.com\/wp-content\/uploads\/2024\/09\/Canvas-dog-harness1.webp\",\"width\":800,\"height\":800},{\"@type\":\"BreadcrumbList\",\"@id\":\"https:\/\/qqpets.com\/product\/easy-walk-canvas-dog-harness\/#breadcrumb\",\"itemListElement\":[{\"@type\":\"ListItem\",\"position\":1,\"name\":\"Home\",\"item\":\"https:\/\/qqpets.com\/\"},{\"@type\":\"ListItem\",\"position\":2,\"name\":\"Products\",\"item\":\"https:\/\/qqpets.com\/pet-products-manufacturer\/\"},{\"@type\":\"ListItem\",\"position\":3,\"name\":\"Easy Walk Canvas Dog Harness\"}]},{\"@type\":\"WebSite\",\"@id\":\"https:\/\/qqpets.com\/#website\",\"url\":\"https:\/\/qqpets.com\/\",\"name\":\"QQPETS\",\"description\":\"QQPETS is a pet products factory for dog harnesses, dog collars, dog leashes and dog accessories with professional customized service since 2005.\",\"publisher\":{\"@id\":\"https:\/\/qqpets.com\/#organization\"},\"potentialAction\":[{\"@type\":\"SearchAction\",\"target\":{\"@type\":\"EntryPoint\",\"urlTemplate\":\"https:\/\/qqpets.com\/?s={search_term_string}\"},\"query-input\":{\"@type\":\"PropertyValueSpecification\",\"valueRequired\":true,\"valueName\":\"search_term_string\"}}],\"inLanguage\":\"sl-SI\"},{\"@type\":\"Organization\",\"@id\":\"https:\/\/qqpets.com\/#organization\",\"name\":\"QQPETS\",\"url\":\"https:\/\/qqpets.com\/\",\"logo\":{\"@type\":\"ImageObject\",\"inLanguage\":\"sl-SI\",\"@id\":\"https:\/\/qqpets.com\/#\/schema\/logo\/image\/\",\"url\":\"https:\/\/qqpets.com\/wp-content\/uploads\/2023\/09\/cropped-cropped-qqpets-tiktok.jpg\",\"contentUrl\":\"https:\/\/qqpets.com\/wp-content\/uploads\/2023\/09\/cropped-cropped-qqpets-tiktok.jpg\",\"width\":511,\"height\":511,\"caption\":\"QQPETS\"},\"image\":{\"@id\":\"https:\/\/qqpets.com\/#\/schema\/logo\/image\/\"},\"sameAs\":[\"https:\/\/www.facebook.com\/QQpetsdogcollars\",\"https:\/\/www.instagram.com\/qqpetscollar\/\",\"https:\/\/www.pinterest.com\/qqpetsdogcollarsfactory\/\"]}]}<\/script>\n<!-- \/ Yoast SEO plugin. -->","yoast_head_json":{"title":"Pasji pasji povodec Easy Walk Canvas | QQPETS","description":"Eleganten pasji pasji pasji pas Easy Walk Canvas, odli\u010den za vsakodnevne sprehode z varnim in udobnim prileganjem.","robots":{"index":"index","follow":"follow","max-snippet":"max-snippet:-1","max-image-preview":"max-image-preview:large","max-video-preview":"max-video-preview:-1"},"canonical":"https:\/\/qqpets.com\/sl\/izdelek\/easy-walk-canvas-dog-harness\/","og_locale":"sl_SI","og_type":"article","og_title":"Easy Walk Canvas Dog Harness | QQPETS","og_description":"Stylish Easy Walk Canvas Dog Harness, perfect for daily walks with secure and comfortable fit.","og_url":"https:\/\/qqpets.com\/sl\/izdelek\/easy-walk-canvas-dog-harness\/","og_site_name":"QQPETS","article_publisher":"https:\/\/www.facebook.com\/QQpetsdogcollars","og_image":[{"width":800,"height":800,"url":"https:\/\/qqpets.com\/wp-content\/uploads\/2024\/09\/Canvas-dog-harness1.webp","type":"image\/webp"}],"twitter_card":"summary_large_image","twitter_misc":{"Est. reading time":"2 minuti"},"schema":{"@context":"https:\/\/schema.org","@graph":[{"@type":"WebPage","@id":"https:\/\/qqpets.com\/product\/easy-walk-canvas-dog-harness\/","url":"https:\/\/qqpets.com\/product\/easy-walk-canvas-dog-harness\/","name":"Pasji pasji povodec Easy Walk Canvas | QQPETS","isPartOf":{"@id":"https:\/\/qqpets.com\/#website"},"primaryImageOfPage":{"@id":"https:\/\/qqpets.com\/product\/easy-walk-canvas-dog-harness\/#primaryimage"},"image":{"@id":"https:\/\/qqpets.com\/product\/easy-walk-canvas-dog-harness\/#primaryimage"},"thumbnailUrl":"https:\/\/qqpets.com\/wp-content\/uploads\/2024\/09\/Canvas-dog-harness1.webp","datePublished":"2024-09-30T07:58:12+00:00","description":"Eleganten pasji pasji pasji pas Easy Walk Canvas, odli\u010den za vsakodnevne sprehode z varnim in udobnim prileganjem.","breadcrumb":{"@id":"https:\/\/qqpets.com\/product\/easy-walk-canvas-dog-harness\/#breadcrumb"},"inLanguage":"sl-SI","potentialAction":[{"@type":"ReadAction","target":["https:\/\/qqpets.com\/product\/easy-walk-canvas-dog-harness\/"]}]},{"@type":"ImageObject","inLanguage":"sl-SI","@id":"https:\/\/qqpets.com\/product\/easy-walk-canvas-dog-harness\/#primaryimage","url":"https:\/\/qqpets.com\/wp-content\/uploads\/2024\/09\/Canvas-dog-harness1.webp","contentUrl":"https:\/\/qqpets.com\/wp-content\/uploads\/2024\/09\/Canvas-dog-harness1.webp","width":800,"height":800},{"@type":"BreadcrumbList","@id":"https:\/\/qqpets.com\/product\/easy-walk-canvas-dog-harness\/#breadcrumb","itemListElement":[{"@type":"ListItem","position":1,"name":"Home","item":"https:\/\/qqpets.com\/"},{"@type":"ListItem","position":2,"name":"Products","item":"https:\/\/qqpets.com\/pet-products-manufacturer\/"},{"@type":"ListItem","position":3,"name":"Easy Walk Canvas Dog Harness"}]},{"@type":"WebSite","@id":"https:\/\/qqpets.com\/#website","url":"https:\/\/qqpets.com\/","name":"QQPETS","description":"QQPETS je tovarna izdelkov za hi\u0161ne ljubljen\u010dke za pasje postroje, pasje ovratnice, pasje povodce in pasje dodatke s strokovno prilagojeno storitvijo od leta 2005.","publisher":{"@id":"https:\/\/qqpets.com\/#organization"},"potentialAction":[{"@type":"SearchAction","target":{"@type":"EntryPoint","urlTemplate":"https:\/\/qqpets.com\/?s={search_term_string}"},"query-input":{"@type":"PropertyValueSpecification","valueRequired":true,"valueName":"search_term_string"}}],"inLanguage":"sl-SI"},{"@type":"Organization","@id":"https:\/\/qqpets.com\/#organization","name":"QQPETS","url":"https:\/\/qqpets.com\/","logo":{"@type":"ImageObject","inLanguage":"sl-SI","@id":"https:\/\/qqpets.com\/#\/schema\/logo\/image\/","url":"https:\/\/qqpets.com\/wp-content\/uploads\/2023\/09\/cropped-cropped-qqpets-tiktok.jpg","contentUrl":"https:\/\/qqpets.com\/wp-content\/uploads\/2023\/09\/cropped-cropped-qqpets-tiktok.jpg","width":511,"height":511,"caption":"QQPETS"},"image":{"@id":"https:\/\/qqpets.com\/#\/schema\/logo\/image\/"},"sameAs":["https:\/\/www.facebook.com\/QQpetsdogcollars","https:\/\/www.instagram.com\/qqpetscollar\/","https:\/\/www.pinterest.com\/qqpetsdogcollarsfactory\/"]}]}},"_links":{"self":[{"href":"https:\/\/qqpets.com\/sl\/wp-json\/wp\/v2\/product\/8437","targetHints":{"allow":["GET"]}}],"collection":[{"href":"https:\/\/qqpets.com\/sl\/wp-json\/wp\/v2\/product"}],"about":[{"href":"https:\/\/qqpets.com\/sl\/wp-json\/wp\/v2\/types\/product"}],"wp:featuredmedia":[{"embeddable":true,"href":"https:\/\/qqpets.com\/sl\/wp-json\/wp\/v2\/media\/8441"}],"wp:attachment":[{"href":"https:\/\/qqpets.com\/sl\/wp-json\/wp\/v2\/media?parent=8437"}],"wp:term":[{"taxonomy":"product_brand","embeddable":true,"href":"https:\/\/qqpets.com\/sl\/wp-json\/wp\/v2\/product_brand?post=8437"},{"taxonomy":"product_cat","embeddable":true,"href":"https:\/\/qqpets.com\/sl\/wp-json\/wp\/v2\/product_cat?post=8437"},{"taxonomy":"product_tag","embeddable":true,"href":"https:\/\/qqpets.com\/sl\/wp-json\/wp\/v2\/product_tag?post=8437"}],"curies":[{"name":"wp","href":"https:\/\/api.w.org\/{rel}","templated":true}]}}