{"id":8450,"date":"2024-09-30T16:45:10","date_gmt":"2024-09-30T08:45:10","guid":{"rendered":"https:\/\/qqpets.com\/?post_type=product&#038;p=8450"},"modified":"2024-09-30T16:46:41","modified_gmt":"2024-09-30T08:46:41","slug":"air-tag-dog-collar-case","status":"publish","type":"product","link":"https:\/\/qqpets.com\/sl\/izdelek\/air-tag-dog-collar-case\/","title":{"rendered":"Primer ovratnice za pse Air Tag"},"content":{"rendered":"<p>Odkrijte popoln na\u010din, kako poskrbeti za varnost in slog svojega ljubljen\u010dka z na\u0161im ovratnikom AirTag Dog Collar Case. Ta etui je izdelan posebej za lastnike hi\u0161nih ljubljen\u010dkov, ki \u017eelijo uporabljati sodobno tehnologijo sledenja, ne da bi pri tem ogrozili slog ali vzdr\u017eljivost.<\/p>\n<p><strong>Klju\u010dne lastnosti:<\/strong><\/p>\n<ul>\n<li><strong>Trajen material:<\/strong> To ohi\u0161je je izdelano iz trpe\u017ene in lahke tkanine, je odporno na praske in pralno, kar zagotavlja dolgotrajno uporabo in enostavno vzdr\u017eevanje.<\/li>\n<li><strong>Celovita za\u0161\u010dita:<\/strong> Ohi\u0161je je zasnovano tako, da \u0161\u010diti napravo AirTag pred vodo, prahom in praskami ter zagotavlja, da sledilna naprava ostane v brezhibnem stanju, varuje va\u0161o nalo\u017ebo in omogo\u010da, da va\u0161ega ljubljen\u010dka najdete v vsakem okolju.<\/li>\n<li><strong>Modno napredne oblike:<\/strong> Ta ovratnica je na voljo v \u0161tevilnih vzorcih in barvah ter omogo\u010da personalizacijo videza va\u0161ega ljubljen\u010dka. Izbirate lahko med igrivimi potiski in elegantnimi vzorci, ki zagotavljajo, da bo va\u0161 ljubljen\u010dek izstopal, hkrati pa bo ostal varen.<\/li>\n<li><strong>Enostavna uporaba:<\/strong> Ovitek je mogo\u010de hitro pritrditi na katero koli standardno ovratnico za hi\u0161ne ljubljen\u010dke (\u0161irine od 0,5 do 1,2 palca), saj se tesno in varno prilega, kar prepre\u010duje izgubo ali po\u0161kodbo naprave AirTag med aktivno igro ali po\u010ditkom.<\/li>\n<li><strong>Vsestranskost:<\/strong> \u010ceprav je ohi\u0161je zasnovano za AirTags, je zaradi prilagodljivega ohi\u0161ja primerno tudi za druge sledilne naprave podobne velikosti, kar omogo\u010da vsestranskost za razli\u010dne potrebe lastnikov hi\u0161nih ljubljen\u010dkov.<\/li>\n<\/ul>\n<p>Pove\u010dajte varnost svojega hi\u0161nega ljubljen\u010dka z ovratnico AirTag. To ni le pripomo\u010dek, temve\u010d nujnost za sodobno varnost hi\u0161nih ljubljen\u010dkov, saj zagotavlja, da va\u0161 ljubljen\u010dek ostane varen in eleganten, ne glede na to, ali je doma ali na poti. Ta etui je idealen za skrbne lastnike hi\u0161nih ljubljen\u010dkov in je odli\u010den dodatek k vsakemu kompletu orodij za varnost hi\u0161nih ljubljen\u010dkov.<\/p>\n<h5><strong>Ali je varno namestiti oznako AirTag na pasjo ovratnico?<\/strong><\/h5>\n<p>Da, AirTag je varno namestiti na pasjo ovratnico, \u010de je varno pritrjen in ga pes ne more \u017eve\u010diti. To je priro\u010den na\u010din za sledenje lokacije va\u0161ega psa, \u010de bi se vam za\u0161el.<\/p>\n<h5><strong>Ali naprava AirTag deluje na psu?<\/strong><\/h5>\n<p>Da, naprava AirTag lahko deluje na psu tako, da jo pritrdite na njegovo ovratnico. S tehnologijo Bluetooth zagotavlja posodobitve lokacije v naprave Apple in vam tako pomaga slediti, kje je va\u0161 hi\u0161ni ljubljen\u010dek.<\/p>\n<h5><strong>Kako pritrditi napravo AirTag na pasjo ovratnico?<\/strong><\/h5>\n<p>Z nosilcem, ki je posebej zasnovan za oznake AirTag, pritrdite oznako AirTag na pasjo ovratnico. Ta dr\u017eala se lahko na ovratnico pripnejo s sponko ali zanko, kar zagotavlja, da AirTag ostane trdno na mestu.<\/p>\n<h5><strong>Ali je naprava AirTag vodoodporna?<\/strong><\/h5>\n<p>Da, naprava AirTag je odporna na vodo in ima stopnjo za\u0161\u010dite IP67, kar pomeni, da lahko zdr\u017ei potopitev v vodo do globine 1 metra za pribli\u017eno 30 minut, zato je primerna za uporabo na pasjih ovratnicah tudi v mokrih razmerah.<\/p>","protected":false},"excerpt":{"rendered":"<p>Ta etui za ovratnico AirTag zdru\u017euje funkcionalnost in slog ter je zasnovan posebej za pritrditev naprave AirTag na ovratnico va\u0161ega psa, hkrati pa zagotavlja vrhunsko za\u0161\u010dito pred vremenskimi vplivi. Izdelana je iz trpe\u017enih materialov, ki jih je mogo\u010de prati, in je odporna na vsakodnevno obrabo ter varuje AirTag pred prahom, praskami in vodo. Njegova prilagodljiva oblika ustreza ve\u010dini ovratnic ter je na voljo v razli\u010dnih barvah in vzorcih, kar je idealno za dodajanje stila vsakodnevni opremi va\u0161ega hi\u0161nega ljubljen\u010dka.<\/p>","protected":false},"featured_media":8451,"template":"","meta":[],"product_brand":[],"product_cat":[26],"product_tag":[],"class_list":{"0":"post-8450","1":"product","2":"type-product","3":"status-publish","4":"has-post-thumbnail","6":"product_cat-dog-collar","7":"pa_brand-qqpets","9":"first","10":"instock","11":"shipping-taxable","12":"product-type-simple"},"yoast_head":"<!-- This site is optimized with the Yoast SEO plugin v26.6 - https:\/\/yoast.com\/wordpress\/plugins\/seo\/ -->\n<title>Air Tag Dog Collar Case | QQPETS<\/title>\n<meta name=\"description\" content=\"Secure and stylish AirTag Dog Collar Case, ideal for protecting your pet&#039;s tracker.\" \/>\n<meta name=\"robots\" content=\"index, follow, max-snippet:-1, max-image-preview:large, max-video-preview:-1\" \/>\n<link rel=\"canonical\" href=\"https:\/\/qqpets.com\/sl\/izdelek\/air-tag-dog-collar-case\/\" \/>\n<meta property=\"og:locale\" content=\"sl_SI\" \/>\n<meta property=\"og:type\" content=\"article\" \/>\n<meta property=\"og:title\" content=\"Air Tag Dog Collar Case | QQPETS\" \/>\n<meta property=\"og:description\" content=\"Secure and stylish AirTag Dog Collar Case, ideal for protecting your pet&#039;s tracker.\" \/>\n<meta property=\"og:url\" content=\"https:\/\/qqpets.com\/sl\/izdelek\/air-tag-dog-collar-case\/\" \/>\n<meta property=\"og:site_name\" content=\"QQPETS\" \/>\n<meta property=\"article:publisher\" content=\"https:\/\/www.facebook.com\/QQpetsdogcollars\" \/>\n<meta property=\"article:modified_time\" content=\"2024-09-30T08:46:41+00:00\" \/>\n<meta property=\"og:image\" content=\"https:\/\/qqpets.com\/wp-content\/uploads\/2024\/09\/airtag-dog-collar1.webp\" \/>\n\t<meta property=\"og:image:width\" content=\"800\" \/>\n\t<meta property=\"og:image:height\" content=\"800\" \/>\n\t<meta property=\"og:image:type\" content=\"image\/webp\" \/>\n<meta name=\"twitter:card\" content=\"summary_large_image\" \/>\n<meta name=\"twitter:label1\" content=\"Est. reading time\" \/>\n\t<meta name=\"twitter:data1\" content=\"3 minute\" \/>\n<script type=\"application\/ld+json\" class=\"yoast-schema-graph\">{\"@context\":\"https:\/\/schema.org\",\"@graph\":[{\"@type\":\"WebPage\",\"@id\":\"https:\/\/qqpets.com\/product\/air-tag-dog-collar-case\/\",\"url\":\"https:\/\/qqpets.com\/product\/air-tag-dog-collar-case\/\",\"name\":\"Air Tag Dog Collar Case | QQPETS\",\"isPartOf\":{\"@id\":\"https:\/\/qqpets.com\/#website\"},\"primaryImageOfPage\":{\"@id\":\"https:\/\/qqpets.com\/product\/air-tag-dog-collar-case\/#primaryimage\"},\"image\":{\"@id\":\"https:\/\/qqpets.com\/product\/air-tag-dog-collar-case\/#primaryimage\"},\"thumbnailUrl\":\"https:\/\/qqpets.com\/wp-content\/uploads\/2024\/09\/airtag-dog-collar1.webp\",\"datePublished\":\"2024-09-30T08:45:10+00:00\",\"dateModified\":\"2024-09-30T08:46:41+00:00\",\"description\":\"Secure and stylish AirTag Dog Collar Case, ideal for protecting your pet's tracker.\",\"breadcrumb\":{\"@id\":\"https:\/\/qqpets.com\/product\/air-tag-dog-collar-case\/#breadcrumb\"},\"inLanguage\":\"sl-SI\",\"potentialAction\":[{\"@type\":\"ReadAction\",\"target\":[\"https:\/\/qqpets.com\/product\/air-tag-dog-collar-case\/\"]}]},{\"@type\":\"ImageObject\",\"inLanguage\":\"sl-SI\",\"@id\":\"https:\/\/qqpets.com\/product\/air-tag-dog-collar-case\/#primaryimage\",\"url\":\"https:\/\/qqpets.com\/wp-content\/uploads\/2024\/09\/airtag-dog-collar1.webp\",\"contentUrl\":\"https:\/\/qqpets.com\/wp-content\/uploads\/2024\/09\/airtag-dog-collar1.webp\",\"width\":800,\"height\":800},{\"@type\":\"BreadcrumbList\",\"@id\":\"https:\/\/qqpets.com\/product\/air-tag-dog-collar-case\/#breadcrumb\",\"itemListElement\":[{\"@type\":\"ListItem\",\"position\":1,\"name\":\"Home\",\"item\":\"https:\/\/qqpets.com\/\"},{\"@type\":\"ListItem\",\"position\":2,\"name\":\"Products\",\"item\":\"https:\/\/qqpets.com\/pet-products-manufacturer\/\"},{\"@type\":\"ListItem\",\"position\":3,\"name\":\"Air Tag Dog Collar Case\"}]},{\"@type\":\"WebSite\",\"@id\":\"https:\/\/qqpets.com\/#website\",\"url\":\"https:\/\/qqpets.com\/\",\"name\":\"QQPETS\",\"description\":\"QQPETS is a pet products factory for dog harnesses, dog collars, dog leashes and dog accessories with professional customized service since 2005.\",\"publisher\":{\"@id\":\"https:\/\/qqpets.com\/#organization\"},\"potentialAction\":[{\"@type\":\"SearchAction\",\"target\":{\"@type\":\"EntryPoint\",\"urlTemplate\":\"https:\/\/qqpets.com\/?s={search_term_string}\"},\"query-input\":{\"@type\":\"PropertyValueSpecification\",\"valueRequired\":true,\"valueName\":\"search_term_string\"}}],\"inLanguage\":\"sl-SI\"},{\"@type\":\"Organization\",\"@id\":\"https:\/\/qqpets.com\/#organization\",\"name\":\"QQPETS\",\"url\":\"https:\/\/qqpets.com\/\",\"logo\":{\"@type\":\"ImageObject\",\"inLanguage\":\"sl-SI\",\"@id\":\"https:\/\/qqpets.com\/#\/schema\/logo\/image\/\",\"url\":\"https:\/\/qqpets.com\/wp-content\/uploads\/2023\/09\/cropped-cropped-qqpets-tiktok.jpg\",\"contentUrl\":\"https:\/\/qqpets.com\/wp-content\/uploads\/2023\/09\/cropped-cropped-qqpets-tiktok.jpg\",\"width\":511,\"height\":511,\"caption\":\"QQPETS\"},\"image\":{\"@id\":\"https:\/\/qqpets.com\/#\/schema\/logo\/image\/\"},\"sameAs\":[\"https:\/\/www.facebook.com\/QQpetsdogcollars\",\"https:\/\/www.instagram.com\/qqpetscollar\/\",\"https:\/\/www.pinterest.com\/qqpetsdogcollarsfactory\/\"]}]}<\/script>\n<!-- \/ Yoast SEO plugin. -->","yoast_head_json":{"title":"Air Tag Dog ovratnica primeru | QQPETS","description":"Varen in eleganten etui za ovratnico AirTag, ki je idealen za za\u0161\u010dito sledilne naprave va\u0161ega hi\u0161nega ljubljen\u010dka.","robots":{"index":"index","follow":"follow","max-snippet":"max-snippet:-1","max-image-preview":"max-image-preview:large","max-video-preview":"max-video-preview:-1"},"canonical":"https:\/\/qqpets.com\/sl\/izdelek\/air-tag-dog-collar-case\/","og_locale":"sl_SI","og_type":"article","og_title":"Air Tag Dog Collar Case | QQPETS","og_description":"Secure and stylish AirTag Dog Collar Case, ideal for protecting your pet's tracker.","og_url":"https:\/\/qqpets.com\/sl\/izdelek\/air-tag-dog-collar-case\/","og_site_name":"QQPETS","article_publisher":"https:\/\/www.facebook.com\/QQpetsdogcollars","article_modified_time":"2024-09-30T08:46:41+00:00","og_image":[{"width":800,"height":800,"url":"https:\/\/qqpets.com\/wp-content\/uploads\/2024\/09\/airtag-dog-collar1.webp","type":"image\/webp"}],"twitter_card":"summary_large_image","twitter_misc":{"Est. reading time":"3 minute"},"schema":{"@context":"https:\/\/schema.org","@graph":[{"@type":"WebPage","@id":"https:\/\/qqpets.com\/product\/air-tag-dog-collar-case\/","url":"https:\/\/qqpets.com\/product\/air-tag-dog-collar-case\/","name":"Air Tag Dog ovratnica primeru | QQPETS","isPartOf":{"@id":"https:\/\/qqpets.com\/#website"},"primaryImageOfPage":{"@id":"https:\/\/qqpets.com\/product\/air-tag-dog-collar-case\/#primaryimage"},"image":{"@id":"https:\/\/qqpets.com\/product\/air-tag-dog-collar-case\/#primaryimage"},"thumbnailUrl":"https:\/\/qqpets.com\/wp-content\/uploads\/2024\/09\/airtag-dog-collar1.webp","datePublished":"2024-09-30T08:45:10+00:00","dateModified":"2024-09-30T08:46:41+00:00","description":"Varen in eleganten etui za ovratnico AirTag, ki je idealen za za\u0161\u010dito sledilne naprave va\u0161ega hi\u0161nega ljubljen\u010dka.","breadcrumb":{"@id":"https:\/\/qqpets.com\/product\/air-tag-dog-collar-case\/#breadcrumb"},"inLanguage":"sl-SI","potentialAction":[{"@type":"ReadAction","target":["https:\/\/qqpets.com\/product\/air-tag-dog-collar-case\/"]}]},{"@type":"ImageObject","inLanguage":"sl-SI","@id":"https:\/\/qqpets.com\/product\/air-tag-dog-collar-case\/#primaryimage","url":"https:\/\/qqpets.com\/wp-content\/uploads\/2024\/09\/airtag-dog-collar1.webp","contentUrl":"https:\/\/qqpets.com\/wp-content\/uploads\/2024\/09\/airtag-dog-collar1.webp","width":800,"height":800},{"@type":"BreadcrumbList","@id":"https:\/\/qqpets.com\/product\/air-tag-dog-collar-case\/#breadcrumb","itemListElement":[{"@type":"ListItem","position":1,"name":"Home","item":"https:\/\/qqpets.com\/"},{"@type":"ListItem","position":2,"name":"Products","item":"https:\/\/qqpets.com\/pet-products-manufacturer\/"},{"@type":"ListItem","position":3,"name":"Air Tag Dog Collar Case"}]},{"@type":"WebSite","@id":"https:\/\/qqpets.com\/#website","url":"https:\/\/qqpets.com\/","name":"QQPETS","description":"QQPETS je tovarna izdelkov za hi\u0161ne ljubljen\u010dke za pasje postroje, pasje ovratnice, pasje povodce in pasje dodatke s strokovno prilagojeno storitvijo od leta 2005.","publisher":{"@id":"https:\/\/qqpets.com\/#organization"},"potentialAction":[{"@type":"SearchAction","target":{"@type":"EntryPoint","urlTemplate":"https:\/\/qqpets.com\/?s={search_term_string}"},"query-input":{"@type":"PropertyValueSpecification","valueRequired":true,"valueName":"search_term_string"}}],"inLanguage":"sl-SI"},{"@type":"Organization","@id":"https:\/\/qqpets.com\/#organization","name":"QQPETS","url":"https:\/\/qqpets.com\/","logo":{"@type":"ImageObject","inLanguage":"sl-SI","@id":"https:\/\/qqpets.com\/#\/schema\/logo\/image\/","url":"https:\/\/qqpets.com\/wp-content\/uploads\/2023\/09\/cropped-cropped-qqpets-tiktok.jpg","contentUrl":"https:\/\/qqpets.com\/wp-content\/uploads\/2023\/09\/cropped-cropped-qqpets-tiktok.jpg","width":511,"height":511,"caption":"QQPETS"},"image":{"@id":"https:\/\/qqpets.com\/#\/schema\/logo\/image\/"},"sameAs":["https:\/\/www.facebook.com\/QQpetsdogcollars","https:\/\/www.instagram.com\/qqpetscollar\/","https:\/\/www.pinterest.com\/qqpetsdogcollarsfactory\/"]}]}},"_links":{"self":[{"href":"https:\/\/qqpets.com\/sl\/wp-json\/wp\/v2\/product\/8450","targetHints":{"allow":["GET"]}}],"collection":[{"href":"https:\/\/qqpets.com\/sl\/wp-json\/wp\/v2\/product"}],"about":[{"href":"https:\/\/qqpets.com\/sl\/wp-json\/wp\/v2\/types\/product"}],"wp:featuredmedia":[{"embeddable":true,"href":"https:\/\/qqpets.com\/sl\/wp-json\/wp\/v2\/media\/8451"}],"wp:attachment":[{"href":"https:\/\/qqpets.com\/sl\/wp-json\/wp\/v2\/media?parent=8450"}],"wp:term":[{"taxonomy":"product_brand","embeddable":true,"href":"https:\/\/qqpets.com\/sl\/wp-json\/wp\/v2\/product_brand?post=8450"},{"taxonomy":"product_cat","embeddable":true,"href":"https:\/\/qqpets.com\/sl\/wp-json\/wp\/v2\/product_cat?post=8450"},{"taxonomy":"product_tag","embeddable":true,"href":"https:\/\/qqpets.com\/sl\/wp-json\/wp\/v2\/product_tag?post=8450"}],"curies":[{"name":"wp","href":"https:\/\/api.w.org\/{rel}","templated":true}]}}