{"id":8457,"date":"2024-09-30T17:26:38","date_gmt":"2024-09-30T09:26:38","guid":{"rendered":"https:\/\/qqpets.com\/?post_type=product&#038;p=8457"},"modified":"2024-09-30T17:26:38","modified_gmt":"2024-09-30T09:26:38","slug":"cat-collar-with-bell","status":"publish","type":"product","link":"https:\/\/qqpets.com\/sl\/izdelek\/cat-collar-with-bell\/","title":{"rendered":"Ovratnica za ma\u010dke z zvoncem"},"content":{"rendered":"<p>Predstavljamo vam popolno kombinacijo funkcionalnosti in mode z na\u0161o ovratnico za ma\u010dke z zvon\u010dkom. Ta \u010dudovit dodatek je zasnovan tako, da bo va\u0161a ljubljena ma\u010dka varna in zdrava, hkrati pa bo njenemu vsakdanjemu videzu dodal kan\u010dek elegance.<\/p>\n<p><strong>Klju\u010dne lastnosti:<\/strong><\/p>\n<ul>\n<li><strong>Udobno no\u0161enje:<\/strong> Na\u0161a ovratnica za ma\u010dke je izdelana iz visokokakovostnih in lahkih materialov ter je zasnovana tako, da va\u0161i ma\u010dki zagotavlja celodnevno udobje, ne da bi povzro\u010dala dra\u017eenje.<\/li>\n<li><strong>Varnostni zvonec:<\/strong> Ta ovratnica je opremljena z o\u010darljivim zvon\u010dkom in vam z ne\u017enim zvonjenjem pomaga spremljati, kje je va\u0161a ma\u010dka. Ta funkcija je \u0161e posebej koristna za ma\u010dke, ki se rade prikradejo in raziskujejo, lastnikom pa zagotavlja miren spanec.<\/li>\n<li><strong>Nastavljiva zasnova:<\/strong> Ta ovratnica je enostavno nastavljiva za razli\u010dne velikosti vratu, zato lahko raste skupaj z va\u0161im hi\u0161nim ljubljen\u010dkom od ma\u010dka do odrasle osebe. Varna zaponka zagotavlja, da ovratnica ostane na svojem mestu, vendar jo je po potrebi mogo\u010de enostavno odstraniti ali prilagoditi.<\/li>\n<li><strong>Trajno in pralno:<\/strong> Ta ovratnica je izdelana tako, da prenese vse te\u017eave ma\u010djega \u017eivljenja, je trpe\u017ena in enostavna za \u010di\u0161\u010denje ter ohranja svoj \u017eivahen videz med ne\u0161tetimi pustolov\u0161\u010dinami.<\/li>\n<li><strong>Stilski izbori:<\/strong> Na voljo so v razli\u010dnih barvah in vzorcih, zato lahko izberete popoln slog, ki se ujema z osebnostjo va\u0161e ma\u010dke, da bo postala najbolj elegantna ma\u010dka v bloku.<\/li>\n<\/ul>\n<p>Na\u0161a ovratnica za ma\u010dke z zvon\u010dkom ni le pripomo\u010dek, temve\u010d majhna podrobnost, ki lahko bistveno pove\u010da varnost va\u0161e ma\u010dke na prostem. Zdru\u017euje prakti\u010dnost in slog, zato je nepogre\u0161ljiv izdelek za vsakega lastnika ma\u010dke, ki ceni varnost in udobje svojega ljubljen\u010dka.<\/p>\n<h5><strong>Ali so ovratnice z zvon\u010dki dobre za ma\u010dke?<\/strong><\/h5>\n<p>Ovratnice z zvonci so lahko dobre za ma\u010dke, zlasti za ma\u010dke na prostem, saj zvonec opozarja ptice in druge prosto\u017eive\u010de \u017eivali na prisotnost ma\u010dke, kar lahko zmanj\u0161a uspe\u0161nost lova.<\/p>\n<h5><strong>Kaj pomeni zvonec na ma\u010dji ovratnici?<\/strong><\/h5>\n<p>Zvon\u010dek na ovratnici obi\u010dajno pomeni, da je ma\u010dka hi\u0161na ljubljenka, ki \u017eivi na prostem. Zvonec pomaga spremljati gibanje ma\u010dke in lahko opozori plen, kot so ptice in majhni sesalci, da se jim ma\u010dka pribli\u017euje.<\/p>\n<h5><strong>Ali bo zvonec ustavil mojo ma\u010dko pri lovu?<\/strong><\/h5>\n<p>Zvonec ma\u010dke morda ne bo popolnoma odvrnil od lova, lahko pa zmanj\u0161a njene mo\u017enosti za ulov plena, saj z zvokom opozori potencialne tar\u010de, ko se ma\u010dka premika.<\/p>\n<h5><strong>Bi morale ma\u010dke ves \u010das nositi ovratnice?<\/strong><\/h5>\n<p>Ma\u010dke, ki se gibljejo na prostem, morajo zaradi identifikacije in varnosti ves \u010das nositi ovratnice. Vendar poskrbite, da je ovratnica odklopljiva, da se lahko zlahka odklopi, \u010de se za kaj ujame, in tako prepre\u010dite po\u0161kodbe. Notranjim ma\u010dkam morda ne bo treba stalno nositi ovratnic, odvisno od \u017eelja lastnika in tolerance ma\u010dke.<\/p>","protected":false},"excerpt":{"rendered":"<p>Pove\u010dajte varnost in slog svoje ma\u010dke z na\u0161o ovratnico za ma\u010dke z zvoncem. Ta nastavljiva ovratnica ima varno zaponko in \u017eivahen zvonec, ki vam pomaga spremljati gibanje va\u0161ega ljubljen\u010dka. Izdelana je iz mehkih in trpe\u017enih materialov, zato zagotavlja udobje in dolgo \u017eivljenjsko dobo. Zvonec doda pridih muhavosti, hkrati pa slu\u017ei prakti\u010dnemu namenu opozarjanja ptic in drugih divjih \u017eivali, zato je popolna izbira za pustolovce na prostem ali raziskovalce v zaprtih prostorih.<\/p>","protected":false},"featured_media":8459,"template":"","meta":[],"product_brand":[],"product_cat":[26],"product_tag":[],"class_list":{"0":"post-8457","1":"product","2":"type-product","3":"status-publish","4":"has-post-thumbnail","6":"product_cat-dog-collar","7":"pa_brand-qqpets","9":"first","10":"instock","11":"shipping-taxable","12":"product-type-simple"},"yoast_head":"<!-- This site is optimized with the Yoast SEO plugin v26.6 - https:\/\/yoast.com\/wordpress\/plugins\/seo\/ -->\n<title>Cat Collar With Bell | QQPETS<\/title>\n<meta name=\"description\" content=\"Charming Cat Collar with Bell, designed for safety and style, perfect for your feline friend.\" \/>\n<meta name=\"robots\" content=\"index, follow, max-snippet:-1, max-image-preview:large, max-video-preview:-1\" \/>\n<link rel=\"canonical\" href=\"https:\/\/qqpets.com\/sl\/izdelek\/cat-collar-with-bell\/\" \/>\n<meta property=\"og:locale\" content=\"sl_SI\" \/>\n<meta property=\"og:type\" content=\"article\" \/>\n<meta property=\"og:title\" content=\"Cat Collar With Bell | QQPETS\" \/>\n<meta property=\"og:description\" content=\"Charming Cat Collar with Bell, designed for safety and style, perfect for your feline friend.\" \/>\n<meta property=\"og:url\" content=\"https:\/\/qqpets.com\/sl\/izdelek\/cat-collar-with-bell\/\" \/>\n<meta property=\"og:site_name\" content=\"QQPETS\" \/>\n<meta property=\"article:publisher\" content=\"https:\/\/www.facebook.com\/QQpetsdogcollars\" \/>\n<meta property=\"og:image\" content=\"https:\/\/qqpets.com\/wp-content\/uploads\/2024\/09\/cat-collar-with-bell1.webp\" \/>\n\t<meta property=\"og:image:width\" content=\"800\" \/>\n\t<meta property=\"og:image:height\" content=\"800\" \/>\n\t<meta property=\"og:image:type\" content=\"image\/webp\" \/>\n<meta name=\"twitter:card\" content=\"summary_large_image\" \/>\n<meta name=\"twitter:label1\" content=\"Est. reading time\" \/>\n\t<meta name=\"twitter:data1\" content=\"3 minute\" \/>\n<script type=\"application\/ld+json\" class=\"yoast-schema-graph\">{\"@context\":\"https:\/\/schema.org\",\"@graph\":[{\"@type\":\"WebPage\",\"@id\":\"https:\/\/qqpets.com\/product\/cat-collar-with-bell\/\",\"url\":\"https:\/\/qqpets.com\/product\/cat-collar-with-bell\/\",\"name\":\"Cat Collar With Bell | QQPETS\",\"isPartOf\":{\"@id\":\"https:\/\/qqpets.com\/#website\"},\"primaryImageOfPage\":{\"@id\":\"https:\/\/qqpets.com\/product\/cat-collar-with-bell\/#primaryimage\"},\"image\":{\"@id\":\"https:\/\/qqpets.com\/product\/cat-collar-with-bell\/#primaryimage\"},\"thumbnailUrl\":\"https:\/\/qqpets.com\/wp-content\/uploads\/2024\/09\/cat-collar-with-bell1.webp\",\"datePublished\":\"2024-09-30T09:26:38+00:00\",\"description\":\"Charming Cat Collar with Bell, designed for safety and style, perfect for your feline friend.\",\"breadcrumb\":{\"@id\":\"https:\/\/qqpets.com\/product\/cat-collar-with-bell\/#breadcrumb\"},\"inLanguage\":\"sl-SI\",\"potentialAction\":[{\"@type\":\"ReadAction\",\"target\":[\"https:\/\/qqpets.com\/product\/cat-collar-with-bell\/\"]}]},{\"@type\":\"ImageObject\",\"inLanguage\":\"sl-SI\",\"@id\":\"https:\/\/qqpets.com\/product\/cat-collar-with-bell\/#primaryimage\",\"url\":\"https:\/\/qqpets.com\/wp-content\/uploads\/2024\/09\/cat-collar-with-bell1.webp\",\"contentUrl\":\"https:\/\/qqpets.com\/wp-content\/uploads\/2024\/09\/cat-collar-with-bell1.webp\",\"width\":800,\"height\":800},{\"@type\":\"BreadcrumbList\",\"@id\":\"https:\/\/qqpets.com\/product\/cat-collar-with-bell\/#breadcrumb\",\"itemListElement\":[{\"@type\":\"ListItem\",\"position\":1,\"name\":\"Home\",\"item\":\"https:\/\/qqpets.com\/\"},{\"@type\":\"ListItem\",\"position\":2,\"name\":\"Products\",\"item\":\"https:\/\/qqpets.com\/pet-products-manufacturer\/\"},{\"@type\":\"ListItem\",\"position\":3,\"name\":\"Cat Collar With Bell\"}]},{\"@type\":\"WebSite\",\"@id\":\"https:\/\/qqpets.com\/#website\",\"url\":\"https:\/\/qqpets.com\/\",\"name\":\"QQPETS\",\"description\":\"QQPETS is a pet products factory for dog harnesses, dog collars, dog leashes and dog accessories with professional customized service since 2005.\",\"publisher\":{\"@id\":\"https:\/\/qqpets.com\/#organization\"},\"potentialAction\":[{\"@type\":\"SearchAction\",\"target\":{\"@type\":\"EntryPoint\",\"urlTemplate\":\"https:\/\/qqpets.com\/?s={search_term_string}\"},\"query-input\":{\"@type\":\"PropertyValueSpecification\",\"valueRequired\":true,\"valueName\":\"search_term_string\"}}],\"inLanguage\":\"sl-SI\"},{\"@type\":\"Organization\",\"@id\":\"https:\/\/qqpets.com\/#organization\",\"name\":\"QQPETS\",\"url\":\"https:\/\/qqpets.com\/\",\"logo\":{\"@type\":\"ImageObject\",\"inLanguage\":\"sl-SI\",\"@id\":\"https:\/\/qqpets.com\/#\/schema\/logo\/image\/\",\"url\":\"https:\/\/qqpets.com\/wp-content\/uploads\/2023\/09\/cropped-cropped-qqpets-tiktok.jpg\",\"contentUrl\":\"https:\/\/qqpets.com\/wp-content\/uploads\/2023\/09\/cropped-cropped-qqpets-tiktok.jpg\",\"width\":511,\"height\":511,\"caption\":\"QQPETS\"},\"image\":{\"@id\":\"https:\/\/qqpets.com\/#\/schema\/logo\/image\/\"},\"sameAs\":[\"https:\/\/www.facebook.com\/QQpetsdogcollars\",\"https:\/\/www.instagram.com\/qqpetscollar\/\",\"https:\/\/www.pinterest.com\/qqpetsdogcollarsfactory\/\"]}]}<\/script>\n<!-- \/ Yoast SEO plugin. -->","yoast_head_json":{"title":"Ovratnica za ma\u010dke z zvoncem | QQPETS","description":"O\u010darljiva ovratnica za ma\u010dke z zvon\u010dkom, zasnovana za varnost in slog, kot nala\u0161\u010d za va\u0161ega ma\u010djega prijatelja.","robots":{"index":"index","follow":"follow","max-snippet":"max-snippet:-1","max-image-preview":"max-image-preview:large","max-video-preview":"max-video-preview:-1"},"canonical":"https:\/\/qqpets.com\/sl\/izdelek\/cat-collar-with-bell\/","og_locale":"sl_SI","og_type":"article","og_title":"Cat Collar With Bell | QQPETS","og_description":"Charming Cat Collar with Bell, designed for safety and style, perfect for your feline friend.","og_url":"https:\/\/qqpets.com\/sl\/izdelek\/cat-collar-with-bell\/","og_site_name":"QQPETS","article_publisher":"https:\/\/www.facebook.com\/QQpetsdogcollars","og_image":[{"width":800,"height":800,"url":"https:\/\/qqpets.com\/wp-content\/uploads\/2024\/09\/cat-collar-with-bell1.webp","type":"image\/webp"}],"twitter_card":"summary_large_image","twitter_misc":{"Est. reading time":"3 minute"},"schema":{"@context":"https:\/\/schema.org","@graph":[{"@type":"WebPage","@id":"https:\/\/qqpets.com\/product\/cat-collar-with-bell\/","url":"https:\/\/qqpets.com\/product\/cat-collar-with-bell\/","name":"Ovratnica za ma\u010dke z zvoncem | QQPETS","isPartOf":{"@id":"https:\/\/qqpets.com\/#website"},"primaryImageOfPage":{"@id":"https:\/\/qqpets.com\/product\/cat-collar-with-bell\/#primaryimage"},"image":{"@id":"https:\/\/qqpets.com\/product\/cat-collar-with-bell\/#primaryimage"},"thumbnailUrl":"https:\/\/qqpets.com\/wp-content\/uploads\/2024\/09\/cat-collar-with-bell1.webp","datePublished":"2024-09-30T09:26:38+00:00","description":"O\u010darljiva ovratnica za ma\u010dke z zvon\u010dkom, zasnovana za varnost in slog, kot nala\u0161\u010d za va\u0161ega ma\u010djega prijatelja.","breadcrumb":{"@id":"https:\/\/qqpets.com\/product\/cat-collar-with-bell\/#breadcrumb"},"inLanguage":"sl-SI","potentialAction":[{"@type":"ReadAction","target":["https:\/\/qqpets.com\/product\/cat-collar-with-bell\/"]}]},{"@type":"ImageObject","inLanguage":"sl-SI","@id":"https:\/\/qqpets.com\/product\/cat-collar-with-bell\/#primaryimage","url":"https:\/\/qqpets.com\/wp-content\/uploads\/2024\/09\/cat-collar-with-bell1.webp","contentUrl":"https:\/\/qqpets.com\/wp-content\/uploads\/2024\/09\/cat-collar-with-bell1.webp","width":800,"height":800},{"@type":"BreadcrumbList","@id":"https:\/\/qqpets.com\/product\/cat-collar-with-bell\/#breadcrumb","itemListElement":[{"@type":"ListItem","position":1,"name":"Home","item":"https:\/\/qqpets.com\/"},{"@type":"ListItem","position":2,"name":"Products","item":"https:\/\/qqpets.com\/pet-products-manufacturer\/"},{"@type":"ListItem","position":3,"name":"Cat Collar With Bell"}]},{"@type":"WebSite","@id":"https:\/\/qqpets.com\/#website","url":"https:\/\/qqpets.com\/","name":"QQPETS","description":"QQPETS je tovarna izdelkov za hi\u0161ne ljubljen\u010dke za pasje postroje, pasje ovratnice, pasje povodce in pasje dodatke s strokovno prilagojeno storitvijo od leta 2005.","publisher":{"@id":"https:\/\/qqpets.com\/#organization"},"potentialAction":[{"@type":"SearchAction","target":{"@type":"EntryPoint","urlTemplate":"https:\/\/qqpets.com\/?s={search_term_string}"},"query-input":{"@type":"PropertyValueSpecification","valueRequired":true,"valueName":"search_term_string"}}],"inLanguage":"sl-SI"},{"@type":"Organization","@id":"https:\/\/qqpets.com\/#organization","name":"QQPETS","url":"https:\/\/qqpets.com\/","logo":{"@type":"ImageObject","inLanguage":"sl-SI","@id":"https:\/\/qqpets.com\/#\/schema\/logo\/image\/","url":"https:\/\/qqpets.com\/wp-content\/uploads\/2023\/09\/cropped-cropped-qqpets-tiktok.jpg","contentUrl":"https:\/\/qqpets.com\/wp-content\/uploads\/2023\/09\/cropped-cropped-qqpets-tiktok.jpg","width":511,"height":511,"caption":"QQPETS"},"image":{"@id":"https:\/\/qqpets.com\/#\/schema\/logo\/image\/"},"sameAs":["https:\/\/www.facebook.com\/QQpetsdogcollars","https:\/\/www.instagram.com\/qqpetscollar\/","https:\/\/www.pinterest.com\/qqpetsdogcollarsfactory\/"]}]}},"_links":{"self":[{"href":"https:\/\/qqpets.com\/sl\/wp-json\/wp\/v2\/product\/8457","targetHints":{"allow":["GET"]}}],"collection":[{"href":"https:\/\/qqpets.com\/sl\/wp-json\/wp\/v2\/product"}],"about":[{"href":"https:\/\/qqpets.com\/sl\/wp-json\/wp\/v2\/types\/product"}],"wp:featuredmedia":[{"embeddable":true,"href":"https:\/\/qqpets.com\/sl\/wp-json\/wp\/v2\/media\/8459"}],"wp:attachment":[{"href":"https:\/\/qqpets.com\/sl\/wp-json\/wp\/v2\/media?parent=8457"}],"wp:term":[{"taxonomy":"product_brand","embeddable":true,"href":"https:\/\/qqpets.com\/sl\/wp-json\/wp\/v2\/product_brand?post=8457"},{"taxonomy":"product_cat","embeddable":true,"href":"https:\/\/qqpets.com\/sl\/wp-json\/wp\/v2\/product_cat?post=8457"},{"taxonomy":"product_tag","embeddable":true,"href":"https:\/\/qqpets.com\/sl\/wp-json\/wp\/v2\/product_tag?post=8457"}],"curies":[{"name":"wp","href":"https:\/\/api.w.org\/{rel}","templated":true}]}}