{"id":9207,"date":"2024-11-11T14:31:06","date_gmt":"2024-11-11T06:31:06","guid":{"rendered":"https:\/\/qqpets.com\/?post_type=product&#038;p=9207"},"modified":"2024-11-11T14:31:06","modified_gmt":"2024-11-11T06:31:06","slug":"no-pull-dog-leash","status":"publish","type":"product","link":"https:\/\/qqpets.com\/sl\/izdelek\/no-pull-dog-leash\/","title":{"rendered":"Povodec za pse brez vleka"},"content":{"rendered":"<p>Izbolj\u0161ajte svojo ponudbo izdelkov z na\u0161im povodcem Bungee No Pull, ki je bil izdelan za ve\u010djo varnost in udobje med vo\u017enjo z avtomobilom in sprehodi. V ta povodec je vgrajen robusten sistem zaponke za avtomobilski sede\u017e, ki je zasnovan tako, da va\u0161ega ljubljen\u010dka zavaruje v vozilu, hkrati pa prepre\u010duje nenadne premike ali nelagodje. Mehanizem bungee omogo\u010da elasti\u010dno raztezanje, ki absorbira udarce in zmanj\u0161uje obremenitev tako hi\u0161nega ljubljen\u010dka kot lastnika, kar je idealno za u\u010dinkovito prepre\u010devanje vle\u010denja.<\/p>\n<p>Povodec je izdelan iz visokokakovostnih in trpe\u017enih materialov, kar zagotavlja dolgo \u017eivljenjsko dobo in zanesljivost pri pogosti uporabi. Zaradi svoje vsestranskosti je odli\u010dna izbira za lastnike \u017eivali, ki pogosto potujejo s svojimi ljubljen\u010dki in i\u0161\u010dejo varno, udobno in neproblemati\u010dno re\u0161itev. Prilagodite povodec z edinstvenim logotipom svoje blagovne znamke in izbirajte med razli\u010dnimi vzorci, da bo resni\u010dno va\u0161. Ta izdelek ne izpolnjuje le najvi\u0161jih standardov kakovosti, temve\u010d ponuja tudi prilagodljivost prilagajanja, da se popolnoma ujema s potrebami po blagovni znamki va\u0161ih strank B2B.<\/p>","protected":false},"excerpt":{"rendered":"<p>Odkrijte najbolj\u0161o re\u0161itev za varne in udobne pasje sprehode z na\u0161im povodcem Bungee No Pull. Ta inovativni povodec vklju\u010duje zaponko za avtomobilski sede\u017e, ki zagotavlja varnost va\u0161ega ljubljen\u010dka med vo\u017enjo. Elasti\u010dna bungee vrvica je zasnovana tako, da prepre\u010duje vle\u010denje, zagotavlja ne\u017eno korekcijo, hkrati pa je dovolj raztegljiva, da se udobno prilagodi gibanju va\u0161ega ljubljen\u010dka. Odli\u010dno za aktivne pse in voznike, ki cenijo varnost in udobje. Prilagodite z logotipom svoje blagovne znamke in edinstvenimi vzorci, da ta nepogre\u0161ljivi pripomo\u010dek uskladite z identiteto svojega podjetja.<\/p>","protected":false},"featured_media":9216,"template":"","meta":[],"product_brand":[],"product_cat":[27],"product_tag":[],"class_list":{"0":"post-9207","1":"product","2":"type-product","3":"status-publish","4":"has-post-thumbnail","6":"product_cat-dog-leash","7":"pa_brand-qqpets","9":"first","10":"instock","11":"shipping-taxable","12":"product-type-simple"},"yoast_head":"<!-- This site is optimized with the Yoast SEO plugin v26.6 - https:\/\/yoast.com\/wordpress\/plugins\/seo\/ -->\n<title>No Pull Dog Leash | QQPETS<\/title>\n<meta name=\"description\" content=\"Enhance pet safety and comfort with our Bungee No Pull Dog Leash featuring a built-in car seat buckle.\" \/>\n<meta name=\"robots\" content=\"index, follow, max-snippet:-1, max-image-preview:large, max-video-preview:-1\" \/>\n<link rel=\"canonical\" href=\"https:\/\/qqpets.com\/sl\/izdelek\/no-pull-dog-leash\/\" \/>\n<meta property=\"og:locale\" content=\"sl_SI\" \/>\n<meta property=\"og:type\" content=\"article\" \/>\n<meta property=\"og:title\" content=\"No Pull Dog Leash | QQPETS\" \/>\n<meta property=\"og:description\" content=\"Enhance pet safety and comfort with our Bungee No Pull Dog Leash featuring a built-in car seat buckle.\" \/>\n<meta property=\"og:url\" content=\"https:\/\/qqpets.com\/sl\/izdelek\/no-pull-dog-leash\/\" \/>\n<meta property=\"og:site_name\" content=\"QQPETS\" \/>\n<meta property=\"article:publisher\" content=\"https:\/\/www.facebook.com\/QQpetsdogcollars\" \/>\n<meta property=\"og:image\" content=\"https:\/\/qqpets.com\/wp-content\/uploads\/2024\/11\/no-pull-dog-leash9.webp\" \/>\n\t<meta property=\"og:image:width\" content=\"800\" \/>\n\t<meta property=\"og:image:height\" content=\"800\" \/>\n\t<meta property=\"og:image:type\" content=\"image\/webp\" \/>\n<meta name=\"twitter:card\" content=\"summary_large_image\" \/>\n<meta name=\"twitter:label1\" content=\"Est. reading time\" \/>\n\t<meta name=\"twitter:data1\" content=\"1 minuta\" \/>\n<script type=\"application\/ld+json\" class=\"yoast-schema-graph\">{\"@context\":\"https:\/\/schema.org\",\"@graph\":[{\"@type\":\"WebPage\",\"@id\":\"https:\/\/qqpets.com\/product\/no-pull-dog-leash\/\",\"url\":\"https:\/\/qqpets.com\/product\/no-pull-dog-leash\/\",\"name\":\"No Pull Dog Leash | QQPETS\",\"isPartOf\":{\"@id\":\"https:\/\/qqpets.com\/#website\"},\"primaryImageOfPage\":{\"@id\":\"https:\/\/qqpets.com\/product\/no-pull-dog-leash\/#primaryimage\"},\"image\":{\"@id\":\"https:\/\/qqpets.com\/product\/no-pull-dog-leash\/#primaryimage\"},\"thumbnailUrl\":\"https:\/\/qqpets.com\/wp-content\/uploads\/2024\/11\/no-pull-dog-leash9.webp\",\"datePublished\":\"2024-11-11T06:31:06+00:00\",\"description\":\"Enhance pet safety and comfort with our Bungee No Pull Dog Leash featuring a built-in car seat buckle.\",\"breadcrumb\":{\"@id\":\"https:\/\/qqpets.com\/product\/no-pull-dog-leash\/#breadcrumb\"},\"inLanguage\":\"sl-SI\",\"potentialAction\":[{\"@type\":\"ReadAction\",\"target\":[\"https:\/\/qqpets.com\/product\/no-pull-dog-leash\/\"]}]},{\"@type\":\"ImageObject\",\"inLanguage\":\"sl-SI\",\"@id\":\"https:\/\/qqpets.com\/product\/no-pull-dog-leash\/#primaryimage\",\"url\":\"https:\/\/qqpets.com\/wp-content\/uploads\/2024\/11\/no-pull-dog-leash9.webp\",\"contentUrl\":\"https:\/\/qqpets.com\/wp-content\/uploads\/2024\/11\/no-pull-dog-leash9.webp\",\"width\":800,\"height\":800},{\"@type\":\"BreadcrumbList\",\"@id\":\"https:\/\/qqpets.com\/product\/no-pull-dog-leash\/#breadcrumb\",\"itemListElement\":[{\"@type\":\"ListItem\",\"position\":1,\"name\":\"Home\",\"item\":\"https:\/\/qqpets.com\/\"},{\"@type\":\"ListItem\",\"position\":2,\"name\":\"Products\",\"item\":\"https:\/\/qqpets.com\/pet-products-manufacturer\/\"},{\"@type\":\"ListItem\",\"position\":3,\"name\":\"No Pull Dog Leash\"}]},{\"@type\":\"WebSite\",\"@id\":\"https:\/\/qqpets.com\/#website\",\"url\":\"https:\/\/qqpets.com\/\",\"name\":\"QQPETS\",\"description\":\"QQPETS is a pet products factory for dog harnesses, dog collars, dog leashes and dog accessories with professional customized service since 2005.\",\"publisher\":{\"@id\":\"https:\/\/qqpets.com\/#organization\"},\"potentialAction\":[{\"@type\":\"SearchAction\",\"target\":{\"@type\":\"EntryPoint\",\"urlTemplate\":\"https:\/\/qqpets.com\/?s={search_term_string}\"},\"query-input\":{\"@type\":\"PropertyValueSpecification\",\"valueRequired\":true,\"valueName\":\"search_term_string\"}}],\"inLanguage\":\"sl-SI\"},{\"@type\":\"Organization\",\"@id\":\"https:\/\/qqpets.com\/#organization\",\"name\":\"QQPETS\",\"url\":\"https:\/\/qqpets.com\/\",\"logo\":{\"@type\":\"ImageObject\",\"inLanguage\":\"sl-SI\",\"@id\":\"https:\/\/qqpets.com\/#\/schema\/logo\/image\/\",\"url\":\"https:\/\/qqpets.com\/wp-content\/uploads\/2023\/09\/cropped-cropped-qqpets-tiktok.jpg\",\"contentUrl\":\"https:\/\/qqpets.com\/wp-content\/uploads\/2023\/09\/cropped-cropped-qqpets-tiktok.jpg\",\"width\":511,\"height\":511,\"caption\":\"QQPETS\"},\"image\":{\"@id\":\"https:\/\/qqpets.com\/#\/schema\/logo\/image\/\"},\"sameAs\":[\"https:\/\/www.facebook.com\/QQpetsdogcollars\",\"https:\/\/www.instagram.com\/qqpetscollar\/\",\"https:\/\/www.pinterest.com\/qqpetsdogcollarsfactory\/\"]}]}<\/script>\n<!-- \/ Yoast SEO plugin. -->","yoast_head_json":{"title":"Vodilo za pse brez vleka | QQPETS","description":"Pove\u010dajte varnost in udobje hi\u0161nih ljubljen\u010dkov z na\u0161im povodcem Bungee No Pull z vgrajeno sponko za avtomobilski sede\u017e.","robots":{"index":"index","follow":"follow","max-snippet":"max-snippet:-1","max-image-preview":"max-image-preview:large","max-video-preview":"max-video-preview:-1"},"canonical":"https:\/\/qqpets.com\/sl\/izdelek\/no-pull-dog-leash\/","og_locale":"sl_SI","og_type":"article","og_title":"No Pull Dog Leash | QQPETS","og_description":"Enhance pet safety and comfort with our Bungee No Pull Dog Leash featuring a built-in car seat buckle.","og_url":"https:\/\/qqpets.com\/sl\/izdelek\/no-pull-dog-leash\/","og_site_name":"QQPETS","article_publisher":"https:\/\/www.facebook.com\/QQpetsdogcollars","og_image":[{"width":800,"height":800,"url":"https:\/\/qqpets.com\/wp-content\/uploads\/2024\/11\/no-pull-dog-leash9.webp","type":"image\/webp"}],"twitter_card":"summary_large_image","twitter_misc":{"Est. reading time":"1 minuta"},"schema":{"@context":"https:\/\/schema.org","@graph":[{"@type":"WebPage","@id":"https:\/\/qqpets.com\/product\/no-pull-dog-leash\/","url":"https:\/\/qqpets.com\/product\/no-pull-dog-leash\/","name":"Vodilo za pse brez vleka | QQPETS","isPartOf":{"@id":"https:\/\/qqpets.com\/#website"},"primaryImageOfPage":{"@id":"https:\/\/qqpets.com\/product\/no-pull-dog-leash\/#primaryimage"},"image":{"@id":"https:\/\/qqpets.com\/product\/no-pull-dog-leash\/#primaryimage"},"thumbnailUrl":"https:\/\/qqpets.com\/wp-content\/uploads\/2024\/11\/no-pull-dog-leash9.webp","datePublished":"2024-11-11T06:31:06+00:00","description":"Pove\u010dajte varnost in udobje hi\u0161nih ljubljen\u010dkov z na\u0161im povodcem Bungee No Pull z vgrajeno sponko za avtomobilski sede\u017e.","breadcrumb":{"@id":"https:\/\/qqpets.com\/product\/no-pull-dog-leash\/#breadcrumb"},"inLanguage":"sl-SI","potentialAction":[{"@type":"ReadAction","target":["https:\/\/qqpets.com\/product\/no-pull-dog-leash\/"]}]},{"@type":"ImageObject","inLanguage":"sl-SI","@id":"https:\/\/qqpets.com\/product\/no-pull-dog-leash\/#primaryimage","url":"https:\/\/qqpets.com\/wp-content\/uploads\/2024\/11\/no-pull-dog-leash9.webp","contentUrl":"https:\/\/qqpets.com\/wp-content\/uploads\/2024\/11\/no-pull-dog-leash9.webp","width":800,"height":800},{"@type":"BreadcrumbList","@id":"https:\/\/qqpets.com\/product\/no-pull-dog-leash\/#breadcrumb","itemListElement":[{"@type":"ListItem","position":1,"name":"Home","item":"https:\/\/qqpets.com\/"},{"@type":"ListItem","position":2,"name":"Products","item":"https:\/\/qqpets.com\/pet-products-manufacturer\/"},{"@type":"ListItem","position":3,"name":"No Pull Dog Leash"}]},{"@type":"WebSite","@id":"https:\/\/qqpets.com\/#website","url":"https:\/\/qqpets.com\/","name":"QQPETS","description":"QQPETS je tovarna izdelkov za hi\u0161ne ljubljen\u010dke za pasje postroje, pasje ovratnice, pasje povodce in pasje dodatke s strokovno prilagojeno storitvijo od leta 2005.","publisher":{"@id":"https:\/\/qqpets.com\/#organization"},"potentialAction":[{"@type":"SearchAction","target":{"@type":"EntryPoint","urlTemplate":"https:\/\/qqpets.com\/?s={search_term_string}"},"query-input":{"@type":"PropertyValueSpecification","valueRequired":true,"valueName":"search_term_string"}}],"inLanguage":"sl-SI"},{"@type":"Organization","@id":"https:\/\/qqpets.com\/#organization","name":"QQPETS","url":"https:\/\/qqpets.com\/","logo":{"@type":"ImageObject","inLanguage":"sl-SI","@id":"https:\/\/qqpets.com\/#\/schema\/logo\/image\/","url":"https:\/\/qqpets.com\/wp-content\/uploads\/2023\/09\/cropped-cropped-qqpets-tiktok.jpg","contentUrl":"https:\/\/qqpets.com\/wp-content\/uploads\/2023\/09\/cropped-cropped-qqpets-tiktok.jpg","width":511,"height":511,"caption":"QQPETS"},"image":{"@id":"https:\/\/qqpets.com\/#\/schema\/logo\/image\/"},"sameAs":["https:\/\/www.facebook.com\/QQpetsdogcollars","https:\/\/www.instagram.com\/qqpetscollar\/","https:\/\/www.pinterest.com\/qqpetsdogcollarsfactory\/"]}]}},"_links":{"self":[{"href":"https:\/\/qqpets.com\/sl\/wp-json\/wp\/v2\/product\/9207","targetHints":{"allow":["GET"]}}],"collection":[{"href":"https:\/\/qqpets.com\/sl\/wp-json\/wp\/v2\/product"}],"about":[{"href":"https:\/\/qqpets.com\/sl\/wp-json\/wp\/v2\/types\/product"}],"wp:featuredmedia":[{"embeddable":true,"href":"https:\/\/qqpets.com\/sl\/wp-json\/wp\/v2\/media\/9216"}],"wp:attachment":[{"href":"https:\/\/qqpets.com\/sl\/wp-json\/wp\/v2\/media?parent=9207"}],"wp:term":[{"taxonomy":"product_brand","embeddable":true,"href":"https:\/\/qqpets.com\/sl\/wp-json\/wp\/v2\/product_brand?post=9207"},{"taxonomy":"product_cat","embeddable":true,"href":"https:\/\/qqpets.com\/sl\/wp-json\/wp\/v2\/product_cat?post=9207"},{"taxonomy":"product_tag","embeddable":true,"href":"https:\/\/qqpets.com\/sl\/wp-json\/wp\/v2\/product_tag?post=9207"}],"curies":[{"name":"wp","href":"https:\/\/api.w.org\/{rel}","templated":true}]}}