{"id":9261,"date":"2024-11-13T16:07:37","date_gmt":"2024-11-13T08:07:37","guid":{"rendered":"https:\/\/qqpets.com\/?post_type=product&#038;p=9261"},"modified":"2024-11-13T16:07:37","modified_gmt":"2024-11-13T08:07:37","slug":"pvc-poop-bag-holder","status":"publish","type":"product","link":"https:\/\/qqpets.com\/sl\/izdelek\/pvc-poop-bag-holder\/","title":{"rendered":"PVC dr\u017ealo za vre\u010dke za kakce"},"content":{"rendered":"<p>Dr\u017ealo za vre\u010dko za kakce iz PVC je nepogre\u0161ljiv pripomo\u010dek za lastnike hi\u0161nih ljubljen\u010dkov, ki cenijo slog in funkcionalnost. To dr\u017ealo za vre\u010dke je izdelano iz trpe\u017enega, okolju prijaznega PVC materiala in je zasnovano tako, da je odporno na vsakodnevno uporabo, hkrati pa je lahko in enostavno za prena\u0161anje. Njegova vodoodporna in za \u010di\u0161\u010denje enostavna povr\u0161ina zagotavlja, da ostane higieni\u010den in prakti\u010den v vseh vremenskih razmerah, zato je idealen za pustolov\u0161\u010dine s hi\u0161nimi ljubljen\u010dki na prostem.<\/p>\n<p>Dr\u017ealo za vre\u010dke je zasnovano z mislijo na udobje in se zlahka pritrdi na povodce, pasove, torbe ali pasove, tako da so vre\u010dke za odpadke hitro dosegljive. Kompaktna in elegantna oblika omogo\u010da lastnikom hi\u0161nih ljubljen\u010dkov, da ga brez te\u017eav prena\u0161ajo, varno zapiranje pa poskrbi, da so vre\u010dke varno shranjene, dokler jih ne potrebujejo.<\/p>\n<p>To dr\u017ealo za vre\u010dke za kakce iz PVC ponuja neskon\u010dne mo\u017enosti prilagajanja. Podpiramo tiskanje logotipov in vzorcev po meri, kar blagovnim znamkam hi\u0161nih ljubljen\u010dkov omogo\u010da, da nosilec prilagodijo z elementi blagovne znamke, ki dajejo izjavo. Ne glede na to, ali ste trgovina za hi\u0161ne ljubljen\u010dke, spletni trgovec ali distributer, to prilagodljivo dr\u017ealo zagotavlja edinstveno re\u0161itev z blagovno znamko, ki se odziva pri sodobnih lastnikih hi\u0161nih ljubljen\u010dkov, ki i\u0161\u010dejo funkcionalne in hkrati elegantne dodatke. Raz\u0161irite svojo linijo izdelkov z zelo iskanim, prakti\u010dnim izdelkom, ki prina\u0161a vrednost in prepoznavnost va\u0161e blagovne znamke.<\/p>","protected":false},"excerpt":{"rendered":"<p>Na\u0161e dr\u017ealo za vre\u010dke za iztrebke iz PVC zdru\u017euje vzdr\u017eljivost, priro\u010dnost in prilagajanje za blagovne znamke hi\u0161nih ljubljen\u010dkov, ki \u017eelijo ponuditi prakti\u010dne re\u0161itve za odstranjevanje odpadkov hi\u0161nih ljubljen\u010dkov. To dr\u017ealo za vre\u010dke je izdelano iz visokokakovostnega PVC, je lahko, vodoodporno in enostavno za \u010di\u0161\u010denje. Varno se pritrdi na povodce, jermene ali vre\u010dke, s \u010dimer lastnikom hi\u0161nih ljubljen\u010dkov zagotovi, da imajo na sprehodih vre\u010dke za iztrebke vedno na voljo. To dr\u017ealo je kot nala\u0161\u010d za stranke B2B, saj ga je mogo\u010de prilagoditi z logotipi in edinstvenimi vzorci, kar pove\u010da prepoznavnost blagovne znamke. Idealen je za trgovine za hi\u0161ne ljubljen\u010dke, spletne trgovce na drobno in veletrgovce, ki \u017eelijo svojim strankam zagotoviti funkcionalen, a hkrati eleganten izdelek.<\/p>","protected":false},"featured_media":9262,"template":"","meta":[],"product_brand":[],"product_cat":[58],"product_tag":[],"class_list":{"0":"post-9261","1":"product","2":"type-product","3":"status-publish","4":"has-post-thumbnail","6":"product_cat-accessories","8":"first","9":"instock","10":"shipping-taxable","11":"product-type-simple"},"yoast_head":"<!-- This site is optimized with the Yoast SEO plugin v26.6 - https:\/\/yoast.com\/wordpress\/plugins\/seo\/ -->\n<title>PVC Poop Bag Holder | QQPETS<\/title>\n<meta name=\"description\" content=\"Durable and stylish PVC Poop Bag Holder for pet waste bags. Ideal for B2B buyers seeking custom logos and patterns. Practical, easy-to-carry design for pet owners.\" \/>\n<meta name=\"robots\" content=\"index, follow, max-snippet:-1, max-image-preview:large, max-video-preview:-1\" \/>\n<link rel=\"canonical\" href=\"https:\/\/qqpets.com\/sl\/izdelek\/pvc-poop-bag-holder\/\" \/>\n<meta property=\"og:locale\" content=\"sl_SI\" \/>\n<meta property=\"og:type\" content=\"article\" \/>\n<meta property=\"og:title\" content=\"PVC Poop Bag Holder | QQPETS\" \/>\n<meta property=\"og:description\" content=\"Durable and stylish PVC Poop Bag Holder for pet waste bags. Ideal for B2B buyers seeking custom logos and patterns. Practical, easy-to-carry design for pet owners.\" \/>\n<meta property=\"og:url\" content=\"https:\/\/qqpets.com\/sl\/izdelek\/pvc-poop-bag-holder\/\" \/>\n<meta property=\"og:site_name\" content=\"QQPETS\" \/>\n<meta property=\"article:publisher\" content=\"https:\/\/www.facebook.com\/QQpetsdogcollars\" \/>\n<meta property=\"og:image\" content=\"https:\/\/qqpets.com\/wp-content\/uploads\/2024\/11\/1.webp\" \/>\n\t<meta property=\"og:image:width\" content=\"800\" \/>\n\t<meta property=\"og:image:height\" content=\"800\" \/>\n\t<meta property=\"og:image:type\" content=\"image\/webp\" \/>\n<meta name=\"twitter:card\" content=\"summary_large_image\" \/>\n<meta name=\"twitter:label1\" content=\"Est. reading time\" \/>\n\t<meta name=\"twitter:data1\" content=\"1 minuta\" \/>\n<script type=\"application\/ld+json\" class=\"yoast-schema-graph\">{\"@context\":\"https:\/\/schema.org\",\"@graph\":[{\"@type\":\"WebPage\",\"@id\":\"https:\/\/qqpets.com\/product\/pvc-poop-bag-holder\/\",\"url\":\"https:\/\/qqpets.com\/product\/pvc-poop-bag-holder\/\",\"name\":\"PVC Poop Bag Holder | QQPETS\",\"isPartOf\":{\"@id\":\"https:\/\/qqpets.com\/#website\"},\"primaryImageOfPage\":{\"@id\":\"https:\/\/qqpets.com\/product\/pvc-poop-bag-holder\/#primaryimage\"},\"image\":{\"@id\":\"https:\/\/qqpets.com\/product\/pvc-poop-bag-holder\/#primaryimage\"},\"thumbnailUrl\":\"https:\/\/qqpets.com\/wp-content\/uploads\/2024\/11\/1.webp\",\"datePublished\":\"2024-11-13T08:07:37+00:00\",\"description\":\"Durable and stylish PVC Poop Bag Holder for pet waste bags. Ideal for B2B buyers seeking custom logos and patterns. Practical, easy-to-carry design for pet owners.\",\"breadcrumb\":{\"@id\":\"https:\/\/qqpets.com\/product\/pvc-poop-bag-holder\/#breadcrumb\"},\"inLanguage\":\"sl-SI\",\"potentialAction\":[{\"@type\":\"ReadAction\",\"target\":[\"https:\/\/qqpets.com\/product\/pvc-poop-bag-holder\/\"]}]},{\"@type\":\"ImageObject\",\"inLanguage\":\"sl-SI\",\"@id\":\"https:\/\/qqpets.com\/product\/pvc-poop-bag-holder\/#primaryimage\",\"url\":\"https:\/\/qqpets.com\/wp-content\/uploads\/2024\/11\/1.webp\",\"contentUrl\":\"https:\/\/qqpets.com\/wp-content\/uploads\/2024\/11\/1.webp\",\"width\":800,\"height\":800},{\"@type\":\"BreadcrumbList\",\"@id\":\"https:\/\/qqpets.com\/product\/pvc-poop-bag-holder\/#breadcrumb\",\"itemListElement\":[{\"@type\":\"ListItem\",\"position\":1,\"name\":\"Home\",\"item\":\"https:\/\/qqpets.com\/\"},{\"@type\":\"ListItem\",\"position\":2,\"name\":\"Products\",\"item\":\"https:\/\/qqpets.com\/pet-products-manufacturer\/\"},{\"@type\":\"ListItem\",\"position\":3,\"name\":\"PVC Poop Bag Holder\"}]},{\"@type\":\"WebSite\",\"@id\":\"https:\/\/qqpets.com\/#website\",\"url\":\"https:\/\/qqpets.com\/\",\"name\":\"QQPETS\",\"description\":\"QQPETS is a pet products factory for dog harnesses, dog collars, dog leashes and dog accessories with professional customized service since 2005.\",\"publisher\":{\"@id\":\"https:\/\/qqpets.com\/#organization\"},\"potentialAction\":[{\"@type\":\"SearchAction\",\"target\":{\"@type\":\"EntryPoint\",\"urlTemplate\":\"https:\/\/qqpets.com\/?s={search_term_string}\"},\"query-input\":{\"@type\":\"PropertyValueSpecification\",\"valueRequired\":true,\"valueName\":\"search_term_string\"}}],\"inLanguage\":\"sl-SI\"},{\"@type\":\"Organization\",\"@id\":\"https:\/\/qqpets.com\/#organization\",\"name\":\"QQPETS\",\"url\":\"https:\/\/qqpets.com\/\",\"logo\":{\"@type\":\"ImageObject\",\"inLanguage\":\"sl-SI\",\"@id\":\"https:\/\/qqpets.com\/#\/schema\/logo\/image\/\",\"url\":\"https:\/\/qqpets.com\/wp-content\/uploads\/2023\/09\/cropped-cropped-qqpets-tiktok.jpg\",\"contentUrl\":\"https:\/\/qqpets.com\/wp-content\/uploads\/2023\/09\/cropped-cropped-qqpets-tiktok.jpg\",\"width\":511,\"height\":511,\"caption\":\"QQPETS\"},\"image\":{\"@id\":\"https:\/\/qqpets.com\/#\/schema\/logo\/image\/\"},\"sameAs\":[\"https:\/\/www.facebook.com\/QQpetsdogcollars\",\"https:\/\/www.instagram.com\/qqpetscollar\/\",\"https:\/\/www.pinterest.com\/qqpetsdogcollarsfactory\/\"]}]}<\/script>\n<!-- \/ Yoast SEO plugin. -->","yoast_head_json":{"title":"PVC dr\u017ealo za vre\u010dko za kakce | QQPETS","description":"Trajno in elegantno dr\u017ealo za vre\u010dke za iztrebke za hi\u0161ne odpadke iz PVC. Idealno za B2B kupce, ki i\u0161\u010dejo logotipe in vzorce po meri. Prakti\u010dna zasnova za lastnike hi\u0161nih ljubljen\u010dkov, ki jo je enostavno prena\u0161ati.","robots":{"index":"index","follow":"follow","max-snippet":"max-snippet:-1","max-image-preview":"max-image-preview:large","max-video-preview":"max-video-preview:-1"},"canonical":"https:\/\/qqpets.com\/sl\/izdelek\/pvc-poop-bag-holder\/","og_locale":"sl_SI","og_type":"article","og_title":"PVC Poop Bag Holder | QQPETS","og_description":"Durable and stylish PVC Poop Bag Holder for pet waste bags. Ideal for B2B buyers seeking custom logos and patterns. Practical, easy-to-carry design for pet owners.","og_url":"https:\/\/qqpets.com\/sl\/izdelek\/pvc-poop-bag-holder\/","og_site_name":"QQPETS","article_publisher":"https:\/\/www.facebook.com\/QQpetsdogcollars","og_image":[{"width":800,"height":800,"url":"https:\/\/qqpets.com\/wp-content\/uploads\/2024\/11\/1.webp","type":"image\/webp"}],"twitter_card":"summary_large_image","twitter_misc":{"Est. reading time":"1 minuta"},"schema":{"@context":"https:\/\/schema.org","@graph":[{"@type":"WebPage","@id":"https:\/\/qqpets.com\/product\/pvc-poop-bag-holder\/","url":"https:\/\/qqpets.com\/product\/pvc-poop-bag-holder\/","name":"PVC dr\u017ealo za vre\u010dko za kakce | QQPETS","isPartOf":{"@id":"https:\/\/qqpets.com\/#website"},"primaryImageOfPage":{"@id":"https:\/\/qqpets.com\/product\/pvc-poop-bag-holder\/#primaryimage"},"image":{"@id":"https:\/\/qqpets.com\/product\/pvc-poop-bag-holder\/#primaryimage"},"thumbnailUrl":"https:\/\/qqpets.com\/wp-content\/uploads\/2024\/11\/1.webp","datePublished":"2024-11-13T08:07:37+00:00","description":"Trajno in elegantno dr\u017ealo za vre\u010dke za iztrebke za hi\u0161ne odpadke iz PVC. Idealno za B2B kupce, ki i\u0161\u010dejo logotipe in vzorce po meri. Prakti\u010dna zasnova za lastnike hi\u0161nih ljubljen\u010dkov, ki jo je enostavno prena\u0161ati.","breadcrumb":{"@id":"https:\/\/qqpets.com\/product\/pvc-poop-bag-holder\/#breadcrumb"},"inLanguage":"sl-SI","potentialAction":[{"@type":"ReadAction","target":["https:\/\/qqpets.com\/product\/pvc-poop-bag-holder\/"]}]},{"@type":"ImageObject","inLanguage":"sl-SI","@id":"https:\/\/qqpets.com\/product\/pvc-poop-bag-holder\/#primaryimage","url":"https:\/\/qqpets.com\/wp-content\/uploads\/2024\/11\/1.webp","contentUrl":"https:\/\/qqpets.com\/wp-content\/uploads\/2024\/11\/1.webp","width":800,"height":800},{"@type":"BreadcrumbList","@id":"https:\/\/qqpets.com\/product\/pvc-poop-bag-holder\/#breadcrumb","itemListElement":[{"@type":"ListItem","position":1,"name":"Home","item":"https:\/\/qqpets.com\/"},{"@type":"ListItem","position":2,"name":"Products","item":"https:\/\/qqpets.com\/pet-products-manufacturer\/"},{"@type":"ListItem","position":3,"name":"PVC Poop Bag Holder"}]},{"@type":"WebSite","@id":"https:\/\/qqpets.com\/#website","url":"https:\/\/qqpets.com\/","name":"QQPETS","description":"QQPETS je tovarna izdelkov za hi\u0161ne ljubljen\u010dke za pasje postroje, pasje ovratnice, pasje povodce in pasje dodatke s strokovno prilagojeno storitvijo od leta 2005.","publisher":{"@id":"https:\/\/qqpets.com\/#organization"},"potentialAction":[{"@type":"SearchAction","target":{"@type":"EntryPoint","urlTemplate":"https:\/\/qqpets.com\/?s={search_term_string}"},"query-input":{"@type":"PropertyValueSpecification","valueRequired":true,"valueName":"search_term_string"}}],"inLanguage":"sl-SI"},{"@type":"Organization","@id":"https:\/\/qqpets.com\/#organization","name":"QQPETS","url":"https:\/\/qqpets.com\/","logo":{"@type":"ImageObject","inLanguage":"sl-SI","@id":"https:\/\/qqpets.com\/#\/schema\/logo\/image\/","url":"https:\/\/qqpets.com\/wp-content\/uploads\/2023\/09\/cropped-cropped-qqpets-tiktok.jpg","contentUrl":"https:\/\/qqpets.com\/wp-content\/uploads\/2023\/09\/cropped-cropped-qqpets-tiktok.jpg","width":511,"height":511,"caption":"QQPETS"},"image":{"@id":"https:\/\/qqpets.com\/#\/schema\/logo\/image\/"},"sameAs":["https:\/\/www.facebook.com\/QQpetsdogcollars","https:\/\/www.instagram.com\/qqpetscollar\/","https:\/\/www.pinterest.com\/qqpetsdogcollarsfactory\/"]}]}},"_links":{"self":[{"href":"https:\/\/qqpets.com\/sl\/wp-json\/wp\/v2\/product\/9261","targetHints":{"allow":["GET"]}}],"collection":[{"href":"https:\/\/qqpets.com\/sl\/wp-json\/wp\/v2\/product"}],"about":[{"href":"https:\/\/qqpets.com\/sl\/wp-json\/wp\/v2\/types\/product"}],"wp:featuredmedia":[{"embeddable":true,"href":"https:\/\/qqpets.com\/sl\/wp-json\/wp\/v2\/media\/9262"}],"wp:attachment":[{"href":"https:\/\/qqpets.com\/sl\/wp-json\/wp\/v2\/media?parent=9261"}],"wp:term":[{"taxonomy":"product_brand","embeddable":true,"href":"https:\/\/qqpets.com\/sl\/wp-json\/wp\/v2\/product_brand?post=9261"},{"taxonomy":"product_cat","embeddable":true,"href":"https:\/\/qqpets.com\/sl\/wp-json\/wp\/v2\/product_cat?post=9261"},{"taxonomy":"product_tag","embeddable":true,"href":"https:\/\/qqpets.com\/sl\/wp-json\/wp\/v2\/product_tag?post=9261"}],"curies":[{"name":"wp","href":"https:\/\/api.w.org\/{rel}","templated":true}]}}