{"id":9267,"date":"2024-11-13T16:17:04","date_gmt":"2024-11-13T08:17:04","guid":{"rendered":"https:\/\/qqpets.com\/?post_type=product&#038;p=9267"},"modified":"2024-11-13T16:17:04","modified_gmt":"2024-11-13T08:17:04","slug":"qr-tag-buckle","status":"publish","type":"product","link":"https:\/\/qqpets.com\/sl\/izdelek\/qr-tag-buckle\/","title":{"rendered":"Zaponka QR Tag"},"content":{"rendered":"<p>Zaponka QR Tag je inovativen dodatek za ovratnice in pasove za hi\u0161ne ljubljen\u010dke, ki je zasnovan tako, da zagotavlja varnost hi\u0161nih ljubljen\u010dkov, blagovnim znamkam pa omogo\u010da novo raven prilagajanja. V to zaponko je vgrajena koda QR, ki jo je mogo\u010de skenirati in v katero so shranjeni klju\u010dni podatki, kot so ime hi\u0161nega ljubljen\u010dka, kontaktni podatki lastnika in morebitna posebna navodila za najditelje, \u010de bi se hi\u0161ni ljubljen\u010dek izgubil. Enostavno poskenirajte kodo in pomembni podatki so takoj dostopni, zato je to neprecenljivo orodje za lastnike hi\u0161nih ljubljen\u010dkov, ki dajejo prednost varnosti in za\u0161\u010diti.<\/p>\n<p>Zaponka QR Tag je izdelana iz trpe\u017enih in visokokakovostnih materialov, zato je odporna na vsakodnevno no\u0161enje, hkrati pa ohranja jasno \u010ditljivost kode QR. Zaponka je lahka in se zlahka pritrdi na ovratnice ali pasove, tako da je minimalno obse\u017ena, hkrati pa zagotavlja najve\u010djo funkcionalnost. Poleg tega je vodoodporna in odporna na praske, kar zagotavlja dolgo \u017eivljenjsko dobo in zanesljivost.<\/p>\n<p>Strankam B2B na\u0161a zaponka z oznako QR ponuja edinstveno prilo\u017enost za blagovno znamko. Prilagodite zaponko s svojim logotipom ali posebnimi vzorci in pove\u010dajte prepoznavnost blagovne znamke vsaki\u010d, ko se hi\u0161ni ljubljen\u010dek odpravi na sprehod. Zaradi te lastnosti je idealna za trgovine za hi\u0161ne ljubljen\u010dke, trgovce na debelo in spletne trgovce na drobno, ki \u017eelijo strankam ponuditi prakti\u010den dodatek, osredoto\u010den na varnost, ki spodbuja tudi zvestobo blagovni znamki.<\/p>","protected":false},"excerpt":{"rendered":"<p>Na\u0161a zaponka QR Tag je sodobna re\u0161itev za varnost hi\u0161nih ljubljen\u010dkov, ki zdru\u017euje trpe\u017eno zaponko s kodo QR, ki jo je mogo\u010de skenirati in v kateri so shranjeni bistveni podatki o hi\u0161nem ljubljen\u010dku. Ta zaponka je idealna za blagovne znamke in podjetja, saj jo je mogo\u010de prilagoditi z edinstvenimi logotipi in vzorci, zato je dragocen dodatek za trgovce na drobno in veletrgovce s hi\u0161nimi ljubljen\u010dki. Ta zaponka z oznako QR je izdelana iz visokokakovostnih materialov in je zasnovana za enostavno skeniranje, kar lastnikom hi\u0161nih ljubljen\u010dkov zagotavlja mir v primeru izgubljenih hi\u0161nih ljubljen\u010dkov. Pritrdite jo na katero koli ovratnico ali postroj in pripravljena je, da s funkcionalnostjo in slogom izbolj\u0161a va\u0161o linijo izdelkov.<\/p>","protected":false},"featured_media":9268,"template":"","meta":[],"product_brand":[],"product_cat":[58],"product_tag":[],"class_list":{"0":"post-9267","1":"product","2":"type-product","3":"status-publish","4":"has-post-thumbnail","6":"product_cat-accessories","8":"first","9":"instock","10":"shipping-taxable","11":"product-type-simple"},"yoast_head":"<!-- This site is optimized with the Yoast SEO plugin v26.6 - https:\/\/yoast.com\/wordpress\/plugins\/seo\/ -->\n<title>QR Tag Buckle | QQPETS<\/title>\n<meta name=\"description\" content=\"Durable and customizable QR Tag Buckle for pet collars and harnesses. Easily scanned for pet info, perfect for B2B buyers needing custom logos and patterns.\" \/>\n<meta name=\"robots\" content=\"index, follow, max-snippet:-1, max-image-preview:large, max-video-preview:-1\" \/>\n<link rel=\"canonical\" href=\"https:\/\/qqpets.com\/sl\/izdelek\/qr-tag-buckle\/\" \/>\n<meta property=\"og:locale\" content=\"sl_SI\" \/>\n<meta property=\"og:type\" content=\"article\" \/>\n<meta property=\"og:title\" content=\"QR Tag Buckle | QQPETS\" \/>\n<meta property=\"og:description\" content=\"Durable and customizable QR Tag Buckle for pet collars and harnesses. Easily scanned for pet info, perfect for B2B buyers needing custom logos and patterns.\" \/>\n<meta property=\"og:url\" content=\"https:\/\/qqpets.com\/sl\/izdelek\/qr-tag-buckle\/\" \/>\n<meta property=\"og:site_name\" content=\"QQPETS\" \/>\n<meta property=\"article:publisher\" content=\"https:\/\/www.facebook.com\/QQpetsdogcollars\" \/>\n<meta property=\"og:image\" content=\"https:\/\/qqpets.com\/wp-content\/uploads\/2024\/11\/QR-buckle.webp\" \/>\n\t<meta property=\"og:image:width\" content=\"800\" \/>\n\t<meta property=\"og:image:height\" content=\"800\" \/>\n\t<meta property=\"og:image:type\" content=\"image\/webp\" \/>\n<meta name=\"twitter:card\" content=\"summary_large_image\" \/>\n<meta name=\"twitter:label1\" content=\"Est. reading time\" \/>\n\t<meta name=\"twitter:data1\" content=\"2 minuti\" \/>\n<script type=\"application\/ld+json\" class=\"yoast-schema-graph\">{\"@context\":\"https:\/\/schema.org\",\"@graph\":[{\"@type\":\"WebPage\",\"@id\":\"https:\/\/qqpets.com\/product\/qr-tag-buckle\/\",\"url\":\"https:\/\/qqpets.com\/product\/qr-tag-buckle\/\",\"name\":\"QR Tag Buckle | QQPETS\",\"isPartOf\":{\"@id\":\"https:\/\/qqpets.com\/#website\"},\"primaryImageOfPage\":{\"@id\":\"https:\/\/qqpets.com\/product\/qr-tag-buckle\/#primaryimage\"},\"image\":{\"@id\":\"https:\/\/qqpets.com\/product\/qr-tag-buckle\/#primaryimage\"},\"thumbnailUrl\":\"https:\/\/qqpets.com\/wp-content\/uploads\/2024\/11\/QR-buckle.webp\",\"datePublished\":\"2024-11-13T08:17:04+00:00\",\"description\":\"Durable and customizable QR Tag Buckle for pet collars and harnesses. Easily scanned for pet info, perfect for B2B buyers needing custom logos and patterns.\",\"breadcrumb\":{\"@id\":\"https:\/\/qqpets.com\/product\/qr-tag-buckle\/#breadcrumb\"},\"inLanguage\":\"sl-SI\",\"potentialAction\":[{\"@type\":\"ReadAction\",\"target\":[\"https:\/\/qqpets.com\/product\/qr-tag-buckle\/\"]}]},{\"@type\":\"ImageObject\",\"inLanguage\":\"sl-SI\",\"@id\":\"https:\/\/qqpets.com\/product\/qr-tag-buckle\/#primaryimage\",\"url\":\"https:\/\/qqpets.com\/wp-content\/uploads\/2024\/11\/QR-buckle.webp\",\"contentUrl\":\"https:\/\/qqpets.com\/wp-content\/uploads\/2024\/11\/QR-buckle.webp\",\"width\":800,\"height\":800},{\"@type\":\"BreadcrumbList\",\"@id\":\"https:\/\/qqpets.com\/product\/qr-tag-buckle\/#breadcrumb\",\"itemListElement\":[{\"@type\":\"ListItem\",\"position\":1,\"name\":\"Home\",\"item\":\"https:\/\/qqpets.com\/\"},{\"@type\":\"ListItem\",\"position\":2,\"name\":\"Products\",\"item\":\"https:\/\/qqpets.com\/pet-products-manufacturer\/\"},{\"@type\":\"ListItem\",\"position\":3,\"name\":\"QR Tag Buckle\"}]},{\"@type\":\"WebSite\",\"@id\":\"https:\/\/qqpets.com\/#website\",\"url\":\"https:\/\/qqpets.com\/\",\"name\":\"QQPETS\",\"description\":\"QQPETS is a pet products factory for dog harnesses, dog collars, dog leashes and dog accessories with professional customized service since 2005.\",\"publisher\":{\"@id\":\"https:\/\/qqpets.com\/#organization\"},\"potentialAction\":[{\"@type\":\"SearchAction\",\"target\":{\"@type\":\"EntryPoint\",\"urlTemplate\":\"https:\/\/qqpets.com\/?s={search_term_string}\"},\"query-input\":{\"@type\":\"PropertyValueSpecification\",\"valueRequired\":true,\"valueName\":\"search_term_string\"}}],\"inLanguage\":\"sl-SI\"},{\"@type\":\"Organization\",\"@id\":\"https:\/\/qqpets.com\/#organization\",\"name\":\"QQPETS\",\"url\":\"https:\/\/qqpets.com\/\",\"logo\":{\"@type\":\"ImageObject\",\"inLanguage\":\"sl-SI\",\"@id\":\"https:\/\/qqpets.com\/#\/schema\/logo\/image\/\",\"url\":\"https:\/\/qqpets.com\/wp-content\/uploads\/2023\/09\/cropped-cropped-qqpets-tiktok.jpg\",\"contentUrl\":\"https:\/\/qqpets.com\/wp-content\/uploads\/2023\/09\/cropped-cropped-qqpets-tiktok.jpg\",\"width\":511,\"height\":511,\"caption\":\"QQPETS\"},\"image\":{\"@id\":\"https:\/\/qqpets.com\/#\/schema\/logo\/image\/\"},\"sameAs\":[\"https:\/\/www.facebook.com\/QQpetsdogcollars\",\"https:\/\/www.instagram.com\/qqpetscollar\/\",\"https:\/\/www.pinterest.com\/qqpetsdogcollarsfactory\/\"]}]}<\/script>\n<!-- \/ Yoast SEO plugin. -->","yoast_head_json":{"title":"Zaponka z oznako QR | QQPETS","description":"Trajna in prilagodljiva zaponka QR Tag za ovratnice in pasove za hi\u0161ne ljubljen\u010dke. Enostavno se skenira za informacije o hi\u0161nih ljubljen\u010dkih, kot nala\u0161\u010d za kupce B2B, ki potrebujejo logotipe in vzorce po meri.","robots":{"index":"index","follow":"follow","max-snippet":"max-snippet:-1","max-image-preview":"max-image-preview:large","max-video-preview":"max-video-preview:-1"},"canonical":"https:\/\/qqpets.com\/sl\/izdelek\/qr-tag-buckle\/","og_locale":"sl_SI","og_type":"article","og_title":"QR Tag Buckle | QQPETS","og_description":"Durable and customizable QR Tag Buckle for pet collars and harnesses. Easily scanned for pet info, perfect for B2B buyers needing custom logos and patterns.","og_url":"https:\/\/qqpets.com\/sl\/izdelek\/qr-tag-buckle\/","og_site_name":"QQPETS","article_publisher":"https:\/\/www.facebook.com\/QQpetsdogcollars","og_image":[{"width":800,"height":800,"url":"https:\/\/qqpets.com\/wp-content\/uploads\/2024\/11\/QR-buckle.webp","type":"image\/webp"}],"twitter_card":"summary_large_image","twitter_misc":{"Est. reading time":"2 minuti"},"schema":{"@context":"https:\/\/schema.org","@graph":[{"@type":"WebPage","@id":"https:\/\/qqpets.com\/product\/qr-tag-buckle\/","url":"https:\/\/qqpets.com\/product\/qr-tag-buckle\/","name":"Zaponka z oznako QR | QQPETS","isPartOf":{"@id":"https:\/\/qqpets.com\/#website"},"primaryImageOfPage":{"@id":"https:\/\/qqpets.com\/product\/qr-tag-buckle\/#primaryimage"},"image":{"@id":"https:\/\/qqpets.com\/product\/qr-tag-buckle\/#primaryimage"},"thumbnailUrl":"https:\/\/qqpets.com\/wp-content\/uploads\/2024\/11\/QR-buckle.webp","datePublished":"2024-11-13T08:17:04+00:00","description":"Trajna in prilagodljiva zaponka QR Tag za ovratnice in pasove za hi\u0161ne ljubljen\u010dke. Enostavno se skenira za informacije o hi\u0161nih ljubljen\u010dkih, kot nala\u0161\u010d za kupce B2B, ki potrebujejo logotipe in vzorce po meri.","breadcrumb":{"@id":"https:\/\/qqpets.com\/product\/qr-tag-buckle\/#breadcrumb"},"inLanguage":"sl-SI","potentialAction":[{"@type":"ReadAction","target":["https:\/\/qqpets.com\/product\/qr-tag-buckle\/"]}]},{"@type":"ImageObject","inLanguage":"sl-SI","@id":"https:\/\/qqpets.com\/product\/qr-tag-buckle\/#primaryimage","url":"https:\/\/qqpets.com\/wp-content\/uploads\/2024\/11\/QR-buckle.webp","contentUrl":"https:\/\/qqpets.com\/wp-content\/uploads\/2024\/11\/QR-buckle.webp","width":800,"height":800},{"@type":"BreadcrumbList","@id":"https:\/\/qqpets.com\/product\/qr-tag-buckle\/#breadcrumb","itemListElement":[{"@type":"ListItem","position":1,"name":"Home","item":"https:\/\/qqpets.com\/"},{"@type":"ListItem","position":2,"name":"Products","item":"https:\/\/qqpets.com\/pet-products-manufacturer\/"},{"@type":"ListItem","position":3,"name":"QR Tag Buckle"}]},{"@type":"WebSite","@id":"https:\/\/qqpets.com\/#website","url":"https:\/\/qqpets.com\/","name":"QQPETS","description":"QQPETS je tovarna izdelkov za hi\u0161ne ljubljen\u010dke za pasje postroje, pasje ovratnice, pasje povodce in pasje dodatke s strokovno prilagojeno storitvijo od leta 2005.","publisher":{"@id":"https:\/\/qqpets.com\/#organization"},"potentialAction":[{"@type":"SearchAction","target":{"@type":"EntryPoint","urlTemplate":"https:\/\/qqpets.com\/?s={search_term_string}"},"query-input":{"@type":"PropertyValueSpecification","valueRequired":true,"valueName":"search_term_string"}}],"inLanguage":"sl-SI"},{"@type":"Organization","@id":"https:\/\/qqpets.com\/#organization","name":"QQPETS","url":"https:\/\/qqpets.com\/","logo":{"@type":"ImageObject","inLanguage":"sl-SI","@id":"https:\/\/qqpets.com\/#\/schema\/logo\/image\/","url":"https:\/\/qqpets.com\/wp-content\/uploads\/2023\/09\/cropped-cropped-qqpets-tiktok.jpg","contentUrl":"https:\/\/qqpets.com\/wp-content\/uploads\/2023\/09\/cropped-cropped-qqpets-tiktok.jpg","width":511,"height":511,"caption":"QQPETS"},"image":{"@id":"https:\/\/qqpets.com\/#\/schema\/logo\/image\/"},"sameAs":["https:\/\/www.facebook.com\/QQpetsdogcollars","https:\/\/www.instagram.com\/qqpetscollar\/","https:\/\/www.pinterest.com\/qqpetsdogcollarsfactory\/"]}]}},"_links":{"self":[{"href":"https:\/\/qqpets.com\/sl\/wp-json\/wp\/v2\/product\/9267","targetHints":{"allow":["GET"]}}],"collection":[{"href":"https:\/\/qqpets.com\/sl\/wp-json\/wp\/v2\/product"}],"about":[{"href":"https:\/\/qqpets.com\/sl\/wp-json\/wp\/v2\/types\/product"}],"wp:featuredmedia":[{"embeddable":true,"href":"https:\/\/qqpets.com\/sl\/wp-json\/wp\/v2\/media\/9268"}],"wp:attachment":[{"href":"https:\/\/qqpets.com\/sl\/wp-json\/wp\/v2\/media?parent=9267"}],"wp:term":[{"taxonomy":"product_brand","embeddable":true,"href":"https:\/\/qqpets.com\/sl\/wp-json\/wp\/v2\/product_brand?post=9267"},{"taxonomy":"product_cat","embeddable":true,"href":"https:\/\/qqpets.com\/sl\/wp-json\/wp\/v2\/product_cat?post=9267"},{"taxonomy":"product_tag","embeddable":true,"href":"https:\/\/qqpets.com\/sl\/wp-json\/wp\/v2\/product_tag?post=9267"}],"curies":[{"name":"wp","href":"https:\/\/api.w.org\/{rel}","templated":true}]}}