{"id":9274,"date":"2024-11-13T16:34:37","date_gmt":"2024-11-13T08:34:37","guid":{"rendered":"https:\/\/qqpets.com\/?post_type=product&#038;p=9274"},"modified":"2024-11-13T16:34:37","modified_gmt":"2024-11-13T08:34:37","slug":"airtag-case","status":"publish","type":"product","link":"https:\/\/qqpets.com\/sl\/izdelek\/airtag-case\/","title":{"rendered":"Primer Airtag"},"content":{"rendered":"<div class=\"flex max-w-full flex-col flex-grow\">\n<div class=\"min-h-8 text-message flex w-full flex-col items-end gap-2 whitespace-normal break-words [.text-message+&amp;]:mt-5\" dir=\"auto\" data-message-author-role=\"assistant\" data-message-id=\"5a8d3cc2-3aba-4188-9db9-4e1649d566c0\" data-message-model-slug=\"gpt-4o\">\n<div class=\"flex w-full flex-col gap-1 empty:hidden first:pt-[3px]\">\n<div class=\"markdown prose w-full break-words dark:prose-invert light\">\n<p>Airtag Case je nepogre\u0161ljiv pripomo\u010dek za lastnike hi\u0161nih ljubljen\u010dkov, ki \u017eelijo zagotoviti varnost svojih ljubljen\u010dkov z mo\u017enostjo sledenja v realnem \u010dasu. To ohi\u0161je je narejeno za varno namestitev ovratnic Apple Airtag in se zlahka pritrdi na ve\u010dino ovratnic ter zagotavlja mir lastnikom, ki \u017eelijo biti prepri\u010dani, da vedno vedo, kje je njihov hi\u0161ni ljubljen\u010dek. Kompaktna in elegantna zasnova etuija zmanj\u0161uje obseg, kar zagotavlja, da bodo hi\u0161ni ljubljen\u010dki med no\u0161enjem etuija udobni.<\/p>\n<p>Ta etui Airtag je izdelan iz visokokakovostnih, na vodo odpornih materialov in je odporen na vsakodnevne pustolov\u0161\u010dine hi\u0161nih ljubljen\u010dkov. Zaradi svoje vzdr\u017eljivosti je primeren tudi za najbolj aktivne hi\u0161ne ljubljen\u010dke, saj \u0161\u010diti Airtag pred vodo, umazanijo in udarci. Ta etui omogo\u010da tudi enostaven dostop do naprave Airtag, kar omogo\u010da nemoteno namestitev in zamenjavo.<\/p>\n<p>Za stranke B2B predstavlja etui Airtag dragoceno prilo\u017enost za oblikovanje blagovne znamke. Ne glede na to, ali ste trgovec na drobno, distributer ali spletni prodajalec, dodajanje logotipov po meri ali edinstvenih vzorcev pomaga va\u0161i blagovni znamki izstopati na trgu. Ta prilagodljiva torbica Airtag Case, zasnovana z mislijo na prepoznavnost va\u0161e blagovne znamke, ne izpolnjuje le prakti\u010dnih potreb lastnikov hi\u0161nih ljubljen\u010dkov, temve\u010d zagotavlja tudi stilski pridih blagovne znamke, ki je skladen z estetiko in vizijo va\u0161e blagovne znamke.<\/p>\n<\/div>\n<\/div>\n<\/div>\n<\/div>\n<div class=\"mb-2 flex gap-3 empty:hidden -ml-2\">\n<div class=\"items-center justify-start rounded-xl p-1 flex\">\n<div class=\"flex items-center\"><button class=\"rounded-lg text-token-text-secondary hover:bg-token-main-surface-secondary\" aria-label=\"Glasno branje\" data-testid=\"voice-play-turn-action-button\"><\/button><button class=\"rounded-lg text-token-text-secondary hover:bg-token-main-surface-secondary\" aria-label=\"Kopiraj\" data-testid=\"copy-turn-action-button\"><\/button><\/p>\n<div class=\"flex\"><\/div>\n<div class=\"flex items-center pb-0\"><span class=\"overflow-hidden text-clip whitespace-nowrap text-sm\">4o<\/span><\/div>\n<\/div>\n<\/div>\n<\/div>","protected":false},"excerpt":{"rendered":"<p>Na\u0161 etui Airtag je prakti\u010dna re\u0161itev za lastnike hi\u0161nih ljubljen\u010dkov, ki \u017eelijo svoje ljubljen\u010dke spremljati v slogu. To ohi\u0161je je zasnovano tako, da se varno pritrdi na katero koli ovratnico, ustreza standardnim ovratnicam Apple Airtag in zagotavlja za\u0161\u010dito, ne da bi pove\u010dalo obseg. Ta etui je idealen za stranke B2B, saj ga je mogo\u010de prilagoditi z logotipi ali vzorci, kar pove\u010da prepoznavnost blagovne znamke in hkrati zagotavlja funkcionalen dodatek za hi\u0161ne ljubljen\u010dke. To ohi\u0161je Airtag je izdelano iz trpe\u017enih, vodoodpornih materialov in je kot nala\u0161\u010d za aktivne hi\u0161ne ljubljen\u010dke, lastnikom pa zagotavlja, da so njihovi ljubljen\u010dki vedno sledljivi.<\/p>","protected":false},"featured_media":9275,"template":"","meta":[],"product_brand":[],"product_cat":[58],"product_tag":[],"class_list":{"0":"post-9274","1":"product","2":"type-product","3":"status-publish","4":"has-post-thumbnail","6":"product_cat-accessories","8":"first","9":"instock","10":"shipping-taxable","11":"product-type-simple"},"yoast_head":"<!-- This site is optimized with the Yoast SEO plugin v26.6 - https:\/\/yoast.com\/wordpress\/plugins\/seo\/ -->\n<title>Airtag Case | QQPETS<\/title>\n<meta name=\"description\" content=\"Customizable Airtag Case for pet collars, keeping pets traceable and safe. Ideal for B2B clients wanting custom logos or patterns to enhance brand identity.\" \/>\n<meta name=\"robots\" content=\"index, follow, max-snippet:-1, max-image-preview:large, max-video-preview:-1\" \/>\n<link rel=\"canonical\" href=\"https:\/\/qqpets.com\/sl\/izdelek\/airtag-case\/\" \/>\n<meta property=\"og:locale\" content=\"sl_SI\" \/>\n<meta property=\"og:type\" content=\"article\" \/>\n<meta property=\"og:title\" content=\"Airtag Case | QQPETS\" \/>\n<meta property=\"og:description\" content=\"Customizable Airtag Case for pet collars, keeping pets traceable and safe. Ideal for B2B clients wanting custom logos or patterns to enhance brand identity.\" \/>\n<meta property=\"og:url\" content=\"https:\/\/qqpets.com\/sl\/izdelek\/airtag-case\/\" \/>\n<meta property=\"og:site_name\" content=\"QQPETS\" \/>\n<meta property=\"article:publisher\" content=\"https:\/\/www.facebook.com\/QQpetsdogcollars\" \/>\n<meta property=\"og:image\" content=\"https:\/\/qqpets.com\/wp-content\/uploads\/2024\/11\/airtag-case1.webp\" \/>\n\t<meta property=\"og:image:width\" content=\"800\" \/>\n\t<meta property=\"og:image:height\" content=\"800\" \/>\n\t<meta property=\"og:image:type\" content=\"image\/webp\" \/>\n<meta name=\"twitter:card\" content=\"summary_large_image\" \/>\n<meta name=\"twitter:label1\" content=\"Est. reading time\" \/>\n\t<meta name=\"twitter:data1\" content=\"2 minuti\" \/>\n<script type=\"application\/ld+json\" class=\"yoast-schema-graph\">{\"@context\":\"https:\/\/schema.org\",\"@graph\":[{\"@type\":\"WebPage\",\"@id\":\"https:\/\/qqpets.com\/product\/airtag-case\/\",\"url\":\"https:\/\/qqpets.com\/product\/airtag-case\/\",\"name\":\"Airtag Case | QQPETS\",\"isPartOf\":{\"@id\":\"https:\/\/qqpets.com\/#website\"},\"primaryImageOfPage\":{\"@id\":\"https:\/\/qqpets.com\/product\/airtag-case\/#primaryimage\"},\"image\":{\"@id\":\"https:\/\/qqpets.com\/product\/airtag-case\/#primaryimage\"},\"thumbnailUrl\":\"https:\/\/qqpets.com\/wp-content\/uploads\/2024\/11\/airtag-case1.webp\",\"datePublished\":\"2024-11-13T08:34:37+00:00\",\"description\":\"Customizable Airtag Case for pet collars, keeping pets traceable and safe. Ideal for B2B clients wanting custom logos or patterns to enhance brand identity.\",\"breadcrumb\":{\"@id\":\"https:\/\/qqpets.com\/product\/airtag-case\/#breadcrumb\"},\"inLanguage\":\"sl-SI\",\"potentialAction\":[{\"@type\":\"ReadAction\",\"target\":[\"https:\/\/qqpets.com\/product\/airtag-case\/\"]}]},{\"@type\":\"ImageObject\",\"inLanguage\":\"sl-SI\",\"@id\":\"https:\/\/qqpets.com\/product\/airtag-case\/#primaryimage\",\"url\":\"https:\/\/qqpets.com\/wp-content\/uploads\/2024\/11\/airtag-case1.webp\",\"contentUrl\":\"https:\/\/qqpets.com\/wp-content\/uploads\/2024\/11\/airtag-case1.webp\",\"width\":800,\"height\":800},{\"@type\":\"BreadcrumbList\",\"@id\":\"https:\/\/qqpets.com\/product\/airtag-case\/#breadcrumb\",\"itemListElement\":[{\"@type\":\"ListItem\",\"position\":1,\"name\":\"Home\",\"item\":\"https:\/\/qqpets.com\/\"},{\"@type\":\"ListItem\",\"position\":2,\"name\":\"Products\",\"item\":\"https:\/\/qqpets.com\/pet-products-manufacturer\/\"},{\"@type\":\"ListItem\",\"position\":3,\"name\":\"Airtag Case\"}]},{\"@type\":\"WebSite\",\"@id\":\"https:\/\/qqpets.com\/#website\",\"url\":\"https:\/\/qqpets.com\/\",\"name\":\"QQPETS\",\"description\":\"QQPETS is a pet products factory for dog harnesses, dog collars, dog leashes and dog accessories with professional customized service since 2005.\",\"publisher\":{\"@id\":\"https:\/\/qqpets.com\/#organization\"},\"potentialAction\":[{\"@type\":\"SearchAction\",\"target\":{\"@type\":\"EntryPoint\",\"urlTemplate\":\"https:\/\/qqpets.com\/?s={search_term_string}\"},\"query-input\":{\"@type\":\"PropertyValueSpecification\",\"valueRequired\":true,\"valueName\":\"search_term_string\"}}],\"inLanguage\":\"sl-SI\"},{\"@type\":\"Organization\",\"@id\":\"https:\/\/qqpets.com\/#organization\",\"name\":\"QQPETS\",\"url\":\"https:\/\/qqpets.com\/\",\"logo\":{\"@type\":\"ImageObject\",\"inLanguage\":\"sl-SI\",\"@id\":\"https:\/\/qqpets.com\/#\/schema\/logo\/image\/\",\"url\":\"https:\/\/qqpets.com\/wp-content\/uploads\/2023\/09\/cropped-cropped-qqpets-tiktok.jpg\",\"contentUrl\":\"https:\/\/qqpets.com\/wp-content\/uploads\/2023\/09\/cropped-cropped-qqpets-tiktok.jpg\",\"width\":511,\"height\":511,\"caption\":\"QQPETS\"},\"image\":{\"@id\":\"https:\/\/qqpets.com\/#\/schema\/logo\/image\/\"},\"sameAs\":[\"https:\/\/www.facebook.com\/QQpetsdogcollars\",\"https:\/\/www.instagram.com\/qqpetscollar\/\",\"https:\/\/www.pinterest.com\/qqpetsdogcollarsfactory\/\"]}]}<\/script>\n<!-- \/ Yoast SEO plugin. -->","yoast_head_json":{"title":"Primer Airtag | QQPETS","description":"Prilagodljivo ohi\u0161je Airtag za ovratnice za hi\u0161ne ljubljen\u010dke, ki omogo\u010da sledljivost in varnost hi\u0161nih ljubljen\u010dkov. Idealno za stranke B2B, ki \u017eelijo logotipe ali vzorce po meri za izbolj\u0161anje identitete blagovne znamke.","robots":{"index":"index","follow":"follow","max-snippet":"max-snippet:-1","max-image-preview":"max-image-preview:large","max-video-preview":"max-video-preview:-1"},"canonical":"https:\/\/qqpets.com\/sl\/izdelek\/airtag-case\/","og_locale":"sl_SI","og_type":"article","og_title":"Airtag Case | QQPETS","og_description":"Customizable Airtag Case for pet collars, keeping pets traceable and safe. Ideal for B2B clients wanting custom logos or patterns to enhance brand identity.","og_url":"https:\/\/qqpets.com\/sl\/izdelek\/airtag-case\/","og_site_name":"QQPETS","article_publisher":"https:\/\/www.facebook.com\/QQpetsdogcollars","og_image":[{"width":800,"height":800,"url":"https:\/\/qqpets.com\/wp-content\/uploads\/2024\/11\/airtag-case1.webp","type":"image\/webp"}],"twitter_card":"summary_large_image","twitter_misc":{"Est. reading time":"2 minuti"},"schema":{"@context":"https:\/\/schema.org","@graph":[{"@type":"WebPage","@id":"https:\/\/qqpets.com\/product\/airtag-case\/","url":"https:\/\/qqpets.com\/product\/airtag-case\/","name":"Primer Airtag | QQPETS","isPartOf":{"@id":"https:\/\/qqpets.com\/#website"},"primaryImageOfPage":{"@id":"https:\/\/qqpets.com\/product\/airtag-case\/#primaryimage"},"image":{"@id":"https:\/\/qqpets.com\/product\/airtag-case\/#primaryimage"},"thumbnailUrl":"https:\/\/qqpets.com\/wp-content\/uploads\/2024\/11\/airtag-case1.webp","datePublished":"2024-11-13T08:34:37+00:00","description":"Prilagodljivo ohi\u0161je Airtag za ovratnice za hi\u0161ne ljubljen\u010dke, ki omogo\u010da sledljivost in varnost hi\u0161nih ljubljen\u010dkov. Idealno za stranke B2B, ki \u017eelijo logotipe ali vzorce po meri za izbolj\u0161anje identitete blagovne znamke.","breadcrumb":{"@id":"https:\/\/qqpets.com\/product\/airtag-case\/#breadcrumb"},"inLanguage":"sl-SI","potentialAction":[{"@type":"ReadAction","target":["https:\/\/qqpets.com\/product\/airtag-case\/"]}]},{"@type":"ImageObject","inLanguage":"sl-SI","@id":"https:\/\/qqpets.com\/product\/airtag-case\/#primaryimage","url":"https:\/\/qqpets.com\/wp-content\/uploads\/2024\/11\/airtag-case1.webp","contentUrl":"https:\/\/qqpets.com\/wp-content\/uploads\/2024\/11\/airtag-case1.webp","width":800,"height":800},{"@type":"BreadcrumbList","@id":"https:\/\/qqpets.com\/product\/airtag-case\/#breadcrumb","itemListElement":[{"@type":"ListItem","position":1,"name":"Home","item":"https:\/\/qqpets.com\/"},{"@type":"ListItem","position":2,"name":"Products","item":"https:\/\/qqpets.com\/pet-products-manufacturer\/"},{"@type":"ListItem","position":3,"name":"Airtag Case"}]},{"@type":"WebSite","@id":"https:\/\/qqpets.com\/#website","url":"https:\/\/qqpets.com\/","name":"QQPETS","description":"QQPETS je tovarna izdelkov za hi\u0161ne ljubljen\u010dke za pasje postroje, pasje ovratnice, pasje povodce in pasje dodatke s strokovno prilagojeno storitvijo od leta 2005.","publisher":{"@id":"https:\/\/qqpets.com\/#organization"},"potentialAction":[{"@type":"SearchAction","target":{"@type":"EntryPoint","urlTemplate":"https:\/\/qqpets.com\/?s={search_term_string}"},"query-input":{"@type":"PropertyValueSpecification","valueRequired":true,"valueName":"search_term_string"}}],"inLanguage":"sl-SI"},{"@type":"Organization","@id":"https:\/\/qqpets.com\/#organization","name":"QQPETS","url":"https:\/\/qqpets.com\/","logo":{"@type":"ImageObject","inLanguage":"sl-SI","@id":"https:\/\/qqpets.com\/#\/schema\/logo\/image\/","url":"https:\/\/qqpets.com\/wp-content\/uploads\/2023\/09\/cropped-cropped-qqpets-tiktok.jpg","contentUrl":"https:\/\/qqpets.com\/wp-content\/uploads\/2023\/09\/cropped-cropped-qqpets-tiktok.jpg","width":511,"height":511,"caption":"QQPETS"},"image":{"@id":"https:\/\/qqpets.com\/#\/schema\/logo\/image\/"},"sameAs":["https:\/\/www.facebook.com\/QQpetsdogcollars","https:\/\/www.instagram.com\/qqpetscollar\/","https:\/\/www.pinterest.com\/qqpetsdogcollarsfactory\/"]}]}},"_links":{"self":[{"href":"https:\/\/qqpets.com\/sl\/wp-json\/wp\/v2\/product\/9274","targetHints":{"allow":["GET"]}}],"collection":[{"href":"https:\/\/qqpets.com\/sl\/wp-json\/wp\/v2\/product"}],"about":[{"href":"https:\/\/qqpets.com\/sl\/wp-json\/wp\/v2\/types\/product"}],"wp:featuredmedia":[{"embeddable":true,"href":"https:\/\/qqpets.com\/sl\/wp-json\/wp\/v2\/media\/9275"}],"wp:attachment":[{"href":"https:\/\/qqpets.com\/sl\/wp-json\/wp\/v2\/media?parent=9274"}],"wp:term":[{"taxonomy":"product_brand","embeddable":true,"href":"https:\/\/qqpets.com\/sl\/wp-json\/wp\/v2\/product_brand?post=9274"},{"taxonomy":"product_cat","embeddable":true,"href":"https:\/\/qqpets.com\/sl\/wp-json\/wp\/v2\/product_cat?post=9274"},{"taxonomy":"product_tag","embeddable":true,"href":"https:\/\/qqpets.com\/sl\/wp-json\/wp\/v2\/product_tag?post=9274"}],"curies":[{"name":"wp","href":"https:\/\/api.w.org\/{rel}","templated":true}]}}