{"id":9280,"date":"2024-11-13T17:02:00","date_gmt":"2024-11-13T09:02:00","guid":{"rendered":"https:\/\/qqpets.com\/?post_type=product&#038;p=9280"},"modified":"2024-11-13T17:02:00","modified_gmt":"2024-11-13T09:02:00","slug":"bow-tie-bandana","status":"publish","type":"product","link":"https:\/\/qqpets.com\/sl\/izdelek\/bow-tie-bandana\/","title":{"rendered":"Metulj\u010dek Bandana"},"content":{"rendered":"<p>Bandana z metulj\u010dkom je zasnovana tako, da v dodatke za hi\u0161ne ljubljen\u010dke vnese slog in vsestranskost. Bandana je izdelana iz vrhunske mehke tkanine, zato je ne\u017ena do ko\u017ee hi\u0161nih ljubljen\u010dkov in enostavna za no\u0161enje, kar zagotavlja udobje tudi med dolgotrajno uporabo. O\u010darljiv element metulj\u010dka dodaja igriv in eleganten pridih, zato je odli\u010den dodatek za hi\u0161ne ljubljen\u010dke za praznike, posebne prilo\u017enosti ali vsakodnevne izlete.<\/p>\n<p>Ta metulj\u010dek Bandana, ki je kot nala\u0161\u010d za stranke B2B, je mogo\u010de prilagoditi z logotipi, vzorci ali barvnimi shemami, da se ujema z estetiko va\u0161e blagovne znamke. Ne glede na to, ali ste lastnik trgovine za hi\u0161ne ljubljen\u010dke, spletni trgovec na drobno ali blagovna znamka, ki \u017eeli raz\u0161iriti svojo ponudbo izdelkov za hi\u0161ne ljubljen\u010dke, ta bandana zagotavlja edinstven in nepozaben na\u010din prikazovanja va\u0161e blagovne znamke. Na\u0161a tehnologija tiskanja po meri zagotavlja visokokakovostne, \u017eivahne barve, ki s\u010dasoma ostanejo svetle, tudi ob pogostem pranju.<\/p>\n<p>Vzdr\u017eljiva, lahka in zasnovana tako, da varno ostane na mestu, je ta pentljasta ruta idealna za vse hi\u0161ne ljubljen\u010dke. Z mo\u017enostjo prilagajanja lahko strankam ponudite zna\u010dilen videz blagovne znamke, ki dodaja vrednost in slog. S tem modnim dodatkom, ki je tako o\u010darljiv kot funkcionalen, dajte svoji liniji izdelkov prednost.<\/p>","protected":false},"excerpt":{"rendered":"<p>Na\u0161a metulj\u010dkasta ruta je vrhunski modni dodatek za hi\u0161ne ljubljen\u010dke, ki zdru\u017euje slog in udobje. Bandana je izdelana iz mehke in trpe\u017ene tkanine ter vklju\u010duje ljubkega metulj\u010dka, ki je kot nala\u0161\u010d za hi\u0161ne ljubljen\u010dke ob vsaki prilo\u017enosti. Bandana je zasnovana z mislijo na stranke B2B in jo je mogo\u010de v celoti prilagoditi, kar omogo\u010da uporabo logotipov blagovnih znamk ali edinstvenih vzorcev, ki so skladni z identiteto va\u0161e blagovne znamke. Bandana z metulj\u010dkom je idealna za trgovine za hi\u0161ne ljubljen\u010dke, frizerje ali trgovce na drobno in je odli\u010den dodatek k vsaki liniji izdelkov. Svojim strankam ponudite eleganten, visokokakovosten dodatek, ki povzdiguje modo za hi\u0161ne ljubljen\u010dke in hkrati predstavlja va\u0161o blagovno znamko.<\/p>","protected":false},"featured_media":9281,"template":"","meta":[],"product_brand":[],"product_cat":[58],"product_tag":[],"class_list":{"0":"post-9280","1":"product","2":"type-product","3":"status-publish","4":"has-post-thumbnail","6":"product_cat-accessories","8":"first","9":"instock","10":"shipping-taxable","11":"product-type-simple"},"yoast_head":"<!-- This site is optimized with the Yoast SEO plugin v26.6 - https:\/\/yoast.com\/wordpress\/plugins\/seo\/ -->\n<title>Bow Tie Bandana | QQPETS<\/title>\n<meta name=\"description\" content=\"Stylish, customizable Bow Tie Bandana for pets, ideal for branding with custom logos or patterns. Perfect for B2B clients looking to enhance their product lineup.\" \/>\n<meta name=\"robots\" content=\"index, follow, max-snippet:-1, max-image-preview:large, max-video-preview:-1\" \/>\n<link rel=\"canonical\" href=\"https:\/\/qqpets.com\/sl\/izdelek\/bow-tie-bandana\/\" \/>\n<meta property=\"og:locale\" content=\"sl_SI\" \/>\n<meta property=\"og:type\" content=\"article\" \/>\n<meta property=\"og:title\" content=\"Bow Tie Bandana | QQPETS\" \/>\n<meta property=\"og:description\" content=\"Stylish, customizable Bow Tie Bandana for pets, ideal for branding with custom logos or patterns. Perfect for B2B clients looking to enhance their product lineup.\" \/>\n<meta property=\"og:url\" content=\"https:\/\/qqpets.com\/sl\/izdelek\/bow-tie-bandana\/\" \/>\n<meta property=\"og:site_name\" content=\"QQPETS\" \/>\n<meta property=\"article:publisher\" content=\"https:\/\/www.facebook.com\/QQpetsdogcollars\" \/>\n<meta property=\"og:image\" content=\"https:\/\/qqpets.com\/wp-content\/uploads\/2024\/11\/Bow-Tie-Bandana1.webp\" \/>\n\t<meta property=\"og:image:width\" content=\"1000\" \/>\n\t<meta property=\"og:image:height\" content=\"1000\" \/>\n\t<meta property=\"og:image:type\" content=\"image\/webp\" \/>\n<meta name=\"twitter:card\" content=\"summary_large_image\" \/>\n<meta name=\"twitter:label1\" content=\"Est. reading time\" \/>\n\t<meta name=\"twitter:data1\" content=\"2 minuti\" \/>\n<script type=\"application\/ld+json\" class=\"yoast-schema-graph\">{\"@context\":\"https:\/\/schema.org\",\"@graph\":[{\"@type\":\"WebPage\",\"@id\":\"https:\/\/qqpets.com\/product\/bow-tie-bandana\/\",\"url\":\"https:\/\/qqpets.com\/product\/bow-tie-bandana\/\",\"name\":\"Bow Tie Bandana | QQPETS\",\"isPartOf\":{\"@id\":\"https:\/\/qqpets.com\/#website\"},\"primaryImageOfPage\":{\"@id\":\"https:\/\/qqpets.com\/product\/bow-tie-bandana\/#primaryimage\"},\"image\":{\"@id\":\"https:\/\/qqpets.com\/product\/bow-tie-bandana\/#primaryimage\"},\"thumbnailUrl\":\"https:\/\/qqpets.com\/wp-content\/uploads\/2024\/11\/Bow-Tie-Bandana1.webp\",\"datePublished\":\"2024-11-13T09:02:00+00:00\",\"description\":\"Stylish, customizable Bow Tie Bandana for pets, ideal for branding with custom logos or patterns. Perfect for B2B clients looking to enhance their product lineup.\",\"breadcrumb\":{\"@id\":\"https:\/\/qqpets.com\/product\/bow-tie-bandana\/#breadcrumb\"},\"inLanguage\":\"sl-SI\",\"potentialAction\":[{\"@type\":\"ReadAction\",\"target\":[\"https:\/\/qqpets.com\/product\/bow-tie-bandana\/\"]}]},{\"@type\":\"ImageObject\",\"inLanguage\":\"sl-SI\",\"@id\":\"https:\/\/qqpets.com\/product\/bow-tie-bandana\/#primaryimage\",\"url\":\"https:\/\/qqpets.com\/wp-content\/uploads\/2024\/11\/Bow-Tie-Bandana1.webp\",\"contentUrl\":\"https:\/\/qqpets.com\/wp-content\/uploads\/2024\/11\/Bow-Tie-Bandana1.webp\",\"width\":1000,\"height\":1000},{\"@type\":\"BreadcrumbList\",\"@id\":\"https:\/\/qqpets.com\/product\/bow-tie-bandana\/#breadcrumb\",\"itemListElement\":[{\"@type\":\"ListItem\",\"position\":1,\"name\":\"Home\",\"item\":\"https:\/\/qqpets.com\/\"},{\"@type\":\"ListItem\",\"position\":2,\"name\":\"Products\",\"item\":\"https:\/\/qqpets.com\/pet-products-manufacturer\/\"},{\"@type\":\"ListItem\",\"position\":3,\"name\":\"Bow Tie Bandana\"}]},{\"@type\":\"WebSite\",\"@id\":\"https:\/\/qqpets.com\/#website\",\"url\":\"https:\/\/qqpets.com\/\",\"name\":\"QQPETS\",\"description\":\"QQPETS is a pet products factory for dog harnesses, dog collars, dog leashes and dog accessories with professional customized service since 2005.\",\"publisher\":{\"@id\":\"https:\/\/qqpets.com\/#organization\"},\"potentialAction\":[{\"@type\":\"SearchAction\",\"target\":{\"@type\":\"EntryPoint\",\"urlTemplate\":\"https:\/\/qqpets.com\/?s={search_term_string}\"},\"query-input\":{\"@type\":\"PropertyValueSpecification\",\"valueRequired\":true,\"valueName\":\"search_term_string\"}}],\"inLanguage\":\"sl-SI\"},{\"@type\":\"Organization\",\"@id\":\"https:\/\/qqpets.com\/#organization\",\"name\":\"QQPETS\",\"url\":\"https:\/\/qqpets.com\/\",\"logo\":{\"@type\":\"ImageObject\",\"inLanguage\":\"sl-SI\",\"@id\":\"https:\/\/qqpets.com\/#\/schema\/logo\/image\/\",\"url\":\"https:\/\/qqpets.com\/wp-content\/uploads\/2023\/09\/cropped-cropped-qqpets-tiktok.jpg\",\"contentUrl\":\"https:\/\/qqpets.com\/wp-content\/uploads\/2023\/09\/cropped-cropped-qqpets-tiktok.jpg\",\"width\":511,\"height\":511,\"caption\":\"QQPETS\"},\"image\":{\"@id\":\"https:\/\/qqpets.com\/#\/schema\/logo\/image\/\"},\"sameAs\":[\"https:\/\/www.facebook.com\/QQpetsdogcollars\",\"https:\/\/www.instagram.com\/qqpetscollar\/\",\"https:\/\/www.pinterest.com\/qqpetsdogcollarsfactory\/\"]}]}<\/script>\n<!-- \/ Yoast SEO plugin. -->","yoast_head_json":{"title":"Metulj\u010dek Bandana | QQPETS","description":"Elegantna, prilagodljiva metulj\u010dkasta ruta za hi\u0161ne ljubljen\u010dke, idealna za blagovno znamko z logotipi ali vzorci po meri. Odli\u010dno za stranke B2B, ki \u017eelijo izbolj\u0161ati svojo linijo izdelkov.","robots":{"index":"index","follow":"follow","max-snippet":"max-snippet:-1","max-image-preview":"max-image-preview:large","max-video-preview":"max-video-preview:-1"},"canonical":"https:\/\/qqpets.com\/sl\/izdelek\/bow-tie-bandana\/","og_locale":"sl_SI","og_type":"article","og_title":"Bow Tie Bandana | QQPETS","og_description":"Stylish, customizable Bow Tie Bandana for pets, ideal for branding with custom logos or patterns. Perfect for B2B clients looking to enhance their product lineup.","og_url":"https:\/\/qqpets.com\/sl\/izdelek\/bow-tie-bandana\/","og_site_name":"QQPETS","article_publisher":"https:\/\/www.facebook.com\/QQpetsdogcollars","og_image":[{"width":1000,"height":1000,"url":"https:\/\/qqpets.com\/wp-content\/uploads\/2024\/11\/Bow-Tie-Bandana1.webp","type":"image\/webp"}],"twitter_card":"summary_large_image","twitter_misc":{"Est. reading time":"2 minuti"},"schema":{"@context":"https:\/\/schema.org","@graph":[{"@type":"WebPage","@id":"https:\/\/qqpets.com\/product\/bow-tie-bandana\/","url":"https:\/\/qqpets.com\/product\/bow-tie-bandana\/","name":"Metulj\u010dek Bandana | QQPETS","isPartOf":{"@id":"https:\/\/qqpets.com\/#website"},"primaryImageOfPage":{"@id":"https:\/\/qqpets.com\/product\/bow-tie-bandana\/#primaryimage"},"image":{"@id":"https:\/\/qqpets.com\/product\/bow-tie-bandana\/#primaryimage"},"thumbnailUrl":"https:\/\/qqpets.com\/wp-content\/uploads\/2024\/11\/Bow-Tie-Bandana1.webp","datePublished":"2024-11-13T09:02:00+00:00","description":"Elegantna, prilagodljiva metulj\u010dkasta ruta za hi\u0161ne ljubljen\u010dke, idealna za blagovno znamko z logotipi ali vzorci po meri. Odli\u010dno za stranke B2B, ki \u017eelijo izbolj\u0161ati svojo linijo izdelkov.","breadcrumb":{"@id":"https:\/\/qqpets.com\/product\/bow-tie-bandana\/#breadcrumb"},"inLanguage":"sl-SI","potentialAction":[{"@type":"ReadAction","target":["https:\/\/qqpets.com\/product\/bow-tie-bandana\/"]}]},{"@type":"ImageObject","inLanguage":"sl-SI","@id":"https:\/\/qqpets.com\/product\/bow-tie-bandana\/#primaryimage","url":"https:\/\/qqpets.com\/wp-content\/uploads\/2024\/11\/Bow-Tie-Bandana1.webp","contentUrl":"https:\/\/qqpets.com\/wp-content\/uploads\/2024\/11\/Bow-Tie-Bandana1.webp","width":1000,"height":1000},{"@type":"BreadcrumbList","@id":"https:\/\/qqpets.com\/product\/bow-tie-bandana\/#breadcrumb","itemListElement":[{"@type":"ListItem","position":1,"name":"Home","item":"https:\/\/qqpets.com\/"},{"@type":"ListItem","position":2,"name":"Products","item":"https:\/\/qqpets.com\/pet-products-manufacturer\/"},{"@type":"ListItem","position":3,"name":"Bow Tie Bandana"}]},{"@type":"WebSite","@id":"https:\/\/qqpets.com\/#website","url":"https:\/\/qqpets.com\/","name":"QQPETS","description":"QQPETS je tovarna izdelkov za hi\u0161ne ljubljen\u010dke za pasje postroje, pasje ovratnice, pasje povodce in pasje dodatke s strokovno prilagojeno storitvijo od leta 2005.","publisher":{"@id":"https:\/\/qqpets.com\/#organization"},"potentialAction":[{"@type":"SearchAction","target":{"@type":"EntryPoint","urlTemplate":"https:\/\/qqpets.com\/?s={search_term_string}"},"query-input":{"@type":"PropertyValueSpecification","valueRequired":true,"valueName":"search_term_string"}}],"inLanguage":"sl-SI"},{"@type":"Organization","@id":"https:\/\/qqpets.com\/#organization","name":"QQPETS","url":"https:\/\/qqpets.com\/","logo":{"@type":"ImageObject","inLanguage":"sl-SI","@id":"https:\/\/qqpets.com\/#\/schema\/logo\/image\/","url":"https:\/\/qqpets.com\/wp-content\/uploads\/2023\/09\/cropped-cropped-qqpets-tiktok.jpg","contentUrl":"https:\/\/qqpets.com\/wp-content\/uploads\/2023\/09\/cropped-cropped-qqpets-tiktok.jpg","width":511,"height":511,"caption":"QQPETS"},"image":{"@id":"https:\/\/qqpets.com\/#\/schema\/logo\/image\/"},"sameAs":["https:\/\/www.facebook.com\/QQpetsdogcollars","https:\/\/www.instagram.com\/qqpetscollar\/","https:\/\/www.pinterest.com\/qqpetsdogcollarsfactory\/"]}]}},"_links":{"self":[{"href":"https:\/\/qqpets.com\/sl\/wp-json\/wp\/v2\/product\/9280","targetHints":{"allow":["GET"]}}],"collection":[{"href":"https:\/\/qqpets.com\/sl\/wp-json\/wp\/v2\/product"}],"about":[{"href":"https:\/\/qqpets.com\/sl\/wp-json\/wp\/v2\/types\/product"}],"wp:featuredmedia":[{"embeddable":true,"href":"https:\/\/qqpets.com\/sl\/wp-json\/wp\/v2\/media\/9281"}],"wp:attachment":[{"href":"https:\/\/qqpets.com\/sl\/wp-json\/wp\/v2\/media?parent=9280"}],"wp:term":[{"taxonomy":"product_brand","embeddable":true,"href":"https:\/\/qqpets.com\/sl\/wp-json\/wp\/v2\/product_brand?post=9280"},{"taxonomy":"product_cat","embeddable":true,"href":"https:\/\/qqpets.com\/sl\/wp-json\/wp\/v2\/product_cat?post=9280"},{"taxonomy":"product_tag","embeddable":true,"href":"https:\/\/qqpets.com\/sl\/wp-json\/wp\/v2\/product_tag?post=9280"}],"curies":[{"name":"wp","href":"https:\/\/api.w.org\/{rel}","templated":true}]}}