{"id":9302,"date":"2024-11-14T11:56:30","date_gmt":"2024-11-14T03:56:30","guid":{"rendered":"https:\/\/qqpets.com\/?post_type=product&#038;p=9302"},"modified":"2024-11-14T11:56:30","modified_gmt":"2024-11-14T03:56:30","slug":"dog-bow-tie","status":"publish","type":"product","link":"https:\/\/qqpets.com\/sl\/izdelek\/dog-bow-tie\/","title":{"rendered":"Pasji metulj\u010dek"},"content":{"rendered":"<p>Ta prilagodljiv metulj\u010dek je eleganten in prakti\u010den na\u010din za blagovne znamke hi\u0161nih \u017eivali, da svoji paleti izdelkov dodajo pridih elegance. Metulj\u010dek je izdelan iz blaga vrhunske kakovosti in zdru\u017euje vzdr\u017eljivost z \u017eivahnimi prilagodljivimi mo\u017enostmi oblikovanja, ki prikazujejo edinstveno identiteto va\u0161e blagovne znamke. Ne glede na to, ali se uporablja kot sezonski modni kos ali kot vsakodnevni dodatek, je ta metulj\u010dek izdelan za dolgo \u017eivljenjsko dobo, saj ima kakovostne \u0161ive in enostavno obliko, ki se varno prilega standardni ovratnici za hi\u0161ne ljubljen\u010dke.<\/p>\n<p>Ta metulj\u010dek je zasnovan z mislijo na udobje in slog, zato je kot nala\u0161\u010d za podjetja za nego hi\u0161nih ljubljen\u010dkov, spletne trgovine z dodatki za hi\u0161ne ljubljen\u010dke ali vse trgovce, ki \u017eelijo izstopati z edinstveno ponudbo z blagovno znamko. Za stranke B2B je to idealna prilo\u017enost za pove\u010danje privla\u010dnosti izdelkov z logotipi po meri, barvami ali vzorci, ki so skladni z estetiko va\u0161e blagovne znamke.<\/p>\n<p>S tem metulj\u010dkom v svoji zbirki strankam ponudite edinstveno in modno mo\u017enost za njihove hi\u0161ne ljubljen\u010dke. Z me\u0161anico elegance in kakovosti ta dodatek ne le dopolnjuje obleko hi\u0161nega ljubljen\u010dka, temve\u010d je tudi elegantno orodje za oblikovanje blagovne znamke va\u0161ega podjetja.<\/p>","protected":false},"excerpt":{"rendered":"<p>Na\u0161 prilagodljiv metulj\u010dek je popoln dodatek za hi\u0161ne ljubljen\u010dke, ki doda pridih prefinjenosti in sloga. Ta metulj\u010dek je izdelan iz vrhunske, trpe\u017ene tkanine in je idealen za stranke B2B, ki \u017eelijo imeti logotipe po meri ali edinstvene vzorce, zato je elegantna re\u0161itev za oblikovanje blagovne znamke. Udoben in enostaven za pritrditev je zasnovan tako, da se varno prilega ovratnicam, kar hi\u0161nim ljubljen\u010dkom omogo\u010da, da ostanejo hkrati elegantni in udobni. Ta metulj\u010dek je odli\u010den dodatek za blagovne znamke, ki \u017eelijo lastnikom hi\u0161nih ljubljen\u010dkov zagotoviti modne in prilagojene dodatke, ki izra\u017eajo slog in identiteto blagovne znamke.<\/p>\n<p>&nbsp;<\/p>","protected":false},"featured_media":9303,"template":"","meta":[],"product_brand":[],"product_cat":[58],"product_tag":[],"class_list":{"0":"post-9302","1":"product","2":"type-product","3":"status-publish","4":"has-post-thumbnail","6":"product_cat-accessories","8":"first","9":"instock","10":"shipping-taxable","11":"product-type-simple"},"yoast_head":"<!-- This site is optimized with the Yoast SEO plugin v26.6 - https:\/\/yoast.com\/wordpress\/plugins\/seo\/ -->\n<title>Dog Bow Tie | QQPETS<\/title>\n<meta name=\"description\" content=\"Customizable bow tie for pets! Made from premium fabric, perfect for B2B clients needing custom logos or patterns. Elevate any pet brand with style and charm.\" \/>\n<meta name=\"robots\" content=\"index, follow, max-snippet:-1, max-image-preview:large, max-video-preview:-1\" \/>\n<link rel=\"canonical\" href=\"https:\/\/qqpets.com\/sl\/izdelek\/dog-bow-tie\/\" \/>\n<meta property=\"og:locale\" content=\"sl_SI\" \/>\n<meta property=\"og:type\" content=\"article\" \/>\n<meta property=\"og:title\" content=\"Dog Bow Tie | QQPETS\" \/>\n<meta property=\"og:description\" content=\"Customizable bow tie for pets! Made from premium fabric, perfect for B2B clients needing custom logos or patterns. Elevate any pet brand with style and charm.\" \/>\n<meta property=\"og:url\" content=\"https:\/\/qqpets.com\/sl\/izdelek\/dog-bow-tie\/\" \/>\n<meta property=\"og:site_name\" content=\"QQPETS\" \/>\n<meta property=\"article:publisher\" content=\"https:\/\/www.facebook.com\/QQpetsdogcollars\" \/>\n<meta property=\"og:image\" content=\"https:\/\/qqpets.com\/wp-content\/uploads\/2024\/11\/bow-tie1.webp\" \/>\n\t<meta property=\"og:image:width\" content=\"800\" \/>\n\t<meta property=\"og:image:height\" content=\"800\" \/>\n\t<meta property=\"og:image:type\" content=\"image\/webp\" \/>\n<meta name=\"twitter:card\" content=\"summary_large_image\" \/>\n<meta name=\"twitter:label1\" content=\"Est. reading time\" \/>\n\t<meta name=\"twitter:data1\" content=\"1 minuta\" \/>\n<script type=\"application\/ld+json\" class=\"yoast-schema-graph\">{\"@context\":\"https:\/\/schema.org\",\"@graph\":[{\"@type\":\"WebPage\",\"@id\":\"https:\/\/qqpets.com\/product\/dog-bow-tie\/\",\"url\":\"https:\/\/qqpets.com\/product\/dog-bow-tie\/\",\"name\":\"Dog Bow Tie | QQPETS\",\"isPartOf\":{\"@id\":\"https:\/\/qqpets.com\/#website\"},\"primaryImageOfPage\":{\"@id\":\"https:\/\/qqpets.com\/product\/dog-bow-tie\/#primaryimage\"},\"image\":{\"@id\":\"https:\/\/qqpets.com\/product\/dog-bow-tie\/#primaryimage\"},\"thumbnailUrl\":\"https:\/\/qqpets.com\/wp-content\/uploads\/2024\/11\/bow-tie1.webp\",\"datePublished\":\"2024-11-14T03:56:30+00:00\",\"description\":\"Customizable bow tie for pets! Made from premium fabric, perfect for B2B clients needing custom logos or patterns. Elevate any pet brand with style and charm.\",\"breadcrumb\":{\"@id\":\"https:\/\/qqpets.com\/product\/dog-bow-tie\/#breadcrumb\"},\"inLanguage\":\"sl-SI\",\"potentialAction\":[{\"@type\":\"ReadAction\",\"target\":[\"https:\/\/qqpets.com\/product\/dog-bow-tie\/\"]}]},{\"@type\":\"ImageObject\",\"inLanguage\":\"sl-SI\",\"@id\":\"https:\/\/qqpets.com\/product\/dog-bow-tie\/#primaryimage\",\"url\":\"https:\/\/qqpets.com\/wp-content\/uploads\/2024\/11\/bow-tie1.webp\",\"contentUrl\":\"https:\/\/qqpets.com\/wp-content\/uploads\/2024\/11\/bow-tie1.webp\",\"width\":800,\"height\":800},{\"@type\":\"BreadcrumbList\",\"@id\":\"https:\/\/qqpets.com\/product\/dog-bow-tie\/#breadcrumb\",\"itemListElement\":[{\"@type\":\"ListItem\",\"position\":1,\"name\":\"Home\",\"item\":\"https:\/\/qqpets.com\/\"},{\"@type\":\"ListItem\",\"position\":2,\"name\":\"Products\",\"item\":\"https:\/\/qqpets.com\/pet-products-manufacturer\/\"},{\"@type\":\"ListItem\",\"position\":3,\"name\":\"Dog Bow Tie\"}]},{\"@type\":\"WebSite\",\"@id\":\"https:\/\/qqpets.com\/#website\",\"url\":\"https:\/\/qqpets.com\/\",\"name\":\"QQPETS\",\"description\":\"QQPETS is a pet products factory for dog harnesses, dog collars, dog leashes and dog accessories with professional customized service since 2005.\",\"publisher\":{\"@id\":\"https:\/\/qqpets.com\/#organization\"},\"potentialAction\":[{\"@type\":\"SearchAction\",\"target\":{\"@type\":\"EntryPoint\",\"urlTemplate\":\"https:\/\/qqpets.com\/?s={search_term_string}\"},\"query-input\":{\"@type\":\"PropertyValueSpecification\",\"valueRequired\":true,\"valueName\":\"search_term_string\"}}],\"inLanguage\":\"sl-SI\"},{\"@type\":\"Organization\",\"@id\":\"https:\/\/qqpets.com\/#organization\",\"name\":\"QQPETS\",\"url\":\"https:\/\/qqpets.com\/\",\"logo\":{\"@type\":\"ImageObject\",\"inLanguage\":\"sl-SI\",\"@id\":\"https:\/\/qqpets.com\/#\/schema\/logo\/image\/\",\"url\":\"https:\/\/qqpets.com\/wp-content\/uploads\/2023\/09\/cropped-cropped-qqpets-tiktok.jpg\",\"contentUrl\":\"https:\/\/qqpets.com\/wp-content\/uploads\/2023\/09\/cropped-cropped-qqpets-tiktok.jpg\",\"width\":511,\"height\":511,\"caption\":\"QQPETS\"},\"image\":{\"@id\":\"https:\/\/qqpets.com\/#\/schema\/logo\/image\/\"},\"sameAs\":[\"https:\/\/www.facebook.com\/QQpetsdogcollars\",\"https:\/\/www.instagram.com\/qqpetscollar\/\",\"https:\/\/www.pinterest.com\/qqpetsdogcollarsfactory\/\"]}]}<\/script>\n<!-- \/ Yoast SEO plugin. -->","yoast_head_json":{"title":"Pasji metulj\u010dek | QQPETS","description":"Prilagodljiv metulj\u010dek za hi\u0161ne ljubljen\u010dke! Narejen je iz vrhunske tkanine, kot nala\u0161\u010d za stranke B2B, ki potrebujejo logotipe ali vzorce po meri. S slogom in \u0161armom povzdignite blagovno znamko hi\u0161nih ljubljen\u010dkov.","robots":{"index":"index","follow":"follow","max-snippet":"max-snippet:-1","max-image-preview":"max-image-preview:large","max-video-preview":"max-video-preview:-1"},"canonical":"https:\/\/qqpets.com\/sl\/izdelek\/dog-bow-tie\/","og_locale":"sl_SI","og_type":"article","og_title":"Dog Bow Tie | QQPETS","og_description":"Customizable bow tie for pets! Made from premium fabric, perfect for B2B clients needing custom logos or patterns. Elevate any pet brand with style and charm.","og_url":"https:\/\/qqpets.com\/sl\/izdelek\/dog-bow-tie\/","og_site_name":"QQPETS","article_publisher":"https:\/\/www.facebook.com\/QQpetsdogcollars","og_image":[{"width":800,"height":800,"url":"https:\/\/qqpets.com\/wp-content\/uploads\/2024\/11\/bow-tie1.webp","type":"image\/webp"}],"twitter_card":"summary_large_image","twitter_misc":{"Est. reading time":"1 minuta"},"schema":{"@context":"https:\/\/schema.org","@graph":[{"@type":"WebPage","@id":"https:\/\/qqpets.com\/product\/dog-bow-tie\/","url":"https:\/\/qqpets.com\/product\/dog-bow-tie\/","name":"Pasji metulj\u010dek | QQPETS","isPartOf":{"@id":"https:\/\/qqpets.com\/#website"},"primaryImageOfPage":{"@id":"https:\/\/qqpets.com\/product\/dog-bow-tie\/#primaryimage"},"image":{"@id":"https:\/\/qqpets.com\/product\/dog-bow-tie\/#primaryimage"},"thumbnailUrl":"https:\/\/qqpets.com\/wp-content\/uploads\/2024\/11\/bow-tie1.webp","datePublished":"2024-11-14T03:56:30+00:00","description":"Prilagodljiv metulj\u010dek za hi\u0161ne ljubljen\u010dke! Narejen je iz vrhunske tkanine, kot nala\u0161\u010d za stranke B2B, ki potrebujejo logotipe ali vzorce po meri. S slogom in \u0161armom povzdignite blagovno znamko hi\u0161nih ljubljen\u010dkov.","breadcrumb":{"@id":"https:\/\/qqpets.com\/product\/dog-bow-tie\/#breadcrumb"},"inLanguage":"sl-SI","potentialAction":[{"@type":"ReadAction","target":["https:\/\/qqpets.com\/product\/dog-bow-tie\/"]}]},{"@type":"ImageObject","inLanguage":"sl-SI","@id":"https:\/\/qqpets.com\/product\/dog-bow-tie\/#primaryimage","url":"https:\/\/qqpets.com\/wp-content\/uploads\/2024\/11\/bow-tie1.webp","contentUrl":"https:\/\/qqpets.com\/wp-content\/uploads\/2024\/11\/bow-tie1.webp","width":800,"height":800},{"@type":"BreadcrumbList","@id":"https:\/\/qqpets.com\/product\/dog-bow-tie\/#breadcrumb","itemListElement":[{"@type":"ListItem","position":1,"name":"Home","item":"https:\/\/qqpets.com\/"},{"@type":"ListItem","position":2,"name":"Products","item":"https:\/\/qqpets.com\/pet-products-manufacturer\/"},{"@type":"ListItem","position":3,"name":"Dog Bow Tie"}]},{"@type":"WebSite","@id":"https:\/\/qqpets.com\/#website","url":"https:\/\/qqpets.com\/","name":"QQPETS","description":"QQPETS je tovarna izdelkov za hi\u0161ne ljubljen\u010dke za pasje postroje, pasje ovratnice, pasje povodce in pasje dodatke s strokovno prilagojeno storitvijo od leta 2005.","publisher":{"@id":"https:\/\/qqpets.com\/#organization"},"potentialAction":[{"@type":"SearchAction","target":{"@type":"EntryPoint","urlTemplate":"https:\/\/qqpets.com\/?s={search_term_string}"},"query-input":{"@type":"PropertyValueSpecification","valueRequired":true,"valueName":"search_term_string"}}],"inLanguage":"sl-SI"},{"@type":"Organization","@id":"https:\/\/qqpets.com\/#organization","name":"QQPETS","url":"https:\/\/qqpets.com\/","logo":{"@type":"ImageObject","inLanguage":"sl-SI","@id":"https:\/\/qqpets.com\/#\/schema\/logo\/image\/","url":"https:\/\/qqpets.com\/wp-content\/uploads\/2023\/09\/cropped-cropped-qqpets-tiktok.jpg","contentUrl":"https:\/\/qqpets.com\/wp-content\/uploads\/2023\/09\/cropped-cropped-qqpets-tiktok.jpg","width":511,"height":511,"caption":"QQPETS"},"image":{"@id":"https:\/\/qqpets.com\/#\/schema\/logo\/image\/"},"sameAs":["https:\/\/www.facebook.com\/QQpetsdogcollars","https:\/\/www.instagram.com\/qqpetscollar\/","https:\/\/www.pinterest.com\/qqpetsdogcollarsfactory\/"]}]}},"_links":{"self":[{"href":"https:\/\/qqpets.com\/sl\/wp-json\/wp\/v2\/product\/9302","targetHints":{"allow":["GET"]}}],"collection":[{"href":"https:\/\/qqpets.com\/sl\/wp-json\/wp\/v2\/product"}],"about":[{"href":"https:\/\/qqpets.com\/sl\/wp-json\/wp\/v2\/types\/product"}],"wp:featuredmedia":[{"embeddable":true,"href":"https:\/\/qqpets.com\/sl\/wp-json\/wp\/v2\/media\/9303"}],"wp:attachment":[{"href":"https:\/\/qqpets.com\/sl\/wp-json\/wp\/v2\/media?parent=9302"}],"wp:term":[{"taxonomy":"product_brand","embeddable":true,"href":"https:\/\/qqpets.com\/sl\/wp-json\/wp\/v2\/product_brand?post=9302"},{"taxonomy":"product_cat","embeddable":true,"href":"https:\/\/qqpets.com\/sl\/wp-json\/wp\/v2\/product_cat?post=9302"},{"taxonomy":"product_tag","embeddable":true,"href":"https:\/\/qqpets.com\/sl\/wp-json\/wp\/v2\/product_tag?post=9302"}],"curies":[{"name":"wp","href":"https:\/\/api.w.org\/{rel}","templated":true}]}}