{"id":9316,"date":"2024-11-14T14:14:02","date_gmt":"2024-11-14T06:14:02","guid":{"rendered":"https:\/\/qqpets.com\/?post_type=product&#038;p=9316"},"modified":"2024-11-14T14:14:02","modified_gmt":"2024-11-14T06:14:02","slug":"collar-bandana","status":"publish","type":"product","link":"https:\/\/qqpets.com\/sl\/izdelek\/collar-bandana\/","title":{"rendered":"Ovratnik Bandana"},"content":{"rendered":"<p>Ovratnica Bandana je odli\u010den na\u010din, kako dodati eleganten pridih ovratnici vsakega hi\u0161nega ljubljen\u010dka. Ta dodatek je izdelan iz trpe\u017ene in mehke tkanine ter je zasnovan tako, da se zlahka namesti na katero koli standardno ovratnico za hi\u0161ne ljubljen\u010dke ter zagotavlja udobje in modo. Njegova prilagodljivost je odli\u010dna prilo\u017enost za stranke B2B, da dodajo edinstveno noto, bodisi logotip, vzorec ali obliko, ki se ujema z identiteto njihove blagovne znamke.<\/p>\n<p>Te ovratnice so idealne za trgovine za hi\u0161ne ljubljen\u010dke, salone za nego ali celo kot del promocijskega darila z blagovno znamko. Zaradi \u017eivahnih barv in visokokakovostnih materialov jih lahko nosite tako za vsakodnevne sprehode kot za posebne prilo\u017enosti. Zaradi svoje vsestranskosti in mo\u017enosti prilagajanja so pripomo\u010dek za lastnike hi\u0161nih ljubljen\u010dkov, ki \u017eelijo izbolj\u0161ati slog svojih ljubljen\u010dkov.<\/p>\n<p>Poleg estetske privla\u010dnosti so te rutke oblikovane z mislijo na udobje hi\u0161nih ljubljen\u010dkov, saj ne ovirajo gibanja. Te ovratnice so popolna kombinacija sloga, prakti\u010dnosti in mo\u017enosti blagovne znamke, zato so obvezen izdelek za vsako podjetje, ki \u017eeli prodreti na rasto\u010di trg dodatkov za hi\u0161ne ljubljen\u010dke.<\/p>","protected":false},"excerpt":{"rendered":"<p>Na\u0161e prilagodljive ovratnice so odli\u010dna kombinacija sloga in funkcionalnosti za hi\u0161ne ljubljen\u010dke. Narejene so iz visokokakovostne tkanine in se zlahka pritrdijo na katero koli ovratnico za hi\u0161ne ljubljen\u010dke. Strankam B2B ponujajo mo\u017enosti za oblikovanje blagovne znamke, saj omogo\u010dajo dodajanje logotipov ali vzorcev za ustvarjanje edinstvenega izdelka. Ne glede na to, ali jih uporabljate za vsakodnevne sprehode ali posebne prilo\u017enosti, so te bandane odli\u010den na\u010din za izbolj\u0161anje videza hi\u0161nega ljubljen\u010dka, hkrati pa promovirajo va\u0161o blagovno znamko. Te ovratnice so idealne za trgovine z \u017eivalmi, salone za nego in promocijska darila ter so odli\u010dna izbira za vsa podjetja, ki \u017eelijo izstopati na trgu dodatkov za \u017eivali.<\/p>","protected":false},"featured_media":9317,"template":"","meta":[],"product_brand":[],"product_cat":[58],"product_tag":[],"class_list":{"0":"post-9316","1":"product","2":"type-product","3":"status-publish","4":"has-post-thumbnail","6":"product_cat-accessories","8":"first","9":"instock","10":"shipping-taxable","11":"product-type-simple"},"yoast_head":"<!-- This site is optimized with the Yoast SEO plugin v26.6 - https:\/\/yoast.com\/wordpress\/plugins\/seo\/ -->\n<title>Collar Bandana | QQPETS<\/title>\n<meta name=\"description\" content=\"Customizable collar bandanas for pets. Ideal for B2B clients looking for branded pet accessories with unique logo or pattern options. Stylish, comfortable, and functional.\" \/>\n<meta name=\"robots\" content=\"index, follow, max-snippet:-1, max-image-preview:large, max-video-preview:-1\" \/>\n<link rel=\"canonical\" href=\"https:\/\/qqpets.com\/sl\/izdelek\/collar-bandana\/\" \/>\n<meta property=\"og:locale\" content=\"sl_SI\" \/>\n<meta property=\"og:type\" content=\"article\" \/>\n<meta property=\"og:title\" content=\"Collar Bandana | QQPETS\" \/>\n<meta property=\"og:description\" content=\"Customizable collar bandanas for pets. Ideal for B2B clients looking for branded pet accessories with unique logo or pattern options. Stylish, comfortable, and functional.\" \/>\n<meta property=\"og:url\" content=\"https:\/\/qqpets.com\/sl\/izdelek\/collar-bandana\/\" \/>\n<meta property=\"og:site_name\" content=\"QQPETS\" \/>\n<meta property=\"article:publisher\" content=\"https:\/\/www.facebook.com\/QQpetsdogcollars\" \/>\n<meta property=\"og:image\" content=\"https:\/\/qqpets.com\/wp-content\/uploads\/2024\/11\/collar-bandana2-scaled.webp\" \/>\n\t<meta property=\"og:image:width\" content=\"2560\" \/>\n\t<meta property=\"og:image:height\" content=\"2560\" \/>\n\t<meta property=\"og:image:type\" content=\"image\/webp\" \/>\n<meta name=\"twitter:card\" content=\"summary_large_image\" \/>\n<meta name=\"twitter:label1\" content=\"Est. reading time\" \/>\n\t<meta name=\"twitter:data1\" content=\"1 minuta\" \/>\n<script type=\"application\/ld+json\" class=\"yoast-schema-graph\">{\"@context\":\"https:\/\/schema.org\",\"@graph\":[{\"@type\":\"WebPage\",\"@id\":\"https:\/\/qqpets.com\/product\/collar-bandana\/\",\"url\":\"https:\/\/qqpets.com\/product\/collar-bandana\/\",\"name\":\"Collar Bandana | QQPETS\",\"isPartOf\":{\"@id\":\"https:\/\/qqpets.com\/#website\"},\"primaryImageOfPage\":{\"@id\":\"https:\/\/qqpets.com\/product\/collar-bandana\/#primaryimage\"},\"image\":{\"@id\":\"https:\/\/qqpets.com\/product\/collar-bandana\/#primaryimage\"},\"thumbnailUrl\":\"https:\/\/qqpets.com\/wp-content\/uploads\/2024\/11\/collar-bandana2-scaled.webp\",\"datePublished\":\"2024-11-14T06:14:02+00:00\",\"description\":\"Customizable collar bandanas for pets. Ideal for B2B clients looking for branded pet accessories with unique logo or pattern options. Stylish, comfortable, and functional.\",\"breadcrumb\":{\"@id\":\"https:\/\/qqpets.com\/product\/collar-bandana\/#breadcrumb\"},\"inLanguage\":\"sl-SI\",\"potentialAction\":[{\"@type\":\"ReadAction\",\"target\":[\"https:\/\/qqpets.com\/product\/collar-bandana\/\"]}]},{\"@type\":\"ImageObject\",\"inLanguage\":\"sl-SI\",\"@id\":\"https:\/\/qqpets.com\/product\/collar-bandana\/#primaryimage\",\"url\":\"https:\/\/qqpets.com\/wp-content\/uploads\/2024\/11\/collar-bandana2-scaled.webp\",\"contentUrl\":\"https:\/\/qqpets.com\/wp-content\/uploads\/2024\/11\/collar-bandana2-scaled.webp\",\"width\":2560,\"height\":2560},{\"@type\":\"BreadcrumbList\",\"@id\":\"https:\/\/qqpets.com\/product\/collar-bandana\/#breadcrumb\",\"itemListElement\":[{\"@type\":\"ListItem\",\"position\":1,\"name\":\"Home\",\"item\":\"https:\/\/qqpets.com\/\"},{\"@type\":\"ListItem\",\"position\":2,\"name\":\"Products\",\"item\":\"https:\/\/qqpets.com\/pet-products-manufacturer\/\"},{\"@type\":\"ListItem\",\"position\":3,\"name\":\"Collar Bandana\"}]},{\"@type\":\"WebSite\",\"@id\":\"https:\/\/qqpets.com\/#website\",\"url\":\"https:\/\/qqpets.com\/\",\"name\":\"QQPETS\",\"description\":\"QQPETS is a pet products factory for dog harnesses, dog collars, dog leashes and dog accessories with professional customized service since 2005.\",\"publisher\":{\"@id\":\"https:\/\/qqpets.com\/#organization\"},\"potentialAction\":[{\"@type\":\"SearchAction\",\"target\":{\"@type\":\"EntryPoint\",\"urlTemplate\":\"https:\/\/qqpets.com\/?s={search_term_string}\"},\"query-input\":{\"@type\":\"PropertyValueSpecification\",\"valueRequired\":true,\"valueName\":\"search_term_string\"}}],\"inLanguage\":\"sl-SI\"},{\"@type\":\"Organization\",\"@id\":\"https:\/\/qqpets.com\/#organization\",\"name\":\"QQPETS\",\"url\":\"https:\/\/qqpets.com\/\",\"logo\":{\"@type\":\"ImageObject\",\"inLanguage\":\"sl-SI\",\"@id\":\"https:\/\/qqpets.com\/#\/schema\/logo\/image\/\",\"url\":\"https:\/\/qqpets.com\/wp-content\/uploads\/2023\/09\/cropped-cropped-qqpets-tiktok.jpg\",\"contentUrl\":\"https:\/\/qqpets.com\/wp-content\/uploads\/2023\/09\/cropped-cropped-qqpets-tiktok.jpg\",\"width\":511,\"height\":511,\"caption\":\"QQPETS\"},\"image\":{\"@id\":\"https:\/\/qqpets.com\/#\/schema\/logo\/image\/\"},\"sameAs\":[\"https:\/\/www.facebook.com\/QQpetsdogcollars\",\"https:\/\/www.instagram.com\/qqpetscollar\/\",\"https:\/\/www.pinterest.com\/qqpetsdogcollarsfactory\/\"]}]}<\/script>\n<!-- \/ Yoast SEO plugin. -->","yoast_head_json":{"title":"Ovratnik Bandana | QQPETS","description":"Prilagodljive ovratnice za hi\u0161ne ljubljen\u010dke. Idealno za stranke B2B, ki i\u0161\u010dejo blagovno znamko dodatkov za hi\u0161ne ljubljen\u010dke z edinstvenim logotipom ali vzorcem. Elegantne, udobne in funkcionalne.","robots":{"index":"index","follow":"follow","max-snippet":"max-snippet:-1","max-image-preview":"max-image-preview:large","max-video-preview":"max-video-preview:-1"},"canonical":"https:\/\/qqpets.com\/sl\/izdelek\/collar-bandana\/","og_locale":"sl_SI","og_type":"article","og_title":"Collar Bandana | QQPETS","og_description":"Customizable collar bandanas for pets. Ideal for B2B clients looking for branded pet accessories with unique logo or pattern options. Stylish, comfortable, and functional.","og_url":"https:\/\/qqpets.com\/sl\/izdelek\/collar-bandana\/","og_site_name":"QQPETS","article_publisher":"https:\/\/www.facebook.com\/QQpetsdogcollars","og_image":[{"width":2560,"height":2560,"url":"https:\/\/qqpets.com\/wp-content\/uploads\/2024\/11\/collar-bandana2-scaled.webp","type":"image\/webp"}],"twitter_card":"summary_large_image","twitter_misc":{"Est. reading time":"1 minuta"},"schema":{"@context":"https:\/\/schema.org","@graph":[{"@type":"WebPage","@id":"https:\/\/qqpets.com\/product\/collar-bandana\/","url":"https:\/\/qqpets.com\/product\/collar-bandana\/","name":"Ovratnik Bandana | QQPETS","isPartOf":{"@id":"https:\/\/qqpets.com\/#website"},"primaryImageOfPage":{"@id":"https:\/\/qqpets.com\/product\/collar-bandana\/#primaryimage"},"image":{"@id":"https:\/\/qqpets.com\/product\/collar-bandana\/#primaryimage"},"thumbnailUrl":"https:\/\/qqpets.com\/wp-content\/uploads\/2024\/11\/collar-bandana2-scaled.webp","datePublished":"2024-11-14T06:14:02+00:00","description":"Prilagodljive ovratnice za hi\u0161ne ljubljen\u010dke. Idealno za stranke B2B, ki i\u0161\u010dejo blagovno znamko dodatkov za hi\u0161ne ljubljen\u010dke z edinstvenim logotipom ali vzorcem. Elegantne, udobne in funkcionalne.","breadcrumb":{"@id":"https:\/\/qqpets.com\/product\/collar-bandana\/#breadcrumb"},"inLanguage":"sl-SI","potentialAction":[{"@type":"ReadAction","target":["https:\/\/qqpets.com\/product\/collar-bandana\/"]}]},{"@type":"ImageObject","inLanguage":"sl-SI","@id":"https:\/\/qqpets.com\/product\/collar-bandana\/#primaryimage","url":"https:\/\/qqpets.com\/wp-content\/uploads\/2024\/11\/collar-bandana2-scaled.webp","contentUrl":"https:\/\/qqpets.com\/wp-content\/uploads\/2024\/11\/collar-bandana2-scaled.webp","width":2560,"height":2560},{"@type":"BreadcrumbList","@id":"https:\/\/qqpets.com\/product\/collar-bandana\/#breadcrumb","itemListElement":[{"@type":"ListItem","position":1,"name":"Home","item":"https:\/\/qqpets.com\/"},{"@type":"ListItem","position":2,"name":"Products","item":"https:\/\/qqpets.com\/pet-products-manufacturer\/"},{"@type":"ListItem","position":3,"name":"Collar Bandana"}]},{"@type":"WebSite","@id":"https:\/\/qqpets.com\/#website","url":"https:\/\/qqpets.com\/","name":"QQPETS","description":"QQPETS je tovarna izdelkov za hi\u0161ne ljubljen\u010dke za pasje postroje, pasje ovratnice, pasje povodce in pasje dodatke s strokovno prilagojeno storitvijo od leta 2005.","publisher":{"@id":"https:\/\/qqpets.com\/#organization"},"potentialAction":[{"@type":"SearchAction","target":{"@type":"EntryPoint","urlTemplate":"https:\/\/qqpets.com\/?s={search_term_string}"},"query-input":{"@type":"PropertyValueSpecification","valueRequired":true,"valueName":"search_term_string"}}],"inLanguage":"sl-SI"},{"@type":"Organization","@id":"https:\/\/qqpets.com\/#organization","name":"QQPETS","url":"https:\/\/qqpets.com\/","logo":{"@type":"ImageObject","inLanguage":"sl-SI","@id":"https:\/\/qqpets.com\/#\/schema\/logo\/image\/","url":"https:\/\/qqpets.com\/wp-content\/uploads\/2023\/09\/cropped-cropped-qqpets-tiktok.jpg","contentUrl":"https:\/\/qqpets.com\/wp-content\/uploads\/2023\/09\/cropped-cropped-qqpets-tiktok.jpg","width":511,"height":511,"caption":"QQPETS"},"image":{"@id":"https:\/\/qqpets.com\/#\/schema\/logo\/image\/"},"sameAs":["https:\/\/www.facebook.com\/QQpetsdogcollars","https:\/\/www.instagram.com\/qqpetscollar\/","https:\/\/www.pinterest.com\/qqpetsdogcollarsfactory\/"]}]}},"_links":{"self":[{"href":"https:\/\/qqpets.com\/sl\/wp-json\/wp\/v2\/product\/9316","targetHints":{"allow":["GET"]}}],"collection":[{"href":"https:\/\/qqpets.com\/sl\/wp-json\/wp\/v2\/product"}],"about":[{"href":"https:\/\/qqpets.com\/sl\/wp-json\/wp\/v2\/types\/product"}],"wp:featuredmedia":[{"embeddable":true,"href":"https:\/\/qqpets.com\/sl\/wp-json\/wp\/v2\/media\/9317"}],"wp:attachment":[{"href":"https:\/\/qqpets.com\/sl\/wp-json\/wp\/v2\/media?parent=9316"}],"wp:term":[{"taxonomy":"product_brand","embeddable":true,"href":"https:\/\/qqpets.com\/sl\/wp-json\/wp\/v2\/product_brand?post=9316"},{"taxonomy":"product_cat","embeddable":true,"href":"https:\/\/qqpets.com\/sl\/wp-json\/wp\/v2\/product_cat?post=9316"},{"taxonomy":"product_tag","embeddable":true,"href":"https:\/\/qqpets.com\/sl\/wp-json\/wp\/v2\/product_tag?post=9316"}],"curies":[{"name":"wp","href":"https:\/\/api.w.org\/{rel}","templated":true}]}}