{"id":9332,"date":"2024-11-14T15:31:01","date_gmt":"2024-11-14T07:31:01","guid":{"rendered":"https:\/\/qqpets.com\/?post_type=product&#038;p=9332"},"modified":"2024-11-14T15:31:01","modified_gmt":"2024-11-14T07:31:01","slug":"pvc-dog-collar","status":"publish","type":"product","link":"https:\/\/qqpets.com\/sl\/izdelek\/pvc-dog-collar\/","title":{"rendered":"PVC ovratnica za pse"},"content":{"rendered":"<p>PVC ovratnica za pse je odli\u010dna izbira za podjetja, ki \u017eelijo ponuditi ovratnice za hi\u0161ne ljubljen\u010dke, ki zdru\u017eujejo slog, vzdr\u017eljivost in mo\u017enosti oblikovanja blagovne znamke. Ta ovratnica je izdelana iz vodoodpornega in na obrabo odpornega PVC in je idealna za pse vseh pasem, saj je odporna na vremenske vplive in vsakodnevno obrabo. PVC je idealen material za izdelke za hi\u0161ne ljubljen\u010dke - je enostaven za \u010di\u0161\u010denje, zelo trpe\u017een in zagotavlja udobje za hi\u0161ne ljubljen\u010dke tudi pri dalj\u0161i obrabi.<\/p>\n<p>Za stranke B2B lahko na\u0161e ovratnice za pse iz PVC prilagodite z logotipom va\u0161e blagovne znamke, barvami ali edinstvenimi vzorci in tako ustvarite idealno promocijsko orodje ali maloprodajni izdelek. Mo\u017enosti oblikovanja blagovne znamke po meri omogo\u010dajo ve\u010djo vidnost in prepoznavnost blagovne znamke med lastniki hi\u0161nih ljubljen\u010dkov, kar va\u0161emu podjetju pomaga narediti trajen vtis na trgu hi\u0161nih ljubljen\u010dkov.<\/p>\n<p>Na\u0161e PVC ovratnice za pse so namenjene podjetjem, ki i\u0161\u010dejo zanesljive in visokokakovostne izdelke, ki zadovoljujejo prakti\u010dne potrebe lastnikov hi\u0161nih ljubljen\u010dkov in hkrati pove\u010dujejo prepoznavnost blagovne znamke. Te ovratnice niso odporne le na grobo igro in pustolov\u0161\u010dine na prostem, temve\u010d slu\u017eijo tudi kot platno za edinstveno blagovno znamko, zato so bistvena izbira za trgovine s hi\u0161nimi ljubljen\u010dki, darila za podjetja in vsa podjetja, ki i\u0161\u010dejo kakovostne dodatke za hi\u0161ne ljubljen\u010dke po meri.<\/p>","protected":false},"excerpt":{"rendered":"<p>Na\u0161e ovratnice za pse iz PVC so zasnovane za vzdr\u017eljivost, udobje in enostavno vzdr\u017eevanje. Narejene so iz visokokakovostnega, vodoodpornega PVC, zato so idealne za aktivne hi\u0161ne ljubljen\u010dke in vse vremenske razmere. Z mo\u017enostmi prilagajanja logotipov ali edinstvenih vzorcev te ovratnice ponujajo u\u010dinkovito re\u0161itev za blagovno znamko za podjetja za oskrbo hi\u0161nih ljubljen\u010dkov in korporativna darila. So odporne proti obrabi in enostavne za \u010di\u0161\u010denje, kar zagotavlja trajno kakovost in prepoznavnost blagovne znamke. Na\u0161e ovratnice iz PVC, ki so idealne za stranke B2B, ki i\u0161\u010dejo visokokakovostne dodatke za hi\u0161ne ljubljen\u010dke z blagovno znamko, zdru\u017eujejo funkcionalnost in prilagajanje za zanesljivo in elegantno izbiro ovratnic za hi\u0161ne ljubljen\u010dke.<\/p>","protected":false},"featured_media":9340,"template":"","meta":[],"product_brand":[],"product_cat":[26],"product_tag":[],"class_list":{"0":"post-9332","1":"product","2":"type-product","3":"status-publish","4":"has-post-thumbnail","6":"product_cat-dog-collar","8":"first","9":"instock","10":"shipping-taxable","11":"product-type-simple"},"yoast_head":"<!-- This site is optimized with the Yoast SEO plugin v26.6 - https:\/\/yoast.com\/wordpress\/plugins\/seo\/ -->\n<title>PVC Dog Collar | QQPETS<\/title>\n<meta name=\"description\" content=\"Durable PVC dog collars, fully customizable for B2B branding. Waterproof, easy-to-clean, and ideal for custom logos or patterns. Perfect for brand visibility.\" \/>\n<meta name=\"robots\" content=\"index, follow, max-snippet:-1, max-image-preview:large, max-video-preview:-1\" \/>\n<link rel=\"canonical\" href=\"https:\/\/qqpets.com\/sl\/izdelek\/pvc-dog-collar\/\" \/>\n<meta property=\"og:locale\" content=\"sl_SI\" \/>\n<meta property=\"og:type\" content=\"article\" \/>\n<meta property=\"og:title\" content=\"PVC Dog Collar | QQPETS\" \/>\n<meta property=\"og:description\" content=\"Durable PVC dog collars, fully customizable for B2B branding. Waterproof, easy-to-clean, and ideal for custom logos or patterns. Perfect for brand visibility.\" \/>\n<meta property=\"og:url\" content=\"https:\/\/qqpets.com\/sl\/izdelek\/pvc-dog-collar\/\" \/>\n<meta property=\"og:site_name\" content=\"QQPETS\" \/>\n<meta property=\"article:publisher\" content=\"https:\/\/www.facebook.com\/QQpetsdogcollars\" \/>\n<meta property=\"og:image\" content=\"https:\/\/qqpets.com\/wp-content\/uploads\/2024\/11\/pvc-dog-collar8.webp\" \/>\n\t<meta property=\"og:image:width\" content=\"960\" \/>\n\t<meta property=\"og:image:height\" content=\"960\" \/>\n\t<meta property=\"og:image:type\" content=\"image\/webp\" \/>\n<meta name=\"twitter:card\" content=\"summary_large_image\" \/>\n<meta name=\"twitter:label1\" content=\"Est. reading time\" \/>\n\t<meta name=\"twitter:data1\" content=\"1 minuta\" \/>\n<script type=\"application\/ld+json\" class=\"yoast-schema-graph\">{\"@context\":\"https:\/\/schema.org\",\"@graph\":[{\"@type\":\"WebPage\",\"@id\":\"https:\/\/qqpets.com\/product\/pvc-dog-collar\/\",\"url\":\"https:\/\/qqpets.com\/product\/pvc-dog-collar\/\",\"name\":\"PVC Dog Collar | QQPETS\",\"isPartOf\":{\"@id\":\"https:\/\/qqpets.com\/#website\"},\"primaryImageOfPage\":{\"@id\":\"https:\/\/qqpets.com\/product\/pvc-dog-collar\/#primaryimage\"},\"image\":{\"@id\":\"https:\/\/qqpets.com\/product\/pvc-dog-collar\/#primaryimage\"},\"thumbnailUrl\":\"https:\/\/qqpets.com\/wp-content\/uploads\/2024\/11\/pvc-dog-collar8.webp\",\"datePublished\":\"2024-11-14T07:31:01+00:00\",\"description\":\"Durable PVC dog collars, fully customizable for B2B branding. Waterproof, easy-to-clean, and ideal for custom logos or patterns. Perfect for brand visibility.\",\"breadcrumb\":{\"@id\":\"https:\/\/qqpets.com\/product\/pvc-dog-collar\/#breadcrumb\"},\"inLanguage\":\"sl-SI\",\"potentialAction\":[{\"@type\":\"ReadAction\",\"target\":[\"https:\/\/qqpets.com\/product\/pvc-dog-collar\/\"]}]},{\"@type\":\"ImageObject\",\"inLanguage\":\"sl-SI\",\"@id\":\"https:\/\/qqpets.com\/product\/pvc-dog-collar\/#primaryimage\",\"url\":\"https:\/\/qqpets.com\/wp-content\/uploads\/2024\/11\/pvc-dog-collar8.webp\",\"contentUrl\":\"https:\/\/qqpets.com\/wp-content\/uploads\/2024\/11\/pvc-dog-collar8.webp\",\"width\":960,\"height\":960},{\"@type\":\"BreadcrumbList\",\"@id\":\"https:\/\/qqpets.com\/product\/pvc-dog-collar\/#breadcrumb\",\"itemListElement\":[{\"@type\":\"ListItem\",\"position\":1,\"name\":\"Home\",\"item\":\"https:\/\/qqpets.com\/\"},{\"@type\":\"ListItem\",\"position\":2,\"name\":\"Products\",\"item\":\"https:\/\/qqpets.com\/pet-products-manufacturer\/\"},{\"@type\":\"ListItem\",\"position\":3,\"name\":\"PVC Dog Collar\"}]},{\"@type\":\"WebSite\",\"@id\":\"https:\/\/qqpets.com\/#website\",\"url\":\"https:\/\/qqpets.com\/\",\"name\":\"QQPETS\",\"description\":\"QQPETS is a pet products factory for dog harnesses, dog collars, dog leashes and dog accessories with professional customized service since 2005.\",\"publisher\":{\"@id\":\"https:\/\/qqpets.com\/#organization\"},\"potentialAction\":[{\"@type\":\"SearchAction\",\"target\":{\"@type\":\"EntryPoint\",\"urlTemplate\":\"https:\/\/qqpets.com\/?s={search_term_string}\"},\"query-input\":{\"@type\":\"PropertyValueSpecification\",\"valueRequired\":true,\"valueName\":\"search_term_string\"}}],\"inLanguage\":\"sl-SI\"},{\"@type\":\"Organization\",\"@id\":\"https:\/\/qqpets.com\/#organization\",\"name\":\"QQPETS\",\"url\":\"https:\/\/qqpets.com\/\",\"logo\":{\"@type\":\"ImageObject\",\"inLanguage\":\"sl-SI\",\"@id\":\"https:\/\/qqpets.com\/#\/schema\/logo\/image\/\",\"url\":\"https:\/\/qqpets.com\/wp-content\/uploads\/2023\/09\/cropped-cropped-qqpets-tiktok.jpg\",\"contentUrl\":\"https:\/\/qqpets.com\/wp-content\/uploads\/2023\/09\/cropped-cropped-qqpets-tiktok.jpg\",\"width\":511,\"height\":511,\"caption\":\"QQPETS\"},\"image\":{\"@id\":\"https:\/\/qqpets.com\/#\/schema\/logo\/image\/\"},\"sameAs\":[\"https:\/\/www.facebook.com\/QQpetsdogcollars\",\"https:\/\/www.instagram.com\/qqpetscollar\/\",\"https:\/\/www.pinterest.com\/qqpetsdogcollarsfactory\/\"]}]}<\/script>\n<!-- \/ Yoast SEO plugin. -->","yoast_head_json":{"title":"PVC ovratnica za pse | QQPETS","description":"Trpe\u017ene ovratnice za pse iz PVC, v celoti prilagodljive za blagovno znamko B2B. Vodoodporne, enostavne za \u010di\u0161\u010denje in idealne za logotipe ali vzorce po meri. Odli\u010dno za prepoznavnost blagovne znamke.","robots":{"index":"index","follow":"follow","max-snippet":"max-snippet:-1","max-image-preview":"max-image-preview:large","max-video-preview":"max-video-preview:-1"},"canonical":"https:\/\/qqpets.com\/sl\/izdelek\/pvc-dog-collar\/","og_locale":"sl_SI","og_type":"article","og_title":"PVC Dog Collar | QQPETS","og_description":"Durable PVC dog collars, fully customizable for B2B branding. Waterproof, easy-to-clean, and ideal for custom logos or patterns. Perfect for brand visibility.","og_url":"https:\/\/qqpets.com\/sl\/izdelek\/pvc-dog-collar\/","og_site_name":"QQPETS","article_publisher":"https:\/\/www.facebook.com\/QQpetsdogcollars","og_image":[{"width":960,"height":960,"url":"https:\/\/qqpets.com\/wp-content\/uploads\/2024\/11\/pvc-dog-collar8.webp","type":"image\/webp"}],"twitter_card":"summary_large_image","twitter_misc":{"Est. reading time":"1 minuta"},"schema":{"@context":"https:\/\/schema.org","@graph":[{"@type":"WebPage","@id":"https:\/\/qqpets.com\/product\/pvc-dog-collar\/","url":"https:\/\/qqpets.com\/product\/pvc-dog-collar\/","name":"PVC ovratnica za pse | QQPETS","isPartOf":{"@id":"https:\/\/qqpets.com\/#website"},"primaryImageOfPage":{"@id":"https:\/\/qqpets.com\/product\/pvc-dog-collar\/#primaryimage"},"image":{"@id":"https:\/\/qqpets.com\/product\/pvc-dog-collar\/#primaryimage"},"thumbnailUrl":"https:\/\/qqpets.com\/wp-content\/uploads\/2024\/11\/pvc-dog-collar8.webp","datePublished":"2024-11-14T07:31:01+00:00","description":"Trpe\u017ene ovratnice za pse iz PVC, v celoti prilagodljive za blagovno znamko B2B. Vodoodporne, enostavne za \u010di\u0161\u010denje in idealne za logotipe ali vzorce po meri. Odli\u010dno za prepoznavnost blagovne znamke.","breadcrumb":{"@id":"https:\/\/qqpets.com\/product\/pvc-dog-collar\/#breadcrumb"},"inLanguage":"sl-SI","potentialAction":[{"@type":"ReadAction","target":["https:\/\/qqpets.com\/product\/pvc-dog-collar\/"]}]},{"@type":"ImageObject","inLanguage":"sl-SI","@id":"https:\/\/qqpets.com\/product\/pvc-dog-collar\/#primaryimage","url":"https:\/\/qqpets.com\/wp-content\/uploads\/2024\/11\/pvc-dog-collar8.webp","contentUrl":"https:\/\/qqpets.com\/wp-content\/uploads\/2024\/11\/pvc-dog-collar8.webp","width":960,"height":960},{"@type":"BreadcrumbList","@id":"https:\/\/qqpets.com\/product\/pvc-dog-collar\/#breadcrumb","itemListElement":[{"@type":"ListItem","position":1,"name":"Home","item":"https:\/\/qqpets.com\/"},{"@type":"ListItem","position":2,"name":"Products","item":"https:\/\/qqpets.com\/pet-products-manufacturer\/"},{"@type":"ListItem","position":3,"name":"PVC Dog Collar"}]},{"@type":"WebSite","@id":"https:\/\/qqpets.com\/#website","url":"https:\/\/qqpets.com\/","name":"QQPETS","description":"QQPETS je tovarna izdelkov za hi\u0161ne ljubljen\u010dke za pasje postroje, pasje ovratnice, pasje povodce in pasje dodatke s strokovno prilagojeno storitvijo od leta 2005.","publisher":{"@id":"https:\/\/qqpets.com\/#organization"},"potentialAction":[{"@type":"SearchAction","target":{"@type":"EntryPoint","urlTemplate":"https:\/\/qqpets.com\/?s={search_term_string}"},"query-input":{"@type":"PropertyValueSpecification","valueRequired":true,"valueName":"search_term_string"}}],"inLanguage":"sl-SI"},{"@type":"Organization","@id":"https:\/\/qqpets.com\/#organization","name":"QQPETS","url":"https:\/\/qqpets.com\/","logo":{"@type":"ImageObject","inLanguage":"sl-SI","@id":"https:\/\/qqpets.com\/#\/schema\/logo\/image\/","url":"https:\/\/qqpets.com\/wp-content\/uploads\/2023\/09\/cropped-cropped-qqpets-tiktok.jpg","contentUrl":"https:\/\/qqpets.com\/wp-content\/uploads\/2023\/09\/cropped-cropped-qqpets-tiktok.jpg","width":511,"height":511,"caption":"QQPETS"},"image":{"@id":"https:\/\/qqpets.com\/#\/schema\/logo\/image\/"},"sameAs":["https:\/\/www.facebook.com\/QQpetsdogcollars","https:\/\/www.instagram.com\/qqpetscollar\/","https:\/\/www.pinterest.com\/qqpetsdogcollarsfactory\/"]}]}},"_links":{"self":[{"href":"https:\/\/qqpets.com\/sl\/wp-json\/wp\/v2\/product\/9332","targetHints":{"allow":["GET"]}}],"collection":[{"href":"https:\/\/qqpets.com\/sl\/wp-json\/wp\/v2\/product"}],"about":[{"href":"https:\/\/qqpets.com\/sl\/wp-json\/wp\/v2\/types\/product"}],"wp:featuredmedia":[{"embeddable":true,"href":"https:\/\/qqpets.com\/sl\/wp-json\/wp\/v2\/media\/9340"}],"wp:attachment":[{"href":"https:\/\/qqpets.com\/sl\/wp-json\/wp\/v2\/media?parent=9332"}],"wp:term":[{"taxonomy":"product_brand","embeddable":true,"href":"https:\/\/qqpets.com\/sl\/wp-json\/wp\/v2\/product_brand?post=9332"},{"taxonomy":"product_cat","embeddable":true,"href":"https:\/\/qqpets.com\/sl\/wp-json\/wp\/v2\/product_cat?post=9332"},{"taxonomy":"product_tag","embeddable":true,"href":"https:\/\/qqpets.com\/sl\/wp-json\/wp\/v2\/product_tag?post=9332"}],"curies":[{"name":"wp","href":"https:\/\/api.w.org\/{rel}","templated":true}]}}