{"id":9344,"date":"2024-11-14T15:38:31","date_gmt":"2024-11-14T07:38:31","guid":{"rendered":"https:\/\/qqpets.com\/?post_type=product&#038;p=9344"},"modified":"2024-11-14T15:38:31","modified_gmt":"2024-11-14T07:38:31","slug":"3-8cm-double-pin-buckle-collar","status":"publish","type":"product","link":"https:\/\/qqpets.com\/sl\/izdelek\/3-8cm-double-pin-buckle-collar\/","title":{"rendered":"3,8 cm Dvojna sponka Pin ovratnik"},"content":{"rendered":"<p>Ovratnica z dvojno zaponko 3,8 cm zdru\u017euje trpe\u017enost, udobje in veliko prostora za blagovno znamko, zato je odli\u010dna izbira za blagovne znamke hi\u0161nih \u017eivali, trgovce na drobno in promocijske kampanje. S \u0161irino 3,8 cm ta ovratnica ponuja veliko prostora za prilagojene logotipe ali vzorce, kar strankam B2B omogo\u010da, da pove\u010dajo prepoznavnost in privla\u010dnost blagovne znamke na trgu dodatkov za hi\u0161ne ljubljen\u010dke.<\/p>\n<p>Ta ovratnica je izdelana iz visokokakovostnih in trpe\u017enih materialov ter je odporna na vsakodnevno no\u0161enje, saj je primerna za aktivne pse in zahtevna okolja. Dvojna sponka z dvojnim zati\u010dem pove\u010duje trdnost in varnost ter zagotavlja mir lastnikom hi\u0161nih ljubljen\u010dkov, va\u0161i blagovni znamki pa dolgotrajno obstojnost. \u0160irina ovratnice ne izbolj\u0161uje le vzdr\u017eljivosti, temve\u010d tudi vizualni u\u010dinek, zato je stilski dodatek za ve\u010dje pasme.<\/p>\n<p>Ta ovratnik je idealen za stranke B2B, ki potrebujejo zanesljiv in prilagodljiv izdelek, saj ga je mogo\u010de prilagoditi tako, da vsebuje edinstvene vzorce va\u0161e blagovne znamke. Je vsestranska za uporabo v maloprodaji ali podjetju, saj funkcionalnost usklajuje s promocijskimi potrebami. Izbolj\u0161ajte svojo ponudbo izdelkov z ovratnico, ki zdru\u017euje vzdr\u017eljivost, mo\u017enosti oblikovanja blagovne znamke po meri ter privla\u010den, robusten slog.<\/p>","protected":false},"excerpt":{"rendered":"<p>Na\u0161a ovratnica z dvojno zaponko 3,8 cm je trpe\u017ena in elegantna izbira za blagovne znamke hi\u0161nih ljubljen\u010dkov, ki \u017eelijo prilagoditi logotipe ali vzorce. Ta ovratnica je izdelana iz visoko trdnih materialov in opremljena z zaponko z dvojnim zati\u010dem za dodatno varnost, zato je zasnovana za vzdr\u017eljivost in udobje. \u0160irina 3,8 cm zagotavlja veliko platno za ozna\u010devanje po meri, zato je idealna za prepoznavnost in privla\u010dnost. Ta ovratnica je idealna za stranke B2B, saj izpolnjuje potrebe aktivnih hi\u0161nih ljubljen\u010dkov, hkrati pa pove\u010duje izpostavljenost blagovne znamke na trgu hi\u0161nih ljubljen\u010dkov. To je zanesljiva izbira za tiste, ki i\u0161\u010dejo robustno ovratnico, ki jo je mogo\u010de prilagoditi.<\/p>","protected":false},"featured_media":9345,"template":"","meta":[],"product_brand":[],"product_cat":[26],"product_tag":[],"class_list":{"0":"post-9344","1":"product","2":"type-product","3":"status-publish","4":"has-post-thumbnail","6":"product_cat-dog-collar","8":"first","9":"instock","10":"shipping-taxable","11":"product-type-simple"},"yoast_head":"<!-- This site is optimized with the Yoast SEO plugin v26.6 - https:\/\/yoast.com\/wordpress\/plugins\/seo\/ -->\n<title>3.8cm Double Pin Buckle Collar | QQPETS<\/title>\n<meta name=\"description\" content=\"Heavy-duty 3.8cm double pin buckle collar, fully customizable with your logo or pattern. Built for durability and style, ideal for B2B branding in pet accessories.\" \/>\n<meta name=\"robots\" content=\"index, follow, max-snippet:-1, max-image-preview:large, max-video-preview:-1\" \/>\n<link rel=\"canonical\" href=\"https:\/\/qqpets.com\/sl\/izdelek\/3-8cm-double-pin-buckle-collar\/\" \/>\n<meta property=\"og:locale\" content=\"sl_SI\" \/>\n<meta property=\"og:type\" content=\"article\" \/>\n<meta property=\"og:title\" content=\"3.8cm Double Pin Buckle Collar | QQPETS\" \/>\n<meta property=\"og:description\" content=\"Heavy-duty 3.8cm double pin buckle collar, fully customizable with your logo or pattern. Built for durability and style, ideal for B2B branding in pet accessories.\" \/>\n<meta property=\"og:url\" content=\"https:\/\/qqpets.com\/sl\/izdelek\/3-8cm-double-pin-buckle-collar\/\" \/>\n<meta property=\"og:site_name\" content=\"QQPETS\" \/>\n<meta property=\"article:publisher\" content=\"https:\/\/www.facebook.com\/QQpetsdogcollars\" \/>\n<meta property=\"og:image\" content=\"https:\/\/qqpets.com\/wp-content\/uploads\/2024\/11\/3.8cm-Double-Pin-Buckle-Collar1.webp\" \/>\n\t<meta property=\"og:image:width\" content=\"800\" \/>\n\t<meta property=\"og:image:height\" content=\"800\" \/>\n\t<meta property=\"og:image:type\" content=\"image\/webp\" \/>\n<meta name=\"twitter:card\" content=\"summary_large_image\" \/>\n<meta name=\"twitter:label1\" content=\"Est. reading time\" \/>\n\t<meta name=\"twitter:data1\" content=\"1 minuta\" \/>\n<script type=\"application\/ld+json\" class=\"yoast-schema-graph\">{\"@context\":\"https:\/\/schema.org\",\"@graph\":[{\"@type\":\"WebPage\",\"@id\":\"https:\/\/qqpets.com\/product\/3-8cm-double-pin-buckle-collar\/\",\"url\":\"https:\/\/qqpets.com\/product\/3-8cm-double-pin-buckle-collar\/\",\"name\":\"3.8cm Double Pin Buckle Collar | QQPETS\",\"isPartOf\":{\"@id\":\"https:\/\/qqpets.com\/#website\"},\"primaryImageOfPage\":{\"@id\":\"https:\/\/qqpets.com\/product\/3-8cm-double-pin-buckle-collar\/#primaryimage\"},\"image\":{\"@id\":\"https:\/\/qqpets.com\/product\/3-8cm-double-pin-buckle-collar\/#primaryimage\"},\"thumbnailUrl\":\"https:\/\/qqpets.com\/wp-content\/uploads\/2024\/11\/3.8cm-Double-Pin-Buckle-Collar1.webp\",\"datePublished\":\"2024-11-14T07:38:31+00:00\",\"description\":\"Heavy-duty 3.8cm double pin buckle collar, fully customizable with your logo or pattern. Built for durability and style, ideal for B2B branding in pet accessories.\",\"breadcrumb\":{\"@id\":\"https:\/\/qqpets.com\/product\/3-8cm-double-pin-buckle-collar\/#breadcrumb\"},\"inLanguage\":\"sl-SI\",\"potentialAction\":[{\"@type\":\"ReadAction\",\"target\":[\"https:\/\/qqpets.com\/product\/3-8cm-double-pin-buckle-collar\/\"]}]},{\"@type\":\"ImageObject\",\"inLanguage\":\"sl-SI\",\"@id\":\"https:\/\/qqpets.com\/product\/3-8cm-double-pin-buckle-collar\/#primaryimage\",\"url\":\"https:\/\/qqpets.com\/wp-content\/uploads\/2024\/11\/3.8cm-Double-Pin-Buckle-Collar1.webp\",\"contentUrl\":\"https:\/\/qqpets.com\/wp-content\/uploads\/2024\/11\/3.8cm-Double-Pin-Buckle-Collar1.webp\",\"width\":800,\"height\":800},{\"@type\":\"BreadcrumbList\",\"@id\":\"https:\/\/qqpets.com\/product\/3-8cm-double-pin-buckle-collar\/#breadcrumb\",\"itemListElement\":[{\"@type\":\"ListItem\",\"position\":1,\"name\":\"Home\",\"item\":\"https:\/\/qqpets.com\/\"},{\"@type\":\"ListItem\",\"position\":2,\"name\":\"Products\",\"item\":\"https:\/\/qqpets.com\/pet-products-manufacturer\/\"},{\"@type\":\"ListItem\",\"position\":3,\"name\":\"3.8cm Double Pin Buckle Collar\"}]},{\"@type\":\"WebSite\",\"@id\":\"https:\/\/qqpets.com\/#website\",\"url\":\"https:\/\/qqpets.com\/\",\"name\":\"QQPETS\",\"description\":\"QQPETS is a pet products factory for dog harnesses, dog collars, dog leashes and dog accessories with professional customized service since 2005.\",\"publisher\":{\"@id\":\"https:\/\/qqpets.com\/#organization\"},\"potentialAction\":[{\"@type\":\"SearchAction\",\"target\":{\"@type\":\"EntryPoint\",\"urlTemplate\":\"https:\/\/qqpets.com\/?s={search_term_string}\"},\"query-input\":{\"@type\":\"PropertyValueSpecification\",\"valueRequired\":true,\"valueName\":\"search_term_string\"}}],\"inLanguage\":\"sl-SI\"},{\"@type\":\"Organization\",\"@id\":\"https:\/\/qqpets.com\/#organization\",\"name\":\"QQPETS\",\"url\":\"https:\/\/qqpets.com\/\",\"logo\":{\"@type\":\"ImageObject\",\"inLanguage\":\"sl-SI\",\"@id\":\"https:\/\/qqpets.com\/#\/schema\/logo\/image\/\",\"url\":\"https:\/\/qqpets.com\/wp-content\/uploads\/2023\/09\/cropped-cropped-qqpets-tiktok.jpg\",\"contentUrl\":\"https:\/\/qqpets.com\/wp-content\/uploads\/2023\/09\/cropped-cropped-qqpets-tiktok.jpg\",\"width\":511,\"height\":511,\"caption\":\"QQPETS\"},\"image\":{\"@id\":\"https:\/\/qqpets.com\/#\/schema\/logo\/image\/\"},\"sameAs\":[\"https:\/\/www.facebook.com\/QQpetsdogcollars\",\"https:\/\/www.instagram.com\/qqpetscollar\/\",\"https:\/\/www.pinterest.com\/qqpetsdogcollarsfactory\/\"]}]}<\/script>\n<!-- \/ Yoast SEO plugin. -->","yoast_head_json":{"title":"Ovratnica z dvojno sponko 3,8 cm | QQPETS","description":"Mo\u010dan 3,8 cm ovratnik z dvojno sponko, ki ga je mogo\u010de v celoti prilagoditi z va\u0161im logotipom ali vzorcem. Izdelana za vzdr\u017eljivost in slog, idealna za blagovno znamko B2B na podro\u010dju dodatkov za hi\u0161ne ljubljen\u010dke.","robots":{"index":"index","follow":"follow","max-snippet":"max-snippet:-1","max-image-preview":"max-image-preview:large","max-video-preview":"max-video-preview:-1"},"canonical":"https:\/\/qqpets.com\/sl\/izdelek\/3-8cm-double-pin-buckle-collar\/","og_locale":"sl_SI","og_type":"article","og_title":"3.8cm Double Pin Buckle Collar | QQPETS","og_description":"Heavy-duty 3.8cm double pin buckle collar, fully customizable with your logo or pattern. Built for durability and style, ideal for B2B branding in pet accessories.","og_url":"https:\/\/qqpets.com\/sl\/izdelek\/3-8cm-double-pin-buckle-collar\/","og_site_name":"QQPETS","article_publisher":"https:\/\/www.facebook.com\/QQpetsdogcollars","og_image":[{"width":800,"height":800,"url":"https:\/\/qqpets.com\/wp-content\/uploads\/2024\/11\/3.8cm-Double-Pin-Buckle-Collar1.webp","type":"image\/webp"}],"twitter_card":"summary_large_image","twitter_misc":{"Est. reading time":"1 minuta"},"schema":{"@context":"https:\/\/schema.org","@graph":[{"@type":"WebPage","@id":"https:\/\/qqpets.com\/product\/3-8cm-double-pin-buckle-collar\/","url":"https:\/\/qqpets.com\/product\/3-8cm-double-pin-buckle-collar\/","name":"Ovratnica z dvojno sponko 3,8 cm | QQPETS","isPartOf":{"@id":"https:\/\/qqpets.com\/#website"},"primaryImageOfPage":{"@id":"https:\/\/qqpets.com\/product\/3-8cm-double-pin-buckle-collar\/#primaryimage"},"image":{"@id":"https:\/\/qqpets.com\/product\/3-8cm-double-pin-buckle-collar\/#primaryimage"},"thumbnailUrl":"https:\/\/qqpets.com\/wp-content\/uploads\/2024\/11\/3.8cm-Double-Pin-Buckle-Collar1.webp","datePublished":"2024-11-14T07:38:31+00:00","description":"Mo\u010dan 3,8 cm ovratnik z dvojno sponko, ki ga je mogo\u010de v celoti prilagoditi z va\u0161im logotipom ali vzorcem. Izdelana za vzdr\u017eljivost in slog, idealna za blagovno znamko B2B na podro\u010dju dodatkov za hi\u0161ne ljubljen\u010dke.","breadcrumb":{"@id":"https:\/\/qqpets.com\/product\/3-8cm-double-pin-buckle-collar\/#breadcrumb"},"inLanguage":"sl-SI","potentialAction":[{"@type":"ReadAction","target":["https:\/\/qqpets.com\/product\/3-8cm-double-pin-buckle-collar\/"]}]},{"@type":"ImageObject","inLanguage":"sl-SI","@id":"https:\/\/qqpets.com\/product\/3-8cm-double-pin-buckle-collar\/#primaryimage","url":"https:\/\/qqpets.com\/wp-content\/uploads\/2024\/11\/3.8cm-Double-Pin-Buckle-Collar1.webp","contentUrl":"https:\/\/qqpets.com\/wp-content\/uploads\/2024\/11\/3.8cm-Double-Pin-Buckle-Collar1.webp","width":800,"height":800},{"@type":"BreadcrumbList","@id":"https:\/\/qqpets.com\/product\/3-8cm-double-pin-buckle-collar\/#breadcrumb","itemListElement":[{"@type":"ListItem","position":1,"name":"Home","item":"https:\/\/qqpets.com\/"},{"@type":"ListItem","position":2,"name":"Products","item":"https:\/\/qqpets.com\/pet-products-manufacturer\/"},{"@type":"ListItem","position":3,"name":"3.8cm Double Pin Buckle Collar"}]},{"@type":"WebSite","@id":"https:\/\/qqpets.com\/#website","url":"https:\/\/qqpets.com\/","name":"QQPETS","description":"QQPETS je tovarna izdelkov za hi\u0161ne ljubljen\u010dke za pasje postroje, pasje ovratnice, pasje povodce in pasje dodatke s strokovno prilagojeno storitvijo od leta 2005.","publisher":{"@id":"https:\/\/qqpets.com\/#organization"},"potentialAction":[{"@type":"SearchAction","target":{"@type":"EntryPoint","urlTemplate":"https:\/\/qqpets.com\/?s={search_term_string}"},"query-input":{"@type":"PropertyValueSpecification","valueRequired":true,"valueName":"search_term_string"}}],"inLanguage":"sl-SI"},{"@type":"Organization","@id":"https:\/\/qqpets.com\/#organization","name":"QQPETS","url":"https:\/\/qqpets.com\/","logo":{"@type":"ImageObject","inLanguage":"sl-SI","@id":"https:\/\/qqpets.com\/#\/schema\/logo\/image\/","url":"https:\/\/qqpets.com\/wp-content\/uploads\/2023\/09\/cropped-cropped-qqpets-tiktok.jpg","contentUrl":"https:\/\/qqpets.com\/wp-content\/uploads\/2023\/09\/cropped-cropped-qqpets-tiktok.jpg","width":511,"height":511,"caption":"QQPETS"},"image":{"@id":"https:\/\/qqpets.com\/#\/schema\/logo\/image\/"},"sameAs":["https:\/\/www.facebook.com\/QQpetsdogcollars","https:\/\/www.instagram.com\/qqpetscollar\/","https:\/\/www.pinterest.com\/qqpetsdogcollarsfactory\/"]}]}},"_links":{"self":[{"href":"https:\/\/qqpets.com\/sl\/wp-json\/wp\/v2\/product\/9344","targetHints":{"allow":["GET"]}}],"collection":[{"href":"https:\/\/qqpets.com\/sl\/wp-json\/wp\/v2\/product"}],"about":[{"href":"https:\/\/qqpets.com\/sl\/wp-json\/wp\/v2\/types\/product"}],"wp:featuredmedia":[{"embeddable":true,"href":"https:\/\/qqpets.com\/sl\/wp-json\/wp\/v2\/media\/9345"}],"wp:attachment":[{"href":"https:\/\/qqpets.com\/sl\/wp-json\/wp\/v2\/media?parent=9344"}],"wp:term":[{"taxonomy":"product_brand","embeddable":true,"href":"https:\/\/qqpets.com\/sl\/wp-json\/wp\/v2\/product_brand?post=9344"},{"taxonomy":"product_cat","embeddable":true,"href":"https:\/\/qqpets.com\/sl\/wp-json\/wp\/v2\/product_cat?post=9344"},{"taxonomy":"product_tag","embeddable":true,"href":"https:\/\/qqpets.com\/sl\/wp-json\/wp\/v2\/product_tag?post=9344"}],"curies":[{"name":"wp","href":"https:\/\/api.w.org\/{rel}","templated":true}]}}