{"id":9351,"date":"2024-11-14T15:50:14","date_gmt":"2024-11-14T07:50:14","guid":{"rendered":"https:\/\/qqpets.com\/?post_type=product&#038;p=9351"},"modified":"2024-11-14T15:50:14","modified_gmt":"2024-11-14T07:50:14","slug":"martingale-chain-collar","status":"publish","type":"product","link":"https:\/\/qqpets.com\/sl\/izdelek\/martingale-chain-collar\/","title":{"rendered":"Veri\u017ena ovratnica Martingale"},"content":{"rendered":"<p>Veri\u017ena ovratnica Martingale je vsestranska in varna mo\u017enost, zasnovana za blagovne znamke in trgovce z \u017eivalmi, ki \u017eelijo zanesljivo ovratnico za trening s prilagojenim videzom. Ovratnica Martingale, znana po svoji varni in u\u010dinkoviti zasnovi, se rahlo zategne, ko pes potegne, kar zagotavlja ne\u017een nadzor brez nevarnosti zadu\u0161itve, zato je idealna za \u0161olanje in aktivne pse.<\/p>\n<p>Ta ovratnik je izdelan iz visokokakovostnih in trpe\u017enih materialov ter je odporen na vsakodnevno no\u0161enje, hkrati pa zagotavlja nadzorovano in udobno prileganje. Veri\u017ena komponenta pove\u010duje nadzor in varnost ter omogo\u010da odzivno usposabljanje, ki ne ogro\u017ea udobja. Za blagovne znamke, ki \u017eelijo narediti vtis, je mogo\u010de obliko ovratnice v celoti prilagoditi z logotipi ali vzorci, zaradi \u010desar je to izstopajo\u010d pripomo\u010dek za stranke B2B, ki \u017eelijo izrazito prisotnost blagovne znamke.<\/p>\n<p>Ta veri\u017ena ovratnica Martingale je idealna za razli\u010dne pasme in je prilagojena zahtevam lastnikov hi\u0161nih ljubljen\u010dkov in podjetij. Je funkcionalna izbira za \u0161olanje psov, elegantno vsakodnevno uporabo in prepoznavnost blagovne znamke, saj strankam B2B zagotavlja u\u010dinkovit, prilagodljiv izdelek za pove\u010danje prepoznavnosti na konkuren\u010dnem trgu dodatkov za hi\u0161ne ljubljen\u010dke.<\/p>","protected":false},"excerpt":{"rendered":"<p>Na\u0161a veri\u017ena ovratnica Martingale zdru\u017euje varnost in slog, zato je popolna za trening in vsakodnevno no\u0161enje. Zasnovana je za ne\u017eno nadzorovanje psov brez du\u0161enja, zagotavlja udobje in hkrati u\u010dinkovito upravljanje. Ta ovratnica je izdelana iz trpe\u017enih materialov in jo je mogo\u010de v celoti prilagoditi z va\u0161im logotipom ali vzorcem, kar strankam B2B na trgu hi\u0161nih \u017eivali zagotavlja edinstveno prilo\u017enost za oblikovanje blagovne znamke. Ta ovratnica Martingale je idealna za blagovne znamke, ki i\u0161\u010dejo kakovost, funkcionalnost in prepoznavnost, saj ustreza aktivnim hi\u0161nim ljubljen\u010dkom in potrebam po usposabljanju, hkrati pa spodbuja izpostavljenost blagovne znamke.<\/p>","protected":false},"featured_media":9352,"template":"","meta":[],"product_brand":[],"product_cat":[26],"product_tag":[],"class_list":{"0":"post-9351","1":"product","2":"type-product","3":"status-publish","4":"has-post-thumbnail","6":"product_cat-dog-collar","8":"first","9":"instock","10":"shipping-taxable","11":"product-type-simple"},"yoast_head":"<!-- This site is optimized with the Yoast SEO plugin v26.6 - https:\/\/yoast.com\/wordpress\/plugins\/seo\/ -->\n<title>Martingale Chain Collar | QQPETS<\/title>\n<meta name=\"description\" content=\"Secure and stylish Martingale chain collar, ideal for training. Fully customizable with logos or patterns, perfect for B2B clients seeking branded pet accessories.\" \/>\n<meta name=\"robots\" content=\"index, follow, max-snippet:-1, max-image-preview:large, max-video-preview:-1\" \/>\n<link rel=\"canonical\" href=\"https:\/\/qqpets.com\/sl\/izdelek\/martingale-chain-collar\/\" \/>\n<meta property=\"og:locale\" content=\"sl_SI\" \/>\n<meta property=\"og:type\" content=\"article\" \/>\n<meta property=\"og:title\" content=\"Martingale Chain Collar | QQPETS\" \/>\n<meta property=\"og:description\" content=\"Secure and stylish Martingale chain collar, ideal for training. Fully customizable with logos or patterns, perfect for B2B clients seeking branded pet accessories.\" \/>\n<meta property=\"og:url\" content=\"https:\/\/qqpets.com\/sl\/izdelek\/martingale-chain-collar\/\" \/>\n<meta property=\"og:site_name\" content=\"QQPETS\" \/>\n<meta property=\"article:publisher\" content=\"https:\/\/www.facebook.com\/QQpetsdogcollars\" \/>\n<meta property=\"og:image\" content=\"https:\/\/qqpets.com\/wp-content\/uploads\/2024\/11\/Martingale-Chain-Collar1.webp\" \/>\n\t<meta property=\"og:image:width\" content=\"800\" \/>\n\t<meta property=\"og:image:height\" content=\"800\" \/>\n\t<meta property=\"og:image:type\" content=\"image\/webp\" \/>\n<meta name=\"twitter:card\" content=\"summary_large_image\" \/>\n<meta name=\"twitter:label1\" content=\"Est. reading time\" \/>\n\t<meta name=\"twitter:data1\" content=\"1 minuta\" \/>\n<script type=\"application\/ld+json\" class=\"yoast-schema-graph\">{\"@context\":\"https:\/\/schema.org\",\"@graph\":[{\"@type\":\"WebPage\",\"@id\":\"https:\/\/qqpets.com\/product\/martingale-chain-collar\/\",\"url\":\"https:\/\/qqpets.com\/product\/martingale-chain-collar\/\",\"name\":\"Martingale Chain Collar | QQPETS\",\"isPartOf\":{\"@id\":\"https:\/\/qqpets.com\/#website\"},\"primaryImageOfPage\":{\"@id\":\"https:\/\/qqpets.com\/product\/martingale-chain-collar\/#primaryimage\"},\"image\":{\"@id\":\"https:\/\/qqpets.com\/product\/martingale-chain-collar\/#primaryimage\"},\"thumbnailUrl\":\"https:\/\/qqpets.com\/wp-content\/uploads\/2024\/11\/Martingale-Chain-Collar1.webp\",\"datePublished\":\"2024-11-14T07:50:14+00:00\",\"description\":\"Secure and stylish Martingale chain collar, ideal for training. Fully customizable with logos or patterns, perfect for B2B clients seeking branded pet accessories.\",\"breadcrumb\":{\"@id\":\"https:\/\/qqpets.com\/product\/martingale-chain-collar\/#breadcrumb\"},\"inLanguage\":\"sl-SI\",\"potentialAction\":[{\"@type\":\"ReadAction\",\"target\":[\"https:\/\/qqpets.com\/product\/martingale-chain-collar\/\"]}]},{\"@type\":\"ImageObject\",\"inLanguage\":\"sl-SI\",\"@id\":\"https:\/\/qqpets.com\/product\/martingale-chain-collar\/#primaryimage\",\"url\":\"https:\/\/qqpets.com\/wp-content\/uploads\/2024\/11\/Martingale-Chain-Collar1.webp\",\"contentUrl\":\"https:\/\/qqpets.com\/wp-content\/uploads\/2024\/11\/Martingale-Chain-Collar1.webp\",\"width\":800,\"height\":800},{\"@type\":\"BreadcrumbList\",\"@id\":\"https:\/\/qqpets.com\/product\/martingale-chain-collar\/#breadcrumb\",\"itemListElement\":[{\"@type\":\"ListItem\",\"position\":1,\"name\":\"Home\",\"item\":\"https:\/\/qqpets.com\/\"},{\"@type\":\"ListItem\",\"position\":2,\"name\":\"Products\",\"item\":\"https:\/\/qqpets.com\/pet-products-manufacturer\/\"},{\"@type\":\"ListItem\",\"position\":3,\"name\":\"Martingale Chain Collar\"}]},{\"@type\":\"WebSite\",\"@id\":\"https:\/\/qqpets.com\/#website\",\"url\":\"https:\/\/qqpets.com\/\",\"name\":\"QQPETS\",\"description\":\"QQPETS is a pet products factory for dog harnesses, dog collars, dog leashes and dog accessories with professional customized service since 2005.\",\"publisher\":{\"@id\":\"https:\/\/qqpets.com\/#organization\"},\"potentialAction\":[{\"@type\":\"SearchAction\",\"target\":{\"@type\":\"EntryPoint\",\"urlTemplate\":\"https:\/\/qqpets.com\/?s={search_term_string}\"},\"query-input\":{\"@type\":\"PropertyValueSpecification\",\"valueRequired\":true,\"valueName\":\"search_term_string\"}}],\"inLanguage\":\"sl-SI\"},{\"@type\":\"Organization\",\"@id\":\"https:\/\/qqpets.com\/#organization\",\"name\":\"QQPETS\",\"url\":\"https:\/\/qqpets.com\/\",\"logo\":{\"@type\":\"ImageObject\",\"inLanguage\":\"sl-SI\",\"@id\":\"https:\/\/qqpets.com\/#\/schema\/logo\/image\/\",\"url\":\"https:\/\/qqpets.com\/wp-content\/uploads\/2023\/09\/cropped-cropped-qqpets-tiktok.jpg\",\"contentUrl\":\"https:\/\/qqpets.com\/wp-content\/uploads\/2023\/09\/cropped-cropped-qqpets-tiktok.jpg\",\"width\":511,\"height\":511,\"caption\":\"QQPETS\"},\"image\":{\"@id\":\"https:\/\/qqpets.com\/#\/schema\/logo\/image\/\"},\"sameAs\":[\"https:\/\/www.facebook.com\/QQpetsdogcollars\",\"https:\/\/www.instagram.com\/qqpetscollar\/\",\"https:\/\/www.pinterest.com\/qqpetsdogcollarsfactory\/\"]}]}<\/script>\n<!-- \/ Yoast SEO plugin. -->","yoast_head_json":{"title":"Veri\u017ena ovratnica Martingale | QQPETS","description":"Varna in elegantna veri\u017ena ovratnica Martingale, idealna za \u0161olanje. Popolnoma prilagodljiva z logotipi ali vzorci, kot nala\u0161\u010d za stranke B2B, ki i\u0161\u010dejo dodatke za hi\u0161ne ljubljen\u010dke z blagovno znamko.","robots":{"index":"index","follow":"follow","max-snippet":"max-snippet:-1","max-image-preview":"max-image-preview:large","max-video-preview":"max-video-preview:-1"},"canonical":"https:\/\/qqpets.com\/sl\/izdelek\/martingale-chain-collar\/","og_locale":"sl_SI","og_type":"article","og_title":"Martingale Chain Collar | QQPETS","og_description":"Secure and stylish Martingale chain collar, ideal for training. Fully customizable with logos or patterns, perfect for B2B clients seeking branded pet accessories.","og_url":"https:\/\/qqpets.com\/sl\/izdelek\/martingale-chain-collar\/","og_site_name":"QQPETS","article_publisher":"https:\/\/www.facebook.com\/QQpetsdogcollars","og_image":[{"width":800,"height":800,"url":"https:\/\/qqpets.com\/wp-content\/uploads\/2024\/11\/Martingale-Chain-Collar1.webp","type":"image\/webp"}],"twitter_card":"summary_large_image","twitter_misc":{"Est. reading time":"1 minuta"},"schema":{"@context":"https:\/\/schema.org","@graph":[{"@type":"WebPage","@id":"https:\/\/qqpets.com\/product\/martingale-chain-collar\/","url":"https:\/\/qqpets.com\/product\/martingale-chain-collar\/","name":"Veri\u017ena ovratnica Martingale | QQPETS","isPartOf":{"@id":"https:\/\/qqpets.com\/#website"},"primaryImageOfPage":{"@id":"https:\/\/qqpets.com\/product\/martingale-chain-collar\/#primaryimage"},"image":{"@id":"https:\/\/qqpets.com\/product\/martingale-chain-collar\/#primaryimage"},"thumbnailUrl":"https:\/\/qqpets.com\/wp-content\/uploads\/2024\/11\/Martingale-Chain-Collar1.webp","datePublished":"2024-11-14T07:50:14+00:00","description":"Varna in elegantna veri\u017ena ovratnica Martingale, idealna za \u0161olanje. Popolnoma prilagodljiva z logotipi ali vzorci, kot nala\u0161\u010d za stranke B2B, ki i\u0161\u010dejo dodatke za hi\u0161ne ljubljen\u010dke z blagovno znamko.","breadcrumb":{"@id":"https:\/\/qqpets.com\/product\/martingale-chain-collar\/#breadcrumb"},"inLanguage":"sl-SI","potentialAction":[{"@type":"ReadAction","target":["https:\/\/qqpets.com\/product\/martingale-chain-collar\/"]}]},{"@type":"ImageObject","inLanguage":"sl-SI","@id":"https:\/\/qqpets.com\/product\/martingale-chain-collar\/#primaryimage","url":"https:\/\/qqpets.com\/wp-content\/uploads\/2024\/11\/Martingale-Chain-Collar1.webp","contentUrl":"https:\/\/qqpets.com\/wp-content\/uploads\/2024\/11\/Martingale-Chain-Collar1.webp","width":800,"height":800},{"@type":"BreadcrumbList","@id":"https:\/\/qqpets.com\/product\/martingale-chain-collar\/#breadcrumb","itemListElement":[{"@type":"ListItem","position":1,"name":"Home","item":"https:\/\/qqpets.com\/"},{"@type":"ListItem","position":2,"name":"Products","item":"https:\/\/qqpets.com\/pet-products-manufacturer\/"},{"@type":"ListItem","position":3,"name":"Martingale Chain Collar"}]},{"@type":"WebSite","@id":"https:\/\/qqpets.com\/#website","url":"https:\/\/qqpets.com\/","name":"QQPETS","description":"QQPETS je tovarna izdelkov za hi\u0161ne ljubljen\u010dke za pasje postroje, pasje ovratnice, pasje povodce in pasje dodatke s strokovno prilagojeno storitvijo od leta 2005.","publisher":{"@id":"https:\/\/qqpets.com\/#organization"},"potentialAction":[{"@type":"SearchAction","target":{"@type":"EntryPoint","urlTemplate":"https:\/\/qqpets.com\/?s={search_term_string}"},"query-input":{"@type":"PropertyValueSpecification","valueRequired":true,"valueName":"search_term_string"}}],"inLanguage":"sl-SI"},{"@type":"Organization","@id":"https:\/\/qqpets.com\/#organization","name":"QQPETS","url":"https:\/\/qqpets.com\/","logo":{"@type":"ImageObject","inLanguage":"sl-SI","@id":"https:\/\/qqpets.com\/#\/schema\/logo\/image\/","url":"https:\/\/qqpets.com\/wp-content\/uploads\/2023\/09\/cropped-cropped-qqpets-tiktok.jpg","contentUrl":"https:\/\/qqpets.com\/wp-content\/uploads\/2023\/09\/cropped-cropped-qqpets-tiktok.jpg","width":511,"height":511,"caption":"QQPETS"},"image":{"@id":"https:\/\/qqpets.com\/#\/schema\/logo\/image\/"},"sameAs":["https:\/\/www.facebook.com\/QQpetsdogcollars","https:\/\/www.instagram.com\/qqpetscollar\/","https:\/\/www.pinterest.com\/qqpetsdogcollarsfactory\/"]}]}},"_links":{"self":[{"href":"https:\/\/qqpets.com\/sl\/wp-json\/wp\/v2\/product\/9351","targetHints":{"allow":["GET"]}}],"collection":[{"href":"https:\/\/qqpets.com\/sl\/wp-json\/wp\/v2\/product"}],"about":[{"href":"https:\/\/qqpets.com\/sl\/wp-json\/wp\/v2\/types\/product"}],"wp:featuredmedia":[{"embeddable":true,"href":"https:\/\/qqpets.com\/sl\/wp-json\/wp\/v2\/media\/9352"}],"wp:attachment":[{"href":"https:\/\/qqpets.com\/sl\/wp-json\/wp\/v2\/media?parent=9351"}],"wp:term":[{"taxonomy":"product_brand","embeddable":true,"href":"https:\/\/qqpets.com\/sl\/wp-json\/wp\/v2\/product_brand?post=9351"},{"taxonomy":"product_cat","embeddable":true,"href":"https:\/\/qqpets.com\/sl\/wp-json\/wp\/v2\/product_cat?post=9351"},{"taxonomy":"product_tag","embeddable":true,"href":"https:\/\/qqpets.com\/sl\/wp-json\/wp\/v2\/product_tag?post=9351"}],"curies":[{"name":"wp","href":"https:\/\/api.w.org\/{rel}","templated":true}]}}