{"id":9358,"date":"2024-11-14T16:00:43","date_gmt":"2024-11-14T08:00:43","guid":{"rendered":"https:\/\/qqpets.com\/?post_type=product&#038;p=9358"},"modified":"2024-11-14T16:01:00","modified_gmt":"2024-11-14T08:01:00","slug":"martingale-collar","status":"publish","type":"product","link":"https:\/\/qqpets.com\/sl\/izdelek\/martingale-collar\/","title":{"rendered":"Ovratnica Martingale"},"content":{"rendered":"<div class=\"flex max-w-full flex-col flex-grow\">\n<div class=\"min-h-8 text-message flex w-full flex-col items-end gap-2 whitespace-normal break-words [.text-message+&amp;]:mt-5\" dir=\"auto\" data-message-author-role=\"assistant\" data-message-id=\"c6c34488-1300-4535-9861-d71a113f9ae5\" data-message-model-slug=\"gpt-4o\">\n<div class=\"flex w-full flex-col gap-1 empty:hidden first:pt-[3px]\">\n<div class=\"markdown prose w-full break-words dark:prose-invert light\">\n<p>Ovratnica Martingale je priljubljena in u\u010dinkovita re\u0161itev za bolj\u0161o kontrolo pri \u0161olanju in sprehajanju psov, ki strankam B2B ponuja vsestranski in prilagodljiv izdelek. Martingale ovratnica je zasnovana tako, da se ne\u017eno zategne, ko pes potegne, in zagotavlja human na\u010din prepre\u010devanja, da bi pes zdrsnil iz ovratnice, zato je varnej\u0161a alternativa tradicionalnim du\u0161ilnim ovratnicam. Rahla napetost ovratnice zagotavlja varnost hi\u0161nih ljubljen\u010dkov, kar je idealno za aktivne in radovedne pse ter za treninge, kjer je potreben dodaten nadzor.<\/p>\n<p>Ta ovratnica je izdelana iz vrhunskih in trpe\u017enih materialov, ki so odporni na vsakodnevno uporabo ter zagotavljajo dolgo \u017eivljenjsko dobo in udobje. Ta ovratnica Martingale je prilagodljiva z logotipi, vzorci ali barvami in blagovnim znamkam pomaga prikazati njihovo edinstveno identiteto ter prakti\u010dno orodje spremeni v izjavo blagovne znamke.<\/p>\n<p>Ta ovratnica je za podjetja, ki se ukvarjajo s hi\u0161nimi ljubljen\u010dki in \u017eelijo ponuditi kakovostne re\u0161itve za usposabljanje, prava izbira med funkcionalnostjo, udobjem in prepoznavnostjo blagovne znamke. Zaradi prilagodljivosti za razli\u010dne pasme psov in mo\u017enosti prilagajanja je vsestranski dodatek k vsaki paleti izdelkov, ki je privla\u010den za stranke, ki \u017eelijo v svoji zbirki dodatkov za hi\u0161ne ljubljen\u010dke zagotoviti tako varnost kot slog.<\/p>\n<\/div>\n<\/div>\n<\/div>\n<\/div>\n<div class=\"mb-2 flex gap-3 empty:hidden -ml-2\">\n<div class=\"items-center justify-start rounded-xl p-1 flex\">\n<div class=\"flex items-center\">\n<p>&nbsp;<\/p>\n<div class=\"flex\"><\/div>\n<div class=\"flex items-center pb-0\"><span class=\"overflow-hidden text-clip whitespace-nowrap text-sm\">4o<\/span><\/div>\n<\/div>\n<\/div>\n<\/div>","protected":false},"excerpt":{"rendered":"<p>Na\u0161a ovratnica Martingale omogo\u010da ne\u017een nadzor pri \u0161olanju in je zasnovana tako, da prepre\u010duje vle\u010denje brez du\u0161enja. Izdelana je iz trpe\u017enih materialov in zagotavlja udobje in varnost za vsakodnevno uporabo. Ta ovratnica je popolnoma prilagodljiva in strankam B2B omogo\u010da dodajanje edinstvenih logotipov ali vzorcev, zato je idealna izbira za blagovne znamke, ki \u017eelijo izstopati na trgu hi\u0161nih ljubljen\u010dkov. Ta ovratnica Martingale je popolna me\u0161anica funkcionalnosti in sloga ter je namenjena podjetjem, ki dajejo prednost kakovosti, nadzoru in prepoznavnosti blagovne znamke.<\/p>\n<p>&nbsp;<\/p>","protected":false},"featured_media":9360,"template":"","meta":[],"product_brand":[],"product_cat":[26],"product_tag":[],"class_list":{"0":"post-9358","1":"product","2":"type-product","3":"status-publish","4":"has-post-thumbnail","6":"product_cat-dog-collar","8":"first","9":"instock","10":"shipping-taxable","11":"product-type-simple"},"yoast_head":"<!-- This site is optimized with the Yoast SEO plugin v26.6 - https:\/\/yoast.com\/wordpress\/plugins\/seo\/ -->\n<title>Martingale Collar | QQPETS<\/title>\n<meta name=\"description\" content=\"Durable and gentle Martingale collar, perfect for training and control. Customizable with logos or patterns, ideal for B2B brands wanting distinct pet accessories.\" \/>\n<meta name=\"robots\" content=\"index, follow, max-snippet:-1, max-image-preview:large, max-video-preview:-1\" \/>\n<link rel=\"canonical\" href=\"https:\/\/qqpets.com\/sl\/izdelek\/martingale-collar\/\" \/>\n<meta property=\"og:locale\" content=\"sl_SI\" \/>\n<meta property=\"og:type\" content=\"article\" \/>\n<meta property=\"og:title\" content=\"Martingale Collar | QQPETS\" \/>\n<meta property=\"og:description\" content=\"Durable and gentle Martingale collar, perfect for training and control. Customizable with logos or patterns, ideal for B2B brands wanting distinct pet accessories.\" \/>\n<meta property=\"og:url\" content=\"https:\/\/qqpets.com\/sl\/izdelek\/martingale-collar\/\" \/>\n<meta property=\"og:site_name\" content=\"QQPETS\" \/>\n<meta property=\"article:publisher\" content=\"https:\/\/www.facebook.com\/QQpetsdogcollars\" \/>\n<meta property=\"article:modified_time\" content=\"2024-11-14T08:01:00+00:00\" \/>\n<meta property=\"og:image\" content=\"https:\/\/qqpets.com\/wp-content\/uploads\/2024\/11\/Martingale-Collar2.webp\" \/>\n\t<meta property=\"og:image:width\" content=\"800\" \/>\n\t<meta property=\"og:image:height\" content=\"800\" \/>\n\t<meta property=\"og:image:type\" content=\"image\/webp\" \/>\n<meta name=\"twitter:card\" content=\"summary_large_image\" \/>\n<meta name=\"twitter:label1\" content=\"Est. reading time\" \/>\n\t<meta name=\"twitter:data1\" content=\"1 minuta\" \/>\n<script type=\"application\/ld+json\" class=\"yoast-schema-graph\">{\"@context\":\"https:\/\/schema.org\",\"@graph\":[{\"@type\":\"WebPage\",\"@id\":\"https:\/\/qqpets.com\/product\/martingale-collar\/\",\"url\":\"https:\/\/qqpets.com\/product\/martingale-collar\/\",\"name\":\"Martingale Collar | QQPETS\",\"isPartOf\":{\"@id\":\"https:\/\/qqpets.com\/#website\"},\"primaryImageOfPage\":{\"@id\":\"https:\/\/qqpets.com\/product\/martingale-collar\/#primaryimage\"},\"image\":{\"@id\":\"https:\/\/qqpets.com\/product\/martingale-collar\/#primaryimage\"},\"thumbnailUrl\":\"https:\/\/qqpets.com\/wp-content\/uploads\/2024\/11\/Martingale-Collar2.webp\",\"datePublished\":\"2024-11-14T08:00:43+00:00\",\"dateModified\":\"2024-11-14T08:01:00+00:00\",\"description\":\"Durable and gentle Martingale collar, perfect for training and control. Customizable with logos or patterns, ideal for B2B brands wanting distinct pet accessories.\",\"breadcrumb\":{\"@id\":\"https:\/\/qqpets.com\/product\/martingale-collar\/#breadcrumb\"},\"inLanguage\":\"sl-SI\",\"potentialAction\":[{\"@type\":\"ReadAction\",\"target\":[\"https:\/\/qqpets.com\/product\/martingale-collar\/\"]}]},{\"@type\":\"ImageObject\",\"inLanguage\":\"sl-SI\",\"@id\":\"https:\/\/qqpets.com\/product\/martingale-collar\/#primaryimage\",\"url\":\"https:\/\/qqpets.com\/wp-content\/uploads\/2024\/11\/Martingale-Collar2.webp\",\"contentUrl\":\"https:\/\/qqpets.com\/wp-content\/uploads\/2024\/11\/Martingale-Collar2.webp\",\"width\":800,\"height\":800},{\"@type\":\"BreadcrumbList\",\"@id\":\"https:\/\/qqpets.com\/product\/martingale-collar\/#breadcrumb\",\"itemListElement\":[{\"@type\":\"ListItem\",\"position\":1,\"name\":\"Home\",\"item\":\"https:\/\/qqpets.com\/\"},{\"@type\":\"ListItem\",\"position\":2,\"name\":\"Products\",\"item\":\"https:\/\/qqpets.com\/pet-products-manufacturer\/\"},{\"@type\":\"ListItem\",\"position\":3,\"name\":\"Martingale Collar\"}]},{\"@type\":\"WebSite\",\"@id\":\"https:\/\/qqpets.com\/#website\",\"url\":\"https:\/\/qqpets.com\/\",\"name\":\"QQPETS\",\"description\":\"QQPETS is a pet products factory for dog harnesses, dog collars, dog leashes and dog accessories with professional customized service since 2005.\",\"publisher\":{\"@id\":\"https:\/\/qqpets.com\/#organization\"},\"potentialAction\":[{\"@type\":\"SearchAction\",\"target\":{\"@type\":\"EntryPoint\",\"urlTemplate\":\"https:\/\/qqpets.com\/?s={search_term_string}\"},\"query-input\":{\"@type\":\"PropertyValueSpecification\",\"valueRequired\":true,\"valueName\":\"search_term_string\"}}],\"inLanguage\":\"sl-SI\"},{\"@type\":\"Organization\",\"@id\":\"https:\/\/qqpets.com\/#organization\",\"name\":\"QQPETS\",\"url\":\"https:\/\/qqpets.com\/\",\"logo\":{\"@type\":\"ImageObject\",\"inLanguage\":\"sl-SI\",\"@id\":\"https:\/\/qqpets.com\/#\/schema\/logo\/image\/\",\"url\":\"https:\/\/qqpets.com\/wp-content\/uploads\/2023\/09\/cropped-cropped-qqpets-tiktok.jpg\",\"contentUrl\":\"https:\/\/qqpets.com\/wp-content\/uploads\/2023\/09\/cropped-cropped-qqpets-tiktok.jpg\",\"width\":511,\"height\":511,\"caption\":\"QQPETS\"},\"image\":{\"@id\":\"https:\/\/qqpets.com\/#\/schema\/logo\/image\/\"},\"sameAs\":[\"https:\/\/www.facebook.com\/QQpetsdogcollars\",\"https:\/\/www.instagram.com\/qqpetscollar\/\",\"https:\/\/www.pinterest.com\/qqpetsdogcollarsfactory\/\"]}]}<\/script>\n<!-- \/ Yoast SEO plugin. -->","yoast_head_json":{"title":"Ovratnica Martingale | QQPETS","description":"Vzdr\u017eljiva in ne\u017ena ovratnica Martingale, ki je odli\u010dna za \u0161olanje in nadzor. Prilagodljiva z logotipi ali vzorci, idealna za blagovne znamke B2B, ki \u017eelijo imeti posebne dodatke za hi\u0161ne ljubljen\u010dke.","robots":{"index":"index","follow":"follow","max-snippet":"max-snippet:-1","max-image-preview":"max-image-preview:large","max-video-preview":"max-video-preview:-1"},"canonical":"https:\/\/qqpets.com\/sl\/izdelek\/martingale-collar\/","og_locale":"sl_SI","og_type":"article","og_title":"Martingale Collar | QQPETS","og_description":"Durable and gentle Martingale collar, perfect for training and control. Customizable with logos or patterns, ideal for B2B brands wanting distinct pet accessories.","og_url":"https:\/\/qqpets.com\/sl\/izdelek\/martingale-collar\/","og_site_name":"QQPETS","article_publisher":"https:\/\/www.facebook.com\/QQpetsdogcollars","article_modified_time":"2024-11-14T08:01:00+00:00","og_image":[{"width":800,"height":800,"url":"https:\/\/qqpets.com\/wp-content\/uploads\/2024\/11\/Martingale-Collar2.webp","type":"image\/webp"}],"twitter_card":"summary_large_image","twitter_misc":{"Est. reading time":"1 minuta"},"schema":{"@context":"https:\/\/schema.org","@graph":[{"@type":"WebPage","@id":"https:\/\/qqpets.com\/product\/martingale-collar\/","url":"https:\/\/qqpets.com\/product\/martingale-collar\/","name":"Ovratnica Martingale | QQPETS","isPartOf":{"@id":"https:\/\/qqpets.com\/#website"},"primaryImageOfPage":{"@id":"https:\/\/qqpets.com\/product\/martingale-collar\/#primaryimage"},"image":{"@id":"https:\/\/qqpets.com\/product\/martingale-collar\/#primaryimage"},"thumbnailUrl":"https:\/\/qqpets.com\/wp-content\/uploads\/2024\/11\/Martingale-Collar2.webp","datePublished":"2024-11-14T08:00:43+00:00","dateModified":"2024-11-14T08:01:00+00:00","description":"Vzdr\u017eljiva in ne\u017ena ovratnica Martingale, ki je odli\u010dna za \u0161olanje in nadzor. Prilagodljiva z logotipi ali vzorci, idealna za blagovne znamke B2B, ki \u017eelijo imeti posebne dodatke za hi\u0161ne ljubljen\u010dke.","breadcrumb":{"@id":"https:\/\/qqpets.com\/product\/martingale-collar\/#breadcrumb"},"inLanguage":"sl-SI","potentialAction":[{"@type":"ReadAction","target":["https:\/\/qqpets.com\/product\/martingale-collar\/"]}]},{"@type":"ImageObject","inLanguage":"sl-SI","@id":"https:\/\/qqpets.com\/product\/martingale-collar\/#primaryimage","url":"https:\/\/qqpets.com\/wp-content\/uploads\/2024\/11\/Martingale-Collar2.webp","contentUrl":"https:\/\/qqpets.com\/wp-content\/uploads\/2024\/11\/Martingale-Collar2.webp","width":800,"height":800},{"@type":"BreadcrumbList","@id":"https:\/\/qqpets.com\/product\/martingale-collar\/#breadcrumb","itemListElement":[{"@type":"ListItem","position":1,"name":"Home","item":"https:\/\/qqpets.com\/"},{"@type":"ListItem","position":2,"name":"Products","item":"https:\/\/qqpets.com\/pet-products-manufacturer\/"},{"@type":"ListItem","position":3,"name":"Martingale Collar"}]},{"@type":"WebSite","@id":"https:\/\/qqpets.com\/#website","url":"https:\/\/qqpets.com\/","name":"QQPETS","description":"QQPETS je tovarna izdelkov za hi\u0161ne ljubljen\u010dke za pasje postroje, pasje ovratnice, pasje povodce in pasje dodatke s strokovno prilagojeno storitvijo od leta 2005.","publisher":{"@id":"https:\/\/qqpets.com\/#organization"},"potentialAction":[{"@type":"SearchAction","target":{"@type":"EntryPoint","urlTemplate":"https:\/\/qqpets.com\/?s={search_term_string}"},"query-input":{"@type":"PropertyValueSpecification","valueRequired":true,"valueName":"search_term_string"}}],"inLanguage":"sl-SI"},{"@type":"Organization","@id":"https:\/\/qqpets.com\/#organization","name":"QQPETS","url":"https:\/\/qqpets.com\/","logo":{"@type":"ImageObject","inLanguage":"sl-SI","@id":"https:\/\/qqpets.com\/#\/schema\/logo\/image\/","url":"https:\/\/qqpets.com\/wp-content\/uploads\/2023\/09\/cropped-cropped-qqpets-tiktok.jpg","contentUrl":"https:\/\/qqpets.com\/wp-content\/uploads\/2023\/09\/cropped-cropped-qqpets-tiktok.jpg","width":511,"height":511,"caption":"QQPETS"},"image":{"@id":"https:\/\/qqpets.com\/#\/schema\/logo\/image\/"},"sameAs":["https:\/\/www.facebook.com\/QQpetsdogcollars","https:\/\/www.instagram.com\/qqpetscollar\/","https:\/\/www.pinterest.com\/qqpetsdogcollarsfactory\/"]}]}},"_links":{"self":[{"href":"https:\/\/qqpets.com\/sl\/wp-json\/wp\/v2\/product\/9358","targetHints":{"allow":["GET"]}}],"collection":[{"href":"https:\/\/qqpets.com\/sl\/wp-json\/wp\/v2\/product"}],"about":[{"href":"https:\/\/qqpets.com\/sl\/wp-json\/wp\/v2\/types\/product"}],"wp:featuredmedia":[{"embeddable":true,"href":"https:\/\/qqpets.com\/sl\/wp-json\/wp\/v2\/media\/9360"}],"wp:attachment":[{"href":"https:\/\/qqpets.com\/sl\/wp-json\/wp\/v2\/media?parent=9358"}],"wp:term":[{"taxonomy":"product_brand","embeddable":true,"href":"https:\/\/qqpets.com\/sl\/wp-json\/wp\/v2\/product_brand?post=9358"},{"taxonomy":"product_cat","embeddable":true,"href":"https:\/\/qqpets.com\/sl\/wp-json\/wp\/v2\/product_cat?post=9358"},{"taxonomy":"product_tag","embeddable":true,"href":"https:\/\/qqpets.com\/sl\/wp-json\/wp\/v2\/product_tag?post=9358"}],"curies":[{"name":"wp","href":"https:\/\/api.w.org\/{rel}","templated":true}]}}